{"id":391645,"date":"2023-08-31T19:07:49","date_gmt":"2023-08-31T19:09:56","guid":{"rendered":"https:\/\/hurghadalovers.com\/shop\/nezaraden\u00e9\/prenajom-rychloloda-sahl-hasheesh-do-dolphin-house-paradise-island\/"},"modified":"2026-02-09T09:03:00","modified_gmt":"2026-02-09T09:03:00","slug":"sahl-hasheesh-prenajom-rychlostneho-clunu-do-delfinskeho-domu-paradise-ostrova","status":"publish","type":"product","link":"https:\/\/hurghadalovers.com\/sk\/tours\/sahl-hasheesh-prenajom-rychlostneho-clunu-do-delfinskeho-domu-paradise-ostrova\/","title":{"rendered":"Pren\u00e1jom r\u00fdchlolo\u010fa Sahl Hasheesh do Dolphin House &amp; Paradise Island"},"content":{"rendered":"<p><strong>Pren\u00e1jom r\u00fdchlolod\u00ed<\/strong> <strong>Sahl Hasheesh<\/strong> <strong>do Dolphin House &amp; Paradise Island<\/strong> | S\u00fakromn\u00e9 luxusn\u00e9 r\u00fdchlolode so vstupenkami, \u0161norchlovan\u00edm, n\u00e1pojmi a transferom.<\/p>\n<p style=\"text-align: center;\"><span style=\"color: #008080;\">Najkraj\u0161ie Sahl Hasheesh <strong>Aktivity vhodn\u00e9 pre rodiny,<\/strong> <strong>\u010co robi\u0165 s de\u0165mi<\/strong>, Seniori, <strong>Medov\u00e9 t\u00fd\u017edne<\/strong> a <strong>P\u00e1ry<\/strong>.<\/span><\/p>\n<p><strong>Najd\u00f4le\u017eitej\u0161ie inform\u00e1cie:<\/strong><\/p>\n<ul>\n<li>\u0160norchlovanie a pozorovanie delf\u00ednov na jednom mieste.<\/li>\n<\/ul>\n<ul>\n<li>jedno miesto \u0160norchlovanie House Reef.<\/li>\n<li>2-5 hod\u00edn na pl\u00e1\u017ei Paradise Island.<\/li>\n<\/ul>\n<p><strong>Podrobnosti:<\/strong><\/p>\n<ul>\n<li>Dostupnos\u0165 z\u00e1jazdu: Ka\u017ed\u00fd de\u0148.<\/li>\n<li>Typ z\u00e1jazdu: S\u00fakromn\u00e1.<\/li>\n<li>\u010cas vyzdvihnutia: Od 07:30 alebo od 12:30.<\/li>\n<li>\u010cas vyzdvihnutia: 13:00 alebo 18:00.<\/li>\n<li>Bezbari\u00e9rov\u00fd pr\u00edstup.<\/li>\n<li>Trvanie: 4-5 hod.<\/li>\n<\/ul>\n<p><strong>Rezervujte teraz a pla\u0165te nesk\u00f4r:<\/strong><\/p>\n<ul>\n<li>Hotovos\u0165 na mieste pre sprievodcu.<\/li>\n<li>Platba egyptsk\u00fdmi librami, $, \u20ac alebo \u00a3.<\/li>\n<\/ul>\n<p><strong>Storno podmienky:<\/strong><\/p>\n<ul>\n<li>m\u00f4\u017eete Zru\u0161i\u0165 a\u017e 24 hod\u00edn vopred.<\/li>\n<li>Ke\u010f niekto z va\u0161ej rodiny zru\u0161\u00ed dopoludnie, zaplat\u00ed 50 % n\u00e1kladov.<\/li>\n<\/ul>\n<p><strong>\u010co je s\u00fa\u010das\u0165ou balenia?<\/strong><\/p>\n<ul>\n<li>Transfer z hotelov Sahl Hasheesh &#8222;Hotel pick up and drop off&#8220;.<\/li>\n<li>V\u0161etky dane, vstupn\u00e9 poplatky a manipula\u010dn\u00e9 poplatky.<\/li>\n<li>Miner\u00e1lna voda + Cola.<\/li>\n<li>jedno miesto na \u0161norchlovanie.<\/li>\n<li>\u0160norchlovanie a pozorovanie delf\u00ednov na jednom mieste.<\/li>\n<li>\u0160norchlovacie vybavenie &#8222;Masky a plutvy&#8220;.<\/li>\n<li>2-5 hod\u00edn na <strong>pl\u00e1\u017ei<\/strong> <strong>Paradise Island<\/strong>.<\/li>\n<\/ul>\n<p><strong>Vyl\u00fa\u010denia?<\/strong><\/p>\n<ul>\n<li>Prepitn\u00e9.<\/li>\n<li>N\u00e1poje v re\u0161taur\u00e1cii Paradise Island.<\/li>\n<li>Ak\u00e9ko\u013evek pr\u00edplatky, ktor\u00e9 neboli spomenut\u00e9.<\/li>\n<\/ul>\n<p><strong>Ceny:<\/strong><\/p>\n<ul>\n<li>s l\u00edstkami &#8222;2 osoby&#8220;= 240$.<\/li>\n<li><strong>A\u017e 2 osoby Vstupenka navy\u0161e = 5 USD na osobu.<\/strong><\/li>\n<\/ul>\n<p><strong>Recenzie:<\/strong><\/p>\n<p>skontrolova\u0165 na\u0161e Google Map Recenzie ako najlep\u0161ie <a href=\"https:\/\/g.page\/r\/CUeYvkngP3wkEBM\/review\">Tour Operator v Hurghada<\/a> on-line v <a href=\"https:\/\/hurghadalovers.com\/\">Hurghada<\/a> Egypt.<\/p>\n<p><strong>Rezerv\u00e1cia:<\/strong><\/p>\n<p>Odosla\u0165 hotel + \u010d\u00edslo izby + foto pasov na WhatsApp: <strong>+201112596434<\/strong><\/p>\n<p>Ak ste z Egypta Rezerv\u00e1cia teraz online a potvrdi\u0165 pri pr\u00edchode Hotel.<\/p>\n<p>&nbsp;<\/p>\n<p>&nbsp;<\/p>\n","protected":false},"excerpt":{"rendered":"<p><strong>Pren\u00e1jom r\u00fdchlolod\u00ed<\/strong> <strong>Sahl Hasheesh<\/strong> <strong>do Dolphin House &amp; Paradise Island<\/strong> | S\u00fakromn\u00e9 luxusn\u00e9 r\u00fdchlolode so vstupenkami, \u0161norchlovan\u00edm, n\u00e1pojmi a transferom.<\/p>\n","protected":false},"featured_media":995748,"template":"","meta":{"_joinchat":[]},"product_brand":[],"product_cat":[36669],"product_tag":[52844,49496,52852,52855,52848,52869,52859,52863,52865,52871,52846],"class_list":{"0":"post-391645","1":"product","2":"type-product","3":"status-publish","4":"has-post-thumbnail","6":"product_cat-prehliadky","7":"product_tag-dolphin-house-sahl-hasheesh-sk","8":"product_tag-orange-bay-island-sahl-hasheesh","9":"product_tag-ostrov-giftun-sahl-hasheesh","10":"product_tag-piratska-lod-sahl-hasheesh","11":"product_tag-plavanie-s-delfinmi-sahl-hasheesh","12":"product_tag-prenajom-lodi-sahl-hasheesh","13":"product_tag-rychlostny-cln-sahl-hasheesh","14":"product_tag-sahl-hasheesh-prenajom-lodi","15":"product_tag-sukromna-lod-sahl-hasheesh","16":"product_tag-sukromny-vylet-lodou-sahl-hasheesh","17":"product_tag-vylety-lodou-sahl-hasheesh","18":"tour_category-sahl-hasheesh-vylety","19":"tour_category-vylety-za-snorchlovanim-sahl-hasheesh","21":"first","22":"instock","23":"sale","24":"shipping-taxable","25":"purchasable","26":"product-type-tour"},"yoast_head":"<!-- This site is optimized with the Yoast SEO Premium plugin v26.9 (Yoast SEO v27.2) - https:\/\/yoast.com\/product\/yoast-seo-premium-wordpress\/ -->\n<title>Sahl Hasheesh Pren\u00e1jom r\u00fdchlostn\u00fdch \u010dlnov do Dolphin House &amp; Paradise<\/title>\n<meta name=\"description\" content=\"Pren\u00e1jom r\u00fdchlolod\u00ed Sahl Hasheesh do Dolphin House &amp; Paradise Island | S\u00fakromn\u00e9 luxusn\u00e9 r\u00fdchlolode so vstupenkami, \u0161norchlovan\u00edm, n\u00e1pojmi a transferom.\" \/>\n<meta name=\"robots\" content=\"index, follow, max-snippet:-1, max-image-preview:large, max-video-preview:-1\" \/>\n<link rel=\"canonical\" href=\"https:\/\/hurghadalovers.com\/sk\/tours\/sahl-hasheesh-prenajom-rychlostneho-clunu-do-delfinskeho-domu-paradise-ostrova\/\" \/>\n<meta property=\"og:locale\" content=\"sk_SK\" \/>\n<meta property=\"og:type\" content=\"article\" \/>\n<meta property=\"og:title\" content=\"Pren\u00e1jom r\u00fdchlolo\u010fa Sahl Hasheesh do Dolphin House &amp; Paradise Island\" \/>\n<meta property=\"og:description\" content=\"Pren\u00e1jom r\u00fdchlolod\u00ed Sahl Hasheesh do Dolphin House &amp; Paradise Island | S\u00fakromn\u00e9 luxusn\u00e9 r\u00fdchlolode so vstupenkami, \u0161norchlovan\u00edm, n\u00e1pojmi a transferom.\" \/>\n<meta property=\"og:url\" content=\"https:\/\/hurghadalovers.com\/sk\/tours\/sahl-hasheesh-prenajom-rychlostneho-clunu-do-delfinskeho-domu-paradise-ostrova\/\" \/>\n<meta property=\"og:site_name\" content=\"Hurghada Excursions &amp; Day Trips | Booking Best Prices Tours\" \/>\n<meta property=\"article:publisher\" content=\"https:\/\/www.facebook.com\/Hurghadaloversegypt\" \/>\n<meta property=\"article:modified_time\" content=\"2026-02-09T09:03:00+00:00\" \/>\n<meta property=\"og:image\" content=\"https:\/\/hurghadalovers.com\/wp-content\/uploads\/2023\/07\/Turtles-bay-Abu-Dabbab-Marsa-aLam.jpg\" \/>\n\t<meta property=\"og:image:width\" content=\"1111\" \/>\n\t<meta property=\"og:image:height\" content=\"609\" \/>\n\t<meta property=\"og:image:type\" content=\"image\/jpeg\" \/>\n<meta name=\"twitter:card\" content=\"summary_large_image\" \/>\n<meta name=\"twitter:label1\" content=\"Cena\" \/>\n\t<meta name=\"twitter:data1\" content=\"&euro;&nbsp;90\" \/>\n\t<meta name=\"twitter:label2\" content=\"Dostupnos\u0165\" \/>\n\t<meta name=\"twitter:data2\" content=\"Na sklade\" \/>\n<script type=\"application\/ld+json\" class=\"yoast-schema-graph\">{\"@context\":\"https:\/\/schema.org\",\"@graph\":[{\"@type\":[\"WebPage\",\"ItemPage\"],\"@id\":\"https:\/\/hurghadalovers.com\/sk\/tours\/sahl-hasheesh-prenajom-rychlostneho-clunu-do-delfinskeho-domu-paradise-ostrova\/\",\"url\":\"https:\/\/hurghadalovers.com\/sk\/tours\/sahl-hasheesh-prenajom-rychlostneho-clunu-do-delfinskeho-domu-paradise-ostrova\/\",\"name\":\"Sahl Hasheesh Pren\u00e1jom r\u00fdchlostn\u00fdch \u010dlnov do Dolphin House & Paradise\",\"isPartOf\":{\"@id\":\"https:\/\/hurghadalovers.com\/sk\/#website\"},\"primaryImageOfPage\":{\"@id\":\"https:\/\/hurghadalovers.com\/sk\/tours\/sahl-hasheesh-prenajom-rychlostneho-clunu-do-delfinskeho-domu-paradise-ostrova\/#primaryimage\"},\"image\":{\"@id\":\"https:\/\/hurghadalovers.com\/sk\/tours\/sahl-hasheesh-prenajom-rychlostneho-clunu-do-delfinskeho-domu-paradise-ostrova\/#primaryimage\"},\"thumbnailUrl\":\"https:\/\/hurghadalovers.com\/wp-content\/uploads\/2023\/07\/Turtles-bay-Abu-Dabbab-Marsa-aLam.jpg\",\"datePublished\":\"2023-08-31T19:09:56+00:00\",\"dateModified\":\"2026-02-09T09:03:00+00:00\",\"description\":\"Pren\u00e1jom r\u00fdchlolod\u00ed Sahl Hasheesh do Dolphin House & Paradise Island | S\u00fakromn\u00e9 luxusn\u00e9 r\u00fdchlolode so vstupenkami, \u0161norchlovan\u00edm, n\u00e1pojmi a transferom.\",\"breadcrumb\":{\"@id\":\"https:\/\/hurghadalovers.com\/sk\/tours\/sahl-hasheesh-prenajom-rychlostneho-clunu-do-delfinskeho-domu-paradise-ostrova\/#breadcrumb\"},\"inLanguage\":\"sk-SK\",\"potentialAction\":[{\"@type\":\"ReadAction\",\"target\":[\"https:\/\/hurghadalovers.com\/sk\/tours\/sahl-hasheesh-prenajom-rychlostneho-clunu-do-delfinskeho-domu-paradise-ostrova\/\"]}]},{\"@type\":\"ImageObject\",\"inLanguage\":\"sk-SK\",\"@id\":\"https:\/\/hurghadalovers.com\/sk\/tours\/sahl-hasheesh-prenajom-rychlostneho-clunu-do-delfinskeho-domu-paradise-ostrova\/#primaryimage\",\"url\":\"https:\/\/hurghadalovers.com\/wp-content\/uploads\/2023\/07\/Turtles-bay-Abu-Dabbab-Marsa-aLam.jpg\",\"contentUrl\":\"https:\/\/hurghadalovers.com\/wp-content\/uploads\/2023\/07\/Turtles-bay-Abu-Dabbab-Marsa-aLam.jpg\",\"width\":1111,\"height\":609,\"caption\":\"Turtles-bay-Abu-Dabbab-Marsa-aLam\"},{\"@type\":\"BreadcrumbList\",\"@id\":\"https:\/\/hurghadalovers.com\/sk\/tours\/sahl-hasheesh-prenajom-rychlostneho-clunu-do-delfinskeho-domu-paradise-ostrova\/#breadcrumb\",\"itemListElement\":[{\"@type\":\"ListItem\",\"position\":1,\"name\":\"Home\",\"item\":\"https:\/\/hurghadalovers.com\/sk\/\"},{\"@type\":\"ListItem\",\"position\":2,\"name\":\"Shop\",\"item\":\"https:\/\/hurghadalovers.com\/shop\/\"},{\"@type\":\"ListItem\",\"position\":3,\"name\":\"Pren\u00e1jom r\u00fdchlolo\u010fa Sahl Hasheesh do Dolphin House &amp; Paradise Island\"}]},{\"@type\":\"WebSite\",\"@id\":\"https:\/\/hurghadalovers.com\/sk\/#website\",\"url\":\"https:\/\/hurghadalovers.com\/sk\/\",\"name\":\"Hurghada Excursions & Day Trips | Booking Best Prices Tours\",\"description\":\"Hurghada Lovers - Best Tour Operator - Excursions &amp; Things to do for Family Day Trips with kids and Couples Romantic. Unique .Hidden gems\",\"publisher\":{\"@id\":\"https:\/\/hurghadalovers.com\/sk\/#organization\"},\"alternateName\":\"Hurghada Excursions\",\"potentialAction\":[{\"@type\":\"SearchAction\",\"target\":{\"@type\":\"EntryPoint\",\"urlTemplate\":\"https:\/\/hurghadalovers.com\/sk\/?s={search_term_string}\"},\"query-input\":{\"@type\":\"PropertyValueSpecification\",\"valueRequired\":true,\"valueName\":\"search_term_string\"}}],\"inLanguage\":\"sk-SK\"},{\"@type\":[\"Organization\",\"Place\",\"TravelAgency\"],\"@id\":\"https:\/\/hurghadalovers.com\/sk\/#organization\",\"name\":\"Hurghada Excursions\",\"url\":\"https:\/\/hurghadalovers.com\/sk\/\",\"logo\":{\"@id\":\"https:\/\/hurghadalovers.com\/sk\/tours\/sahl-hasheesh-prenajom-rychlostneho-clunu-do-delfinskeho-domu-paradise-ostrova\/#local-main-organization-logo\"},\"image\":{\"@id\":\"https:\/\/hurghadalovers.com\/sk\/tours\/sahl-hasheesh-prenajom-rychlostneho-clunu-do-delfinskeho-domu-paradise-ostrova\/#local-main-organization-logo\"},\"sameAs\":[\"https:\/\/www.facebook.com\/Hurghadaloversegypt\"],\"address\":{\"@id\":\"https:\/\/hurghadalovers.com\/sk\/tours\/sahl-hasheesh-prenajom-rychlostneho-clunu-do-delfinskeho-domu-paradise-ostrova\/#local-main-place-address\"},\"telephone\":[\"00201112596434\"],\"contactPoint\":{\"@type\":\"ContactPoint\",\"telephone\":\"00201112596434\",\"email\":\"weyouface@gmail.com\"},\"openingHoursSpecification\":{\"@type\":\"OpeningHoursSpecification\",\"dayOfWeek\":[\"Monday\",\"Tuesday\",\"Wednesday\",\"Thursday\",\"Friday\",\"Saturday\",\"Sunday\"],\"opens\":\"00:00\",\"closes\":\"23:59\"},\"email\":\"weyouface@gmail.com\",\"areaServed\":\"Luxor, Hurghada, El Gouna, Aswan, Sharm El Sheikh, Giza, Alexandria, Marsa Alam, Quseir, Soma Bay, Sahl Hasheesh, Red Sea, Makadi Bay, Cairo\",\"priceRange\":\"$\",\"currenciesAccepted\":\"euro\",\"paymentAccepted\":\"cash on site\"},{\"@type\":\"PostalAddress\",\"@id\":\"https:\/\/hurghadalovers.com\/sk\/tours\/sahl-hasheesh-prenajom-rychlostneho-clunu-do-delfinskeho-domu-paradise-ostrova\/#local-main-place-address\",\"streetAddress\":\"17 Banks street, Alkawther area, top nbk bank\",\"addressLocality\":\"hurghada\",\"postalCode\":\"84511\",\"addressRegion\":\"red sea\",\"addressCountry\":\"EG\"},{\"@type\":\"ImageObject\",\"inLanguage\":\"sk-SK\",\"@id\":\"https:\/\/hurghadalovers.com\/sk\/tours\/sahl-hasheesh-prenajom-rychlostneho-clunu-do-delfinskeho-domu-paradise-ostrova\/#local-main-organization-logo\",\"url\":\"https:\/\/hurghadalovers.com\/wp-content\/uploads\/2019\/10\/hurghada-excursions-logo.png\",\"contentUrl\":\"https:\/\/hurghadalovers.com\/wp-content\/uploads\/2019\/10\/hurghada-excursions-logo.png\",\"width\":272,\"height\":90,\"caption\":\"Hurghada Excursions\"}]}<\/script>\n<meta property=\"product:brand\" content=\"Fakultat\u00edvne V\u00fdlety Sahl Hasheesh\" \/>\n<meta property=\"product:price:amount\" content=\"90\" \/>\n<meta property=\"product:price:currency\" content=\"EUR\" \/>\n<meta property=\"og:availability\" content=\"instock\" \/>\n<meta property=\"product:availability\" content=\"instock\" \/>\n<meta property=\"product:retailer_item_id\" content=\"Sahl402024\" \/>\n<meta property=\"product:condition\" content=\"new\" \/>\n<meta name=\"geo.placename\" content=\"hurghada\" \/>\n<meta name=\"geo.region\" content=\"Egypt\" \/>\n<!-- \/ Yoast SEO Premium plugin. -->","yoast_head_json":{"title":"Sahl Hasheesh Pren\u00e1jom r\u00fdchlostn\u00fdch \u010dlnov do Dolphin House & Paradise","description":"Pren\u00e1jom r\u00fdchlolod\u00ed Sahl Hasheesh do Dolphin House & Paradise Island | S\u00fakromn\u00e9 luxusn\u00e9 r\u00fdchlolode so vstupenkami, \u0161norchlovan\u00edm, n\u00e1pojmi a transferom.","robots":{"index":"index","follow":"follow","max-snippet":"max-snippet:-1","max-image-preview":"max-image-preview:large","max-video-preview":"max-video-preview:-1"},"canonical":"https:\/\/hurghadalovers.com\/sk\/tours\/sahl-hasheesh-prenajom-rychlostneho-clunu-do-delfinskeho-domu-paradise-ostrova\/","og_locale":"sk_SK","og_type":"article","og_title":"Pren\u00e1jom r\u00fdchlolo\u010fa Sahl Hasheesh do Dolphin House &amp; Paradise Island","og_description":"Pren\u00e1jom r\u00fdchlolod\u00ed Sahl Hasheesh do Dolphin House & Paradise Island | S\u00fakromn\u00e9 luxusn\u00e9 r\u00fdchlolode so vstupenkami, \u0161norchlovan\u00edm, n\u00e1pojmi a transferom.","og_url":"https:\/\/hurghadalovers.com\/sk\/tours\/sahl-hasheesh-prenajom-rychlostneho-clunu-do-delfinskeho-domu-paradise-ostrova\/","og_site_name":"Hurghada Excursions &amp; Day Trips | Booking Best Prices Tours","article_publisher":"https:\/\/www.facebook.com\/Hurghadaloversegypt","article_modified_time":"2026-02-09T09:03:00+00:00","og_image":[{"width":1111,"height":609,"url":"https:\/\/hurghadalovers.com\/wp-content\/uploads\/2023\/07\/Turtles-bay-Abu-Dabbab-Marsa-aLam.jpg","type":"image\/jpeg"}],"twitter_card":"summary_large_image","twitter_misc":{"Cena":"&euro;&nbsp;90","Dostupnos\u0165":"Na sklade"},"schema":{"@context":"https:\/\/schema.org","@graph":[{"@type":["WebPage","ItemPage"],"@id":"https:\/\/hurghadalovers.com\/sk\/tours\/sahl-hasheesh-prenajom-rychlostneho-clunu-do-delfinskeho-domu-paradise-ostrova\/","url":"https:\/\/hurghadalovers.com\/sk\/tours\/sahl-hasheesh-prenajom-rychlostneho-clunu-do-delfinskeho-domu-paradise-ostrova\/","name":"Sahl Hasheesh Pren\u00e1jom r\u00fdchlostn\u00fdch \u010dlnov do Dolphin House & Paradise","isPartOf":{"@id":"https:\/\/hurghadalovers.com\/sk\/#website"},"primaryImageOfPage":{"@id":"https:\/\/hurghadalovers.com\/sk\/tours\/sahl-hasheesh-prenajom-rychlostneho-clunu-do-delfinskeho-domu-paradise-ostrova\/#primaryimage"},"image":{"@id":"https:\/\/hurghadalovers.com\/sk\/tours\/sahl-hasheesh-prenajom-rychlostneho-clunu-do-delfinskeho-domu-paradise-ostrova\/#primaryimage"},"thumbnailUrl":"https:\/\/hurghadalovers.com\/wp-content\/uploads\/2023\/07\/Turtles-bay-Abu-Dabbab-Marsa-aLam.jpg","datePublished":"2023-08-31T19:09:56+00:00","dateModified":"2026-02-09T09:03:00+00:00","description":"Pren\u00e1jom r\u00fdchlolod\u00ed Sahl Hasheesh do Dolphin House & Paradise Island | S\u00fakromn\u00e9 luxusn\u00e9 r\u00fdchlolode so vstupenkami, \u0161norchlovan\u00edm, n\u00e1pojmi a transferom.","breadcrumb":{"@id":"https:\/\/hurghadalovers.com\/sk\/tours\/sahl-hasheesh-prenajom-rychlostneho-clunu-do-delfinskeho-domu-paradise-ostrova\/#breadcrumb"},"inLanguage":"sk-SK","potentialAction":[{"@type":"ReadAction","target":["https:\/\/hurghadalovers.com\/sk\/tours\/sahl-hasheesh-prenajom-rychlostneho-clunu-do-delfinskeho-domu-paradise-ostrova\/"]}]},{"@type":"ImageObject","inLanguage":"sk-SK","@id":"https:\/\/hurghadalovers.com\/sk\/tours\/sahl-hasheesh-prenajom-rychlostneho-clunu-do-delfinskeho-domu-paradise-ostrova\/#primaryimage","url":"https:\/\/hurghadalovers.com\/wp-content\/uploads\/2023\/07\/Turtles-bay-Abu-Dabbab-Marsa-aLam.jpg","contentUrl":"https:\/\/hurghadalovers.com\/wp-content\/uploads\/2023\/07\/Turtles-bay-Abu-Dabbab-Marsa-aLam.jpg","width":1111,"height":609,"caption":"Turtles-bay-Abu-Dabbab-Marsa-aLam"},{"@type":"BreadcrumbList","@id":"https:\/\/hurghadalovers.com\/sk\/tours\/sahl-hasheesh-prenajom-rychlostneho-clunu-do-delfinskeho-domu-paradise-ostrova\/#breadcrumb","itemListElement":[{"@type":"ListItem","position":1,"name":"Home","item":"https:\/\/hurghadalovers.com\/sk\/"},{"@type":"ListItem","position":2,"name":"Shop","item":"https:\/\/hurghadalovers.com\/shop\/"},{"@type":"ListItem","position":3,"name":"Pren\u00e1jom r\u00fdchlolo\u010fa Sahl Hasheesh do Dolphin House &amp; Paradise Island"}]},{"@type":"WebSite","@id":"https:\/\/hurghadalovers.com\/sk\/#website","url":"https:\/\/hurghadalovers.com\/sk\/","name":"Hurghada Excursions & Day Trips | Booking Best Prices Tours","description":"Hurghada Lovers - Best Tour Operator - Excursions &amp; Things to do for Family Day Trips with kids and Couples Romantic. Unique .Hidden gems","publisher":{"@id":"https:\/\/hurghadalovers.com\/sk\/#organization"},"alternateName":"Hurghada Excursions","potentialAction":[{"@type":"SearchAction","target":{"@type":"EntryPoint","urlTemplate":"https:\/\/hurghadalovers.com\/sk\/?s={search_term_string}"},"query-input":{"@type":"PropertyValueSpecification","valueRequired":true,"valueName":"search_term_string"}}],"inLanguage":"sk-SK"},{"@type":["Organization","Place","TravelAgency"],"@id":"https:\/\/hurghadalovers.com\/sk\/#organization","name":"Hurghada Excursions","url":"https:\/\/hurghadalovers.com\/sk\/","logo":{"@id":"https:\/\/hurghadalovers.com\/sk\/tours\/sahl-hasheesh-prenajom-rychlostneho-clunu-do-delfinskeho-domu-paradise-ostrova\/#local-main-organization-logo"},"image":{"@id":"https:\/\/hurghadalovers.com\/sk\/tours\/sahl-hasheesh-prenajom-rychlostneho-clunu-do-delfinskeho-domu-paradise-ostrova\/#local-main-organization-logo"},"sameAs":["https:\/\/www.facebook.com\/Hurghadaloversegypt"],"address":{"@id":"https:\/\/hurghadalovers.com\/sk\/tours\/sahl-hasheesh-prenajom-rychlostneho-clunu-do-delfinskeho-domu-paradise-ostrova\/#local-main-place-address"},"telephone":["00201112596434"],"contactPoint":{"@type":"ContactPoint","telephone":"00201112596434","email":"weyouface@gmail.com"},"openingHoursSpecification":{"@type":"OpeningHoursSpecification","dayOfWeek":["Monday","Tuesday","Wednesday","Thursday","Friday","Saturday","Sunday"],"opens":"00:00","closes":"23:59"},"email":"weyouface@gmail.com","areaServed":"Luxor, Hurghada, El Gouna, Aswan, Sharm El Sheikh, Giza, Alexandria, Marsa Alam, Quseir, Soma Bay, Sahl Hasheesh, Red Sea, Makadi Bay, Cairo","priceRange":"$","currenciesAccepted":"euro","paymentAccepted":"cash on site"},{"@type":"PostalAddress","@id":"https:\/\/hurghadalovers.com\/sk\/tours\/sahl-hasheesh-prenajom-rychlostneho-clunu-do-delfinskeho-domu-paradise-ostrova\/#local-main-place-address","streetAddress":"17 Banks street, Alkawther area, top nbk bank","addressLocality":"hurghada","postalCode":"84511","addressRegion":"red sea","addressCountry":"EG"},{"@type":"ImageObject","inLanguage":"sk-SK","@id":"https:\/\/hurghadalovers.com\/sk\/tours\/sahl-hasheesh-prenajom-rychlostneho-clunu-do-delfinskeho-domu-paradise-ostrova\/#local-main-organization-logo","url":"https:\/\/hurghadalovers.com\/wp-content\/uploads\/2019\/10\/hurghada-excursions-logo.png","contentUrl":"https:\/\/hurghadalovers.com\/wp-content\/uploads\/2019\/10\/hurghada-excursions-logo.png","width":272,"height":90,"caption":"Hurghada Excursions"}]},"product_brand":"Fakultat\u00edvne V\u00fdlety Sahl Hasheesh","product_price_amount":"90","product_price_currency":"EUR","og_availability":"instock","product_availability":"instock","product_retailer_item_id":"Sahl402024","product_condition":"new","geo.placename":"hurghada","geo.region":"Egypt"},"_links":{"self":[{"href":"https:\/\/hurghadalovers.com\/sk\/wp-json\/wp\/v2\/product\/391645","targetHints":{"allow":["GET"]}}],"collection":[{"href":"https:\/\/hurghadalovers.com\/sk\/wp-json\/wp\/v2\/product"}],"about":[{"href":"https:\/\/hurghadalovers.com\/sk\/wp-json\/wp\/v2\/types\/product"}],"wp:featuredmedia":[{"embeddable":true,"href":"https:\/\/hurghadalovers.com\/sk\/wp-json\/wp\/v2\/media\/995748"}],"wp:attachment":[{"href":"https:\/\/hurghadalovers.com\/sk\/wp-json\/wp\/v2\/media?parent=391645"}],"wp:term":[{"taxonomy":"product_brand","embeddable":true,"href":"https:\/\/hurghadalovers.com\/sk\/wp-json\/wp\/v2\/product_brand?post=391645"},{"taxonomy":"product_cat","embeddable":true,"href":"https:\/\/hurghadalovers.com\/sk\/wp-json\/wp\/v2\/product_cat?post=391645"},{"taxonomy":"product_tag","embeddable":true,"href":"https:\/\/hurghadalovers.com\/sk\/wp-json\/wp\/v2\/product_tag?post=391645"}],"curies":[{"name":"wp","href":"https:\/\/api.w.org\/{rel}","templated":true}]}}