{"id":391357,"date":"2023-08-31T18:12:32","date_gmt":"2023-08-31T18:14:59","guid":{"rendered":"https:\/\/hurghadalovers.com\/shop\/nezaraden\u00e9\/vylet-lodou-na-snorchlovanie-sahl-hasheesh\/"},"modified":"2026-02-09T20:42:47","modified_gmt":"2026-02-09T20:42:47","slug":"sahl-hasheesh-snorkeling-boat-trip","status":"publish","type":"product","link":"https:\/\/hurghadalovers.com\/sk\/tours\/sahl-hasheesh-snorkeling-boat-trip\/","title":{"rendered":"V\u00fdlet lo\u010fou na \u0161norchlovanie Sahl Hasheesh"},"content":{"rendered":"<p><strong>V\u00fdlet lo\u010fou<\/strong> na <strong>Sahl Hasheesh<\/strong> so <strong>\u0161norchlovan\u00edm,<\/strong> vodn\u00fdmi \u0161portmi a obedom, transfer.<\/p>\n<p style=\"text-align: center;\"><span style=\"color: #008080;\">Najkraj\u0161ie Sahl Hasheesh <strong>Aktivity vhodn\u00e9 pre rodiny,<\/strong> <strong>\u010co robi\u0165 s de\u0165mi<\/strong>, Seniori, <strong>Medov\u00e9 t\u00fd\u017edne<\/strong> a <strong>P\u00e1ry<\/strong>.<\/span><\/p>\n<p><strong>Najd\u00f4le\u017eitej\u0161ie inform\u00e1cie:<\/strong><\/p>\n<ul>\n<li>2 miesta \u0160norchlovanie Dom \u00fates.<\/li>\n<li>Vodn\u00e9 \u0161porty &#8222;Ban\u00e1n a Quattro&#8220;.<\/li>\n<\/ul>\n<p><strong>Podrobnosti:<\/strong><\/p>\n<ul>\n<li>Dostupnos\u0165 z\u00e1jazdu: Ka\u017ed\u00fd de\u0148.<\/li>\n<li>Typ z\u00e1jazdu: Skupina.<\/li>\n<li>\u010cas vyzdvihnutia: Od 07:30 hod.<\/li>\n<li>\u010cas vyzdvihnutia: 17:00.<\/li>\n<li>Bezbari\u00e9rov\u00fd pr\u00edstup.<\/li>\n<li>Trvanie: 8 hod\u00edn.<\/li>\n<\/ul>\n<p><strong>Rezervujte teraz a pla\u0165te nesk\u00f4r:<\/strong><\/p>\n<ul>\n<li>Hotovos\u0165 na mieste pre sprievodcu.<\/li>\n<li>Platba egyptsk\u00fdmi librami, $, \u20ac alebo \u00a3.<\/li>\n<\/ul>\n<p><strong>Storno podmienky:<\/strong><\/p>\n<ul>\n<li>m\u00f4\u017eete Zru\u0161i\u0165 a\u017e 24 hod\u00edn vopred.<\/li>\n<li>Ke\u010f niekto z va\u0161ej rodiny zru\u0161\u00ed dopoludnie, zaplat\u00ed 50 % n\u00e1kladov.<\/li>\n<\/ul>\n<p><strong>\u010co je s\u00fa\u010das\u0165ou balenia?<\/strong><\/p>\n<ul>\n<li>Transfer z hotelov Sahl Hasheesh &#8222;Hotel pick up and drop off&#8220;.<\/li>\n<li>V\u0161etky dane, vstupn\u00e9 poplatky a manipula\u010dn\u00e9 poplatky.<\/li>\n<li>Sprievodca.<\/li>\n<li>Miner\u00e1lna voda + kola + mlieko + k\u00e1va\/\u010daj.<\/li>\n<li>2 miesta na \u0161norchlovanie<\/li>\n<li>Vodn\u00e9 \u0161porty &#8222;Ban\u00e1n, Pohovka lo\u010f&#8220;.<\/li>\n<li>\u0160norchlovacie vybavenie &#8222;Masky a plutvy&#8220;.<\/li>\n<li>obed formou bufetu na lodi.<\/li>\n<li>Z\u00e1chrann\u00e9 vesty.<\/li>\n<\/ul>\n<p><strong>Vyl\u00fa\u010denia?<\/strong><\/p>\n<ul>\n<li>Prepitn\u00e9.<\/li>\n<li>Fotografovanie a fotografie na cestu.<\/li>\n<li>Pon\u00fakame pren\u00e1jom plaviek pre \u017eeny, mu\u017eov, deti v\u0161etk\u00fdch ve\u013ekost\u00ed &#8222;5$ za jeden&#8220;.<\/li>\n<li>Ak\u00e9ko\u013evek pr\u00edplatky, ktor\u00e9 neboli spomenut\u00e9.<\/li>\n<\/ul>\n<p><strong>Ceny:<\/strong><\/p>\n<ul>\n<li><strong>Cena pre dospel\u00fdch = 30 USD na osobu<\/strong>.<\/li>\n<li>Cena pre deti &#8222;3-10&#8220; = 50%.<\/li>\n<li>pre deti &#8222;0-3&#8220; = zadarmo.<\/li>\n<\/ul>\n<p><strong>Recenzie:<\/strong><\/p>\n<p>skontrolova\u0165 na\u0161e Google Map Recenzie ako najlep\u0161ie <a href=\"https:\/\/g.page\/r\/CUeYvkngP3wkEBM\/review\">Tour Operator v Hurghada<\/a> on-line v <a href=\"https:\/\/hurghadalovers.com\/\">Hurghada<\/a> Egypt.<\/p>\n<p>&nbsp;<\/p>\n<p><strong>Rezerv\u00e1cia:<\/strong><\/p>\n<p>Odosla\u0165 hotel + \u010d\u00edslo izby + foto pasov na WhatsApp: <strong>+201112596434<\/strong><\/p>\n<p>Ak ste z Egypta Rezerv\u00e1cia teraz online a potvrdi\u0165 pri pr\u00edchode Hotel.<\/p>\n<p>&nbsp;<\/p>\n<p>&nbsp;<\/p>\n","protected":false},"excerpt":{"rendered":"<p><strong>V\u00fdlet lo\u010fou<\/strong> na <strong>Sahl Hasheesh<\/strong> so <strong>\u0161norchlovan\u00edm,<\/strong> vodn\u00fdmi \u0161portmi a obedom, transfer.<\/p>\n<p style=\"text-align: center;\"><span style=\"color: #008080;\">Najkraj\u0161ie Sahl Hasheesh <strong>Aktivity vhodn\u00e9 pre rodiny,<\/strong> <strong>\u010co robi\u0165 s de\u0165mi<\/strong>, Seniori, <strong>Medov\u00e9 t\u00fd\u017edne<\/strong> a <strong>P\u00e1ry<\/strong>.<\/span><\/p>\n<p>&nbsp;<\/p>\n","protected":false},"featured_media":391169,"template":"","meta":{"_joinchat":[]},"product_brand":[],"product_cat":[36669],"product_tag":[49961,49963,52844,49962,52852,52842,52855,52848,52839,52869,52841,49964,52799,52859,49967,49968,52863,52797,52865,52871,52846,52836],"class_list":{"0":"post-391357","1":"product","2":"type-product","3":"status-publish","4":"has-post-thumbnail","6":"product_cat-prehliadky","7":"product_tag-celodenne-vylety-zo-sahl-hasheesh","8":"product_tag-celodenne-vylety-zo-sahl-hasheesh-sk","9":"product_tag-dolphin-house-sahl-hasheesh-sk","10":"product_tag-miesta-na-navstevu-v-sahl-hasheesh","11":"product_tag-ostrov-giftun-sahl-hasheesh","12":"product_tag-ostrov-orange-bay-sahl-hasheesh","13":"product_tag-piratska-lod-sahl-hasheesh","14":"product_tag-plavanie-s-delfinmi-sahl-hasheesh","15":"product_tag-potapanie-sahl-hasheesh","16":"product_tag-prenajom-lodi-sahl-hasheesh","17":"product_tag-rajsky-ostrov-sahl-hasheesh","18":"product_tag-romanticke-aktivity-pre-pary-v-sahl-hasheesh","19":"product_tag-romanticke-aktivity-v-sahl-hasheesh","20":"product_tag-rychlostny-cln-sahl-hasheesh","21":"product_tag-sahl-hasheesh-aktivity-pre-rodiny","22":"product_tag-sahl-hasheesh-prehliadky-pre-deti","23":"product_tag-sahl-hasheesh-prenajom-lodi","24":"product_tag-sahl-hasheesh-romanticke-vylety","25":"product_tag-sukromna-lod-sahl-hasheesh","26":"product_tag-sukromny-vylet-lodou-sahl-hasheesh","27":"product_tag-vylety-lodou-sahl-hasheesh","28":"product_tag-vylety-za-snorchlovanim-sahl-hasheesh","29":"tour_category-sahl-hasheesh-vylety","30":"tour_category-vylety-za-snorchlovanim-sahl-hasheesh","32":"first","33":"instock","34":"sale","35":"shipping-taxable","36":"purchasable","37":"product-type-tour"},"yoast_head":"<!-- This site is optimized with the Yoast SEO Premium plugin v26.9 (Yoast SEO v27.2) - https:\/\/yoast.com\/product\/yoast-seo-premium-wordpress\/ -->\n<title>V\u00fdlet lo\u010fou na Sahl Hasheesh so \u0161norchlovan\u00edm a vodn\u00fdmi \u0161portmi<\/title>\n<meta name=\"description\" content=\"V\u00fdlet lo\u010fou na Sahl Hasheesh so \u0161norchlovan\u00edm, vodn\u00fdmi \u0161portmi a obedom, transfer. Najkraj\u0161ie aktivity pre rodiny, \u010co robi\u0165 s de\u0165mi, Sahl Hasheesh\" \/>\n<meta name=\"robots\" content=\"index, follow, max-snippet:-1, max-image-preview:large, max-video-preview:-1\" \/>\n<link rel=\"canonical\" href=\"https:\/\/hurghadalovers.com\/sk\/tours\/sahl-hasheesh-snorkeling-boat-trip\/\" \/>\n<meta property=\"og:locale\" content=\"sk_SK\" \/>\n<meta property=\"og:type\" content=\"article\" \/>\n<meta property=\"og:title\" content=\"V\u00fdlet lo\u010fou na \u0161norchlovanie Sahl Hasheesh\" \/>\n<meta property=\"og:description\" content=\"V\u00fdlet lo\u010fou na Sahl Hasheesh so \u0161norchlovan\u00edm, vodn\u00fdmi \u0161portmi a obedom, transfer. Najkraj\u0161ie aktivity pre rodiny, \u010co robi\u0165 s de\u0165mi, Sahl Hasheesh\" \/>\n<meta property=\"og:url\" content=\"https:\/\/hurghadalovers.com\/sk\/tours\/sahl-hasheesh-snorkeling-boat-trip\/\" \/>\n<meta property=\"og:site_name\" content=\"Hurghada Excursions &amp; Day Trips | Booking Best Prices Tours\" \/>\n<meta property=\"article:publisher\" content=\"https:\/\/www.facebook.com\/Hurghadaloversegypt\" \/>\n<meta property=\"article:modified_time\" content=\"2026-02-09T20:42:47+00:00\" \/>\n<meta property=\"og:image\" content=\"https:\/\/hurghadalovers.com\/wp-content\/uploads\/2023\/08\/Sahl-Hasheesh-Snorkeling-Boat-Trip.jpeg\" \/>\n\t<meta property=\"og:image:width\" content=\"1156\" \/>\n\t<meta property=\"og:image:height\" content=\"867\" \/>\n\t<meta property=\"og:image:type\" content=\"image\/jpeg\" \/>\n<meta name=\"twitter:card\" content=\"summary_large_image\" \/>\n<meta name=\"twitter:label1\" content=\"Cena\" \/>\n\t<meta name=\"twitter:data1\" content=\"&euro;&nbsp;30\" \/>\n\t<meta name=\"twitter:label2\" content=\"Dostupnos\u0165\" \/>\n\t<meta name=\"twitter:data2\" content=\"Na sklade\" \/>\n<script type=\"application\/ld+json\" class=\"yoast-schema-graph\">{\"@context\":\"https:\/\/schema.org\",\"@graph\":[{\"@type\":[\"WebPage\",\"ItemPage\"],\"@id\":\"https:\/\/hurghadalovers.com\/sk\/tours\/sahl-hasheesh-snorkeling-boat-trip\/\",\"url\":\"https:\/\/hurghadalovers.com\/sk\/tours\/sahl-hasheesh-snorkeling-boat-trip\/\",\"name\":\"V\u00fdlet lo\u010fou na Sahl Hasheesh so \u0161norchlovan\u00edm a vodn\u00fdmi \u0161portmi\",\"isPartOf\":{\"@id\":\"https:\/\/hurghadalovers.com\/sk\/#website\"},\"primaryImageOfPage\":{\"@id\":\"https:\/\/hurghadalovers.com\/sk\/tours\/sahl-hasheesh-snorkeling-boat-trip\/#primaryimage\"},\"image\":{\"@id\":\"https:\/\/hurghadalovers.com\/sk\/tours\/sahl-hasheesh-snorkeling-boat-trip\/#primaryimage\"},\"thumbnailUrl\":\"https:\/\/hurghadalovers.com\/wp-content\/uploads\/2023\/08\/Sahl-Hasheesh-Snorkeling-Boat-Trip.jpeg\",\"datePublished\":\"2023-08-31T18:14:59+00:00\",\"dateModified\":\"2026-02-09T20:42:47+00:00\",\"description\":\"V\u00fdlet lo\u010fou na Sahl Hasheesh so \u0161norchlovan\u00edm, vodn\u00fdmi \u0161portmi a obedom, transfer. Najkraj\u0161ie aktivity pre rodiny, \u010co robi\u0165 s de\u0165mi, Sahl Hasheesh\",\"breadcrumb\":{\"@id\":\"https:\/\/hurghadalovers.com\/sk\/tours\/sahl-hasheesh-snorkeling-boat-trip\/#breadcrumb\"},\"inLanguage\":\"sk-SK\",\"potentialAction\":[{\"@type\":\"ReadAction\",\"target\":[\"https:\/\/hurghadalovers.com\/sk\/tours\/sahl-hasheesh-snorkeling-boat-trip\/\"]}]},{\"@type\":\"ImageObject\",\"inLanguage\":\"sk-SK\",\"@id\":\"https:\/\/hurghadalovers.com\/sk\/tours\/sahl-hasheesh-snorkeling-boat-trip\/#primaryimage\",\"url\":\"https:\/\/hurghadalovers.com\/wp-content\/uploads\/2023\/08\/Sahl-Hasheesh-Snorkeling-Boat-Trip.jpeg\",\"contentUrl\":\"https:\/\/hurghadalovers.com\/wp-content\/uploads\/2023\/08\/Sahl-Hasheesh-Snorkeling-Boat-Trip.jpeg\",\"width\":1156,\"height\":867,\"caption\":\"Sahl Hasheesh Snorkeling Boat Trip\"},{\"@type\":\"BreadcrumbList\",\"@id\":\"https:\/\/hurghadalovers.com\/sk\/tours\/sahl-hasheesh-snorkeling-boat-trip\/#breadcrumb\",\"itemListElement\":[{\"@type\":\"ListItem\",\"position\":1,\"name\":\"Home\",\"item\":\"https:\/\/hurghadalovers.com\/sk\/\"},{\"@type\":\"ListItem\",\"position\":2,\"name\":\"Shop\",\"item\":\"https:\/\/hurghadalovers.com\/shop\/\"},{\"@type\":\"ListItem\",\"position\":3,\"name\":\"V\u00fdlet lo\u010fou na \u0161norchlovanie Sahl Hasheesh\"}]},{\"@type\":\"WebSite\",\"@id\":\"https:\/\/hurghadalovers.com\/sk\/#website\",\"url\":\"https:\/\/hurghadalovers.com\/sk\/\",\"name\":\"Hurghada Excursions & Day Trips | Booking Best Prices Tours\",\"description\":\"Hurghada Lovers - Best Tour Operator - Excursions &amp; Things to do for Family Day Trips with kids and Couples Romantic. Unique .Hidden gems\",\"publisher\":{\"@id\":\"https:\/\/hurghadalovers.com\/sk\/#organization\"},\"alternateName\":\"Hurghada Excursions\",\"potentialAction\":[{\"@type\":\"SearchAction\",\"target\":{\"@type\":\"EntryPoint\",\"urlTemplate\":\"https:\/\/hurghadalovers.com\/sk\/?s={search_term_string}\"},\"query-input\":{\"@type\":\"PropertyValueSpecification\",\"valueRequired\":true,\"valueName\":\"search_term_string\"}}],\"inLanguage\":\"sk-SK\"},{\"@type\":[\"Organization\",\"Place\",\"TravelAgency\"],\"@id\":\"https:\/\/hurghadalovers.com\/sk\/#organization\",\"name\":\"Hurghada Excursions\",\"url\":\"https:\/\/hurghadalovers.com\/sk\/\",\"logo\":{\"@id\":\"https:\/\/hurghadalovers.com\/sk\/tours\/sahl-hasheesh-snorkeling-boat-trip\/#local-main-organization-logo\"},\"image\":{\"@id\":\"https:\/\/hurghadalovers.com\/sk\/tours\/sahl-hasheesh-snorkeling-boat-trip\/#local-main-organization-logo\"},\"sameAs\":[\"https:\/\/www.facebook.com\/Hurghadaloversegypt\"],\"address\":{\"@id\":\"https:\/\/hurghadalovers.com\/sk\/tours\/sahl-hasheesh-snorkeling-boat-trip\/#local-main-place-address\"},\"telephone\":[\"00201112596434\"],\"contactPoint\":{\"@type\":\"ContactPoint\",\"telephone\":\"00201112596434\",\"email\":\"weyouface@gmail.com\"},\"openingHoursSpecification\":{\"@type\":\"OpeningHoursSpecification\",\"dayOfWeek\":[\"Monday\",\"Tuesday\",\"Wednesday\",\"Thursday\",\"Friday\",\"Saturday\",\"Sunday\"],\"opens\":\"00:00\",\"closes\":\"23:59\"},\"email\":\"weyouface@gmail.com\",\"areaServed\":\"Luxor, Hurghada, El Gouna, Aswan, Sharm El Sheikh, Giza, Alexandria, Marsa Alam, Quseir, Soma Bay, Sahl Hasheesh, Red Sea, Makadi Bay, Cairo\",\"priceRange\":\"$\",\"currenciesAccepted\":\"euro\",\"paymentAccepted\":\"cash on site\"},{\"@type\":\"PostalAddress\",\"@id\":\"https:\/\/hurghadalovers.com\/sk\/tours\/sahl-hasheesh-snorkeling-boat-trip\/#local-main-place-address\",\"streetAddress\":\"17 Banks street, Alkawther area, top nbk bank\",\"addressLocality\":\"hurghada\",\"postalCode\":\"84511\",\"addressRegion\":\"red sea\",\"addressCountry\":\"EG\"},{\"@type\":\"ImageObject\",\"inLanguage\":\"sk-SK\",\"@id\":\"https:\/\/hurghadalovers.com\/sk\/tours\/sahl-hasheesh-snorkeling-boat-trip\/#local-main-organization-logo\",\"url\":\"https:\/\/hurghadalovers.com\/wp-content\/uploads\/2019\/10\/hurghada-excursions-logo.png\",\"contentUrl\":\"https:\/\/hurghadalovers.com\/wp-content\/uploads\/2019\/10\/hurghada-excursions-logo.png\",\"width\":272,\"height\":90,\"caption\":\"Hurghada Excursions\"}]}<\/script>\n<meta property=\"product:brand\" content=\"Fakultat\u00edvne V\u00fdlety Sahl Hasheesh\" \/>\n<meta property=\"product:price:amount\" content=\"30\" \/>\n<meta property=\"product:price:currency\" content=\"EUR\" \/>\n<meta property=\"og:availability\" content=\"instock\" \/>\n<meta property=\"product:availability\" content=\"instock\" \/>\n<meta property=\"product:retailer_item_id\" content=\"Sahl322024\" \/>\n<meta property=\"product:condition\" content=\"new\" \/>\n<meta name=\"geo.placename\" content=\"hurghada\" \/>\n<meta name=\"geo.region\" content=\"Egypt\" \/>\n<!-- \/ Yoast SEO Premium plugin. -->","yoast_head_json":{"title":"V\u00fdlet lo\u010fou na Sahl Hasheesh so \u0161norchlovan\u00edm a vodn\u00fdmi \u0161portmi","description":"V\u00fdlet lo\u010fou na Sahl Hasheesh so \u0161norchlovan\u00edm, vodn\u00fdmi \u0161portmi a obedom, transfer. Najkraj\u0161ie aktivity pre rodiny, \u010co robi\u0165 s de\u0165mi, Sahl Hasheesh","robots":{"index":"index","follow":"follow","max-snippet":"max-snippet:-1","max-image-preview":"max-image-preview:large","max-video-preview":"max-video-preview:-1"},"canonical":"https:\/\/hurghadalovers.com\/sk\/tours\/sahl-hasheesh-snorkeling-boat-trip\/","og_locale":"sk_SK","og_type":"article","og_title":"V\u00fdlet lo\u010fou na \u0161norchlovanie Sahl Hasheesh","og_description":"V\u00fdlet lo\u010fou na Sahl Hasheesh so \u0161norchlovan\u00edm, vodn\u00fdmi \u0161portmi a obedom, transfer. Najkraj\u0161ie aktivity pre rodiny, \u010co robi\u0165 s de\u0165mi, Sahl Hasheesh","og_url":"https:\/\/hurghadalovers.com\/sk\/tours\/sahl-hasheesh-snorkeling-boat-trip\/","og_site_name":"Hurghada Excursions &amp; Day Trips | Booking Best Prices Tours","article_publisher":"https:\/\/www.facebook.com\/Hurghadaloversegypt","article_modified_time":"2026-02-09T20:42:47+00:00","og_image":[{"width":1156,"height":867,"url":"https:\/\/hurghadalovers.com\/wp-content\/uploads\/2023\/08\/Sahl-Hasheesh-Snorkeling-Boat-Trip.jpeg","type":"image\/jpeg"}],"twitter_card":"summary_large_image","twitter_misc":{"Cena":"&euro;&nbsp;30","Dostupnos\u0165":"Na sklade"},"schema":{"@context":"https:\/\/schema.org","@graph":[{"@type":["WebPage","ItemPage"],"@id":"https:\/\/hurghadalovers.com\/sk\/tours\/sahl-hasheesh-snorkeling-boat-trip\/","url":"https:\/\/hurghadalovers.com\/sk\/tours\/sahl-hasheesh-snorkeling-boat-trip\/","name":"V\u00fdlet lo\u010fou na Sahl Hasheesh so \u0161norchlovan\u00edm a vodn\u00fdmi \u0161portmi","isPartOf":{"@id":"https:\/\/hurghadalovers.com\/sk\/#website"},"primaryImageOfPage":{"@id":"https:\/\/hurghadalovers.com\/sk\/tours\/sahl-hasheesh-snorkeling-boat-trip\/#primaryimage"},"image":{"@id":"https:\/\/hurghadalovers.com\/sk\/tours\/sahl-hasheesh-snorkeling-boat-trip\/#primaryimage"},"thumbnailUrl":"https:\/\/hurghadalovers.com\/wp-content\/uploads\/2023\/08\/Sahl-Hasheesh-Snorkeling-Boat-Trip.jpeg","datePublished":"2023-08-31T18:14:59+00:00","dateModified":"2026-02-09T20:42:47+00:00","description":"V\u00fdlet lo\u010fou na Sahl Hasheesh so \u0161norchlovan\u00edm, vodn\u00fdmi \u0161portmi a obedom, transfer. Najkraj\u0161ie aktivity pre rodiny, \u010co robi\u0165 s de\u0165mi, Sahl Hasheesh","breadcrumb":{"@id":"https:\/\/hurghadalovers.com\/sk\/tours\/sahl-hasheesh-snorkeling-boat-trip\/#breadcrumb"},"inLanguage":"sk-SK","potentialAction":[{"@type":"ReadAction","target":["https:\/\/hurghadalovers.com\/sk\/tours\/sahl-hasheesh-snorkeling-boat-trip\/"]}]},{"@type":"ImageObject","inLanguage":"sk-SK","@id":"https:\/\/hurghadalovers.com\/sk\/tours\/sahl-hasheesh-snorkeling-boat-trip\/#primaryimage","url":"https:\/\/hurghadalovers.com\/wp-content\/uploads\/2023\/08\/Sahl-Hasheesh-Snorkeling-Boat-Trip.jpeg","contentUrl":"https:\/\/hurghadalovers.com\/wp-content\/uploads\/2023\/08\/Sahl-Hasheesh-Snorkeling-Boat-Trip.jpeg","width":1156,"height":867,"caption":"Sahl Hasheesh Snorkeling Boat Trip"},{"@type":"BreadcrumbList","@id":"https:\/\/hurghadalovers.com\/sk\/tours\/sahl-hasheesh-snorkeling-boat-trip\/#breadcrumb","itemListElement":[{"@type":"ListItem","position":1,"name":"Home","item":"https:\/\/hurghadalovers.com\/sk\/"},{"@type":"ListItem","position":2,"name":"Shop","item":"https:\/\/hurghadalovers.com\/shop\/"},{"@type":"ListItem","position":3,"name":"V\u00fdlet lo\u010fou na \u0161norchlovanie Sahl Hasheesh"}]},{"@type":"WebSite","@id":"https:\/\/hurghadalovers.com\/sk\/#website","url":"https:\/\/hurghadalovers.com\/sk\/","name":"Hurghada Excursions & Day Trips | Booking Best Prices Tours","description":"Hurghada Lovers - Best Tour Operator - Excursions &amp; Things to do for Family Day Trips with kids and Couples Romantic. Unique .Hidden gems","publisher":{"@id":"https:\/\/hurghadalovers.com\/sk\/#organization"},"alternateName":"Hurghada Excursions","potentialAction":[{"@type":"SearchAction","target":{"@type":"EntryPoint","urlTemplate":"https:\/\/hurghadalovers.com\/sk\/?s={search_term_string}"},"query-input":{"@type":"PropertyValueSpecification","valueRequired":true,"valueName":"search_term_string"}}],"inLanguage":"sk-SK"},{"@type":["Organization","Place","TravelAgency"],"@id":"https:\/\/hurghadalovers.com\/sk\/#organization","name":"Hurghada Excursions","url":"https:\/\/hurghadalovers.com\/sk\/","logo":{"@id":"https:\/\/hurghadalovers.com\/sk\/tours\/sahl-hasheesh-snorkeling-boat-trip\/#local-main-organization-logo"},"image":{"@id":"https:\/\/hurghadalovers.com\/sk\/tours\/sahl-hasheesh-snorkeling-boat-trip\/#local-main-organization-logo"},"sameAs":["https:\/\/www.facebook.com\/Hurghadaloversegypt"],"address":{"@id":"https:\/\/hurghadalovers.com\/sk\/tours\/sahl-hasheesh-snorkeling-boat-trip\/#local-main-place-address"},"telephone":["00201112596434"],"contactPoint":{"@type":"ContactPoint","telephone":"00201112596434","email":"weyouface@gmail.com"},"openingHoursSpecification":{"@type":"OpeningHoursSpecification","dayOfWeek":["Monday","Tuesday","Wednesday","Thursday","Friday","Saturday","Sunday"],"opens":"00:00","closes":"23:59"},"email":"weyouface@gmail.com","areaServed":"Luxor, Hurghada, El Gouna, Aswan, Sharm El Sheikh, Giza, Alexandria, Marsa Alam, Quseir, Soma Bay, Sahl Hasheesh, Red Sea, Makadi Bay, Cairo","priceRange":"$","currenciesAccepted":"euro","paymentAccepted":"cash on site"},{"@type":"PostalAddress","@id":"https:\/\/hurghadalovers.com\/sk\/tours\/sahl-hasheesh-snorkeling-boat-trip\/#local-main-place-address","streetAddress":"17 Banks street, Alkawther area, top nbk bank","addressLocality":"hurghada","postalCode":"84511","addressRegion":"red sea","addressCountry":"EG"},{"@type":"ImageObject","inLanguage":"sk-SK","@id":"https:\/\/hurghadalovers.com\/sk\/tours\/sahl-hasheesh-snorkeling-boat-trip\/#local-main-organization-logo","url":"https:\/\/hurghadalovers.com\/wp-content\/uploads\/2019\/10\/hurghada-excursions-logo.png","contentUrl":"https:\/\/hurghadalovers.com\/wp-content\/uploads\/2019\/10\/hurghada-excursions-logo.png","width":272,"height":90,"caption":"Hurghada Excursions"}]},"product_brand":"Fakultat\u00edvne V\u00fdlety Sahl Hasheesh","product_price_amount":"30","product_price_currency":"EUR","og_availability":"instock","product_availability":"instock","product_retailer_item_id":"Sahl322024","product_condition":"new","geo.placename":"hurghada","geo.region":"Egypt"},"_links":{"self":[{"href":"https:\/\/hurghadalovers.com\/sk\/wp-json\/wp\/v2\/product\/391357","targetHints":{"allow":["GET"]}}],"collection":[{"href":"https:\/\/hurghadalovers.com\/sk\/wp-json\/wp\/v2\/product"}],"about":[{"href":"https:\/\/hurghadalovers.com\/sk\/wp-json\/wp\/v2\/types\/product"}],"wp:featuredmedia":[{"embeddable":true,"href":"https:\/\/hurghadalovers.com\/sk\/wp-json\/wp\/v2\/media\/391169"}],"wp:attachment":[{"href":"https:\/\/hurghadalovers.com\/sk\/wp-json\/wp\/v2\/media?parent=391357"}],"wp:term":[{"taxonomy":"product_brand","embeddable":true,"href":"https:\/\/hurghadalovers.com\/sk\/wp-json\/wp\/v2\/product_brand?post=391357"},{"taxonomy":"product_cat","embeddable":true,"href":"https:\/\/hurghadalovers.com\/sk\/wp-json\/wp\/v2\/product_cat?post=391357"},{"taxonomy":"product_tag","embeddable":true,"href":"https:\/\/hurghadalovers.com\/sk\/wp-json\/wp\/v2\/product_tag?post=391357"}],"curies":[{"name":"wp","href":"https:\/\/api.w.org\/{rel}","templated":true}]}}