{"id":390463,"date":"2023-08-31T12:32:25","date_gmt":"2023-08-31T12:36:57","guid":{"rendered":"https:\/\/hurghadalovers.com\/shop\/nezaraden\u00e9\/sukromne-taxi-transfery-sahl-hasheesh\/"},"modified":"2026-02-08T18:24:41","modified_gmt":"2026-02-08T18:24:41","slug":"sukromne-taxi-prepravy-sahl-hasheesh","status":"publish","type":"product","link":"https:\/\/hurghadalovers.com\/sk\/tours\/sukromne-taxi-prepravy-sahl-hasheesh\/","title":{"rendered":"S\u00fakromn\u00e9 taxi transfery Sahl Hasheesh"},"content":{"rendered":"<p><strong>Private <\/strong><strong>Sahl Hasheesh<\/strong> <strong>Taxi Transfers<\/strong> to Luxor, Cairo | Rezerv\u00e1cia Lacn\u00e9 ceny Tourist Service Transfer by Luxury Minivan and Vip Car to Marsa alam, EL Gouna, Soma bay, Hurghada (HRG) Airport | Cash on site.<\/p>\n<p><strong>Podrobnosti:<\/strong><\/p>\n<ul>\n<li>Typ z\u00e1jazdu: Luxusn\u00e1 s\u00fakromn\u00e1 prehliadka autom alebo minivanom.<\/li>\n<li>Rezerv\u00e1cia Taxi Car, Minivan, dostupnos\u0165: Ka\u017ed\u00fd de\u0148.<\/li>\n<li>Bezbari\u00e9rov\u00fd pr\u00edstup.<\/li>\n<li>\u010cas vyzdvihnutia zo Sahl Hasheesh do Luxoru: 05:00<\/li>\n<li>\u010cas vyzdvihnutia zo Sahl Hasheesh do K\u00e1hiry: 12:30<\/li>\n<li>\u010cas vyzdvihnutia z hotelov Sahl Hasheesh na letisko Hurghada (HRG), Hurghada Marina: pod\u013ea v\u00e1\u0161ho \u017eelania.<\/li>\n<\/ul>\n<p><strong>Rezervujte teraz a pla\u0165te nesk\u00f4r:<\/strong><\/p>\n<ul>\n<li>Hotovos\u0165 na mieste pre sprievodcu.<\/li>\n<li>Platba egyptsk\u00fdmi librami, $, \u20ac alebo \u00a3.<\/li>\n<\/ul>\n<p><strong>Storno podmienky:<\/strong><\/p>\n<ul>\n<li>m\u00f4\u017eete Zru\u0161i\u0165 a\u017e 24 hod\u00edn vopred.<\/li>\n<li>Ke\u010f niekto z va\u0161ej rodiny zru\u0161\u00ed dopoludnie, zaplat\u00ed 50 % n\u00e1kladov.<\/li>\n<\/ul>\n<p><strong>\u010co je s\u00fa\u010das\u0165ou balenia?<\/strong><\/p>\n<ul>\n<li>Transfer z hotelov Sahl Hasheesh &#8222;Hotel pick up and drop off&#8220;.<\/li>\n<li>V\u0161etky dane, vstupn\u00e9 poplatky a manipula\u010dn\u00e9 poplatky.<\/li>\n<li>Prevody.<\/li>\n<li>N\u00e1poje.<\/li>\n<\/ul>\n<p><strong>Vyl\u00fa\u010denia?<\/strong><\/p>\n<ul>\n<li>Prepitn\u00e9.<\/li>\n<\/ul>\n<p><strong>S\u00fakromn\u00fd transfer <\/strong><strong>Sahl Hasheesh<\/strong> <strong>do Luxoru:<\/strong><\/p>\n<p>Cena Taxi\/ Auto &#8222;3 miesta&#8220; = 170$ Cena za s\u00fakromn\u00e9 auto.<\/p>\n<p>Cena Minivan &#8222;8 miest&#8220; = 200$ Cena za s\u00fakromn\u00fd minivan\/minibus.<\/p>\n<p>Vzdialenos\u0165 medzi Sahl Hasheesh a Luxor = 300 km<\/p>\n<p>\u010cas medzi Sahl Hasheesh a Luxor = 4 hod.<\/p>\n<p>Tam 2 Zast\u00e1vky &#8220; 20 min prest\u00e1vka, 20 Turistick\u00e9 kontroln\u00e9 body v Safaga&#8220;.<\/p>\n<p><strong> <\/strong><\/p>\n<p><strong>S\u00fakromn\u00fd transfer <\/strong><strong>Sahl Hasheesh<\/strong> <strong>do K\u00e1hiry, pyram\u00edd v G\u00edze:<\/strong><\/p>\n<p>Cena Taxi\/ Auto &#8222;3 miesta&#8220; = 180$ Cena za s\u00fakromn\u00e9 auto.<\/p>\n<p>Cena Minivan &#8222;8 miest&#8220; = 220$ Cena za s\u00fakromn\u00fd minivan\/minibus.<\/p>\n<p>Vzdialenos\u0165 medzi Sahl Hasheesh a K\u00e1hirou = 380 km<\/p>\n<p>\u010cas medzi Sahl Hasheesh a K\u00e1hirou = 7.30 hod.<\/p>\n<p>3 zast\u00e1vky &#8220; 20 min prest\u00e1vka v \u0161afr\u00e1ne Ras Ghareb, 15-30 min turistick\u00e9 kontroln\u00e9 stanovi\u0161te&#8220;<\/p>\n<p><strong>S\u00fakromn\u00fd transfer <\/strong><strong>Sahl Hasheesh<\/strong> <strong>na letisko Hurghada (HRG) alebo z neho:<\/strong><\/p>\n<p>Cena Taxi\/ Auto &#8222;3 &#8211; 6 miest&#8220; = 30$ Cena za s\u00fakromn\u00e9 auto.<\/p>\n<p>Cena Minivan &#8222;12 miest&#8220; = 40$ Cena za s\u00fakromn\u00fd minivan\/minibus.<\/p>\n<p><strong> <\/strong><\/p>\n<p><strong>S\u00fakromn\u00fd transfer <\/strong><strong>Sahl Hasheesh<\/strong> <strong>do Hurghada Marina:<\/strong><\/p>\n<p>Cena Taxi\/ Auto &#8220; 3 &#8211; 6 miest&#8220; 4hod = 45$ Cena za s\u00fakromn\u00e9 auto.<\/p>\n<p>Cena Minivan &#8222;12 miest&#8220; 4hod = 75$ Cena za s\u00fakromn\u00fd minivan\/minibus.<\/p>\n<p><strong> <\/strong><\/p>\n<p><strong>S\u00fakromn\u00fd transfer <\/strong><strong>Sahl Hasheesh<\/strong> <strong>do hotelov El Gouna:<\/strong><\/p>\n<p>Cena Taxi\/ Auto &#8222;3 &#8211; 6 miest&#8220; = 55$ Cena za s\u00fakromn\u00e9 auto.<\/p>\n<p>Cena Minivan &#8222;12 miest&#8220; = 70$ Cena za s\u00fakromn\u00fd minivan\/minibus.<\/p>\n<p>Vzdialenos\u0165 medzi Sahl Hasheesh a El Gouna = 70 km<\/p>\n<p>\u010cas medzi Sahl Hasheesh a El Gouna = 70 min.<\/p>\n<p><strong>S\u00fakromn\u00e9 transfery na letisko K\u00e1hira<\/strong><\/p>\n<p>ak potrebujete \u00eds\u0165 K\u00e1hira letisko a potrebuj\u00fa transfer do miest cestovn\u00e9ho ruchu Egypt, m\u00f4\u017eete d\u00f4verova\u0165 n\u00e1m, aby v\u00e1m luxusn\u00e9 s\u00fakromn\u00e9 aut\u00e1 Autobusy Limousine Service.<\/p>\n<p><strong>Taxi z <\/strong><strong>Sahl Hasheesh<\/strong> <strong>do Marsa Alam<\/strong><\/p>\n<p>Ak ste pri\u0161li na letisko Hurghada alebo z va\u0161ej polohy potrebujete najlep\u0161ie aut\u00e1 alebo autobus do alebo z Mars Alam na n\u00e1v\u0161tevu K\u00e1hiry alebo Luxoru, zavolajte n\u00e1m hne\u010f teraz<\/p>\n<p>1-3 osoby (individu\u00e1lne auto) = 90 $<\/p>\n<p>4-8 os\u00f4b (minibus) = 120 $<\/p>\n<p><strong>Recenzie:<\/strong><\/p>\n<p>skontrolova\u0165 na\u0161e Google Map Recenzie ako najlep\u0161ie <a href=\"https:\/\/g.page\/r\/CUeYvkngP3wkEBM\/review\">Tour Operator v Hurghada<\/a> on-line v <a href=\"https:\/\/hurghadalovers.com\/\">Hurghada<\/a> Egypt.<\/p>\n<p><strong>Rezerv\u00e1cia:<\/strong><\/p>\n<p>Odosla\u0165 hotel + \u010d\u00edslo izby + foto pasov na WhatsApp: <strong>+201112596434<\/strong><\/p>\n<p>Ak ste z Egypta Rezerv\u00e1cia teraz online a potvrdi\u0165 pri pr\u00edchode Hotel.<\/p>\n<p>&nbsp;<\/p>\n<p>&nbsp;<\/p>\n","protected":false},"excerpt":{"rendered":"<p><strong>Private <\/strong><strong>Sahl Hasheesh<\/strong> <strong>Taxi Transfers<\/strong> to Luxor, Cairo | Rezerv\u00e1cia Lacn\u00e9 ceny Tourist Service Transfer by Luxury Minivan and Vip Car to Marsa alam, EL Gouna, Soma bay, Hurghada (HRG) Airport | Cash on site.<\/p>\n","protected":false},"featured_media":390322,"template":"","meta":{"_joinchat":[]},"product_brand":[],"product_cat":[36669],"product_tag":[52787,52719,52738,52779,52795,52793,52722,52789,52799,52773,52777,52791,52716,52797,52734,51232],"class_list":{"0":"post-390463","1":"product","2":"type-product","3":"status-publish","4":"has-post-thumbnail","6":"product_cat-prehliadky","7":"product_tag-aktivity-pre-batolata-zo-sahl-hasheesh","8":"product_tag-celodenny-vylet-do-kahiry-zo-sahl-hasheesh","9":"product_tag-celodenny-vylet-z-mesta-sahl-hasheesh-k-pyramidam","10":"product_tag-co-robit-v-sahl-hasheesh-pre-pary","11":"product_tag-co-vidiet-v-sahl-hasheesh","12":"product_tag-jednodnove-vylety-do-sahl-hasheesh-sk","13":"product_tag-pyramidy-zo-sahl-hasheesh","14":"product_tag-rodinne-aktivity-zo-sahl-hasheesh-sk","15":"product_tag-romanticke-aktivity-v-sahl-hasheesh","16":"product_tag-romanticke-aktivity-zo-sahl-hasheesh","17":"product_tag-sahl-hasheesh-aktivity-pre-pary","18":"product_tag-sahl-hasheesh-co-robit","19":"product_tag-sahl-hasheesh-k-pyramidam","20":"product_tag-sahl-hasheesh-romanticke-vylety","21":"product_tag-sahl-hasheesh-vylet-do-kahiry","22":"product_tag-sukromne-prehliadky-kahiry","23":"tour_category-sahl-hasheesh-vylety","24":"tour_category-zajazdy-z-mesta-sahl-hasheesh-k-pyramidam","25":"tour_category-zajazdy-z-mesta-sahl-hasheesh-do-luxoru","27":"first","28":"instock","29":"sale","30":"shipping-taxable","31":"purchasable","32":"product-type-tour"},"yoast_head":"<!-- This site is optimized with the Yoast SEO Premium plugin v26.9 (Yoast SEO v27.2) - https:\/\/yoast.com\/product\/yoast-seo-premium-wordpress\/ -->\n<title>S\u00fakromn\u00e9 taxi Sahl Hasheesh do Luxor, K\u00e1hira<\/title>\n<meta name=\"description\" content=\"Private Sahl Hasheesh Taxi Transfers to Luxor, Cairo | Rezervova\u0165 Lacn\u00e9 ceny Tourist Service Transfer by Luxury Minivan and Vip Car to Marsa alam, EL Gouna\" \/>\n<meta name=\"robots\" content=\"index, follow, max-snippet:-1, max-image-preview:large, max-video-preview:-1\" \/>\n<link rel=\"canonical\" href=\"https:\/\/hurghadalovers.com\/sk\/tours\/sukromne-taxi-prepravy-sahl-hasheesh\/\" \/>\n<meta property=\"og:locale\" content=\"sk_SK\" \/>\n<meta property=\"og:type\" content=\"article\" \/>\n<meta property=\"og:title\" content=\"S\u00fakromn\u00e9 taxi transfery Sahl Hasheesh\" \/>\n<meta property=\"og:description\" content=\"Private Sahl Hasheesh Taxi Transfers to Luxor, Cairo | Rezervova\u0165 Lacn\u00e9 ceny Tourist Service Transfer by Luxury Minivan and Vip Car to Marsa alam, EL Gouna\" \/>\n<meta property=\"og:url\" content=\"https:\/\/hurghadalovers.com\/sk\/tours\/sukromne-taxi-prepravy-sahl-hasheesh\/\" \/>\n<meta property=\"og:site_name\" content=\"Hurghada Excursions &amp; Day Trips | Booking Best Prices Tours\" \/>\n<meta property=\"article:publisher\" content=\"https:\/\/www.facebook.com\/Hurghadaloversegypt\" \/>\n<meta property=\"article:modified_time\" content=\"2026-02-08T18:24:41+00:00\" \/>\n<meta property=\"og:image\" content=\"https:\/\/hurghadalovers.com\/wp-content\/uploads\/2023\/08\/Private-Sahl-Hasheesh-Taxi-Transfers.jpeg\" \/>\n\t<meta property=\"og:image:width\" content=\"1536\" \/>\n\t<meta property=\"og:image:height\" content=\"1195\" \/>\n\t<meta property=\"og:image:type\" content=\"image\/jpeg\" \/>\n<meta name=\"twitter:card\" content=\"summary_large_image\" \/>\n<meta name=\"twitter:label1\" content=\"Cena\" \/>\n\t<meta name=\"twitter:data1\" content=\"&euro;&nbsp;30\" \/>\n\t<meta name=\"twitter:label2\" content=\"Dostupnos\u0165\" \/>\n\t<meta name=\"twitter:data2\" content=\"Na sklade\" \/>\n<script type=\"application\/ld+json\" class=\"yoast-schema-graph\">{\"@context\":\"https:\/\/schema.org\",\"@graph\":[{\"@type\":[\"WebPage\",\"ItemPage\"],\"@id\":\"https:\/\/hurghadalovers.com\/sk\/tours\/sukromne-taxi-prepravy-sahl-hasheesh\/\",\"url\":\"https:\/\/hurghadalovers.com\/sk\/tours\/sukromne-taxi-prepravy-sahl-hasheesh\/\",\"name\":\"S\u00fakromn\u00e9 taxi Sahl Hasheesh do Luxor, K\u00e1hira\",\"isPartOf\":{\"@id\":\"https:\/\/hurghadalovers.com\/sk\/#website\"},\"primaryImageOfPage\":{\"@id\":\"https:\/\/hurghadalovers.com\/sk\/tours\/sukromne-taxi-prepravy-sahl-hasheesh\/#primaryimage\"},\"image\":{\"@id\":\"https:\/\/hurghadalovers.com\/sk\/tours\/sukromne-taxi-prepravy-sahl-hasheesh\/#primaryimage\"},\"thumbnailUrl\":\"https:\/\/hurghadalovers.com\/wp-content\/uploads\/2023\/08\/Private-Sahl-Hasheesh-Taxi-Transfers.jpeg\",\"datePublished\":\"2023-08-31T12:36:57+00:00\",\"dateModified\":\"2026-02-08T18:24:41+00:00\",\"description\":\"Private Sahl Hasheesh Taxi Transfers to Luxor, Cairo | Rezervova\u0165 Lacn\u00e9 ceny Tourist Service Transfer by Luxury Minivan and Vip Car to Marsa alam, EL Gouna\",\"breadcrumb\":{\"@id\":\"https:\/\/hurghadalovers.com\/sk\/tours\/sukromne-taxi-prepravy-sahl-hasheesh\/#breadcrumb\"},\"inLanguage\":\"sk-SK\",\"potentialAction\":[{\"@type\":\"ReadAction\",\"target\":[\"https:\/\/hurghadalovers.com\/sk\/tours\/sukromne-taxi-prepravy-sahl-hasheesh\/\"]}]},{\"@type\":\"ImageObject\",\"inLanguage\":\"sk-SK\",\"@id\":\"https:\/\/hurghadalovers.com\/sk\/tours\/sukromne-taxi-prepravy-sahl-hasheesh\/#primaryimage\",\"url\":\"https:\/\/hurghadalovers.com\/wp-content\/uploads\/2023\/08\/Private-Sahl-Hasheesh-Taxi-Transfers.jpeg\",\"contentUrl\":\"https:\/\/hurghadalovers.com\/wp-content\/uploads\/2023\/08\/Private-Sahl-Hasheesh-Taxi-Transfers.jpeg\",\"width\":1536,\"height\":1195,\"caption\":\"Private\u00a0Sahl Hasheesh Taxi Transfers\u00a0to Luxor, Cairo\"},{\"@type\":\"BreadcrumbList\",\"@id\":\"https:\/\/hurghadalovers.com\/sk\/tours\/sukromne-taxi-prepravy-sahl-hasheesh\/#breadcrumb\",\"itemListElement\":[{\"@type\":\"ListItem\",\"position\":1,\"name\":\"Home\",\"item\":\"https:\/\/hurghadalovers.com\/sk\/\"},{\"@type\":\"ListItem\",\"position\":2,\"name\":\"Shop\",\"item\":\"https:\/\/hurghadalovers.com\/shop\/\"},{\"@type\":\"ListItem\",\"position\":3,\"name\":\"S\u00fakromn\u00e9 taxi transfery Sahl Hasheesh\"}]},{\"@type\":\"WebSite\",\"@id\":\"https:\/\/hurghadalovers.com\/sk\/#website\",\"url\":\"https:\/\/hurghadalovers.com\/sk\/\",\"name\":\"Hurghada Excursions & Day Trips | Booking Best Prices Tours\",\"description\":\"Hurghada Lovers - Best Tour Operator - Excursions &amp; Things to do for Family Day Trips with kids and Couples Romantic. Unique .Hidden gems\",\"publisher\":{\"@id\":\"https:\/\/hurghadalovers.com\/sk\/#organization\"},\"alternateName\":\"Hurghada Excursions\",\"potentialAction\":[{\"@type\":\"SearchAction\",\"target\":{\"@type\":\"EntryPoint\",\"urlTemplate\":\"https:\/\/hurghadalovers.com\/sk\/?s={search_term_string}\"},\"query-input\":{\"@type\":\"PropertyValueSpecification\",\"valueRequired\":true,\"valueName\":\"search_term_string\"}}],\"inLanguage\":\"sk-SK\"},{\"@type\":[\"Organization\",\"Place\",\"TravelAgency\"],\"@id\":\"https:\/\/hurghadalovers.com\/sk\/#organization\",\"name\":\"Hurghada Excursions\",\"url\":\"https:\/\/hurghadalovers.com\/sk\/\",\"logo\":{\"@id\":\"https:\/\/hurghadalovers.com\/sk\/tours\/sukromne-taxi-prepravy-sahl-hasheesh\/#local-main-organization-logo\"},\"image\":{\"@id\":\"https:\/\/hurghadalovers.com\/sk\/tours\/sukromne-taxi-prepravy-sahl-hasheesh\/#local-main-organization-logo\"},\"sameAs\":[\"https:\/\/www.facebook.com\/Hurghadaloversegypt\"],\"address\":{\"@id\":\"https:\/\/hurghadalovers.com\/sk\/tours\/sukromne-taxi-prepravy-sahl-hasheesh\/#local-main-place-address\"},\"telephone\":[\"00201112596434\"],\"contactPoint\":{\"@type\":\"ContactPoint\",\"telephone\":\"00201112596434\",\"email\":\"weyouface@gmail.com\"},\"openingHoursSpecification\":{\"@type\":\"OpeningHoursSpecification\",\"dayOfWeek\":[\"Monday\",\"Tuesday\",\"Wednesday\",\"Thursday\",\"Friday\",\"Saturday\",\"Sunday\"],\"opens\":\"00:00\",\"closes\":\"23:59\"},\"email\":\"weyouface@gmail.com\",\"areaServed\":\"Luxor, Hurghada, El Gouna, Aswan, Sharm El Sheikh, Giza, Alexandria, Marsa Alam, Quseir, Soma Bay, Sahl Hasheesh, Red Sea, Makadi Bay, Cairo\",\"priceRange\":\"$\",\"currenciesAccepted\":\"euro\",\"paymentAccepted\":\"cash on site\"},{\"@type\":\"PostalAddress\",\"@id\":\"https:\/\/hurghadalovers.com\/sk\/tours\/sukromne-taxi-prepravy-sahl-hasheesh\/#local-main-place-address\",\"streetAddress\":\"17 Banks street, Alkawther area, top nbk bank\",\"addressLocality\":\"hurghada\",\"postalCode\":\"84511\",\"addressRegion\":\"red sea\",\"addressCountry\":\"EG\"},{\"@type\":\"ImageObject\",\"inLanguage\":\"sk-SK\",\"@id\":\"https:\/\/hurghadalovers.com\/sk\/tours\/sukromne-taxi-prepravy-sahl-hasheesh\/#local-main-organization-logo\",\"url\":\"https:\/\/hurghadalovers.com\/wp-content\/uploads\/2019\/10\/hurghada-excursions-logo.png\",\"contentUrl\":\"https:\/\/hurghadalovers.com\/wp-content\/uploads\/2019\/10\/hurghada-excursions-logo.png\",\"width\":272,\"height\":90,\"caption\":\"Hurghada Excursions\"}]}<\/script>\n<meta property=\"product:brand\" content=\"Fakultat\u00edvne V\u00fdlety Sahl Hasheesh\" \/>\n<meta property=\"product:price:amount\" content=\"30\" \/>\n<meta property=\"product:price:currency\" content=\"EUR\" \/>\n<meta property=\"og:availability\" content=\"instock\" \/>\n<meta property=\"product:availability\" content=\"instock\" \/>\n<meta property=\"product:retailer_item_id\" content=\"Sahl072024\" \/>\n<meta property=\"product:condition\" content=\"new\" \/>\n<meta name=\"geo.placename\" content=\"hurghada\" \/>\n<meta name=\"geo.region\" content=\"Egypt\" \/>\n<!-- \/ Yoast SEO Premium plugin. -->","yoast_head_json":{"title":"S\u00fakromn\u00e9 taxi Sahl Hasheesh do Luxor, K\u00e1hira","description":"Private Sahl Hasheesh Taxi Transfers to Luxor, Cairo | Rezervova\u0165 Lacn\u00e9 ceny Tourist Service Transfer by Luxury Minivan and Vip Car to Marsa alam, EL Gouna","robots":{"index":"index","follow":"follow","max-snippet":"max-snippet:-1","max-image-preview":"max-image-preview:large","max-video-preview":"max-video-preview:-1"},"canonical":"https:\/\/hurghadalovers.com\/sk\/tours\/sukromne-taxi-prepravy-sahl-hasheesh\/","og_locale":"sk_SK","og_type":"article","og_title":"S\u00fakromn\u00e9 taxi transfery Sahl Hasheesh","og_description":"Private Sahl Hasheesh Taxi Transfers to Luxor, Cairo | Rezervova\u0165 Lacn\u00e9 ceny Tourist Service Transfer by Luxury Minivan and Vip Car to Marsa alam, EL Gouna","og_url":"https:\/\/hurghadalovers.com\/sk\/tours\/sukromne-taxi-prepravy-sahl-hasheesh\/","og_site_name":"Hurghada Excursions &amp; Day Trips | Booking Best Prices Tours","article_publisher":"https:\/\/www.facebook.com\/Hurghadaloversegypt","article_modified_time":"2026-02-08T18:24:41+00:00","og_image":[{"width":1536,"height":1195,"url":"https:\/\/hurghadalovers.com\/wp-content\/uploads\/2023\/08\/Private-Sahl-Hasheesh-Taxi-Transfers.jpeg","type":"image\/jpeg"}],"twitter_card":"summary_large_image","twitter_misc":{"Cena":"&euro;&nbsp;30","Dostupnos\u0165":"Na sklade"},"schema":{"@context":"https:\/\/schema.org","@graph":[{"@type":["WebPage","ItemPage"],"@id":"https:\/\/hurghadalovers.com\/sk\/tours\/sukromne-taxi-prepravy-sahl-hasheesh\/","url":"https:\/\/hurghadalovers.com\/sk\/tours\/sukromne-taxi-prepravy-sahl-hasheesh\/","name":"S\u00fakromn\u00e9 taxi Sahl Hasheesh do Luxor, K\u00e1hira","isPartOf":{"@id":"https:\/\/hurghadalovers.com\/sk\/#website"},"primaryImageOfPage":{"@id":"https:\/\/hurghadalovers.com\/sk\/tours\/sukromne-taxi-prepravy-sahl-hasheesh\/#primaryimage"},"image":{"@id":"https:\/\/hurghadalovers.com\/sk\/tours\/sukromne-taxi-prepravy-sahl-hasheesh\/#primaryimage"},"thumbnailUrl":"https:\/\/hurghadalovers.com\/wp-content\/uploads\/2023\/08\/Private-Sahl-Hasheesh-Taxi-Transfers.jpeg","datePublished":"2023-08-31T12:36:57+00:00","dateModified":"2026-02-08T18:24:41+00:00","description":"Private Sahl Hasheesh Taxi Transfers to Luxor, Cairo | Rezervova\u0165 Lacn\u00e9 ceny Tourist Service Transfer by Luxury Minivan and Vip Car to Marsa alam, EL Gouna","breadcrumb":{"@id":"https:\/\/hurghadalovers.com\/sk\/tours\/sukromne-taxi-prepravy-sahl-hasheesh\/#breadcrumb"},"inLanguage":"sk-SK","potentialAction":[{"@type":"ReadAction","target":["https:\/\/hurghadalovers.com\/sk\/tours\/sukromne-taxi-prepravy-sahl-hasheesh\/"]}]},{"@type":"ImageObject","inLanguage":"sk-SK","@id":"https:\/\/hurghadalovers.com\/sk\/tours\/sukromne-taxi-prepravy-sahl-hasheesh\/#primaryimage","url":"https:\/\/hurghadalovers.com\/wp-content\/uploads\/2023\/08\/Private-Sahl-Hasheesh-Taxi-Transfers.jpeg","contentUrl":"https:\/\/hurghadalovers.com\/wp-content\/uploads\/2023\/08\/Private-Sahl-Hasheesh-Taxi-Transfers.jpeg","width":1536,"height":1195,"caption":"Private\u00a0Sahl Hasheesh Taxi Transfers\u00a0to Luxor, Cairo"},{"@type":"BreadcrumbList","@id":"https:\/\/hurghadalovers.com\/sk\/tours\/sukromne-taxi-prepravy-sahl-hasheesh\/#breadcrumb","itemListElement":[{"@type":"ListItem","position":1,"name":"Home","item":"https:\/\/hurghadalovers.com\/sk\/"},{"@type":"ListItem","position":2,"name":"Shop","item":"https:\/\/hurghadalovers.com\/shop\/"},{"@type":"ListItem","position":3,"name":"S\u00fakromn\u00e9 taxi transfery Sahl Hasheesh"}]},{"@type":"WebSite","@id":"https:\/\/hurghadalovers.com\/sk\/#website","url":"https:\/\/hurghadalovers.com\/sk\/","name":"Hurghada Excursions & Day Trips | Booking Best Prices Tours","description":"Hurghada Lovers - Best Tour Operator - Excursions &amp; Things to do for Family Day Trips with kids and Couples Romantic. Unique .Hidden gems","publisher":{"@id":"https:\/\/hurghadalovers.com\/sk\/#organization"},"alternateName":"Hurghada Excursions","potentialAction":[{"@type":"SearchAction","target":{"@type":"EntryPoint","urlTemplate":"https:\/\/hurghadalovers.com\/sk\/?s={search_term_string}"},"query-input":{"@type":"PropertyValueSpecification","valueRequired":true,"valueName":"search_term_string"}}],"inLanguage":"sk-SK"},{"@type":["Organization","Place","TravelAgency"],"@id":"https:\/\/hurghadalovers.com\/sk\/#organization","name":"Hurghada Excursions","url":"https:\/\/hurghadalovers.com\/sk\/","logo":{"@id":"https:\/\/hurghadalovers.com\/sk\/tours\/sukromne-taxi-prepravy-sahl-hasheesh\/#local-main-organization-logo"},"image":{"@id":"https:\/\/hurghadalovers.com\/sk\/tours\/sukromne-taxi-prepravy-sahl-hasheesh\/#local-main-organization-logo"},"sameAs":["https:\/\/www.facebook.com\/Hurghadaloversegypt"],"address":{"@id":"https:\/\/hurghadalovers.com\/sk\/tours\/sukromne-taxi-prepravy-sahl-hasheesh\/#local-main-place-address"},"telephone":["00201112596434"],"contactPoint":{"@type":"ContactPoint","telephone":"00201112596434","email":"weyouface@gmail.com"},"openingHoursSpecification":{"@type":"OpeningHoursSpecification","dayOfWeek":["Monday","Tuesday","Wednesday","Thursday","Friday","Saturday","Sunday"],"opens":"00:00","closes":"23:59"},"email":"weyouface@gmail.com","areaServed":"Luxor, Hurghada, El Gouna, Aswan, Sharm El Sheikh, Giza, Alexandria, Marsa Alam, Quseir, Soma Bay, Sahl Hasheesh, Red Sea, Makadi Bay, Cairo","priceRange":"$","currenciesAccepted":"euro","paymentAccepted":"cash on site"},{"@type":"PostalAddress","@id":"https:\/\/hurghadalovers.com\/sk\/tours\/sukromne-taxi-prepravy-sahl-hasheesh\/#local-main-place-address","streetAddress":"17 Banks street, Alkawther area, top nbk bank","addressLocality":"hurghada","postalCode":"84511","addressRegion":"red sea","addressCountry":"EG"},{"@type":"ImageObject","inLanguage":"sk-SK","@id":"https:\/\/hurghadalovers.com\/sk\/tours\/sukromne-taxi-prepravy-sahl-hasheesh\/#local-main-organization-logo","url":"https:\/\/hurghadalovers.com\/wp-content\/uploads\/2019\/10\/hurghada-excursions-logo.png","contentUrl":"https:\/\/hurghadalovers.com\/wp-content\/uploads\/2019\/10\/hurghada-excursions-logo.png","width":272,"height":90,"caption":"Hurghada Excursions"}]},"product_brand":"Fakultat\u00edvne V\u00fdlety Sahl Hasheesh","product_price_amount":"30","product_price_currency":"EUR","og_availability":"instock","product_availability":"instock","product_retailer_item_id":"Sahl072024","product_condition":"new","geo.placename":"hurghada","geo.region":"Egypt"},"_links":{"self":[{"href":"https:\/\/hurghadalovers.com\/sk\/wp-json\/wp\/v2\/product\/390463","targetHints":{"allow":["GET"]}}],"collection":[{"href":"https:\/\/hurghadalovers.com\/sk\/wp-json\/wp\/v2\/product"}],"about":[{"href":"https:\/\/hurghadalovers.com\/sk\/wp-json\/wp\/v2\/types\/product"}],"wp:featuredmedia":[{"embeddable":true,"href":"https:\/\/hurghadalovers.com\/sk\/wp-json\/wp\/v2\/media\/390322"}],"wp:attachment":[{"href":"https:\/\/hurghadalovers.com\/sk\/wp-json\/wp\/v2\/media?parent=390463"}],"wp:term":[{"taxonomy":"product_brand","embeddable":true,"href":"https:\/\/hurghadalovers.com\/sk\/wp-json\/wp\/v2\/product_brand?post=390463"},{"taxonomy":"product_cat","embeddable":true,"href":"https:\/\/hurghadalovers.com\/sk\/wp-json\/wp\/v2\/product_cat?post=390463"},{"taxonomy":"product_tag","embeddable":true,"href":"https:\/\/hurghadalovers.com\/sk\/wp-json\/wp\/v2\/product_tag?post=390463"}],"curies":[{"name":"wp","href":"https:\/\/api.w.org\/{rel}","templated":true}]}}