{"id":387852,"date":"2023-08-30T08:29:21","date_gmt":"2023-08-30T08:29:21","guid":{"rendered":"https:\/\/hurghadalovers.com\/shop\/nezaraden\u00e9\/cartery-z-makadi-bay-na-ostrov-orange-bay\/"},"modified":"2026-02-07T21:46:52","modified_gmt":"2026-02-07T21:46:52","slug":"makadi-bay-boat-charters-to-orange-bay-island","status":"publish","type":"product","link":"https:\/\/hurghadalovers.com\/sk\/tours\/makadi-bay-boat-charters-to-orange-bay-island\/","title":{"rendered":"\u010cartery z Makadi Bay na ostrov Orange Bay"},"content":{"rendered":"<p><strong>Lodn\u00e9 charterov\u00e9 lety do<\/strong> <strong>z\u00e1toky Makadi<\/strong> <strong>na ostrov Orange Bay<\/strong> so \u0161norchlovan\u00edm, vodn\u00fdmi \u0161portmi a obedom.<\/p>\n<p>Rezerv\u00e1cia malej <strong>jachty<\/strong> od 3 do 6 os\u00f4b alebo luxusn\u00fd <strong>pren\u00e1jom<\/strong> ve\u013ekej <strong>lode<\/strong> od 8 do 35 os\u00f4b s transferom do goto pl\u00e1vanie v najlep\u0161om <strong>dome \u00fates Spot<\/strong> a pobyt 2-4 hod v najlep\u0161ej pl\u00e1\u017ei <strong>Giftun Island<\/strong> &#8222;Orange Bay Beach&#8220;.<\/p>\n<p>&nbsp;<\/p>\n<p><strong>Najd\u00f4le\u017eitej\u0161ie inform\u00e1cie:<\/strong><\/p>\n<ul>\n<li>2 miesta \u0160norchlovanie Dom \u00fates.<\/li>\n<li>2-4 hodiny na pl\u00e1\u017ei Orange Bay Island.<\/li>\n<li>Vodn\u00e9 \u0161porty &#8222;Ban\u00e1n a Quattro&#8220;.<\/li>\n<\/ul>\n<p><strong>Makadi Bay<\/strong> <strong>\u010cartery lod\u00ed na ostrov Orange Bay Podrobnosti:<\/strong><\/p>\n<ul>\n<li>Dostupnos\u0165 z\u00e1jazdu: Ka\u017ed\u00fd de\u0148.<\/li>\n<li>Typ z\u00e1jazdu: S\u00fakromn\u00e1.<\/li>\n<li>\u010cas vyzdvihnutia: Od 07:30 hod.<\/li>\n<li>\u010cas vyzdvihnutia: 17:00.<\/li>\n<li>Bezbari\u00e9rov\u00fd pr\u00edstup.<\/li>\n<li>Trvanie: 8 hod\u00edn.<\/li>\n<\/ul>\n<p><strong>Rezervujte teraz a pla\u0165te nesk\u00f4r:<\/strong><\/p>\n<ul>\n<li>Hotovos\u0165 na mieste pre sprievodcu.<\/li>\n<li>Platba egyptsk\u00fdmi librami, $, \u20ac alebo \u00a3.<\/li>\n<\/ul>\n<p><strong>Storno podmienky:<\/strong><\/p>\n<ul>\n<li>m\u00f4\u017eete Zru\u0161i\u0165 a\u017e 24 hod\u00edn vopred.<\/li>\n<li>Ke\u010f niekto z va\u0161ej rodiny zru\u0161\u00ed dopoludnie, zaplat\u00ed 50 % n\u00e1kladov.<\/li>\n<\/ul>\n<p><strong>\u010co je s\u00fa\u010das\u0165ou balenia?<\/strong><\/p>\n<ul>\n<li>Transfer z hotelov Makadi Bay &#8222;Hotel pick up and drop off&#8220;.<\/li>\n<li>V\u0161etky dane, vstupn\u00e9 poplatky a manipula\u010dn\u00e9 poplatky.<\/li>\n<li>Sprievodca.<\/li>\n<li>Miner\u00e1lna voda + kola + mlieko + k\u00e1va\/\u010daj.<\/li>\n<li>2 Miesto na \u0161norchlovanie.<\/li>\n<li>\u0160norchlovacie vybavenie &#8222;Masky a plutvy&#8220;.<\/li>\n<li>2-4 hodiny na <strong>pl\u00e1\u017ei<\/strong> <strong>Orange Bay Island<\/strong>.<\/li>\n<li>VIP obed formou bufetu na lodi.<\/li>\n<li>Z\u00e1chrann\u00e9 vesty.<\/li>\n<\/ul>\n<p><strong>Vyl\u00fa\u010denia?<\/strong><\/p>\n<ul>\n<li>Prepitn\u00e9.<\/li>\n<li>N\u00e1poje v re\u0161taur\u00e1cii Orange Bay Island.<\/li>\n<li>Fotografovanie a fotografie na cestu.<\/li>\n<li>Pon\u00fakame pren\u00e1jom plaviek pre \u017eeny, mu\u017eov, deti v\u0161etk\u00fdch ve\u013ekost\u00ed &#8222;5$ za jeden&#8220;.<\/li>\n<li>Ak\u00e9ko\u013evek pr\u00edplatky, ktor\u00e9 neboli spomenut\u00e9.<\/li>\n<\/ul>\n<p><strong>Ceny:<\/strong><\/p>\n<p><strong>Charter malej jachty od 3 do 6 os\u00f4b = 420$<\/strong><\/p>\n<p><strong>Pren\u00e1jom luxusnej ve\u013ekej lode od 8 do 35 os\u00f4b = 770$<\/strong><\/p>\n<p><strong>Recenzie:<\/strong><\/p>\n<p>skontrolova\u0165 na\u0161e Google Map Recenzie ako najlep\u0161ie <a href=\"https:\/\/g.page\/r\/CUeYvkngP3wkEBM\/review\">Tour Operator v Hurghada<\/a> on-line v <a href=\"https:\/\/hurghadalovers.com\/\">Hurghada<\/a> Egypt.<\/p>\n<p><strong>Rezerv\u00e1cia:<\/strong><\/p>\n<p>Odosla\u0165 hotel + \u010d\u00edslo izby + foto pasov na WhatsApp: <strong>+201112596434<\/strong><\/p>\n<p>Ak ste z Egypta Rezerv\u00e1cia teraz online a potvrdi\u0165 pri pr\u00edchode Hotel.<\/p>\n<p>&nbsp;<\/p>\n<p>&nbsp;<\/p>\n","protected":false},"excerpt":{"rendered":"<p>Lodn\u00e9 charterov\u00e9 lety do z\u00e1toky Makadi na ostrov Orange Bay so \u0161norchlovan\u00edm, vodn\u00fdmi \u0161portmi a obedom. Luxusn\u00fd pren\u00e1jom ve\u013ek\u00fdch lod\u00ed a rezerv\u00e1cia mal\u00fdch j\u00e1cht na pl\u00e1\u017ei Giftun Island&#8230;<\/p>\n","protected":false},"featured_media":934603,"template":"","meta":{"_joinchat":[]},"product_brand":[],"product_cat":[36669],"product_tag":[51253,51259],"class_list":{"0":"post-387852","1":"product","2":"type-product","3":"status-publish","4":"has-post-thumbnail","6":"product_cat-prehliadky","7":"product_tag-sukromna-lod-makadi-bay","8":"product_tag-sukromny-vylet-lodou-v-zalive-makadi","9":"tour_category-zaliv-makadi-vylety","10":"tour_category-vylety-za-snorchlovanim-v-zalive-makadi","12":"first","13":"instock","14":"sale","15":"shipping-taxable","16":"purchasable","17":"product-type-tour"},"yoast_head":"<!-- This site is optimized with the Yoast SEO Premium plugin v26.9 (Yoast SEO v27.2) - https:\/\/yoast.com\/product\/yoast-seo-premium-wordpress\/ -->\n<title>Pren\u00e1jom lod\u00ed z Makadi Bay na ostrov Orange Bay | Luxusn\u00e9 jachty<\/title>\n<meta name=\"description\" content=\"Lodn\u00e9 charterov\u00e9 lety do z\u00e1toky Makadi na ostrov Orange Bay so \u0161norchlovan\u00edm, vodn\u00fdmi \u0161portmi a obedom. Pren\u00e1jom luxusn\u00fdch ve\u013ek\u00fdch lod\u00ed a rezerv\u00e1cia mal\u00fdch j...\" \/>\n<meta name=\"robots\" content=\"index, follow, max-snippet:-1, max-image-preview:large, max-video-preview:-1\" \/>\n<link rel=\"canonical\" href=\"https:\/\/hurghadalovers.com\/sk\/tours\/makadi-bay-boat-charters-to-orange-bay-island\/\" \/>\n<meta property=\"og:locale\" content=\"sk_SK\" \/>\n<meta property=\"og:type\" content=\"article\" \/>\n<meta property=\"og:title\" content=\"\u010cartery z Makadi Bay na ostrov Orange Bay\" \/>\n<meta property=\"og:description\" content=\"Lodn\u00e9 charterov\u00e9 lety do z\u00e1toky Makadi na ostrov Orange Bay so \u0161norchlovan\u00edm, vodn\u00fdmi \u0161portmi a obedom. Pren\u00e1jom luxusn\u00fdch ve\u013ek\u00fdch lod\u00ed a rezerv\u00e1cia mal\u00fdch j...\" \/>\n<meta property=\"og:url\" content=\"https:\/\/hurghadalovers.com\/sk\/tours\/makadi-bay-boat-charters-to-orange-bay-island\/\" \/>\n<meta property=\"og:site_name\" content=\"Hurghada Excursions &amp; Day Trips | Booking Best Prices Tours\" \/>\n<meta property=\"article:publisher\" content=\"https:\/\/www.facebook.com\/Hurghadaloversegypt\" \/>\n<meta property=\"article:modified_time\" content=\"2026-02-07T21:46:52+00:00\" \/>\n<meta property=\"og:image\" content=\"https:\/\/hurghadalovers.com\/wp-content\/uploads\/2023\/08\/Private-Soma-bay-Speed-boat-Rides-Half-Full-Day-Day-Cruises-All-Inclusive-2026.jpeg\" \/>\n\t<meta property=\"og:image:width\" content=\"1040\" \/>\n\t<meta property=\"og:image:height\" content=\"694\" \/>\n\t<meta property=\"og:image:type\" content=\"image\/jpeg\" \/>\n<meta name=\"twitter:card\" content=\"summary_large_image\" \/>\n<meta name=\"twitter:label1\" content=\"Cena\" \/>\n\t<meta name=\"twitter:data1\" content=\"&euro;&nbsp;420\" \/>\n\t<meta name=\"twitter:label2\" content=\"Dostupnos\u0165\" \/>\n\t<meta name=\"twitter:data2\" content=\"Na sklade\" \/>\n<script type=\"application\/ld+json\" class=\"yoast-schema-graph\">{\"@context\":\"https:\/\/schema.org\",\"@graph\":[{\"@type\":[\"WebPage\",\"ItemPage\"],\"@id\":\"https:\/\/hurghadalovers.com\/sk\/tours\/makadi-bay-boat-charters-to-orange-bay-island\/\",\"url\":\"https:\/\/hurghadalovers.com\/sk\/tours\/makadi-bay-boat-charters-to-orange-bay-island\/\",\"name\":\"Pren\u00e1jom lod\u00ed z Makadi Bay na ostrov Orange Bay | Luxusn\u00e9 jachty\",\"isPartOf\":{\"@id\":\"https:\/\/hurghadalovers.com\/sk\/#website\"},\"primaryImageOfPage\":{\"@id\":\"https:\/\/hurghadalovers.com\/sk\/tours\/makadi-bay-boat-charters-to-orange-bay-island\/#primaryimage\"},\"image\":{\"@id\":\"https:\/\/hurghadalovers.com\/sk\/tours\/makadi-bay-boat-charters-to-orange-bay-island\/#primaryimage\"},\"thumbnailUrl\":\"https:\/\/hurghadalovers.com\/wp-content\/uploads\/2023\/08\/Private-Soma-bay-Speed-boat-Rides-Half-Full-Day-Day-Cruises-All-Inclusive-2026.jpeg\",\"datePublished\":\"2023-08-30T08:29:21+00:00\",\"dateModified\":\"2026-02-07T21:46:52+00:00\",\"description\":\"Lodn\u00e9 charterov\u00e9 lety do z\u00e1toky Makadi na ostrov Orange Bay so \u0161norchlovan\u00edm, vodn\u00fdmi \u0161portmi a obedom. Pren\u00e1jom luxusn\u00fdch ve\u013ek\u00fdch lod\u00ed a rezerv\u00e1cia mal\u00fdch j...\",\"breadcrumb\":{\"@id\":\"https:\/\/hurghadalovers.com\/sk\/tours\/makadi-bay-boat-charters-to-orange-bay-island\/#breadcrumb\"},\"inLanguage\":\"sk-SK\",\"potentialAction\":[{\"@type\":\"ReadAction\",\"target\":[\"https:\/\/hurghadalovers.com\/sk\/tours\/makadi-bay-boat-charters-to-orange-bay-island\/\"]}]},{\"@type\":\"ImageObject\",\"inLanguage\":\"sk-SK\",\"@id\":\"https:\/\/hurghadalovers.com\/sk\/tours\/makadi-bay-boat-charters-to-orange-bay-island\/#primaryimage\",\"url\":\"https:\/\/hurghadalovers.com\/wp-content\/uploads\/2023\/08\/Private-Soma-bay-Speed-boat-Rides-Half-Full-Day-Day-Cruises-All-Inclusive-2026.jpeg\",\"contentUrl\":\"https:\/\/hurghadalovers.com\/wp-content\/uploads\/2023\/08\/Private-Soma-bay-Speed-boat-Rides-Half-Full-Day-Day-Cruises-All-Inclusive-2026.jpeg\",\"width\":1040,\"height\":694,\"caption\":\"Private Soma bay Speed boat Rides Half : Full Day Day Cruises All Inclusive 2026\"},{\"@type\":\"BreadcrumbList\",\"@id\":\"https:\/\/hurghadalovers.com\/sk\/tours\/makadi-bay-boat-charters-to-orange-bay-island\/#breadcrumb\",\"itemListElement\":[{\"@type\":\"ListItem\",\"position\":1,\"name\":\"Home\",\"item\":\"https:\/\/hurghadalovers.com\/sk\/\"},{\"@type\":\"ListItem\",\"position\":2,\"name\":\"Shop\",\"item\":\"https:\/\/hurghadalovers.com\/shop\/\"},{\"@type\":\"ListItem\",\"position\":3,\"name\":\"\u010cartery z Makadi Bay na ostrov Orange Bay\"}]},{\"@type\":\"WebSite\",\"@id\":\"https:\/\/hurghadalovers.com\/sk\/#website\",\"url\":\"https:\/\/hurghadalovers.com\/sk\/\",\"name\":\"Hurghada Excursions & Day Trips | Booking Best Prices Tours\",\"description\":\"Hurghada Lovers - Best Tour Operator - Excursions &amp; Things to do for Family Day Trips with kids and Couples Romantic. Unique .Hidden gems\",\"publisher\":{\"@id\":\"https:\/\/hurghadalovers.com\/sk\/#organization\"},\"alternateName\":\"Hurghada Excursions\",\"potentialAction\":[{\"@type\":\"SearchAction\",\"target\":{\"@type\":\"EntryPoint\",\"urlTemplate\":\"https:\/\/hurghadalovers.com\/sk\/?s={search_term_string}\"},\"query-input\":{\"@type\":\"PropertyValueSpecification\",\"valueRequired\":true,\"valueName\":\"search_term_string\"}}],\"inLanguage\":\"sk-SK\"},{\"@type\":[\"Organization\",\"Place\",\"TravelAgency\"],\"@id\":\"https:\/\/hurghadalovers.com\/sk\/#organization\",\"name\":\"Hurghada Excursions\",\"url\":\"https:\/\/hurghadalovers.com\/sk\/\",\"logo\":{\"@id\":\"https:\/\/hurghadalovers.com\/sk\/tours\/makadi-bay-boat-charters-to-orange-bay-island\/#local-main-organization-logo\"},\"image\":{\"@id\":\"https:\/\/hurghadalovers.com\/sk\/tours\/makadi-bay-boat-charters-to-orange-bay-island\/#local-main-organization-logo\"},\"sameAs\":[\"https:\/\/www.facebook.com\/Hurghadaloversegypt\"],\"address\":{\"@id\":\"https:\/\/hurghadalovers.com\/sk\/tours\/makadi-bay-boat-charters-to-orange-bay-island\/#local-main-place-address\"},\"telephone\":[\"00201112596434\"],\"contactPoint\":{\"@type\":\"ContactPoint\",\"telephone\":\"00201112596434\",\"email\":\"weyouface@gmail.com\"},\"openingHoursSpecification\":{\"@type\":\"OpeningHoursSpecification\",\"dayOfWeek\":[\"Monday\",\"Tuesday\",\"Wednesday\",\"Thursday\",\"Friday\",\"Saturday\",\"Sunday\"],\"opens\":\"00:00\",\"closes\":\"23:59\"},\"email\":\"weyouface@gmail.com\",\"areaServed\":\"Luxor, Hurghada, El Gouna, Aswan, Sharm El Sheikh, Giza, Alexandria, Marsa Alam, Quseir, Soma Bay, Sahl Hasheesh, Red Sea, Makadi Bay, Cairo\",\"priceRange\":\"$\",\"currenciesAccepted\":\"euro\",\"paymentAccepted\":\"cash on site\"},{\"@type\":\"PostalAddress\",\"@id\":\"https:\/\/hurghadalovers.com\/sk\/tours\/makadi-bay-boat-charters-to-orange-bay-island\/#local-main-place-address\",\"streetAddress\":\"17 Banks street, Alkawther area, top nbk bank\",\"addressLocality\":\"hurghada\",\"postalCode\":\"84511\",\"addressRegion\":\"red sea\",\"addressCountry\":\"EG\"},{\"@type\":\"ImageObject\",\"inLanguage\":\"sk-SK\",\"@id\":\"https:\/\/hurghadalovers.com\/sk\/tours\/makadi-bay-boat-charters-to-orange-bay-island\/#local-main-organization-logo\",\"url\":\"https:\/\/hurghadalovers.com\/wp-content\/uploads\/2019\/10\/hurghada-excursions-logo.png\",\"contentUrl\":\"https:\/\/hurghadalovers.com\/wp-content\/uploads\/2019\/10\/hurghada-excursions-logo.png\",\"width\":272,\"height\":90,\"caption\":\"Hurghada Excursions\"}]}<\/script>\n<meta property=\"product:brand\" content=\"Fakultat\u00edvne V\u00fdlety Makadi Bay\" \/>\n<meta property=\"product:price:amount\" content=\"420\" \/>\n<meta property=\"product:price:currency\" content=\"EUR\" \/>\n<meta property=\"og:availability\" content=\"instock\" \/>\n<meta property=\"product:availability\" content=\"instock\" \/>\n<meta property=\"product:retailer_item_id\" content=\"MakadiSnorkeling032024\" \/>\n<meta property=\"product:condition\" content=\"new\" \/>\n<meta name=\"geo.placename\" content=\"hurghada\" \/>\n<meta name=\"geo.region\" content=\"Egypt\" \/>\n<!-- \/ Yoast SEO Premium plugin. -->","yoast_head_json":{"title":"Pren\u00e1jom lod\u00ed z Makadi Bay na ostrov Orange Bay | Luxusn\u00e9 jachty","description":"Lodn\u00e9 charterov\u00e9 lety do z\u00e1toky Makadi na ostrov Orange Bay so \u0161norchlovan\u00edm, vodn\u00fdmi \u0161portmi a obedom. Pren\u00e1jom luxusn\u00fdch ve\u013ek\u00fdch lod\u00ed a rezerv\u00e1cia mal\u00fdch j...","robots":{"index":"index","follow":"follow","max-snippet":"max-snippet:-1","max-image-preview":"max-image-preview:large","max-video-preview":"max-video-preview:-1"},"canonical":"https:\/\/hurghadalovers.com\/sk\/tours\/makadi-bay-boat-charters-to-orange-bay-island\/","og_locale":"sk_SK","og_type":"article","og_title":"\u010cartery z Makadi Bay na ostrov Orange Bay","og_description":"Lodn\u00e9 charterov\u00e9 lety do z\u00e1toky Makadi na ostrov Orange Bay so \u0161norchlovan\u00edm, vodn\u00fdmi \u0161portmi a obedom. Pren\u00e1jom luxusn\u00fdch ve\u013ek\u00fdch lod\u00ed a rezerv\u00e1cia mal\u00fdch j...","og_url":"https:\/\/hurghadalovers.com\/sk\/tours\/makadi-bay-boat-charters-to-orange-bay-island\/","og_site_name":"Hurghada Excursions &amp; Day Trips | Booking Best Prices Tours","article_publisher":"https:\/\/www.facebook.com\/Hurghadaloversegypt","article_modified_time":"2026-02-07T21:46:52+00:00","og_image":[{"width":1040,"height":694,"url":"https:\/\/hurghadalovers.com\/wp-content\/uploads\/2023\/08\/Private-Soma-bay-Speed-boat-Rides-Half-Full-Day-Day-Cruises-All-Inclusive-2026.jpeg","type":"image\/jpeg"}],"twitter_card":"summary_large_image","twitter_misc":{"Cena":"&euro;&nbsp;420","Dostupnos\u0165":"Na sklade"},"schema":{"@context":"https:\/\/schema.org","@graph":[{"@type":["WebPage","ItemPage"],"@id":"https:\/\/hurghadalovers.com\/sk\/tours\/makadi-bay-boat-charters-to-orange-bay-island\/","url":"https:\/\/hurghadalovers.com\/sk\/tours\/makadi-bay-boat-charters-to-orange-bay-island\/","name":"Pren\u00e1jom lod\u00ed z Makadi Bay na ostrov Orange Bay | Luxusn\u00e9 jachty","isPartOf":{"@id":"https:\/\/hurghadalovers.com\/sk\/#website"},"primaryImageOfPage":{"@id":"https:\/\/hurghadalovers.com\/sk\/tours\/makadi-bay-boat-charters-to-orange-bay-island\/#primaryimage"},"image":{"@id":"https:\/\/hurghadalovers.com\/sk\/tours\/makadi-bay-boat-charters-to-orange-bay-island\/#primaryimage"},"thumbnailUrl":"https:\/\/hurghadalovers.com\/wp-content\/uploads\/2023\/08\/Private-Soma-bay-Speed-boat-Rides-Half-Full-Day-Day-Cruises-All-Inclusive-2026.jpeg","datePublished":"2023-08-30T08:29:21+00:00","dateModified":"2026-02-07T21:46:52+00:00","description":"Lodn\u00e9 charterov\u00e9 lety do z\u00e1toky Makadi na ostrov Orange Bay so \u0161norchlovan\u00edm, vodn\u00fdmi \u0161portmi a obedom. Pren\u00e1jom luxusn\u00fdch ve\u013ek\u00fdch lod\u00ed a rezerv\u00e1cia mal\u00fdch j...","breadcrumb":{"@id":"https:\/\/hurghadalovers.com\/sk\/tours\/makadi-bay-boat-charters-to-orange-bay-island\/#breadcrumb"},"inLanguage":"sk-SK","potentialAction":[{"@type":"ReadAction","target":["https:\/\/hurghadalovers.com\/sk\/tours\/makadi-bay-boat-charters-to-orange-bay-island\/"]}]},{"@type":"ImageObject","inLanguage":"sk-SK","@id":"https:\/\/hurghadalovers.com\/sk\/tours\/makadi-bay-boat-charters-to-orange-bay-island\/#primaryimage","url":"https:\/\/hurghadalovers.com\/wp-content\/uploads\/2023\/08\/Private-Soma-bay-Speed-boat-Rides-Half-Full-Day-Day-Cruises-All-Inclusive-2026.jpeg","contentUrl":"https:\/\/hurghadalovers.com\/wp-content\/uploads\/2023\/08\/Private-Soma-bay-Speed-boat-Rides-Half-Full-Day-Day-Cruises-All-Inclusive-2026.jpeg","width":1040,"height":694,"caption":"Private Soma bay Speed boat Rides Half : Full Day Day Cruises All Inclusive 2026"},{"@type":"BreadcrumbList","@id":"https:\/\/hurghadalovers.com\/sk\/tours\/makadi-bay-boat-charters-to-orange-bay-island\/#breadcrumb","itemListElement":[{"@type":"ListItem","position":1,"name":"Home","item":"https:\/\/hurghadalovers.com\/sk\/"},{"@type":"ListItem","position":2,"name":"Shop","item":"https:\/\/hurghadalovers.com\/shop\/"},{"@type":"ListItem","position":3,"name":"\u010cartery z Makadi Bay na ostrov Orange Bay"}]},{"@type":"WebSite","@id":"https:\/\/hurghadalovers.com\/sk\/#website","url":"https:\/\/hurghadalovers.com\/sk\/","name":"Hurghada Excursions & Day Trips | Booking Best Prices Tours","description":"Hurghada Lovers - Best Tour Operator - Excursions &amp; Things to do for Family Day Trips with kids and Couples Romantic. Unique .Hidden gems","publisher":{"@id":"https:\/\/hurghadalovers.com\/sk\/#organization"},"alternateName":"Hurghada Excursions","potentialAction":[{"@type":"SearchAction","target":{"@type":"EntryPoint","urlTemplate":"https:\/\/hurghadalovers.com\/sk\/?s={search_term_string}"},"query-input":{"@type":"PropertyValueSpecification","valueRequired":true,"valueName":"search_term_string"}}],"inLanguage":"sk-SK"},{"@type":["Organization","Place","TravelAgency"],"@id":"https:\/\/hurghadalovers.com\/sk\/#organization","name":"Hurghada Excursions","url":"https:\/\/hurghadalovers.com\/sk\/","logo":{"@id":"https:\/\/hurghadalovers.com\/sk\/tours\/makadi-bay-boat-charters-to-orange-bay-island\/#local-main-organization-logo"},"image":{"@id":"https:\/\/hurghadalovers.com\/sk\/tours\/makadi-bay-boat-charters-to-orange-bay-island\/#local-main-organization-logo"},"sameAs":["https:\/\/www.facebook.com\/Hurghadaloversegypt"],"address":{"@id":"https:\/\/hurghadalovers.com\/sk\/tours\/makadi-bay-boat-charters-to-orange-bay-island\/#local-main-place-address"},"telephone":["00201112596434"],"contactPoint":{"@type":"ContactPoint","telephone":"00201112596434","email":"weyouface@gmail.com"},"openingHoursSpecification":{"@type":"OpeningHoursSpecification","dayOfWeek":["Monday","Tuesday","Wednesday","Thursday","Friday","Saturday","Sunday"],"opens":"00:00","closes":"23:59"},"email":"weyouface@gmail.com","areaServed":"Luxor, Hurghada, El Gouna, Aswan, Sharm El Sheikh, Giza, Alexandria, Marsa Alam, Quseir, Soma Bay, Sahl Hasheesh, Red Sea, Makadi Bay, Cairo","priceRange":"$","currenciesAccepted":"euro","paymentAccepted":"cash on site"},{"@type":"PostalAddress","@id":"https:\/\/hurghadalovers.com\/sk\/tours\/makadi-bay-boat-charters-to-orange-bay-island\/#local-main-place-address","streetAddress":"17 Banks street, Alkawther area, top nbk bank","addressLocality":"hurghada","postalCode":"84511","addressRegion":"red sea","addressCountry":"EG"},{"@type":"ImageObject","inLanguage":"sk-SK","@id":"https:\/\/hurghadalovers.com\/sk\/tours\/makadi-bay-boat-charters-to-orange-bay-island\/#local-main-organization-logo","url":"https:\/\/hurghadalovers.com\/wp-content\/uploads\/2019\/10\/hurghada-excursions-logo.png","contentUrl":"https:\/\/hurghadalovers.com\/wp-content\/uploads\/2019\/10\/hurghada-excursions-logo.png","width":272,"height":90,"caption":"Hurghada Excursions"}]},"product_brand":"Fakultat\u00edvne V\u00fdlety Makadi Bay","product_price_amount":"420","product_price_currency":"EUR","og_availability":"instock","product_availability":"instock","product_retailer_item_id":"MakadiSnorkeling032024","product_condition":"new","geo.placename":"hurghada","geo.region":"Egypt"},"_links":{"self":[{"href":"https:\/\/hurghadalovers.com\/sk\/wp-json\/wp\/v2\/product\/387852","targetHints":{"allow":["GET"]}}],"collection":[{"href":"https:\/\/hurghadalovers.com\/sk\/wp-json\/wp\/v2\/product"}],"about":[{"href":"https:\/\/hurghadalovers.com\/sk\/wp-json\/wp\/v2\/types\/product"}],"wp:featuredmedia":[{"embeddable":true,"href":"https:\/\/hurghadalovers.com\/sk\/wp-json\/wp\/v2\/media\/934603"}],"wp:attachment":[{"href":"https:\/\/hurghadalovers.com\/sk\/wp-json\/wp\/v2\/media?parent=387852"}],"wp:term":[{"taxonomy":"product_brand","embeddable":true,"href":"https:\/\/hurghadalovers.com\/sk\/wp-json\/wp\/v2\/product_brand?post=387852"},{"taxonomy":"product_cat","embeddable":true,"href":"https:\/\/hurghadalovers.com\/sk\/wp-json\/wp\/v2\/product_cat?post=387852"},{"taxonomy":"product_tag","embeddable":true,"href":"https:\/\/hurghadalovers.com\/sk\/wp-json\/wp\/v2\/product_tag?post=387852"}],"curies":[{"name":"wp","href":"https:\/\/api.w.org\/{rel}","templated":true}]}}