{"id":387791,"date":"2023-08-30T08:17:41","date_gmt":"2023-08-30T08:17:41","guid":{"rendered":"https:\/\/hurghadalovers.com\/shop\/nezaraden\u00e9\/pirati-plachetnica-na-ostrov-orange-bay-z-makadi-bay\/"},"modified":"2026-02-08T09:16:27","modified_gmt":"2026-02-08T09:16:27","slug":"pirati-plachetnica-na-oranzovy-ostrov-z-zalivu-makadi","status":"publish","type":"product","link":"https:\/\/hurghadalovers.com\/sk\/tours\/pirati-plachetnica-na-oranzovy-ostrov-z-zalivu-makadi\/","title":{"rendered":"Pir\u00e1ti Plachetnica na ostrov Orange bay z Makadi Bay"},"content":{"rendered":"<p><strong>Pir\u00e1ti Plachetnica na ostrov Orange bay z <\/strong><strong>Makadi Bay<\/strong> s VIP obedom.<\/p>\n<p>Ak h\u013ead\u00e1te najviac  <strong>luxusn\u00e1 plachetnica<\/strong> str\u00e1vi\u0165 \u0161peci\u00e1lny cel\u00fd de\u0148 a u\u017ei\u0165 si viac  <strong>s\u00fakromie<\/strong>, prosperita a  <strong>luxus<\/strong>, jes\u0165 najkraj\u0161ie chutn\u00e9 jedl\u00e1, krevety a morsk\u00e9 plody, pl\u00e1va\u0165 v najkraj\u0161\u00edch  <strong>koralov\u00e9ho \u00fatesu<\/strong> a \u00eds\u0165 na najkraj\u0161ie pl\u00e1\u017ee  <strong>Ostrov Giftun<\/strong>, pripojte sa k n\u00e1m teraz&#8230;<\/p>\n<p style=\"text-align: center;\"><span style=\"color: #00ccff;\">Najkraj\u0161ie Makadi Bay <strong>Aktivity pre rodiny<\/strong>, <strong>\u010co robi\u0165 s de\u0165mi<\/strong>, Seniori, <strong>Medov\u00e9 t\u00fd\u017edne<\/strong> a <strong>P\u00e1r<\/strong>.<\/span><\/p>\n<p>&nbsp;<\/p>\n<p><strong>Najd\u00f4le\u017eitej\u0161ie inform\u00e1cie:<\/strong><\/p>\n<ul>\n<li>\u0160norchlovanie na jednom mieste House Reef.<\/li>\n<li>1 hodina na pl\u00e1\u017ei Orange Bay Island.<\/li>\n<\/ul>\n<p><strong>Pir\u00e1ti Plachetnica na ostrov Orange bay z <\/strong><strong>Makadi Bay<\/strong> <strong>Podrobnosti:<\/strong><\/p>\n<ul>\n<li>Dostupnos\u0165 z\u00e1jazdu: Ka\u017ed\u00fd de\u0148.<\/li>\n<li>Typ z\u00e1jazdu: Skupina.<\/li>\n<li>\u010cas vyzdvihnutia: Od 07:30 hod.<\/li>\n<li>\u010cas vyzdvihnutia: 15:00.<\/li>\n<li>Bezbari\u00e9rov\u00fd pr\u00edstup.<\/li>\n<li>Trvanie: Trvanie: 6 hod.<\/li>\n<\/ul>\n<p><strong>Rezervujte teraz a pla\u0165te nesk\u00f4r:<\/strong><\/p>\n<ul>\n<li>Hotovos\u0165 na mieste pre sprievodcu.<\/li>\n<li>Platba egyptsk\u00fdmi librami, $, \u20ac alebo \u00a3.<\/li>\n<\/ul>\n<p><strong>Storno podmienky:<\/strong><\/p>\n<ul>\n<li>m\u00f4\u017eete Zru\u0161i\u0165 a\u017e 24 hod\u00edn vopred.<\/li>\n<li>Ke\u010f niekto z va\u0161ej rodiny zru\u0161\u00ed dopoludnie, zaplat\u00ed 50 % n\u00e1kladov.<\/li>\n<\/ul>\n<p><strong>\u010co je s\u00fa\u010das\u0165ou balenia?<\/strong><\/p>\n<ul>\n<li>Transfer z hotelov Makadi Bay &#8222;Hotel pick up and drop off&#8220;.<\/li>\n<li>V\u0161etky dane, vstupn\u00e9 poplatky a manipula\u010dn\u00e9 poplatky.<\/li>\n<li>Sprievodca.<\/li>\n<li>Miner\u00e1lna voda + kola + mlieko + k\u00e1va\/\u010daj.<\/li>\n<li>1 Miesto na \u0161norchlovanie.<\/li>\n<li>\u0160norchlovacie vybavenie &#8222;Masky a plutvy&#8220;.<\/li>\n<li>1 hodina na <strong>pl\u00e1\u017ei<\/strong> <strong>Orange Bay Island<\/strong>.<\/li>\n<li>VIP obed formou bufetu na lodi &#8222;Morsk\u00e1 polievka \/ 3 druhy \u010derstv\u00fdch \u0161al\u00e1tov \/ ry\u017ea, cestoviny, zemiaky \/ krevety, kalam\u00e1re, ryby, kuracie m\u00e4so a kofta \/ sez\u00f3nne \u010derstv\u00e9 ovocie.&#8220;.<\/li>\n<li>Z\u00e1chrann\u00e9 vesty.<\/li>\n<\/ul>\n<p><strong>Vyl\u00fa\u010denia?<\/strong><\/p>\n<ul>\n<li>Prepitn\u00e9.<\/li>\n<li>N\u00e1poje v re\u0161taur\u00e1cii Orange Bay Island.<\/li>\n<li>Fotografovanie a fotografie na cestu.<\/li>\n<li>Pon\u00fakame pren\u00e1jom plaviek pre \u017eeny, mu\u017eov, deti v\u0161etk\u00fdch ve\u013ekost\u00ed &#8222;5$ za jeden&#8220;.<\/li>\n<li>Ak\u00e9ko\u013evek pr\u00edplatky, ktor\u00e9 neboli spomenut\u00e9.<\/li>\n<\/ul>\n<p><strong>Ceny:<\/strong><\/p>\n<ul>\n<li><strong>Cena pre dospel\u00fdch = 90 USD na osobu<\/strong>.<\/li>\n<li>Cena pre deti &#8222;3-10&#8220; = 50%.<\/li>\n<li>pre deti &#8222;0-3&#8220; = zadarmo.<\/li>\n<\/ul>\n<p><strong>Recenzie:<\/strong><\/p>\n<p>skontrolova\u0165 na\u0161e Google Map Recenzie ako najlep\u0161ie <a href=\"https:\/\/g.page\/r\/CUeYvkngP3wkEBM\/review\">Tour Operator v Hurghada<\/a> on-line v <a href=\"https:\/\/hurghadalovers.com\/\">Hurghada<\/a> Egypt.<\/p>\n<p><strong>Rezerv\u00e1cia:<\/strong><\/p>\n<p>Odosla\u0165 hotel + \u010d\u00edslo izby + foto pasov na WhatsApp: <strong>+201112596434<\/strong><\/p>\n<p>Ak ste z Egypta Rezerv\u00e1cia teraz online a potvrdi\u0165 pri pr\u00edchode Hotel.<\/p>\n<p>&nbsp;<\/p>\n<p>&nbsp;<\/p>\n","protected":false},"excerpt":{"rendered":"<p>Pir\u00e1ti Plachetnica na ostrov Orange bay z Makadi Bay s VIP obedom. \u010co robi\u0165 s de\u0165mi, seniormi, na svadobnej ceste a v p\u00e1re. <span style=\"color: #00ccff;\">Najkraj\u0161ie <strong>aktivity v<\/strong> z\u00e1live Makadi Bay <strong>vhodn\u00e9 pre rodiny<\/strong><\/span><\/p>\n","protected":false},"featured_media":387731,"template":"","meta":{"_joinchat":[]},"product_brand":[],"product_cat":[36669],"product_tag":[],"class_list":{"0":"post-387791","1":"product","2":"type-product","3":"status-publish","4":"has-post-thumbnail","6":"product_cat-prehliadky","7":"tour_category-zaliv-makadi-vylety","8":"tour_category-vylety-za-snorchlovanim-v-zalive-makadi","10":"first","11":"instock","12":"sale","13":"shipping-taxable","14":"purchasable","15":"product-type-tour"},"yoast_head":"<!-- This site is optimized with the Yoast SEO Premium plugin v26.9 (Yoast SEO v27.2) - https:\/\/yoast.com\/product\/yoast-seo-premium-wordpress\/ -->\n<title>Pir\u00e1ti Plachetnica na ostrov Orange bay z Makadi Bay VIP<\/title>\n<meta name=\"description\" content=\"Pir\u00e1ti Plachetnica na ostrov Orange bay z Makadi Bay s VIP obedom. \u010co robi\u0165 s de\u0165mi, seniormi, na svadobnej ceste a v p\u00e1re. Rodinn\u00e1 str\u00e1nka\" \/>\n<meta name=\"robots\" content=\"index, follow, max-snippet:-1, max-image-preview:large, max-video-preview:-1\" \/>\n<link rel=\"canonical\" href=\"https:\/\/hurghadalovers.com\/sk\/tours\/pirati-plachetnica-na-oranzovy-ostrov-z-zalivu-makadi\/\" \/>\n<meta property=\"og:locale\" content=\"sk_SK\" \/>\n<meta property=\"og:type\" content=\"article\" \/>\n<meta property=\"og:title\" content=\"Pir\u00e1ti Plachetnica na ostrov Orange bay z Makadi Bay\" \/>\n<meta property=\"og:description\" content=\"Pir\u00e1ti Plachetnica na ostrov Orange bay z Makadi Bay s VIP obedom. \u010co robi\u0165 s de\u0165mi, seniormi, na svadobnej ceste a v p\u00e1re. Rodinn\u00e1 str\u00e1nka\" \/>\n<meta property=\"og:url\" content=\"https:\/\/hurghadalovers.com\/sk\/tours\/pirati-plachetnica-na-oranzovy-ostrov-z-zalivu-makadi\/\" \/>\n<meta property=\"og:site_name\" content=\"Hurghada Excursions &amp; Day Trips | Booking Best Prices Tours\" \/>\n<meta property=\"article:publisher\" content=\"https:\/\/www.facebook.com\/Hurghadaloversegypt\" \/>\n<meta property=\"article:modified_time\" content=\"2026-02-08T09:16:27+00:00\" \/>\n<meta property=\"og:image\" content=\"https:\/\/hurghadalovers.com\/wp-content\/uploads\/2023\/08\/Pirates-Sailing-Boat-to-Orange-bay-Island-from-Makadi-Bay-VIP.jpeg\" \/>\n\t<meta property=\"og:image:width\" content=\"1156\" \/>\n\t<meta property=\"og:image:height\" content=\"867\" \/>\n\t<meta property=\"og:image:type\" content=\"image\/jpeg\" \/>\n<meta name=\"twitter:card\" content=\"summary_large_image\" \/>\n<meta name=\"twitter:label1\" content=\"Cena\" \/>\n\t<meta name=\"twitter:data1\" content=\"&euro;&nbsp;90\" \/>\n\t<meta name=\"twitter:label2\" content=\"Dostupnos\u0165\" \/>\n\t<meta name=\"twitter:data2\" content=\"Na sklade\" \/>\n<script type=\"application\/ld+json\" class=\"yoast-schema-graph\">{\"@context\":\"https:\/\/schema.org\",\"@graph\":[{\"@type\":[\"WebPage\",\"ItemPage\"],\"@id\":\"https:\/\/hurghadalovers.com\/sk\/tours\/pirati-plachetnica-na-oranzovy-ostrov-z-zalivu-makadi\/\",\"url\":\"https:\/\/hurghadalovers.com\/sk\/tours\/pirati-plachetnica-na-oranzovy-ostrov-z-zalivu-makadi\/\",\"name\":\"Pir\u00e1ti Plachetnica na ostrov Orange bay z Makadi Bay VIP\",\"isPartOf\":{\"@id\":\"https:\/\/hurghadalovers.com\/sk\/#website\"},\"primaryImageOfPage\":{\"@id\":\"https:\/\/hurghadalovers.com\/sk\/tours\/pirati-plachetnica-na-oranzovy-ostrov-z-zalivu-makadi\/#primaryimage\"},\"image\":{\"@id\":\"https:\/\/hurghadalovers.com\/sk\/tours\/pirati-plachetnica-na-oranzovy-ostrov-z-zalivu-makadi\/#primaryimage\"},\"thumbnailUrl\":\"https:\/\/hurghadalovers.com\/wp-content\/uploads\/2023\/08\/Pirates-Sailing-Boat-to-Orange-bay-Island-from-Makadi-Bay-VIP.jpeg\",\"datePublished\":\"2023-08-30T08:17:41+00:00\",\"dateModified\":\"2026-02-08T09:16:27+00:00\",\"description\":\"Pir\u00e1ti Plachetnica na ostrov Orange bay z Makadi Bay s VIP obedom. \u010co robi\u0165 s de\u0165mi, seniormi, na svadobnej ceste a v p\u00e1re. Rodinn\u00e1 str\u00e1nka\",\"breadcrumb\":{\"@id\":\"https:\/\/hurghadalovers.com\/sk\/tours\/pirati-plachetnica-na-oranzovy-ostrov-z-zalivu-makadi\/#breadcrumb\"},\"inLanguage\":\"sk-SK\",\"potentialAction\":[{\"@type\":\"ReadAction\",\"target\":[\"https:\/\/hurghadalovers.com\/sk\/tours\/pirati-plachetnica-na-oranzovy-ostrov-z-zalivu-makadi\/\"]}]},{\"@type\":\"ImageObject\",\"inLanguage\":\"sk-SK\",\"@id\":\"https:\/\/hurghadalovers.com\/sk\/tours\/pirati-plachetnica-na-oranzovy-ostrov-z-zalivu-makadi\/#primaryimage\",\"url\":\"https:\/\/hurghadalovers.com\/wp-content\/uploads\/2023\/08\/Pirates-Sailing-Boat-to-Orange-bay-Island-from-Makadi-Bay-VIP.jpeg\",\"contentUrl\":\"https:\/\/hurghadalovers.com\/wp-content\/uploads\/2023\/08\/Pirates-Sailing-Boat-to-Orange-bay-Island-from-Makadi-Bay-VIP.jpeg\",\"width\":1156,\"height\":867,\"caption\":\"Pirates Sailing Boat to Orange bay Island from\u00a0Makadi Bay VIP\"},{\"@type\":\"BreadcrumbList\",\"@id\":\"https:\/\/hurghadalovers.com\/sk\/tours\/pirati-plachetnica-na-oranzovy-ostrov-z-zalivu-makadi\/#breadcrumb\",\"itemListElement\":[{\"@type\":\"ListItem\",\"position\":1,\"name\":\"Home\",\"item\":\"https:\/\/hurghadalovers.com\/sk\/\"},{\"@type\":\"ListItem\",\"position\":2,\"name\":\"Shop\",\"item\":\"https:\/\/hurghadalovers.com\/shop\/\"},{\"@type\":\"ListItem\",\"position\":3,\"name\":\"Pir\u00e1ti Plachetnica na ostrov Orange bay z Makadi Bay\"}]},{\"@type\":\"WebSite\",\"@id\":\"https:\/\/hurghadalovers.com\/sk\/#website\",\"url\":\"https:\/\/hurghadalovers.com\/sk\/\",\"name\":\"Hurghada Excursions & Day Trips | Booking Best Prices Tours\",\"description\":\"Hurghada Lovers - Best Tour Operator - Excursions &amp; Things to do for Family Day Trips with kids and Couples Romantic. Unique .Hidden gems\",\"publisher\":{\"@id\":\"https:\/\/hurghadalovers.com\/sk\/#organization\"},\"alternateName\":\"Hurghada Excursions\",\"potentialAction\":[{\"@type\":\"SearchAction\",\"target\":{\"@type\":\"EntryPoint\",\"urlTemplate\":\"https:\/\/hurghadalovers.com\/sk\/?s={search_term_string}\"},\"query-input\":{\"@type\":\"PropertyValueSpecification\",\"valueRequired\":true,\"valueName\":\"search_term_string\"}}],\"inLanguage\":\"sk-SK\"},{\"@type\":[\"Organization\",\"Place\",\"TravelAgency\"],\"@id\":\"https:\/\/hurghadalovers.com\/sk\/#organization\",\"name\":\"Hurghada Excursions\",\"url\":\"https:\/\/hurghadalovers.com\/sk\/\",\"logo\":{\"@id\":\"https:\/\/hurghadalovers.com\/sk\/tours\/pirati-plachetnica-na-oranzovy-ostrov-z-zalivu-makadi\/#local-main-organization-logo\"},\"image\":{\"@id\":\"https:\/\/hurghadalovers.com\/sk\/tours\/pirati-plachetnica-na-oranzovy-ostrov-z-zalivu-makadi\/#local-main-organization-logo\"},\"sameAs\":[\"https:\/\/www.facebook.com\/Hurghadaloversegypt\"],\"address\":{\"@id\":\"https:\/\/hurghadalovers.com\/sk\/tours\/pirati-plachetnica-na-oranzovy-ostrov-z-zalivu-makadi\/#local-main-place-address\"},\"telephone\":[\"00201112596434\"],\"contactPoint\":{\"@type\":\"ContactPoint\",\"telephone\":\"00201112596434\",\"email\":\"weyouface@gmail.com\"},\"openingHoursSpecification\":{\"@type\":\"OpeningHoursSpecification\",\"dayOfWeek\":[\"Monday\",\"Tuesday\",\"Wednesday\",\"Thursday\",\"Friday\",\"Saturday\",\"Sunday\"],\"opens\":\"00:00\",\"closes\":\"23:59\"},\"email\":\"weyouface@gmail.com\",\"areaServed\":\"Luxor, Hurghada, El Gouna, Aswan, Sharm El Sheikh, Giza, Alexandria, Marsa Alam, Quseir, Soma Bay, Sahl Hasheesh, Red Sea, Makadi Bay, Cairo\",\"priceRange\":\"$\",\"currenciesAccepted\":\"euro\",\"paymentAccepted\":\"cash on site\"},{\"@type\":\"PostalAddress\",\"@id\":\"https:\/\/hurghadalovers.com\/sk\/tours\/pirati-plachetnica-na-oranzovy-ostrov-z-zalivu-makadi\/#local-main-place-address\",\"streetAddress\":\"17 Banks street, Alkawther area, top nbk bank\",\"addressLocality\":\"hurghada\",\"postalCode\":\"84511\",\"addressRegion\":\"red sea\",\"addressCountry\":\"EG\"},{\"@type\":\"ImageObject\",\"inLanguage\":\"sk-SK\",\"@id\":\"https:\/\/hurghadalovers.com\/sk\/tours\/pirati-plachetnica-na-oranzovy-ostrov-z-zalivu-makadi\/#local-main-organization-logo\",\"url\":\"https:\/\/hurghadalovers.com\/wp-content\/uploads\/2019\/10\/hurghada-excursions-logo.png\",\"contentUrl\":\"https:\/\/hurghadalovers.com\/wp-content\/uploads\/2019\/10\/hurghada-excursions-logo.png\",\"width\":272,\"height\":90,\"caption\":\"Hurghada Excursions\"}]}<\/script>\n<meta property=\"product:brand\" content=\"Fakultat\u00edvne V\u00fdlety Makadi Bay\" \/>\n<meta property=\"product:price:amount\" content=\"90\" \/>\n<meta property=\"product:price:currency\" content=\"EUR\" \/>\n<meta property=\"og:availability\" content=\"instock\" \/>\n<meta property=\"product:availability\" content=\"instock\" \/>\n<meta property=\"product:retailer_item_id\" content=\"MakadiSnorkeling022024\" \/>\n<meta property=\"product:condition\" content=\"new\" \/>\n<meta name=\"geo.placename\" content=\"hurghada\" \/>\n<meta name=\"geo.region\" content=\"Egypt\" \/>\n<!-- \/ Yoast SEO Premium plugin. -->","yoast_head_json":{"title":"Pir\u00e1ti Plachetnica na ostrov Orange bay z Makadi Bay VIP","description":"Pir\u00e1ti Plachetnica na ostrov Orange bay z Makadi Bay s VIP obedom. \u010co robi\u0165 s de\u0165mi, seniormi, na svadobnej ceste a v p\u00e1re. Rodinn\u00e1 str\u00e1nka","robots":{"index":"index","follow":"follow","max-snippet":"max-snippet:-1","max-image-preview":"max-image-preview:large","max-video-preview":"max-video-preview:-1"},"canonical":"https:\/\/hurghadalovers.com\/sk\/tours\/pirati-plachetnica-na-oranzovy-ostrov-z-zalivu-makadi\/","og_locale":"sk_SK","og_type":"article","og_title":"Pir\u00e1ti Plachetnica na ostrov Orange bay z Makadi Bay","og_description":"Pir\u00e1ti Plachetnica na ostrov Orange bay z Makadi Bay s VIP obedom. \u010co robi\u0165 s de\u0165mi, seniormi, na svadobnej ceste a v p\u00e1re. Rodinn\u00e1 str\u00e1nka","og_url":"https:\/\/hurghadalovers.com\/sk\/tours\/pirati-plachetnica-na-oranzovy-ostrov-z-zalivu-makadi\/","og_site_name":"Hurghada Excursions &amp; Day Trips | Booking Best Prices Tours","article_publisher":"https:\/\/www.facebook.com\/Hurghadaloversegypt","article_modified_time":"2026-02-08T09:16:27+00:00","og_image":[{"width":1156,"height":867,"url":"https:\/\/hurghadalovers.com\/wp-content\/uploads\/2023\/08\/Pirates-Sailing-Boat-to-Orange-bay-Island-from-Makadi-Bay-VIP.jpeg","type":"image\/jpeg"}],"twitter_card":"summary_large_image","twitter_misc":{"Cena":"&euro;&nbsp;90","Dostupnos\u0165":"Na sklade"},"schema":{"@context":"https:\/\/schema.org","@graph":[{"@type":["WebPage","ItemPage"],"@id":"https:\/\/hurghadalovers.com\/sk\/tours\/pirati-plachetnica-na-oranzovy-ostrov-z-zalivu-makadi\/","url":"https:\/\/hurghadalovers.com\/sk\/tours\/pirati-plachetnica-na-oranzovy-ostrov-z-zalivu-makadi\/","name":"Pir\u00e1ti Plachetnica na ostrov Orange bay z Makadi Bay VIP","isPartOf":{"@id":"https:\/\/hurghadalovers.com\/sk\/#website"},"primaryImageOfPage":{"@id":"https:\/\/hurghadalovers.com\/sk\/tours\/pirati-plachetnica-na-oranzovy-ostrov-z-zalivu-makadi\/#primaryimage"},"image":{"@id":"https:\/\/hurghadalovers.com\/sk\/tours\/pirati-plachetnica-na-oranzovy-ostrov-z-zalivu-makadi\/#primaryimage"},"thumbnailUrl":"https:\/\/hurghadalovers.com\/wp-content\/uploads\/2023\/08\/Pirates-Sailing-Boat-to-Orange-bay-Island-from-Makadi-Bay-VIP.jpeg","datePublished":"2023-08-30T08:17:41+00:00","dateModified":"2026-02-08T09:16:27+00:00","description":"Pir\u00e1ti Plachetnica na ostrov Orange bay z Makadi Bay s VIP obedom. \u010co robi\u0165 s de\u0165mi, seniormi, na svadobnej ceste a v p\u00e1re. Rodinn\u00e1 str\u00e1nka","breadcrumb":{"@id":"https:\/\/hurghadalovers.com\/sk\/tours\/pirati-plachetnica-na-oranzovy-ostrov-z-zalivu-makadi\/#breadcrumb"},"inLanguage":"sk-SK","potentialAction":[{"@type":"ReadAction","target":["https:\/\/hurghadalovers.com\/sk\/tours\/pirati-plachetnica-na-oranzovy-ostrov-z-zalivu-makadi\/"]}]},{"@type":"ImageObject","inLanguage":"sk-SK","@id":"https:\/\/hurghadalovers.com\/sk\/tours\/pirati-plachetnica-na-oranzovy-ostrov-z-zalivu-makadi\/#primaryimage","url":"https:\/\/hurghadalovers.com\/wp-content\/uploads\/2023\/08\/Pirates-Sailing-Boat-to-Orange-bay-Island-from-Makadi-Bay-VIP.jpeg","contentUrl":"https:\/\/hurghadalovers.com\/wp-content\/uploads\/2023\/08\/Pirates-Sailing-Boat-to-Orange-bay-Island-from-Makadi-Bay-VIP.jpeg","width":1156,"height":867,"caption":"Pirates Sailing Boat to Orange bay Island from\u00a0Makadi Bay VIP"},{"@type":"BreadcrumbList","@id":"https:\/\/hurghadalovers.com\/sk\/tours\/pirati-plachetnica-na-oranzovy-ostrov-z-zalivu-makadi\/#breadcrumb","itemListElement":[{"@type":"ListItem","position":1,"name":"Home","item":"https:\/\/hurghadalovers.com\/sk\/"},{"@type":"ListItem","position":2,"name":"Shop","item":"https:\/\/hurghadalovers.com\/shop\/"},{"@type":"ListItem","position":3,"name":"Pir\u00e1ti Plachetnica na ostrov Orange bay z Makadi Bay"}]},{"@type":"WebSite","@id":"https:\/\/hurghadalovers.com\/sk\/#website","url":"https:\/\/hurghadalovers.com\/sk\/","name":"Hurghada Excursions & Day Trips | Booking Best Prices Tours","description":"Hurghada Lovers - Best Tour Operator - Excursions &amp; Things to do for Family Day Trips with kids and Couples Romantic. Unique .Hidden gems","publisher":{"@id":"https:\/\/hurghadalovers.com\/sk\/#organization"},"alternateName":"Hurghada Excursions","potentialAction":[{"@type":"SearchAction","target":{"@type":"EntryPoint","urlTemplate":"https:\/\/hurghadalovers.com\/sk\/?s={search_term_string}"},"query-input":{"@type":"PropertyValueSpecification","valueRequired":true,"valueName":"search_term_string"}}],"inLanguage":"sk-SK"},{"@type":["Organization","Place","TravelAgency"],"@id":"https:\/\/hurghadalovers.com\/sk\/#organization","name":"Hurghada Excursions","url":"https:\/\/hurghadalovers.com\/sk\/","logo":{"@id":"https:\/\/hurghadalovers.com\/sk\/tours\/pirati-plachetnica-na-oranzovy-ostrov-z-zalivu-makadi\/#local-main-organization-logo"},"image":{"@id":"https:\/\/hurghadalovers.com\/sk\/tours\/pirati-plachetnica-na-oranzovy-ostrov-z-zalivu-makadi\/#local-main-organization-logo"},"sameAs":["https:\/\/www.facebook.com\/Hurghadaloversegypt"],"address":{"@id":"https:\/\/hurghadalovers.com\/sk\/tours\/pirati-plachetnica-na-oranzovy-ostrov-z-zalivu-makadi\/#local-main-place-address"},"telephone":["00201112596434"],"contactPoint":{"@type":"ContactPoint","telephone":"00201112596434","email":"weyouface@gmail.com"},"openingHoursSpecification":{"@type":"OpeningHoursSpecification","dayOfWeek":["Monday","Tuesday","Wednesday","Thursday","Friday","Saturday","Sunday"],"opens":"00:00","closes":"23:59"},"email":"weyouface@gmail.com","areaServed":"Luxor, Hurghada, El Gouna, Aswan, Sharm El Sheikh, Giza, Alexandria, Marsa Alam, Quseir, Soma Bay, Sahl Hasheesh, Red Sea, Makadi Bay, Cairo","priceRange":"$","currenciesAccepted":"euro","paymentAccepted":"cash on site"},{"@type":"PostalAddress","@id":"https:\/\/hurghadalovers.com\/sk\/tours\/pirati-plachetnica-na-oranzovy-ostrov-z-zalivu-makadi\/#local-main-place-address","streetAddress":"17 Banks street, Alkawther area, top nbk bank","addressLocality":"hurghada","postalCode":"84511","addressRegion":"red sea","addressCountry":"EG"},{"@type":"ImageObject","inLanguage":"sk-SK","@id":"https:\/\/hurghadalovers.com\/sk\/tours\/pirati-plachetnica-na-oranzovy-ostrov-z-zalivu-makadi\/#local-main-organization-logo","url":"https:\/\/hurghadalovers.com\/wp-content\/uploads\/2019\/10\/hurghada-excursions-logo.png","contentUrl":"https:\/\/hurghadalovers.com\/wp-content\/uploads\/2019\/10\/hurghada-excursions-logo.png","width":272,"height":90,"caption":"Hurghada Excursions"}]},"product_brand":"Fakultat\u00edvne V\u00fdlety Makadi Bay","product_price_amount":"90","product_price_currency":"EUR","og_availability":"instock","product_availability":"instock","product_retailer_item_id":"MakadiSnorkeling022024","product_condition":"new","geo.placename":"hurghada","geo.region":"Egypt"},"_links":{"self":[{"href":"https:\/\/hurghadalovers.com\/sk\/wp-json\/wp\/v2\/product\/387791","targetHints":{"allow":["GET"]}}],"collection":[{"href":"https:\/\/hurghadalovers.com\/sk\/wp-json\/wp\/v2\/product"}],"about":[{"href":"https:\/\/hurghadalovers.com\/sk\/wp-json\/wp\/v2\/types\/product"}],"wp:featuredmedia":[{"embeddable":true,"href":"https:\/\/hurghadalovers.com\/sk\/wp-json\/wp\/v2\/media\/387731"}],"wp:attachment":[{"href":"https:\/\/hurghadalovers.com\/sk\/wp-json\/wp\/v2\/media?parent=387791"}],"wp:term":[{"taxonomy":"product_brand","embeddable":true,"href":"https:\/\/hurghadalovers.com\/sk\/wp-json\/wp\/v2\/product_brand?post=387791"},{"taxonomy":"product_cat","embeddable":true,"href":"https:\/\/hurghadalovers.com\/sk\/wp-json\/wp\/v2\/product_cat?post=387791"},{"taxonomy":"product_tag","embeddable":true,"href":"https:\/\/hurghadalovers.com\/sk\/wp-json\/wp\/v2\/product_tag?post=387791"}],"curies":[{"name":"wp","href":"https:\/\/api.w.org\/{rel}","templated":true}]}}