{"id":386146,"date":"2023-08-28T10:18:18","date_gmt":"2023-08-28T10:18:18","guid":{"rendered":"https:\/\/hurghadalovers.com\/shop\/nezaraden\u00e9\/vylet-lodou-do-zatoky-soma-pre-zaciatocnikov\/"},"modified":"2026-02-08T18:30:15","modified_gmt":"2026-02-08T18:30:15","slug":"soma-bay-scuba-diving-boat-trip-for-beginners","status":"publish","type":"product","link":"https:\/\/hurghadalovers.com\/sk\/tours\/soma-bay-scuba-diving-boat-trip-for-beginners\/","title":{"rendered":"V\u00fdlet lo\u010fou do z\u00e1toky Soma pre za\u010diato\u010dn\u00edkov"},"content":{"rendered":"<p><strong>Pot\u00e1pa\u010dsk\u00fd v\u00fdlet lo\u010fou pre za\u010diato\u010dn\u00edkov zo <\/strong><strong>z\u00e1livu Soma<\/strong> s obedom, n\u00e1pojmi, pot\u00e1pa\u010dsk\u00fdm vybaven\u00edm a transferom.<\/p>\n<p style=\"text-align: center;\"><span style=\"color: #00ccff;\"><strong>Luxusn\u00e1 lo\u010f<\/strong><strong> | <\/strong><strong>Profesion\u00e1lny in\u0161truktor pot\u00e1pania<\/strong><strong> | <\/strong><strong>Najlep\u0161ie pot\u00e1pa\u010dsk\u00e9 lokality a \u00fatesy<\/strong><strong> \u010cerven\u00e9 more.<\/strong><\/span><\/p>\n<p><strong>Najd\u00f4le\u017eitej\u0161ie inform\u00e1cie:<\/strong><\/p>\n<ul>\n<li>2 zast\u00e1vky na pot\u00e1panie &#8222;15 min\u00fat na ka\u017edej zast\u00e1vke&#8220;.<\/li>\n<\/ul>\n<p><strong>Podrobnosti:<\/strong><\/p>\n<ul>\n<li>Dostupnos\u0165 z\u00e1jazdu: Ka\u017ed\u00fd de\u0148.<\/li>\n<li>Typ z\u00e1jazdu: Skupinov\u00e1 alebo s\u00fakromn\u00e1.<\/li>\n<li>\u010cas vyzdvihnutia: Od 07:30 hod.<\/li>\n<li>\u010cas vyzdvihnutia: 16:00.<\/li>\n<li>Bezbari\u00e9rov\u00fd pr\u00edstup.<\/li>\n<li>Trvanie: 7 hod.<\/li>\n<\/ul>\n<p><strong>Rezervujte teraz a pla\u0165te nesk\u00f4r:<\/strong><\/p>\n<ul>\n<li>Hotovos\u0165 na mieste pre sprievodcu.<\/li>\n<li>Platba egyptsk\u00fdmi librami, $, \u20ac alebo \u00a3.<\/li>\n<\/ul>\n<p><strong>Storno podmienky:<\/strong><\/p>\n<ul>\n<li>m\u00f4\u017eete Zru\u0161i\u0165 a\u017e 24 hod\u00edn vopred.<\/li>\n<li>Ke\u010f niekto z va\u0161ej rodiny zru\u0161\u00ed dopoludnie, zaplat\u00ed 50 % n\u00e1kladov.<\/li>\n<\/ul>\n<p><strong>\u010co je s\u00fa\u010das\u0165ou balenia?<\/strong><\/p>\n<ul>\n<li>Transfer z hotela Soma bay Hotels &#8222;Hotel pick up and drop off&#8220;.<\/li>\n<li>V\u0161etky dane, vstupn\u00e9 poplatky a manipula\u010dn\u00e9 poplatky.<\/li>\n<li>Miner\u00e1lna voda + Cola.<\/li>\n<li>Profesion\u00e1lny in\u0161truktor pot\u00e1pania.<\/li>\n<li>Pot\u00e1pa\u010dsk\u00e9 vybavenie a vybavenie na \u0161norchlovanie &#8222;Masky a plutvy&#8220;.<\/li>\n<li>VIP obed formou bufetu na lodi.<\/li>\n<li>Z\u00e1chrann\u00e9 vesty.<\/li>\n<\/ul>\n<p><strong>Vyl\u00fa\u010denia?<\/strong><\/p>\n<ul>\n<li>Prepitn\u00e9.<\/li>\n<li>Fotografovanie a fotografie na cestu.<\/li>\n<li>Pon\u00fakame pren\u00e1jom plaviek pre \u017eeny, mu\u017eov, deti v\u0161etk\u00fdch ve\u013ekost\u00ed &#8222;5$ za jeden&#8220;.<\/li>\n<li>Ak\u00e9ko\u013evek pr\u00edplatky, ktor\u00e9 neboli spomenut\u00e9.<\/li>\n<\/ul>\n<p><strong>Ceny:<\/strong><\/p>\n<p><strong>Cena pre dospel\u00fdch = <\/strong><strong>50 USD na osobu<\/strong>.<\/p>\n<p><strong>Recenzie:<\/strong><\/p>\n<p>skontrolova\u0165 na\u0161e Google Map Recenzie ako najlep\u0161ie <a href=\"https:\/\/g.page\/r\/CUeYvkngP3wkEBM\/review\">Tour Operator v Hurghada<\/a> on-line v <a href=\"https:\/\/hurghadalovers.com\/\">Hurghada<\/a> Egypt.<\/p>\n<p><strong>Rezerv\u00e1cia:<\/strong><\/p>\n<p>Odosla\u0165 hotel + \u010d\u00edslo izby + foto pasov na WhatsApp: <strong>+201112596434<\/strong><\/p>\n<p>Ak ste z Egypta Rezerv\u00e1cia teraz online a potvrdi\u0165 pri pr\u00edchode Hotel.<\/p>\n<p>&nbsp;<\/p>\n<p>&nbsp;<\/p>\n","protected":false},"excerpt":{"rendered":"<p><strong>Pot\u00e1pa\u010dsk\u00fd v\u00fdlet lo\u010fou pre za\u010diato\u010dn\u00edkov zo <\/strong><strong>z\u00e1livu Soma<\/strong> s obedom, n\u00e1pojmi, pot\u00e1pa\u010dsk\u00fdm vybaven\u00edm a transferom.<\/p>\n<p style=\"text-align: center;\"><span style=\"color: #00ccff;\"><strong>Luxusn\u00e1 lo\u010f<\/strong><strong> | <\/strong><strong>Profesion\u00e1lny in\u0161truktor pot\u00e1pania<\/strong><strong> | <\/strong><strong>Najlep\u0161ie pot\u00e1pa\u010dsk\u00e9 lokality a \u00fatesy<\/strong><strong> \u010cerven\u00e9 more.<\/strong><\/span><\/p>\n<p>&nbsp;<\/p>\n","protected":false},"featured_media":386055,"template":"","meta":{"_joinchat":[]},"product_brand":[],"product_cat":[36669],"product_tag":[54862,54851,54858,54843,54854,54594,54588,54576,54616,54606,54847,54600,54611,54625,54760,54582,54570,54866],"class_list":{"0":"post-386146","1":"product","2":"type-product","3":"status-publish","4":"has-post-thumbnail","6":"product_cat-prehliadky","7":"product_tag-aktivity-pre-deti-zo-zatoky-soma-bay","8":"product_tag-aktivity-v-zalive-soma-bay-pre-pary","9":"product_tag-co-robit-s-detmi-zo-zatoky-soma-bay","10":"product_tag-co-robit-v-soma-bay","11":"product_tag-co-robit-v-soma-bay-pre-pary","12":"product_tag-ostrov-giftun-zatoka-soma","13":"product_tag-plavanie-s-delfinmi-soma-bay","14":"product_tag-potapanie-soma-bay","15":"product_tag-prenajom-lodi-soma-bay","16":"product_tag-prenajom-lodi-v-zatoke-soma","17":"product_tag-romanticke-aktivity-zo-zatoky-soma-bay","18":"product_tag-rychlostny-cln-soma-bay","19":"product_tag-sukromna-lod-soma-bay","20":"product_tag-sukromny-vylet-lodou-v-zatoke-soma","21":"product_tag-vylety-do-zatoky-soma","22":"product_tag-vylety-lodou-do-zatoky-soma","23":"product_tag-vylety-za-snorchlovanim-v-zatoke-soma","24":"product_tag-zabavne-aktivity-v-interieri-od-soma-bay","25":"tour_category-zaliv-soma-vylety","26":"tour_category-snorchlovanie-v-zatoke-soma","28":"first","29":"instock","30":"sale","31":"shipping-taxable","32":"purchasable","33":"product-type-tour"},"yoast_head":"<!-- This site is optimized with the Yoast SEO Premium plugin v26.9 (Yoast SEO v27.2) - https:\/\/yoast.com\/product\/yoast-seo-premium-wordpress\/ -->\n<title>V\u00fdlet lo\u010fou do z\u00e1toky Soma pre za\u010diato\u010dn\u00edkov s obedom<\/title>\n<meta name=\"description\" content=\"V\u00fdlet lo\u010fou do z\u00e1toky Soma pre za\u010diato\u010dn\u00edkov s obedom, n\u00e1pojmi, pot\u00e1pa\u010dsk\u00fdm vybaven\u00edm a transferom.Luxusn\u00e1 lo\u010f | Profesion\u00e1lny in\u0161truktor pot\u00e1pania | Najlep\u0161ie lokality na pot\u00e1panie\" \/>\n<meta name=\"robots\" content=\"index, follow, max-snippet:-1, max-image-preview:large, max-video-preview:-1\" \/>\n<link rel=\"canonical\" href=\"https:\/\/hurghadalovers.com\/sk\/tours\/soma-bay-scuba-diving-boat-trip-for-beginners\/\" \/>\n<meta property=\"og:locale\" content=\"sk_SK\" \/>\n<meta property=\"og:type\" content=\"article\" \/>\n<meta property=\"og:title\" content=\"V\u00fdlet lo\u010fou do z\u00e1toky Soma pre za\u010diato\u010dn\u00edkov\" \/>\n<meta property=\"og:description\" content=\"V\u00fdlet lo\u010fou do z\u00e1toky Soma pre za\u010diato\u010dn\u00edkov s obedom, n\u00e1pojmi, pot\u00e1pa\u010dsk\u00fdm vybaven\u00edm a transferom.Luxusn\u00e1 lo\u010f | Profesion\u00e1lny in\u0161truktor pot\u00e1pania | Najlep\u0161ie lokality na pot\u00e1panie\" \/>\n<meta property=\"og:url\" content=\"https:\/\/hurghadalovers.com\/sk\/tours\/soma-bay-scuba-diving-boat-trip-for-beginners\/\" \/>\n<meta property=\"og:site_name\" content=\"Hurghada Excursions &amp; Day Trips | Booking Best Prices Tours\" \/>\n<meta property=\"article:publisher\" content=\"https:\/\/www.facebook.com\/Hurghadaloversegypt\" \/>\n<meta property=\"article:modified_time\" content=\"2026-02-08T18:30:15+00:00\" \/>\n<meta property=\"og:image\" content=\"https:\/\/hurghadalovers.com\/wp-content\/uploads\/2023\/08\/Soma-bay-Scuba-Diving-Boat-Trip-for-Beginners.png\" \/>\n\t<meta property=\"og:image:width\" content=\"846\" \/>\n\t<meta property=\"og:image:height\" content=\"543\" \/>\n\t<meta property=\"og:image:type\" content=\"image\/png\" \/>\n<meta name=\"twitter:card\" content=\"summary_large_image\" \/>\n<meta name=\"twitter:label1\" content=\"Cena\" \/>\n\t<meta name=\"twitter:data1\" content=\"&euro;&nbsp;55\" \/>\n\t<meta name=\"twitter:label2\" content=\"Dostupnos\u0165\" \/>\n\t<meta name=\"twitter:data2\" content=\"Na sklade\" \/>\n<script type=\"application\/ld+json\" class=\"yoast-schema-graph\">{\"@context\":\"https:\/\/schema.org\",\"@graph\":[{\"@type\":[\"WebPage\",\"ItemPage\"],\"@id\":\"https:\/\/hurghadalovers.com\/sk\/tours\/soma-bay-scuba-diving-boat-trip-for-beginners\/\",\"url\":\"https:\/\/hurghadalovers.com\/sk\/tours\/soma-bay-scuba-diving-boat-trip-for-beginners\/\",\"name\":\"V\u00fdlet lo\u010fou do z\u00e1toky Soma pre za\u010diato\u010dn\u00edkov s obedom\",\"isPartOf\":{\"@id\":\"https:\/\/hurghadalovers.com\/sk\/#website\"},\"primaryImageOfPage\":{\"@id\":\"https:\/\/hurghadalovers.com\/sk\/tours\/soma-bay-scuba-diving-boat-trip-for-beginners\/#primaryimage\"},\"image\":{\"@id\":\"https:\/\/hurghadalovers.com\/sk\/tours\/soma-bay-scuba-diving-boat-trip-for-beginners\/#primaryimage\"},\"thumbnailUrl\":\"https:\/\/hurghadalovers.com\/wp-content\/uploads\/2023\/08\/Soma-bay-Scuba-Diving-Boat-Trip-for-Beginners.png\",\"datePublished\":\"2023-08-28T10:18:18+00:00\",\"dateModified\":\"2026-02-08T18:30:15+00:00\",\"description\":\"V\u00fdlet lo\u010fou do z\u00e1toky Soma pre za\u010diato\u010dn\u00edkov s obedom, n\u00e1pojmi, pot\u00e1pa\u010dsk\u00fdm vybaven\u00edm a transferom.Luxusn\u00e1 lo\u010f | Profesion\u00e1lny in\u0161truktor pot\u00e1pania | Najlep\u0161ie lokality na pot\u00e1panie\",\"breadcrumb\":{\"@id\":\"https:\/\/hurghadalovers.com\/sk\/tours\/soma-bay-scuba-diving-boat-trip-for-beginners\/#breadcrumb\"},\"inLanguage\":\"sk-SK\",\"potentialAction\":[{\"@type\":\"ReadAction\",\"target\":[\"https:\/\/hurghadalovers.com\/sk\/tours\/soma-bay-scuba-diving-boat-trip-for-beginners\/\"]}]},{\"@type\":\"ImageObject\",\"inLanguage\":\"sk-SK\",\"@id\":\"https:\/\/hurghadalovers.com\/sk\/tours\/soma-bay-scuba-diving-boat-trip-for-beginners\/#primaryimage\",\"url\":\"https:\/\/hurghadalovers.com\/wp-content\/uploads\/2023\/08\/Soma-bay-Scuba-Diving-Boat-Trip-for-Beginners.png\",\"contentUrl\":\"https:\/\/hurghadalovers.com\/wp-content\/uploads\/2023\/08\/Soma-bay-Scuba-Diving-Boat-Trip-for-Beginners.png\",\"width\":846,\"height\":543,\"caption\":\"V\u00fdlet lo\u010fou do z\u00e1toky Soma pre za\u010diato\u010dn\u00edkov\"},{\"@type\":\"BreadcrumbList\",\"@id\":\"https:\/\/hurghadalovers.com\/sk\/tours\/soma-bay-scuba-diving-boat-trip-for-beginners\/#breadcrumb\",\"itemListElement\":[{\"@type\":\"ListItem\",\"position\":1,\"name\":\"Home\",\"item\":\"https:\/\/hurghadalovers.com\/sk\/\"},{\"@type\":\"ListItem\",\"position\":2,\"name\":\"Shop\",\"item\":\"https:\/\/hurghadalovers.com\/shop\/\"},{\"@type\":\"ListItem\",\"position\":3,\"name\":\"V\u00fdlet lo\u010fou do z\u00e1toky Soma pre za\u010diato\u010dn\u00edkov\"}]},{\"@type\":\"WebSite\",\"@id\":\"https:\/\/hurghadalovers.com\/sk\/#website\",\"url\":\"https:\/\/hurghadalovers.com\/sk\/\",\"name\":\"Hurghada Excursions & Day Trips | Booking Best Prices Tours\",\"description\":\"Hurghada Lovers - Best Tour Operator - Excursions &amp; Things to do for Family Day Trips with kids and Couples Romantic. Unique .Hidden gems\",\"publisher\":{\"@id\":\"https:\/\/hurghadalovers.com\/sk\/#organization\"},\"alternateName\":\"Hurghada Excursions\",\"potentialAction\":[{\"@type\":\"SearchAction\",\"target\":{\"@type\":\"EntryPoint\",\"urlTemplate\":\"https:\/\/hurghadalovers.com\/sk\/?s={search_term_string}\"},\"query-input\":{\"@type\":\"PropertyValueSpecification\",\"valueRequired\":true,\"valueName\":\"search_term_string\"}}],\"inLanguage\":\"sk-SK\"},{\"@type\":[\"Organization\",\"Place\",\"TravelAgency\"],\"@id\":\"https:\/\/hurghadalovers.com\/sk\/#organization\",\"name\":\"Hurghada Excursions\",\"url\":\"https:\/\/hurghadalovers.com\/sk\/\",\"logo\":{\"@id\":\"https:\/\/hurghadalovers.com\/sk\/tours\/soma-bay-scuba-diving-boat-trip-for-beginners\/#local-main-organization-logo\"},\"image\":{\"@id\":\"https:\/\/hurghadalovers.com\/sk\/tours\/soma-bay-scuba-diving-boat-trip-for-beginners\/#local-main-organization-logo\"},\"sameAs\":[\"https:\/\/www.facebook.com\/Hurghadaloversegypt\"],\"address\":{\"@id\":\"https:\/\/hurghadalovers.com\/sk\/tours\/soma-bay-scuba-diving-boat-trip-for-beginners\/#local-main-place-address\"},\"telephone\":[\"00201112596434\"],\"contactPoint\":{\"@type\":\"ContactPoint\",\"telephone\":\"00201112596434\",\"email\":\"weyouface@gmail.com\"},\"openingHoursSpecification\":{\"@type\":\"OpeningHoursSpecification\",\"dayOfWeek\":[\"Monday\",\"Tuesday\",\"Wednesday\",\"Thursday\",\"Friday\",\"Saturday\",\"Sunday\"],\"opens\":\"00:00\",\"closes\":\"23:59\"},\"email\":\"weyouface@gmail.com\",\"areaServed\":\"Luxor, Hurghada, El Gouna, Aswan, Sharm El Sheikh, Giza, Alexandria, Marsa Alam, Quseir, Soma Bay, Sahl Hasheesh, Red Sea, Makadi Bay, Cairo\",\"priceRange\":\"$\",\"currenciesAccepted\":\"euro\",\"paymentAccepted\":\"cash on site\"},{\"@type\":\"PostalAddress\",\"@id\":\"https:\/\/hurghadalovers.com\/sk\/tours\/soma-bay-scuba-diving-boat-trip-for-beginners\/#local-main-place-address\",\"streetAddress\":\"17 Banks street, Alkawther area, top nbk bank\",\"addressLocality\":\"hurghada\",\"postalCode\":\"84511\",\"addressRegion\":\"red sea\",\"addressCountry\":\"EG\"},{\"@type\":\"ImageObject\",\"inLanguage\":\"sk-SK\",\"@id\":\"https:\/\/hurghadalovers.com\/sk\/tours\/soma-bay-scuba-diving-boat-trip-for-beginners\/#local-main-organization-logo\",\"url\":\"https:\/\/hurghadalovers.com\/wp-content\/uploads\/2019\/10\/hurghada-excursions-logo.png\",\"contentUrl\":\"https:\/\/hurghadalovers.com\/wp-content\/uploads\/2019\/10\/hurghada-excursions-logo.png\",\"width\":272,\"height\":90,\"caption\":\"Hurghada Excursions\"}]}<\/script>\n<meta property=\"product:brand\" content=\"Fakultat\u00edvne V\u00fdlety Soma bay\" \/>\n<meta property=\"product:price:amount\" content=\"55\" \/>\n<meta property=\"product:price:currency\" content=\"EUR\" \/>\n<meta property=\"og:availability\" content=\"instock\" \/>\n<meta property=\"product:availability\" content=\"instock\" \/>\n<meta property=\"product:retailer_item_id\" content=\"SomaSnorkeling042024\" \/>\n<meta property=\"product:condition\" content=\"new\" \/>\n<meta name=\"geo.placename\" content=\"hurghada\" \/>\n<meta name=\"geo.region\" content=\"Egypt\" \/>\n<!-- \/ Yoast SEO Premium plugin. -->","yoast_head_json":{"title":"V\u00fdlet lo\u010fou do z\u00e1toky Soma pre za\u010diato\u010dn\u00edkov s obedom","description":"V\u00fdlet lo\u010fou do z\u00e1toky Soma pre za\u010diato\u010dn\u00edkov s obedom, n\u00e1pojmi, pot\u00e1pa\u010dsk\u00fdm vybaven\u00edm a transferom.Luxusn\u00e1 lo\u010f | Profesion\u00e1lny in\u0161truktor pot\u00e1pania | Najlep\u0161ie lokality na pot\u00e1panie","robots":{"index":"index","follow":"follow","max-snippet":"max-snippet:-1","max-image-preview":"max-image-preview:large","max-video-preview":"max-video-preview:-1"},"canonical":"https:\/\/hurghadalovers.com\/sk\/tours\/soma-bay-scuba-diving-boat-trip-for-beginners\/","og_locale":"sk_SK","og_type":"article","og_title":"V\u00fdlet lo\u010fou do z\u00e1toky Soma pre za\u010diato\u010dn\u00edkov","og_description":"V\u00fdlet lo\u010fou do z\u00e1toky Soma pre za\u010diato\u010dn\u00edkov s obedom, n\u00e1pojmi, pot\u00e1pa\u010dsk\u00fdm vybaven\u00edm a transferom.Luxusn\u00e1 lo\u010f | Profesion\u00e1lny in\u0161truktor pot\u00e1pania | Najlep\u0161ie lokality na pot\u00e1panie","og_url":"https:\/\/hurghadalovers.com\/sk\/tours\/soma-bay-scuba-diving-boat-trip-for-beginners\/","og_site_name":"Hurghada Excursions &amp; Day Trips | Booking Best Prices Tours","article_publisher":"https:\/\/www.facebook.com\/Hurghadaloversegypt","article_modified_time":"2026-02-08T18:30:15+00:00","og_image":[{"width":846,"height":543,"url":"https:\/\/hurghadalovers.com\/wp-content\/uploads\/2023\/08\/Soma-bay-Scuba-Diving-Boat-Trip-for-Beginners.png","type":"image\/png"}],"twitter_card":"summary_large_image","twitter_misc":{"Cena":"&euro;&nbsp;55","Dostupnos\u0165":"Na sklade"},"schema":{"@context":"https:\/\/schema.org","@graph":[{"@type":["WebPage","ItemPage"],"@id":"https:\/\/hurghadalovers.com\/sk\/tours\/soma-bay-scuba-diving-boat-trip-for-beginners\/","url":"https:\/\/hurghadalovers.com\/sk\/tours\/soma-bay-scuba-diving-boat-trip-for-beginners\/","name":"V\u00fdlet lo\u010fou do z\u00e1toky Soma pre za\u010diato\u010dn\u00edkov s obedom","isPartOf":{"@id":"https:\/\/hurghadalovers.com\/sk\/#website"},"primaryImageOfPage":{"@id":"https:\/\/hurghadalovers.com\/sk\/tours\/soma-bay-scuba-diving-boat-trip-for-beginners\/#primaryimage"},"image":{"@id":"https:\/\/hurghadalovers.com\/sk\/tours\/soma-bay-scuba-diving-boat-trip-for-beginners\/#primaryimage"},"thumbnailUrl":"https:\/\/hurghadalovers.com\/wp-content\/uploads\/2023\/08\/Soma-bay-Scuba-Diving-Boat-Trip-for-Beginners.png","datePublished":"2023-08-28T10:18:18+00:00","dateModified":"2026-02-08T18:30:15+00:00","description":"V\u00fdlet lo\u010fou do z\u00e1toky Soma pre za\u010diato\u010dn\u00edkov s obedom, n\u00e1pojmi, pot\u00e1pa\u010dsk\u00fdm vybaven\u00edm a transferom.Luxusn\u00e1 lo\u010f | Profesion\u00e1lny in\u0161truktor pot\u00e1pania | Najlep\u0161ie lokality na pot\u00e1panie","breadcrumb":{"@id":"https:\/\/hurghadalovers.com\/sk\/tours\/soma-bay-scuba-diving-boat-trip-for-beginners\/#breadcrumb"},"inLanguage":"sk-SK","potentialAction":[{"@type":"ReadAction","target":["https:\/\/hurghadalovers.com\/sk\/tours\/soma-bay-scuba-diving-boat-trip-for-beginners\/"]}]},{"@type":"ImageObject","inLanguage":"sk-SK","@id":"https:\/\/hurghadalovers.com\/sk\/tours\/soma-bay-scuba-diving-boat-trip-for-beginners\/#primaryimage","url":"https:\/\/hurghadalovers.com\/wp-content\/uploads\/2023\/08\/Soma-bay-Scuba-Diving-Boat-Trip-for-Beginners.png","contentUrl":"https:\/\/hurghadalovers.com\/wp-content\/uploads\/2023\/08\/Soma-bay-Scuba-Diving-Boat-Trip-for-Beginners.png","width":846,"height":543,"caption":"V\u00fdlet lo\u010fou do z\u00e1toky Soma pre za\u010diato\u010dn\u00edkov"},{"@type":"BreadcrumbList","@id":"https:\/\/hurghadalovers.com\/sk\/tours\/soma-bay-scuba-diving-boat-trip-for-beginners\/#breadcrumb","itemListElement":[{"@type":"ListItem","position":1,"name":"Home","item":"https:\/\/hurghadalovers.com\/sk\/"},{"@type":"ListItem","position":2,"name":"Shop","item":"https:\/\/hurghadalovers.com\/shop\/"},{"@type":"ListItem","position":3,"name":"V\u00fdlet lo\u010fou do z\u00e1toky Soma pre za\u010diato\u010dn\u00edkov"}]},{"@type":"WebSite","@id":"https:\/\/hurghadalovers.com\/sk\/#website","url":"https:\/\/hurghadalovers.com\/sk\/","name":"Hurghada Excursions & Day Trips | Booking Best Prices Tours","description":"Hurghada Lovers - Best Tour Operator - Excursions &amp; Things to do for Family Day Trips with kids and Couples Romantic. Unique .Hidden gems","publisher":{"@id":"https:\/\/hurghadalovers.com\/sk\/#organization"},"alternateName":"Hurghada Excursions","potentialAction":[{"@type":"SearchAction","target":{"@type":"EntryPoint","urlTemplate":"https:\/\/hurghadalovers.com\/sk\/?s={search_term_string}"},"query-input":{"@type":"PropertyValueSpecification","valueRequired":true,"valueName":"search_term_string"}}],"inLanguage":"sk-SK"},{"@type":["Organization","Place","TravelAgency"],"@id":"https:\/\/hurghadalovers.com\/sk\/#organization","name":"Hurghada Excursions","url":"https:\/\/hurghadalovers.com\/sk\/","logo":{"@id":"https:\/\/hurghadalovers.com\/sk\/tours\/soma-bay-scuba-diving-boat-trip-for-beginners\/#local-main-organization-logo"},"image":{"@id":"https:\/\/hurghadalovers.com\/sk\/tours\/soma-bay-scuba-diving-boat-trip-for-beginners\/#local-main-organization-logo"},"sameAs":["https:\/\/www.facebook.com\/Hurghadaloversegypt"],"address":{"@id":"https:\/\/hurghadalovers.com\/sk\/tours\/soma-bay-scuba-diving-boat-trip-for-beginners\/#local-main-place-address"},"telephone":["00201112596434"],"contactPoint":{"@type":"ContactPoint","telephone":"00201112596434","email":"weyouface@gmail.com"},"openingHoursSpecification":{"@type":"OpeningHoursSpecification","dayOfWeek":["Monday","Tuesday","Wednesday","Thursday","Friday","Saturday","Sunday"],"opens":"00:00","closes":"23:59"},"email":"weyouface@gmail.com","areaServed":"Luxor, Hurghada, El Gouna, Aswan, Sharm El Sheikh, Giza, Alexandria, Marsa Alam, Quseir, Soma Bay, Sahl Hasheesh, Red Sea, Makadi Bay, Cairo","priceRange":"$","currenciesAccepted":"euro","paymentAccepted":"cash on site"},{"@type":"PostalAddress","@id":"https:\/\/hurghadalovers.com\/sk\/tours\/soma-bay-scuba-diving-boat-trip-for-beginners\/#local-main-place-address","streetAddress":"17 Banks street, Alkawther area, top nbk bank","addressLocality":"hurghada","postalCode":"84511","addressRegion":"red sea","addressCountry":"EG"},{"@type":"ImageObject","inLanguage":"sk-SK","@id":"https:\/\/hurghadalovers.com\/sk\/tours\/soma-bay-scuba-diving-boat-trip-for-beginners\/#local-main-organization-logo","url":"https:\/\/hurghadalovers.com\/wp-content\/uploads\/2019\/10\/hurghada-excursions-logo.png","contentUrl":"https:\/\/hurghadalovers.com\/wp-content\/uploads\/2019\/10\/hurghada-excursions-logo.png","width":272,"height":90,"caption":"Hurghada Excursions"}]},"product_brand":"Fakultat\u00edvne V\u00fdlety Soma bay","product_price_amount":"55","product_price_currency":"EUR","og_availability":"instock","product_availability":"instock","product_retailer_item_id":"SomaSnorkeling042024","product_condition":"new","geo.placename":"hurghada","geo.region":"Egypt"},"_links":{"self":[{"href":"https:\/\/hurghadalovers.com\/sk\/wp-json\/wp\/v2\/product\/386146","targetHints":{"allow":["GET"]}}],"collection":[{"href":"https:\/\/hurghadalovers.com\/sk\/wp-json\/wp\/v2\/product"}],"about":[{"href":"https:\/\/hurghadalovers.com\/sk\/wp-json\/wp\/v2\/types\/product"}],"wp:featuredmedia":[{"embeddable":true,"href":"https:\/\/hurghadalovers.com\/sk\/wp-json\/wp\/v2\/media\/386055"}],"wp:attachment":[{"href":"https:\/\/hurghadalovers.com\/sk\/wp-json\/wp\/v2\/media?parent=386146"}],"wp:term":[{"taxonomy":"product_brand","embeddable":true,"href":"https:\/\/hurghadalovers.com\/sk\/wp-json\/wp\/v2\/product_brand?post=386146"},{"taxonomy":"product_cat","embeddable":true,"href":"https:\/\/hurghadalovers.com\/sk\/wp-json\/wp\/v2\/product_cat?post=386146"},{"taxonomy":"product_tag","embeddable":true,"href":"https:\/\/hurghadalovers.com\/sk\/wp-json\/wp\/v2\/product_tag?post=386146"}],"curies":[{"name":"wp","href":"https:\/\/api.w.org\/{rel}","templated":true}]}}