{"id":385680,"date":"2023-08-27T20:16:06","date_gmt":"2023-08-27T20:16:06","guid":{"rendered":"https:\/\/hurghadalovers.com\/shop\/nezaraden\u00e9\/pustne-safari-s-detmi-zo-zalivu-soma\/"},"modified":"2026-02-08T12:20:11","modified_gmt":"2026-02-08T12:20:11","slug":"pustne-safari-s-detmi-z-zatoky-soma","status":"publish","type":"product","link":"https:\/\/hurghadalovers.com\/sk\/tours\/pustne-safari-s-detmi-z-zatoky-soma\/","title":{"rendered":"P\u00fa\u0161tne safari s de\u0165mi zo z\u00e1livu Soma"},"content":{"rendered":"<p><strong>P\u00fa\u0161tne safari s de\u0165mi zo <\/strong><strong>z\u00e1livu Soma<\/strong> Popoludnie | <strong>Mega Safari<\/strong> Family Friendly &amp; Seniors.<\/p>\n<p style=\"text-align: center;\"><span style=\"color: #ff6600;\">Najlep\u0161ie <strong>aktivity pre rodiny v<\/strong> z\u00e1toke Soma, <strong>\u010co robi\u0165 s de\u0165mi<\/strong> do 2 rokov<\/span><\/p>\n<p>&nbsp;<\/p>\n<p><strong>Najd\u00f4le\u017eitej\u0161ie inform\u00e1cie:<\/strong><\/p>\n<ol>\n<li>45min \u0161tvorkolka.<\/li>\n<li>20 min Spider Car.<\/li>\n<li>Show a BBQ ve\u010dera &#8222;Vegetari\u00e1nska strava je k dispoz\u00edcii&#8220;.<\/li>\n<\/ol>\n<p><strong>Safari v p\u00fa\u0161ti s de\u0165mi od <\/strong><strong>Z\u00e1toka Soma<\/strong> <strong>Podrobnosti:<\/strong><\/p>\n<ul>\n<li>Dostupnos\u0165 z\u00e1jazdu: Ka\u017ed\u00fd de\u0148.<\/li>\n<li>Typ z\u00e1jazdu: Skupinov\u00e1 alebo s\u00fakromn\u00e1.<\/li>\n<li>\u010cas vyzdvihnutia: Od 15:00.<\/li>\n<li>\u010cas vyzdvihnutia: 19:30.<\/li>\n<li>Trvanie: Trvanie: 4 hod.<\/li>\n<\/ul>\n<p><strong>Rezervujte teraz a pla\u0165te nesk\u00f4r:<\/strong><\/p>\n<ul>\n<li>Hotovos\u0165 na mieste pre sprievodcu.<\/li>\n<li>Platba egyptsk\u00fdmi librami, $, \u20ac alebo \u00a3.<\/li>\n<\/ul>\n<p><strong>Storno podmienky:<\/strong><\/p>\n<ul>\n<li>m\u00f4\u017eete Zru\u0161i\u0165 a\u017e 24 hod\u00edn vopred.<\/li>\n<li>Ke\u010f niekto z va\u0161ej rodiny zru\u0161\u00ed dopoludnie, zaplat\u00ed 50 % n\u00e1kladov.<\/li>\n<\/ul>\n<p><strong>\u010co je s\u00fa\u010das\u0165ou balenia?<\/strong><\/p>\n<ul>\n<li>Transfer z hotela Soma bay Hotels &#8222;Hotel pick up and drop off&#8220;.<\/li>\n<li>V\u0161etky dane, vstupn\u00e9 poplatky a manipula\u010dn\u00e9 poplatky.<\/li>\n<li>Prevody.<\/li>\n<li>Sprievodca.<\/li>\n<li>Prilba.<\/li>\n<\/ul>\n<p><strong>Vyl\u00fa\u010denia?<\/strong><\/p>\n<ul>\n<li>\u0160atka<\/li>\n<li>Ochrann\u00e9 okuliare<\/li>\n<li>Prepitn\u00e9.<\/li>\n<li>Fotografovanie na cestu.<\/li>\n<li>Ak\u00e9ko\u013evek pr\u00edplatky, ktor\u00e9 neboli spomenut\u00e9.<\/li>\n<\/ul>\n<p><strong>Ceny:<\/strong><\/p>\n<ul>\n<li><strong>Cena pre dospel\u00fdch = <\/strong><strong>35 USD na osobu<\/strong>.<\/li>\n<li>Cena pre deti &#8222;5-12&#8220; = 50%.<\/li>\n<li>pre deti &#8222;0-5&#8220; = zadarmo.<\/li>\n<\/ul>\n<p><strong>Recenzie:<\/strong><\/p>\n<p>skontrolova\u0165 na\u0161e Google Map Recenzie ako najlep\u0161ie <a href=\"https:\/\/g.page\/r\/CUeYvkngP3wkEBM\/review\">Tour Operator v Hurghada<\/a> on-line v <a href=\"https:\/\/hurghadalovers.com\/\">Hurghada<\/a> Egypt.<\/p>\n<p>&nbsp;<\/p>\n<p><strong>Rezerv\u00e1cia:<\/strong><\/p>\n<p>Odosla\u0165 hotel + \u010d\u00edslo izby + foto pasov na WhatsApp: <strong>+201112596434<\/strong><\/p>\n<p>Ak ste z Egypta Rezerv\u00e1cia teraz online a potvrdi\u0165 pri pr\u00edchode Hotel.<\/p>\n<p>&nbsp;<\/p>\n<p>&nbsp;<\/p>\n","protected":false},"excerpt":{"rendered":"<p><strong>P\u00fa\u0161tne safari s de\u0165mi zo <\/strong><strong>z\u00e1livu Soma<\/strong> Popoludnie | <strong>Mega Safari<\/strong> Family Friendly &amp; Seniors.<\/p>\n<p style=\"text-align: center;\"><span style=\"color: #ff6600;\">Najlep\u0161ie <strong>aktivity pre rodiny v<\/strong> z\u00e1toke Soma, <strong>\u010co robi\u0165 s de\u0165mi<\/strong> do 2 rokov<\/span><\/p>\n<p>&nbsp;<\/p>\n","protected":false},"featured_media":935234,"template":"","meta":{"_joinchat":[]},"product_brand":[],"product_cat":[36669],"product_tag":[54827,54839,54835,54898,54813,54929,54805,54808,54818,54831,54823,54921],"class_list":{"0":"post-385680","1":"product","2":"type-product","3":"status-publish","4":"has-post-thumbnail","6":"product_cat-prehliadky","7":"product_tag-atv-soma-bay-sk","8":"product_tag-beduinska-dedina-soma-bay","9":"product_tag-jazda-na-tave-soma-bay","10":"product_tag-jeep-safari-soma-bay-sk","11":"product_tag-pozorovanie-hviezd-soma-bay","12":"product_tag-prehliadka-zatoky-soma-s-buginami","13":"product_tag-pustne-safari-soma-bay","14":"product_tag-safari-s-buginami-v-zatoke-soma","15":"product_tag-safari-sahara-soma-bay-sk","16":"product_tag-safari-tour-soma-bay-sk","17":"product_tag-stvorkolky-soma-bay","18":"product_tag-super-safari-soma-bay-sk","19":"tour_category-zaliv-soma-vylety","20":"tour_category-prehliadka-stvorkoliek-zo-zalivu-soma","22":"first","23":"instock","24":"sale","25":"shipping-taxable","26":"purchasable","27":"product-type-tour"},"yoast_head":"<!-- This site is optimized with the Yoast SEO Premium plugin v26.9 (Yoast SEO v27.2) - https:\/\/yoast.com\/product\/yoast-seo-premium-wordpress\/ -->\n<title>P\u00fa\u0161tne safari s de\u0165mi zo z\u00e1livu Soma | Mega Safari Family<\/title>\n<meta name=\"description\" content=\"P\u00fa\u0161tne safari s de\u0165mi zo Soma bay Afternoon | Mega Safari Family Friendly &amp; Seniors.Best Soma bay Family-friendly Activities, Things to Do with Kids\" \/>\n<meta name=\"robots\" content=\"index, follow, max-snippet:-1, max-image-preview:large, max-video-preview:-1\" \/>\n<link rel=\"canonical\" href=\"https:\/\/hurghadalovers.com\/sk\/tours\/pustne-safari-s-detmi-z-zatoky-soma\/\" \/>\n<meta property=\"og:locale\" content=\"sk_SK\" \/>\n<meta property=\"og:type\" content=\"article\" \/>\n<meta property=\"og:title\" content=\"P\u00fa\u0161tne safari s de\u0165mi zo z\u00e1livu Soma\" \/>\n<meta property=\"og:description\" content=\"P\u00fa\u0161tne safari s de\u0165mi zo Soma bay Afternoon | Mega Safari Family Friendly &amp; Seniors.Best Soma bay Family-friendly Activities, Things to Do with Kids\" \/>\n<meta property=\"og:url\" content=\"https:\/\/hurghadalovers.com\/sk\/tours\/pustne-safari-s-detmi-z-zatoky-soma\/\" \/>\n<meta property=\"og:site_name\" content=\"Hurghada Excursions &amp; Day Trips | Booking Best Prices Tours\" \/>\n<meta property=\"article:publisher\" content=\"https:\/\/www.facebook.com\/Hurghadaloversegypt\" \/>\n<meta property=\"article:modified_time\" content=\"2026-02-08T12:20:11+00:00\" \/>\n<meta property=\"og:image\" content=\"https:\/\/hurghadalovers.com\/wp-content\/uploads\/2023\/08\/Soma-bay-Private-Quad-Bike-Tour-2025.jpeg\" \/>\n\t<meta property=\"og:image:width\" content=\"1156\" \/>\n\t<meta property=\"og:image:height\" content=\"521\" \/>\n\t<meta property=\"og:image:type\" content=\"image\/jpeg\" \/>\n<meta name=\"twitter:card\" content=\"summary_large_image\" \/>\n<meta name=\"twitter:label1\" content=\"Cena\" \/>\n\t<meta name=\"twitter:data1\" content=\"&euro;&nbsp;40\" \/>\n\t<meta name=\"twitter:label2\" content=\"Dostupnos\u0165\" \/>\n\t<meta name=\"twitter:data2\" content=\"Na sklade\" \/>\n<script type=\"application\/ld+json\" class=\"yoast-schema-graph\">{\"@context\":\"https:\/\/schema.org\",\"@graph\":[{\"@type\":[\"WebPage\",\"ItemPage\"],\"@id\":\"https:\/\/hurghadalovers.com\/sk\/tours\/pustne-safari-s-detmi-z-zatoky-soma\/\",\"url\":\"https:\/\/hurghadalovers.com\/sk\/tours\/pustne-safari-s-detmi-z-zatoky-soma\/\",\"name\":\"P\u00fa\u0161tne safari s de\u0165mi zo z\u00e1livu Soma | Mega Safari Family\",\"isPartOf\":{\"@id\":\"https:\/\/hurghadalovers.com\/sk\/#website\"},\"primaryImageOfPage\":{\"@id\":\"https:\/\/hurghadalovers.com\/sk\/tours\/pustne-safari-s-detmi-z-zatoky-soma\/#primaryimage\"},\"image\":{\"@id\":\"https:\/\/hurghadalovers.com\/sk\/tours\/pustne-safari-s-detmi-z-zatoky-soma\/#primaryimage\"},\"thumbnailUrl\":\"https:\/\/hurghadalovers.com\/wp-content\/uploads\/2023\/08\/Soma-bay-Private-Quad-Bike-Tour-2025.jpeg\",\"datePublished\":\"2023-08-27T20:16:06+00:00\",\"dateModified\":\"2026-02-08T12:20:11+00:00\",\"description\":\"P\u00fa\u0161tne safari s de\u0165mi zo Soma bay Afternoon | Mega Safari Family Friendly & Seniors.Best Soma bay Family-friendly Activities, Things to Do with Kids\",\"breadcrumb\":{\"@id\":\"https:\/\/hurghadalovers.com\/sk\/tours\/pustne-safari-s-detmi-z-zatoky-soma\/#breadcrumb\"},\"inLanguage\":\"sk-SK\",\"potentialAction\":[{\"@type\":\"ReadAction\",\"target\":[\"https:\/\/hurghadalovers.com\/sk\/tours\/pustne-safari-s-detmi-z-zatoky-soma\/\"]}]},{\"@type\":\"ImageObject\",\"inLanguage\":\"sk-SK\",\"@id\":\"https:\/\/hurghadalovers.com\/sk\/tours\/pustne-safari-s-detmi-z-zatoky-soma\/#primaryimage\",\"url\":\"https:\/\/hurghadalovers.com\/wp-content\/uploads\/2023\/08\/Soma-bay-Private-Quad-Bike-Tour-2025.jpeg\",\"contentUrl\":\"https:\/\/hurghadalovers.com\/wp-content\/uploads\/2023\/08\/Soma-bay-Private-Quad-Bike-Tour-2025.jpeg\",\"width\":1156,\"height\":521,\"caption\":\"Soma bay Private Quad Bike Tour 2025\"},{\"@type\":\"BreadcrumbList\",\"@id\":\"https:\/\/hurghadalovers.com\/sk\/tours\/pustne-safari-s-detmi-z-zatoky-soma\/#breadcrumb\",\"itemListElement\":[{\"@type\":\"ListItem\",\"position\":1,\"name\":\"Home\",\"item\":\"https:\/\/hurghadalovers.com\/sk\/\"},{\"@type\":\"ListItem\",\"position\":2,\"name\":\"Shop\",\"item\":\"https:\/\/hurghadalovers.com\/shop\/\"},{\"@type\":\"ListItem\",\"position\":3,\"name\":\"P\u00fa\u0161tne safari s de\u0165mi zo z\u00e1livu Soma\"}]},{\"@type\":\"WebSite\",\"@id\":\"https:\/\/hurghadalovers.com\/sk\/#website\",\"url\":\"https:\/\/hurghadalovers.com\/sk\/\",\"name\":\"Hurghada Excursions & Day Trips | Booking Best Prices Tours\",\"description\":\"Hurghada Lovers - Best Tour Operator - Excursions &amp; Things to do for Family Day Trips with kids and Couples Romantic. Unique .Hidden gems\",\"publisher\":{\"@id\":\"https:\/\/hurghadalovers.com\/sk\/#organization\"},\"alternateName\":\"Hurghada Excursions\",\"potentialAction\":[{\"@type\":\"SearchAction\",\"target\":{\"@type\":\"EntryPoint\",\"urlTemplate\":\"https:\/\/hurghadalovers.com\/sk\/?s={search_term_string}\"},\"query-input\":{\"@type\":\"PropertyValueSpecification\",\"valueRequired\":true,\"valueName\":\"search_term_string\"}}],\"inLanguage\":\"sk-SK\"},{\"@type\":[\"Organization\",\"Place\",\"TravelAgency\"],\"@id\":\"https:\/\/hurghadalovers.com\/sk\/#organization\",\"name\":\"Hurghada Excursions\",\"url\":\"https:\/\/hurghadalovers.com\/sk\/\",\"logo\":{\"@id\":\"https:\/\/hurghadalovers.com\/sk\/tours\/pustne-safari-s-detmi-z-zatoky-soma\/#local-main-organization-logo\"},\"image\":{\"@id\":\"https:\/\/hurghadalovers.com\/sk\/tours\/pustne-safari-s-detmi-z-zatoky-soma\/#local-main-organization-logo\"},\"sameAs\":[\"https:\/\/www.facebook.com\/Hurghadaloversegypt\"],\"address\":{\"@id\":\"https:\/\/hurghadalovers.com\/sk\/tours\/pustne-safari-s-detmi-z-zatoky-soma\/#local-main-place-address\"},\"telephone\":[\"00201112596434\"],\"contactPoint\":{\"@type\":\"ContactPoint\",\"telephone\":\"00201112596434\",\"email\":\"weyouface@gmail.com\"},\"openingHoursSpecification\":{\"@type\":\"OpeningHoursSpecification\",\"dayOfWeek\":[\"Monday\",\"Tuesday\",\"Wednesday\",\"Thursday\",\"Friday\",\"Saturday\",\"Sunday\"],\"opens\":\"00:00\",\"closes\":\"23:59\"},\"email\":\"weyouface@gmail.com\",\"areaServed\":\"Luxor, Hurghada, El Gouna, Aswan, Sharm El Sheikh, Giza, Alexandria, Marsa Alam, Quseir, Soma Bay, Sahl Hasheesh, Red Sea, Makadi Bay, Cairo\",\"priceRange\":\"$\",\"currenciesAccepted\":\"euro\",\"paymentAccepted\":\"cash on site\"},{\"@type\":\"PostalAddress\",\"@id\":\"https:\/\/hurghadalovers.com\/sk\/tours\/pustne-safari-s-detmi-z-zatoky-soma\/#local-main-place-address\",\"streetAddress\":\"17 Banks street, Alkawther area, top nbk bank\",\"addressLocality\":\"hurghada\",\"postalCode\":\"84511\",\"addressRegion\":\"red sea\",\"addressCountry\":\"EG\"},{\"@type\":\"ImageObject\",\"inLanguage\":\"sk-SK\",\"@id\":\"https:\/\/hurghadalovers.com\/sk\/tours\/pustne-safari-s-detmi-z-zatoky-soma\/#local-main-organization-logo\",\"url\":\"https:\/\/hurghadalovers.com\/wp-content\/uploads\/2019\/10\/hurghada-excursions-logo.png\",\"contentUrl\":\"https:\/\/hurghadalovers.com\/wp-content\/uploads\/2019\/10\/hurghada-excursions-logo.png\",\"width\":272,\"height\":90,\"caption\":\"Hurghada Excursions\"}]}<\/script>\n<meta property=\"product:brand\" content=\"Fakultat\u00edvne V\u00fdlety Soma bay\" \/>\n<meta property=\"product:price:amount\" content=\"40\" \/>\n<meta property=\"product:price:currency\" content=\"EUR\" \/>\n<meta property=\"og:availability\" content=\"instock\" \/>\n<meta property=\"product:availability\" content=\"instock\" \/>\n<meta property=\"product:retailer_item_id\" content=\"Soma202402\" \/>\n<meta property=\"product:condition\" content=\"new\" \/>\n<meta name=\"geo.placename\" content=\"hurghada\" \/>\n<meta name=\"geo.region\" content=\"Egypt\" \/>\n<!-- \/ Yoast SEO Premium plugin. -->","yoast_head_json":{"title":"P\u00fa\u0161tne safari s de\u0165mi zo z\u00e1livu Soma | Mega Safari Family","description":"P\u00fa\u0161tne safari s de\u0165mi zo Soma bay Afternoon | Mega Safari Family Friendly & Seniors.Best Soma bay Family-friendly Activities, Things to Do with Kids","robots":{"index":"index","follow":"follow","max-snippet":"max-snippet:-1","max-image-preview":"max-image-preview:large","max-video-preview":"max-video-preview:-1"},"canonical":"https:\/\/hurghadalovers.com\/sk\/tours\/pustne-safari-s-detmi-z-zatoky-soma\/","og_locale":"sk_SK","og_type":"article","og_title":"P\u00fa\u0161tne safari s de\u0165mi zo z\u00e1livu Soma","og_description":"P\u00fa\u0161tne safari s de\u0165mi zo Soma bay Afternoon | Mega Safari Family Friendly & Seniors.Best Soma bay Family-friendly Activities, Things to Do with Kids","og_url":"https:\/\/hurghadalovers.com\/sk\/tours\/pustne-safari-s-detmi-z-zatoky-soma\/","og_site_name":"Hurghada Excursions &amp; Day Trips | Booking Best Prices Tours","article_publisher":"https:\/\/www.facebook.com\/Hurghadaloversegypt","article_modified_time":"2026-02-08T12:20:11+00:00","og_image":[{"width":1156,"height":521,"url":"https:\/\/hurghadalovers.com\/wp-content\/uploads\/2023\/08\/Soma-bay-Private-Quad-Bike-Tour-2025.jpeg","type":"image\/jpeg"}],"twitter_card":"summary_large_image","twitter_misc":{"Cena":"&euro;&nbsp;40","Dostupnos\u0165":"Na sklade"},"schema":{"@context":"https:\/\/schema.org","@graph":[{"@type":["WebPage","ItemPage"],"@id":"https:\/\/hurghadalovers.com\/sk\/tours\/pustne-safari-s-detmi-z-zatoky-soma\/","url":"https:\/\/hurghadalovers.com\/sk\/tours\/pustne-safari-s-detmi-z-zatoky-soma\/","name":"P\u00fa\u0161tne safari s de\u0165mi zo z\u00e1livu Soma | Mega Safari Family","isPartOf":{"@id":"https:\/\/hurghadalovers.com\/sk\/#website"},"primaryImageOfPage":{"@id":"https:\/\/hurghadalovers.com\/sk\/tours\/pustne-safari-s-detmi-z-zatoky-soma\/#primaryimage"},"image":{"@id":"https:\/\/hurghadalovers.com\/sk\/tours\/pustne-safari-s-detmi-z-zatoky-soma\/#primaryimage"},"thumbnailUrl":"https:\/\/hurghadalovers.com\/wp-content\/uploads\/2023\/08\/Soma-bay-Private-Quad-Bike-Tour-2025.jpeg","datePublished":"2023-08-27T20:16:06+00:00","dateModified":"2026-02-08T12:20:11+00:00","description":"P\u00fa\u0161tne safari s de\u0165mi zo Soma bay Afternoon | Mega Safari Family Friendly & Seniors.Best Soma bay Family-friendly Activities, Things to Do with Kids","breadcrumb":{"@id":"https:\/\/hurghadalovers.com\/sk\/tours\/pustne-safari-s-detmi-z-zatoky-soma\/#breadcrumb"},"inLanguage":"sk-SK","potentialAction":[{"@type":"ReadAction","target":["https:\/\/hurghadalovers.com\/sk\/tours\/pustne-safari-s-detmi-z-zatoky-soma\/"]}]},{"@type":"ImageObject","inLanguage":"sk-SK","@id":"https:\/\/hurghadalovers.com\/sk\/tours\/pustne-safari-s-detmi-z-zatoky-soma\/#primaryimage","url":"https:\/\/hurghadalovers.com\/wp-content\/uploads\/2023\/08\/Soma-bay-Private-Quad-Bike-Tour-2025.jpeg","contentUrl":"https:\/\/hurghadalovers.com\/wp-content\/uploads\/2023\/08\/Soma-bay-Private-Quad-Bike-Tour-2025.jpeg","width":1156,"height":521,"caption":"Soma bay Private Quad Bike Tour 2025"},{"@type":"BreadcrumbList","@id":"https:\/\/hurghadalovers.com\/sk\/tours\/pustne-safari-s-detmi-z-zatoky-soma\/#breadcrumb","itemListElement":[{"@type":"ListItem","position":1,"name":"Home","item":"https:\/\/hurghadalovers.com\/sk\/"},{"@type":"ListItem","position":2,"name":"Shop","item":"https:\/\/hurghadalovers.com\/shop\/"},{"@type":"ListItem","position":3,"name":"P\u00fa\u0161tne safari s de\u0165mi zo z\u00e1livu Soma"}]},{"@type":"WebSite","@id":"https:\/\/hurghadalovers.com\/sk\/#website","url":"https:\/\/hurghadalovers.com\/sk\/","name":"Hurghada Excursions & Day Trips | Booking Best Prices Tours","description":"Hurghada Lovers - Best Tour Operator - Excursions &amp; Things to do for Family Day Trips with kids and Couples Romantic. Unique .Hidden gems","publisher":{"@id":"https:\/\/hurghadalovers.com\/sk\/#organization"},"alternateName":"Hurghada Excursions","potentialAction":[{"@type":"SearchAction","target":{"@type":"EntryPoint","urlTemplate":"https:\/\/hurghadalovers.com\/sk\/?s={search_term_string}"},"query-input":{"@type":"PropertyValueSpecification","valueRequired":true,"valueName":"search_term_string"}}],"inLanguage":"sk-SK"},{"@type":["Organization","Place","TravelAgency"],"@id":"https:\/\/hurghadalovers.com\/sk\/#organization","name":"Hurghada Excursions","url":"https:\/\/hurghadalovers.com\/sk\/","logo":{"@id":"https:\/\/hurghadalovers.com\/sk\/tours\/pustne-safari-s-detmi-z-zatoky-soma\/#local-main-organization-logo"},"image":{"@id":"https:\/\/hurghadalovers.com\/sk\/tours\/pustne-safari-s-detmi-z-zatoky-soma\/#local-main-organization-logo"},"sameAs":["https:\/\/www.facebook.com\/Hurghadaloversegypt"],"address":{"@id":"https:\/\/hurghadalovers.com\/sk\/tours\/pustne-safari-s-detmi-z-zatoky-soma\/#local-main-place-address"},"telephone":["00201112596434"],"contactPoint":{"@type":"ContactPoint","telephone":"00201112596434","email":"weyouface@gmail.com"},"openingHoursSpecification":{"@type":"OpeningHoursSpecification","dayOfWeek":["Monday","Tuesday","Wednesday","Thursday","Friday","Saturday","Sunday"],"opens":"00:00","closes":"23:59"},"email":"weyouface@gmail.com","areaServed":"Luxor, Hurghada, El Gouna, Aswan, Sharm El Sheikh, Giza, Alexandria, Marsa Alam, Quseir, Soma Bay, Sahl Hasheesh, Red Sea, Makadi Bay, Cairo","priceRange":"$","currenciesAccepted":"euro","paymentAccepted":"cash on site"},{"@type":"PostalAddress","@id":"https:\/\/hurghadalovers.com\/sk\/tours\/pustne-safari-s-detmi-z-zatoky-soma\/#local-main-place-address","streetAddress":"17 Banks street, Alkawther area, top nbk bank","addressLocality":"hurghada","postalCode":"84511","addressRegion":"red sea","addressCountry":"EG"},{"@type":"ImageObject","inLanguage":"sk-SK","@id":"https:\/\/hurghadalovers.com\/sk\/tours\/pustne-safari-s-detmi-z-zatoky-soma\/#local-main-organization-logo","url":"https:\/\/hurghadalovers.com\/wp-content\/uploads\/2019\/10\/hurghada-excursions-logo.png","contentUrl":"https:\/\/hurghadalovers.com\/wp-content\/uploads\/2019\/10\/hurghada-excursions-logo.png","width":272,"height":90,"caption":"Hurghada Excursions"}]},"product_brand":"Fakultat\u00edvne V\u00fdlety Soma bay","product_price_amount":"40","product_price_currency":"EUR","og_availability":"instock","product_availability":"instock","product_retailer_item_id":"Soma202402","product_condition":"new","geo.placename":"hurghada","geo.region":"Egypt"},"_links":{"self":[{"href":"https:\/\/hurghadalovers.com\/sk\/wp-json\/wp\/v2\/product\/385680","targetHints":{"allow":["GET"]}}],"collection":[{"href":"https:\/\/hurghadalovers.com\/sk\/wp-json\/wp\/v2\/product"}],"about":[{"href":"https:\/\/hurghadalovers.com\/sk\/wp-json\/wp\/v2\/types\/product"}],"wp:featuredmedia":[{"embeddable":true,"href":"https:\/\/hurghadalovers.com\/sk\/wp-json\/wp\/v2\/media\/935234"}],"wp:attachment":[{"href":"https:\/\/hurghadalovers.com\/sk\/wp-json\/wp\/v2\/media?parent=385680"}],"wp:term":[{"taxonomy":"product_brand","embeddable":true,"href":"https:\/\/hurghadalovers.com\/sk\/wp-json\/wp\/v2\/product_brand?post=385680"},{"taxonomy":"product_cat","embeddable":true,"href":"https:\/\/hurghadalovers.com\/sk\/wp-json\/wp\/v2\/product_cat?post=385680"},{"taxonomy":"product_tag","embeddable":true,"href":"https:\/\/hurghadalovers.com\/sk\/wp-json\/wp\/v2\/product_tag?post=385680"}],"curies":[{"name":"wp","href":"https:\/\/api.w.org\/{rel}","templated":true}]}}