{"id":385635,"date":"2023-08-27T20:05:05","date_gmt":"2023-08-27T20:05:05","guid":{"rendered":"https:\/\/hurghadalovers.com\/shop\/nezaraden\u00e9\/parasailing-v-zatoke-soma\/"},"modified":"2026-02-09T19:11:10","modified_gmt":"2026-02-09T19:11:10","slug":"parasailing-soma-bay","status":"publish","type":"product","link":"https:\/\/hurghadalovers.com\/sk\/tours\/parasailing-soma-bay\/","title":{"rendered":"Parasailing v z\u00e1toke Soma"},"content":{"rendered":"<p><strong>Parasailing <\/strong><strong>Soma bay <\/strong>| <strong>Parachute<\/strong> ascensionnel | <strong>Paragliding Tour in <\/strong><strong>Soma bay <\/strong>| Rezerv\u00e1cia Lacn\u00e9 ceny vodn\u00e9 \u0161porty s transferom.<\/p>\n<p style=\"text-align: center;\"><span style=\"color: #00ccff;\">Najlep\u0161ie <strong>adrenal\u00ednov\u00e9 aktivity<\/strong> a <strong>dobrodru\u017en\u00fd v\u00fdlet<\/strong> popoludn\u00ed<\/span><\/p>\n<p style=\"text-align: center;\"><span style=\"color: #00ccff;\">Najlep\u0161ie z\u00e1bavn\u00e9 v\u00fdlety pre <strong>rodiny s de\u0165mi<\/strong><\/span><\/p>\n<p style=\"text-align: center;\"><span style=\"color: #00ccff;\">Najlep\u0161ie veci, ktor\u00e9 m\u00f4\u017eete robi\u0165 v z\u00e1toke Soma pre <strong>romantick\u00e9 a p\u00e1rov\u00e9<\/strong> medov\u00e9 t\u00fd\u017edne.<\/span><\/p>\n<p>&nbsp;<\/p>\n<p style=\"text-align: left;\"><strong>Najd\u00f4le\u017eitej\u0161ie inform\u00e1cie:<\/strong><\/p>\n<ul>\n<li>Parasailing a para\u0161utizmus.<\/li>\n<li>R\u00fdchlostn\u00fd \u010dln.<\/li>\n<li>S\u00fakromn\u00fd transfer.<\/li>\n<\/ul>\n<p><strong>Parasailing <\/strong><strong>Z\u00e1toka Soma <\/strong><strong>Podrobnosti:<\/strong><\/p>\n<ul>\n<li>Dostupnos\u0165 z\u00e1jazdu: Ka\u017ed\u00fd de\u0148.<\/li>\n<li>Typ z\u00e1jazdu: Skupina.<\/li>\n<li>\u010cas vyzdvihnutia: od 10:00 hod., ako sa v\u00e1m p\u00e1\u010di Rezerv\u00e1cia.<\/li>\n<li>Vypn\u00fa\u0165 \u010das: ako sa v\u00e1m p\u00e1\u010di.<\/li>\n<li>Trvanie: 5-7 min Let pad\u00e1kom v oblakoch.<\/li>\n<\/ul>\n<p><strong>Rezervujte teraz a pla\u0165te nesk\u00f4r:<\/strong><\/p>\n<ul>\n<li>Hotovos\u0165 na mieste pre sprievodcu.<\/li>\n<li>Platba egyptsk\u00fdmi librami, $, \u20ac alebo \u00a3.<\/li>\n<\/ul>\n<p><strong>Storno podmienky:<\/strong><\/p>\n<ul>\n<li>m\u00f4\u017eete Zru\u0161i\u0165 a\u017e 24 hod\u00edn vopred.<\/li>\n<li>Ke\u010f niekto z va\u0161ej rodiny zru\u0161\u00ed dopoludnie, zaplat\u00ed 50 % n\u00e1kladov.<\/li>\n<\/ul>\n<p><strong>\u010co je s\u00fa\u010das\u0165ou balenia?<\/strong><\/p>\n<ul>\n<li>Transfer z hotela Soma bay Hotels &#8222;Hotel pick up and drop off&#8220;.<\/li>\n<li>V\u0161etky dane, vstupn\u00e9 poplatky a manipula\u010dn\u00e9 poplatky.<\/li>\n<li>Jazda na pad\u00e1ku.<\/li>\n<li>Miner\u00e1lna voda.<\/li>\n<li>Z\u00e1chrann\u00e9 vesty.<\/li>\n<\/ul>\n<p><strong>Vyl\u00fa\u010denia?<\/strong><\/p>\n<ul>\n<li>Prepitn\u00e9.<\/li>\n<li>Fotografovanie a fotografie na cestu.<\/li>\n<li>Ak\u00e9ko\u013evek pr\u00edplatky, ktor\u00e9 neboli spomenut\u00e9.<\/li>\n<\/ul>\n<p><strong>Ceny:<\/strong><\/p>\n<p><strong>Cena = <\/strong><strong>30 USD<\/strong><strong> na osobu s transferom<\/strong>.<\/p>\n<p><strong>Recenzie:<\/strong><\/p>\n<p>skontrolova\u0165 na\u0161e Google Map Recenzie ako najlep\u0161ie <a href=\"https:\/\/g.page\/r\/CUeYvkngP3wkEBM\/review\">Tour Operator v Hurghada<\/a> on-line v <a href=\"https:\/\/hurghadalovers.com\/\">Hurghada<\/a> Egypt.<\/p>\n<p>&nbsp;<\/p>\n<p><strong>Rezerv\u00e1cia:<\/strong><\/p>\n<p>Odosla\u0165 hotel + \u010d\u00edslo izby + foto pasov na WhatsApp: <strong>+201112596434<\/strong><\/p>\n<p>Ak ste z Egypta Rezerv\u00e1cia teraz online a potvrdi\u0165 pri pr\u00edchode Hotel.<\/p>\n<p>&nbsp;<\/p>\n<p>&nbsp;<\/p>\n","protected":false},"excerpt":{"rendered":"<p><strong>Parasailing <\/strong><strong>Soma bay <\/strong>| <strong>Parachute<\/strong> ascensionnel | <strong>Paragliding Tour in <\/strong><strong>Soma bay <\/strong>| Rezerv\u00e1cia Lacn\u00e9 ceny vodn\u00e9 \u0161porty s transferom. <span style=\"color: #00ccff;\">Najlep\u0161ie <strong>adrenal\u00ednov\u00e9 aktivity<\/strong><\/span><\/p>\n","protected":false},"featured_media":484756,"template":"","meta":{"_joinchat":[]},"product_brand":[],"product_cat":[36669],"product_tag":[54765,54750,54770,54778,54747,54742,54786,54794,54774,54790,54755,54799,54760,54782],"class_list":{"0":"post-385635","1":"product","2":"type-product","3":"status-publish","4":"has-post-thumbnail","6":"product_cat-prehliadky","7":"product_tag-aktivity-v-zatoke-soma","8":"product_tag-bobos-soma-bay-vodne-sporty","9":"product_tag-jednodnove-vylety-do-zatoky-soma","10":"product_tag-jednodnove-vylety-do-zatoky-soma-sk","11":"product_tag-paragliding-soma-bay-sk","12":"product_tag-parasailing-soma-bay-sk","13":"product_tag-rodinne-aktivity-zo-zatoky-soma-bay","14":"product_tag-romanticke-aktivity-v-soma-bay","15":"product_tag-soma-bay-co-robit","16":"product_tag-soma-bay-lacne-vylety-pre-rodiny","17":"product_tag-surfovanie-v-zatoke-soma-bay","18":"product_tag-vnutorne-aktivity-pre-pary-soma-bay","19":"product_tag-vylety-do-zatoky-soma","20":"product_tag-zabavne-miesta-pre-rodinu-zo-zatoky-soma-bay","21":"tour_category-co-robit-v-zalive-soma-bay","22":"tour_category-zaliv-soma-vylety","24":"first","25":"instock","26":"sale","27":"shipping-taxable","28":"purchasable","29":"product-type-tour"},"yoast_head":"<!-- This site is optimized with the Yoast SEO Premium plugin v26.9 (Yoast SEO v27.2) - https:\/\/yoast.com\/product\/yoast-seo-premium-wordpress\/ -->\n<title>Parasailing Soma bay | V\u00fdstup na pad\u00e1ku | Paragliding Tour<\/title>\n<meta name=\"description\" content=\"Parasailing Soma bay | Parachute ascensionnel | Paragliding Tour in Soma bay | Rezerv\u00e1cia Lacn\u00e9 ceny vodn\u00e9 \u0161porty s transferom. Najlep\u0161ie adrenal\u00ednov\u00e9 aktivity\" \/>\n<meta name=\"robots\" content=\"index, follow, max-snippet:-1, max-image-preview:large, max-video-preview:-1\" \/>\n<link rel=\"canonical\" href=\"https:\/\/hurghadalovers.com\/sk\/tours\/parasailing-soma-bay\/\" \/>\n<meta property=\"og:locale\" content=\"sk_SK\" \/>\n<meta property=\"og:type\" content=\"article\" \/>\n<meta property=\"og:title\" content=\"Parasailing v z\u00e1toke Soma\" \/>\n<meta property=\"og:description\" content=\"Parasailing Soma bay | Parachute ascensionnel | Paragliding Tour in Soma bay | Rezerv\u00e1cia Lacn\u00e9 ceny vodn\u00e9 \u0161porty s transferom. Najlep\u0161ie adrenal\u00ednov\u00e9 aktivity\" \/>\n<meta property=\"og:url\" content=\"https:\/\/hurghadalovers.com\/sk\/tours\/parasailing-soma-bay\/\" \/>\n<meta property=\"og:site_name\" content=\"Hurghada Excursions &amp; Day Trips | Booking Best Prices Tours\" \/>\n<meta property=\"article:publisher\" content=\"https:\/\/www.facebook.com\/Hurghadaloversegypt\" \/>\n<meta property=\"article:modified_time\" content=\"2026-02-09T19:11:10+00:00\" \/>\n<meta property=\"og:image\" content=\"https:\/\/hurghadalovers.com\/wp-content\/uploads\/2023\/08\/Parasailing-Hurghada-Tour-all-inclusive.jpeg\" \/>\n\t<meta property=\"og:image:width\" content=\"853\" \/>\n\t<meta property=\"og:image:height\" content=\"1280\" \/>\n\t<meta property=\"og:image:type\" content=\"image\/jpeg\" \/>\n<meta name=\"twitter:card\" content=\"summary_large_image\" \/>\n<meta name=\"twitter:label1\" content=\"Cena\" \/>\n\t<meta name=\"twitter:data1\" content=\"&euro;&nbsp;35\" \/>\n\t<meta name=\"twitter:label2\" content=\"Dostupnos\u0165\" \/>\n\t<meta name=\"twitter:data2\" content=\"Na sklade\" \/>\n<script type=\"application\/ld+json\" class=\"yoast-schema-graph\">{\"@context\":\"https:\/\/schema.org\",\"@graph\":[{\"@type\":[\"WebPage\",\"ItemPage\"],\"@id\":\"https:\/\/hurghadalovers.com\/sk\/tours\/parasailing-soma-bay\/\",\"url\":\"https:\/\/hurghadalovers.com\/sk\/tours\/parasailing-soma-bay\/\",\"name\":\"Parasailing Soma bay | V\u00fdstup na pad\u00e1ku | Paragliding Tour\",\"isPartOf\":{\"@id\":\"https:\/\/hurghadalovers.com\/sk\/#website\"},\"primaryImageOfPage\":{\"@id\":\"https:\/\/hurghadalovers.com\/sk\/tours\/parasailing-soma-bay\/#primaryimage\"},\"image\":{\"@id\":\"https:\/\/hurghadalovers.com\/sk\/tours\/parasailing-soma-bay\/#primaryimage\"},\"thumbnailUrl\":\"https:\/\/hurghadalovers.com\/wp-content\/uploads\/2023\/08\/Parasailing-Hurghada-Tour-all-inclusive.jpeg\",\"datePublished\":\"2023-08-27T20:05:05+00:00\",\"dateModified\":\"2026-02-09T19:11:10+00:00\",\"description\":\"Parasailing Soma bay | Parachute ascensionnel | Paragliding Tour in Soma bay | Rezerv\u00e1cia Lacn\u00e9 ceny vodn\u00e9 \u0161porty s transferom. Najlep\u0161ie adrenal\u00ednov\u00e9 aktivity\",\"breadcrumb\":{\"@id\":\"https:\/\/hurghadalovers.com\/sk\/tours\/parasailing-soma-bay\/#breadcrumb\"},\"inLanguage\":\"sk-SK\",\"potentialAction\":[{\"@type\":\"ReadAction\",\"target\":[\"https:\/\/hurghadalovers.com\/sk\/tours\/parasailing-soma-bay\/\"]}]},{\"@type\":\"ImageObject\",\"inLanguage\":\"sk-SK\",\"@id\":\"https:\/\/hurghadalovers.com\/sk\/tours\/parasailing-soma-bay\/#primaryimage\",\"url\":\"https:\/\/hurghadalovers.com\/wp-content\/uploads\/2023\/08\/Parasailing-Hurghada-Tour-all-inclusive.jpeg\",\"contentUrl\":\"https:\/\/hurghadalovers.com\/wp-content\/uploads\/2023\/08\/Parasailing-Hurghada-Tour-all-inclusive.jpeg\",\"width\":853,\"height\":1280,\"caption\":\"Parasailing Hurghada Tour all inclusive\"},{\"@type\":\"BreadcrumbList\",\"@id\":\"https:\/\/hurghadalovers.com\/sk\/tours\/parasailing-soma-bay\/#breadcrumb\",\"itemListElement\":[{\"@type\":\"ListItem\",\"position\":1,\"name\":\"Home\",\"item\":\"https:\/\/hurghadalovers.com\/sk\/\"},{\"@type\":\"ListItem\",\"position\":2,\"name\":\"Shop\",\"item\":\"https:\/\/hurghadalovers.com\/shop\/\"},{\"@type\":\"ListItem\",\"position\":3,\"name\":\"Parasailing v z\u00e1toke Soma\"}]},{\"@type\":\"WebSite\",\"@id\":\"https:\/\/hurghadalovers.com\/sk\/#website\",\"url\":\"https:\/\/hurghadalovers.com\/sk\/\",\"name\":\"Hurghada Excursions & Day Trips | Booking Best Prices Tours\",\"description\":\"Hurghada Lovers - Best Tour Operator - Excursions &amp; Things to do for Family Day Trips with kids and Couples Romantic. Unique .Hidden gems\",\"publisher\":{\"@id\":\"https:\/\/hurghadalovers.com\/sk\/#organization\"},\"alternateName\":\"Hurghada Excursions\",\"potentialAction\":[{\"@type\":\"SearchAction\",\"target\":{\"@type\":\"EntryPoint\",\"urlTemplate\":\"https:\/\/hurghadalovers.com\/sk\/?s={search_term_string}\"},\"query-input\":{\"@type\":\"PropertyValueSpecification\",\"valueRequired\":true,\"valueName\":\"search_term_string\"}}],\"inLanguage\":\"sk-SK\"},{\"@type\":[\"Organization\",\"Place\",\"TravelAgency\"],\"@id\":\"https:\/\/hurghadalovers.com\/sk\/#organization\",\"name\":\"Hurghada Excursions\",\"url\":\"https:\/\/hurghadalovers.com\/sk\/\",\"logo\":{\"@id\":\"https:\/\/hurghadalovers.com\/sk\/tours\/parasailing-soma-bay\/#local-main-organization-logo\"},\"image\":{\"@id\":\"https:\/\/hurghadalovers.com\/sk\/tours\/parasailing-soma-bay\/#local-main-organization-logo\"},\"sameAs\":[\"https:\/\/www.facebook.com\/Hurghadaloversegypt\"],\"address\":{\"@id\":\"https:\/\/hurghadalovers.com\/sk\/tours\/parasailing-soma-bay\/#local-main-place-address\"},\"telephone\":[\"00201112596434\"],\"contactPoint\":{\"@type\":\"ContactPoint\",\"telephone\":\"00201112596434\",\"email\":\"weyouface@gmail.com\"},\"openingHoursSpecification\":{\"@type\":\"OpeningHoursSpecification\",\"dayOfWeek\":[\"Monday\",\"Tuesday\",\"Wednesday\",\"Thursday\",\"Friday\",\"Saturday\",\"Sunday\"],\"opens\":\"00:00\",\"closes\":\"23:59\"},\"email\":\"weyouface@gmail.com\",\"areaServed\":\"Luxor, Hurghada, El Gouna, Aswan, Sharm El Sheikh, Giza, Alexandria, Marsa Alam, Quseir, Soma Bay, Sahl Hasheesh, Red Sea, Makadi Bay, Cairo\",\"priceRange\":\"$\",\"currenciesAccepted\":\"euro\",\"paymentAccepted\":\"cash on site\"},{\"@type\":\"PostalAddress\",\"@id\":\"https:\/\/hurghadalovers.com\/sk\/tours\/parasailing-soma-bay\/#local-main-place-address\",\"streetAddress\":\"17 Banks street, Alkawther area, top nbk bank\",\"addressLocality\":\"hurghada\",\"postalCode\":\"84511\",\"addressRegion\":\"red sea\",\"addressCountry\":\"EG\"},{\"@type\":\"ImageObject\",\"inLanguage\":\"sk-SK\",\"@id\":\"https:\/\/hurghadalovers.com\/sk\/tours\/parasailing-soma-bay\/#local-main-organization-logo\",\"url\":\"https:\/\/hurghadalovers.com\/wp-content\/uploads\/2019\/10\/hurghada-excursions-logo.png\",\"contentUrl\":\"https:\/\/hurghadalovers.com\/wp-content\/uploads\/2019\/10\/hurghada-excursions-logo.png\",\"width\":272,\"height\":90,\"caption\":\"Hurghada Excursions\"}]}<\/script>\n<meta property=\"product:brand\" content=\"\u010co vidie\u0165 v Soma bay\" \/>\n<meta property=\"product:price:amount\" content=\"35\" \/>\n<meta property=\"product:price:currency\" content=\"EUR\" \/>\n<meta property=\"og:availability\" content=\"instock\" \/>\n<meta property=\"product:availability\" content=\"instock\" \/>\n<meta property=\"product:retailer_item_id\" content=\"Soma202401\" \/>\n<meta property=\"product:condition\" content=\"new\" \/>\n<meta name=\"geo.placename\" content=\"hurghada\" \/>\n<meta name=\"geo.region\" content=\"Egypt\" \/>\n<!-- \/ Yoast SEO Premium plugin. -->","yoast_head_json":{"title":"Parasailing Soma bay | V\u00fdstup na pad\u00e1ku | Paragliding Tour","description":"Parasailing Soma bay | Parachute ascensionnel | Paragliding Tour in Soma bay | Rezerv\u00e1cia Lacn\u00e9 ceny vodn\u00e9 \u0161porty s transferom. Najlep\u0161ie adrenal\u00ednov\u00e9 aktivity","robots":{"index":"index","follow":"follow","max-snippet":"max-snippet:-1","max-image-preview":"max-image-preview:large","max-video-preview":"max-video-preview:-1"},"canonical":"https:\/\/hurghadalovers.com\/sk\/tours\/parasailing-soma-bay\/","og_locale":"sk_SK","og_type":"article","og_title":"Parasailing v z\u00e1toke Soma","og_description":"Parasailing Soma bay | Parachute ascensionnel | Paragliding Tour in Soma bay | Rezerv\u00e1cia Lacn\u00e9 ceny vodn\u00e9 \u0161porty s transferom. Najlep\u0161ie adrenal\u00ednov\u00e9 aktivity","og_url":"https:\/\/hurghadalovers.com\/sk\/tours\/parasailing-soma-bay\/","og_site_name":"Hurghada Excursions &amp; Day Trips | Booking Best Prices Tours","article_publisher":"https:\/\/www.facebook.com\/Hurghadaloversegypt","article_modified_time":"2026-02-09T19:11:10+00:00","og_image":[{"width":853,"height":1280,"url":"https:\/\/hurghadalovers.com\/wp-content\/uploads\/2023\/08\/Parasailing-Hurghada-Tour-all-inclusive.jpeg","type":"image\/jpeg"}],"twitter_card":"summary_large_image","twitter_misc":{"Cena":"&euro;&nbsp;35","Dostupnos\u0165":"Na sklade"},"schema":{"@context":"https:\/\/schema.org","@graph":[{"@type":["WebPage","ItemPage"],"@id":"https:\/\/hurghadalovers.com\/sk\/tours\/parasailing-soma-bay\/","url":"https:\/\/hurghadalovers.com\/sk\/tours\/parasailing-soma-bay\/","name":"Parasailing Soma bay | V\u00fdstup na pad\u00e1ku | Paragliding Tour","isPartOf":{"@id":"https:\/\/hurghadalovers.com\/sk\/#website"},"primaryImageOfPage":{"@id":"https:\/\/hurghadalovers.com\/sk\/tours\/parasailing-soma-bay\/#primaryimage"},"image":{"@id":"https:\/\/hurghadalovers.com\/sk\/tours\/parasailing-soma-bay\/#primaryimage"},"thumbnailUrl":"https:\/\/hurghadalovers.com\/wp-content\/uploads\/2023\/08\/Parasailing-Hurghada-Tour-all-inclusive.jpeg","datePublished":"2023-08-27T20:05:05+00:00","dateModified":"2026-02-09T19:11:10+00:00","description":"Parasailing Soma bay | Parachute ascensionnel | Paragliding Tour in Soma bay | Rezerv\u00e1cia Lacn\u00e9 ceny vodn\u00e9 \u0161porty s transferom. Najlep\u0161ie adrenal\u00ednov\u00e9 aktivity","breadcrumb":{"@id":"https:\/\/hurghadalovers.com\/sk\/tours\/parasailing-soma-bay\/#breadcrumb"},"inLanguage":"sk-SK","potentialAction":[{"@type":"ReadAction","target":["https:\/\/hurghadalovers.com\/sk\/tours\/parasailing-soma-bay\/"]}]},{"@type":"ImageObject","inLanguage":"sk-SK","@id":"https:\/\/hurghadalovers.com\/sk\/tours\/parasailing-soma-bay\/#primaryimage","url":"https:\/\/hurghadalovers.com\/wp-content\/uploads\/2023\/08\/Parasailing-Hurghada-Tour-all-inclusive.jpeg","contentUrl":"https:\/\/hurghadalovers.com\/wp-content\/uploads\/2023\/08\/Parasailing-Hurghada-Tour-all-inclusive.jpeg","width":853,"height":1280,"caption":"Parasailing Hurghada Tour all inclusive"},{"@type":"BreadcrumbList","@id":"https:\/\/hurghadalovers.com\/sk\/tours\/parasailing-soma-bay\/#breadcrumb","itemListElement":[{"@type":"ListItem","position":1,"name":"Home","item":"https:\/\/hurghadalovers.com\/sk\/"},{"@type":"ListItem","position":2,"name":"Shop","item":"https:\/\/hurghadalovers.com\/shop\/"},{"@type":"ListItem","position":3,"name":"Parasailing v z\u00e1toke Soma"}]},{"@type":"WebSite","@id":"https:\/\/hurghadalovers.com\/sk\/#website","url":"https:\/\/hurghadalovers.com\/sk\/","name":"Hurghada Excursions & Day Trips | Booking Best Prices Tours","description":"Hurghada Lovers - Best Tour Operator - Excursions &amp; Things to do for Family Day Trips with kids and Couples Romantic. Unique .Hidden gems","publisher":{"@id":"https:\/\/hurghadalovers.com\/sk\/#organization"},"alternateName":"Hurghada Excursions","potentialAction":[{"@type":"SearchAction","target":{"@type":"EntryPoint","urlTemplate":"https:\/\/hurghadalovers.com\/sk\/?s={search_term_string}"},"query-input":{"@type":"PropertyValueSpecification","valueRequired":true,"valueName":"search_term_string"}}],"inLanguage":"sk-SK"},{"@type":["Organization","Place","TravelAgency"],"@id":"https:\/\/hurghadalovers.com\/sk\/#organization","name":"Hurghada Excursions","url":"https:\/\/hurghadalovers.com\/sk\/","logo":{"@id":"https:\/\/hurghadalovers.com\/sk\/tours\/parasailing-soma-bay\/#local-main-organization-logo"},"image":{"@id":"https:\/\/hurghadalovers.com\/sk\/tours\/parasailing-soma-bay\/#local-main-organization-logo"},"sameAs":["https:\/\/www.facebook.com\/Hurghadaloversegypt"],"address":{"@id":"https:\/\/hurghadalovers.com\/sk\/tours\/parasailing-soma-bay\/#local-main-place-address"},"telephone":["00201112596434"],"contactPoint":{"@type":"ContactPoint","telephone":"00201112596434","email":"weyouface@gmail.com"},"openingHoursSpecification":{"@type":"OpeningHoursSpecification","dayOfWeek":["Monday","Tuesday","Wednesday","Thursday","Friday","Saturday","Sunday"],"opens":"00:00","closes":"23:59"},"email":"weyouface@gmail.com","areaServed":"Luxor, Hurghada, El Gouna, Aswan, Sharm El Sheikh, Giza, Alexandria, Marsa Alam, Quseir, Soma Bay, Sahl Hasheesh, Red Sea, Makadi Bay, Cairo","priceRange":"$","currenciesAccepted":"euro","paymentAccepted":"cash on site"},{"@type":"PostalAddress","@id":"https:\/\/hurghadalovers.com\/sk\/tours\/parasailing-soma-bay\/#local-main-place-address","streetAddress":"17 Banks street, Alkawther area, top nbk bank","addressLocality":"hurghada","postalCode":"84511","addressRegion":"red sea","addressCountry":"EG"},{"@type":"ImageObject","inLanguage":"sk-SK","@id":"https:\/\/hurghadalovers.com\/sk\/tours\/parasailing-soma-bay\/#local-main-organization-logo","url":"https:\/\/hurghadalovers.com\/wp-content\/uploads\/2019\/10\/hurghada-excursions-logo.png","contentUrl":"https:\/\/hurghadalovers.com\/wp-content\/uploads\/2019\/10\/hurghada-excursions-logo.png","width":272,"height":90,"caption":"Hurghada Excursions"}]},"product_brand":"\u010co vidie\u0165 v Soma bay","product_price_amount":"35","product_price_currency":"EUR","og_availability":"instock","product_availability":"instock","product_retailer_item_id":"Soma202401","product_condition":"new","geo.placename":"hurghada","geo.region":"Egypt"},"_links":{"self":[{"href":"https:\/\/hurghadalovers.com\/sk\/wp-json\/wp\/v2\/product\/385635","targetHints":{"allow":["GET"]}}],"collection":[{"href":"https:\/\/hurghadalovers.com\/sk\/wp-json\/wp\/v2\/product"}],"about":[{"href":"https:\/\/hurghadalovers.com\/sk\/wp-json\/wp\/v2\/types\/product"}],"wp:featuredmedia":[{"embeddable":true,"href":"https:\/\/hurghadalovers.com\/sk\/wp-json\/wp\/v2\/media\/484756"}],"wp:attachment":[{"href":"https:\/\/hurghadalovers.com\/sk\/wp-json\/wp\/v2\/media?parent=385635"}],"wp:term":[{"taxonomy":"product_brand","embeddable":true,"href":"https:\/\/hurghadalovers.com\/sk\/wp-json\/wp\/v2\/product_brand?post=385635"},{"taxonomy":"product_cat","embeddable":true,"href":"https:\/\/hurghadalovers.com\/sk\/wp-json\/wp\/v2\/product_cat?post=385635"},{"taxonomy":"product_tag","embeddable":true,"href":"https:\/\/hurghadalovers.com\/sk\/wp-json\/wp\/v2\/product_tag?post=385635"}],"curies":[{"name":"wp","href":"https:\/\/api.w.org\/{rel}","templated":true}]}}