{"id":385358,"date":"2023-08-27T13:45:55","date_gmt":"2023-08-27T13:45:55","guid":{"rendered":"https:\/\/hurghadalovers.com\/shop\/nezaraden\u00e9\/prehliadka-zatoky-soma-pri-zapade-slnka-na-buginach\/"},"modified":"2026-02-08T18:47:32","modified_gmt":"2026-02-08T18:47:32","slug":"sunset-buggy-tour-from-soma-bay","status":"publish","type":"product","link":"https:\/\/hurghadalovers.com\/sk\/tours\/sunset-buggy-tour-from-soma-bay\/","title":{"rendered":"Prehliadka z\u00e1toky Soma pri z\u00e1pade slnka na bugin\u00e1ch"},"content":{"rendered":"<p><strong>Z\u00e1pad slnka na bugin\u00e1ch zo <\/strong><strong>z\u00e1livu Soma<\/strong> do bedu\u00ednskej dediny a jazda na \u0165av\u00e1ch | <strong>Luxusn\u00e9 dobrodru\u017en\u00e9 p\u00fa\u0161tne safari<\/strong> pre rodiny s de\u0165mi, p\u00e1ry a seniorov so s\u00fakromn\u00fdm transferom | Jazda na Polaris RZR.<\/p>\n<p>&nbsp;<\/p>\n<p><strong>Najd\u00f4le\u017eitej\u0161ie inform\u00e1cie:<\/strong><\/p>\n<ol>\n<li>Jazda na dunovej bugine.<\/li>\n<li>Jazda na \u0165ave.<\/li>\n<li>Bedu\u00ednska dedina.<\/li>\n<\/ol>\n<p><strong>Z\u00e1pad slnka Buggy Tour od <\/strong><strong>Z\u00e1toka Soma<\/strong> <strong>Podrobnosti:<\/strong><\/p>\n<ul>\n<li>Dostupnos\u0165 z\u00e1jazdu: Ka\u017ed\u00fd de\u0148.<\/li>\n<li>Typ z\u00e1jazdu: Skupinov\u00e1 alebo s\u00fakromn\u00e1.<\/li>\n<li>\u010cas vyzdvihnutia: Od 14:00.<\/li>\n<li>\u010cas vyzdvihnutia: od 19:00.<\/li>\n<li>Trvanie: Trvanie: 3 hod.<\/li>\n<\/ul>\n<p><strong>Rezervujte teraz a pla\u0165te nesk\u00f4r:<\/strong><\/p>\n<ul>\n<li>Hotovos\u0165 na mieste pre sprievodcu.<\/li>\n<li>Platba egyptsk\u00fdmi librami, $, \u20ac alebo \u00a3.<\/li>\n<\/ul>\n<p><strong>Storno podmienky:<\/strong><\/p>\n<ul>\n<li>m\u00f4\u017eete Zru\u0161i\u0165 a\u017e 24 hod\u00edn vopred.<\/li>\n<li>Ke\u010f niekto z va\u0161ej rodiny zru\u0161\u00ed dopoludnie, zaplat\u00ed 50 % n\u00e1kladov.<\/li>\n<\/ul>\n<p><strong>\u010co je s\u00fa\u010das\u0165ou balenia?<\/strong><\/p>\n<ul>\n<li>Transfer z hotela Soma bay Hotels &#8222;Hotel pick up and drop off&#8220;.<\/li>\n<li>V\u0161etky dane, vstupn\u00e9 poplatky a manipula\u010dn\u00e9 poplatky.<\/li>\n<li>Prevody.<\/li>\n<li>Sprievodca.<\/li>\n<li>Prilba.<\/li>\n<\/ul>\n<p><strong>Vyl\u00fa\u010denia?<\/strong><\/p>\n<ul>\n<li>\u0160atka<\/li>\n<li>Ochrann\u00e9 okuliare<\/li>\n<li>Prepitn\u00e9.<\/li>\n<li>Fotografovanie na cestu.<\/li>\n<li>Ak\u00e9ko\u013evek pr\u00edplatky, ktor\u00e9 neboli spomenut\u00e9.<\/li>\n<\/ul>\n<p><strong>Ceny:<\/strong><\/p>\n<p><strong>Cena = <\/strong><strong>90 USD<\/strong><strong> na osobu<\/strong>.<\/p>\n<p><strong>Recenzie:<\/strong><\/p>\n<p>skontrolova\u0165 na\u0161e Google Map Recenzie ako najlep\u0161ie <a href=\"https:\/\/g.page\/r\/CUeYvkngP3wkEBM\/review\">Tour Operator v Hurghada<\/a> on-line v <a href=\"https:\/\/hurghadalovers.com\/\">Hurghada<\/a> Egypt.<\/p>\n<p>&nbsp;<\/p>\n<p><strong>Rezerv\u00e1cia:<\/strong><\/p>\n<p>Odosla\u0165 hotel + \u010d\u00edslo izby + foto pasov na WhatsApp: <strong>+201112596434<\/strong><\/p>\n<p>Ak ste z Egypta Rezerv\u00e1cia teraz online a potvrdi\u0165 pri pr\u00edchode Hotel.<\/p>\n<p>&nbsp;<\/p>\n","protected":false},"excerpt":{"rendered":"<p><strong>Z\u00e1pad slnka na bugin\u00e1ch zo <\/strong><strong>z\u00e1livu Soma<\/strong> do bedu\u00ednskej dediny a jazda na \u0165av\u00e1ch | <strong>Luxusn\u00e9 dobrodru\u017en\u00e9 p\u00fa\u0161tne safari<\/strong> pre rodiny s de\u0165mi, p\u00e1ry a seniorov so s\u00fakromn\u00fdm transferom | Jazda na Polaris RZR.<\/p>\n","protected":false},"featured_media":935180,"template":"","meta":{"_joinchat":[]},"product_brand":[],"product_cat":[36669],"product_tag":[54915,54827,54839,54936,54835,54778,54944,54813,54929,54805,54786,54794,54904,54808,54818,54831,54774,54823,54909],"class_list":{"0":"post-385358","1":"product","2":"type-product","3":"status-publish","4":"has-post-thumbnail","6":"product_cat-prehliadky","7":"product_tag-aktivity-pre-tinedzerov-zo-soma-bay","8":"product_tag-atv-soma-bay-sk","9":"product_tag-beduinska-dedina-soma-bay","10":"product_tag-co-vidiet-v-zalive-soma-bay","11":"product_tag-jazda-na-tave-soma-bay","12":"product_tag-jednodnove-vylety-do-zatoky-soma-sk","13":"product_tag-jednodnove-vylety-zo-zatoky-soma-bay","14":"product_tag-pozorovanie-hviezd-soma-bay","15":"product_tag-prehliadka-zatoky-soma-s-buginami","16":"product_tag-pustne-safari-soma-bay","17":"product_tag-rodinne-aktivity-zo-zatoky-soma-bay","18":"product_tag-romanticke-aktivity-v-soma-bay","19":"product_tag-romanticke-vylety-do-zatoky-soma","20":"product_tag-safari-s-buginami-v-zatoke-soma","21":"product_tag-safari-sahara-soma-bay-sk","22":"product_tag-safari-tour-soma-bay-sk","23":"product_tag-soma-bay-co-robit","24":"product_tag-stvorkolky-soma-bay","25":"product_tag-zabavne-rodinne-aktivity-zo-zatoky-soma-bay","26":"tour_category-zaliv-soma-vylety","27":"tour_category-prehliadka-stvorkoliek-zo-zalivu-soma","29":"first","30":"instock","31":"sale","32":"shipping-taxable","33":"purchasable","34":"product-type-tour"},"yoast_head":"<!-- This site is optimized with the Yoast SEO Premium plugin v26.9 (Yoast SEO v27.2) - https:\/\/yoast.com\/product\/yoast-seo-premium-wordpress\/ -->\n<title>Z\u00e1pad slnka na bugin\u00e1ch zo z\u00e1livu Soma do bedu\u00ednskej dediny a na \u0165avy<\/title>\n<meta name=\"description\" content=\"Z\u00e1pad slnka na bugin\u00e1ch zo z\u00e1livu Soma do bedu\u00ednskej dediny a jazda na \u0165av\u00e1ch | Luxusn\u00e9 dobrodru\u017en\u00e9 p\u00fa\u0161tne safari Pre rodiny s de\u0165mi, p\u00e1ry a seniorov...\" \/>\n<meta name=\"robots\" content=\"index, follow, max-snippet:-1, max-image-preview:large, max-video-preview:-1\" \/>\n<link rel=\"canonical\" href=\"https:\/\/hurghadalovers.com\/sk\/tours\/sunset-buggy-tour-from-soma-bay\/\" \/>\n<meta property=\"og:locale\" content=\"sk_SK\" \/>\n<meta property=\"og:type\" content=\"article\" \/>\n<meta property=\"og:title\" content=\"Prehliadka z\u00e1toky Soma pri z\u00e1pade slnka na bugin\u00e1ch\" \/>\n<meta property=\"og:description\" content=\"Z\u00e1pad slnka na bugin\u00e1ch zo z\u00e1livu Soma do bedu\u00ednskej dediny a jazda na \u0165av\u00e1ch | Luxusn\u00e9 dobrodru\u017en\u00e9 p\u00fa\u0161tne safari Pre rodiny s de\u0165mi, p\u00e1ry a seniorov...\" \/>\n<meta property=\"og:url\" content=\"https:\/\/hurghadalovers.com\/sk\/tours\/sunset-buggy-tour-from-soma-bay\/\" \/>\n<meta property=\"og:site_name\" content=\"Hurghada Excursions &amp; Day Trips | Booking Best Prices Tours\" \/>\n<meta property=\"article:publisher\" content=\"https:\/\/www.facebook.com\/Hurghadaloversegypt\" \/>\n<meta property=\"article:modified_time\" content=\"2026-02-08T18:47:32+00:00\" \/>\n<meta property=\"og:image\" content=\"https:\/\/hurghadalovers.com\/wp-content\/uploads\/2023\/08\/Sunset-Buggy-Tour-from-Soma-bay-2025.jpeg\" \/>\n\t<meta property=\"og:image:width\" content=\"1156\" \/>\n\t<meta property=\"og:image:height\" content=\"521\" \/>\n\t<meta property=\"og:image:type\" content=\"image\/jpeg\" \/>\n<meta name=\"twitter:card\" content=\"summary_large_image\" \/>\n<meta name=\"twitter:label1\" content=\"Cena\" \/>\n\t<meta name=\"twitter:data1\" content=\"&euro;&nbsp;95\" \/>\n\t<meta name=\"twitter:label2\" content=\"Dostupnos\u0165\" \/>\n\t<meta name=\"twitter:data2\" content=\"Na sklade\" \/>\n<script type=\"application\/ld+json\" class=\"yoast-schema-graph\">{\"@context\":\"https:\/\/schema.org\",\"@graph\":[{\"@type\":[\"WebPage\",\"ItemPage\"],\"@id\":\"https:\/\/hurghadalovers.com\/sk\/tours\/sunset-buggy-tour-from-soma-bay\/\",\"url\":\"https:\/\/hurghadalovers.com\/sk\/tours\/sunset-buggy-tour-from-soma-bay\/\",\"name\":\"Z\u00e1pad slnka na bugin\u00e1ch zo z\u00e1livu Soma do bedu\u00ednskej dediny a na \u0165avy\",\"isPartOf\":{\"@id\":\"https:\/\/hurghadalovers.com\/sk\/#website\"},\"primaryImageOfPage\":{\"@id\":\"https:\/\/hurghadalovers.com\/sk\/tours\/sunset-buggy-tour-from-soma-bay\/#primaryimage\"},\"image\":{\"@id\":\"https:\/\/hurghadalovers.com\/sk\/tours\/sunset-buggy-tour-from-soma-bay\/#primaryimage\"},\"thumbnailUrl\":\"https:\/\/hurghadalovers.com\/wp-content\/uploads\/2023\/08\/Sunset-Buggy-Tour-from-Soma-bay-2025.jpeg\",\"datePublished\":\"2023-08-27T13:45:55+00:00\",\"dateModified\":\"2026-02-08T18:47:32+00:00\",\"description\":\"Z\u00e1pad slnka na bugin\u00e1ch zo z\u00e1livu Soma do bedu\u00ednskej dediny a jazda na \u0165av\u00e1ch | Luxusn\u00e9 dobrodru\u017en\u00e9 p\u00fa\u0161tne safari Pre rodiny s de\u0165mi, p\u00e1ry a seniorov...\",\"breadcrumb\":{\"@id\":\"https:\/\/hurghadalovers.com\/sk\/tours\/sunset-buggy-tour-from-soma-bay\/#breadcrumb\"},\"inLanguage\":\"sk-SK\",\"potentialAction\":[{\"@type\":\"ReadAction\",\"target\":[\"https:\/\/hurghadalovers.com\/sk\/tours\/sunset-buggy-tour-from-soma-bay\/\"]}]},{\"@type\":\"ImageObject\",\"inLanguage\":\"sk-SK\",\"@id\":\"https:\/\/hurghadalovers.com\/sk\/tours\/sunset-buggy-tour-from-soma-bay\/#primaryimage\",\"url\":\"https:\/\/hurghadalovers.com\/wp-content\/uploads\/2023\/08\/Sunset-Buggy-Tour-from-Soma-bay-2025.jpeg\",\"contentUrl\":\"https:\/\/hurghadalovers.com\/wp-content\/uploads\/2023\/08\/Sunset-Buggy-Tour-from-Soma-bay-2025.jpeg\",\"width\":1156,\"height\":521,\"caption\":\"Sunset Buggy Tour from Soma bay 2025\"},{\"@type\":\"BreadcrumbList\",\"@id\":\"https:\/\/hurghadalovers.com\/sk\/tours\/sunset-buggy-tour-from-soma-bay\/#breadcrumb\",\"itemListElement\":[{\"@type\":\"ListItem\",\"position\":1,\"name\":\"Home\",\"item\":\"https:\/\/hurghadalovers.com\/sk\/\"},{\"@type\":\"ListItem\",\"position\":2,\"name\":\"Shop\",\"item\":\"https:\/\/hurghadalovers.com\/shop\/\"},{\"@type\":\"ListItem\",\"position\":3,\"name\":\"Prehliadka z\u00e1toky Soma pri z\u00e1pade slnka na bugin\u00e1ch\"}]},{\"@type\":\"WebSite\",\"@id\":\"https:\/\/hurghadalovers.com\/sk\/#website\",\"url\":\"https:\/\/hurghadalovers.com\/sk\/\",\"name\":\"Hurghada Excursions & Day Trips | Booking Best Prices Tours\",\"description\":\"Hurghada Lovers - Best Tour Operator - Excursions &amp; Things to do for Family Day Trips with kids and Couples Romantic. Unique .Hidden gems\",\"publisher\":{\"@id\":\"https:\/\/hurghadalovers.com\/sk\/#organization\"},\"alternateName\":\"Hurghada Excursions\",\"potentialAction\":[{\"@type\":\"SearchAction\",\"target\":{\"@type\":\"EntryPoint\",\"urlTemplate\":\"https:\/\/hurghadalovers.com\/sk\/?s={search_term_string}\"},\"query-input\":{\"@type\":\"PropertyValueSpecification\",\"valueRequired\":true,\"valueName\":\"search_term_string\"}}],\"inLanguage\":\"sk-SK\"},{\"@type\":[\"Organization\",\"Place\",\"TravelAgency\"],\"@id\":\"https:\/\/hurghadalovers.com\/sk\/#organization\",\"name\":\"Hurghada Excursions\",\"url\":\"https:\/\/hurghadalovers.com\/sk\/\",\"logo\":{\"@id\":\"https:\/\/hurghadalovers.com\/sk\/tours\/sunset-buggy-tour-from-soma-bay\/#local-main-organization-logo\"},\"image\":{\"@id\":\"https:\/\/hurghadalovers.com\/sk\/tours\/sunset-buggy-tour-from-soma-bay\/#local-main-organization-logo\"},\"sameAs\":[\"https:\/\/www.facebook.com\/Hurghadaloversegypt\"],\"address\":{\"@id\":\"https:\/\/hurghadalovers.com\/sk\/tours\/sunset-buggy-tour-from-soma-bay\/#local-main-place-address\"},\"telephone\":[\"00201112596434\"],\"contactPoint\":{\"@type\":\"ContactPoint\",\"telephone\":\"00201112596434\",\"email\":\"weyouface@gmail.com\"},\"openingHoursSpecification\":{\"@type\":\"OpeningHoursSpecification\",\"dayOfWeek\":[\"Monday\",\"Tuesday\",\"Wednesday\",\"Thursday\",\"Friday\",\"Saturday\",\"Sunday\"],\"opens\":\"00:00\",\"closes\":\"23:59\"},\"email\":\"weyouface@gmail.com\",\"areaServed\":\"Luxor, Hurghada, El Gouna, Aswan, Sharm El Sheikh, Giza, Alexandria, Marsa Alam, Quseir, Soma Bay, Sahl Hasheesh, Red Sea, Makadi Bay, Cairo\",\"priceRange\":\"$\",\"currenciesAccepted\":\"euro\",\"paymentAccepted\":\"cash on site\"},{\"@type\":\"PostalAddress\",\"@id\":\"https:\/\/hurghadalovers.com\/sk\/tours\/sunset-buggy-tour-from-soma-bay\/#local-main-place-address\",\"streetAddress\":\"17 Banks street, Alkawther area, top nbk bank\",\"addressLocality\":\"hurghada\",\"postalCode\":\"84511\",\"addressRegion\":\"red sea\",\"addressCountry\":\"EG\"},{\"@type\":\"ImageObject\",\"inLanguage\":\"sk-SK\",\"@id\":\"https:\/\/hurghadalovers.com\/sk\/tours\/sunset-buggy-tour-from-soma-bay\/#local-main-organization-logo\",\"url\":\"https:\/\/hurghadalovers.com\/wp-content\/uploads\/2019\/10\/hurghada-excursions-logo.png\",\"contentUrl\":\"https:\/\/hurghadalovers.com\/wp-content\/uploads\/2019\/10\/hurghada-excursions-logo.png\",\"width\":272,\"height\":90,\"caption\":\"Hurghada Excursions\"}]}<\/script>\n<meta property=\"product:brand\" content=\"Fakultat\u00edvne V\u00fdlety Soma bay\" \/>\n<meta property=\"product:price:amount\" content=\"95\" \/>\n<meta property=\"product:price:currency\" content=\"EUR\" \/>\n<meta property=\"og:availability\" content=\"instock\" \/>\n<meta property=\"product:availability\" content=\"instock\" \/>\n<meta property=\"product:retailer_item_id\" content=\"SafariSomabay022024\" \/>\n<meta property=\"product:condition\" content=\"new\" \/>\n<meta name=\"geo.placename\" content=\"hurghada\" \/>\n<meta name=\"geo.region\" content=\"Egypt\" \/>\n<!-- \/ Yoast SEO Premium plugin. -->","yoast_head_json":{"title":"Z\u00e1pad slnka na bugin\u00e1ch zo z\u00e1livu Soma do bedu\u00ednskej dediny a na \u0165avy","description":"Z\u00e1pad slnka na bugin\u00e1ch zo z\u00e1livu Soma do bedu\u00ednskej dediny a jazda na \u0165av\u00e1ch | Luxusn\u00e9 dobrodru\u017en\u00e9 p\u00fa\u0161tne safari Pre rodiny s de\u0165mi, p\u00e1ry a seniorov...","robots":{"index":"index","follow":"follow","max-snippet":"max-snippet:-1","max-image-preview":"max-image-preview:large","max-video-preview":"max-video-preview:-1"},"canonical":"https:\/\/hurghadalovers.com\/sk\/tours\/sunset-buggy-tour-from-soma-bay\/","og_locale":"sk_SK","og_type":"article","og_title":"Prehliadka z\u00e1toky Soma pri z\u00e1pade slnka na bugin\u00e1ch","og_description":"Z\u00e1pad slnka na bugin\u00e1ch zo z\u00e1livu Soma do bedu\u00ednskej dediny a jazda na \u0165av\u00e1ch | Luxusn\u00e9 dobrodru\u017en\u00e9 p\u00fa\u0161tne safari Pre rodiny s de\u0165mi, p\u00e1ry a seniorov...","og_url":"https:\/\/hurghadalovers.com\/sk\/tours\/sunset-buggy-tour-from-soma-bay\/","og_site_name":"Hurghada Excursions &amp; Day Trips | Booking Best Prices Tours","article_publisher":"https:\/\/www.facebook.com\/Hurghadaloversegypt","article_modified_time":"2026-02-08T18:47:32+00:00","og_image":[{"width":1156,"height":521,"url":"https:\/\/hurghadalovers.com\/wp-content\/uploads\/2023\/08\/Sunset-Buggy-Tour-from-Soma-bay-2025.jpeg","type":"image\/jpeg"}],"twitter_card":"summary_large_image","twitter_misc":{"Cena":"&euro;&nbsp;95","Dostupnos\u0165":"Na sklade"},"schema":{"@context":"https:\/\/schema.org","@graph":[{"@type":["WebPage","ItemPage"],"@id":"https:\/\/hurghadalovers.com\/sk\/tours\/sunset-buggy-tour-from-soma-bay\/","url":"https:\/\/hurghadalovers.com\/sk\/tours\/sunset-buggy-tour-from-soma-bay\/","name":"Z\u00e1pad slnka na bugin\u00e1ch zo z\u00e1livu Soma do bedu\u00ednskej dediny a na \u0165avy","isPartOf":{"@id":"https:\/\/hurghadalovers.com\/sk\/#website"},"primaryImageOfPage":{"@id":"https:\/\/hurghadalovers.com\/sk\/tours\/sunset-buggy-tour-from-soma-bay\/#primaryimage"},"image":{"@id":"https:\/\/hurghadalovers.com\/sk\/tours\/sunset-buggy-tour-from-soma-bay\/#primaryimage"},"thumbnailUrl":"https:\/\/hurghadalovers.com\/wp-content\/uploads\/2023\/08\/Sunset-Buggy-Tour-from-Soma-bay-2025.jpeg","datePublished":"2023-08-27T13:45:55+00:00","dateModified":"2026-02-08T18:47:32+00:00","description":"Z\u00e1pad slnka na bugin\u00e1ch zo z\u00e1livu Soma do bedu\u00ednskej dediny a jazda na \u0165av\u00e1ch | Luxusn\u00e9 dobrodru\u017en\u00e9 p\u00fa\u0161tne safari Pre rodiny s de\u0165mi, p\u00e1ry a seniorov...","breadcrumb":{"@id":"https:\/\/hurghadalovers.com\/sk\/tours\/sunset-buggy-tour-from-soma-bay\/#breadcrumb"},"inLanguage":"sk-SK","potentialAction":[{"@type":"ReadAction","target":["https:\/\/hurghadalovers.com\/sk\/tours\/sunset-buggy-tour-from-soma-bay\/"]}]},{"@type":"ImageObject","inLanguage":"sk-SK","@id":"https:\/\/hurghadalovers.com\/sk\/tours\/sunset-buggy-tour-from-soma-bay\/#primaryimage","url":"https:\/\/hurghadalovers.com\/wp-content\/uploads\/2023\/08\/Sunset-Buggy-Tour-from-Soma-bay-2025.jpeg","contentUrl":"https:\/\/hurghadalovers.com\/wp-content\/uploads\/2023\/08\/Sunset-Buggy-Tour-from-Soma-bay-2025.jpeg","width":1156,"height":521,"caption":"Sunset Buggy Tour from Soma bay 2025"},{"@type":"BreadcrumbList","@id":"https:\/\/hurghadalovers.com\/sk\/tours\/sunset-buggy-tour-from-soma-bay\/#breadcrumb","itemListElement":[{"@type":"ListItem","position":1,"name":"Home","item":"https:\/\/hurghadalovers.com\/sk\/"},{"@type":"ListItem","position":2,"name":"Shop","item":"https:\/\/hurghadalovers.com\/shop\/"},{"@type":"ListItem","position":3,"name":"Prehliadka z\u00e1toky Soma pri z\u00e1pade slnka na bugin\u00e1ch"}]},{"@type":"WebSite","@id":"https:\/\/hurghadalovers.com\/sk\/#website","url":"https:\/\/hurghadalovers.com\/sk\/","name":"Hurghada Excursions & Day Trips | Booking Best Prices Tours","description":"Hurghada Lovers - Best Tour Operator - Excursions &amp; Things to do for Family Day Trips with kids and Couples Romantic. Unique .Hidden gems","publisher":{"@id":"https:\/\/hurghadalovers.com\/sk\/#organization"},"alternateName":"Hurghada Excursions","potentialAction":[{"@type":"SearchAction","target":{"@type":"EntryPoint","urlTemplate":"https:\/\/hurghadalovers.com\/sk\/?s={search_term_string}"},"query-input":{"@type":"PropertyValueSpecification","valueRequired":true,"valueName":"search_term_string"}}],"inLanguage":"sk-SK"},{"@type":["Organization","Place","TravelAgency"],"@id":"https:\/\/hurghadalovers.com\/sk\/#organization","name":"Hurghada Excursions","url":"https:\/\/hurghadalovers.com\/sk\/","logo":{"@id":"https:\/\/hurghadalovers.com\/sk\/tours\/sunset-buggy-tour-from-soma-bay\/#local-main-organization-logo"},"image":{"@id":"https:\/\/hurghadalovers.com\/sk\/tours\/sunset-buggy-tour-from-soma-bay\/#local-main-organization-logo"},"sameAs":["https:\/\/www.facebook.com\/Hurghadaloversegypt"],"address":{"@id":"https:\/\/hurghadalovers.com\/sk\/tours\/sunset-buggy-tour-from-soma-bay\/#local-main-place-address"},"telephone":["00201112596434"],"contactPoint":{"@type":"ContactPoint","telephone":"00201112596434","email":"weyouface@gmail.com"},"openingHoursSpecification":{"@type":"OpeningHoursSpecification","dayOfWeek":["Monday","Tuesday","Wednesday","Thursday","Friday","Saturday","Sunday"],"opens":"00:00","closes":"23:59"},"email":"weyouface@gmail.com","areaServed":"Luxor, Hurghada, El Gouna, Aswan, Sharm El Sheikh, Giza, Alexandria, Marsa Alam, Quseir, Soma Bay, Sahl Hasheesh, Red Sea, Makadi Bay, Cairo","priceRange":"$","currenciesAccepted":"euro","paymentAccepted":"cash on site"},{"@type":"PostalAddress","@id":"https:\/\/hurghadalovers.com\/sk\/tours\/sunset-buggy-tour-from-soma-bay\/#local-main-place-address","streetAddress":"17 Banks street, Alkawther area, top nbk bank","addressLocality":"hurghada","postalCode":"84511","addressRegion":"red sea","addressCountry":"EG"},{"@type":"ImageObject","inLanguage":"sk-SK","@id":"https:\/\/hurghadalovers.com\/sk\/tours\/sunset-buggy-tour-from-soma-bay\/#local-main-organization-logo","url":"https:\/\/hurghadalovers.com\/wp-content\/uploads\/2019\/10\/hurghada-excursions-logo.png","contentUrl":"https:\/\/hurghadalovers.com\/wp-content\/uploads\/2019\/10\/hurghada-excursions-logo.png","width":272,"height":90,"caption":"Hurghada Excursions"}]},"product_brand":"Fakultat\u00edvne V\u00fdlety Soma bay","product_price_amount":"95","product_price_currency":"EUR","og_availability":"instock","product_availability":"instock","product_retailer_item_id":"SafariSomabay022024","product_condition":"new","geo.placename":"hurghada","geo.region":"Egypt"},"_links":{"self":[{"href":"https:\/\/hurghadalovers.com\/sk\/wp-json\/wp\/v2\/product\/385358","targetHints":{"allow":["GET"]}}],"collection":[{"href":"https:\/\/hurghadalovers.com\/sk\/wp-json\/wp\/v2\/product"}],"about":[{"href":"https:\/\/hurghadalovers.com\/sk\/wp-json\/wp\/v2\/types\/product"}],"wp:featuredmedia":[{"embeddable":true,"href":"https:\/\/hurghadalovers.com\/sk\/wp-json\/wp\/v2\/media\/935180"}],"wp:attachment":[{"href":"https:\/\/hurghadalovers.com\/sk\/wp-json\/wp\/v2\/media?parent=385358"}],"wp:term":[{"taxonomy":"product_brand","embeddable":true,"href":"https:\/\/hurghadalovers.com\/sk\/wp-json\/wp\/v2\/product_brand?post=385358"},{"taxonomy":"product_cat","embeddable":true,"href":"https:\/\/hurghadalovers.com\/sk\/wp-json\/wp\/v2\/product_cat?post=385358"},{"taxonomy":"product_tag","embeddable":true,"href":"https:\/\/hurghadalovers.com\/sk\/wp-json\/wp\/v2\/product_tag?post=385358"}],"curies":[{"name":"wp","href":"https:\/\/api.w.org\/{rel}","templated":true}]}}