{"id":384199,"date":"2023-08-26T20:26:44","date_gmt":"2023-08-26T20:38:41","guid":{"rendered":"https:\/\/hurghadalovers.com\/shop\/nezaraden\u00e9\/soma-bay-do-luxoru-celodenny-vylet-autobusom-do-udolia-kralovien\/"},"modified":"2026-02-07T15:33:22","modified_gmt":"2026-02-07T15:33:22","slug":"soma-bay-to-luxor-day-trip-to-valley-of-the-queens","status":"publish","type":"product","link":"https:\/\/hurghadalovers.com\/sk\/tours\/soma-bay-to-luxor-day-trip-to-valley-of-the-queens\/","title":{"rendered":"Soma Bay Do Luxoru Celodenn\u00fd v\u00fdlet autobusom do \u00dadolia kr\u00e1\u013eovien"},"content":{"rendered":"<p><strong>Soma Bay<\/strong> <strong>To Luxor Celodenn\u00fd v\u00fdlet do \u00dadolia kr\u00e1\u013eovien autobusom<\/strong> so s\u00fakromn\u00fdm sprievodcom, obedom, vstupenkami a transferom na n\u00e1v\u0161tevu chr\u00e1mu v Karnaku, Hat\u0161epsutinho chr\u00e1mu a Memnonov\u00fdch kolosov.<\/p>\n<p style=\"text-align: center;\"><span style=\"color: #993300;\"><strong>Objavte tajomstv\u00e1 fara\u00f3nskej civiliz\u00e1cie<\/strong><\/span><\/p>\n<p>&nbsp;<\/p>\n<p><strong>Najd\u00f4le\u017eitej\u0161ie inform\u00e1cie:<\/strong><\/p>\n<ol>\n<li>Chr\u00e1m v Karnaku.<\/li>\n<li>Obed v re\u0161taur\u00e1cii &#8222;Vegetari\u00e1nska strava je k dispoz\u00edcii&#8220;.<\/li>\n<li>5min Felucca na rieke N\u00edl.<\/li>\n<li>Memnonove kolosy.<\/li>\n<li>Hat\u0161epsutin pohrebn\u00fd chr\u00e1m.<\/li>\n<li>\u00dadolie kr\u00e1\u013eovien.<\/li>\n<\/ol>\n<p><strong>Z\u00e1toka Soma<\/strong> <strong>Do Luxoru Celodenn\u00fd v\u00fdlet autobusom do \u00dadolia kr\u00e1\u013eovien Podrobnosti:<\/strong><\/p>\n<ul>\n<li>Dostupnos\u0165 z\u00e1jazdu: Ka\u017ed\u00fd de\u0148.<\/li>\n<li>Typ z\u00e1jazdu: Skupina.<\/li>\n<li>\u010cas vyzdvihnutia: Od 05:00 hod.<\/li>\n<li>\u017diados\u0165 Hotel dosta\u0165 ra\u0148ajky ta\u0161ku s vami R\u00e1no.<\/li>\n<li>\u010cas vyzdvihnutia: 19:30.<\/li>\n<li>Bezbari\u00e9rov\u00fd pr\u00edstup.<\/li>\n<li>Trvanie: 20 hod\u00edn.<\/li>\n<\/ul>\n<p><strong>Rezervujte teraz a pla\u0165te nesk\u00f4r:<\/strong><\/p>\n<ul>\n<li>Hotovos\u0165 na mieste pre sprievodcu.<\/li>\n<li>Platba egyptsk\u00fdmi librami, $, \u20ac alebo \u00a3.<\/li>\n<\/ul>\n<p><strong>Storno podmienky:<\/strong><\/p>\n<ul>\n<li>m\u00f4\u017eete Zru\u0161i\u0165 a\u017e 24 hod\u00edn vopred.<\/li>\n<li>Ke\u010f niekto z va\u0161ej rodiny zru\u0161\u00ed dopoludnie, zaplat\u00ed 50 % n\u00e1kladov.<\/li>\n<\/ul>\n<p><strong>\u010co je s\u00fa\u010das\u0165ou balenia?<\/strong><\/p>\n<ul>\n<li>Transfer z hotela Soma bay Hotels &#8222;Hotel pick up and drop off&#8220;.<\/li>\n<li>V\u0161etky dane, vstupenky, vstupn\u00e9 a manipula\u010dn\u00e9 poplatky.<\/li>\n<li>Prevody.<\/li>\n<li>Sprievodca.<\/li>\n<li>Obed v re\u0161taur\u00e1cii.<\/li>\n<\/ul>\n<p><strong>Vyl\u00fa\u010denia?<\/strong><\/p>\n<ul>\n<li>Prepitn\u00e9.<\/li>\n<li>V\u00fdlet na Felucce &#8222;Plavba lo\u010fou&#8220; Na 35 min= 10$.<\/li>\n<li>Ak\u00e9ko\u013evek pr\u00edplatky, ktor\u00e9 neboli spomenut\u00e9.<\/li>\n<\/ul>\n<p><strong>Ceny:<\/strong><\/p>\n<ul>\n<li><strong>Cena pre dospel\u00fdch = <\/strong><strong>65 USD<\/strong><strong> na osobu<\/strong>.<\/li>\n<li>Cena pre deti &#8222;5-12&#8220; = 50%.<\/li>\n<li>pre deti &#8222;0-5&#8220; = zadarmo.<\/li>\n<\/ul>\n<p>&nbsp;<\/p>\n<p><strong>Recenzie:<\/strong><\/p>\n<p>skontrolova\u0165 na\u0161e Google Map Recenzie ako najlep\u0161ie <a href=\"https:\/\/g.page\/r\/CUeYvkngP3wkEBM\/review\">Tour Operator v Hurghada<\/a> on-line v <a href=\"https:\/\/hurghadalovers.com\/\">Hurghada<\/a> Egypt.<\/p>\n<p>&nbsp;<\/p>\n<p><strong>Rezerv\u00e1cia:<\/strong><\/p>\n<p>Odosla\u0165 hotel + \u010d\u00edslo izby + foto pasov na WhatsApp: <strong>+201112596434<\/strong><\/p>\n<p>Ak ste z Egypta Rezerv\u00e1cia teraz online a potvrdi\u0165 pri pr\u00edchode Hotel.<\/p>\n<p>&nbsp;<\/p>\n<p>&nbsp;<\/p>\n","protected":false},"excerpt":{"rendered":"<p><strong>Soma Bay<\/strong> <strong>To Luxor Celodenn\u00fd v\u00fdlet do \u00dadolia kr\u00e1\u013eovien autobusom<\/strong> so s\u00fakromn\u00fdm sprievodcom, obedom, vstupenkami a transferom na n\u00e1v\u0161tevu chr\u00e1mu v Karnaku, Hat\u0161epsutinho chr\u00e1mu a Memnonov\u00fdch kolosov.<\/p>\n","protected":false},"featured_media":384113,"template":"","meta":{"_joinchat":[]},"product_brand":[],"product_cat":[36669],"product_tag":[54564,54673,54886,54654,54936,49401,54944,54882,54685,54874,54878,54892,54698,54799,54663,54679,54667],"class_list":{"0":"post-384199","1":"product","2":"type-product","3":"status-publish","4":"has-post-thumbnail","6":"product_cat-prehliadky","7":"product_tag-aktivity-pre-deti-v-zalive-soma-bay","8":"product_tag-celodenna-prehliadka-luxoru-zo-zatoky-soma-bay","9":"product_tag-celodenne-vylety-zo-zatoky-soma-bay","10":"product_tag-celodenny-vylet-zo-zatoky-soma-do-luxoru","11":"product_tag-co-vidiet-v-zalive-soma-bay","12":"product_tag-day-trips-from-soma-bay","13":"product_tag-jednodnove-vylety-zo-zatoky-soma-bay","14":"product_tag-miesta-na-navstevu-v-soma-bay","15":"product_tag-prehliadka-luxoru-zo-zatoky-soma-bay","16":"product_tag-rodinne-aktivity-zo-zatoky-soma-bay-sk","17":"product_tag-rodinne-dni-zo-zatoky-soma-bay","18":"product_tag-romanticke-aktivity-pre-pary-v-zalive-soma-bay","19":"product_tag-transfer-z-luxor-do-soma-bay","20":"product_tag-vnutorne-aktivity-pre-pary-soma-bay","21":"product_tag-vylet-do-luxoru-zo-zatoky-soma-bay-sk","22":"product_tag-zajazdy-do-zatoky-soma-do-luxoru","23":"product_tag-zatoka-soma-do-luxoru-autobus","24":"tour_category-zaliv-soma-vylety","25":"tour_category-zaliv-soma-do-luxoru","27":"first","28":"instock","29":"sale","30":"shipping-taxable","31":"purchasable","32":"product-type-tour"},"yoast_head":"<!-- This site is optimized with the Yoast SEO Premium plugin v26.9 (Yoast SEO v27.2) - https:\/\/yoast.com\/product\/yoast-seo-premium-wordpress\/ -->\n<title>Soma Bay Do Luxoru Celodenn\u00fd v\u00fdlet autobusom do \u00dadolia kr\u00e1\u013eovien<\/title>\n<meta name=\"description\" content=\"Soma Bay Do Luxoru Celodenn\u00fd v\u00fdlet do \u00dadolia kr\u00e1\u013eovien autobusom so s\u00fakromn\u00fdm sprievodcom, obedom, vstupenkami a transferom na n\u00e1v\u0161tevu chr\u00e1mu v Karnaku, chr\u00e1mu Hat\u0161epsut\" \/>\n<meta name=\"robots\" content=\"index, follow, max-snippet:-1, max-image-preview:large, max-video-preview:-1\" \/>\n<link rel=\"canonical\" href=\"https:\/\/hurghadalovers.com\/sk\/tours\/soma-bay-to-luxor-day-trip-to-valley-of-the-queens\/\" \/>\n<meta property=\"og:locale\" content=\"sk_SK\" \/>\n<meta property=\"og:type\" content=\"article\" \/>\n<meta property=\"og:title\" content=\"Soma Bay Do Luxoru Celodenn\u00fd v\u00fdlet autobusom do \u00dadolia kr\u00e1\u013eovien\" \/>\n<meta property=\"og:description\" content=\"Soma Bay Do Luxoru Celodenn\u00fd v\u00fdlet do \u00dadolia kr\u00e1\u013eovien autobusom so s\u00fakromn\u00fdm sprievodcom, obedom, vstupenkami a transferom na n\u00e1v\u0161tevu chr\u00e1mu v Karnaku, chr\u00e1mu Hat\u0161epsut\" \/>\n<meta property=\"og:url\" content=\"https:\/\/hurghadalovers.com\/sk\/tours\/soma-bay-to-luxor-day-trip-to-valley-of-the-queens\/\" \/>\n<meta property=\"og:site_name\" content=\"Hurghada Excursions &amp; Day Trips | Booking Best Prices Tours\" \/>\n<meta property=\"article:publisher\" content=\"https:\/\/www.facebook.com\/Hurghadaloversegypt\" \/>\n<meta property=\"article:modified_time\" content=\"2026-02-07T15:33:22+00:00\" \/>\n<meta property=\"og:image\" content=\"https:\/\/hurghadalovers.com\/wp-content\/uploads\/2023\/08\/Soma-bay-To-Luxor-Day-Trip-to-Valley-of-The-Queens-by-Bus.jpeg\" \/>\n\t<meta property=\"og:image:width\" content=\"1536\" \/>\n\t<meta property=\"og:image:height\" content=\"1024\" \/>\n\t<meta property=\"og:image:type\" content=\"image\/jpeg\" \/>\n<meta name=\"twitter:card\" content=\"summary_large_image\" \/>\n<meta name=\"twitter:label1\" content=\"Cena\" \/>\n\t<meta name=\"twitter:data1\" content=\"&euro;&nbsp;65\" \/>\n\t<meta name=\"twitter:label2\" content=\"Dostupnos\u0165\" \/>\n\t<meta name=\"twitter:data2\" content=\"Na sklade\" \/>\n<script type=\"application\/ld+json\" class=\"yoast-schema-graph\">{\"@context\":\"https:\/\/schema.org\",\"@graph\":[{\"@type\":[\"WebPage\",\"ItemPage\"],\"@id\":\"https:\/\/hurghadalovers.com\/sk\/tours\/soma-bay-to-luxor-day-trip-to-valley-of-the-queens\/\",\"url\":\"https:\/\/hurghadalovers.com\/sk\/tours\/soma-bay-to-luxor-day-trip-to-valley-of-the-queens\/\",\"name\":\"Soma Bay Do Luxoru Celodenn\u00fd v\u00fdlet autobusom do \u00dadolia kr\u00e1\u013eovien\",\"isPartOf\":{\"@id\":\"https:\/\/hurghadalovers.com\/sk\/#website\"},\"primaryImageOfPage\":{\"@id\":\"https:\/\/hurghadalovers.com\/sk\/tours\/soma-bay-to-luxor-day-trip-to-valley-of-the-queens\/#primaryimage\"},\"image\":{\"@id\":\"https:\/\/hurghadalovers.com\/sk\/tours\/soma-bay-to-luxor-day-trip-to-valley-of-the-queens\/#primaryimage\"},\"thumbnailUrl\":\"https:\/\/hurghadalovers.com\/wp-content\/uploads\/2023\/08\/Soma-bay-To-Luxor-Day-Trip-to-Valley-of-The-Queens-by-Bus.jpeg\",\"datePublished\":\"2023-08-26T20:38:41+00:00\",\"dateModified\":\"2026-02-07T15:33:22+00:00\",\"description\":\"Soma Bay Do Luxoru Celodenn\u00fd v\u00fdlet do \u00dadolia kr\u00e1\u013eovien autobusom so s\u00fakromn\u00fdm sprievodcom, obedom, vstupenkami a transferom na n\u00e1v\u0161tevu chr\u00e1mu v Karnaku, chr\u00e1mu Hat\u0161epsut\",\"breadcrumb\":{\"@id\":\"https:\/\/hurghadalovers.com\/sk\/tours\/soma-bay-to-luxor-day-trip-to-valley-of-the-queens\/#breadcrumb\"},\"inLanguage\":\"sk-SK\",\"potentialAction\":[{\"@type\":\"ReadAction\",\"target\":[\"https:\/\/hurghadalovers.com\/sk\/tours\/soma-bay-to-luxor-day-trip-to-valley-of-the-queens\/\"]}]},{\"@type\":\"ImageObject\",\"inLanguage\":\"sk-SK\",\"@id\":\"https:\/\/hurghadalovers.com\/sk\/tours\/soma-bay-to-luxor-day-trip-to-valley-of-the-queens\/#primaryimage\",\"url\":\"https:\/\/hurghadalovers.com\/wp-content\/uploads\/2023\/08\/Soma-bay-To-Luxor-Day-Trip-to-Valley-of-The-Queens-by-Bus.jpeg\",\"contentUrl\":\"https:\/\/hurghadalovers.com\/wp-content\/uploads\/2023\/08\/Soma-bay-To-Luxor-Day-Trip-to-Valley-of-The-Queens-by-Bus.jpeg\",\"width\":1536,\"height\":1024,\"caption\":\"Soma Bay Do Luxoru Celodenn\u00fd v\u00fdlet autobusom do \u00dadolia kr\u00e1\u013eovien\"},{\"@type\":\"BreadcrumbList\",\"@id\":\"https:\/\/hurghadalovers.com\/sk\/tours\/soma-bay-to-luxor-day-trip-to-valley-of-the-queens\/#breadcrumb\",\"itemListElement\":[{\"@type\":\"ListItem\",\"position\":1,\"name\":\"Home\",\"item\":\"https:\/\/hurghadalovers.com\/sk\/\"},{\"@type\":\"ListItem\",\"position\":2,\"name\":\"Shop\",\"item\":\"https:\/\/hurghadalovers.com\/shop\/\"},{\"@type\":\"ListItem\",\"position\":3,\"name\":\"Soma Bay Do Luxoru Celodenn\u00fd v\u00fdlet autobusom do \u00dadolia kr\u00e1\u013eovien\"}]},{\"@type\":\"WebSite\",\"@id\":\"https:\/\/hurghadalovers.com\/sk\/#website\",\"url\":\"https:\/\/hurghadalovers.com\/sk\/\",\"name\":\"Hurghada Excursions & Day Trips | Booking Best Prices Tours\",\"description\":\"Hurghada Lovers - Best Tour Operator - Excursions &amp; Things to do for Family Day Trips with kids and Couples Romantic. Unique .Hidden gems\",\"publisher\":{\"@id\":\"https:\/\/hurghadalovers.com\/sk\/#organization\"},\"alternateName\":\"Hurghada Excursions\",\"potentialAction\":[{\"@type\":\"SearchAction\",\"target\":{\"@type\":\"EntryPoint\",\"urlTemplate\":\"https:\/\/hurghadalovers.com\/sk\/?s={search_term_string}\"},\"query-input\":{\"@type\":\"PropertyValueSpecification\",\"valueRequired\":true,\"valueName\":\"search_term_string\"}}],\"inLanguage\":\"sk-SK\"},{\"@type\":[\"Organization\",\"Place\",\"TravelAgency\"],\"@id\":\"https:\/\/hurghadalovers.com\/sk\/#organization\",\"name\":\"Hurghada Excursions\",\"url\":\"https:\/\/hurghadalovers.com\/sk\/\",\"logo\":{\"@id\":\"https:\/\/hurghadalovers.com\/sk\/tours\/soma-bay-to-luxor-day-trip-to-valley-of-the-queens\/#local-main-organization-logo\"},\"image\":{\"@id\":\"https:\/\/hurghadalovers.com\/sk\/tours\/soma-bay-to-luxor-day-trip-to-valley-of-the-queens\/#local-main-organization-logo\"},\"sameAs\":[\"https:\/\/www.facebook.com\/Hurghadaloversegypt\"],\"address\":{\"@id\":\"https:\/\/hurghadalovers.com\/sk\/tours\/soma-bay-to-luxor-day-trip-to-valley-of-the-queens\/#local-main-place-address\"},\"telephone\":[\"00201112596434\"],\"contactPoint\":{\"@type\":\"ContactPoint\",\"telephone\":\"00201112596434\",\"email\":\"weyouface@gmail.com\"},\"openingHoursSpecification\":{\"@type\":\"OpeningHoursSpecification\",\"dayOfWeek\":[\"Monday\",\"Tuesday\",\"Wednesday\",\"Thursday\",\"Friday\",\"Saturday\",\"Sunday\"],\"opens\":\"00:00\",\"closes\":\"23:59\"},\"email\":\"weyouface@gmail.com\",\"areaServed\":\"Luxor, Hurghada, El Gouna, Aswan, Sharm El Sheikh, Giza, Alexandria, Marsa Alam, Quseir, Soma Bay, Sahl Hasheesh, Red Sea, Makadi Bay, Cairo\",\"priceRange\":\"$\",\"currenciesAccepted\":\"euro\",\"paymentAccepted\":\"cash on site\"},{\"@type\":\"PostalAddress\",\"@id\":\"https:\/\/hurghadalovers.com\/sk\/tours\/soma-bay-to-luxor-day-trip-to-valley-of-the-queens\/#local-main-place-address\",\"streetAddress\":\"17 Banks street, Alkawther area, top nbk bank\",\"addressLocality\":\"hurghada\",\"postalCode\":\"84511\",\"addressRegion\":\"red sea\",\"addressCountry\":\"EG\"},{\"@type\":\"ImageObject\",\"inLanguage\":\"sk-SK\",\"@id\":\"https:\/\/hurghadalovers.com\/sk\/tours\/soma-bay-to-luxor-day-trip-to-valley-of-the-queens\/#local-main-organization-logo\",\"url\":\"https:\/\/hurghadalovers.com\/wp-content\/uploads\/2019\/10\/hurghada-excursions-logo.png\",\"contentUrl\":\"https:\/\/hurghadalovers.com\/wp-content\/uploads\/2019\/10\/hurghada-excursions-logo.png\",\"width\":272,\"height\":90,\"caption\":\"Hurghada Excursions\"}]}<\/script>\n<meta property=\"product:brand\" content=\"Fakultat\u00edvne V\u00fdlety Soma bay\" \/>\n<meta property=\"product:price:amount\" content=\"65\" \/>\n<meta property=\"product:price:currency\" content=\"EUR\" \/>\n<meta property=\"og:availability\" content=\"instock\" \/>\n<meta property=\"product:availability\" content=\"instock\" \/>\n<meta property=\"product:retailer_item_id\" content=\"PrivateSomabay352024\" \/>\n<meta property=\"product:condition\" content=\"new\" \/>\n<meta name=\"geo.placename\" content=\"hurghada\" \/>\n<meta name=\"geo.region\" content=\"Egypt\" \/>\n<!-- \/ Yoast SEO Premium plugin. -->","yoast_head_json":{"title":"Soma Bay Do Luxoru Celodenn\u00fd v\u00fdlet autobusom do \u00dadolia kr\u00e1\u013eovien","description":"Soma Bay Do Luxoru Celodenn\u00fd v\u00fdlet do \u00dadolia kr\u00e1\u013eovien autobusom so s\u00fakromn\u00fdm sprievodcom, obedom, vstupenkami a transferom na n\u00e1v\u0161tevu chr\u00e1mu v Karnaku, chr\u00e1mu Hat\u0161epsut","robots":{"index":"index","follow":"follow","max-snippet":"max-snippet:-1","max-image-preview":"max-image-preview:large","max-video-preview":"max-video-preview:-1"},"canonical":"https:\/\/hurghadalovers.com\/sk\/tours\/soma-bay-to-luxor-day-trip-to-valley-of-the-queens\/","og_locale":"sk_SK","og_type":"article","og_title":"Soma Bay Do Luxoru Celodenn\u00fd v\u00fdlet autobusom do \u00dadolia kr\u00e1\u013eovien","og_description":"Soma Bay Do Luxoru Celodenn\u00fd v\u00fdlet do \u00dadolia kr\u00e1\u013eovien autobusom so s\u00fakromn\u00fdm sprievodcom, obedom, vstupenkami a transferom na n\u00e1v\u0161tevu chr\u00e1mu v Karnaku, chr\u00e1mu Hat\u0161epsut","og_url":"https:\/\/hurghadalovers.com\/sk\/tours\/soma-bay-to-luxor-day-trip-to-valley-of-the-queens\/","og_site_name":"Hurghada Excursions &amp; Day Trips | Booking Best Prices Tours","article_publisher":"https:\/\/www.facebook.com\/Hurghadaloversegypt","article_modified_time":"2026-02-07T15:33:22+00:00","og_image":[{"width":1536,"height":1024,"url":"https:\/\/hurghadalovers.com\/wp-content\/uploads\/2023\/08\/Soma-bay-To-Luxor-Day-Trip-to-Valley-of-The-Queens-by-Bus.jpeg","type":"image\/jpeg"}],"twitter_card":"summary_large_image","twitter_misc":{"Cena":"&euro;&nbsp;65","Dostupnos\u0165":"Na sklade"},"schema":{"@context":"https:\/\/schema.org","@graph":[{"@type":["WebPage","ItemPage"],"@id":"https:\/\/hurghadalovers.com\/sk\/tours\/soma-bay-to-luxor-day-trip-to-valley-of-the-queens\/","url":"https:\/\/hurghadalovers.com\/sk\/tours\/soma-bay-to-luxor-day-trip-to-valley-of-the-queens\/","name":"Soma Bay Do Luxoru Celodenn\u00fd v\u00fdlet autobusom do \u00dadolia kr\u00e1\u013eovien","isPartOf":{"@id":"https:\/\/hurghadalovers.com\/sk\/#website"},"primaryImageOfPage":{"@id":"https:\/\/hurghadalovers.com\/sk\/tours\/soma-bay-to-luxor-day-trip-to-valley-of-the-queens\/#primaryimage"},"image":{"@id":"https:\/\/hurghadalovers.com\/sk\/tours\/soma-bay-to-luxor-day-trip-to-valley-of-the-queens\/#primaryimage"},"thumbnailUrl":"https:\/\/hurghadalovers.com\/wp-content\/uploads\/2023\/08\/Soma-bay-To-Luxor-Day-Trip-to-Valley-of-The-Queens-by-Bus.jpeg","datePublished":"2023-08-26T20:38:41+00:00","dateModified":"2026-02-07T15:33:22+00:00","description":"Soma Bay Do Luxoru Celodenn\u00fd v\u00fdlet do \u00dadolia kr\u00e1\u013eovien autobusom so s\u00fakromn\u00fdm sprievodcom, obedom, vstupenkami a transferom na n\u00e1v\u0161tevu chr\u00e1mu v Karnaku, chr\u00e1mu Hat\u0161epsut","breadcrumb":{"@id":"https:\/\/hurghadalovers.com\/sk\/tours\/soma-bay-to-luxor-day-trip-to-valley-of-the-queens\/#breadcrumb"},"inLanguage":"sk-SK","potentialAction":[{"@type":"ReadAction","target":["https:\/\/hurghadalovers.com\/sk\/tours\/soma-bay-to-luxor-day-trip-to-valley-of-the-queens\/"]}]},{"@type":"ImageObject","inLanguage":"sk-SK","@id":"https:\/\/hurghadalovers.com\/sk\/tours\/soma-bay-to-luxor-day-trip-to-valley-of-the-queens\/#primaryimage","url":"https:\/\/hurghadalovers.com\/wp-content\/uploads\/2023\/08\/Soma-bay-To-Luxor-Day-Trip-to-Valley-of-The-Queens-by-Bus.jpeg","contentUrl":"https:\/\/hurghadalovers.com\/wp-content\/uploads\/2023\/08\/Soma-bay-To-Luxor-Day-Trip-to-Valley-of-The-Queens-by-Bus.jpeg","width":1536,"height":1024,"caption":"Soma Bay Do Luxoru Celodenn\u00fd v\u00fdlet autobusom do \u00dadolia kr\u00e1\u013eovien"},{"@type":"BreadcrumbList","@id":"https:\/\/hurghadalovers.com\/sk\/tours\/soma-bay-to-luxor-day-trip-to-valley-of-the-queens\/#breadcrumb","itemListElement":[{"@type":"ListItem","position":1,"name":"Home","item":"https:\/\/hurghadalovers.com\/sk\/"},{"@type":"ListItem","position":2,"name":"Shop","item":"https:\/\/hurghadalovers.com\/shop\/"},{"@type":"ListItem","position":3,"name":"Soma Bay Do Luxoru Celodenn\u00fd v\u00fdlet autobusom do \u00dadolia kr\u00e1\u013eovien"}]},{"@type":"WebSite","@id":"https:\/\/hurghadalovers.com\/sk\/#website","url":"https:\/\/hurghadalovers.com\/sk\/","name":"Hurghada Excursions & Day Trips | Booking Best Prices Tours","description":"Hurghada Lovers - Best Tour Operator - Excursions &amp; Things to do for Family Day Trips with kids and Couples Romantic. Unique .Hidden gems","publisher":{"@id":"https:\/\/hurghadalovers.com\/sk\/#organization"},"alternateName":"Hurghada Excursions","potentialAction":[{"@type":"SearchAction","target":{"@type":"EntryPoint","urlTemplate":"https:\/\/hurghadalovers.com\/sk\/?s={search_term_string}"},"query-input":{"@type":"PropertyValueSpecification","valueRequired":true,"valueName":"search_term_string"}}],"inLanguage":"sk-SK"},{"@type":["Organization","Place","TravelAgency"],"@id":"https:\/\/hurghadalovers.com\/sk\/#organization","name":"Hurghada Excursions","url":"https:\/\/hurghadalovers.com\/sk\/","logo":{"@id":"https:\/\/hurghadalovers.com\/sk\/tours\/soma-bay-to-luxor-day-trip-to-valley-of-the-queens\/#local-main-organization-logo"},"image":{"@id":"https:\/\/hurghadalovers.com\/sk\/tours\/soma-bay-to-luxor-day-trip-to-valley-of-the-queens\/#local-main-organization-logo"},"sameAs":["https:\/\/www.facebook.com\/Hurghadaloversegypt"],"address":{"@id":"https:\/\/hurghadalovers.com\/sk\/tours\/soma-bay-to-luxor-day-trip-to-valley-of-the-queens\/#local-main-place-address"},"telephone":["00201112596434"],"contactPoint":{"@type":"ContactPoint","telephone":"00201112596434","email":"weyouface@gmail.com"},"openingHoursSpecification":{"@type":"OpeningHoursSpecification","dayOfWeek":["Monday","Tuesday","Wednesday","Thursday","Friday","Saturday","Sunday"],"opens":"00:00","closes":"23:59"},"email":"weyouface@gmail.com","areaServed":"Luxor, Hurghada, El Gouna, Aswan, Sharm El Sheikh, Giza, Alexandria, Marsa Alam, Quseir, Soma Bay, Sahl Hasheesh, Red Sea, Makadi Bay, Cairo","priceRange":"$","currenciesAccepted":"euro","paymentAccepted":"cash on site"},{"@type":"PostalAddress","@id":"https:\/\/hurghadalovers.com\/sk\/tours\/soma-bay-to-luxor-day-trip-to-valley-of-the-queens\/#local-main-place-address","streetAddress":"17 Banks street, Alkawther area, top nbk bank","addressLocality":"hurghada","postalCode":"84511","addressRegion":"red sea","addressCountry":"EG"},{"@type":"ImageObject","inLanguage":"sk-SK","@id":"https:\/\/hurghadalovers.com\/sk\/tours\/soma-bay-to-luxor-day-trip-to-valley-of-the-queens\/#local-main-organization-logo","url":"https:\/\/hurghadalovers.com\/wp-content\/uploads\/2019\/10\/hurghada-excursions-logo.png","contentUrl":"https:\/\/hurghadalovers.com\/wp-content\/uploads\/2019\/10\/hurghada-excursions-logo.png","width":272,"height":90,"caption":"Hurghada Excursions"}]},"product_brand":"Fakultat\u00edvne V\u00fdlety Soma bay","product_price_amount":"65","product_price_currency":"EUR","og_availability":"instock","product_availability":"instock","product_retailer_item_id":"PrivateSomabay352024","product_condition":"new","geo.placename":"hurghada","geo.region":"Egypt"},"_links":{"self":[{"href":"https:\/\/hurghadalovers.com\/sk\/wp-json\/wp\/v2\/product\/384199","targetHints":{"allow":["GET"]}}],"collection":[{"href":"https:\/\/hurghadalovers.com\/sk\/wp-json\/wp\/v2\/product"}],"about":[{"href":"https:\/\/hurghadalovers.com\/sk\/wp-json\/wp\/v2\/types\/product"}],"wp:featuredmedia":[{"embeddable":true,"href":"https:\/\/hurghadalovers.com\/sk\/wp-json\/wp\/v2\/media\/384113"}],"wp:attachment":[{"href":"https:\/\/hurghadalovers.com\/sk\/wp-json\/wp\/v2\/media?parent=384199"}],"wp:term":[{"taxonomy":"product_brand","embeddable":true,"href":"https:\/\/hurghadalovers.com\/sk\/wp-json\/wp\/v2\/product_brand?post=384199"},{"taxonomy":"product_cat","embeddable":true,"href":"https:\/\/hurghadalovers.com\/sk\/wp-json\/wp\/v2\/product_cat?post=384199"},{"taxonomy":"product_tag","embeddable":true,"href":"https:\/\/hurghadalovers.com\/sk\/wp-json\/wp\/v2\/product_tag?post=384199"}],"curies":[{"name":"wp","href":"https:\/\/api.w.org\/{rel}","templated":true}]}}