{"id":384109,"date":"2023-08-26T20:21:41","date_gmt":"2023-08-26T20:21:41","guid":{"rendered":"https:\/\/hurghadalovers.com\/shop\/nezaraden\u00e9\/soma-bay-sukromny-dvojdnovy-vylet-do-luxoru-s-letom-teplovzdusnym-balonom\/"},"modified":"2026-02-09T05:55:24","modified_gmt":"2026-02-09T05:55:24","slug":"soma-zatoka-sukromny-luxusalebo-dvojdnovy-vylet-s-horucim-vzduchom-balonom","status":"publish","type":"product","link":"https:\/\/hurghadalovers.com\/sk\/tours\/soma-zatoka-sukromny-luxusalebo-dvojdnovy-vylet-s-horucim-vzduchom-balonom\/","title":{"rendered":"Soma bay S\u00fakromn\u00fd dvojd\u0148ov\u00fd v\u00fdlet do Luxoru s letom teplovzdu\u0161n\u00fdm bal\u00f3nom"},"content":{"rendered":"<p><strong>S\u00fakromn\u00fd dvojd\u0148ov\u00fd v\u00fdlet do Luxoru<\/strong> s letom teplovzdu\u0161n\u00fdm bal\u00f3nom zo z\u00e1livu Soma so s\u00fakromn\u00fdm sprievodcom, vstupenkami a obedom.<\/p>\n<p>Objavte fara\u00f3nske pamiatky v meste Luxor z v\u00fd\u0161ky pri lete <strong>teplovzdu\u0161n\u00fdm bal\u00f3nom<\/strong> pri v\u00fdchode slnka a spoznajte nov\u00e9 tajomstv\u00e1 zo \u017eivota fara\u00f3nov a tajomstvo <strong>kr\u00e1\u013ea Tutancham\u00f3na<\/strong> a \u010fal\u0161ie zauj\u00edmavosti po\u010das \u0161peci\u00e1lnej dvojd\u0148ovej prehliadky.<\/p>\n<p><strong>Najd\u00f4le\u017eitej\u0161ie inform\u00e1cie:<\/strong><\/p>\n<ol>\n<li>Chr\u00e1m v Karnaku.<\/li>\n<li>Luxorsk\u00fd chr\u00e1m.<\/li>\n<li>Jedna noc v hoteli.<\/li>\n<li>Jazda na teplovzdu\u0161n\u00fdch bal\u00f3noch.<\/li>\n<li>Memnonove kolosy.<\/li>\n<li>Hat\u0161epsutin chr\u00e1m.<\/li>\n<li>3 hrobky v \u00dadol\u00ed kr\u00e1\u013eov.<\/li>\n<li>Obed v re\u0161taur\u00e1cii &#8222;Vegetari\u00e1nska strava je k dispoz\u00edcii&#8220;.<\/li>\n<\/ol>\n<p><strong>S\u00fakromn\u00fd dvojd\u0148ov\u00fd v\u00fdlet do Luxoru Podrobnosti:<\/strong><\/p>\n<ul>\n<li>Dostupnos\u0165 z\u00e1jazdu: Ka\u017ed\u00fd de\u0148.<\/li>\n<li>Typ z\u00e1jazdu: S\u00fakromn\u00e1 prehliadka autom alebo minivanom.<\/li>\n<li>\u010cas vyzdvihnutia: Od 05:00 hod.<\/li>\n<li>\u017diados\u0165 Hotel dosta\u0165 ra\u0148ajky ta\u0161ku s vami R\u00e1no.<\/li>\n<li>\u010cas vyzdvihnutia: 19:00.<\/li>\n<li>Bezbari\u00e9rov\u00fd pr\u00edstup.<\/li>\n<li>Trvanie: 2 dni \/ 1 noc.<\/li>\n<\/ul>\n<p><strong>Rezervujte teraz a pla\u0165te nesk\u00f4r:<\/strong><\/p>\n<ul>\n<li>Hotovos\u0165 na mieste pre sprievodcu.<\/li>\n<li>Platba egyptsk\u00fdmi librami, $, \u20ac alebo \u00a3.<\/li>\n<\/ul>\n<p><strong>Storno podmienky:<\/strong><\/p>\n<ul>\n<li>m\u00f4\u017eete Zru\u0161i\u0165 a\u017e 24 hod\u00edn vopred.<\/li>\n<li>Ke\u010f niekto z va\u0161ej rodiny zru\u0161\u00ed dopoludnie, zaplat\u00ed 50 % n\u00e1kladov.<\/li>\n<\/ul>\n<p><strong>\u010co je s\u00fa\u010das\u0165ou balenia?<\/strong><\/p>\n<ul>\n<li>Transfer z hotela Soma bay Hotels &#8222;Hotel pick up and drop off&#8220;.<\/li>\n<li>V\u0161etky dane, vstupn\u00e9 poplatky a manipula\u010dn\u00e9 poplatky.<\/li>\n<li>Prevody.<\/li>\n<li>Jazda teplovzdu\u0161n\u00fdm bal\u00f3nom.<\/li>\n<li>Sprievodca.<\/li>\n<li>Jedna noc v hoteli s ra\u0148ajkami.<\/li>\n<li>N\u00e1poje.<\/li>\n<li>2 Obed v re\u0161taur\u00e1cii.<\/li>\n<\/ul>\n<p><strong>Vyl\u00fa\u010denia?<\/strong><\/p>\n<ul>\n<li>Prepitn\u00e9.<\/li>\n<li>V\u00fdlet na Felucce &#8222;Plavba lo\u010fou&#8220; Na 35 min= 10$.<\/li>\n<li>Ak\u00e9ko\u013evek pr\u00edplatky, ktor\u00e9 neboli spomenut\u00e9.<\/li>\n<\/ul>\n<p><strong> <\/strong><\/p>\n<p><strong>m\u00f4\u017eete prida\u0165 v prv\u00fd de\u0148 alebo m\u00f4\u017eete relaxova\u0165 v hoteli:<\/strong><\/p>\n<ul>\n<li>S\u00fakromn\u00e1 30-min\u00fatov\u00e1 plavba na Felukke po rieke N\u00edl.<\/li>\n<li>M\u00fazeum mumifik\u00e1cie.<\/li>\n<\/ul>\n<p><strong>m\u00f4\u017eete prida\u0165 druh\u00fd de\u0148:<\/strong><\/p>\n<ul>\n<li>Kr\u00e1\u013eovn\u00e1 Nefertiti v \u00dadol\u00ed kr\u00e1\u013eovien.<\/li>\n<li>Nakupovanie.<\/li>\n<\/ul>\n<p><strong> <\/strong><\/p>\n<p><strong>Ceny:<\/strong><\/p>\n<ul>\n<li><strong>Cena pre dospel\u00fdch = od<\/strong><strong>290 USD na osobu<\/strong>.<\/li>\n<li>Cena pre deti &#8222;5-12&#8220; = 50%.<\/li>\n<li>pre deti &#8222;0-5&#8220; = zadarmo.<\/li>\n<\/ul>\n<p><strong>Viac inform\u00e1ci\u00ed o prehliadke na str\u00e1nke <a href=\"https:\/\/hurghadalovers.com\/tours\/private-two-day-trip-to-luxor-from-hurghada\/\">S\u00fakromn\u00e1 no\u010dn\u00e1 prehliadka Luxoru<\/a>.<\/strong><\/p>\n<p><strong> <\/strong><\/p>\n<p><strong>Recenzie S\u00fakromn\u00fd dvojd\u0148ov\u00fd v\u00fdlet do Luxoru:<\/strong><\/p>\n<p>skontrolova\u0165 na\u0161e Google Map Recenzie ako najlep\u0161ie <a href=\"https:\/\/g.page\/r\/CUeYvkngP3wkEBM\/review\">Tour Operator v Hurghada<\/a> on-line v <a href=\"https:\/\/hurghadalovers.com\/\">Hurghada<\/a> Egypt.<\/p>\n<p>&nbsp;<\/p>\n<p><strong>Rezerv\u00e1cia:<\/strong><\/p>\n<p>Odosla\u0165 hotel + \u010d\u00edslo izby + foto pasov na WhatsApp: <strong>+201112596434<\/strong><\/p>\n<p>Ak ste z Egypta Rezerv\u00e1cia teraz online a potvrdi\u0165 pri pr\u00edchode Hotel.<\/p>\n<p>&nbsp;<\/p>\n<p>&nbsp;<\/p>\n","protected":false},"excerpt":{"rendered":"<p>S\u00fakromn\u00fd dvojd\u0148ov\u00fd v\u00fdlet do Luxoru s letom teplovzdu\u0161n\u00fdm bal\u00f3nom zo z\u00e1livu Soma so s\u00fakromn\u00fdm sprievodcom, vstupenkami a obedom. tajomstvo kr\u00e1\u013ea Tutancham\u00f3na a \u010fal\u0161ie&#8230;<\/p>\n","protected":false},"featured_media":384065,"template":"","meta":{"_joinchat":[]},"product_brand":[],"product_cat":[36669],"product_tag":[54564,54673,54886,54654,54936,54711,54944,54882,54685,54874,54878,54794,54904,54705,51217,54698,54663,54679,54667,54692],"class_list":{"0":"post-384109","1":"product","2":"type-product","3":"status-publish","4":"has-post-thumbnail","6":"product_cat-prehliadky","7":"product_tag-aktivity-pre-deti-v-zalive-soma-bay","8":"product_tag-celodenna-prehliadka-luxoru-zo-zatoky-soma-bay","9":"product_tag-celodenne-vylety-zo-zatoky-soma-bay","10":"product_tag-celodenny-vylet-zo-zatoky-soma-do-luxoru","11":"product_tag-co-vidiet-v-zalive-soma-bay","12":"product_tag-horucovzdusny-balon-soma-bay","13":"product_tag-jednodnove-vylety-zo-zatoky-soma-bay","14":"product_tag-miesta-na-navstevu-v-soma-bay","15":"product_tag-prehliadka-luxoru-zo-zatoky-soma-bay","16":"product_tag-rodinne-aktivity-zo-zatoky-soma-bay-sk","17":"product_tag-rodinne-dni-zo-zatoky-soma-bay","18":"product_tag-romanticke-aktivity-v-soma-bay","19":"product_tag-romanticke-vylety-do-zatoky-soma","20":"product_tag-sukromna-prehliadka-luxoru-zo-zatoky-soma-bay","21":"product_tag-sukromne-prehliadky-luxoru","22":"product_tag-transfer-z-luxor-do-soma-bay","23":"product_tag-vylet-do-luxoru-zo-zatoky-soma-bay-sk","24":"product_tag-zajazdy-do-zatoky-soma-do-luxoru","25":"product_tag-zatoka-soma-do-luxoru-autobus","26":"product_tag-zatoka-soma-do-udolia-kralov","27":"tour_category-zaliv-soma-vylety","28":"tour_category-zaliv-soma-do-luxoru","30":"first","31":"instock","32":"sale","33":"shipping-taxable","34":"purchasable","35":"product-type-tour"},"yoast_head":"<!-- This site is optimized with the Yoast SEO Premium plugin v26.9 (Yoast SEO v27.2) - https:\/\/yoast.com\/product\/yoast-seo-premium-wordpress\/ -->\n<title>Soma bay S\u00fakromn\u00fd dvojd\u0148ov\u00fd v\u00fdlet do Luxoru s letom teplovzdu\u0161n\u00fdm bal\u00f3nom<\/title>\n<meta name=\"description\" content=\"S\u00fakromn\u00fd dvojd\u0148ov\u00fd v\u00fdlet do Luxoru s letom teplovzdu\u0161n\u00fdm bal\u00f3nom zo z\u00e1livu Soma so s\u00fakromn\u00fdm sprievodcom, vstupenkami a obedom. tajomstvo kr\u00e1\u013ea Tutancham\u00f3na a \u010fal\u0161ie\" \/>\n<meta name=\"robots\" content=\"index, follow, max-snippet:-1, max-image-preview:large, max-video-preview:-1\" \/>\n<link rel=\"canonical\" href=\"https:\/\/hurghadalovers.com\/sk\/tours\/soma-zatoka-sukromny-luxusalebo-dvojdnovy-vylet-s-horucim-vzduchom-balonom\/\" \/>\n<meta property=\"og:locale\" content=\"sk_SK\" \/>\n<meta property=\"og:type\" content=\"article\" \/>\n<meta property=\"og:title\" content=\"Soma bay S\u00fakromn\u00fd dvojd\u0148ov\u00fd v\u00fdlet do Luxoru s letom teplovzdu\u0161n\u00fdm bal\u00f3nom\" \/>\n<meta property=\"og:description\" content=\"S\u00fakromn\u00fd dvojd\u0148ov\u00fd v\u00fdlet do Luxoru s letom teplovzdu\u0161n\u00fdm bal\u00f3nom zo z\u00e1livu Soma so s\u00fakromn\u00fdm sprievodcom, vstupenkami a obedom. tajomstvo kr\u00e1\u013ea Tutancham\u00f3na a \u010fal\u0161ie\" \/>\n<meta property=\"og:url\" content=\"https:\/\/hurghadalovers.com\/sk\/tours\/soma-zatoka-sukromny-luxusalebo-dvojdnovy-vylet-s-horucim-vzduchom-balonom\/\" \/>\n<meta property=\"og:site_name\" content=\"Hurghada Excursions &amp; Day Trips | Booking Best Prices Tours\" \/>\n<meta property=\"article:publisher\" content=\"https:\/\/www.facebook.com\/Hurghadaloversegypt\" \/>\n<meta property=\"article:modified_time\" content=\"2026-02-09T05:55:24+00:00\" \/>\n<meta property=\"og:image\" content=\"https:\/\/hurghadalovers.com\/wp-content\/uploads\/2023\/08\/Soma-bay-Private-Luxor-Two-Days-Trip-with-Hot-Air-Balloon-Ride.jpeg\" \/>\n\t<meta property=\"og:image:width\" content=\"1536\" \/>\n\t<meta property=\"og:image:height\" content=\"830\" \/>\n\t<meta property=\"og:image:type\" content=\"image\/jpeg\" \/>\n<meta name=\"twitter:card\" content=\"summary_large_image\" \/>\n<meta name=\"twitter:label1\" content=\"Cena\" \/>\n\t<meta name=\"twitter:data1\" content=\"&euro;&nbsp;390\" \/>\n\t<meta name=\"twitter:label2\" content=\"Dostupnos\u0165\" \/>\n\t<meta name=\"twitter:data2\" content=\"Na sklade\" \/>\n<script type=\"application\/ld+json\" class=\"yoast-schema-graph\">{\"@context\":\"https:\/\/schema.org\",\"@graph\":[{\"@type\":[\"WebPage\",\"ItemPage\"],\"@id\":\"https:\/\/hurghadalovers.com\/sk\/tours\/soma-zatoka-sukromny-luxusalebo-dvojdnovy-vylet-s-horucim-vzduchom-balonom\/\",\"url\":\"https:\/\/hurghadalovers.com\/sk\/tours\/soma-zatoka-sukromny-luxusalebo-dvojdnovy-vylet-s-horucim-vzduchom-balonom\/\",\"name\":\"Soma bay S\u00fakromn\u00fd dvojd\u0148ov\u00fd v\u00fdlet do Luxoru s letom teplovzdu\u0161n\u00fdm bal\u00f3nom\",\"isPartOf\":{\"@id\":\"https:\/\/hurghadalovers.com\/sk\/#website\"},\"primaryImageOfPage\":{\"@id\":\"https:\/\/hurghadalovers.com\/sk\/tours\/soma-zatoka-sukromny-luxusalebo-dvojdnovy-vylet-s-horucim-vzduchom-balonom\/#primaryimage\"},\"image\":{\"@id\":\"https:\/\/hurghadalovers.com\/sk\/tours\/soma-zatoka-sukromny-luxusalebo-dvojdnovy-vylet-s-horucim-vzduchom-balonom\/#primaryimage\"},\"thumbnailUrl\":\"https:\/\/hurghadalovers.com\/wp-content\/uploads\/2023\/08\/Soma-bay-Private-Luxor-Two-Days-Trip-with-Hot-Air-Balloon-Ride.jpeg\",\"datePublished\":\"2023-08-26T20:21:41+00:00\",\"dateModified\":\"2026-02-09T05:55:24+00:00\",\"description\":\"S\u00fakromn\u00fd dvojd\u0148ov\u00fd v\u00fdlet do Luxoru s letom teplovzdu\u0161n\u00fdm bal\u00f3nom zo z\u00e1livu Soma so s\u00fakromn\u00fdm sprievodcom, vstupenkami a obedom. tajomstvo kr\u00e1\u013ea Tutancham\u00f3na a \u010fal\u0161ie\",\"breadcrumb\":{\"@id\":\"https:\/\/hurghadalovers.com\/sk\/tours\/soma-zatoka-sukromny-luxusalebo-dvojdnovy-vylet-s-horucim-vzduchom-balonom\/#breadcrumb\"},\"inLanguage\":\"sk-SK\",\"potentialAction\":[{\"@type\":\"ReadAction\",\"target\":[\"https:\/\/hurghadalovers.com\/sk\/tours\/soma-zatoka-sukromny-luxusalebo-dvojdnovy-vylet-s-horucim-vzduchom-balonom\/\"]}]},{\"@type\":\"ImageObject\",\"inLanguage\":\"sk-SK\",\"@id\":\"https:\/\/hurghadalovers.com\/sk\/tours\/soma-zatoka-sukromny-luxusalebo-dvojdnovy-vylet-s-horucim-vzduchom-balonom\/#primaryimage\",\"url\":\"https:\/\/hurghadalovers.com\/wp-content\/uploads\/2023\/08\/Soma-bay-Private-Luxor-Two-Days-Trip-with-Hot-Air-Balloon-Ride.jpeg\",\"contentUrl\":\"https:\/\/hurghadalovers.com\/wp-content\/uploads\/2023\/08\/Soma-bay-Private-Luxor-Two-Days-Trip-with-Hot-Air-Balloon-Ride.jpeg\",\"width\":1536,\"height\":830,\"caption\":\"Soma bay S\u00fakromn\u00fd dvojd\u0148ov\u00fd v\u00fdlet do Luxoru s letom teplovzdu\u0161n\u00fdm bal\u00f3nom\"},{\"@type\":\"BreadcrumbList\",\"@id\":\"https:\/\/hurghadalovers.com\/sk\/tours\/soma-zatoka-sukromny-luxusalebo-dvojdnovy-vylet-s-horucim-vzduchom-balonom\/#breadcrumb\",\"itemListElement\":[{\"@type\":\"ListItem\",\"position\":1,\"name\":\"Home\",\"item\":\"https:\/\/hurghadalovers.com\/sk\/\"},{\"@type\":\"ListItem\",\"position\":2,\"name\":\"Shop\",\"item\":\"https:\/\/hurghadalovers.com\/shop\/\"},{\"@type\":\"ListItem\",\"position\":3,\"name\":\"Soma bay S\u00fakromn\u00fd dvojd\u0148ov\u00fd v\u00fdlet do Luxoru s letom teplovzdu\u0161n\u00fdm bal\u00f3nom\"}]},{\"@type\":\"WebSite\",\"@id\":\"https:\/\/hurghadalovers.com\/sk\/#website\",\"url\":\"https:\/\/hurghadalovers.com\/sk\/\",\"name\":\"Hurghada Excursions & Day Trips | Booking Best Prices Tours\",\"description\":\"Hurghada Lovers - Best Tour Operator - Excursions &amp; Things to do for Family Day Trips with kids and Couples Romantic. Unique .Hidden gems\",\"publisher\":{\"@id\":\"https:\/\/hurghadalovers.com\/sk\/#organization\"},\"alternateName\":\"Hurghada Excursions\",\"potentialAction\":[{\"@type\":\"SearchAction\",\"target\":{\"@type\":\"EntryPoint\",\"urlTemplate\":\"https:\/\/hurghadalovers.com\/sk\/?s={search_term_string}\"},\"query-input\":{\"@type\":\"PropertyValueSpecification\",\"valueRequired\":true,\"valueName\":\"search_term_string\"}}],\"inLanguage\":\"sk-SK\"},{\"@type\":[\"Organization\",\"Place\",\"TravelAgency\"],\"@id\":\"https:\/\/hurghadalovers.com\/sk\/#organization\",\"name\":\"Hurghada Excursions\",\"url\":\"https:\/\/hurghadalovers.com\/sk\/\",\"logo\":{\"@id\":\"https:\/\/hurghadalovers.com\/sk\/tours\/soma-zatoka-sukromny-luxusalebo-dvojdnovy-vylet-s-horucim-vzduchom-balonom\/#local-main-organization-logo\"},\"image\":{\"@id\":\"https:\/\/hurghadalovers.com\/sk\/tours\/soma-zatoka-sukromny-luxusalebo-dvojdnovy-vylet-s-horucim-vzduchom-balonom\/#local-main-organization-logo\"},\"sameAs\":[\"https:\/\/www.facebook.com\/Hurghadaloversegypt\"],\"address\":{\"@id\":\"https:\/\/hurghadalovers.com\/sk\/tours\/soma-zatoka-sukromny-luxusalebo-dvojdnovy-vylet-s-horucim-vzduchom-balonom\/#local-main-place-address\"},\"telephone\":[\"00201112596434\"],\"contactPoint\":{\"@type\":\"ContactPoint\",\"telephone\":\"00201112596434\",\"email\":\"weyouface@gmail.com\"},\"openingHoursSpecification\":{\"@type\":\"OpeningHoursSpecification\",\"dayOfWeek\":[\"Monday\",\"Tuesday\",\"Wednesday\",\"Thursday\",\"Friday\",\"Saturday\",\"Sunday\"],\"opens\":\"00:00\",\"closes\":\"23:59\"},\"email\":\"weyouface@gmail.com\",\"areaServed\":\"Luxor, Hurghada, El Gouna, Aswan, Sharm El Sheikh, Giza, Alexandria, Marsa Alam, Quseir, Soma Bay, Sahl Hasheesh, Red Sea, Makadi Bay, Cairo\",\"priceRange\":\"$\",\"currenciesAccepted\":\"euro\",\"paymentAccepted\":\"cash on site\"},{\"@type\":\"PostalAddress\",\"@id\":\"https:\/\/hurghadalovers.com\/sk\/tours\/soma-zatoka-sukromny-luxusalebo-dvojdnovy-vylet-s-horucim-vzduchom-balonom\/#local-main-place-address\",\"streetAddress\":\"17 Banks street, Alkawther area, top nbk bank\",\"addressLocality\":\"hurghada\",\"postalCode\":\"84511\",\"addressRegion\":\"red sea\",\"addressCountry\":\"EG\"},{\"@type\":\"ImageObject\",\"inLanguage\":\"sk-SK\",\"@id\":\"https:\/\/hurghadalovers.com\/sk\/tours\/soma-zatoka-sukromny-luxusalebo-dvojdnovy-vylet-s-horucim-vzduchom-balonom\/#local-main-organization-logo\",\"url\":\"https:\/\/hurghadalovers.com\/wp-content\/uploads\/2019\/10\/hurghada-excursions-logo.png\",\"contentUrl\":\"https:\/\/hurghadalovers.com\/wp-content\/uploads\/2019\/10\/hurghada-excursions-logo.png\",\"width\":272,\"height\":90,\"caption\":\"Hurghada Excursions\"}]}<\/script>\n<meta property=\"product:brand\" content=\"Fakultat\u00edvne V\u00fdlety Soma bay\" \/>\n<meta property=\"product:price:amount\" content=\"390\" \/>\n<meta property=\"product:price:currency\" content=\"EUR\" \/>\n<meta property=\"og:availability\" content=\"instock\" \/>\n<meta property=\"product:availability\" content=\"instock\" \/>\n<meta property=\"product:retailer_item_id\" content=\"PrivateSomabay322024\" \/>\n<meta property=\"product:condition\" content=\"new\" \/>\n<meta name=\"geo.placename\" content=\"hurghada\" \/>\n<meta name=\"geo.region\" content=\"Egypt\" \/>\n<!-- \/ Yoast SEO Premium plugin. -->","yoast_head_json":{"title":"Soma bay S\u00fakromn\u00fd dvojd\u0148ov\u00fd v\u00fdlet do Luxoru s letom teplovzdu\u0161n\u00fdm bal\u00f3nom","description":"S\u00fakromn\u00fd dvojd\u0148ov\u00fd v\u00fdlet do Luxoru s letom teplovzdu\u0161n\u00fdm bal\u00f3nom zo z\u00e1livu Soma so s\u00fakromn\u00fdm sprievodcom, vstupenkami a obedom. tajomstvo kr\u00e1\u013ea Tutancham\u00f3na a \u010fal\u0161ie","robots":{"index":"index","follow":"follow","max-snippet":"max-snippet:-1","max-image-preview":"max-image-preview:large","max-video-preview":"max-video-preview:-1"},"canonical":"https:\/\/hurghadalovers.com\/sk\/tours\/soma-zatoka-sukromny-luxusalebo-dvojdnovy-vylet-s-horucim-vzduchom-balonom\/","og_locale":"sk_SK","og_type":"article","og_title":"Soma bay S\u00fakromn\u00fd dvojd\u0148ov\u00fd v\u00fdlet do Luxoru s letom teplovzdu\u0161n\u00fdm bal\u00f3nom","og_description":"S\u00fakromn\u00fd dvojd\u0148ov\u00fd v\u00fdlet do Luxoru s letom teplovzdu\u0161n\u00fdm bal\u00f3nom zo z\u00e1livu Soma so s\u00fakromn\u00fdm sprievodcom, vstupenkami a obedom. tajomstvo kr\u00e1\u013ea Tutancham\u00f3na a \u010fal\u0161ie","og_url":"https:\/\/hurghadalovers.com\/sk\/tours\/soma-zatoka-sukromny-luxusalebo-dvojdnovy-vylet-s-horucim-vzduchom-balonom\/","og_site_name":"Hurghada Excursions &amp; Day Trips | Booking Best Prices Tours","article_publisher":"https:\/\/www.facebook.com\/Hurghadaloversegypt","article_modified_time":"2026-02-09T05:55:24+00:00","og_image":[{"width":1536,"height":830,"url":"https:\/\/hurghadalovers.com\/wp-content\/uploads\/2023\/08\/Soma-bay-Private-Luxor-Two-Days-Trip-with-Hot-Air-Balloon-Ride.jpeg","type":"image\/jpeg"}],"twitter_card":"summary_large_image","twitter_misc":{"Cena":"&euro;&nbsp;390","Dostupnos\u0165":"Na sklade"},"schema":{"@context":"https:\/\/schema.org","@graph":[{"@type":["WebPage","ItemPage"],"@id":"https:\/\/hurghadalovers.com\/sk\/tours\/soma-zatoka-sukromny-luxusalebo-dvojdnovy-vylet-s-horucim-vzduchom-balonom\/","url":"https:\/\/hurghadalovers.com\/sk\/tours\/soma-zatoka-sukromny-luxusalebo-dvojdnovy-vylet-s-horucim-vzduchom-balonom\/","name":"Soma bay S\u00fakromn\u00fd dvojd\u0148ov\u00fd v\u00fdlet do Luxoru s letom teplovzdu\u0161n\u00fdm bal\u00f3nom","isPartOf":{"@id":"https:\/\/hurghadalovers.com\/sk\/#website"},"primaryImageOfPage":{"@id":"https:\/\/hurghadalovers.com\/sk\/tours\/soma-zatoka-sukromny-luxusalebo-dvojdnovy-vylet-s-horucim-vzduchom-balonom\/#primaryimage"},"image":{"@id":"https:\/\/hurghadalovers.com\/sk\/tours\/soma-zatoka-sukromny-luxusalebo-dvojdnovy-vylet-s-horucim-vzduchom-balonom\/#primaryimage"},"thumbnailUrl":"https:\/\/hurghadalovers.com\/wp-content\/uploads\/2023\/08\/Soma-bay-Private-Luxor-Two-Days-Trip-with-Hot-Air-Balloon-Ride.jpeg","datePublished":"2023-08-26T20:21:41+00:00","dateModified":"2026-02-09T05:55:24+00:00","description":"S\u00fakromn\u00fd dvojd\u0148ov\u00fd v\u00fdlet do Luxoru s letom teplovzdu\u0161n\u00fdm bal\u00f3nom zo z\u00e1livu Soma so s\u00fakromn\u00fdm sprievodcom, vstupenkami a obedom. tajomstvo kr\u00e1\u013ea Tutancham\u00f3na a \u010fal\u0161ie","breadcrumb":{"@id":"https:\/\/hurghadalovers.com\/sk\/tours\/soma-zatoka-sukromny-luxusalebo-dvojdnovy-vylet-s-horucim-vzduchom-balonom\/#breadcrumb"},"inLanguage":"sk-SK","potentialAction":[{"@type":"ReadAction","target":["https:\/\/hurghadalovers.com\/sk\/tours\/soma-zatoka-sukromny-luxusalebo-dvojdnovy-vylet-s-horucim-vzduchom-balonom\/"]}]},{"@type":"ImageObject","inLanguage":"sk-SK","@id":"https:\/\/hurghadalovers.com\/sk\/tours\/soma-zatoka-sukromny-luxusalebo-dvojdnovy-vylet-s-horucim-vzduchom-balonom\/#primaryimage","url":"https:\/\/hurghadalovers.com\/wp-content\/uploads\/2023\/08\/Soma-bay-Private-Luxor-Two-Days-Trip-with-Hot-Air-Balloon-Ride.jpeg","contentUrl":"https:\/\/hurghadalovers.com\/wp-content\/uploads\/2023\/08\/Soma-bay-Private-Luxor-Two-Days-Trip-with-Hot-Air-Balloon-Ride.jpeg","width":1536,"height":830,"caption":"Soma bay S\u00fakromn\u00fd dvojd\u0148ov\u00fd v\u00fdlet do Luxoru s letom teplovzdu\u0161n\u00fdm bal\u00f3nom"},{"@type":"BreadcrumbList","@id":"https:\/\/hurghadalovers.com\/sk\/tours\/soma-zatoka-sukromny-luxusalebo-dvojdnovy-vylet-s-horucim-vzduchom-balonom\/#breadcrumb","itemListElement":[{"@type":"ListItem","position":1,"name":"Home","item":"https:\/\/hurghadalovers.com\/sk\/"},{"@type":"ListItem","position":2,"name":"Shop","item":"https:\/\/hurghadalovers.com\/shop\/"},{"@type":"ListItem","position":3,"name":"Soma bay S\u00fakromn\u00fd dvojd\u0148ov\u00fd v\u00fdlet do Luxoru s letom teplovzdu\u0161n\u00fdm bal\u00f3nom"}]},{"@type":"WebSite","@id":"https:\/\/hurghadalovers.com\/sk\/#website","url":"https:\/\/hurghadalovers.com\/sk\/","name":"Hurghada Excursions & Day Trips | Booking Best Prices Tours","description":"Hurghada Lovers - Best Tour Operator - Excursions &amp; Things to do for Family Day Trips with kids and Couples Romantic. Unique .Hidden gems","publisher":{"@id":"https:\/\/hurghadalovers.com\/sk\/#organization"},"alternateName":"Hurghada Excursions","potentialAction":[{"@type":"SearchAction","target":{"@type":"EntryPoint","urlTemplate":"https:\/\/hurghadalovers.com\/sk\/?s={search_term_string}"},"query-input":{"@type":"PropertyValueSpecification","valueRequired":true,"valueName":"search_term_string"}}],"inLanguage":"sk-SK"},{"@type":["Organization","Place","TravelAgency"],"@id":"https:\/\/hurghadalovers.com\/sk\/#organization","name":"Hurghada Excursions","url":"https:\/\/hurghadalovers.com\/sk\/","logo":{"@id":"https:\/\/hurghadalovers.com\/sk\/tours\/soma-zatoka-sukromny-luxusalebo-dvojdnovy-vylet-s-horucim-vzduchom-balonom\/#local-main-organization-logo"},"image":{"@id":"https:\/\/hurghadalovers.com\/sk\/tours\/soma-zatoka-sukromny-luxusalebo-dvojdnovy-vylet-s-horucim-vzduchom-balonom\/#local-main-organization-logo"},"sameAs":["https:\/\/www.facebook.com\/Hurghadaloversegypt"],"address":{"@id":"https:\/\/hurghadalovers.com\/sk\/tours\/soma-zatoka-sukromny-luxusalebo-dvojdnovy-vylet-s-horucim-vzduchom-balonom\/#local-main-place-address"},"telephone":["00201112596434"],"contactPoint":{"@type":"ContactPoint","telephone":"00201112596434","email":"weyouface@gmail.com"},"openingHoursSpecification":{"@type":"OpeningHoursSpecification","dayOfWeek":["Monday","Tuesday","Wednesday","Thursday","Friday","Saturday","Sunday"],"opens":"00:00","closes":"23:59"},"email":"weyouface@gmail.com","areaServed":"Luxor, Hurghada, El Gouna, Aswan, Sharm El Sheikh, Giza, Alexandria, Marsa Alam, Quseir, Soma Bay, Sahl Hasheesh, Red Sea, Makadi Bay, Cairo","priceRange":"$","currenciesAccepted":"euro","paymentAccepted":"cash on site"},{"@type":"PostalAddress","@id":"https:\/\/hurghadalovers.com\/sk\/tours\/soma-zatoka-sukromny-luxusalebo-dvojdnovy-vylet-s-horucim-vzduchom-balonom\/#local-main-place-address","streetAddress":"17 Banks street, Alkawther area, top nbk bank","addressLocality":"hurghada","postalCode":"84511","addressRegion":"red sea","addressCountry":"EG"},{"@type":"ImageObject","inLanguage":"sk-SK","@id":"https:\/\/hurghadalovers.com\/sk\/tours\/soma-zatoka-sukromny-luxusalebo-dvojdnovy-vylet-s-horucim-vzduchom-balonom\/#local-main-organization-logo","url":"https:\/\/hurghadalovers.com\/wp-content\/uploads\/2019\/10\/hurghada-excursions-logo.png","contentUrl":"https:\/\/hurghadalovers.com\/wp-content\/uploads\/2019\/10\/hurghada-excursions-logo.png","width":272,"height":90,"caption":"Hurghada Excursions"}]},"product_brand":"Fakultat\u00edvne V\u00fdlety Soma bay","product_price_amount":"390","product_price_currency":"EUR","og_availability":"instock","product_availability":"instock","product_retailer_item_id":"PrivateSomabay322024","product_condition":"new","geo.placename":"hurghada","geo.region":"Egypt"},"_links":{"self":[{"href":"https:\/\/hurghadalovers.com\/sk\/wp-json\/wp\/v2\/product\/384109","targetHints":{"allow":["GET"]}}],"collection":[{"href":"https:\/\/hurghadalovers.com\/sk\/wp-json\/wp\/v2\/product"}],"about":[{"href":"https:\/\/hurghadalovers.com\/sk\/wp-json\/wp\/v2\/types\/product"}],"wp:featuredmedia":[{"embeddable":true,"href":"https:\/\/hurghadalovers.com\/sk\/wp-json\/wp\/v2\/media\/384065"}],"wp:attachment":[{"href":"https:\/\/hurghadalovers.com\/sk\/wp-json\/wp\/v2\/media?parent=384109"}],"wp:term":[{"taxonomy":"product_brand","embeddable":true,"href":"https:\/\/hurghadalovers.com\/sk\/wp-json\/wp\/v2\/product_brand?post=384109"},{"taxonomy":"product_cat","embeddable":true,"href":"https:\/\/hurghadalovers.com\/sk\/wp-json\/wp\/v2\/product_cat?post=384109"},{"taxonomy":"product_tag","embeddable":true,"href":"https:\/\/hurghadalovers.com\/sk\/wp-json\/wp\/v2\/product_tag?post=384109"}],"curies":[{"name":"wp","href":"https:\/\/api.w.org\/{rel}","templated":true}]}}