{"id":382490,"date":"2023-08-23T09:18:41","date_gmt":"2023-08-23T09:18:41","guid":{"rendered":"https:\/\/hurghadalovers.com\/shop\/nezaraden\u00e9\/denny-vylet-lodou-z-hurghady-na-potapanie\/"},"modified":"2026-02-09T23:41:55","modified_gmt":"2026-02-09T23:41:55","slug":"denny-vylet-potapanie-lodou-od-hurghady","status":"publish","type":"product","link":"https:\/\/hurghadalovers.com\/sk\/tours\/denny-vylet-potapanie-lodou-od-hurghady\/","title":{"rendered":"Denn\u00fd v\u00fdlet lo\u010fou z Hurghady na pot\u00e1panie"},"content":{"rendered":"<p><strong>Denn\u00fd v\u00fdlet lo\u010fou z Hurghady<\/strong> | Certifikovan\u00ed a profesion\u00e1lni pot\u00e1pa\u010di | s obedom, n\u00e1pojmi, pot\u00e1pa\u010dsk\u00fdm vybaven\u00edm a transferom.<\/p>\n<p style=\"text-align: center;\"><strong><br \/>\n  <span style=\"color: #993366;\">Luxusn\u00e1 lo\u010f<\/span><br \/>\n<\/strong> | <strong>Profesion\u00e1lny in\u0161truktor pot\u00e1pania<\/strong> | <strong>Najlep\u0161ie pot\u00e1pa\u010dsk\u00e9 lokality a \u00fatesy<\/strong> v Hurghade, \u010cerven\u00e9 more.<\/p>\n<p><strong>Najd\u00f4le\u017eitej\u0161ie inform\u00e1cie:<\/strong><\/p>\n<ul>\n<li>2 zast\u00e1vky na pot\u00e1panie.<\/li>\n<\/ul>\n<p><strong>Podrobnosti:<\/strong><\/p>\n<ul>\n<li>Dostupnos\u0165 z\u00e1jazdu: Ka\u017ed\u00fd de\u0148.<\/li>\n<li>Typ z\u00e1jazdu: Skupinov\u00e1 alebo s\u00fakromn\u00e1.<\/li>\n<li>\u010cas vyzdvihnutia: Od 08:00 hod.<\/li>\n<li>\u010cas vyzdvihnutia: 16:00.<\/li>\n<li>Bezbari\u00e9rov\u00fd pr\u00edstup.<\/li>\n<li>Trvanie: 7 hod.<\/li>\n<\/ul>\n<p><strong>Rezervujte teraz a pla\u0165te nesk\u00f4r:<\/strong><\/p>\n<ul>\n<li>Hotovos\u0165 na mieste pre sprievodcu.<\/li>\n<li>Platba egyptsk\u00fdmi librami, $, \u20ac alebo \u00a3.<\/li>\n<\/ul>\n<p><strong>Storno podmienky:<\/strong><\/p>\n<ul>\n<li>m\u00f4\u017eete Zru\u0161i\u0165 a\u017e 24 hod\u00edn vopred.<\/li>\n<li>Ke\u010f niekto z va\u0161ej rodiny zru\u0161\u00ed dopoludnie, zaplat\u00ed 50 % n\u00e1kladov.<\/li>\n<\/ul>\n<p><strong>\u010co je s\u00fa\u010das\u0165ou balenia?<\/strong><\/p>\n<ul>\n<li>Transfer z hotelov Hurghada &#8222;Hotel pick up and drop off&#8220;.<\/li>\n<li>V\u0161etky dane, vstupn\u00e9 poplatky a manipula\u010dn\u00e9 poplatky.<\/li>\n<li>Miner\u00e1lna voda + Cola.<\/li>\n<li>Profesion\u00e1lny in\u0161truktor pot\u00e1pania.<\/li>\n<li>Pot\u00e1pa\u010dsk\u00e9 vybavenie a vybavenie na \u0161norchlovanie &#8222;Masky a plutvy&#8220;.<\/li>\n<li>VIP obed formou bufetu na lodi.<\/li>\n<li>Z\u00e1chrann\u00e9 vesty.<\/li>\n<\/ul>\n<p><strong>Vyl\u00fa\u010denia?<\/strong><\/p>\n<ul>\n<li>Prepitn\u00e9.<\/li>\n<li>Fotografovanie a fotografie na cestu.<\/li>\n<li>Pon\u00fakame pren\u00e1jom plaviek pre \u017eeny, mu\u017eov, deti v\u0161etk\u00fdch ve\u013ekost\u00ed &#8222;5$ za jeden&#8220;.<\/li>\n<li>Ak\u00e9ko\u013evek pr\u00edplatky, ktor\u00e9 neboli spomenut\u00e9.<\/li>\n<li>Nitrox 12 l = 10 USD na de\u0148<\/li>\n<li>Nitrox 15 l = 10 USD na de\u0148<\/li>\n<li>15 l n\u00e1dr\u017ee (norm\u00e1lny vzduch) = 10 USD za de\u0148<\/li>\n<\/ul>\n<p><strong>Denn\u00fd pot\u00e1pa\u010dsk\u00fd v\u00fdlet lo\u010fou z Hurghady Ceny:<\/strong><\/p>\n<ul>\n<li><strong>Cena pre dospel\u00fdch = <\/strong><strong>70 USD<\/strong><strong> na osobu<\/strong>.<\/li>\n<\/ul>\n<p><strong>Recenzie:<\/strong><\/p>\n<p>skontrolova\u0165 na\u0161e Google Map Recenzie ako najlep\u0161ie <a href=\"https:\/\/g.page\/r\/CUeYvkngP3wkEBM\/review\">Tour Operator v Hurghada<\/a> on-line v <a href=\"https:\/\/hurghadalovers.com\/\">Hurghada<\/a> Egypt.<\/p>\n<p>&nbsp;<\/p>\n<p><strong>Pozn\u00e1mka:<\/strong><\/p>\n<p>Prehliadku s transferom z hotela v El Goua, z\u00e1toke Soma, z\u00e1toke Makadi, Sahl Hasheesh, Safaga realizujeme za pr\u00edplatok = 10 USD na osobu.<\/p>\n<p>&nbsp;<\/p>\n<p><strong>Rezerv\u00e1cia:<\/strong><\/p>\n<p>Odosla\u0165 hotel + \u010d\u00edslo izby + foto pasov na WhatsApp: <strong>+201112596434<\/strong><\/p>\n<p>Ak ste z Egypta Rezerv\u00e1cia teraz online a potvrdi\u0165 pri pr\u00edchode Hotel.<\/p>\n","protected":false},"excerpt":{"rendered":"<p>Denn\u00fd v\u00fdlet lo\u010fou z Hurghady | Certifikovan\u00ed a profesion\u00e1lni pot\u00e1pa\u010di | s obedom, n\u00e1pojmi, pot\u00e1pa\u010dsk\u00fdm vybaven\u00edm a transferom. <strong><br \/>\n  <span style=\"color: #993366;\">Luxusn\u00e1 lo\u010f<\/span><br \/>\n<\/strong> | <strong>Profesion\u00e1lny in\u0161truktor pot\u00e1pania<\/strong><\/p>\n","protected":false},"featured_media":931995,"template":"","meta":{"_joinchat":[]},"product_brand":[],"product_cat":[36669],"product_tag":[60581,60597],"class_list":{"0":"post-382490","1":"product","2":"type-product","3":"status-publish","4":"has-post-thumbnail","6":"product_cat-prehliadky","7":"product_tag-ostrov-utopia-hurghada","8":"product_tag-surfovanie-v-hurghade","9":"tour_category-vylety-do-hurghady","10":"tour_category-vylety-za-snorchlovanim-v-hurghade","12":"first","13":"instock","14":"sale","15":"shipping-taxable","16":"purchasable","17":"product-type-tour"},"yoast_head":"<!-- This site is optimized with the Yoast SEO Premium plugin v26.9 (Yoast SEO v27.2) - https:\/\/yoast.com\/product\/yoast-seo-premium-wordpress\/ -->\n<title>Denn\u00fd pot\u00e1pa\u010dsk\u00fd v\u00fdlet lo\u010fou z Hurghady | Certifikovan\u00ed pot\u00e1pa\u010di<\/title>\n<meta name=\"description\" content=\"Denn\u00fd v\u00fdlet lo\u010fou z Hurghady | Certifikovan\u00ed a profesion\u00e1lni pot\u00e1pa\u010di | s obedom, n\u00e1pojmi, pot\u00e1pa\u010dsk\u00fdm vybaven\u00edm a transferom. Luxusn\u00e1 lo\u010f...\" \/>\n<meta name=\"robots\" content=\"index, follow, max-snippet:-1, max-image-preview:large, max-video-preview:-1\" \/>\n<link rel=\"canonical\" href=\"https:\/\/hurghadalovers.com\/sk\/tours\/denny-vylet-potapanie-lodou-od-hurghady\/\" \/>\n<meta property=\"og:locale\" content=\"sk_SK\" \/>\n<meta property=\"og:type\" content=\"article\" \/>\n<meta property=\"og:title\" content=\"Denn\u00fd v\u00fdlet lo\u010fou z Hurghady na pot\u00e1panie\" \/>\n<meta property=\"og:description\" content=\"Denn\u00fd v\u00fdlet lo\u010fou z Hurghady | Certifikovan\u00ed a profesion\u00e1lni pot\u00e1pa\u010di | s obedom, n\u00e1pojmi, pot\u00e1pa\u010dsk\u00fdm vybaven\u00edm a transferom. Luxusn\u00e1 lo\u010f...\" \/>\n<meta property=\"og:url\" content=\"https:\/\/hurghadalovers.com\/sk\/tours\/denny-vylet-potapanie-lodou-od-hurghady\/\" \/>\n<meta property=\"og:site_name\" content=\"Hurghada Excursions &amp; Day Trips | Booking Best Prices Tours\" \/>\n<meta property=\"article:publisher\" content=\"https:\/\/www.facebook.com\/Hurghadaloversegypt\" \/>\n<meta property=\"article:modified_time\" content=\"2026-02-09T23:41:55+00:00\" \/>\n<meta property=\"og:image\" content=\"https:\/\/hurghadalovers.com\/wp-content\/uploads\/2023\/08\/Mahmya-Island-Hurghada-Day-Use-all-inclusive-2025.jpeg\" \/>\n\t<meta property=\"og:image:width\" content=\"1295\" \/>\n\t<meta property=\"og:image:height\" content=\"698\" \/>\n\t<meta property=\"og:image:type\" content=\"image\/jpeg\" \/>\n<meta name=\"twitter:card\" content=\"summary_large_image\" \/>\n<meta name=\"twitter:label1\" content=\"Cena\" \/>\n\t<meta name=\"twitter:data1\" content=\"&euro;&nbsp;105\" \/>\n\t<meta name=\"twitter:label2\" content=\"Dostupnos\u0165\" \/>\n\t<meta name=\"twitter:data2\" content=\"Na sklade\" \/>\n<script type=\"application\/ld+json\" class=\"yoast-schema-graph\">{\"@context\":\"https:\/\/schema.org\",\"@graph\":[{\"@type\":[\"WebPage\",\"ItemPage\"],\"@id\":\"https:\/\/hurghadalovers.com\/sk\/tours\/denny-vylet-potapanie-lodou-od-hurghady\/\",\"url\":\"https:\/\/hurghadalovers.com\/sk\/tours\/denny-vylet-potapanie-lodou-od-hurghady\/\",\"name\":\"Denn\u00fd pot\u00e1pa\u010dsk\u00fd v\u00fdlet lo\u010fou z Hurghady | Certifikovan\u00ed pot\u00e1pa\u010di\",\"isPartOf\":{\"@id\":\"https:\/\/hurghadalovers.com\/sk\/#website\"},\"primaryImageOfPage\":{\"@id\":\"https:\/\/hurghadalovers.com\/sk\/tours\/denny-vylet-potapanie-lodou-od-hurghady\/#primaryimage\"},\"image\":{\"@id\":\"https:\/\/hurghadalovers.com\/sk\/tours\/denny-vylet-potapanie-lodou-od-hurghady\/#primaryimage\"},\"thumbnailUrl\":\"https:\/\/hurghadalovers.com\/wp-content\/uploads\/2023\/08\/Mahmya-Island-Hurghada-Day-Use-all-inclusive-2025.jpeg\",\"datePublished\":\"2023-08-23T09:18:41+00:00\",\"dateModified\":\"2026-02-09T23:41:55+00:00\",\"description\":\"Denn\u00fd v\u00fdlet lo\u010fou z Hurghady | Certifikovan\u00ed a profesion\u00e1lni pot\u00e1pa\u010di | s obedom, n\u00e1pojmi, pot\u00e1pa\u010dsk\u00fdm vybaven\u00edm a transferom. Luxusn\u00e1 lo\u010f...\",\"breadcrumb\":{\"@id\":\"https:\/\/hurghadalovers.com\/sk\/tours\/denny-vylet-potapanie-lodou-od-hurghady\/#breadcrumb\"},\"inLanguage\":\"sk-SK\",\"potentialAction\":[{\"@type\":\"ReadAction\",\"target\":[\"https:\/\/hurghadalovers.com\/sk\/tours\/denny-vylet-potapanie-lodou-od-hurghady\/\"]}]},{\"@type\":\"ImageObject\",\"inLanguage\":\"sk-SK\",\"@id\":\"https:\/\/hurghadalovers.com\/sk\/tours\/denny-vylet-potapanie-lodou-od-hurghady\/#primaryimage\",\"url\":\"https:\/\/hurghadalovers.com\/wp-content\/uploads\/2023\/08\/Mahmya-Island-Hurghada-Day-Use-all-inclusive-2025.jpeg\",\"contentUrl\":\"https:\/\/hurghadalovers.com\/wp-content\/uploads\/2023\/08\/Mahmya-Island-Hurghada-Day-Use-all-inclusive-2025.jpeg\",\"width\":1295,\"height\":698,\"caption\":\"Mahmya Island Hurghada Day Use all inclusive 2025\"},{\"@type\":\"BreadcrumbList\",\"@id\":\"https:\/\/hurghadalovers.com\/sk\/tours\/denny-vylet-potapanie-lodou-od-hurghady\/#breadcrumb\",\"itemListElement\":[{\"@type\":\"ListItem\",\"position\":1,\"name\":\"Home\",\"item\":\"https:\/\/hurghadalovers.com\/sk\/\"},{\"@type\":\"ListItem\",\"position\":2,\"name\":\"Shop\",\"item\":\"https:\/\/hurghadalovers.com\/shop\/\"},{\"@type\":\"ListItem\",\"position\":3,\"name\":\"Denn\u00fd v\u00fdlet lo\u010fou z Hurghady na pot\u00e1panie\"}]},{\"@type\":\"WebSite\",\"@id\":\"https:\/\/hurghadalovers.com\/sk\/#website\",\"url\":\"https:\/\/hurghadalovers.com\/sk\/\",\"name\":\"Hurghada Excursions & Day Trips | Booking Best Prices Tours\",\"description\":\"Hurghada Lovers - Best Tour Operator - Excursions &amp; Things to do for Family Day Trips with kids and Couples Romantic. Unique .Hidden gems\",\"publisher\":{\"@id\":\"https:\/\/hurghadalovers.com\/sk\/#organization\"},\"alternateName\":\"Hurghada Excursions\",\"potentialAction\":[{\"@type\":\"SearchAction\",\"target\":{\"@type\":\"EntryPoint\",\"urlTemplate\":\"https:\/\/hurghadalovers.com\/sk\/?s={search_term_string}\"},\"query-input\":{\"@type\":\"PropertyValueSpecification\",\"valueRequired\":true,\"valueName\":\"search_term_string\"}}],\"inLanguage\":\"sk-SK\"},{\"@type\":[\"Organization\",\"Place\",\"TravelAgency\"],\"@id\":\"https:\/\/hurghadalovers.com\/sk\/#organization\",\"name\":\"Hurghada Excursions\",\"url\":\"https:\/\/hurghadalovers.com\/sk\/\",\"logo\":{\"@id\":\"https:\/\/hurghadalovers.com\/sk\/tours\/denny-vylet-potapanie-lodou-od-hurghady\/#local-main-organization-logo\"},\"image\":{\"@id\":\"https:\/\/hurghadalovers.com\/sk\/tours\/denny-vylet-potapanie-lodou-od-hurghady\/#local-main-organization-logo\"},\"sameAs\":[\"https:\/\/www.facebook.com\/Hurghadaloversegypt\"],\"address\":{\"@id\":\"https:\/\/hurghadalovers.com\/sk\/tours\/denny-vylet-potapanie-lodou-od-hurghady\/#local-main-place-address\"},\"telephone\":[\"00201112596434\"],\"contactPoint\":{\"@type\":\"ContactPoint\",\"telephone\":\"00201112596434\",\"email\":\"weyouface@gmail.com\"},\"openingHoursSpecification\":{\"@type\":\"OpeningHoursSpecification\",\"dayOfWeek\":[\"Monday\",\"Tuesday\",\"Wednesday\",\"Thursday\",\"Friday\",\"Saturday\",\"Sunday\"],\"opens\":\"00:00\",\"closes\":\"23:59\"},\"email\":\"weyouface@gmail.com\",\"areaServed\":\"Luxor, Hurghada, El Gouna, Aswan, Sharm El Sheikh, Giza, Alexandria, Marsa Alam, Quseir, Soma Bay, Sahl Hasheesh, Red Sea, Makadi Bay, Cairo\",\"priceRange\":\"$\",\"currenciesAccepted\":\"euro\",\"paymentAccepted\":\"cash on site\"},{\"@type\":\"PostalAddress\",\"@id\":\"https:\/\/hurghadalovers.com\/sk\/tours\/denny-vylet-potapanie-lodou-od-hurghady\/#local-main-place-address\",\"streetAddress\":\"17 Banks street, Alkawther area, top nbk bank\",\"addressLocality\":\"hurghada\",\"postalCode\":\"84511\",\"addressRegion\":\"red sea\",\"addressCountry\":\"EG\"},{\"@type\":\"ImageObject\",\"inLanguage\":\"sk-SK\",\"@id\":\"https:\/\/hurghadalovers.com\/sk\/tours\/denny-vylet-potapanie-lodou-od-hurghady\/#local-main-organization-logo\",\"url\":\"https:\/\/hurghadalovers.com\/wp-content\/uploads\/2019\/10\/hurghada-excursions-logo.png\",\"contentUrl\":\"https:\/\/hurghadalovers.com\/wp-content\/uploads\/2019\/10\/hurghada-excursions-logo.png\",\"width\":272,\"height\":90,\"caption\":\"Hurghada Excursions\"}]}<\/script>\n<meta property=\"product:brand\" content=\"Fakultat\u00edvne V\u00fdlety Hurghada\" \/>\n<meta property=\"product:price:amount\" content=\"105\" \/>\n<meta property=\"product:price:currency\" content=\"EUR\" \/>\n<meta property=\"og:availability\" content=\"instock\" \/>\n<meta property=\"product:availability\" content=\"instock\" \/>\n<meta property=\"product:retailer_item_id\" content=\"Diving032024\" \/>\n<meta property=\"product:condition\" content=\"new\" \/>\n<meta name=\"geo.placename\" content=\"hurghada\" \/>\n<meta name=\"geo.region\" content=\"Egypt\" \/>\n<!-- \/ Yoast SEO Premium plugin. -->","yoast_head_json":{"title":"Denn\u00fd pot\u00e1pa\u010dsk\u00fd v\u00fdlet lo\u010fou z Hurghady | Certifikovan\u00ed pot\u00e1pa\u010di","description":"Denn\u00fd v\u00fdlet lo\u010fou z Hurghady | Certifikovan\u00ed a profesion\u00e1lni pot\u00e1pa\u010di | s obedom, n\u00e1pojmi, pot\u00e1pa\u010dsk\u00fdm vybaven\u00edm a transferom. Luxusn\u00e1 lo\u010f...","robots":{"index":"index","follow":"follow","max-snippet":"max-snippet:-1","max-image-preview":"max-image-preview:large","max-video-preview":"max-video-preview:-1"},"canonical":"https:\/\/hurghadalovers.com\/sk\/tours\/denny-vylet-potapanie-lodou-od-hurghady\/","og_locale":"sk_SK","og_type":"article","og_title":"Denn\u00fd v\u00fdlet lo\u010fou z Hurghady na pot\u00e1panie","og_description":"Denn\u00fd v\u00fdlet lo\u010fou z Hurghady | Certifikovan\u00ed a profesion\u00e1lni pot\u00e1pa\u010di | s obedom, n\u00e1pojmi, pot\u00e1pa\u010dsk\u00fdm vybaven\u00edm a transferom. Luxusn\u00e1 lo\u010f...","og_url":"https:\/\/hurghadalovers.com\/sk\/tours\/denny-vylet-potapanie-lodou-od-hurghady\/","og_site_name":"Hurghada Excursions &amp; Day Trips | Booking Best Prices Tours","article_publisher":"https:\/\/www.facebook.com\/Hurghadaloversegypt","article_modified_time":"2026-02-09T23:41:55+00:00","og_image":[{"width":1295,"height":698,"url":"https:\/\/hurghadalovers.com\/wp-content\/uploads\/2023\/08\/Mahmya-Island-Hurghada-Day-Use-all-inclusive-2025.jpeg","type":"image\/jpeg"}],"twitter_card":"summary_large_image","twitter_misc":{"Cena":"&euro;&nbsp;105","Dostupnos\u0165":"Na sklade"},"schema":{"@context":"https:\/\/schema.org","@graph":[{"@type":["WebPage","ItemPage"],"@id":"https:\/\/hurghadalovers.com\/sk\/tours\/denny-vylet-potapanie-lodou-od-hurghady\/","url":"https:\/\/hurghadalovers.com\/sk\/tours\/denny-vylet-potapanie-lodou-od-hurghady\/","name":"Denn\u00fd pot\u00e1pa\u010dsk\u00fd v\u00fdlet lo\u010fou z Hurghady | Certifikovan\u00ed pot\u00e1pa\u010di","isPartOf":{"@id":"https:\/\/hurghadalovers.com\/sk\/#website"},"primaryImageOfPage":{"@id":"https:\/\/hurghadalovers.com\/sk\/tours\/denny-vylet-potapanie-lodou-od-hurghady\/#primaryimage"},"image":{"@id":"https:\/\/hurghadalovers.com\/sk\/tours\/denny-vylet-potapanie-lodou-od-hurghady\/#primaryimage"},"thumbnailUrl":"https:\/\/hurghadalovers.com\/wp-content\/uploads\/2023\/08\/Mahmya-Island-Hurghada-Day-Use-all-inclusive-2025.jpeg","datePublished":"2023-08-23T09:18:41+00:00","dateModified":"2026-02-09T23:41:55+00:00","description":"Denn\u00fd v\u00fdlet lo\u010fou z Hurghady | Certifikovan\u00ed a profesion\u00e1lni pot\u00e1pa\u010di | s obedom, n\u00e1pojmi, pot\u00e1pa\u010dsk\u00fdm vybaven\u00edm a transferom. Luxusn\u00e1 lo\u010f...","breadcrumb":{"@id":"https:\/\/hurghadalovers.com\/sk\/tours\/denny-vylet-potapanie-lodou-od-hurghady\/#breadcrumb"},"inLanguage":"sk-SK","potentialAction":[{"@type":"ReadAction","target":["https:\/\/hurghadalovers.com\/sk\/tours\/denny-vylet-potapanie-lodou-od-hurghady\/"]}]},{"@type":"ImageObject","inLanguage":"sk-SK","@id":"https:\/\/hurghadalovers.com\/sk\/tours\/denny-vylet-potapanie-lodou-od-hurghady\/#primaryimage","url":"https:\/\/hurghadalovers.com\/wp-content\/uploads\/2023\/08\/Mahmya-Island-Hurghada-Day-Use-all-inclusive-2025.jpeg","contentUrl":"https:\/\/hurghadalovers.com\/wp-content\/uploads\/2023\/08\/Mahmya-Island-Hurghada-Day-Use-all-inclusive-2025.jpeg","width":1295,"height":698,"caption":"Mahmya Island Hurghada Day Use all inclusive 2025"},{"@type":"BreadcrumbList","@id":"https:\/\/hurghadalovers.com\/sk\/tours\/denny-vylet-potapanie-lodou-od-hurghady\/#breadcrumb","itemListElement":[{"@type":"ListItem","position":1,"name":"Home","item":"https:\/\/hurghadalovers.com\/sk\/"},{"@type":"ListItem","position":2,"name":"Shop","item":"https:\/\/hurghadalovers.com\/shop\/"},{"@type":"ListItem","position":3,"name":"Denn\u00fd v\u00fdlet lo\u010fou z Hurghady na pot\u00e1panie"}]},{"@type":"WebSite","@id":"https:\/\/hurghadalovers.com\/sk\/#website","url":"https:\/\/hurghadalovers.com\/sk\/","name":"Hurghada Excursions & Day Trips | Booking Best Prices Tours","description":"Hurghada Lovers - Best Tour Operator - Excursions &amp; Things to do for Family Day Trips with kids and Couples Romantic. Unique .Hidden gems","publisher":{"@id":"https:\/\/hurghadalovers.com\/sk\/#organization"},"alternateName":"Hurghada Excursions","potentialAction":[{"@type":"SearchAction","target":{"@type":"EntryPoint","urlTemplate":"https:\/\/hurghadalovers.com\/sk\/?s={search_term_string}"},"query-input":{"@type":"PropertyValueSpecification","valueRequired":true,"valueName":"search_term_string"}}],"inLanguage":"sk-SK"},{"@type":["Organization","Place","TravelAgency"],"@id":"https:\/\/hurghadalovers.com\/sk\/#organization","name":"Hurghada Excursions","url":"https:\/\/hurghadalovers.com\/sk\/","logo":{"@id":"https:\/\/hurghadalovers.com\/sk\/tours\/denny-vylet-potapanie-lodou-od-hurghady\/#local-main-organization-logo"},"image":{"@id":"https:\/\/hurghadalovers.com\/sk\/tours\/denny-vylet-potapanie-lodou-od-hurghady\/#local-main-organization-logo"},"sameAs":["https:\/\/www.facebook.com\/Hurghadaloversegypt"],"address":{"@id":"https:\/\/hurghadalovers.com\/sk\/tours\/denny-vylet-potapanie-lodou-od-hurghady\/#local-main-place-address"},"telephone":["00201112596434"],"contactPoint":{"@type":"ContactPoint","telephone":"00201112596434","email":"weyouface@gmail.com"},"openingHoursSpecification":{"@type":"OpeningHoursSpecification","dayOfWeek":["Monday","Tuesday","Wednesday","Thursday","Friday","Saturday","Sunday"],"opens":"00:00","closes":"23:59"},"email":"weyouface@gmail.com","areaServed":"Luxor, Hurghada, El Gouna, Aswan, Sharm El Sheikh, Giza, Alexandria, Marsa Alam, Quseir, Soma Bay, Sahl Hasheesh, Red Sea, Makadi Bay, Cairo","priceRange":"$","currenciesAccepted":"euro","paymentAccepted":"cash on site"},{"@type":"PostalAddress","@id":"https:\/\/hurghadalovers.com\/sk\/tours\/denny-vylet-potapanie-lodou-od-hurghady\/#local-main-place-address","streetAddress":"17 Banks street, Alkawther area, top nbk bank","addressLocality":"hurghada","postalCode":"84511","addressRegion":"red sea","addressCountry":"EG"},{"@type":"ImageObject","inLanguage":"sk-SK","@id":"https:\/\/hurghadalovers.com\/sk\/tours\/denny-vylet-potapanie-lodou-od-hurghady\/#local-main-organization-logo","url":"https:\/\/hurghadalovers.com\/wp-content\/uploads\/2019\/10\/hurghada-excursions-logo.png","contentUrl":"https:\/\/hurghadalovers.com\/wp-content\/uploads\/2019\/10\/hurghada-excursions-logo.png","width":272,"height":90,"caption":"Hurghada Excursions"}]},"product_brand":"Fakultat\u00edvne V\u00fdlety Hurghada","product_price_amount":"105","product_price_currency":"EUR","og_availability":"instock","product_availability":"instock","product_retailer_item_id":"Diving032024","product_condition":"new","geo.placename":"hurghada","geo.region":"Egypt"},"_links":{"self":[{"href":"https:\/\/hurghadalovers.com\/sk\/wp-json\/wp\/v2\/product\/382490","targetHints":{"allow":["GET"]}}],"collection":[{"href":"https:\/\/hurghadalovers.com\/sk\/wp-json\/wp\/v2\/product"}],"about":[{"href":"https:\/\/hurghadalovers.com\/sk\/wp-json\/wp\/v2\/types\/product"}],"wp:featuredmedia":[{"embeddable":true,"href":"https:\/\/hurghadalovers.com\/sk\/wp-json\/wp\/v2\/media\/931995"}],"wp:attachment":[{"href":"https:\/\/hurghadalovers.com\/sk\/wp-json\/wp\/v2\/media?parent=382490"}],"wp:term":[{"taxonomy":"product_brand","embeddable":true,"href":"https:\/\/hurghadalovers.com\/sk\/wp-json\/wp\/v2\/product_brand?post=382490"},{"taxonomy":"product_cat","embeddable":true,"href":"https:\/\/hurghadalovers.com\/sk\/wp-json\/wp\/v2\/product_cat?post=382490"},{"taxonomy":"product_tag","embeddable":true,"href":"https:\/\/hurghadalovers.com\/sk\/wp-json\/wp\/v2\/product_tag?post=382490"}],"curies":[{"name":"wp","href":"https:\/\/api.w.org\/{rel}","templated":true}]}}