{"id":380511,"date":"2023-08-15T11:57:00","date_gmt":"2023-08-15T11:57:00","guid":{"rendered":"https:\/\/hurghadalovers.com\/shop\/nezaraden\u00e9\/pirati-plachetnica-na-ostrov-orange-bay-z-hurghady\/"},"modified":"2026-01-13T16:43:11","modified_gmt":"2026-01-13T16:43:11","slug":"pirati-plachetnica-na-oranzovy-zaliv-ostrov-z-hurghady","status":"publish","type":"product","link":"https:\/\/hurghadalovers.com\/sk\/tours\/pirati-plachetnica-na-oranzovy-zaliv-ostrov-z-hurghady\/","title":{"rendered":"Pir\u00e1ti Plachetnica na ostrov Orange Bay z Hurghady"},"content":{"rendered":"<p><strong>Pir\u00e1ti Plachetnica na ostrov Orange bay z Hurghady<\/strong> s VIP obedom.<\/p>\n<p>Ak h\u013ead\u00e1te najviac  <strong>luxusn\u00e1 plachetnica<\/strong> v Hurghade str\u00e1vi\u0165 \u0161peci\u00e1lny cel\u00fd de\u0148 a u\u017ei\u0165 si viac <strong>s\u00fakromia<\/strong>, prosperity a <strong>luxusu<\/strong>, jes\u0165 najkraj\u0161ie chutn\u00e9 jedl\u00e1, krevety a morsk\u00e9 plody, pl\u00e1va\u0165 v najkraj\u0161om <strong>koralovom \u00fatese mieste<\/strong> a \u00eds\u0165 na najkraj\u0161ie pl\u00e1\u017ee <strong>ostrova Giftun<\/strong>, pripojte sa k n\u00e1m teraz&#8230;<\/p>\n<p style=\"text-align: center;\"><span style=\"color: #00ccff;\">Najkraj\u0161ie <strong>aktivity pre rodiny v<\/strong> Hurghade, <span style=\"color: #33cccc;\"><br \/>\n  <strong>\u010co robi\u0165 s de\u0165mi<\/strong><br \/>\n<\/span>, Seniori, <span style=\"color: #993366;\"><br \/>\n  <strong>Medov\u00e9 t\u00fd\u017edne<\/strong><br \/>\n<\/span> a <span style=\"color: #993366;\"><br \/>\n  <strong>P\u00e1ry<\/strong><br \/>\n<\/span>.<\/span><\/p>\n<p>&nbsp;<\/p>\n<p><strong>Najd\u00f4le\u017eitej\u0161ie inform\u00e1cie:<\/strong><\/p>\n<ul>\n<li>\u0160norchlovanie na jednom mieste House Reef.<\/li>\n<li>1 hodina na pl\u00e1\u017ei Orange Bay Island.<\/li>\n<\/ul>\n<p><strong>Pir\u00e1ti Plachetnica na ostrov Orange bay z Hurghady Podrobnosti:<\/strong><\/p>\n<ul>\n<li>Dostupnos\u0165 z\u00e1jazdu: Ka\u017ed\u00fd de\u0148.<\/li>\n<li>Typ z\u00e1jazdu: Skupina.<\/li>\n<li>\u010cas vyzdvihnutia: Od 08:00 hod.<\/li>\n<li>\u010cas vyzdvihnutia: 15:00.<\/li>\n<li>Bezbari\u00e9rov\u00fd pr\u00edstup.<\/li>\n<li>Trvanie: Trvanie: 6 hod.<\/li>\n<\/ul>\n<p><strong>Rezervujte teraz a pla\u0165te nesk\u00f4r:<\/strong><\/p>\n<ul>\n<li>Hotovos\u0165 na mieste pre sprievodcu.<\/li>\n<li>Platba egyptsk\u00fdmi librami, $, \u20ac alebo \u00a3.<\/li>\n<\/ul>\n<p><strong>Storno podmienky:<\/strong><\/p>\n<ul>\n<li>m\u00f4\u017eete Zru\u0161i\u0165 a\u017e 24 hod\u00edn vopred.<\/li>\n<li>Ke\u010f niekto z va\u0161ej rodiny zru\u0161\u00ed dopoludnie, zaplat\u00ed 50 % n\u00e1kladov.<\/li>\n<\/ul>\n<p><strong>\u010co je s\u00fa\u010das\u0165ou balenia?<\/strong><\/p>\n<ul>\n<li>Transfer z hotelov Hurghada &#8222;Hotel pick up and drop off&#8220;.<\/li>\n<li>V\u0161etky dane, vstupn\u00e9 poplatky a manipula\u010dn\u00e9 poplatky.<\/li>\n<li>Sprievodca.<\/li>\n<li>Miner\u00e1lna voda + kola + mlieko + k\u00e1va\/\u010daj.<\/li>\n<li>1 Miesto na \u0161norchlovanie.<\/li>\n<li>\u0160norchlovacie vybavenie &#8222;Masky a plutvy&#8220;.<\/li>\n<li>1 hodina na <strong>pl\u00e1\u017ei<\/strong> <strong>Orange Bay Island<\/strong>.<\/li>\n<li>VIP obed formou bufetu na lodi &#8222;Morsk\u00e1 polievka \/ 3 druhy \u010derstv\u00fdch \u0161al\u00e1tov \/ ry\u017ea, cestoviny, zemiaky \/ krevety, kalam\u00e1re, ryby, kuracie m\u00e4so a kofta \/ sez\u00f3nne \u010derstv\u00e9 ovocie.&#8220;.<\/li>\n<li>Z\u00e1chrann\u00e9 vesty.<\/li>\n<\/ul>\n<p><strong>Vyl\u00fa\u010denia?<\/strong><\/p>\n<ul>\n<li>Prepitn\u00e9.<\/li>\n<li>N\u00e1poje v re\u0161taur\u00e1cii Orange Bay Island.<\/li>\n<li>Fotografovanie a fotografie na cestu.<\/li>\n<li>Pon\u00fakame pren\u00e1jom plaviek pre \u017eeny, mu\u017eov, deti v\u0161etk\u00fdch ve\u013ekost\u00ed &#8222;5$ za jeden&#8220;.<\/li>\n<li>Ak\u00e9ko\u013evek pr\u00edplatky, ktor\u00e9 neboli spomenut\u00e9.<\/li>\n<\/ul>\n<p><strong>Pir\u00e1ti Plachetnica na ostrov Orange Bay z Hurghady Ceny:<\/strong><\/p>\n<ul>\n<li><strong>Cena pre dospel\u00fdch = <\/strong><strong> 80 USD<\/strong><strong> na osobu<\/strong>.<\/li>\n<li>Cena pre deti &#8222;5-12&#8220; = 50%.<\/li>\n<li>pre deti &#8222;0-5&#8220; = zadarmo.<\/li>\n<\/ul>\n<p><strong>Recenzie:<\/strong><\/p>\n<p>skontrolova\u0165 na\u0161e Google Map Recenzie ako najlep\u0161ie <a href=\"https:\/\/g.page\/r\/CUeYvkngP3wkEBM\/review\">Tour Operator v Hurghada<\/a> on-line v <a href=\"https:\/\/hurghadalovers.com\/\">Hurghada<\/a> Egypt.<\/p>\n<p>&nbsp;<\/p>\n<p><strong>Pozn\u00e1mka:  <\/strong><\/p>\n<p>Prehliadku s transferom z hotela v El Goua, z\u00e1toke Soma, z\u00e1toke Makadi, Sahl Hasheesh, Safaga realizujeme za pr\u00edplatok = 10 USD na osobu.<\/p>\n<p>&nbsp;<\/p>\n<p><strong>Rezerv\u00e1cia:<\/strong><\/p>\n<p>Odosla\u0165 hotel + \u010d\u00edslo izby + foto pasov na WhatsApp: <strong>+201112596434<\/strong><\/p>\n<p>Ak ste z Egypta Rezerv\u00e1cia teraz online a potvrdi\u0165 pri pr\u00edchode Hotel.<\/p>\n","protected":false},"excerpt":{"rendered":"<p>Pir\u00e1ti Plachetnica na ostrov Orange bay z Hurghady s VIP obedom formou bufetu Krevety | viac s\u00fakromia, prosperity a luxusu | \u0160norchlovanie House Reef&#8230;<\/p>\n","protected":false},"featured_media":931419,"template":"","meta":{"_joinchat":[]},"product_brand":[],"product_cat":[36669],"product_tag":[60581,60714],"class_list":{"0":"post-380511","1":"product","2":"type-product","3":"status-publish","4":"has-post-thumbnail","6":"product_cat-prehliadky","7":"product_tag-ostrov-utopia-hurghada","8":"product_tag-piratska-lod-hurghada","9":"tour_category-vylety-do-hurghady","10":"tour_category-vylety-za-snorchlovanim-v-hurghade","12":"first","13":"instock","14":"sale","15":"shipping-taxable","16":"purchasable","17":"product-type-tour"},"yoast_head":"<!-- This site is optimized with the Yoast SEO Premium plugin v26.9 (Yoast SEO v27.2) - https:\/\/yoast.com\/product\/yoast-seo-premium-wordpress\/ -->\n<title>Pir\u00e1ti Plachetnica na ostrov Orange Bay z Hurghady<\/title>\n<meta name=\"description\" content=\"Pir\u00e1ti Plachetnica na ostrov Orange bay z Hurghady s VIP obedom formou bufetu Krevety | viac s\u00fakromia, prosperity a luxusu | \u0160norchlovanie House Reef...\" \/>\n<meta name=\"robots\" content=\"index, follow, max-snippet:-1, max-image-preview:large, max-video-preview:-1\" \/>\n<link rel=\"canonical\" href=\"https:\/\/hurghadalovers.com\/sk\/tours\/pirati-plachetnica-na-oranzovy-zaliv-ostrov-z-hurghady\/\" \/>\n<meta property=\"og:locale\" content=\"sk_SK\" \/>\n<meta property=\"og:type\" content=\"article\" \/>\n<meta property=\"og:title\" content=\"Pir\u00e1ti Plachetnica na ostrov Orange Bay z Hurghady\" \/>\n<meta property=\"og:description\" content=\"Pir\u00e1ti Plachetnica na ostrov Orange bay z Hurghady s VIP obedom formou bufetu Krevety | viac s\u00fakromia, prosperity a luxusu | \u0160norchlovanie House Reef...\" \/>\n<meta property=\"og:url\" content=\"https:\/\/hurghadalovers.com\/sk\/tours\/pirati-plachetnica-na-oranzovy-zaliv-ostrov-z-hurghady\/\" \/>\n<meta property=\"og:site_name\" content=\"Hurghada Excursions &amp; Day Trips | Booking Best Prices Tours\" \/>\n<meta property=\"article:publisher\" content=\"https:\/\/www.facebook.com\/Hurghadaloversegypt\" \/>\n<meta property=\"article:modified_time\" content=\"2026-01-13T16:43:11+00:00\" \/>\n<meta property=\"og:image\" content=\"https:\/\/hurghadalovers.com\/wp-content\/uploads\/2023\/08\/Pirate-Boat-Hurghada-Luxury-Trip-to-Orange-Bay-2026.jpeg\" \/>\n\t<meta property=\"og:image:width\" content=\"1156\" \/>\n\t<meta property=\"og:image:height\" content=\"867\" \/>\n\t<meta property=\"og:image:type\" content=\"image\/jpeg\" \/>\n<meta name=\"twitter:card\" content=\"summary_large_image\" \/>\n<meta name=\"twitter:label1\" content=\"Cena\" \/>\n\t<meta name=\"twitter:data1\" content=\"&euro;&nbsp;80\" \/>\n\t<meta name=\"twitter:label2\" content=\"Dostupnos\u0165\" \/>\n\t<meta name=\"twitter:data2\" content=\"Na sklade\" \/>\n<script type=\"application\/ld+json\" class=\"yoast-schema-graph\">{\"@context\":\"https:\/\/schema.org\",\"@graph\":[{\"@type\":[\"WebPage\",\"ItemPage\"],\"@id\":\"https:\/\/hurghadalovers.com\/sk\/tours\/pirati-plachetnica-na-oranzovy-zaliv-ostrov-z-hurghady\/\",\"url\":\"https:\/\/hurghadalovers.com\/sk\/tours\/pirati-plachetnica-na-oranzovy-zaliv-ostrov-z-hurghady\/\",\"name\":\"Pir\u00e1ti Plachetnica na ostrov Orange Bay z Hurghady\",\"isPartOf\":{\"@id\":\"https:\/\/hurghadalovers.com\/sk\/#website\"},\"primaryImageOfPage\":{\"@id\":\"https:\/\/hurghadalovers.com\/sk\/tours\/pirati-plachetnica-na-oranzovy-zaliv-ostrov-z-hurghady\/#primaryimage\"},\"image\":{\"@id\":\"https:\/\/hurghadalovers.com\/sk\/tours\/pirati-plachetnica-na-oranzovy-zaliv-ostrov-z-hurghady\/#primaryimage\"},\"thumbnailUrl\":\"https:\/\/hurghadalovers.com\/wp-content\/uploads\/2023\/08\/Pirate-Boat-Hurghada-Luxury-Trip-to-Orange-Bay-2026.jpeg\",\"datePublished\":\"2023-08-15T11:57:00+00:00\",\"dateModified\":\"2026-01-13T16:43:11+00:00\",\"description\":\"Pir\u00e1ti Plachetnica na ostrov Orange bay z Hurghady s VIP obedom formou bufetu Krevety | viac s\u00fakromia, prosperity a luxusu | \u0160norchlovanie House Reef...\",\"breadcrumb\":{\"@id\":\"https:\/\/hurghadalovers.com\/sk\/tours\/pirati-plachetnica-na-oranzovy-zaliv-ostrov-z-hurghady\/#breadcrumb\"},\"inLanguage\":\"sk-SK\",\"potentialAction\":[{\"@type\":\"ReadAction\",\"target\":[\"https:\/\/hurghadalovers.com\/sk\/tours\/pirati-plachetnica-na-oranzovy-zaliv-ostrov-z-hurghady\/\"]}]},{\"@type\":\"ImageObject\",\"inLanguage\":\"sk-SK\",\"@id\":\"https:\/\/hurghadalovers.com\/sk\/tours\/pirati-plachetnica-na-oranzovy-zaliv-ostrov-z-hurghady\/#primaryimage\",\"url\":\"https:\/\/hurghadalovers.com\/wp-content\/uploads\/2023\/08\/Pirate-Boat-Hurghada-Luxury-Trip-to-Orange-Bay-2026.jpeg\",\"contentUrl\":\"https:\/\/hurghadalovers.com\/wp-content\/uploads\/2023\/08\/Pirate-Boat-Hurghada-Luxury-Trip-to-Orange-Bay-2026.jpeg\",\"width\":1156,\"height\":867,\"caption\":\"Pirate Boat Hurghada Luxury Trip to Orange Bay 2026\"},{\"@type\":\"BreadcrumbList\",\"@id\":\"https:\/\/hurghadalovers.com\/sk\/tours\/pirati-plachetnica-na-oranzovy-zaliv-ostrov-z-hurghady\/#breadcrumb\",\"itemListElement\":[{\"@type\":\"ListItem\",\"position\":1,\"name\":\"Home\",\"item\":\"https:\/\/hurghadalovers.com\/sk\/\"},{\"@type\":\"ListItem\",\"position\":2,\"name\":\"Shop\",\"item\":\"https:\/\/hurghadalovers.com\/shop\/\"},{\"@type\":\"ListItem\",\"position\":3,\"name\":\"Pir\u00e1ti Plachetnica na ostrov Orange Bay z Hurghady\"}]},{\"@type\":\"WebSite\",\"@id\":\"https:\/\/hurghadalovers.com\/sk\/#website\",\"url\":\"https:\/\/hurghadalovers.com\/sk\/\",\"name\":\"Hurghada Excursions & Day Trips | Booking Best Prices Tours\",\"description\":\"Hurghada Lovers - Best Tour Operator - Excursions &amp; Things to do for Family Day Trips with kids and Couples Romantic. Unique .Hidden gems\",\"publisher\":{\"@id\":\"https:\/\/hurghadalovers.com\/sk\/#organization\"},\"alternateName\":\"Hurghada Excursions\",\"potentialAction\":[{\"@type\":\"SearchAction\",\"target\":{\"@type\":\"EntryPoint\",\"urlTemplate\":\"https:\/\/hurghadalovers.com\/sk\/?s={search_term_string}\"},\"query-input\":{\"@type\":\"PropertyValueSpecification\",\"valueRequired\":true,\"valueName\":\"search_term_string\"}}],\"inLanguage\":\"sk-SK\"},{\"@type\":[\"Organization\",\"Place\",\"TravelAgency\"],\"@id\":\"https:\/\/hurghadalovers.com\/sk\/#organization\",\"name\":\"Hurghada Excursions\",\"url\":\"https:\/\/hurghadalovers.com\/sk\/\",\"logo\":{\"@id\":\"https:\/\/hurghadalovers.com\/sk\/tours\/pirati-plachetnica-na-oranzovy-zaliv-ostrov-z-hurghady\/#local-main-organization-logo\"},\"image\":{\"@id\":\"https:\/\/hurghadalovers.com\/sk\/tours\/pirati-plachetnica-na-oranzovy-zaliv-ostrov-z-hurghady\/#local-main-organization-logo\"},\"sameAs\":[\"https:\/\/www.facebook.com\/Hurghadaloversegypt\"],\"address\":{\"@id\":\"https:\/\/hurghadalovers.com\/sk\/tours\/pirati-plachetnica-na-oranzovy-zaliv-ostrov-z-hurghady\/#local-main-place-address\"},\"telephone\":[\"00201112596434\"],\"contactPoint\":{\"@type\":\"ContactPoint\",\"telephone\":\"00201112596434\",\"email\":\"weyouface@gmail.com\"},\"openingHoursSpecification\":{\"@type\":\"OpeningHoursSpecification\",\"dayOfWeek\":[\"Monday\",\"Tuesday\",\"Wednesday\",\"Thursday\",\"Friday\",\"Saturday\",\"Sunday\"],\"opens\":\"00:00\",\"closes\":\"23:59\"},\"email\":\"weyouface@gmail.com\",\"areaServed\":\"Luxor, Hurghada, El Gouna, Aswan, Sharm El Sheikh, Giza, Alexandria, Marsa Alam, Quseir, Soma Bay, Sahl Hasheesh, Red Sea, Makadi Bay, Cairo\",\"priceRange\":\"$\",\"currenciesAccepted\":\"euro\",\"paymentAccepted\":\"cash on site\"},{\"@type\":\"PostalAddress\",\"@id\":\"https:\/\/hurghadalovers.com\/sk\/tours\/pirati-plachetnica-na-oranzovy-zaliv-ostrov-z-hurghady\/#local-main-place-address\",\"streetAddress\":\"17 Banks street, Alkawther area, top nbk bank\",\"addressLocality\":\"hurghada\",\"postalCode\":\"84511\",\"addressRegion\":\"red sea\",\"addressCountry\":\"EG\"},{\"@type\":\"ImageObject\",\"inLanguage\":\"sk-SK\",\"@id\":\"https:\/\/hurghadalovers.com\/sk\/tours\/pirati-plachetnica-na-oranzovy-zaliv-ostrov-z-hurghady\/#local-main-organization-logo\",\"url\":\"https:\/\/hurghadalovers.com\/wp-content\/uploads\/2019\/10\/hurghada-excursions-logo.png\",\"contentUrl\":\"https:\/\/hurghadalovers.com\/wp-content\/uploads\/2019\/10\/hurghada-excursions-logo.png\",\"width\":272,\"height\":90,\"caption\":\"Hurghada Excursions\"}]}<\/script>\n<meta property=\"product:brand\" content=\"Fakultat\u00edvne V\u00fdlety Hurghada\" \/>\n<meta property=\"product:price:amount\" content=\"80\" \/>\n<meta property=\"product:price:currency\" content=\"EUR\" \/>\n<meta property=\"og:availability\" content=\"instock\" \/>\n<meta property=\"product:availability\" content=\"instock\" \/>\n<meta property=\"product:retailer_item_id\" content=\"Snorkeling032024\" \/>\n<meta property=\"product:condition\" content=\"new\" \/>\n<meta name=\"geo.placename\" content=\"hurghada\" \/>\n<meta name=\"geo.region\" content=\"Egypt\" \/>\n<!-- \/ Yoast SEO Premium plugin. -->","yoast_head_json":{"title":"Pir\u00e1ti Plachetnica na ostrov Orange Bay z Hurghady","description":"Pir\u00e1ti Plachetnica na ostrov Orange bay z Hurghady s VIP obedom formou bufetu Krevety | viac s\u00fakromia, prosperity a luxusu | \u0160norchlovanie House Reef...","robots":{"index":"index","follow":"follow","max-snippet":"max-snippet:-1","max-image-preview":"max-image-preview:large","max-video-preview":"max-video-preview:-1"},"canonical":"https:\/\/hurghadalovers.com\/sk\/tours\/pirati-plachetnica-na-oranzovy-zaliv-ostrov-z-hurghady\/","og_locale":"sk_SK","og_type":"article","og_title":"Pir\u00e1ti Plachetnica na ostrov Orange Bay z Hurghady","og_description":"Pir\u00e1ti Plachetnica na ostrov Orange bay z Hurghady s VIP obedom formou bufetu Krevety | viac s\u00fakromia, prosperity a luxusu | \u0160norchlovanie House Reef...","og_url":"https:\/\/hurghadalovers.com\/sk\/tours\/pirati-plachetnica-na-oranzovy-zaliv-ostrov-z-hurghady\/","og_site_name":"Hurghada Excursions &amp; Day Trips | Booking Best Prices Tours","article_publisher":"https:\/\/www.facebook.com\/Hurghadaloversegypt","article_modified_time":"2026-01-13T16:43:11+00:00","og_image":[{"width":1156,"height":867,"url":"https:\/\/hurghadalovers.com\/wp-content\/uploads\/2023\/08\/Pirate-Boat-Hurghada-Luxury-Trip-to-Orange-Bay-2026.jpeg","type":"image\/jpeg"}],"twitter_card":"summary_large_image","twitter_misc":{"Cena":"&euro;&nbsp;80","Dostupnos\u0165":"Na sklade"},"schema":{"@context":"https:\/\/schema.org","@graph":[{"@type":["WebPage","ItemPage"],"@id":"https:\/\/hurghadalovers.com\/sk\/tours\/pirati-plachetnica-na-oranzovy-zaliv-ostrov-z-hurghady\/","url":"https:\/\/hurghadalovers.com\/sk\/tours\/pirati-plachetnica-na-oranzovy-zaliv-ostrov-z-hurghady\/","name":"Pir\u00e1ti Plachetnica na ostrov Orange Bay z Hurghady","isPartOf":{"@id":"https:\/\/hurghadalovers.com\/sk\/#website"},"primaryImageOfPage":{"@id":"https:\/\/hurghadalovers.com\/sk\/tours\/pirati-plachetnica-na-oranzovy-zaliv-ostrov-z-hurghady\/#primaryimage"},"image":{"@id":"https:\/\/hurghadalovers.com\/sk\/tours\/pirati-plachetnica-na-oranzovy-zaliv-ostrov-z-hurghady\/#primaryimage"},"thumbnailUrl":"https:\/\/hurghadalovers.com\/wp-content\/uploads\/2023\/08\/Pirate-Boat-Hurghada-Luxury-Trip-to-Orange-Bay-2026.jpeg","datePublished":"2023-08-15T11:57:00+00:00","dateModified":"2026-01-13T16:43:11+00:00","description":"Pir\u00e1ti Plachetnica na ostrov Orange bay z Hurghady s VIP obedom formou bufetu Krevety | viac s\u00fakromia, prosperity a luxusu | \u0160norchlovanie House Reef...","breadcrumb":{"@id":"https:\/\/hurghadalovers.com\/sk\/tours\/pirati-plachetnica-na-oranzovy-zaliv-ostrov-z-hurghady\/#breadcrumb"},"inLanguage":"sk-SK","potentialAction":[{"@type":"ReadAction","target":["https:\/\/hurghadalovers.com\/sk\/tours\/pirati-plachetnica-na-oranzovy-zaliv-ostrov-z-hurghady\/"]}]},{"@type":"ImageObject","inLanguage":"sk-SK","@id":"https:\/\/hurghadalovers.com\/sk\/tours\/pirati-plachetnica-na-oranzovy-zaliv-ostrov-z-hurghady\/#primaryimage","url":"https:\/\/hurghadalovers.com\/wp-content\/uploads\/2023\/08\/Pirate-Boat-Hurghada-Luxury-Trip-to-Orange-Bay-2026.jpeg","contentUrl":"https:\/\/hurghadalovers.com\/wp-content\/uploads\/2023\/08\/Pirate-Boat-Hurghada-Luxury-Trip-to-Orange-Bay-2026.jpeg","width":1156,"height":867,"caption":"Pirate Boat Hurghada Luxury Trip to Orange Bay 2026"},{"@type":"BreadcrumbList","@id":"https:\/\/hurghadalovers.com\/sk\/tours\/pirati-plachetnica-na-oranzovy-zaliv-ostrov-z-hurghady\/#breadcrumb","itemListElement":[{"@type":"ListItem","position":1,"name":"Home","item":"https:\/\/hurghadalovers.com\/sk\/"},{"@type":"ListItem","position":2,"name":"Shop","item":"https:\/\/hurghadalovers.com\/shop\/"},{"@type":"ListItem","position":3,"name":"Pir\u00e1ti Plachetnica na ostrov Orange Bay z Hurghady"}]},{"@type":"WebSite","@id":"https:\/\/hurghadalovers.com\/sk\/#website","url":"https:\/\/hurghadalovers.com\/sk\/","name":"Hurghada Excursions & Day Trips | Booking Best Prices Tours","description":"Hurghada Lovers - Best Tour Operator - Excursions &amp; Things to do for Family Day Trips with kids and Couples Romantic. Unique .Hidden gems","publisher":{"@id":"https:\/\/hurghadalovers.com\/sk\/#organization"},"alternateName":"Hurghada Excursions","potentialAction":[{"@type":"SearchAction","target":{"@type":"EntryPoint","urlTemplate":"https:\/\/hurghadalovers.com\/sk\/?s={search_term_string}"},"query-input":{"@type":"PropertyValueSpecification","valueRequired":true,"valueName":"search_term_string"}}],"inLanguage":"sk-SK"},{"@type":["Organization","Place","TravelAgency"],"@id":"https:\/\/hurghadalovers.com\/sk\/#organization","name":"Hurghada Excursions","url":"https:\/\/hurghadalovers.com\/sk\/","logo":{"@id":"https:\/\/hurghadalovers.com\/sk\/tours\/pirati-plachetnica-na-oranzovy-zaliv-ostrov-z-hurghady\/#local-main-organization-logo"},"image":{"@id":"https:\/\/hurghadalovers.com\/sk\/tours\/pirati-plachetnica-na-oranzovy-zaliv-ostrov-z-hurghady\/#local-main-organization-logo"},"sameAs":["https:\/\/www.facebook.com\/Hurghadaloversegypt"],"address":{"@id":"https:\/\/hurghadalovers.com\/sk\/tours\/pirati-plachetnica-na-oranzovy-zaliv-ostrov-z-hurghady\/#local-main-place-address"},"telephone":["00201112596434"],"contactPoint":{"@type":"ContactPoint","telephone":"00201112596434","email":"weyouface@gmail.com"},"openingHoursSpecification":{"@type":"OpeningHoursSpecification","dayOfWeek":["Monday","Tuesday","Wednesday","Thursday","Friday","Saturday","Sunday"],"opens":"00:00","closes":"23:59"},"email":"weyouface@gmail.com","areaServed":"Luxor, Hurghada, El Gouna, Aswan, Sharm El Sheikh, Giza, Alexandria, Marsa Alam, Quseir, Soma Bay, Sahl Hasheesh, Red Sea, Makadi Bay, Cairo","priceRange":"$","currenciesAccepted":"euro","paymentAccepted":"cash on site"},{"@type":"PostalAddress","@id":"https:\/\/hurghadalovers.com\/sk\/tours\/pirati-plachetnica-na-oranzovy-zaliv-ostrov-z-hurghady\/#local-main-place-address","streetAddress":"17 Banks street, Alkawther area, top nbk bank","addressLocality":"hurghada","postalCode":"84511","addressRegion":"red sea","addressCountry":"EG"},{"@type":"ImageObject","inLanguage":"sk-SK","@id":"https:\/\/hurghadalovers.com\/sk\/tours\/pirati-plachetnica-na-oranzovy-zaliv-ostrov-z-hurghady\/#local-main-organization-logo","url":"https:\/\/hurghadalovers.com\/wp-content\/uploads\/2019\/10\/hurghada-excursions-logo.png","contentUrl":"https:\/\/hurghadalovers.com\/wp-content\/uploads\/2019\/10\/hurghada-excursions-logo.png","width":272,"height":90,"caption":"Hurghada Excursions"}]},"product_brand":"Fakultat\u00edvne V\u00fdlety Hurghada","product_price_amount":"80","product_price_currency":"EUR","og_availability":"instock","product_availability":"instock","product_retailer_item_id":"Snorkeling032024","product_condition":"new","geo.placename":"hurghada","geo.region":"Egypt"},"_links":{"self":[{"href":"https:\/\/hurghadalovers.com\/sk\/wp-json\/wp\/v2\/product\/380511","targetHints":{"allow":["GET"]}}],"collection":[{"href":"https:\/\/hurghadalovers.com\/sk\/wp-json\/wp\/v2\/product"}],"about":[{"href":"https:\/\/hurghadalovers.com\/sk\/wp-json\/wp\/v2\/types\/product"}],"wp:featuredmedia":[{"embeddable":true,"href":"https:\/\/hurghadalovers.com\/sk\/wp-json\/wp\/v2\/media\/931419"}],"wp:attachment":[{"href":"https:\/\/hurghadalovers.com\/sk\/wp-json\/wp\/v2\/media?parent=380511"}],"wp:term":[{"taxonomy":"product_brand","embeddable":true,"href":"https:\/\/hurghadalovers.com\/sk\/wp-json\/wp\/v2\/product_brand?post=380511"},{"taxonomy":"product_cat","embeddable":true,"href":"https:\/\/hurghadalovers.com\/sk\/wp-json\/wp\/v2\/product_cat?post=380511"},{"taxonomy":"product_tag","embeddable":true,"href":"https:\/\/hurghadalovers.com\/sk\/wp-json\/wp\/v2\/product_tag?post=380511"}],"curies":[{"name":"wp","href":"https:\/\/api.w.org\/{rel}","templated":true}]}}