{"id":379469,"date":"2023-08-12T08:38:05","date_gmt":"2023-08-12T08:40:12","guid":{"rendered":"https:\/\/hurghadalovers.com\/shop\/nezaraden\u00e9\/sukromny-celodenny-vylet-z-hurghady-do-kahiry-a-luxoru-2-dni\/"},"modified":"2026-02-07T18:25:48","modified_gmt":"2026-02-07T18:25:48","slug":"sukromny-jednodnovy-vylet-z-hurgady-do-kahiry-a-luxor-2dni","status":"publish","type":"product","link":"https:\/\/hurghadalovers.com\/sk\/tours\/sukromny-jednodnovy-vylet-z-hurgady-do-kahiry-a-luxor-2dni\/","title":{"rendered":"S\u00fakromn\u00fd celodenn\u00fd v\u00fdlet z Hurghady do K\u00e1hiry a Luxoru 2 DNI"},"content":{"rendered":"<p><strong>S\u00fakromn\u00fd celodenn\u00fd v\u00fdlet z Hurghady<\/strong> do K\u00e1hiry a Luxoru na 2 dni so s\u00fakromn\u00fdm sprievodcom, vstupenkami a obedom.<\/p>\n<p>Jedine\u010dn\u00fd z\u00e1jazd, po\u010das ktor\u00e9ho spozn\u00e1te tajomstv\u00e1 a hist\u00f3riu stavby <strong>pyram\u00edd<\/strong> a Ve\u013ekej <strong>sfingy<\/strong>, ako aj fakty o chr\u00e1moch a kr\u00e1\u013eovsk\u00fdch hrobk\u00e1ch v <strong>Luxore<\/strong>, a to po\u010das dvojd\u0148ov\u00e9ho z\u00e1jazdu, ktor\u00fd zah\u0155\u0148a v\u0161etko.<\/p>\n<p>&nbsp;<\/p>\n<p><strong>Najd\u00f4le\u017eitej\u0161ie inform\u00e1cie:<\/strong><\/p>\n<ul>\n<li>Pyram\u00eddy v G\u00edze.<\/li>\n<li>Ve\u013ek\u00e1 sfinga.<\/li>\n<li>Chr\u00e1m v \u00fadol\u00ed.<\/li>\n<li>Star\u00fd baz\u00e1r.<\/li>\n<li>Egyptsk\u00e9 m\u00fazeum.<\/li>\n<li>Chr\u00e1m v Karnaku.<\/li>\n<li>Memnonove kolosy.<\/li>\n<li>Hat\u0161epsutin pohrebn\u00fd chr\u00e1m.<\/li>\n<li>3 hrobky v \u00dadol\u00ed kr\u00e1\u013eov.<\/li>\n<li>Obed v re\u0161taur\u00e1cii.<\/li>\n<\/ul>\n<p><strong>S\u00fakromn\u00fd celodenn\u00fd v\u00fdlet z Hurghady Podrobnosti:<\/strong><\/p>\n<ul>\n<li>Dostupnos\u0165 z\u00e1jazdu: Ka\u017ed\u00fd de\u0148.<\/li>\n<li>Typ z\u00e1jazdu: S\u00fakromn\u00e1 prehliadka autom alebo minivanom.<\/li>\n<li>\u010cas vyzdvihnutia: Od 02:30 hod.<\/li>\n<li>\u017diados\u0165 Hotel dosta\u0165 ra\u0148ajky ta\u0161ku s vami R\u00e1no.<\/li>\n<li>\u010cas vyzdvihnutia: 19:30.<\/li>\n<li>Bezbari\u00e9rov\u00fd pr\u00edstup.<\/li>\n<li>Trvanie: 2 dni a 1 noc.<\/li>\n<\/ul>\n<p><strong>Rezervujte teraz a pla\u0165te nesk\u00f4r:<\/strong><\/p>\n<ul>\n<li>Hotovos\u0165 na mieste pre sprievodcu.<\/li>\n<li>Platba egyptsk\u00fdmi librami, $, \u20ac alebo \u00a3.<\/li>\n<\/ul>\n<p><strong>Storno podmienky:<\/strong><\/p>\n<ul>\n<li>m\u00f4\u017eete Zru\u0161i\u0165 a\u017e 24 hod\u00edn vopred.<\/li>\n<li>Ke\u010f niekto z va\u0161ej rodiny zru\u0161\u00ed dopoludnie, zaplat\u00ed 50 % n\u00e1kladov.<\/li>\n<\/ul>\n<p><strong>\u010co zah\u0155\u0148a s\u00fakromn\u00fd celodenn\u00fd v\u00fdlet z Hurghady?<\/strong><\/p>\n<ul>\n<li>Transfer z hotelov Hurghada &#8222;Hotel pick up and drop off&#8220;.<\/li>\n<li>V\u0161etky dane, vstupn\u00e9 poplatky a manipula\u010dn\u00e9 poplatky.<\/li>\n<li>Letenka K\u00e1hira \/ Luxor.<\/li>\n<li>Prevody.<\/li>\n<li>Sprievodca.<\/li>\n<li>Jedna noc v hoteli v Luxore.<\/li>\n<li>N\u00e1poje.<\/li>\n<li>Obed v re\u0161taur\u00e1cii.<\/li>\n<\/ul>\n<p><strong>Vyl\u00fa\u010denia?<\/strong><\/p>\n<ul>\n<li>Prepitn\u00e9.<\/li>\n<li>V\u00fdlet na Felucce &#8222;Plavba lo\u010fou&#8220; Na 35 min= 10$.<\/li>\n<li>Ko\u0148sk\u00fd povoz v oblasti pyram\u00edd.<\/li>\n<li>Vstupenka do Ve\u013ekej Chufuovej pyram\u00eddy.<\/li>\n<li>Ak\u00e9ko\u013evek pr\u00edplatky, ktor\u00e9 neboli spomenut\u00e9.<\/li>\n<\/ul>\n<p><strong>S\u00fakromn\u00fd celodenn\u00fd v\u00fdlet z Hurghady Ceny:<\/strong><\/p>\n<ul>\n<li><strong>Cena pre dospel\u00fdch = <\/strong><strong>od 510 USD<\/strong><strong> na osobu<\/strong>.<\/li>\n<li>Cena pre deti &#8222;5-12&#8220; = 50%.<\/li>\n<li>pre deti &#8222;0-5&#8220; = zadarmo.<\/li>\n<\/ul>\n<p><strong>Recenzie:<\/strong><\/p>\n<p>skontrolova\u0165 na\u0161e Google Map Recenzie ako najlep\u0161ie <a href=\"https:\/\/g.page\/r\/CUeYvkngP3wkEBM\/review\">Tour Operator v Hurghada<\/a> on-line v <a href=\"https:\/\/hurghadalovers.com\/\">Hurghada<\/a> Egypt.<\/p>\n<p>&nbsp;<\/p>\n<p><strong>Pozn\u00e1mka :  <\/strong><\/p>\n<p>Prehliadku s transferom z hotela v El Goua, z\u00e1toke Soma, z\u00e1toke Makadi, Sahl Hasheesh, Safaga realizujeme za pr\u00edplatok = 10 USD na osobu.<\/p>\n<p>&nbsp;<\/p>\n<p><strong>Rezerv\u00e1cia:<\/strong><\/p>\n<p>Odosla\u0165 hotel + \u010d\u00edslo izby + foto pasov na WhatsApp: <strong>+201112596434<\/strong><\/p>\n<p>Ak ste z Egypta Rezerv\u00e1cia teraz online a potvrdi\u0165 pri pr\u00edchode Hotel.<\/p>\n","protected":false},"excerpt":{"rendered":"<p>S\u00fakromn\u00fd celodenn\u00fd v\u00fdlet z Hurghady do K\u00e1hiry a Luxoru na 2 dni so s\u00fakromn\u00fdm sprievodcom, vstupenkami a obedom. Jedine\u010dn\u00e1 prehliadka, po\u010das ktorej objav\u00edte tajomstv\u00e1 a hist\u00f3riu stavby pyram\u00edd&#8230;<\/p>\n","protected":false},"featured_media":379430,"template":"","meta":{"_joinchat":[]},"product_brand":[],"product_cat":[36669],"product_tag":[60561,59390,59347,59261,59226,59210,59267,51232,51220,59273,59214,60558,59257],"class_list":{"0":"post-379469","1":"product","2":"type-product","3":"status-publish","4":"has-post-thumbnail","6":"product_cat-prehliadky","7":"product_tag-aktivity-pre-deti-v-hurghade","8":"product_tag-aktivity-pre-rodiny-v-hurghade","9":"product_tag-celodenne-vylety-z-hurghady","10":"product_tag-celodenny-vylet-do-kahiry-z-hurghady","11":"product_tag-co-robit-v-hurghade","12":"product_tag-hurghada-na-celodenny-vylet-k-pyramidam","13":"product_tag-pyramidy-z-hurghady","14":"product_tag-sukromne-prehliadky-kahiry","15":"product_tag-sukromne-vylety-do-egypta","16":"product_tag-vylet-z-hurghady-do-kahiry","17":"product_tag-vylety-do-hurghady","18":"product_tag-vylety-pre-deti-v-hurghade","19":"product_tag-z-hurghady-do-pyramid","20":"tour_category-vylety-do-hurghady","21":"tour_category-tury-z-hurghady-do-pyramid","23":"first","24":"instock","25":"sale","26":"shipping-taxable","27":"purchasable","28":"product-type-tour"},"yoast_head":"<!-- This site is optimized with the Yoast SEO Premium plugin v26.9 (Yoast SEO v27.2) - https:\/\/yoast.com\/product\/yoast-seo-premium-wordpress\/ -->\n<title>S\u00fakromn\u00fd celodenn\u00fd v\u00fdlet z Hurghady do K\u00e1hiry a Luxoru 2 DNI<\/title>\n<meta name=\"description\" content=\"S\u00fakromn\u00fd celodenn\u00fd v\u00fdlet z Hurghady do K\u00e1hiry a Luxoru na 2 dni so s\u00fakromn\u00fdm sprievodcom, vstupenkami a obedom. Jedine\u010dn\u00e1 prehliadka, po\u010das ktorej objav\u00edte tajomstv\u00e1 a hist\u00f3riu...\" \/>\n<meta name=\"robots\" content=\"index, follow, max-snippet:-1, max-image-preview:large, max-video-preview:-1\" \/>\n<link rel=\"canonical\" href=\"https:\/\/hurghadalovers.com\/sk\/tours\/sukromny-jednodnovy-vylet-z-hurgady-do-kahiry-a-luxor-2dni\/\" \/>\n<meta property=\"og:locale\" content=\"sk_SK\" \/>\n<meta property=\"og:type\" content=\"article\" \/>\n<meta property=\"og:title\" content=\"S\u00fakromn\u00fd celodenn\u00fd v\u00fdlet z Hurghady do K\u00e1hiry a Luxoru 2 DNI\" \/>\n<meta property=\"og:description\" content=\"S\u00fakromn\u00fd celodenn\u00fd v\u00fdlet z Hurghady do K\u00e1hiry a Luxoru na 2 dni so s\u00fakromn\u00fdm sprievodcom, vstupenkami a obedom. Jedine\u010dn\u00e1 prehliadka, po\u010das ktorej objav\u00edte tajomstv\u00e1 a hist\u00f3riu...\" \/>\n<meta property=\"og:url\" content=\"https:\/\/hurghadalovers.com\/sk\/tours\/sukromny-jednodnovy-vylet-z-hurgady-do-kahiry-a-luxor-2dni\/\" \/>\n<meta property=\"og:site_name\" content=\"Hurghada Excursions &amp; Day Trips | Booking Best Prices Tours\" \/>\n<meta property=\"article:publisher\" content=\"https:\/\/www.facebook.com\/Hurghadaloversegypt\" \/>\n<meta property=\"article:modified_time\" content=\"2026-02-07T18:25:48+00:00\" \/>\n<meta property=\"og:image\" content=\"https:\/\/hurghadalovers.com\/wp-content\/uploads\/2023\/08\/Private-Day-Trip-from-Hurghada-to-Cairo-and-Luxor-2-DAYS.jpg\" \/>\n\t<meta property=\"og:image:width\" content=\"1500\" \/>\n\t<meta property=\"og:image:height\" content=\"404\" \/>\n\t<meta property=\"og:image:type\" content=\"image\/jpeg\" \/>\n<meta name=\"twitter:card\" content=\"summary_large_image\" \/>\n<meta name=\"twitter:label1\" content=\"Cena\" \/>\n\t<meta name=\"twitter:data1\" content=\"&euro;&nbsp;510\" \/>\n\t<meta name=\"twitter:label2\" content=\"Dostupnos\u0165\" \/>\n\t<meta name=\"twitter:data2\" content=\"Na sklade\" \/>\n<script type=\"application\/ld+json\" class=\"yoast-schema-graph\">{\"@context\":\"https:\/\/schema.org\",\"@graph\":[{\"@type\":[\"WebPage\",\"ItemPage\"],\"@id\":\"https:\/\/hurghadalovers.com\/sk\/tours\/sukromny-jednodnovy-vylet-z-hurgady-do-kahiry-a-luxor-2dni\/\",\"url\":\"https:\/\/hurghadalovers.com\/sk\/tours\/sukromny-jednodnovy-vylet-z-hurgady-do-kahiry-a-luxor-2dni\/\",\"name\":\"S\u00fakromn\u00fd celodenn\u00fd v\u00fdlet z Hurghady do K\u00e1hiry a Luxoru 2 DNI\",\"isPartOf\":{\"@id\":\"https:\/\/hurghadalovers.com\/sk\/#website\"},\"primaryImageOfPage\":{\"@id\":\"https:\/\/hurghadalovers.com\/sk\/tours\/sukromny-jednodnovy-vylet-z-hurgady-do-kahiry-a-luxor-2dni\/#primaryimage\"},\"image\":{\"@id\":\"https:\/\/hurghadalovers.com\/sk\/tours\/sukromny-jednodnovy-vylet-z-hurgady-do-kahiry-a-luxor-2dni\/#primaryimage\"},\"thumbnailUrl\":\"https:\/\/hurghadalovers.com\/wp-content\/uploads\/2023\/08\/Private-Day-Trip-from-Hurghada-to-Cairo-and-Luxor-2-DAYS.jpg\",\"datePublished\":\"2023-08-12T08:40:12+00:00\",\"dateModified\":\"2026-02-07T18:25:48+00:00\",\"description\":\"S\u00fakromn\u00fd celodenn\u00fd v\u00fdlet z Hurghady do K\u00e1hiry a Luxoru na 2 dni so s\u00fakromn\u00fdm sprievodcom, vstupenkami a obedom. Jedine\u010dn\u00e1 prehliadka, po\u010das ktorej objav\u00edte tajomstv\u00e1 a hist\u00f3riu...\",\"breadcrumb\":{\"@id\":\"https:\/\/hurghadalovers.com\/sk\/tours\/sukromny-jednodnovy-vylet-z-hurgady-do-kahiry-a-luxor-2dni\/#breadcrumb\"},\"inLanguage\":\"sk-SK\",\"potentialAction\":[{\"@type\":\"ReadAction\",\"target\":[\"https:\/\/hurghadalovers.com\/sk\/tours\/sukromny-jednodnovy-vylet-z-hurgady-do-kahiry-a-luxor-2dni\/\"]}]},{\"@type\":\"ImageObject\",\"inLanguage\":\"sk-SK\",\"@id\":\"https:\/\/hurghadalovers.com\/sk\/tours\/sukromny-jednodnovy-vylet-z-hurgady-do-kahiry-a-luxor-2dni\/#primaryimage\",\"url\":\"https:\/\/hurghadalovers.com\/wp-content\/uploads\/2023\/08\/Private-Day-Trip-from-Hurghada-to-Cairo-and-Luxor-2-DAYS.jpg\",\"contentUrl\":\"https:\/\/hurghadalovers.com\/wp-content\/uploads\/2023\/08\/Private-Day-Trip-from-Hurghada-to-Cairo-and-Luxor-2-DAYS.jpg\",\"width\":1500,\"height\":404,\"caption\":\"S\u00fakromn\u00fd celodenn\u00fd v\u00fdlet z Hurghady do K\u00e1hiry a Luxoru 2 DNI\"},{\"@type\":\"BreadcrumbList\",\"@id\":\"https:\/\/hurghadalovers.com\/sk\/tours\/sukromny-jednodnovy-vylet-z-hurgady-do-kahiry-a-luxor-2dni\/#breadcrumb\",\"itemListElement\":[{\"@type\":\"ListItem\",\"position\":1,\"name\":\"Home\",\"item\":\"https:\/\/hurghadalovers.com\/sk\/\"},{\"@type\":\"ListItem\",\"position\":2,\"name\":\"Shop\",\"item\":\"https:\/\/hurghadalovers.com\/shop\/\"},{\"@type\":\"ListItem\",\"position\":3,\"name\":\"S\u00fakromn\u00fd celodenn\u00fd v\u00fdlet z Hurghady do K\u00e1hiry a Luxoru 2 DNI\"}]},{\"@type\":\"WebSite\",\"@id\":\"https:\/\/hurghadalovers.com\/sk\/#website\",\"url\":\"https:\/\/hurghadalovers.com\/sk\/\",\"name\":\"Hurghada Excursions & Day Trips | Booking Best Prices Tours\",\"description\":\"Hurghada Lovers - Best Tour Operator - Excursions &amp; Things to do for Family Day Trips with kids and Couples Romantic. Unique .Hidden gems\",\"publisher\":{\"@id\":\"https:\/\/hurghadalovers.com\/sk\/#organization\"},\"alternateName\":\"Hurghada Excursions\",\"potentialAction\":[{\"@type\":\"SearchAction\",\"target\":{\"@type\":\"EntryPoint\",\"urlTemplate\":\"https:\/\/hurghadalovers.com\/sk\/?s={search_term_string}\"},\"query-input\":{\"@type\":\"PropertyValueSpecification\",\"valueRequired\":true,\"valueName\":\"search_term_string\"}}],\"inLanguage\":\"sk-SK\"},{\"@type\":[\"Organization\",\"Place\",\"TravelAgency\"],\"@id\":\"https:\/\/hurghadalovers.com\/sk\/#organization\",\"name\":\"Hurghada Excursions\",\"url\":\"https:\/\/hurghadalovers.com\/sk\/\",\"logo\":{\"@id\":\"https:\/\/hurghadalovers.com\/sk\/tours\/sukromny-jednodnovy-vylet-z-hurgady-do-kahiry-a-luxor-2dni\/#local-main-organization-logo\"},\"image\":{\"@id\":\"https:\/\/hurghadalovers.com\/sk\/tours\/sukromny-jednodnovy-vylet-z-hurgady-do-kahiry-a-luxor-2dni\/#local-main-organization-logo\"},\"sameAs\":[\"https:\/\/www.facebook.com\/Hurghadaloversegypt\"],\"address\":{\"@id\":\"https:\/\/hurghadalovers.com\/sk\/tours\/sukromny-jednodnovy-vylet-z-hurgady-do-kahiry-a-luxor-2dni\/#local-main-place-address\"},\"telephone\":[\"00201112596434\"],\"contactPoint\":{\"@type\":\"ContactPoint\",\"telephone\":\"00201112596434\",\"email\":\"weyouface@gmail.com\"},\"openingHoursSpecification\":{\"@type\":\"OpeningHoursSpecification\",\"dayOfWeek\":[\"Monday\",\"Tuesday\",\"Wednesday\",\"Thursday\",\"Friday\",\"Saturday\",\"Sunday\"],\"opens\":\"00:00\",\"closes\":\"23:59\"},\"email\":\"weyouface@gmail.com\",\"areaServed\":\"Luxor, Hurghada, El Gouna, Aswan, Sharm El Sheikh, Giza, Alexandria, Marsa Alam, Quseir, Soma Bay, Sahl Hasheesh, Red Sea, Makadi Bay, Cairo\",\"priceRange\":\"$\",\"currenciesAccepted\":\"euro\",\"paymentAccepted\":\"cash on site\"},{\"@type\":\"PostalAddress\",\"@id\":\"https:\/\/hurghadalovers.com\/sk\/tours\/sukromny-jednodnovy-vylet-z-hurgady-do-kahiry-a-luxor-2dni\/#local-main-place-address\",\"streetAddress\":\"17 Banks street, Alkawther area, top nbk bank\",\"addressLocality\":\"hurghada\",\"postalCode\":\"84511\",\"addressRegion\":\"red sea\",\"addressCountry\":\"EG\"},{\"@type\":\"ImageObject\",\"inLanguage\":\"sk-SK\",\"@id\":\"https:\/\/hurghadalovers.com\/sk\/tours\/sukromny-jednodnovy-vylet-z-hurgady-do-kahiry-a-luxor-2dni\/#local-main-organization-logo\",\"url\":\"https:\/\/hurghadalovers.com\/wp-content\/uploads\/2019\/10\/hurghada-excursions-logo.png\",\"contentUrl\":\"https:\/\/hurghadalovers.com\/wp-content\/uploads\/2019\/10\/hurghada-excursions-logo.png\",\"width\":272,\"height\":90,\"caption\":\"Hurghada Excursions\"}]}<\/script>\n<meta property=\"product:brand\" content=\"Fakultat\u00edvne V\u00fdlety Hurghada\" \/>\n<meta property=\"product:price:amount\" content=\"510\" \/>\n<meta property=\"product:price:currency\" content=\"EUR\" \/>\n<meta property=\"og:availability\" content=\"instock\" \/>\n<meta property=\"product:availability\" content=\"instock\" \/>\n<meta property=\"product:retailer_item_id\" content=\"Private22024\" \/>\n<meta property=\"product:condition\" content=\"new\" \/>\n<meta name=\"geo.placename\" content=\"hurghada\" \/>\n<meta name=\"geo.region\" content=\"Egypt\" \/>\n<!-- \/ Yoast SEO Premium plugin. -->","yoast_head_json":{"title":"S\u00fakromn\u00fd celodenn\u00fd v\u00fdlet z Hurghady do K\u00e1hiry a Luxoru 2 DNI","description":"S\u00fakromn\u00fd celodenn\u00fd v\u00fdlet z Hurghady do K\u00e1hiry a Luxoru na 2 dni so s\u00fakromn\u00fdm sprievodcom, vstupenkami a obedom. Jedine\u010dn\u00e1 prehliadka, po\u010das ktorej objav\u00edte tajomstv\u00e1 a hist\u00f3riu...","robots":{"index":"index","follow":"follow","max-snippet":"max-snippet:-1","max-image-preview":"max-image-preview:large","max-video-preview":"max-video-preview:-1"},"canonical":"https:\/\/hurghadalovers.com\/sk\/tours\/sukromny-jednodnovy-vylet-z-hurgady-do-kahiry-a-luxor-2dni\/","og_locale":"sk_SK","og_type":"article","og_title":"S\u00fakromn\u00fd celodenn\u00fd v\u00fdlet z Hurghady do K\u00e1hiry a Luxoru 2 DNI","og_description":"S\u00fakromn\u00fd celodenn\u00fd v\u00fdlet z Hurghady do K\u00e1hiry a Luxoru na 2 dni so s\u00fakromn\u00fdm sprievodcom, vstupenkami a obedom. Jedine\u010dn\u00e1 prehliadka, po\u010das ktorej objav\u00edte tajomstv\u00e1 a hist\u00f3riu...","og_url":"https:\/\/hurghadalovers.com\/sk\/tours\/sukromny-jednodnovy-vylet-z-hurgady-do-kahiry-a-luxor-2dni\/","og_site_name":"Hurghada Excursions &amp; Day Trips | Booking Best Prices Tours","article_publisher":"https:\/\/www.facebook.com\/Hurghadaloversegypt","article_modified_time":"2026-02-07T18:25:48+00:00","og_image":[{"width":1500,"height":404,"url":"https:\/\/hurghadalovers.com\/wp-content\/uploads\/2023\/08\/Private-Day-Trip-from-Hurghada-to-Cairo-and-Luxor-2-DAYS.jpg","type":"image\/jpeg"}],"twitter_card":"summary_large_image","twitter_misc":{"Cena":"&euro;&nbsp;510","Dostupnos\u0165":"Na sklade"},"schema":{"@context":"https:\/\/schema.org","@graph":[{"@type":["WebPage","ItemPage"],"@id":"https:\/\/hurghadalovers.com\/sk\/tours\/sukromny-jednodnovy-vylet-z-hurgady-do-kahiry-a-luxor-2dni\/","url":"https:\/\/hurghadalovers.com\/sk\/tours\/sukromny-jednodnovy-vylet-z-hurgady-do-kahiry-a-luxor-2dni\/","name":"S\u00fakromn\u00fd celodenn\u00fd v\u00fdlet z Hurghady do K\u00e1hiry a Luxoru 2 DNI","isPartOf":{"@id":"https:\/\/hurghadalovers.com\/sk\/#website"},"primaryImageOfPage":{"@id":"https:\/\/hurghadalovers.com\/sk\/tours\/sukromny-jednodnovy-vylet-z-hurgady-do-kahiry-a-luxor-2dni\/#primaryimage"},"image":{"@id":"https:\/\/hurghadalovers.com\/sk\/tours\/sukromny-jednodnovy-vylet-z-hurgady-do-kahiry-a-luxor-2dni\/#primaryimage"},"thumbnailUrl":"https:\/\/hurghadalovers.com\/wp-content\/uploads\/2023\/08\/Private-Day-Trip-from-Hurghada-to-Cairo-and-Luxor-2-DAYS.jpg","datePublished":"2023-08-12T08:40:12+00:00","dateModified":"2026-02-07T18:25:48+00:00","description":"S\u00fakromn\u00fd celodenn\u00fd v\u00fdlet z Hurghady do K\u00e1hiry a Luxoru na 2 dni so s\u00fakromn\u00fdm sprievodcom, vstupenkami a obedom. Jedine\u010dn\u00e1 prehliadka, po\u010das ktorej objav\u00edte tajomstv\u00e1 a hist\u00f3riu...","breadcrumb":{"@id":"https:\/\/hurghadalovers.com\/sk\/tours\/sukromny-jednodnovy-vylet-z-hurgady-do-kahiry-a-luxor-2dni\/#breadcrumb"},"inLanguage":"sk-SK","potentialAction":[{"@type":"ReadAction","target":["https:\/\/hurghadalovers.com\/sk\/tours\/sukromny-jednodnovy-vylet-z-hurgady-do-kahiry-a-luxor-2dni\/"]}]},{"@type":"ImageObject","inLanguage":"sk-SK","@id":"https:\/\/hurghadalovers.com\/sk\/tours\/sukromny-jednodnovy-vylet-z-hurgady-do-kahiry-a-luxor-2dni\/#primaryimage","url":"https:\/\/hurghadalovers.com\/wp-content\/uploads\/2023\/08\/Private-Day-Trip-from-Hurghada-to-Cairo-and-Luxor-2-DAYS.jpg","contentUrl":"https:\/\/hurghadalovers.com\/wp-content\/uploads\/2023\/08\/Private-Day-Trip-from-Hurghada-to-Cairo-and-Luxor-2-DAYS.jpg","width":1500,"height":404,"caption":"S\u00fakromn\u00fd celodenn\u00fd v\u00fdlet z Hurghady do K\u00e1hiry a Luxoru 2 DNI"},{"@type":"BreadcrumbList","@id":"https:\/\/hurghadalovers.com\/sk\/tours\/sukromny-jednodnovy-vylet-z-hurgady-do-kahiry-a-luxor-2dni\/#breadcrumb","itemListElement":[{"@type":"ListItem","position":1,"name":"Home","item":"https:\/\/hurghadalovers.com\/sk\/"},{"@type":"ListItem","position":2,"name":"Shop","item":"https:\/\/hurghadalovers.com\/shop\/"},{"@type":"ListItem","position":3,"name":"S\u00fakromn\u00fd celodenn\u00fd v\u00fdlet z Hurghady do K\u00e1hiry a Luxoru 2 DNI"}]},{"@type":"WebSite","@id":"https:\/\/hurghadalovers.com\/sk\/#website","url":"https:\/\/hurghadalovers.com\/sk\/","name":"Hurghada Excursions & Day Trips | Booking Best Prices Tours","description":"Hurghada Lovers - Best Tour Operator - Excursions &amp; Things to do for Family Day Trips with kids and Couples Romantic. Unique .Hidden gems","publisher":{"@id":"https:\/\/hurghadalovers.com\/sk\/#organization"},"alternateName":"Hurghada Excursions","potentialAction":[{"@type":"SearchAction","target":{"@type":"EntryPoint","urlTemplate":"https:\/\/hurghadalovers.com\/sk\/?s={search_term_string}"},"query-input":{"@type":"PropertyValueSpecification","valueRequired":true,"valueName":"search_term_string"}}],"inLanguage":"sk-SK"},{"@type":["Organization","Place","TravelAgency"],"@id":"https:\/\/hurghadalovers.com\/sk\/#organization","name":"Hurghada Excursions","url":"https:\/\/hurghadalovers.com\/sk\/","logo":{"@id":"https:\/\/hurghadalovers.com\/sk\/tours\/sukromny-jednodnovy-vylet-z-hurgady-do-kahiry-a-luxor-2dni\/#local-main-organization-logo"},"image":{"@id":"https:\/\/hurghadalovers.com\/sk\/tours\/sukromny-jednodnovy-vylet-z-hurgady-do-kahiry-a-luxor-2dni\/#local-main-organization-logo"},"sameAs":["https:\/\/www.facebook.com\/Hurghadaloversegypt"],"address":{"@id":"https:\/\/hurghadalovers.com\/sk\/tours\/sukromny-jednodnovy-vylet-z-hurgady-do-kahiry-a-luxor-2dni\/#local-main-place-address"},"telephone":["00201112596434"],"contactPoint":{"@type":"ContactPoint","telephone":"00201112596434","email":"weyouface@gmail.com"},"openingHoursSpecification":{"@type":"OpeningHoursSpecification","dayOfWeek":["Monday","Tuesday","Wednesday","Thursday","Friday","Saturday","Sunday"],"opens":"00:00","closes":"23:59"},"email":"weyouface@gmail.com","areaServed":"Luxor, Hurghada, El Gouna, Aswan, Sharm El Sheikh, Giza, Alexandria, Marsa Alam, Quseir, Soma Bay, Sahl Hasheesh, Red Sea, Makadi Bay, Cairo","priceRange":"$","currenciesAccepted":"euro","paymentAccepted":"cash on site"},{"@type":"PostalAddress","@id":"https:\/\/hurghadalovers.com\/sk\/tours\/sukromny-jednodnovy-vylet-z-hurgady-do-kahiry-a-luxor-2dni\/#local-main-place-address","streetAddress":"17 Banks street, Alkawther area, top nbk bank","addressLocality":"hurghada","postalCode":"84511","addressRegion":"red sea","addressCountry":"EG"},{"@type":"ImageObject","inLanguage":"sk-SK","@id":"https:\/\/hurghadalovers.com\/sk\/tours\/sukromny-jednodnovy-vylet-z-hurgady-do-kahiry-a-luxor-2dni\/#local-main-organization-logo","url":"https:\/\/hurghadalovers.com\/wp-content\/uploads\/2019\/10\/hurghada-excursions-logo.png","contentUrl":"https:\/\/hurghadalovers.com\/wp-content\/uploads\/2019\/10\/hurghada-excursions-logo.png","width":272,"height":90,"caption":"Hurghada Excursions"}]},"product_brand":"Fakultat\u00edvne V\u00fdlety Hurghada","product_price_amount":"510","product_price_currency":"EUR","og_availability":"instock","product_availability":"instock","product_retailer_item_id":"Private22024","product_condition":"new","geo.placename":"hurghada","geo.region":"Egypt"},"_links":{"self":[{"href":"https:\/\/hurghadalovers.com\/sk\/wp-json\/wp\/v2\/product\/379469","targetHints":{"allow":["GET"]}}],"collection":[{"href":"https:\/\/hurghadalovers.com\/sk\/wp-json\/wp\/v2\/product"}],"about":[{"href":"https:\/\/hurghadalovers.com\/sk\/wp-json\/wp\/v2\/types\/product"}],"wp:featuredmedia":[{"embeddable":true,"href":"https:\/\/hurghadalovers.com\/sk\/wp-json\/wp\/v2\/media\/379430"}],"wp:attachment":[{"href":"https:\/\/hurghadalovers.com\/sk\/wp-json\/wp\/v2\/media?parent=379469"}],"wp:term":[{"taxonomy":"product_brand","embeddable":true,"href":"https:\/\/hurghadalovers.com\/sk\/wp-json\/wp\/v2\/product_brand?post=379469"},{"taxonomy":"product_cat","embeddable":true,"href":"https:\/\/hurghadalovers.com\/sk\/wp-json\/wp\/v2\/product_cat?post=379469"},{"taxonomy":"product_tag","embeddable":true,"href":"https:\/\/hurghadalovers.com\/sk\/wp-json\/wp\/v2\/product_tag?post=379469"}],"curies":[{"name":"wp","href":"https:\/\/api.w.org\/{rel}","templated":true}]}}