{"id":336792,"date":"2023-07-15T17:26:38","date_gmt":"2023-07-16T07:37:24","guid":{"rendered":"https:\/\/hurghadalovers.com\/shop\/nezaraden\u00e9\/sukromny-rychlolod-do-dolphin-house-z-hurghady\/"},"modified":"2026-02-09T16:58:41","modified_gmt":"2026-02-09T16:58:41","slug":"sukromny-rychlostny-clun-do-delfinskeho-domu-z-hurghady","status":"publish","type":"product","link":"https:\/\/hurghadalovers.com\/sk\/tours\/sukromny-rychlostny-clun-do-delfinskeho-domu-z-hurghady\/","title":{"rendered":"S\u00fakromn\u00fd r\u00fdchlolo\u010f do Dolphin House z Hurghady"},"content":{"rendered":"<p><strong>S\u00fakromn\u00fd r\u00fdchlolo\u010f do Dolphin House z Hurghady<\/strong><\/p>\n<p>Rezerv\u00e1cia 4 hod\u00edn pozorovania delf\u00ednov a pl\u00e1vania s delf\u00ednmi + 2 miesta na \u0161norchlovanie.<\/p>\n<h4><strong>Najd\u00f4le\u017eitej\u0161ie inform\u00e1cie:<\/strong><\/h4>\n<ul>\n<li>R\u00fdchlostn\u00fd \u010dln.<\/li>\n<li>S\u00fakromn\u00fd transfer.<\/li>\n<li>Vybavenie na \u0161norchlovanie.<\/li>\n<li>Voda, nealkoholick\u00e9 n\u00e1poje.<\/li>\n<li>Miesta \u0160norchlovanie House Reef.<\/li>\n<li>Dom delf\u00ednov a pl\u00e1vanie s delf\u00ednmi.<\/li>\n<\/ul>\n<h4><strong>Podrobnosti:<\/strong><\/h4>\n<ul>\n<li>Dostupnos\u0165: Ka\u017ed\u00fd de\u0148.<\/li>\n<li>Bezbari\u00e9rov\u00fd pr\u00edstup.<\/li>\n<li>Trvanie: 04 hodiny<\/li>\n<li>\u010cas vyzdvihnutia z hotelov v Hurghade: od 07:30 hod. alebo pod\u013ea v\u00e1\u0161ho \u017eelania.<\/li>\n<li>\u010cas vyzdvihnutia v hoteli Hurghada: 18:00 alebo pod\u013ea v\u00e1\u0161ho \u017eelania.<\/li>\n<\/ul>\n<h3><strong>Rezervujte teraz a pla\u0165te nesk\u00f4r:<\/strong><\/h3>\n<p>Peniaze na mieste p\u00e1novi Tamerovi&#8220; alebo si m\u00f4\u017eete dohodn\u00fa\u0165 \u010das stretnutia v hoteli&#8220;.<\/p>\n<p>Platba v egyptsk\u00fdch libr\u00e1ch, dol\u00e1roch, eur\u00e1ch alebo libr\u00e1ch \u0161terlingov.<\/p>\n<p>&nbsp;<\/p>\n<h3><strong>Storno podmienky:<\/strong><\/h3>\n<p>m\u00f4\u017eete Zru\u0161i\u0165 a\u017e 24 hod\u00edn vopred.<\/p>\n<p>&nbsp;<\/p>\n<h4><strong>Inkl\u00fazie &#8211; \u010co zah\u0155\u0148a s\u00fakromn\u00fd r\u00fdchlolo\u010f do Dolphin House?<\/strong><\/h4>\n<ol>\n<li>S\u00fakromn\u00fd transfer z hotelov Hurghada &#8222;Hotel pick up and drop off&#8220;.<\/li>\n<li>Sprievodca \u0161norchlovan\u00edm.<\/li>\n<li>V\u0161etky dane, vstupn\u00e9 poplatky a manipula\u010dn\u00e9 poplatky.<\/li>\n<li>Miner\u00e1lna voda + kola + mlieko + k\u00e1va\/\u010daj.<\/li>\n<li>  2 -3 miesta na \u0161norchlovanie.<\/li>\n<li>\u0160norchlovacie vybavenie &#8222;Masky, z\u00e1chrann\u00e9 vesty a plutvy&#8220;.<\/li>\n<\/ol>\n<h4><strong>V\u00fdluky &#8211; Pren\u00e1jom r\u00fdchlostn\u00fdch \u010dlnov z Hurghady v cene?<\/strong><\/h4>\n<ul>\n<li>Spropitn\u00e9 &#8222;Sprievodcovsk\u00e9 prepitn\u00e9&#8220;.<\/li>\n<li>N\u00e1poje v re\u0161taur\u00e1cii Paradise Island Island.<\/li>\n<li>Jedlo a obed &#8220; m\u00f4\u017eete prida\u0165 \u010fal\u0161ie pod\u013ea vlastn\u00e9ho uv\u00e1\u017eenia&#8220;<\/li>\n<li>Fotografovanie na v\u00fdlet alebo m\u00f4\u017ee zru\u0161i\u0165 Fotografovanie \u010dloveka s v\u00fdletom.<\/li>\n<li>Pon\u00fakame pren\u00e1jom plaviek pre \u017eeny, mu\u017eov, deti v\u0161etk\u00fdch ve\u013ekost\u00ed&#8220; 5$ za jeden&#8220;.<\/li>\n<\/ul>\n<h3><strong>S\u00fakromn\u00fd r\u00fdchlolo\u010f do Dolphin House z Hurghady Ceny:<\/strong><\/h3>\n<p><strong>4 hodiny = 200 USD<\/strong><\/p>\n<p>&nbsp;<\/p>\n","protected":false},"excerpt":{"rendered":"<p>S\u00fakromn\u00fd r\u00fdchlolo\u010f do Dolphin House z Hurghady | Rezerv\u00e1cia 4 hodiny pozorovania delf\u00ednov a pl\u00e1vania s delf\u00ednmi + 2 miesta na \u0161norchlovanie s transferom&#8230;<\/p>\n","protected":false},"featured_media":995802,"template":"","meta":{"_joinchat":[]},"product_brand":[],"product_cat":[36669],"product_tag":[],"class_list":{"0":"post-336792","1":"product","2":"type-product","3":"status-publish","4":"has-post-thumbnail","6":"product_cat-prehliadky","7":"tour_category-vylety-do-hurghady","8":"tour_category-vylety-za-snorchlovanim-v-hurghade","10":"first","11":"instock","12":"sale","13":"shipping-taxable","14":"purchasable","15":"product-type-tour"},"yoast_head":"<!-- This site is optimized with the Yoast SEO Premium plugin v26.9 (Yoast SEO v27.2) - https:\/\/yoast.com\/product\/yoast-seo-premium-wordpress\/ -->\n<title>S\u00fakromn\u00fd r\u00fdchlolo\u010f do Dolphin House z Hurghady<\/title>\n<meta name=\"description\" content=\"S\u00fakromn\u00fd r\u00fdchlolo\u010f do Dolphin House z Hurghady | Rezerv\u00e1cia 4 hodiny pozorovania delf\u00ednov a pl\u00e1vania s delf\u00ednmi + 2 miesta na \u0161norchlovanie s transferom...\" \/>\n<meta name=\"robots\" content=\"index, follow, max-snippet:-1, max-image-preview:large, max-video-preview:-1\" \/>\n<link rel=\"canonical\" href=\"https:\/\/hurghadalovers.com\/sk\/tours\/sukromny-rychlostny-clun-do-delfinskeho-domu-z-hurghady\/\" \/>\n<meta property=\"og:locale\" content=\"sk_SK\" \/>\n<meta property=\"og:type\" content=\"article\" \/>\n<meta property=\"og:title\" content=\"S\u00fakromn\u00fd r\u00fdchlolo\u010f do Dolphin House z Hurghady\" \/>\n<meta property=\"og:description\" content=\"S\u00fakromn\u00fd r\u00fdchlolo\u010f do Dolphin House z Hurghady | Rezerv\u00e1cia 4 hodiny pozorovania delf\u00ednov a pl\u00e1vania s delf\u00ednmi + 2 miesta na \u0161norchlovanie s transferom...\" \/>\n<meta property=\"og:url\" content=\"https:\/\/hurghadalovers.com\/sk\/tours\/sukromny-rychlostny-clun-do-delfinskeho-domu-z-hurghady\/\" \/>\n<meta property=\"og:site_name\" content=\"Hurghada Excursions &amp; Day Trips | Booking Best Prices Tours\" \/>\n<meta property=\"article:publisher\" content=\"https:\/\/www.facebook.com\/Hurghadaloversegypt\" \/>\n<meta property=\"article:modified_time\" content=\"2026-02-09T16:58:41+00:00\" \/>\n<meta property=\"og:image\" content=\"https:\/\/hurghadalovers.com\/wp-content\/uploads\/2023\/07\/Green-Turtles-Abu-Dabbab-Marsa-aLam.jpg\" \/>\n\t<meta property=\"og:image:width\" content=\"1111\" \/>\n\t<meta property=\"og:image:height\" content=\"940\" \/>\n\t<meta property=\"og:image:type\" content=\"image\/jpeg\" \/>\n<meta name=\"twitter:card\" content=\"summary_large_image\" \/>\n<meta name=\"twitter:label1\" content=\"Cena\" \/>\n\t<meta name=\"twitter:data1\" content=\"&euro;&nbsp;80\" \/>\n\t<meta name=\"twitter:label2\" content=\"Dostupnos\u0165\" \/>\n\t<meta name=\"twitter:data2\" content=\"Na sklade\" \/>\n<script type=\"application\/ld+json\" class=\"yoast-schema-graph\">{\"@context\":\"https:\/\/schema.org\",\"@graph\":[{\"@type\":[\"WebPage\",\"ItemPage\"],\"@id\":\"https:\/\/hurghadalovers.com\/sk\/tours\/sukromny-rychlostny-clun-do-delfinskeho-domu-z-hurghady\/\",\"url\":\"https:\/\/hurghadalovers.com\/sk\/tours\/sukromny-rychlostny-clun-do-delfinskeho-domu-z-hurghady\/\",\"name\":\"S\u00fakromn\u00fd r\u00fdchlolo\u010f do Dolphin House z Hurghady\",\"isPartOf\":{\"@id\":\"https:\/\/hurghadalovers.com\/sk\/#website\"},\"primaryImageOfPage\":{\"@id\":\"https:\/\/hurghadalovers.com\/sk\/tours\/sukromny-rychlostny-clun-do-delfinskeho-domu-z-hurghady\/#primaryimage\"},\"image\":{\"@id\":\"https:\/\/hurghadalovers.com\/sk\/tours\/sukromny-rychlostny-clun-do-delfinskeho-domu-z-hurghady\/#primaryimage\"},\"thumbnailUrl\":\"https:\/\/hurghadalovers.com\/wp-content\/uploads\/2023\/07\/Green-Turtles-Abu-Dabbab-Marsa-aLam.jpg\",\"datePublished\":\"2023-07-16T07:37:24+00:00\",\"dateModified\":\"2026-02-09T16:58:41+00:00\",\"description\":\"S\u00fakromn\u00fd r\u00fdchlolo\u010f do Dolphin House z Hurghady | Rezerv\u00e1cia 4 hodiny pozorovania delf\u00ednov a pl\u00e1vania s delf\u00ednmi + 2 miesta na \u0161norchlovanie s transferom...\",\"breadcrumb\":{\"@id\":\"https:\/\/hurghadalovers.com\/sk\/tours\/sukromny-rychlostny-clun-do-delfinskeho-domu-z-hurghady\/#breadcrumb\"},\"inLanguage\":\"sk-SK\",\"potentialAction\":[{\"@type\":\"ReadAction\",\"target\":[\"https:\/\/hurghadalovers.com\/sk\/tours\/sukromny-rychlostny-clun-do-delfinskeho-domu-z-hurghady\/\"]}]},{\"@type\":\"ImageObject\",\"inLanguage\":\"sk-SK\",\"@id\":\"https:\/\/hurghadalovers.com\/sk\/tours\/sukromny-rychlostny-clun-do-delfinskeho-domu-z-hurghady\/#primaryimage\",\"url\":\"https:\/\/hurghadalovers.com\/wp-content\/uploads\/2023\/07\/Green-Turtles-Abu-Dabbab-Marsa-aLam.jpg\",\"contentUrl\":\"https:\/\/hurghadalovers.com\/wp-content\/uploads\/2023\/07\/Green-Turtles-Abu-Dabbab-Marsa-aLam.jpg\",\"width\":1111,\"height\":940,\"caption\":\"Green Turtles Abu Dabbab Marsa aLam\"},{\"@type\":\"BreadcrumbList\",\"@id\":\"https:\/\/hurghadalovers.com\/sk\/tours\/sukromny-rychlostny-clun-do-delfinskeho-domu-z-hurghady\/#breadcrumb\",\"itemListElement\":[{\"@type\":\"ListItem\",\"position\":1,\"name\":\"Home\",\"item\":\"https:\/\/hurghadalovers.com\/sk\/\"},{\"@type\":\"ListItem\",\"position\":2,\"name\":\"Shop\",\"item\":\"https:\/\/hurghadalovers.com\/shop\/\"},{\"@type\":\"ListItem\",\"position\":3,\"name\":\"S\u00fakromn\u00fd r\u00fdchlolo\u010f do Dolphin House z Hurghady\"}]},{\"@type\":\"WebSite\",\"@id\":\"https:\/\/hurghadalovers.com\/sk\/#website\",\"url\":\"https:\/\/hurghadalovers.com\/sk\/\",\"name\":\"Hurghada Excursions & Day Trips | Booking Best Prices Tours\",\"description\":\"Hurghada Lovers - Best Tour Operator - Excursions &amp; Things to do for Family Day Trips with kids and Couples Romantic. Unique .Hidden gems\",\"publisher\":{\"@id\":\"https:\/\/hurghadalovers.com\/sk\/#organization\"},\"alternateName\":\"Hurghada Excursions\",\"potentialAction\":[{\"@type\":\"SearchAction\",\"target\":{\"@type\":\"EntryPoint\",\"urlTemplate\":\"https:\/\/hurghadalovers.com\/sk\/?s={search_term_string}\"},\"query-input\":{\"@type\":\"PropertyValueSpecification\",\"valueRequired\":true,\"valueName\":\"search_term_string\"}}],\"inLanguage\":\"sk-SK\"},{\"@type\":[\"Organization\",\"Place\",\"TravelAgency\"],\"@id\":\"https:\/\/hurghadalovers.com\/sk\/#organization\",\"name\":\"Hurghada Excursions\",\"url\":\"https:\/\/hurghadalovers.com\/sk\/\",\"logo\":{\"@id\":\"https:\/\/hurghadalovers.com\/sk\/tours\/sukromny-rychlostny-clun-do-delfinskeho-domu-z-hurghady\/#local-main-organization-logo\"},\"image\":{\"@id\":\"https:\/\/hurghadalovers.com\/sk\/tours\/sukromny-rychlostny-clun-do-delfinskeho-domu-z-hurghady\/#local-main-organization-logo\"},\"sameAs\":[\"https:\/\/www.facebook.com\/Hurghadaloversegypt\"],\"address\":{\"@id\":\"https:\/\/hurghadalovers.com\/sk\/tours\/sukromny-rychlostny-clun-do-delfinskeho-domu-z-hurghady\/#local-main-place-address\"},\"telephone\":[\"00201112596434\"],\"contactPoint\":{\"@type\":\"ContactPoint\",\"telephone\":\"00201112596434\",\"email\":\"weyouface@gmail.com\"},\"openingHoursSpecification\":{\"@type\":\"OpeningHoursSpecification\",\"dayOfWeek\":[\"Monday\",\"Tuesday\",\"Wednesday\",\"Thursday\",\"Friday\",\"Saturday\",\"Sunday\"],\"opens\":\"00:00\",\"closes\":\"23:59\"},\"email\":\"weyouface@gmail.com\",\"areaServed\":\"Luxor, Hurghada, El Gouna, Aswan, Sharm El Sheikh, Giza, Alexandria, Marsa Alam, Quseir, Soma Bay, Sahl Hasheesh, Red Sea, Makadi Bay, Cairo\",\"priceRange\":\"$\",\"currenciesAccepted\":\"euro\",\"paymentAccepted\":\"cash on site\"},{\"@type\":\"PostalAddress\",\"@id\":\"https:\/\/hurghadalovers.com\/sk\/tours\/sukromny-rychlostny-clun-do-delfinskeho-domu-z-hurghady\/#local-main-place-address\",\"streetAddress\":\"17 Banks street, Alkawther area, top nbk bank\",\"addressLocality\":\"hurghada\",\"postalCode\":\"84511\",\"addressRegion\":\"red sea\",\"addressCountry\":\"EG\"},{\"@type\":\"ImageObject\",\"inLanguage\":\"sk-SK\",\"@id\":\"https:\/\/hurghadalovers.com\/sk\/tours\/sukromny-rychlostny-clun-do-delfinskeho-domu-z-hurghady\/#local-main-organization-logo\",\"url\":\"https:\/\/hurghadalovers.com\/wp-content\/uploads\/2019\/10\/hurghada-excursions-logo.png\",\"contentUrl\":\"https:\/\/hurghadalovers.com\/wp-content\/uploads\/2019\/10\/hurghada-excursions-logo.png\",\"width\":272,\"height\":90,\"caption\":\"Hurghada Excursions\"}]}<\/script>\n<meta property=\"product:brand\" content=\"Fakultat\u00edvne V\u00fdlety Hurghada\" \/>\n<meta property=\"product:price:amount\" content=\"80\" \/>\n<meta property=\"product:price:currency\" content=\"EUR\" \/>\n<meta property=\"og:availability\" content=\"instock\" \/>\n<meta property=\"product:availability\" content=\"instock\" \/>\n<meta property=\"product:retailer_item_id\" content=\"SpeedBoat9494\" \/>\n<meta property=\"product:condition\" content=\"new\" \/>\n<meta name=\"geo.placename\" content=\"hurghada\" \/>\n<meta name=\"geo.region\" content=\"Egypt\" \/>\n<!-- \/ Yoast SEO Premium plugin. -->","yoast_head_json":{"title":"S\u00fakromn\u00fd r\u00fdchlolo\u010f do Dolphin House z Hurghady","description":"S\u00fakromn\u00fd r\u00fdchlolo\u010f do Dolphin House z Hurghady | Rezerv\u00e1cia 4 hodiny pozorovania delf\u00ednov a pl\u00e1vania s delf\u00ednmi + 2 miesta na \u0161norchlovanie s transferom...","robots":{"index":"index","follow":"follow","max-snippet":"max-snippet:-1","max-image-preview":"max-image-preview:large","max-video-preview":"max-video-preview:-1"},"canonical":"https:\/\/hurghadalovers.com\/sk\/tours\/sukromny-rychlostny-clun-do-delfinskeho-domu-z-hurghady\/","og_locale":"sk_SK","og_type":"article","og_title":"S\u00fakromn\u00fd r\u00fdchlolo\u010f do Dolphin House z Hurghady","og_description":"S\u00fakromn\u00fd r\u00fdchlolo\u010f do Dolphin House z Hurghady | Rezerv\u00e1cia 4 hodiny pozorovania delf\u00ednov a pl\u00e1vania s delf\u00ednmi + 2 miesta na \u0161norchlovanie s transferom...","og_url":"https:\/\/hurghadalovers.com\/sk\/tours\/sukromny-rychlostny-clun-do-delfinskeho-domu-z-hurghady\/","og_site_name":"Hurghada Excursions &amp; Day Trips | Booking Best Prices Tours","article_publisher":"https:\/\/www.facebook.com\/Hurghadaloversegypt","article_modified_time":"2026-02-09T16:58:41+00:00","og_image":[{"width":1111,"height":940,"url":"https:\/\/hurghadalovers.com\/wp-content\/uploads\/2023\/07\/Green-Turtles-Abu-Dabbab-Marsa-aLam.jpg","type":"image\/jpeg"}],"twitter_card":"summary_large_image","twitter_misc":{"Cena":"&euro;&nbsp;80","Dostupnos\u0165":"Na sklade"},"schema":{"@context":"https:\/\/schema.org","@graph":[{"@type":["WebPage","ItemPage"],"@id":"https:\/\/hurghadalovers.com\/sk\/tours\/sukromny-rychlostny-clun-do-delfinskeho-domu-z-hurghady\/","url":"https:\/\/hurghadalovers.com\/sk\/tours\/sukromny-rychlostny-clun-do-delfinskeho-domu-z-hurghady\/","name":"S\u00fakromn\u00fd r\u00fdchlolo\u010f do Dolphin House z Hurghady","isPartOf":{"@id":"https:\/\/hurghadalovers.com\/sk\/#website"},"primaryImageOfPage":{"@id":"https:\/\/hurghadalovers.com\/sk\/tours\/sukromny-rychlostny-clun-do-delfinskeho-domu-z-hurghady\/#primaryimage"},"image":{"@id":"https:\/\/hurghadalovers.com\/sk\/tours\/sukromny-rychlostny-clun-do-delfinskeho-domu-z-hurghady\/#primaryimage"},"thumbnailUrl":"https:\/\/hurghadalovers.com\/wp-content\/uploads\/2023\/07\/Green-Turtles-Abu-Dabbab-Marsa-aLam.jpg","datePublished":"2023-07-16T07:37:24+00:00","dateModified":"2026-02-09T16:58:41+00:00","description":"S\u00fakromn\u00fd r\u00fdchlolo\u010f do Dolphin House z Hurghady | Rezerv\u00e1cia 4 hodiny pozorovania delf\u00ednov a pl\u00e1vania s delf\u00ednmi + 2 miesta na \u0161norchlovanie s transferom...","breadcrumb":{"@id":"https:\/\/hurghadalovers.com\/sk\/tours\/sukromny-rychlostny-clun-do-delfinskeho-domu-z-hurghady\/#breadcrumb"},"inLanguage":"sk-SK","potentialAction":[{"@type":"ReadAction","target":["https:\/\/hurghadalovers.com\/sk\/tours\/sukromny-rychlostny-clun-do-delfinskeho-domu-z-hurghady\/"]}]},{"@type":"ImageObject","inLanguage":"sk-SK","@id":"https:\/\/hurghadalovers.com\/sk\/tours\/sukromny-rychlostny-clun-do-delfinskeho-domu-z-hurghady\/#primaryimage","url":"https:\/\/hurghadalovers.com\/wp-content\/uploads\/2023\/07\/Green-Turtles-Abu-Dabbab-Marsa-aLam.jpg","contentUrl":"https:\/\/hurghadalovers.com\/wp-content\/uploads\/2023\/07\/Green-Turtles-Abu-Dabbab-Marsa-aLam.jpg","width":1111,"height":940,"caption":"Green Turtles Abu Dabbab Marsa aLam"},{"@type":"BreadcrumbList","@id":"https:\/\/hurghadalovers.com\/sk\/tours\/sukromny-rychlostny-clun-do-delfinskeho-domu-z-hurghady\/#breadcrumb","itemListElement":[{"@type":"ListItem","position":1,"name":"Home","item":"https:\/\/hurghadalovers.com\/sk\/"},{"@type":"ListItem","position":2,"name":"Shop","item":"https:\/\/hurghadalovers.com\/shop\/"},{"@type":"ListItem","position":3,"name":"S\u00fakromn\u00fd r\u00fdchlolo\u010f do Dolphin House z Hurghady"}]},{"@type":"WebSite","@id":"https:\/\/hurghadalovers.com\/sk\/#website","url":"https:\/\/hurghadalovers.com\/sk\/","name":"Hurghada Excursions & Day Trips | Booking Best Prices Tours","description":"Hurghada Lovers - Best Tour Operator - Excursions &amp; Things to do for Family Day Trips with kids and Couples Romantic. Unique .Hidden gems","publisher":{"@id":"https:\/\/hurghadalovers.com\/sk\/#organization"},"alternateName":"Hurghada Excursions","potentialAction":[{"@type":"SearchAction","target":{"@type":"EntryPoint","urlTemplate":"https:\/\/hurghadalovers.com\/sk\/?s={search_term_string}"},"query-input":{"@type":"PropertyValueSpecification","valueRequired":true,"valueName":"search_term_string"}}],"inLanguage":"sk-SK"},{"@type":["Organization","Place","TravelAgency"],"@id":"https:\/\/hurghadalovers.com\/sk\/#organization","name":"Hurghada Excursions","url":"https:\/\/hurghadalovers.com\/sk\/","logo":{"@id":"https:\/\/hurghadalovers.com\/sk\/tours\/sukromny-rychlostny-clun-do-delfinskeho-domu-z-hurghady\/#local-main-organization-logo"},"image":{"@id":"https:\/\/hurghadalovers.com\/sk\/tours\/sukromny-rychlostny-clun-do-delfinskeho-domu-z-hurghady\/#local-main-organization-logo"},"sameAs":["https:\/\/www.facebook.com\/Hurghadaloversegypt"],"address":{"@id":"https:\/\/hurghadalovers.com\/sk\/tours\/sukromny-rychlostny-clun-do-delfinskeho-domu-z-hurghady\/#local-main-place-address"},"telephone":["00201112596434"],"contactPoint":{"@type":"ContactPoint","telephone":"00201112596434","email":"weyouface@gmail.com"},"openingHoursSpecification":{"@type":"OpeningHoursSpecification","dayOfWeek":["Monday","Tuesday","Wednesday","Thursday","Friday","Saturday","Sunday"],"opens":"00:00","closes":"23:59"},"email":"weyouface@gmail.com","areaServed":"Luxor, Hurghada, El Gouna, Aswan, Sharm El Sheikh, Giza, Alexandria, Marsa Alam, Quseir, Soma Bay, Sahl Hasheesh, Red Sea, Makadi Bay, Cairo","priceRange":"$","currenciesAccepted":"euro","paymentAccepted":"cash on site"},{"@type":"PostalAddress","@id":"https:\/\/hurghadalovers.com\/sk\/tours\/sukromny-rychlostny-clun-do-delfinskeho-domu-z-hurghady\/#local-main-place-address","streetAddress":"17 Banks street, Alkawther area, top nbk bank","addressLocality":"hurghada","postalCode":"84511","addressRegion":"red sea","addressCountry":"EG"},{"@type":"ImageObject","inLanguage":"sk-SK","@id":"https:\/\/hurghadalovers.com\/sk\/tours\/sukromny-rychlostny-clun-do-delfinskeho-domu-z-hurghady\/#local-main-organization-logo","url":"https:\/\/hurghadalovers.com\/wp-content\/uploads\/2019\/10\/hurghada-excursions-logo.png","contentUrl":"https:\/\/hurghadalovers.com\/wp-content\/uploads\/2019\/10\/hurghada-excursions-logo.png","width":272,"height":90,"caption":"Hurghada Excursions"}]},"product_brand":"Fakultat\u00edvne V\u00fdlety Hurghada","product_price_amount":"80","product_price_currency":"EUR","og_availability":"instock","product_availability":"instock","product_retailer_item_id":"SpeedBoat9494","product_condition":"new","geo.placename":"hurghada","geo.region":"Egypt"},"_links":{"self":[{"href":"https:\/\/hurghadalovers.com\/sk\/wp-json\/wp\/v2\/product\/336792","targetHints":{"allow":["GET"]}}],"collection":[{"href":"https:\/\/hurghadalovers.com\/sk\/wp-json\/wp\/v2\/product"}],"about":[{"href":"https:\/\/hurghadalovers.com\/sk\/wp-json\/wp\/v2\/types\/product"}],"wp:featuredmedia":[{"embeddable":true,"href":"https:\/\/hurghadalovers.com\/sk\/wp-json\/wp\/v2\/media\/995802"}],"wp:attachment":[{"href":"https:\/\/hurghadalovers.com\/sk\/wp-json\/wp\/v2\/media?parent=336792"}],"wp:term":[{"taxonomy":"product_brand","embeddable":true,"href":"https:\/\/hurghadalovers.com\/sk\/wp-json\/wp\/v2\/product_brand?post=336792"},{"taxonomy":"product_cat","embeddable":true,"href":"https:\/\/hurghadalovers.com\/sk\/wp-json\/wp\/v2\/product_cat?post=336792"},{"taxonomy":"product_tag","embeddable":true,"href":"https:\/\/hurghadalovers.com\/sk\/wp-json\/wp\/v2\/product_tag?post=336792"}],"curies":[{"name":"wp","href":"https:\/\/api.w.org\/{rel}","templated":true}]}}