{"id":396873,"date":"2023-09-04T18:13:29","date_gmt":"2023-09-04T18:13:29","guid":{"rendered":"https:\/\/hurghadalovers.com\/shop\/fara-categorie\/excursie-de-snorkeling-pe-insula-orange-bay-din-el-gouna\/"},"modified":"2026-02-07T16:57:21","modified_gmt":"2026-02-07T16:57:21","slug":"orange-bay-island-snorkeling-trip-trip-from-el-gouna","status":"publish","type":"product","link":"https:\/\/hurghadalovers.com\/ro\/tours\/orange-bay-island-snorkeling-trip-trip-from-el-gouna\/","title":{"rendered":"Excursie de snorkeling pe insula Orange Bay din El Gouna"},"content":{"rendered":"<p><strong>Orange Bay Island Snorkeling Trip din <\/strong><strong>El Gouna<\/strong> cu sporturi nautice | al\u0103tura\u021bi-v\u0103 nou\u0103 \u00een excursii de o zi cu barca de top la Beach Giftun Island \u0219i \u00eenot\u00e2nd \u00een cele mai bune locuri de recif de cas\u0103.<\/p>\n<p style=\"text-align: center;\"><span style=\"color: #00ccff;\">Cele mai frumoase El Gouna <strong>Activit\u0103\u021bi de familie<\/strong>, <strong>Lucruri de f\u0103cut cu copiii<\/strong>, seniori, <strong>luna de miere<\/strong> \u0219i <strong>cupluri<\/strong>.<\/span><\/p>\n<p><strong>Puncte de interes:<\/strong><\/p>\n<ul>\n<li>2 Locuri Snorkeling House Reef.<\/li>\n<li>2 ore la Orange Bay Island Beach.<\/li>\n<li>Pr\u00e2nz pe un iaht de lux.<\/li>\n<li>Sporturi nautice &#8222;Banana \u0219i Quattro&#8221;.<\/li>\n<\/ul>\n<p><strong>Orange Bay Island Snorkeling Trip de la <\/strong><strong>El Gouna<\/strong> <strong>Detalii:<\/strong><\/p>\n<ul>\n<li>Disponibilitatea turului: \u00cen fiecare zi.<\/li>\n<li>Tip de tur: Grup.<\/li>\n<li>Ora de preluare: \u00cencep\u00e2nd cu ora 07:30 A.M.<\/li>\n<li>Ora de preluare: 17:00.<\/li>\n<li>Accesibil pentru scaune cu rotile.<\/li>\n<li>Durata: 8 ore.<\/li>\n<\/ul>\n<p><strong>Rezerva\u021bi acum \u0219i pl\u0103ti\u021bi mai t\u00e2rziu:<\/strong><\/p>\n<ul>\n<li>Numerar la fa\u021ba locului pentru a ghida.<\/li>\n<li>Plata prin lire egiptene, $, \u20ac sau \u00a3.<\/li>\n<\/ul>\n<p><strong>Politica de anulare:<\/strong><\/p>\n<ul>\n<li>anula\u021bi cu p\u00e2n\u0103 la 24 de ore \u00een avans.<\/li>\n<li>Atunci c\u00e2nd cineva din familia ta anuleaz\u0103 diminea\u021ba, pl\u0103ti\u021bi 50% din cost.<\/li>\n<\/ul>\n<p><strong>Ce este inclus?<\/strong><\/p>\n<ul>\n<li>Transfer de la hotelurile din El Gouna &#8222;Hotel pick up and drop off&#8221;.<\/li>\n<li>Toate taxele, taxele de intrare \u0219i taxele de manipulare.<\/li>\n<li>Ghid turistic.<\/li>\n<li>Ap\u0103 mineral\u0103 + Cola + Lapte + Cafea\/Tei.<\/li>\n<li>2 locuri de snorkeling<\/li>\n<li>Sporturi nautice &#8222;Banana, Canapea cu barca&#8221;.<\/li>\n<li>Echipament de snorkeling &#8222;M\u0103\u0219ti \u0219i aripioare de \u00eenot&#8221;.<\/li>\n<li>2 ore la <strong>Orange Bay Island<\/strong> <strong>Beach<\/strong>.<\/li>\n<li>pr\u00e2nz tip bufet pe barc\u0103.<\/li>\n<li>Veste de salvare.<\/li>\n<\/ul>\n<p><strong>Excluderi?<\/strong><\/p>\n<ul>\n<li>Bac\u0219i\u0219uri.<\/li>\n<li>B\u0103uturi \u00een Orange Bay Restaurant Island.<\/li>\n<li>Fotografie \u0219i fotografii pentru c\u0103l\u0103torie.<\/li>\n<li>Oferim costume de baie \u0219i costume de baie de \u00eenchiriat pentru femei, b\u0103rba\u021bi, copii toate Dimensiune &#8221; 5$ pe unul&#8221;.<\/li>\n<li>Orice extras care nu este men\u021bionat.<\/li>\n<\/ul>\n<p><strong>Pre\u021buri:<\/strong><\/p>\n<ul>\n<li><strong>Pre\u021b pentru adul\u021bi = 35$ pe persoan\u0103<\/strong>.<\/li>\n<li>Pre\u021bul pentru copii &#8222;5-12\u2033= 50%.<\/li>\n<li>pentru copii &#8222;0-5&#8221; = gratuit.<\/li>\n<\/ul>\n<p><strong>Recenzii:<\/strong><\/p>\n<p>verifica\u021bi recenziile noastre Google Map ca cel mai bun <a href=\"https:\/\/g.page\/r\/CUeYvkngP3wkEBM\/review\">operator de<\/a> turism <a href=\"https:\/\/g.page\/r\/CUeYvkngP3wkEBM\/review\">\u00een<\/a> <a href=\"https:\/\/hurghadalovers.com\/\">Hurghada<\/a> online \u00een <a href=\"https:\/\/hurghadalovers.com\/\">Hurghada<\/a> Egipt.<\/p>\n<p>&nbsp;<\/p>\n<p><strong>Rezervare:<\/strong><\/p>\n<p>Trimite\u021bi hotelul + num\u0103rul camerei + pa\u0219apoartele cu fotografie la WhatsApp: <strong>+201112596434<\/strong><\/p>\n<p>If you out Egypt Booking now online and confirm when arrival Hotel.<\/p>\n<p>&nbsp;<\/p>\n<p>&nbsp;<\/p>\n","protected":false},"excerpt":{"rendered":"<p><strong>Orange Bay Island Snorkeling Trip din <\/strong><strong>El Gouna<\/strong> cu sporturi nautice | al\u0103tura\u021bi-v\u0103 nou\u0103 \u00een excursii de o zi cu barca de top la Beach Giftun Island \u0219i \u00eenot\u00e2nd \u00een cele mai bune locuri de recif de cas\u0103.<\/p>\n","protected":false},"featured_media":396562,"template":"","meta":{"_joinchat":[]},"product_brand":[],"product_cat":[29873],"product_tag":[],"class_list":{"0":"post-396873","1":"product","2":"type-product","3":"status-publish","4":"has-post-thumbnail","6":"product_cat-tours-romanian","7":"tour_category-excursii-snorkeling-din-el-gouna","8":"tour_category-lucruri-de-facut-in-el-gouna","10":"first","11":"instock","12":"sale","13":"shipping-taxable","14":"purchasable","15":"product-type-tour"},"yoast_head":"<!-- This site is optimized with the Yoast SEO Premium plugin v26.9 (Yoast SEO v27.2) - https:\/\/yoast.com\/product\/yoast-seo-premium-wordpress\/ -->\n<title>Excursie de snorkeling pe insula Orange Bay din El Gouna<\/title>\n<meta name=\"description\" content=\"Orange Bay Island Snorkeling Trip din El Gouna cu sporturi nautice | al\u0103tura\u021bi-v\u0103 nou\u0103 \u00een excursii de o zi cu barca de top la Beach Giftun Island \u0219i \u00eenot\u00e2nd \u00een cel mai bun recif de cas\u0103.\" \/>\n<meta name=\"robots\" content=\"index, follow, max-snippet:-1, max-image-preview:large, max-video-preview:-1\" \/>\n<link rel=\"canonical\" href=\"https:\/\/hurghadalovers.com\/ro\/tours\/orange-bay-island-snorkeling-trip-trip-from-el-gouna\/\" \/>\n<meta property=\"og:locale\" content=\"ro_RO\" \/>\n<meta property=\"og:type\" content=\"article\" \/>\n<meta property=\"og:title\" content=\"Excursie de snorkeling pe insula Orange Bay din El Gouna\" \/>\n<meta property=\"og:description\" content=\"Orange Bay Island Snorkeling Trip din El Gouna cu sporturi nautice | al\u0103tura\u021bi-v\u0103 nou\u0103 \u00een excursii de o zi cu barca de top la Beach Giftun Island \u0219i \u00eenot\u00e2nd \u00een cel mai bun recif de cas\u0103.\" \/>\n<meta property=\"og:url\" content=\"https:\/\/hurghadalovers.com\/ro\/tours\/orange-bay-island-snorkeling-trip-trip-from-el-gouna\/\" \/>\n<meta property=\"og:site_name\" content=\"Hurghada Excursions &amp; Day Trips | Booking Best Prices Tours\" \/>\n<meta property=\"article:publisher\" content=\"https:\/\/www.facebook.com\/Hurghadaloversegypt\" \/>\n<meta property=\"article:modified_time\" content=\"2026-02-07T16:57:21+00:00\" \/>\n<meta property=\"og:image\" content=\"https:\/\/hurghadalovers.com\/wp-content\/uploads\/2023\/09\/Orange-bay-Island-Snorkeling-Trip-from-El-Gouna.jpeg\" \/>\n\t<meta property=\"og:image:width\" content=\"1156\" \/>\n\t<meta property=\"og:image:height\" content=\"867\" \/>\n\t<meta property=\"og:image:type\" content=\"image\/jpeg\" \/>\n<meta name=\"twitter:card\" content=\"summary_large_image\" \/>\n<meta name=\"twitter:label1\" content=\"Pre\u021b\" \/>\n\t<meta name=\"twitter:data1\" content=\"&euro;&nbsp;40\" \/>\n\t<meta name=\"twitter:label2\" content=\"Disponibilitate\" \/>\n\t<meta name=\"twitter:data2\" content=\"\u00cen stoc\" \/>\n<script type=\"application\/ld+json\" class=\"yoast-schema-graph\">{\"@context\":\"https:\/\/schema.org\",\"@graph\":[{\"@type\":[\"WebPage\",\"ItemPage\"],\"@id\":\"https:\/\/hurghadalovers.com\/ro\/tours\/orange-bay-island-snorkeling-trip-trip-from-el-gouna\/\",\"url\":\"https:\/\/hurghadalovers.com\/ro\/tours\/orange-bay-island-snorkeling-trip-trip-from-el-gouna\/\",\"name\":\"Excursie de snorkeling pe insula Orange Bay din El Gouna\",\"isPartOf\":{\"@id\":\"https:\/\/hurghadalovers.com\/ro\/#website\"},\"primaryImageOfPage\":{\"@id\":\"https:\/\/hurghadalovers.com\/ro\/tours\/orange-bay-island-snorkeling-trip-trip-from-el-gouna\/#primaryimage\"},\"image\":{\"@id\":\"https:\/\/hurghadalovers.com\/ro\/tours\/orange-bay-island-snorkeling-trip-trip-from-el-gouna\/#primaryimage\"},\"thumbnailUrl\":\"https:\/\/hurghadalovers.com\/wp-content\/uploads\/2023\/09\/Orange-bay-Island-Snorkeling-Trip-from-El-Gouna.jpeg\",\"datePublished\":\"2023-09-04T18:13:29+00:00\",\"dateModified\":\"2026-02-07T16:57:21+00:00\",\"description\":\"Orange Bay Island Snorkeling Trip din El Gouna cu sporturi nautice | al\u0103tura\u021bi-v\u0103 nou\u0103 \u00een excursii de o zi cu barca de top la Beach Giftun Island \u0219i \u00eenot\u00e2nd \u00een cel mai bun recif de cas\u0103.\",\"breadcrumb\":{\"@id\":\"https:\/\/hurghadalovers.com\/ro\/tours\/orange-bay-island-snorkeling-trip-trip-from-el-gouna\/#breadcrumb\"},\"inLanguage\":\"ro-RO\",\"potentialAction\":[{\"@type\":\"ReadAction\",\"target\":[\"https:\/\/hurghadalovers.com\/ro\/tours\/orange-bay-island-snorkeling-trip-trip-from-el-gouna\/\"]}]},{\"@type\":\"ImageObject\",\"inLanguage\":\"ro-RO\",\"@id\":\"https:\/\/hurghadalovers.com\/ro\/tours\/orange-bay-island-snorkeling-trip-trip-from-el-gouna\/#primaryimage\",\"url\":\"https:\/\/hurghadalovers.com\/wp-content\/uploads\/2023\/09\/Orange-bay-Island-Snorkeling-Trip-from-El-Gouna.jpeg\",\"contentUrl\":\"https:\/\/hurghadalovers.com\/wp-content\/uploads\/2023\/09\/Orange-bay-Island-Snorkeling-Trip-from-El-Gouna.jpeg\",\"width\":1156,\"height\":867,\"caption\":\"Excursie de snorkeling pe insula Orange Bay din El Gouna\"},{\"@type\":\"BreadcrumbList\",\"@id\":\"https:\/\/hurghadalovers.com\/ro\/tours\/orange-bay-island-snorkeling-trip-trip-from-el-gouna\/#breadcrumb\",\"itemListElement\":[{\"@type\":\"ListItem\",\"position\":1,\"name\":\"Home\",\"item\":\"https:\/\/hurghadalovers.com\/ro\/\"},{\"@type\":\"ListItem\",\"position\":2,\"name\":\"Shop\",\"item\":\"https:\/\/hurghadalovers.com\/shop\/\"},{\"@type\":\"ListItem\",\"position\":3,\"name\":\"Excursie de snorkeling pe insula Orange Bay din El Gouna\"}]},{\"@type\":\"WebSite\",\"@id\":\"https:\/\/hurghadalovers.com\/ro\/#website\",\"url\":\"https:\/\/hurghadalovers.com\/ro\/\",\"name\":\"Hurghada Excursions & Day Trips | Booking Best Prices Tours\",\"description\":\"Hurghada Lovers - Best Tour Operator - Excursions &amp; Things to do for Family Day Trips with kids and Couples Romantic. Unique .Hidden gems\",\"publisher\":{\"@id\":\"https:\/\/hurghadalovers.com\/ro\/#organization\"},\"alternateName\":\"Hurghada Excursions\",\"potentialAction\":[{\"@type\":\"SearchAction\",\"target\":{\"@type\":\"EntryPoint\",\"urlTemplate\":\"https:\/\/hurghadalovers.com\/ro\/?s={search_term_string}\"},\"query-input\":{\"@type\":\"PropertyValueSpecification\",\"valueRequired\":true,\"valueName\":\"search_term_string\"}}],\"inLanguage\":\"ro-RO\"},{\"@type\":[\"Organization\",\"Place\",\"TravelAgency\"],\"@id\":\"https:\/\/hurghadalovers.com\/ro\/#organization\",\"name\":\"Hurghada Excursions\",\"url\":\"https:\/\/hurghadalovers.com\/ro\/\",\"logo\":{\"@id\":\"https:\/\/hurghadalovers.com\/ro\/tours\/orange-bay-island-snorkeling-trip-trip-from-el-gouna\/#local-main-organization-logo\"},\"image\":{\"@id\":\"https:\/\/hurghadalovers.com\/ro\/tours\/orange-bay-island-snorkeling-trip-trip-from-el-gouna\/#local-main-organization-logo\"},\"sameAs\":[\"https:\/\/www.facebook.com\/Hurghadaloversegypt\"],\"address\":{\"@id\":\"https:\/\/hurghadalovers.com\/ro\/tours\/orange-bay-island-snorkeling-trip-trip-from-el-gouna\/#local-main-place-address\"},\"telephone\":[\"00201112596434\"],\"contactPoint\":{\"@type\":\"ContactPoint\",\"telephone\":\"00201112596434\",\"email\":\"weyouface@gmail.com\"},\"openingHoursSpecification\":{\"@type\":\"OpeningHoursSpecification\",\"dayOfWeek\":[\"Monday\",\"Tuesday\",\"Wednesday\",\"Thursday\",\"Friday\",\"Saturday\",\"Sunday\"],\"opens\":\"00:00\",\"closes\":\"23:59\"},\"email\":\"weyouface@gmail.com\",\"areaServed\":\"Luxor, Hurghada, El Gouna, Aswan, Sharm El Sheikh, Giza, Alexandria, Marsa Alam, Quseir, Soma Bay, Sahl Hasheesh, Red Sea, Makadi Bay, Cairo\",\"priceRange\":\"$\",\"currenciesAccepted\":\"euro\",\"paymentAccepted\":\"cash on site\"},{\"@type\":\"PostalAddress\",\"@id\":\"https:\/\/hurghadalovers.com\/ro\/tours\/orange-bay-island-snorkeling-trip-trip-from-el-gouna\/#local-main-place-address\",\"streetAddress\":\"17 Banks street, Alkawther area, top nbk bank\",\"addressLocality\":\"hurghada\",\"postalCode\":\"84511\",\"addressRegion\":\"red sea\",\"addressCountry\":\"EG\"},{\"@type\":\"ImageObject\",\"inLanguage\":\"ro-RO\",\"@id\":\"https:\/\/hurghadalovers.com\/ro\/tours\/orange-bay-island-snorkeling-trip-trip-from-el-gouna\/#local-main-organization-logo\",\"url\":\"https:\/\/hurghadalovers.com\/wp-content\/uploads\/2019\/10\/hurghada-excursions-logo.png\",\"contentUrl\":\"https:\/\/hurghadalovers.com\/wp-content\/uploads\/2019\/10\/hurghada-excursions-logo.png\",\"width\":272,\"height\":90,\"caption\":\"Hurghada Excursions\"}]}<\/script>\n<meta property=\"product:brand\" content=\"Excursii de Snorkeling de la El Gouna\" \/>\n<meta property=\"product:price:amount\" content=\"40\" \/>\n<meta property=\"product:price:currency\" content=\"EUR\" \/>\n<meta property=\"og:availability\" content=\"instock\" \/>\n<meta property=\"product:availability\" content=\"instock\" \/>\n<meta property=\"product:retailer_item_id\" content=\"Gouna0132024\" \/>\n<meta property=\"product:condition\" content=\"new\" \/>\n<meta name=\"geo.placename\" content=\"hurghada\" \/>\n<meta name=\"geo.region\" content=\"Egipt\" \/>\n<!-- \/ Yoast SEO Premium plugin. -->","yoast_head_json":{"title":"Excursie de snorkeling pe insula Orange Bay din El Gouna","description":"Orange Bay Island Snorkeling Trip din El Gouna cu sporturi nautice | al\u0103tura\u021bi-v\u0103 nou\u0103 \u00een excursii de o zi cu barca de top la Beach Giftun Island \u0219i \u00eenot\u00e2nd \u00een cel mai bun recif de cas\u0103.","robots":{"index":"index","follow":"follow","max-snippet":"max-snippet:-1","max-image-preview":"max-image-preview:large","max-video-preview":"max-video-preview:-1"},"canonical":"https:\/\/hurghadalovers.com\/ro\/tours\/orange-bay-island-snorkeling-trip-trip-from-el-gouna\/","og_locale":"ro_RO","og_type":"article","og_title":"Excursie de snorkeling pe insula Orange Bay din El Gouna","og_description":"Orange Bay Island Snorkeling Trip din El Gouna cu sporturi nautice | al\u0103tura\u021bi-v\u0103 nou\u0103 \u00een excursii de o zi cu barca de top la Beach Giftun Island \u0219i \u00eenot\u00e2nd \u00een cel mai bun recif de cas\u0103.","og_url":"https:\/\/hurghadalovers.com\/ro\/tours\/orange-bay-island-snorkeling-trip-trip-from-el-gouna\/","og_site_name":"Hurghada Excursions &amp; Day Trips | Booking Best Prices Tours","article_publisher":"https:\/\/www.facebook.com\/Hurghadaloversegypt","article_modified_time":"2026-02-07T16:57:21+00:00","og_image":[{"width":1156,"height":867,"url":"https:\/\/hurghadalovers.com\/wp-content\/uploads\/2023\/09\/Orange-bay-Island-Snorkeling-Trip-from-El-Gouna.jpeg","type":"image\/jpeg"}],"twitter_card":"summary_large_image","twitter_misc":{"Pre\u021b":"&euro;&nbsp;40","Disponibilitate":"\u00cen stoc"},"schema":{"@context":"https:\/\/schema.org","@graph":[{"@type":["WebPage","ItemPage"],"@id":"https:\/\/hurghadalovers.com\/ro\/tours\/orange-bay-island-snorkeling-trip-trip-from-el-gouna\/","url":"https:\/\/hurghadalovers.com\/ro\/tours\/orange-bay-island-snorkeling-trip-trip-from-el-gouna\/","name":"Excursie de snorkeling pe insula Orange Bay din El Gouna","isPartOf":{"@id":"https:\/\/hurghadalovers.com\/ro\/#website"},"primaryImageOfPage":{"@id":"https:\/\/hurghadalovers.com\/ro\/tours\/orange-bay-island-snorkeling-trip-trip-from-el-gouna\/#primaryimage"},"image":{"@id":"https:\/\/hurghadalovers.com\/ro\/tours\/orange-bay-island-snorkeling-trip-trip-from-el-gouna\/#primaryimage"},"thumbnailUrl":"https:\/\/hurghadalovers.com\/wp-content\/uploads\/2023\/09\/Orange-bay-Island-Snorkeling-Trip-from-El-Gouna.jpeg","datePublished":"2023-09-04T18:13:29+00:00","dateModified":"2026-02-07T16:57:21+00:00","description":"Orange Bay Island Snorkeling Trip din El Gouna cu sporturi nautice | al\u0103tura\u021bi-v\u0103 nou\u0103 \u00een excursii de o zi cu barca de top la Beach Giftun Island \u0219i \u00eenot\u00e2nd \u00een cel mai bun recif de cas\u0103.","breadcrumb":{"@id":"https:\/\/hurghadalovers.com\/ro\/tours\/orange-bay-island-snorkeling-trip-trip-from-el-gouna\/#breadcrumb"},"inLanguage":"ro-RO","potentialAction":[{"@type":"ReadAction","target":["https:\/\/hurghadalovers.com\/ro\/tours\/orange-bay-island-snorkeling-trip-trip-from-el-gouna\/"]}]},{"@type":"ImageObject","inLanguage":"ro-RO","@id":"https:\/\/hurghadalovers.com\/ro\/tours\/orange-bay-island-snorkeling-trip-trip-from-el-gouna\/#primaryimage","url":"https:\/\/hurghadalovers.com\/wp-content\/uploads\/2023\/09\/Orange-bay-Island-Snorkeling-Trip-from-El-Gouna.jpeg","contentUrl":"https:\/\/hurghadalovers.com\/wp-content\/uploads\/2023\/09\/Orange-bay-Island-Snorkeling-Trip-from-El-Gouna.jpeg","width":1156,"height":867,"caption":"Excursie de snorkeling pe insula Orange Bay din El Gouna"},{"@type":"BreadcrumbList","@id":"https:\/\/hurghadalovers.com\/ro\/tours\/orange-bay-island-snorkeling-trip-trip-from-el-gouna\/#breadcrumb","itemListElement":[{"@type":"ListItem","position":1,"name":"Home","item":"https:\/\/hurghadalovers.com\/ro\/"},{"@type":"ListItem","position":2,"name":"Shop","item":"https:\/\/hurghadalovers.com\/shop\/"},{"@type":"ListItem","position":3,"name":"Excursie de snorkeling pe insula Orange Bay din El Gouna"}]},{"@type":"WebSite","@id":"https:\/\/hurghadalovers.com\/ro\/#website","url":"https:\/\/hurghadalovers.com\/ro\/","name":"Hurghada Excursions & Day Trips | Booking Best Prices Tours","description":"Hurghada Lovers - Best Tour Operator - Excursions &amp; Things to do for Family Day Trips with kids and Couples Romantic. Unique .Hidden gems","publisher":{"@id":"https:\/\/hurghadalovers.com\/ro\/#organization"},"alternateName":"Hurghada Excursions","potentialAction":[{"@type":"SearchAction","target":{"@type":"EntryPoint","urlTemplate":"https:\/\/hurghadalovers.com\/ro\/?s={search_term_string}"},"query-input":{"@type":"PropertyValueSpecification","valueRequired":true,"valueName":"search_term_string"}}],"inLanguage":"ro-RO"},{"@type":["Organization","Place","TravelAgency"],"@id":"https:\/\/hurghadalovers.com\/ro\/#organization","name":"Hurghada Excursions","url":"https:\/\/hurghadalovers.com\/ro\/","logo":{"@id":"https:\/\/hurghadalovers.com\/ro\/tours\/orange-bay-island-snorkeling-trip-trip-from-el-gouna\/#local-main-organization-logo"},"image":{"@id":"https:\/\/hurghadalovers.com\/ro\/tours\/orange-bay-island-snorkeling-trip-trip-from-el-gouna\/#local-main-organization-logo"},"sameAs":["https:\/\/www.facebook.com\/Hurghadaloversegypt"],"address":{"@id":"https:\/\/hurghadalovers.com\/ro\/tours\/orange-bay-island-snorkeling-trip-trip-from-el-gouna\/#local-main-place-address"},"telephone":["00201112596434"],"contactPoint":{"@type":"ContactPoint","telephone":"00201112596434","email":"weyouface@gmail.com"},"openingHoursSpecification":{"@type":"OpeningHoursSpecification","dayOfWeek":["Monday","Tuesday","Wednesday","Thursday","Friday","Saturday","Sunday"],"opens":"00:00","closes":"23:59"},"email":"weyouface@gmail.com","areaServed":"Luxor, Hurghada, El Gouna, Aswan, Sharm El Sheikh, Giza, Alexandria, Marsa Alam, Quseir, Soma Bay, Sahl Hasheesh, Red Sea, Makadi Bay, Cairo","priceRange":"$","currenciesAccepted":"euro","paymentAccepted":"cash on site"},{"@type":"PostalAddress","@id":"https:\/\/hurghadalovers.com\/ro\/tours\/orange-bay-island-snorkeling-trip-trip-from-el-gouna\/#local-main-place-address","streetAddress":"17 Banks street, Alkawther area, top nbk bank","addressLocality":"hurghada","postalCode":"84511","addressRegion":"red sea","addressCountry":"EG"},{"@type":"ImageObject","inLanguage":"ro-RO","@id":"https:\/\/hurghadalovers.com\/ro\/tours\/orange-bay-island-snorkeling-trip-trip-from-el-gouna\/#local-main-organization-logo","url":"https:\/\/hurghadalovers.com\/wp-content\/uploads\/2019\/10\/hurghada-excursions-logo.png","contentUrl":"https:\/\/hurghadalovers.com\/wp-content\/uploads\/2019\/10\/hurghada-excursions-logo.png","width":272,"height":90,"caption":"Hurghada Excursions"}]},"product_brand":"Excursii de Snorkeling de la El Gouna","product_price_amount":"40","product_price_currency":"EUR","og_availability":"instock","product_availability":"instock","product_retailer_item_id":"Gouna0132024","product_condition":"new","geo.placename":"hurghada","geo.region":"Egipt"},"_links":{"self":[{"href":"https:\/\/hurghadalovers.com\/ro\/wp-json\/wp\/v2\/product\/396873","targetHints":{"allow":["GET"]}}],"collection":[{"href":"https:\/\/hurghadalovers.com\/ro\/wp-json\/wp\/v2\/product"}],"about":[{"href":"https:\/\/hurghadalovers.com\/ro\/wp-json\/wp\/v2\/types\/product"}],"wp:featuredmedia":[{"embeddable":true,"href":"https:\/\/hurghadalovers.com\/ro\/wp-json\/wp\/v2\/media\/396562"}],"wp:attachment":[{"href":"https:\/\/hurghadalovers.com\/ro\/wp-json\/wp\/v2\/media?parent=396873"}],"wp:term":[{"taxonomy":"product_brand","embeddable":true,"href":"https:\/\/hurghadalovers.com\/ro\/wp-json\/wp\/v2\/product_brand?post=396873"},{"taxonomy":"product_cat","embeddable":true,"href":"https:\/\/hurghadalovers.com\/ro\/wp-json\/wp\/v2\/product_cat?post=396873"},{"taxonomy":"product_tag","embeddable":true,"href":"https:\/\/hurghadalovers.com\/ro\/wp-json\/wp\/v2\/product_tag?post=396873"}],"curies":[{"name":"wp","href":"https:\/\/api.w.org\/{rel}","templated":true}]}}