{"id":392245,"date":"2023-09-01T20:45:58","date_gmt":"2023-09-01T20:49:10","guid":{"rendered":"https:\/\/hurghadalovers.com\/shop\/fara-categorie\/excursie-de-dimineata-cu-jeep-safari-din-sahl-hasheesh\/"},"modified":"2026-02-09T22:16:28","modified_gmt":"2026-02-09T22:16:28","slug":"dimineata-jeep-safari-trip-trip-from-sahl-hasheesh","status":"publish","type":"product","link":"https:\/\/hurghadalovers.com\/ro\/tours\/dimineata-jeep-safari-trip-trip-from-sahl-hasheesh\/","title":{"rendered":"Excursie de diminea\u021b\u0103 cu Jeep Safari din Sahl Hasheesh"},"content":{"rendered":"<p><strong>Diminea\u021ba Jeep Safari Trip de la <\/strong><strong>Sahl Hasheesh<\/strong> cu ATV Quad Bike, Spider Car \u0219i 4\u00d74 Car la satul beduin cu plimbare cu c\u0103mila \u0219i multe altele.<\/p>\n<p style=\"text-align: center;\"><span style=\"color: #993300;\">Cele mai bune lucruri de f\u0103cut \u00een Sahl Hasheesh pentru <strong>familii cu copii<\/strong>, <strong>seniori<\/strong> \u0219i <strong>romantici<\/strong> \u0219i <strong>cupluri \u00een luna de miere<\/strong><\/span><\/p>\n<p>&nbsp;<\/p>\n<p><strong>Puncte de interes:<\/strong><\/p>\n<ol>\n<li>4\u00d74 Jeep Car.<\/li>\n<li>Plimbare cu Quad Bike.<\/li>\n<li>Ma\u0219in\u0103 Spider.<\/li>\n<li>Plimbare cu c\u0103mila.<\/li>\n<li>Sat beduin.<\/li>\n<\/ol>\n<p><strong>Detalii:<\/strong><\/p>\n<ul>\n<li>Disponibilitatea turului: \u00cen fiecare zi.<\/li>\n<li>Tip de tur: Grup.<\/li>\n<li>Ora de preluare: \u00cencep\u00e2nd cu ora 07:30 A.M.<\/li>\n<li>Ora de preluare: 14:00.<\/li>\n<li>Durata: 5 ore.<\/li>\n<\/ul>\n<p><strong>Rezerva\u021bi acum \u0219i pl\u0103ti\u021bi mai t\u00e2rziu:<\/strong><\/p>\n<ul>\n<li>Numerar la fa\u021ba locului pentru a ghida.<\/li>\n<li>Plata prin lire egiptene, $, \u20ac sau \u00a3.<\/li>\n<\/ul>\n<p><strong>Politica de anulare:<\/strong><\/p>\n<ul>\n<li>anula\u021bi cu p\u00e2n\u0103 la 24 de ore \u00een avans.<\/li>\n<li>Atunci c\u00e2nd cineva din familia ta anuleaz\u0103 diminea\u021ba, pl\u0103ti\u021bi 50% din cost.<\/li>\n<\/ul>\n<p><strong>Ce este inclus?<\/strong><\/p>\n<ul>\n<li>Transfer de la Sahl Hasheesh Hotels &#8222;Hotel pick up and drop off&#8221;.<\/li>\n<li>Toate taxele, taxele de intrare \u0219i taxele de manipulare.<\/li>\n<li>Transferuri.<\/li>\n<li>Ghid turistic.<\/li>\n<li>Casc\u0103.<\/li>\n<\/ul>\n<p><strong>Excluderi?<\/strong><\/p>\n<ul>\n<li>E\u0219arf\u0103<\/li>\n<li>Ochelari de protec\u021bie<\/li>\n<li>Bac\u0219i\u0219uri.<\/li>\n<li>Fotografie pentru c\u0103l\u0103torie.<\/li>\n<li>Orice extras care nu este men\u021bionat.<\/li>\n<\/ul>\n<p><strong>Pre\u021buri:<\/strong><\/p>\n<ul>\n<li><strong>Pre\u021b pentru adul\u021bi = 30$ pe persoan\u0103<\/strong>.<\/li>\n<li>Pre\u021bul pentru copii &#8222;5-12\u2033= 50%.<\/li>\n<li>pentru copii &#8222;0-5&#8221; = gratuit.<\/li>\n<\/ul>\n<p><strong>Recenzii:<\/strong><\/p>\n<p>verifica\u021bi recenziile noastre Google Map ca cel mai bun <a href=\"https:\/\/g.page\/r\/CUeYvkngP3wkEBM\/review\">operator de<\/a> turism <a href=\"https:\/\/g.page\/r\/CUeYvkngP3wkEBM\/review\">\u00een<\/a> <a href=\"https:\/\/hurghadalovers.com\/\">Hurghada<\/a> online \u00een <a href=\"https:\/\/hurghadalovers.com\/\">Hurghada<\/a> Egipt.<\/p>\n<p><strong>Rezervare:<\/strong><\/p>\n<p>Trimite\u021bi hotelul + num\u0103rul camerei + pa\u0219apoartele cu fotografie la WhatsApp: <strong>+201112596434<\/strong><\/p>\n<p>If you out Egypt Booking now online and confirm when arrival Hotel.<\/p>\n<p>&nbsp;<\/p>\n<p>&nbsp;<\/p>\n","protected":false},"excerpt":{"rendered":"<p><strong>Diminea\u021ba Jeep Safari Trip de la <\/strong><strong>Sahl Hasheesh<\/strong> cu ATV Quad Bike, Spider Car \u0219i 4\u00d74 Car la satul beduin cu plimbare cu c\u0103mila \u0219i multe altele.<\/p>\n<p style=\"text-align: center;\"><span style=\"color: #993300;\">Cele mai bune lucruri de f\u0103cut \u00een Sahl Hasheesh pentru <strong>familii cu copii<\/strong><\/span><\/p>\n","protected":false},"featured_media":392174,"template":"","meta":{"_joinchat":[]},"product_brand":[],"product_cat":[29873],"product_tag":[49699,49694,49728,49736,49679,49689,53226,49684,52936,49724,49715,49721,49732,49719,49740,53232,52975],"class_list":{"0":"post-392245","1":"product","2":"type-product","3":"status-publish","4":"has-post-thumbnail","6":"product_cat-tours-romanian","7":"product_tag-activitati-de-interior-pentru-cupluri-sahl-hasheesh","8":"product_tag-activitati-romantice-pentru-cupluri-in-sahl-hasheesh","9":"product_tag-atv-sahl-hasheesh-ro","10":"product_tag-calarire-cu-camila-sahl-hasheesh","11":"product_tag-excursii-de-o-zi-din-sahl-hasheesh","12":"product_tag-excursii-de-o-zi-din-sahl-hasheesh-ro","13":"product_tag-jeep-safari-sahl-hasheesh-ro","14":"product_tag-locuri-de-vizitat-in-sahl-hasheesh","15":"product_tag-locuri-distractive-de-vizitat-cu-familia-din-sahl-hasheesh","16":"product_tag-quad-biking-sahl-hasheesh-ro","17":"product_tag-safari-in-desert-sahl-hasheesh","18":"product_tag-safari-sahara-sahl-hasheesh-ro","19":"product_tag-safari-tur-sahl-hasheesh","20":"product_tag-sahl-hasheesh-buggy-safari-ro","21":"product_tag-satul-beduin-sahl-hasheesh","22":"product_tag-super-safari-sahl-hasheesh-ro","23":"product_tag-zile-de-familie-in-sahl-hasheesh","24":"tour_category-lucruri-de-facut-in-sahl-hasheesh","25":"tour_category-excursii-sahl-hasheesh-safari-in-desert","27":"first","28":"instock","29":"sale","30":"shipping-taxable","31":"purchasable","32":"product-type-tour"},"yoast_head":"<!-- This site is optimized with the Yoast SEO Premium plugin v26.9 (Yoast SEO v27.2) - https:\/\/yoast.com\/product\/yoast-seo-premium-wordpress\/ -->\n<title>Excursie de diminea\u021b\u0103 cu Jeep Safari din Sahl Hasheesh<\/title>\n<meta name=\"description\" content=\"Diminea\u021ba Jeep Safari Trip de la Sahl Hasheesh cu ATV Quad Bike, Spider Car \u0219i 4\u00d74 Car la satul beduin cu plimbare cu c\u0103mila \u0219i multe altele. Cele mai bune lucruri de f\u0103cut\" \/>\n<meta name=\"robots\" content=\"index, follow, max-snippet:-1, max-image-preview:large, max-video-preview:-1\" \/>\n<link rel=\"canonical\" href=\"https:\/\/hurghadalovers.com\/ro\/tours\/dimineata-jeep-safari-trip-trip-from-sahl-hasheesh\/\" \/>\n<meta property=\"og:locale\" content=\"ro_RO\" \/>\n<meta property=\"og:type\" content=\"article\" \/>\n<meta property=\"og:title\" content=\"Excursie de diminea\u021b\u0103 cu Jeep Safari din Sahl Hasheesh\" \/>\n<meta property=\"og:description\" content=\"Diminea\u021ba Jeep Safari Trip de la Sahl Hasheesh cu ATV Quad Bike, Spider Car \u0219i 4\u00d74 Car la satul beduin cu plimbare cu c\u0103mila \u0219i multe altele. Cele mai bune lucruri de f\u0103cut\" \/>\n<meta property=\"og:url\" content=\"https:\/\/hurghadalovers.com\/ro\/tours\/dimineata-jeep-safari-trip-trip-from-sahl-hasheesh\/\" \/>\n<meta property=\"og:site_name\" content=\"Hurghada Excursions &amp; Day Trips | Booking Best Prices Tours\" \/>\n<meta property=\"article:publisher\" content=\"https:\/\/www.facebook.com\/Hurghadaloversegypt\" \/>\n<meta property=\"article:modified_time\" content=\"2026-02-09T22:16:28+00:00\" \/>\n<meta property=\"og:image\" content=\"https:\/\/hurghadalovers.com\/wp-content\/uploads\/2023\/09\/Morning-Buggy-Tour-from-Makadi-Bay.jpeg\" \/>\n\t<meta property=\"og:image:width\" content=\"1156\" \/>\n\t<meta property=\"og:image:height\" content=\"867\" \/>\n\t<meta property=\"og:image:type\" content=\"image\/jpeg\" \/>\n<meta name=\"twitter:card\" content=\"summary_large_image\" \/>\n<meta name=\"twitter:label1\" content=\"Pre\u021b\" \/>\n\t<meta name=\"twitter:data1\" content=\"&euro;&nbsp;30\" \/>\n\t<meta name=\"twitter:label2\" content=\"Disponibilitate\" \/>\n\t<meta name=\"twitter:data2\" content=\"\u00cen stoc\" \/>\n<script type=\"application\/ld+json\" class=\"yoast-schema-graph\">{\"@context\":\"https:\/\/schema.org\",\"@graph\":[{\"@type\":[\"WebPage\",\"ItemPage\"],\"@id\":\"https:\/\/hurghadalovers.com\/ro\/tours\/dimineata-jeep-safari-trip-trip-from-sahl-hasheesh\/\",\"url\":\"https:\/\/hurghadalovers.com\/ro\/tours\/dimineata-jeep-safari-trip-trip-from-sahl-hasheesh\/\",\"name\":\"Excursie de diminea\u021b\u0103 cu Jeep Safari din Sahl Hasheesh\",\"isPartOf\":{\"@id\":\"https:\/\/hurghadalovers.com\/ro\/#website\"},\"primaryImageOfPage\":{\"@id\":\"https:\/\/hurghadalovers.com\/ro\/tours\/dimineata-jeep-safari-trip-trip-from-sahl-hasheesh\/#primaryimage\"},\"image\":{\"@id\":\"https:\/\/hurghadalovers.com\/ro\/tours\/dimineata-jeep-safari-trip-trip-from-sahl-hasheesh\/#primaryimage\"},\"thumbnailUrl\":\"https:\/\/hurghadalovers.com\/wp-content\/uploads\/2023\/09\/Morning-Buggy-Tour-from-Makadi-Bay.jpeg\",\"datePublished\":\"2023-09-01T20:49:10+00:00\",\"dateModified\":\"2026-02-09T22:16:28+00:00\",\"description\":\"Diminea\u021ba Jeep Safari Trip de la Sahl Hasheesh cu ATV Quad Bike, Spider Car \u0219i 4\u00d74 Car la satul beduin cu plimbare cu c\u0103mila \u0219i multe altele. Cele mai bune lucruri de f\u0103cut\",\"breadcrumb\":{\"@id\":\"https:\/\/hurghadalovers.com\/ro\/tours\/dimineata-jeep-safari-trip-trip-from-sahl-hasheesh\/#breadcrumb\"},\"inLanguage\":\"ro-RO\",\"potentialAction\":[{\"@type\":\"ReadAction\",\"target\":[\"https:\/\/hurghadalovers.com\/ro\/tours\/dimineata-jeep-safari-trip-trip-from-sahl-hasheesh\/\"]}]},{\"@type\":\"ImageObject\",\"inLanguage\":\"ro-RO\",\"@id\":\"https:\/\/hurghadalovers.com\/ro\/tours\/dimineata-jeep-safari-trip-trip-from-sahl-hasheesh\/#primaryimage\",\"url\":\"https:\/\/hurghadalovers.com\/wp-content\/uploads\/2023\/09\/Morning-Buggy-Tour-from-Makadi-Bay.jpeg\",\"contentUrl\":\"https:\/\/hurghadalovers.com\/wp-content\/uploads\/2023\/09\/Morning-Buggy-Tour-from-Makadi-Bay.jpeg\",\"width\":1156,\"height\":867,\"caption\":\"Excursie de diminea\u021b\u0103 cu tr\u0103sura de diminea\u021b\u0103 de la Makadi-Bay\"},{\"@type\":\"BreadcrumbList\",\"@id\":\"https:\/\/hurghadalovers.com\/ro\/tours\/dimineata-jeep-safari-trip-trip-from-sahl-hasheesh\/#breadcrumb\",\"itemListElement\":[{\"@type\":\"ListItem\",\"position\":1,\"name\":\"Home\",\"item\":\"https:\/\/hurghadalovers.com\/ro\/\"},{\"@type\":\"ListItem\",\"position\":2,\"name\":\"Shop\",\"item\":\"https:\/\/hurghadalovers.com\/shop\/\"},{\"@type\":\"ListItem\",\"position\":3,\"name\":\"Excursie de diminea\u021b\u0103 cu Jeep Safari din Sahl Hasheesh\"}]},{\"@type\":\"WebSite\",\"@id\":\"https:\/\/hurghadalovers.com\/ro\/#website\",\"url\":\"https:\/\/hurghadalovers.com\/ro\/\",\"name\":\"Hurghada Excursions & Day Trips | Booking Best Prices Tours\",\"description\":\"Hurghada Lovers - Best Tour Operator - Excursions &amp; Things to do for Family Day Trips with kids and Couples Romantic. Unique .Hidden gems\",\"publisher\":{\"@id\":\"https:\/\/hurghadalovers.com\/ro\/#organization\"},\"alternateName\":\"Hurghada Excursions\",\"potentialAction\":[{\"@type\":\"SearchAction\",\"target\":{\"@type\":\"EntryPoint\",\"urlTemplate\":\"https:\/\/hurghadalovers.com\/ro\/?s={search_term_string}\"},\"query-input\":{\"@type\":\"PropertyValueSpecification\",\"valueRequired\":true,\"valueName\":\"search_term_string\"}}],\"inLanguage\":\"ro-RO\"},{\"@type\":[\"Organization\",\"Place\",\"TravelAgency\"],\"@id\":\"https:\/\/hurghadalovers.com\/ro\/#organization\",\"name\":\"Hurghada Excursions\",\"url\":\"https:\/\/hurghadalovers.com\/ro\/\",\"logo\":{\"@id\":\"https:\/\/hurghadalovers.com\/ro\/tours\/dimineata-jeep-safari-trip-trip-from-sahl-hasheesh\/#local-main-organization-logo\"},\"image\":{\"@id\":\"https:\/\/hurghadalovers.com\/ro\/tours\/dimineata-jeep-safari-trip-trip-from-sahl-hasheesh\/#local-main-organization-logo\"},\"sameAs\":[\"https:\/\/www.facebook.com\/Hurghadaloversegypt\"],\"address\":{\"@id\":\"https:\/\/hurghadalovers.com\/ro\/tours\/dimineata-jeep-safari-trip-trip-from-sahl-hasheesh\/#local-main-place-address\"},\"telephone\":[\"00201112596434\"],\"contactPoint\":{\"@type\":\"ContactPoint\",\"telephone\":\"00201112596434\",\"email\":\"weyouface@gmail.com\"},\"openingHoursSpecification\":{\"@type\":\"OpeningHoursSpecification\",\"dayOfWeek\":[\"Monday\",\"Tuesday\",\"Wednesday\",\"Thursday\",\"Friday\",\"Saturday\",\"Sunday\"],\"opens\":\"00:00\",\"closes\":\"23:59\"},\"email\":\"weyouface@gmail.com\",\"areaServed\":\"Luxor, Hurghada, El Gouna, Aswan, Sharm El Sheikh, Giza, Alexandria, Marsa Alam, Quseir, Soma Bay, Sahl Hasheesh, Red Sea, Makadi Bay, Cairo\",\"priceRange\":\"$\",\"currenciesAccepted\":\"euro\",\"paymentAccepted\":\"cash on site\"},{\"@type\":\"PostalAddress\",\"@id\":\"https:\/\/hurghadalovers.com\/ro\/tours\/dimineata-jeep-safari-trip-trip-from-sahl-hasheesh\/#local-main-place-address\",\"streetAddress\":\"17 Banks street, Alkawther area, top nbk bank\",\"addressLocality\":\"hurghada\",\"postalCode\":\"84511\",\"addressRegion\":\"red sea\",\"addressCountry\":\"EG\"},{\"@type\":\"ImageObject\",\"inLanguage\":\"ro-RO\",\"@id\":\"https:\/\/hurghadalovers.com\/ro\/tours\/dimineata-jeep-safari-trip-trip-from-sahl-hasheesh\/#local-main-organization-logo\",\"url\":\"https:\/\/hurghadalovers.com\/wp-content\/uploads\/2019\/10\/hurghada-excursions-logo.png\",\"contentUrl\":\"https:\/\/hurghadalovers.com\/wp-content\/uploads\/2019\/10\/hurghada-excursions-logo.png\",\"width\":272,\"height\":90,\"caption\":\"Hurghada Excursions\"}]}<\/script>\n<meta property=\"product:brand\" content=\"Excursii in Sahl Hasheesh\" \/>\n<meta property=\"product:price:amount\" content=\"30\" \/>\n<meta property=\"product:price:currency\" content=\"EUR\" \/>\n<meta property=\"og:availability\" content=\"instock\" \/>\n<meta property=\"product:availability\" content=\"instock\" \/>\n<meta property=\"product:retailer_item_id\" content=\"SahlSafari042024\" \/>\n<meta property=\"product:condition\" content=\"new\" \/>\n<meta name=\"geo.placename\" content=\"hurghada\" \/>\n<meta name=\"geo.region\" content=\"Egipt\" \/>\n<!-- \/ Yoast SEO Premium plugin. -->","yoast_head_json":{"title":"Excursie de diminea\u021b\u0103 cu Jeep Safari din Sahl Hasheesh","description":"Diminea\u021ba Jeep Safari Trip de la Sahl Hasheesh cu ATV Quad Bike, Spider Car \u0219i 4\u00d74 Car la satul beduin cu plimbare cu c\u0103mila \u0219i multe altele. Cele mai bune lucruri de f\u0103cut","robots":{"index":"index","follow":"follow","max-snippet":"max-snippet:-1","max-image-preview":"max-image-preview:large","max-video-preview":"max-video-preview:-1"},"canonical":"https:\/\/hurghadalovers.com\/ro\/tours\/dimineata-jeep-safari-trip-trip-from-sahl-hasheesh\/","og_locale":"ro_RO","og_type":"article","og_title":"Excursie de diminea\u021b\u0103 cu Jeep Safari din Sahl Hasheesh","og_description":"Diminea\u021ba Jeep Safari Trip de la Sahl Hasheesh cu ATV Quad Bike, Spider Car \u0219i 4\u00d74 Car la satul beduin cu plimbare cu c\u0103mila \u0219i multe altele. Cele mai bune lucruri de f\u0103cut","og_url":"https:\/\/hurghadalovers.com\/ro\/tours\/dimineata-jeep-safari-trip-trip-from-sahl-hasheesh\/","og_site_name":"Hurghada Excursions &amp; Day Trips | Booking Best Prices Tours","article_publisher":"https:\/\/www.facebook.com\/Hurghadaloversegypt","article_modified_time":"2026-02-09T22:16:28+00:00","og_image":[{"width":1156,"height":867,"url":"https:\/\/hurghadalovers.com\/wp-content\/uploads\/2023\/09\/Morning-Buggy-Tour-from-Makadi-Bay.jpeg","type":"image\/jpeg"}],"twitter_card":"summary_large_image","twitter_misc":{"Pre\u021b":"&euro;&nbsp;30","Disponibilitate":"\u00cen stoc"},"schema":{"@context":"https:\/\/schema.org","@graph":[{"@type":["WebPage","ItemPage"],"@id":"https:\/\/hurghadalovers.com\/ro\/tours\/dimineata-jeep-safari-trip-trip-from-sahl-hasheesh\/","url":"https:\/\/hurghadalovers.com\/ro\/tours\/dimineata-jeep-safari-trip-trip-from-sahl-hasheesh\/","name":"Excursie de diminea\u021b\u0103 cu Jeep Safari din Sahl Hasheesh","isPartOf":{"@id":"https:\/\/hurghadalovers.com\/ro\/#website"},"primaryImageOfPage":{"@id":"https:\/\/hurghadalovers.com\/ro\/tours\/dimineata-jeep-safari-trip-trip-from-sahl-hasheesh\/#primaryimage"},"image":{"@id":"https:\/\/hurghadalovers.com\/ro\/tours\/dimineata-jeep-safari-trip-trip-from-sahl-hasheesh\/#primaryimage"},"thumbnailUrl":"https:\/\/hurghadalovers.com\/wp-content\/uploads\/2023\/09\/Morning-Buggy-Tour-from-Makadi-Bay.jpeg","datePublished":"2023-09-01T20:49:10+00:00","dateModified":"2026-02-09T22:16:28+00:00","description":"Diminea\u021ba Jeep Safari Trip de la Sahl Hasheesh cu ATV Quad Bike, Spider Car \u0219i 4\u00d74 Car la satul beduin cu plimbare cu c\u0103mila \u0219i multe altele. Cele mai bune lucruri de f\u0103cut","breadcrumb":{"@id":"https:\/\/hurghadalovers.com\/ro\/tours\/dimineata-jeep-safari-trip-trip-from-sahl-hasheesh\/#breadcrumb"},"inLanguage":"ro-RO","potentialAction":[{"@type":"ReadAction","target":["https:\/\/hurghadalovers.com\/ro\/tours\/dimineata-jeep-safari-trip-trip-from-sahl-hasheesh\/"]}]},{"@type":"ImageObject","inLanguage":"ro-RO","@id":"https:\/\/hurghadalovers.com\/ro\/tours\/dimineata-jeep-safari-trip-trip-from-sahl-hasheesh\/#primaryimage","url":"https:\/\/hurghadalovers.com\/wp-content\/uploads\/2023\/09\/Morning-Buggy-Tour-from-Makadi-Bay.jpeg","contentUrl":"https:\/\/hurghadalovers.com\/wp-content\/uploads\/2023\/09\/Morning-Buggy-Tour-from-Makadi-Bay.jpeg","width":1156,"height":867,"caption":"Excursie de diminea\u021b\u0103 cu tr\u0103sura de diminea\u021b\u0103 de la Makadi-Bay"},{"@type":"BreadcrumbList","@id":"https:\/\/hurghadalovers.com\/ro\/tours\/dimineata-jeep-safari-trip-trip-from-sahl-hasheesh\/#breadcrumb","itemListElement":[{"@type":"ListItem","position":1,"name":"Home","item":"https:\/\/hurghadalovers.com\/ro\/"},{"@type":"ListItem","position":2,"name":"Shop","item":"https:\/\/hurghadalovers.com\/shop\/"},{"@type":"ListItem","position":3,"name":"Excursie de diminea\u021b\u0103 cu Jeep Safari din Sahl Hasheesh"}]},{"@type":"WebSite","@id":"https:\/\/hurghadalovers.com\/ro\/#website","url":"https:\/\/hurghadalovers.com\/ro\/","name":"Hurghada Excursions & Day Trips | Booking Best Prices Tours","description":"Hurghada Lovers - Best Tour Operator - Excursions &amp; Things to do for Family Day Trips with kids and Couples Romantic. Unique .Hidden gems","publisher":{"@id":"https:\/\/hurghadalovers.com\/ro\/#organization"},"alternateName":"Hurghada Excursions","potentialAction":[{"@type":"SearchAction","target":{"@type":"EntryPoint","urlTemplate":"https:\/\/hurghadalovers.com\/ro\/?s={search_term_string}"},"query-input":{"@type":"PropertyValueSpecification","valueRequired":true,"valueName":"search_term_string"}}],"inLanguage":"ro-RO"},{"@type":["Organization","Place","TravelAgency"],"@id":"https:\/\/hurghadalovers.com\/ro\/#organization","name":"Hurghada Excursions","url":"https:\/\/hurghadalovers.com\/ro\/","logo":{"@id":"https:\/\/hurghadalovers.com\/ro\/tours\/dimineata-jeep-safari-trip-trip-from-sahl-hasheesh\/#local-main-organization-logo"},"image":{"@id":"https:\/\/hurghadalovers.com\/ro\/tours\/dimineata-jeep-safari-trip-trip-from-sahl-hasheesh\/#local-main-organization-logo"},"sameAs":["https:\/\/www.facebook.com\/Hurghadaloversegypt"],"address":{"@id":"https:\/\/hurghadalovers.com\/ro\/tours\/dimineata-jeep-safari-trip-trip-from-sahl-hasheesh\/#local-main-place-address"},"telephone":["00201112596434"],"contactPoint":{"@type":"ContactPoint","telephone":"00201112596434","email":"weyouface@gmail.com"},"openingHoursSpecification":{"@type":"OpeningHoursSpecification","dayOfWeek":["Monday","Tuesday","Wednesday","Thursday","Friday","Saturday","Sunday"],"opens":"00:00","closes":"23:59"},"email":"weyouface@gmail.com","areaServed":"Luxor, Hurghada, El Gouna, Aswan, Sharm El Sheikh, Giza, Alexandria, Marsa Alam, Quseir, Soma Bay, Sahl Hasheesh, Red Sea, Makadi Bay, Cairo","priceRange":"$","currenciesAccepted":"euro","paymentAccepted":"cash on site"},{"@type":"PostalAddress","@id":"https:\/\/hurghadalovers.com\/ro\/tours\/dimineata-jeep-safari-trip-trip-from-sahl-hasheesh\/#local-main-place-address","streetAddress":"17 Banks street, Alkawther area, top nbk bank","addressLocality":"hurghada","postalCode":"84511","addressRegion":"red sea","addressCountry":"EG"},{"@type":"ImageObject","inLanguage":"ro-RO","@id":"https:\/\/hurghadalovers.com\/ro\/tours\/dimineata-jeep-safari-trip-trip-from-sahl-hasheesh\/#local-main-organization-logo","url":"https:\/\/hurghadalovers.com\/wp-content\/uploads\/2019\/10\/hurghada-excursions-logo.png","contentUrl":"https:\/\/hurghadalovers.com\/wp-content\/uploads\/2019\/10\/hurghada-excursions-logo.png","width":272,"height":90,"caption":"Hurghada Excursions"}]},"product_brand":"Excursii in Sahl Hasheesh","product_price_amount":"30","product_price_currency":"EUR","og_availability":"instock","product_availability":"instock","product_retailer_item_id":"SahlSafari042024","product_condition":"new","geo.placename":"hurghada","geo.region":"Egipt"},"_links":{"self":[{"href":"https:\/\/hurghadalovers.com\/ro\/wp-json\/wp\/v2\/product\/392245","targetHints":{"allow":["GET"]}}],"collection":[{"href":"https:\/\/hurghadalovers.com\/ro\/wp-json\/wp\/v2\/product"}],"about":[{"href":"https:\/\/hurghadalovers.com\/ro\/wp-json\/wp\/v2\/types\/product"}],"wp:featuredmedia":[{"embeddable":true,"href":"https:\/\/hurghadalovers.com\/ro\/wp-json\/wp\/v2\/media\/392174"}],"wp:attachment":[{"href":"https:\/\/hurghadalovers.com\/ro\/wp-json\/wp\/v2\/media?parent=392245"}],"wp:term":[{"taxonomy":"product_brand","embeddable":true,"href":"https:\/\/hurghadalovers.com\/ro\/wp-json\/wp\/v2\/product_brand?post=392245"},{"taxonomy":"product_cat","embeddable":true,"href":"https:\/\/hurghadalovers.com\/ro\/wp-json\/wp\/v2\/product_cat?post=392245"},{"taxonomy":"product_tag","embeddable":true,"href":"https:\/\/hurghadalovers.com\/ro\/wp-json\/wp\/v2\/product_tag?post=392245"}],"curies":[{"name":"wp","href":"https:\/\/api.w.org\/{rel}","templated":true}]}}