{"id":391418,"date":"2023-08-31T18:20:00","date_gmt":"2023-08-31T18:24:07","guid":{"rendered":"https:\/\/hurghadalovers.com\/shop\/fara-categorie\/piratii-navigheaza-cu-barca-spre-insula-orange-bay-din-sahl-hasheesh\/"},"modified":"2026-02-09T08:10:51","modified_gmt":"2026-02-09T08:10:51","slug":"piratii-calareti-cu-nava-pe-calatorie-pe-calatorie-pe-calatorie-pe-calatorie-pe-calatorie","status":"publish","type":"product","link":"https:\/\/hurghadalovers.com\/ro\/tours\/piratii-calareti-cu-nava-pe-calatorie-pe-calatorie-pe-calatorie-pe-calatorie-pe-calatorie\/","title":{"rendered":"Pira\u021bii navigheaz\u0103 cu barca spre insula Orange Bay din Sahl Hasheesh"},"content":{"rendered":"<p>Excursie cu <strong>barca cu p\u00e2nze de pira\u021bi spre insula Orange Bay din <\/strong><strong>Sahl Hasheesh<\/strong> cu pr\u00e2nz VIP.<\/p>\n<p>Dac\u0103 sunte\u021bi \u00een c\u0103utarea celor mai  <strong>velier de lux<\/strong> pentru a petrece o zi \u00eentreag\u0103 special\u0103 \u0219i s\u0103 se bucure de mai multe  <strong>confiden\u021bialitate<\/strong>, prosperitate \u0219i  <strong>lux<\/strong>, m\u00e2nca\u021bi cele mai frumoase m\u00e2nc\u0103ruri delicioase, creve\u021bi \u0219i fructe de mare, \u00eenota\u021bi \u00een cele mai frumoase  <strong>spot de recif de corali<\/strong> \u0219i du-te la cele mai frumoase plaje din  <strong>Giftun Island<\/strong>, al\u0103tura\u021bi-v\u0103 nou\u0103 acum&#8230;<\/p>\n<p style=\"text-align: center;\"><span style=\"color: #008000;\">Cele mai frumoase Sahl Hasheesh <strong>Activit\u0103\u021bi de familie<\/strong>, <strong>Lucruri de f\u0103cut cu copiii<\/strong>, Seniori, <strong>Lun\u0103 de miere<\/strong> \u0219i <strong>cuplu<\/strong>.<\/span><\/p>\n<p>&nbsp;<\/p>\n<p><strong>Puncte de interes:<\/strong><\/p>\n<ul>\n<li>One Spot Snorkeling House Reef.<\/li>\n<li>1 or\u0103 la Orange Bay Island Beach.<\/li>\n<\/ul>\n<p><strong>Pira\u021bii Sailing Boat la Orange Bay Island de la <\/strong><strong>Sahl Hasheesh<\/strong> <strong>Detalii:<\/strong><\/p>\n<ul>\n<li>Disponibilitatea turului: \u00cen fiecare zi.<\/li>\n<li>Tip de tur: Grup.<\/li>\n<li>Ora de preluare: \u00cencep\u00e2nd cu ora 07:30 A.M.<\/li>\n<li>Ora de preluare: 15:00.<\/li>\n<li>Accesibil pentru scaune cu rotile.<\/li>\n<li>Durata: 6 ore.<\/li>\n<\/ul>\n<p><strong>Rezerva\u021bi acum \u0219i pl\u0103ti\u021bi mai t\u00e2rziu:<\/strong><\/p>\n<ul>\n<li>Numerar la fa\u021ba locului pentru a ghida.<\/li>\n<li>Plata prin lire egiptene, $, \u20ac sau \u00a3.<\/li>\n<\/ul>\n<p><strong>Politica de anulare:<\/strong><\/p>\n<ul>\n<li>anula\u021bi cu p\u00e2n\u0103 la 24 de ore \u00een avans.<\/li>\n<li>Atunci c\u00e2nd cineva din familia ta anuleaz\u0103 diminea\u021ba, pl\u0103ti\u021bi 50% din cost.<\/li>\n<\/ul>\n<p><strong>Ce este inclus?<\/strong><\/p>\n<ul>\n<li>Transfer de la Sahl Hasheesh Hotels &#8222;Hotel pick up and drop off&#8221;.<\/li>\n<li>Toate taxele, taxele de intrare \u0219i taxele de manipulare.<\/li>\n<li>Ghid turistic.<\/li>\n<li>Ap\u0103 mineral\u0103 + Cola + Lapte + Cafea\/Tei.<\/li>\n<li>1 Snorkeling spot.<\/li>\n<li>Echipament de snorkeling &#8222;M\u0103\u0219ti \u0219i aripioare de \u00eenot&#8221;.<\/li>\n<li>1 or\u0103 la <strong>Orange Bay Island<\/strong> <strong>Beach<\/strong>.<\/li>\n<li>VIP bufet de pr\u00e2nz la bordul vasului &#8222;Sup\u0103 de fructe de mare \/ 3 tipuri de salat\u0103 proasp\u0103t\u0103 \/ orez, paste, cartofi \/ creve\u021bi, calamar, pe\u0219te, pui \u0219i kofta \/ fructe proaspete de sezon.&#8221;.<\/li>\n<li>Veste de salvare.<\/li>\n<\/ul>\n<p><strong>Excluderi?<\/strong><\/p>\n<ul>\n<li>Bac\u0219i\u0219uri.<\/li>\n<li>B\u0103uturi \u00een Orange Bay Restaurant Island.<\/li>\n<li>Fotografie \u0219i fotografii pentru c\u0103l\u0103torie.<\/li>\n<li>Oferim costume de baie \u0219i costume de baie de \u00eenchiriat pentru femei, b\u0103rba\u021bi, copii toate Dimensiune &#8221; 5$ pe unul&#8221;.<\/li>\n<li>Orice extras care nu este men\u021bionat.<\/li>\n<\/ul>\n<p><strong>Pre\u021buri:<\/strong><\/p>\n<ul>\n<li><strong>Pre\u021b pentru adul\u021bi = 90$ pe persoan\u0103<\/strong>.<\/li>\n<li>Pre\u021b pentru copii &#8222;3-10\u2033= 50%.<\/li>\n<li>pentru copii &#8222;0-3\u2033= gratuit.<\/li>\n<\/ul>\n<p><strong>Recenzii:<\/strong><\/p>\n<p>verifica\u021bi recenziile noastre Google Map ca cel mai bun <a href=\"https:\/\/g.page\/r\/CUeYvkngP3wkEBM\/review\">operator de<\/a> turism <a href=\"https:\/\/g.page\/r\/CUeYvkngP3wkEBM\/review\">\u00een<\/a> <a href=\"https:\/\/hurghadalovers.com\/\">Hurghada<\/a> online \u00een <a href=\"https:\/\/hurghadalovers.com\/\">Hurghada<\/a> Egipt.<\/p>\n<p><strong>Rezervare:<\/strong><\/p>\n<p>Trimite\u021bi hotelul + num\u0103rul camerei + pa\u0219apoartele cu fotografie la WhatsApp: <strong>+201112596434<\/strong><\/p>\n<p>If you out Egypt Booking now online and confirm when arrival Hotel.<\/p>\n<p>&nbsp;<\/p>\n<p>&nbsp;<\/p>\n","protected":false},"excerpt":{"rendered":"<p>Excursie cu <strong>barca cu p\u00e2nze de pira\u021bi spre insula Orange Bay din <\/strong><strong>Sahl Hasheesh<\/strong> cu pr\u00e2nz VIP. Dac\u0103 sunte\u021bi \u00een c\u0103utarea celei mai <strong>luxoase b\u0103rci cu p\u00e2nze<\/strong> pentru a petrece o zi \u00eentreag\u0103 special\u0103<\/p>\n","protected":false},"featured_media":391212,"template":"","meta":{"_joinchat":[]},"product_brand":[],"product_cat":[29873],"product_tag":[49699,49703,53196,53211,53176,49679,49689,53156,53097,52940,53216,53186,53191,53171,53166,49684,53206,53221,53181,53161,53201],"class_list":{"0":"post-391418","1":"product","2":"type-product","3":"status-publish","4":"has-post-thumbnail","6":"product_cat-tours-romanian","7":"product_tag-activitati-de-interior-pentru-cupluri-sahl-hasheesh","8":"product_tag-activitati-pentru-copiii-de-2-ani-din-sahl-hasheesh","9":"product_tag-barca-pirat-sahl-hasheesh","10":"product_tag-barca-privata-sahl-hasheesh","11":"product_tag-dolphin-house-sahl-hasheesh-ro","12":"product_tag-excursii-de-o-zi-din-sahl-hasheesh","13":"product_tag-excursii-de-o-zi-din-sahl-hasheesh-ro","14":"product_tag-excursii-de-snorkeling-in-sahl-hasheesh","15":"product_tag-excursii-ieftine-cu-familia-din-sahl-hasheesh","16":"product_tag-familie-lucruri-de-facut-in-sahl-hasheesh","17":"product_tag-inchiriere-barci-sahl-hasheesh","18":"product_tag-inot-cu-delfinii-sahl-hasheesh","19":"product_tag-insula-giftun-sahl-hasheesh","20":"product_tag-insula-orange-bay-sahl-hasheesh","21":"product_tag-insula-paradise-sahl-hasheesh","22":"product_tag-locuri-de-vizitat-in-sahl-hasheesh","23":"product_tag-sahl-hasheesh-charters-cu-barca","24":"product_tag-sahl-hasheesh-excursie-cu-barca-privata","25":"product_tag-sahl-hasheesh-excursii-cu-barca","26":"product_tag-scufundari-sahl-hasheesh","27":"product_tag-speed-boat-sahl-hasheesh-ro","28":"tour_category-excursii-snorkeling-din-sahl-hasheesh","29":"tour_category-lucruri-de-facut-in-sahl-hasheesh","31":"first","32":"instock","33":"sale","34":"shipping-taxable","35":"purchasable","36":"product-type-tour"},"yoast_head":"<!-- This site is optimized with the Yoast SEO Premium plugin v26.9 (Yoast SEO v27.2) - https:\/\/yoast.com\/product\/yoast-seo-premium-wordpress\/ -->\n<title>Pira\u021bii navigheaz\u0103 cu barca spre insula Orange Bay din Sahl Hasheesh<\/title>\n<meta name=\"description\" content=\"Excursie cu barca cu p\u00e2nze de pira\u021bi spre insula Orange Bay din Sahl Hasheesh cu pr\u00e2nz VIP. Dac\u0103 sunte\u021bi \u00een c\u0103utarea celei mai luxoase b\u0103rci cu p\u00e2nze pentru a petrece o zi \u00eentreag\u0103 special\u0103\" \/>\n<meta name=\"robots\" content=\"index, follow, max-snippet:-1, max-image-preview:large, max-video-preview:-1\" \/>\n<link rel=\"canonical\" href=\"https:\/\/hurghadalovers.com\/ro\/tours\/piratii-calareti-cu-nava-pe-calatorie-pe-calatorie-pe-calatorie-pe-calatorie-pe-calatorie\/\" \/>\n<meta property=\"og:locale\" content=\"ro_RO\" \/>\n<meta property=\"og:type\" content=\"article\" \/>\n<meta property=\"og:title\" content=\"Pira\u021bii navigheaz\u0103 cu barca spre insula Orange Bay din Sahl Hasheesh\" \/>\n<meta property=\"og:description\" content=\"Excursie cu barca cu p\u00e2nze de pira\u021bi spre insula Orange Bay din Sahl Hasheesh cu pr\u00e2nz VIP. Dac\u0103 sunte\u021bi \u00een c\u0103utarea celei mai luxoase b\u0103rci cu p\u00e2nze pentru a petrece o zi \u00eentreag\u0103 special\u0103\" \/>\n<meta property=\"og:url\" content=\"https:\/\/hurghadalovers.com\/ro\/tours\/piratii-calareti-cu-nava-pe-calatorie-pe-calatorie-pe-calatorie-pe-calatorie-pe-calatorie\/\" \/>\n<meta property=\"og:site_name\" content=\"Hurghada Excursions &amp; Day Trips | Booking Best Prices Tours\" \/>\n<meta property=\"article:publisher\" content=\"https:\/\/www.facebook.com\/Hurghadaloversegypt\" \/>\n<meta property=\"article:modified_time\" content=\"2026-02-09T08:10:51+00:00\" \/>\n<meta property=\"og:image\" content=\"https:\/\/hurghadalovers.com\/wp-content\/uploads\/2023\/08\/Pirates-Sailing-Boat-to-Orange-bay-Island-from-Sahl-Hasheesh.jpeg\" \/>\n\t<meta property=\"og:image:width\" content=\"1156\" \/>\n\t<meta property=\"og:image:height\" content=\"867\" \/>\n\t<meta property=\"og:image:type\" content=\"image\/jpeg\" \/>\n<meta name=\"twitter:card\" content=\"summary_large_image\" \/>\n<meta name=\"twitter:label1\" content=\"Pre\u021b\" \/>\n\t<meta name=\"twitter:data1\" content=\"&euro;&nbsp;90\" \/>\n\t<meta name=\"twitter:label2\" content=\"Disponibilitate\" \/>\n\t<meta name=\"twitter:data2\" content=\"\u00cen stoc\" \/>\n<script type=\"application\/ld+json\" class=\"yoast-schema-graph\">{\"@context\":\"https:\/\/schema.org\",\"@graph\":[{\"@type\":[\"WebPage\",\"ItemPage\"],\"@id\":\"https:\/\/hurghadalovers.com\/ro\/tours\/piratii-calareti-cu-nava-pe-calatorie-pe-calatorie-pe-calatorie-pe-calatorie-pe-calatorie\/\",\"url\":\"https:\/\/hurghadalovers.com\/ro\/tours\/piratii-calareti-cu-nava-pe-calatorie-pe-calatorie-pe-calatorie-pe-calatorie-pe-calatorie\/\",\"name\":\"Pira\u021bii navigheaz\u0103 cu barca spre insula Orange Bay din Sahl Hasheesh\",\"isPartOf\":{\"@id\":\"https:\/\/hurghadalovers.com\/ro\/#website\"},\"primaryImageOfPage\":{\"@id\":\"https:\/\/hurghadalovers.com\/ro\/tours\/piratii-calareti-cu-nava-pe-calatorie-pe-calatorie-pe-calatorie-pe-calatorie-pe-calatorie\/#primaryimage\"},\"image\":{\"@id\":\"https:\/\/hurghadalovers.com\/ro\/tours\/piratii-calareti-cu-nava-pe-calatorie-pe-calatorie-pe-calatorie-pe-calatorie-pe-calatorie\/#primaryimage\"},\"thumbnailUrl\":\"https:\/\/hurghadalovers.com\/wp-content\/uploads\/2023\/08\/Pirates-Sailing-Boat-to-Orange-bay-Island-from-Sahl-Hasheesh.jpeg\",\"datePublished\":\"2023-08-31T18:24:07+00:00\",\"dateModified\":\"2026-02-09T08:10:51+00:00\",\"description\":\"Excursie cu barca cu p\u00e2nze de pira\u021bi spre insula Orange Bay din Sahl Hasheesh cu pr\u00e2nz VIP. Dac\u0103 sunte\u021bi \u00een c\u0103utarea celei mai luxoase b\u0103rci cu p\u00e2nze pentru a petrece o zi \u00eentreag\u0103 special\u0103\",\"breadcrumb\":{\"@id\":\"https:\/\/hurghadalovers.com\/ro\/tours\/piratii-calareti-cu-nava-pe-calatorie-pe-calatorie-pe-calatorie-pe-calatorie-pe-calatorie\/#breadcrumb\"},\"inLanguage\":\"ro-RO\",\"potentialAction\":[{\"@type\":\"ReadAction\",\"target\":[\"https:\/\/hurghadalovers.com\/ro\/tours\/piratii-calareti-cu-nava-pe-calatorie-pe-calatorie-pe-calatorie-pe-calatorie-pe-calatorie\/\"]}]},{\"@type\":\"ImageObject\",\"inLanguage\":\"ro-RO\",\"@id\":\"https:\/\/hurghadalovers.com\/ro\/tours\/piratii-calareti-cu-nava-pe-calatorie-pe-calatorie-pe-calatorie-pe-calatorie-pe-calatorie\/#primaryimage\",\"url\":\"https:\/\/hurghadalovers.com\/wp-content\/uploads\/2023\/08\/Pirates-Sailing-Boat-to-Orange-bay-Island-from-Sahl-Hasheesh.jpeg\",\"contentUrl\":\"https:\/\/hurghadalovers.com\/wp-content\/uploads\/2023\/08\/Pirates-Sailing-Boat-to-Orange-bay-Island-from-Sahl-Hasheesh.jpeg\",\"width\":1156,\"height\":867,\"caption\":\"Pira\u021bii navigheaz\u0103 cu barca spre insula Orange Bay din Sahl Hasheesh\"},{\"@type\":\"BreadcrumbList\",\"@id\":\"https:\/\/hurghadalovers.com\/ro\/tours\/piratii-calareti-cu-nava-pe-calatorie-pe-calatorie-pe-calatorie-pe-calatorie-pe-calatorie\/#breadcrumb\",\"itemListElement\":[{\"@type\":\"ListItem\",\"position\":1,\"name\":\"Home\",\"item\":\"https:\/\/hurghadalovers.com\/ro\/\"},{\"@type\":\"ListItem\",\"position\":2,\"name\":\"Shop\",\"item\":\"https:\/\/hurghadalovers.com\/shop\/\"},{\"@type\":\"ListItem\",\"position\":3,\"name\":\"Pira\u021bii navigheaz\u0103 cu barca spre insula Orange Bay din Sahl Hasheesh\"}]},{\"@type\":\"WebSite\",\"@id\":\"https:\/\/hurghadalovers.com\/ro\/#website\",\"url\":\"https:\/\/hurghadalovers.com\/ro\/\",\"name\":\"Hurghada Excursions & Day Trips | Booking Best Prices Tours\",\"description\":\"Hurghada Lovers - Best Tour Operator - Excursions &amp; Things to do for Family Day Trips with kids and Couples Romantic. Unique .Hidden gems\",\"publisher\":{\"@id\":\"https:\/\/hurghadalovers.com\/ro\/#organization\"},\"alternateName\":\"Hurghada Excursions\",\"potentialAction\":[{\"@type\":\"SearchAction\",\"target\":{\"@type\":\"EntryPoint\",\"urlTemplate\":\"https:\/\/hurghadalovers.com\/ro\/?s={search_term_string}\"},\"query-input\":{\"@type\":\"PropertyValueSpecification\",\"valueRequired\":true,\"valueName\":\"search_term_string\"}}],\"inLanguage\":\"ro-RO\"},{\"@type\":[\"Organization\",\"Place\",\"TravelAgency\"],\"@id\":\"https:\/\/hurghadalovers.com\/ro\/#organization\",\"name\":\"Hurghada Excursions\",\"url\":\"https:\/\/hurghadalovers.com\/ro\/\",\"logo\":{\"@id\":\"https:\/\/hurghadalovers.com\/ro\/tours\/piratii-calareti-cu-nava-pe-calatorie-pe-calatorie-pe-calatorie-pe-calatorie-pe-calatorie\/#local-main-organization-logo\"},\"image\":{\"@id\":\"https:\/\/hurghadalovers.com\/ro\/tours\/piratii-calareti-cu-nava-pe-calatorie-pe-calatorie-pe-calatorie-pe-calatorie-pe-calatorie\/#local-main-organization-logo\"},\"sameAs\":[\"https:\/\/www.facebook.com\/Hurghadaloversegypt\"],\"address\":{\"@id\":\"https:\/\/hurghadalovers.com\/ro\/tours\/piratii-calareti-cu-nava-pe-calatorie-pe-calatorie-pe-calatorie-pe-calatorie-pe-calatorie\/#local-main-place-address\"},\"telephone\":[\"00201112596434\"],\"contactPoint\":{\"@type\":\"ContactPoint\",\"telephone\":\"00201112596434\",\"email\":\"weyouface@gmail.com\"},\"openingHoursSpecification\":{\"@type\":\"OpeningHoursSpecification\",\"dayOfWeek\":[\"Monday\",\"Tuesday\",\"Wednesday\",\"Thursday\",\"Friday\",\"Saturday\",\"Sunday\"],\"opens\":\"00:00\",\"closes\":\"23:59\"},\"email\":\"weyouface@gmail.com\",\"areaServed\":\"Luxor, Hurghada, El Gouna, Aswan, Sharm El Sheikh, Giza, Alexandria, Marsa Alam, Quseir, Soma Bay, Sahl Hasheesh, Red Sea, Makadi Bay, Cairo\",\"priceRange\":\"$\",\"currenciesAccepted\":\"euro\",\"paymentAccepted\":\"cash on site\"},{\"@type\":\"PostalAddress\",\"@id\":\"https:\/\/hurghadalovers.com\/ro\/tours\/piratii-calareti-cu-nava-pe-calatorie-pe-calatorie-pe-calatorie-pe-calatorie-pe-calatorie\/#local-main-place-address\",\"streetAddress\":\"17 Banks street, Alkawther area, top nbk bank\",\"addressLocality\":\"hurghada\",\"postalCode\":\"84511\",\"addressRegion\":\"red sea\",\"addressCountry\":\"EG\"},{\"@type\":\"ImageObject\",\"inLanguage\":\"ro-RO\",\"@id\":\"https:\/\/hurghadalovers.com\/ro\/tours\/piratii-calareti-cu-nava-pe-calatorie-pe-calatorie-pe-calatorie-pe-calatorie-pe-calatorie\/#local-main-organization-logo\",\"url\":\"https:\/\/hurghadalovers.com\/wp-content\/uploads\/2019\/10\/hurghada-excursions-logo.png\",\"contentUrl\":\"https:\/\/hurghadalovers.com\/wp-content\/uploads\/2019\/10\/hurghada-excursions-logo.png\",\"width\":272,\"height\":90,\"caption\":\"Hurghada Excursions\"}]}<\/script>\n<meta property=\"product:brand\" content=\"Excursii de Snorkeling de la Sahl Hasheesh\" \/>\n<meta property=\"product:price:amount\" content=\"90\" \/>\n<meta property=\"product:price:currency\" content=\"EUR\" \/>\n<meta property=\"og:availability\" content=\"instock\" \/>\n<meta property=\"product:availability\" content=\"instock\" \/>\n<meta property=\"product:retailer_item_id\" content=\"Sahl342024\" \/>\n<meta property=\"product:condition\" content=\"new\" \/>\n<meta name=\"geo.placename\" content=\"hurghada\" \/>\n<meta name=\"geo.region\" content=\"Egipt\" \/>\n<!-- \/ Yoast SEO Premium plugin. -->","yoast_head_json":{"title":"Pira\u021bii navigheaz\u0103 cu barca spre insula Orange Bay din Sahl Hasheesh","description":"Excursie cu barca cu p\u00e2nze de pira\u021bi spre insula Orange Bay din Sahl Hasheesh cu pr\u00e2nz VIP. Dac\u0103 sunte\u021bi \u00een c\u0103utarea celei mai luxoase b\u0103rci cu p\u00e2nze pentru a petrece o zi \u00eentreag\u0103 special\u0103","robots":{"index":"index","follow":"follow","max-snippet":"max-snippet:-1","max-image-preview":"max-image-preview:large","max-video-preview":"max-video-preview:-1"},"canonical":"https:\/\/hurghadalovers.com\/ro\/tours\/piratii-calareti-cu-nava-pe-calatorie-pe-calatorie-pe-calatorie-pe-calatorie-pe-calatorie\/","og_locale":"ro_RO","og_type":"article","og_title":"Pira\u021bii navigheaz\u0103 cu barca spre insula Orange Bay din Sahl Hasheesh","og_description":"Excursie cu barca cu p\u00e2nze de pira\u021bi spre insula Orange Bay din Sahl Hasheesh cu pr\u00e2nz VIP. Dac\u0103 sunte\u021bi \u00een c\u0103utarea celei mai luxoase b\u0103rci cu p\u00e2nze pentru a petrece o zi \u00eentreag\u0103 special\u0103","og_url":"https:\/\/hurghadalovers.com\/ro\/tours\/piratii-calareti-cu-nava-pe-calatorie-pe-calatorie-pe-calatorie-pe-calatorie-pe-calatorie\/","og_site_name":"Hurghada Excursions &amp; Day Trips | Booking Best Prices Tours","article_publisher":"https:\/\/www.facebook.com\/Hurghadaloversegypt","article_modified_time":"2026-02-09T08:10:51+00:00","og_image":[{"width":1156,"height":867,"url":"https:\/\/hurghadalovers.com\/wp-content\/uploads\/2023\/08\/Pirates-Sailing-Boat-to-Orange-bay-Island-from-Sahl-Hasheesh.jpeg","type":"image\/jpeg"}],"twitter_card":"summary_large_image","twitter_misc":{"Pre\u021b":"&euro;&nbsp;90","Disponibilitate":"\u00cen stoc"},"schema":{"@context":"https:\/\/schema.org","@graph":[{"@type":["WebPage","ItemPage"],"@id":"https:\/\/hurghadalovers.com\/ro\/tours\/piratii-calareti-cu-nava-pe-calatorie-pe-calatorie-pe-calatorie-pe-calatorie-pe-calatorie\/","url":"https:\/\/hurghadalovers.com\/ro\/tours\/piratii-calareti-cu-nava-pe-calatorie-pe-calatorie-pe-calatorie-pe-calatorie-pe-calatorie\/","name":"Pira\u021bii navigheaz\u0103 cu barca spre insula Orange Bay din Sahl Hasheesh","isPartOf":{"@id":"https:\/\/hurghadalovers.com\/ro\/#website"},"primaryImageOfPage":{"@id":"https:\/\/hurghadalovers.com\/ro\/tours\/piratii-calareti-cu-nava-pe-calatorie-pe-calatorie-pe-calatorie-pe-calatorie-pe-calatorie\/#primaryimage"},"image":{"@id":"https:\/\/hurghadalovers.com\/ro\/tours\/piratii-calareti-cu-nava-pe-calatorie-pe-calatorie-pe-calatorie-pe-calatorie-pe-calatorie\/#primaryimage"},"thumbnailUrl":"https:\/\/hurghadalovers.com\/wp-content\/uploads\/2023\/08\/Pirates-Sailing-Boat-to-Orange-bay-Island-from-Sahl-Hasheesh.jpeg","datePublished":"2023-08-31T18:24:07+00:00","dateModified":"2026-02-09T08:10:51+00:00","description":"Excursie cu barca cu p\u00e2nze de pira\u021bi spre insula Orange Bay din Sahl Hasheesh cu pr\u00e2nz VIP. Dac\u0103 sunte\u021bi \u00een c\u0103utarea celei mai luxoase b\u0103rci cu p\u00e2nze pentru a petrece o zi \u00eentreag\u0103 special\u0103","breadcrumb":{"@id":"https:\/\/hurghadalovers.com\/ro\/tours\/piratii-calareti-cu-nava-pe-calatorie-pe-calatorie-pe-calatorie-pe-calatorie-pe-calatorie\/#breadcrumb"},"inLanguage":"ro-RO","potentialAction":[{"@type":"ReadAction","target":["https:\/\/hurghadalovers.com\/ro\/tours\/piratii-calareti-cu-nava-pe-calatorie-pe-calatorie-pe-calatorie-pe-calatorie-pe-calatorie\/"]}]},{"@type":"ImageObject","inLanguage":"ro-RO","@id":"https:\/\/hurghadalovers.com\/ro\/tours\/piratii-calareti-cu-nava-pe-calatorie-pe-calatorie-pe-calatorie-pe-calatorie-pe-calatorie\/#primaryimage","url":"https:\/\/hurghadalovers.com\/wp-content\/uploads\/2023\/08\/Pirates-Sailing-Boat-to-Orange-bay-Island-from-Sahl-Hasheesh.jpeg","contentUrl":"https:\/\/hurghadalovers.com\/wp-content\/uploads\/2023\/08\/Pirates-Sailing-Boat-to-Orange-bay-Island-from-Sahl-Hasheesh.jpeg","width":1156,"height":867,"caption":"Pira\u021bii navigheaz\u0103 cu barca spre insula Orange Bay din Sahl Hasheesh"},{"@type":"BreadcrumbList","@id":"https:\/\/hurghadalovers.com\/ro\/tours\/piratii-calareti-cu-nava-pe-calatorie-pe-calatorie-pe-calatorie-pe-calatorie-pe-calatorie\/#breadcrumb","itemListElement":[{"@type":"ListItem","position":1,"name":"Home","item":"https:\/\/hurghadalovers.com\/ro\/"},{"@type":"ListItem","position":2,"name":"Shop","item":"https:\/\/hurghadalovers.com\/shop\/"},{"@type":"ListItem","position":3,"name":"Pira\u021bii navigheaz\u0103 cu barca spre insula Orange Bay din Sahl Hasheesh"}]},{"@type":"WebSite","@id":"https:\/\/hurghadalovers.com\/ro\/#website","url":"https:\/\/hurghadalovers.com\/ro\/","name":"Hurghada Excursions & Day Trips | Booking Best Prices Tours","description":"Hurghada Lovers - Best Tour Operator - Excursions &amp; Things to do for Family Day Trips with kids and Couples Romantic. Unique .Hidden gems","publisher":{"@id":"https:\/\/hurghadalovers.com\/ro\/#organization"},"alternateName":"Hurghada Excursions","potentialAction":[{"@type":"SearchAction","target":{"@type":"EntryPoint","urlTemplate":"https:\/\/hurghadalovers.com\/ro\/?s={search_term_string}"},"query-input":{"@type":"PropertyValueSpecification","valueRequired":true,"valueName":"search_term_string"}}],"inLanguage":"ro-RO"},{"@type":["Organization","Place","TravelAgency"],"@id":"https:\/\/hurghadalovers.com\/ro\/#organization","name":"Hurghada Excursions","url":"https:\/\/hurghadalovers.com\/ro\/","logo":{"@id":"https:\/\/hurghadalovers.com\/ro\/tours\/piratii-calareti-cu-nava-pe-calatorie-pe-calatorie-pe-calatorie-pe-calatorie-pe-calatorie\/#local-main-organization-logo"},"image":{"@id":"https:\/\/hurghadalovers.com\/ro\/tours\/piratii-calareti-cu-nava-pe-calatorie-pe-calatorie-pe-calatorie-pe-calatorie-pe-calatorie\/#local-main-organization-logo"},"sameAs":["https:\/\/www.facebook.com\/Hurghadaloversegypt"],"address":{"@id":"https:\/\/hurghadalovers.com\/ro\/tours\/piratii-calareti-cu-nava-pe-calatorie-pe-calatorie-pe-calatorie-pe-calatorie-pe-calatorie\/#local-main-place-address"},"telephone":["00201112596434"],"contactPoint":{"@type":"ContactPoint","telephone":"00201112596434","email":"weyouface@gmail.com"},"openingHoursSpecification":{"@type":"OpeningHoursSpecification","dayOfWeek":["Monday","Tuesday","Wednesday","Thursday","Friday","Saturday","Sunday"],"opens":"00:00","closes":"23:59"},"email":"weyouface@gmail.com","areaServed":"Luxor, Hurghada, El Gouna, Aswan, Sharm El Sheikh, Giza, Alexandria, Marsa Alam, Quseir, Soma Bay, Sahl Hasheesh, Red Sea, Makadi Bay, Cairo","priceRange":"$","currenciesAccepted":"euro","paymentAccepted":"cash on site"},{"@type":"PostalAddress","@id":"https:\/\/hurghadalovers.com\/ro\/tours\/piratii-calareti-cu-nava-pe-calatorie-pe-calatorie-pe-calatorie-pe-calatorie-pe-calatorie\/#local-main-place-address","streetAddress":"17 Banks street, Alkawther area, top nbk bank","addressLocality":"hurghada","postalCode":"84511","addressRegion":"red sea","addressCountry":"EG"},{"@type":"ImageObject","inLanguage":"ro-RO","@id":"https:\/\/hurghadalovers.com\/ro\/tours\/piratii-calareti-cu-nava-pe-calatorie-pe-calatorie-pe-calatorie-pe-calatorie-pe-calatorie\/#local-main-organization-logo","url":"https:\/\/hurghadalovers.com\/wp-content\/uploads\/2019\/10\/hurghada-excursions-logo.png","contentUrl":"https:\/\/hurghadalovers.com\/wp-content\/uploads\/2019\/10\/hurghada-excursions-logo.png","width":272,"height":90,"caption":"Hurghada Excursions"}]},"product_brand":"Excursii de Snorkeling de la Sahl Hasheesh","product_price_amount":"90","product_price_currency":"EUR","og_availability":"instock","product_availability":"instock","product_retailer_item_id":"Sahl342024","product_condition":"new","geo.placename":"hurghada","geo.region":"Egipt"},"_links":{"self":[{"href":"https:\/\/hurghadalovers.com\/ro\/wp-json\/wp\/v2\/product\/391418","targetHints":{"allow":["GET"]}}],"collection":[{"href":"https:\/\/hurghadalovers.com\/ro\/wp-json\/wp\/v2\/product"}],"about":[{"href":"https:\/\/hurghadalovers.com\/ro\/wp-json\/wp\/v2\/types\/product"}],"wp:featuredmedia":[{"embeddable":true,"href":"https:\/\/hurghadalovers.com\/ro\/wp-json\/wp\/v2\/media\/391212"}],"wp:attachment":[{"href":"https:\/\/hurghadalovers.com\/ro\/wp-json\/wp\/v2\/media?parent=391418"}],"wp:term":[{"taxonomy":"product_brand","embeddable":true,"href":"https:\/\/hurghadalovers.com\/ro\/wp-json\/wp\/v2\/product_brand?post=391418"},{"taxonomy":"product_cat","embeddable":true,"href":"https:\/\/hurghadalovers.com\/ro\/wp-json\/wp\/v2\/product_cat?post=391418"},{"taxonomy":"product_tag","embeddable":true,"href":"https:\/\/hurghadalovers.com\/ro\/wp-json\/wp\/v2\/product_tag?post=391418"}],"curies":[{"name":"wp","href":"https:\/\/api.w.org\/{rel}","templated":true}]}}