{"id":391396,"date":"2023-08-31T18:17:15","date_gmt":"2023-08-31T18:19:45","guid":{"rendered":"https:\/\/hurghadalovers.com\/shop\/fara-categorie\/inchiriere-de-ambarcatiuni-rapide-sahl-hasheesh-la-orange-bay-island\/"},"modified":"2026-02-08T00:15:30","modified_gmt":"2026-02-08T00:15:30","slug":"sahl-hasheesh-speedboat-inchiriere-barca-la-orange-bay-island","status":"publish","type":"product","link":"https:\/\/hurghadalovers.com\/ro\/tours\/sahl-hasheesh-speedboat-inchiriere-barca-la-orange-bay-island\/","title":{"rendered":"\u00cenchiriere de ambarca\u021biuni rapide Sahl Hasheesh la Orange Bay Island"},"content":{"rendered":"<p><strong>\u00cenchiriere de ambarca\u021biune rapid\u0103 <\/strong><strong>Sahl Hasheesh<\/strong> <strong>la Orange Bay Island <\/strong>cu bilete, snorkeling \u0219i transfer.<\/p>\n<p>Bucura\u021bi-v\u0103 de o zi special\u0103 \u0219i de o experien\u021b\u0103 unic\u0103, cu mai mult\u0103 <strong>intimitate<\/strong> \u0219i <strong>lux<\/strong>, \u0219i merge\u021bi cu familia \u0219i prietenii pe cele mai frumoase plaje din <strong>Insula Giftun<\/strong> \u0219i \u00eenota\u021bi \u00een cele mai frumoase locuri cu <strong>recife de corali<\/strong>.<\/p>\n<p>Oferim rezervarea doar \u00eenchiriere de barc\u0103 de vitez\u0103 privat\u0103 la <strong>Orange Bay Island<\/strong> cu bilete \u0219i bucura\u021bi-v\u0103 de plaj\u0103 pentru 4-5 ore \u0219i \u00eenapoi.<\/p>\n<p>&nbsp;<\/p>\n<p><strong>Puncte de interes:<\/strong><\/p>\n<ul>\n<li>un Spot Snorkeling House Reef.<\/li>\n<li>2-5 ore la Orange Bay Island Beach.<\/li>\n<\/ul>\n<p><strong>Detalii:<\/strong><\/p>\n<ul>\n<li>Disponibilitatea turului: \u00cen fiecare zi.<\/li>\n<li>Tip de tur: Privat.<\/li>\n<li>Ora de preluare: \u00eencepe de la 07:30 A.M. sau de la 12:30.<\/li>\n<li>Ora de preluare: 13:00 sau 18:00.<\/li>\n<li>Accesibil pentru scaune cu rotile.<\/li>\n<li>Durata: 4 ore.<\/li>\n<\/ul>\n<p><strong>Rezerva\u021bi acum \u0219i pl\u0103ti\u021bi mai t\u00e2rziu:<\/strong><\/p>\n<ul>\n<li>Numerar la fa\u021ba locului pentru a ghida.<\/li>\n<li>Plata prin lire egiptene, $, \u20ac sau \u00a3.<\/li>\n<\/ul>\n<p><strong>Politica de anulare:<\/strong><\/p>\n<ul>\n<li>anula\u021bi cu p\u00e2n\u0103 la 24 de ore \u00een avans.<\/li>\n<li>Atunci c\u00e2nd cineva din familia ta anuleaz\u0103 diminea\u021ba, pl\u0103ti\u021bi 50% din cost.<\/li>\n<\/ul>\n<p><strong>Ce este inclus?<\/strong><\/p>\n<ul>\n<li>Transfer de la Sahl Hasheesh Hotels &#8222;Hotel pick up and drop off&#8221;.<\/li>\n<li>Toate taxele, taxele de intrare \u0219i taxele de manipulare.<\/li>\n<li>Ap\u0103 mineral\u0103 + Cola.<\/li>\n<li>un loc de snorkeling.<\/li>\n<li>Echipament de snorkeling &#8222;M\u0103\u0219ti \u0219i aripioare de \u00eenot&#8221;.<\/li>\n<li>2-5 ore la <strong>Orange Bay Island<\/strong> <strong>Beach<\/strong>.<\/li>\n<\/ul>\n<p><strong>Excluderi?<\/strong><\/p>\n<ul>\n<li>Bac\u0219i\u0219uri.<\/li>\n<li>B\u0103uturi \u00een Orange Bay Restaurant Island.<\/li>\n<li>Orice extras care nu este men\u021bionat.<\/li>\n<\/ul>\n<p><strong>Pre\u021buri:<\/strong><\/p>\n<ul>\n<li>\u00cenchiriere ambarca\u021biune rapid\u0103 spre Orange Bay Island cu bilete &#8222;2 persoane&#8221; \u0219i transfer = 220$<\/li>\n<li>\u00cenchiriere ambarca\u021biune rapid\u0103 spre Orange Bay Island cu bilete &#8222;2 persoane&#8221;, Snorkeling \u0219i transfer = 270$<\/li>\n<li><strong>P\u00e2n\u0103 la 2 persoane Bilet suplimentar = 5$ pe persoan\u0103.<\/strong><\/li>\n<\/ul>\n<p>&nbsp;<\/p>\n<p><strong>Recenzii:<\/strong><\/p>\n<p>verifica\u021bi recenziile noastre Google Map ca cel mai bun <a href=\"https:\/\/g.page\/r\/CUeYvkngP3wkEBM\/review\">operator de<\/a> turism <a href=\"https:\/\/g.page\/r\/CUeYvkngP3wkEBM\/review\">\u00een<\/a> <a href=\"https:\/\/hurghadalovers.com\/\">Hurghada<\/a> online \u00een <a href=\"https:\/\/hurghadalovers.com\/\">Hurghada<\/a> Egipt.<\/p>\n<p>&nbsp;<\/p>\n<p><strong>Rezervare:<\/strong><\/p>\n<p>Trimite\u021bi hotelul + num\u0103rul camerei + pa\u0219apoartele cu fotografie la WhatsApp: <strong>+201112596434<\/strong><\/p>\n<p>If you out Egypt Booking now online and confirm when arrival Hotel.<\/p>\n<p>&nbsp;<\/p>\n<p>&nbsp;<\/p>\n","protected":false},"excerpt":{"rendered":"<p><strong>\u00cenchiriere de ambarca\u021biune rapid\u0103 <\/strong><strong>Sahl Hasheesh<\/strong> <strong>la Orange Bay Island <\/strong>cu bilete, snorkeling \u0219i transfer. Bucura\u021bi-v\u0103 de o zi special\u0103 \u0219i de o experien\u021b\u0103 unic\u0103 cu mai mult\u0103 <strong>intimitate<\/strong> \u0219i <strong>lux<\/strong><\/p>\n","protected":false},"featured_media":391195,"template":"","meta":{"_joinchat":[]},"product_brand":[],"product_cat":[29873],"product_tag":[49506],"class_list":{"0":"post-391396","1":"product","2":"type-product","3":"status-publish","4":"has-post-thumbnail","6":"product_cat-tours-romanian","7":"product_tag-sahl-hasheesh-private-boat-trip","8":"tour_category-excursii-snorkeling-din-sahl-hasheesh","9":"tour_category-lucruri-de-facut-in-sahl-hasheesh","11":"first","12":"instock","13":"sale","14":"shipping-taxable","15":"purchasable","16":"product-type-tour"},"yoast_head":"<!-- This site is optimized with the Yoast SEO Premium plugin v26.9 (Yoast SEO v27.2) - https:\/\/yoast.com\/product\/yoast-seo-premium-wordpress\/ -->\n<title>\u00cenchiriere de ambarca\u021biuni rapide Sahl Hasheesh la Orange Bay Island<\/title>\n<meta name=\"description\" content=\"\u00cenchiriere de ambarca\u021biune rapid\u0103 Sahl Hasheesh la Orange Bay Island cu bilete, snorkeling \u0219i transfer. Bucura\u021bi-v\u0103 de o zi special\u0103 \u0219i de o experien\u021b\u0103 unic\u0103 cu mai mult\u0103 intimitate\" \/>\n<meta name=\"robots\" content=\"index, follow, max-snippet:-1, max-image-preview:large, max-video-preview:-1\" \/>\n<link rel=\"canonical\" href=\"https:\/\/hurghadalovers.com\/ro\/tours\/sahl-hasheesh-speedboat-inchiriere-barca-la-orange-bay-island\/\" \/>\n<meta property=\"og:locale\" content=\"ro_RO\" \/>\n<meta property=\"og:type\" content=\"article\" \/>\n<meta property=\"og:title\" content=\"\u00cenchiriere de ambarca\u021biuni rapide Sahl Hasheesh la Orange Bay Island\" \/>\n<meta property=\"og:description\" content=\"\u00cenchiriere de ambarca\u021biune rapid\u0103 Sahl Hasheesh la Orange Bay Island cu bilete, snorkeling \u0219i transfer. Bucura\u021bi-v\u0103 de o zi special\u0103 \u0219i de o experien\u021b\u0103 unic\u0103 cu mai mult\u0103 intimitate\" \/>\n<meta property=\"og:url\" content=\"https:\/\/hurghadalovers.com\/ro\/tours\/sahl-hasheesh-speedboat-inchiriere-barca-la-orange-bay-island\/\" \/>\n<meta property=\"og:site_name\" content=\"Hurghada Excursions &amp; Day Trips | Booking Best Prices Tours\" \/>\n<meta property=\"article:publisher\" content=\"https:\/\/www.facebook.com\/Hurghadaloversegypt\" \/>\n<meta property=\"article:modified_time\" content=\"2026-02-08T00:15:30+00:00\" \/>\n<meta property=\"og:image\" content=\"https:\/\/hurghadalovers.com\/wp-content\/uploads\/2023\/08\/Sahl-Hasheesh-Speedboat-Rental-to-Orange-bay-Island.jpeg\" \/>\n\t<meta property=\"og:image:width\" content=\"1156\" \/>\n\t<meta property=\"og:image:height\" content=\"867\" \/>\n\t<meta property=\"og:image:type\" content=\"image\/jpeg\" \/>\n<meta name=\"twitter:card\" content=\"summary_large_image\" \/>\n<meta name=\"twitter:label1\" content=\"Pre\u021b\" \/>\n\t<meta name=\"twitter:data1\" content=\"&euro;&nbsp;220\" \/>\n\t<meta name=\"twitter:label2\" content=\"Disponibilitate\" \/>\n\t<meta name=\"twitter:data2\" content=\"\u00cen stoc\" \/>\n<script type=\"application\/ld+json\" class=\"yoast-schema-graph\">{\"@context\":\"https:\/\/schema.org\",\"@graph\":[{\"@type\":[\"WebPage\",\"ItemPage\"],\"@id\":\"https:\/\/hurghadalovers.com\/ro\/tours\/sahl-hasheesh-speedboat-inchiriere-barca-la-orange-bay-island\/\",\"url\":\"https:\/\/hurghadalovers.com\/ro\/tours\/sahl-hasheesh-speedboat-inchiriere-barca-la-orange-bay-island\/\",\"name\":\"\u00cenchiriere de ambarca\u021biuni rapide Sahl Hasheesh la Orange Bay Island\",\"isPartOf\":{\"@id\":\"https:\/\/hurghadalovers.com\/ro\/#website\"},\"primaryImageOfPage\":{\"@id\":\"https:\/\/hurghadalovers.com\/ro\/tours\/sahl-hasheesh-speedboat-inchiriere-barca-la-orange-bay-island\/#primaryimage\"},\"image\":{\"@id\":\"https:\/\/hurghadalovers.com\/ro\/tours\/sahl-hasheesh-speedboat-inchiriere-barca-la-orange-bay-island\/#primaryimage\"},\"thumbnailUrl\":\"https:\/\/hurghadalovers.com\/wp-content\/uploads\/2023\/08\/Sahl-Hasheesh-Speedboat-Rental-to-Orange-bay-Island.jpeg\",\"datePublished\":\"2023-08-31T18:19:45+00:00\",\"dateModified\":\"2026-02-08T00:15:30+00:00\",\"description\":\"\u00cenchiriere de ambarca\u021biune rapid\u0103 Sahl Hasheesh la Orange Bay Island cu bilete, snorkeling \u0219i transfer. Bucura\u021bi-v\u0103 de o zi special\u0103 \u0219i de o experien\u021b\u0103 unic\u0103 cu mai mult\u0103 intimitate\",\"breadcrumb\":{\"@id\":\"https:\/\/hurghadalovers.com\/ro\/tours\/sahl-hasheesh-speedboat-inchiriere-barca-la-orange-bay-island\/#breadcrumb\"},\"inLanguage\":\"ro-RO\",\"potentialAction\":[{\"@type\":\"ReadAction\",\"target\":[\"https:\/\/hurghadalovers.com\/ro\/tours\/sahl-hasheesh-speedboat-inchiriere-barca-la-orange-bay-island\/\"]}]},{\"@type\":\"ImageObject\",\"inLanguage\":\"ro-RO\",\"@id\":\"https:\/\/hurghadalovers.com\/ro\/tours\/sahl-hasheesh-speedboat-inchiriere-barca-la-orange-bay-island\/#primaryimage\",\"url\":\"https:\/\/hurghadalovers.com\/wp-content\/uploads\/2023\/08\/Sahl-Hasheesh-Speedboat-Rental-to-Orange-bay-Island.jpeg\",\"contentUrl\":\"https:\/\/hurghadalovers.com\/wp-content\/uploads\/2023\/08\/Sahl-Hasheesh-Speedboat-Rental-to-Orange-bay-Island.jpeg\",\"width\":1156,\"height\":867,\"caption\":\"\u00cenchiriere de ambarca\u021biuni rapide Sahl Hasheesh la Orange Bay Island\"},{\"@type\":\"BreadcrumbList\",\"@id\":\"https:\/\/hurghadalovers.com\/ro\/tours\/sahl-hasheesh-speedboat-inchiriere-barca-la-orange-bay-island\/#breadcrumb\",\"itemListElement\":[{\"@type\":\"ListItem\",\"position\":1,\"name\":\"Home\",\"item\":\"https:\/\/hurghadalovers.com\/ro\/\"},{\"@type\":\"ListItem\",\"position\":2,\"name\":\"Shop\",\"item\":\"https:\/\/hurghadalovers.com\/shop\/\"},{\"@type\":\"ListItem\",\"position\":3,\"name\":\"\u00cenchiriere de ambarca\u021biuni rapide Sahl Hasheesh la Orange Bay Island\"}]},{\"@type\":\"WebSite\",\"@id\":\"https:\/\/hurghadalovers.com\/ro\/#website\",\"url\":\"https:\/\/hurghadalovers.com\/ro\/\",\"name\":\"Hurghada Excursions & Day Trips | Booking Best Prices Tours\",\"description\":\"Hurghada Lovers - Best Tour Operator - Excursions &amp; Things to do for Family Day Trips with kids and Couples Romantic. Unique .Hidden gems\",\"publisher\":{\"@id\":\"https:\/\/hurghadalovers.com\/ro\/#organization\"},\"alternateName\":\"Hurghada Excursions\",\"potentialAction\":[{\"@type\":\"SearchAction\",\"target\":{\"@type\":\"EntryPoint\",\"urlTemplate\":\"https:\/\/hurghadalovers.com\/ro\/?s={search_term_string}\"},\"query-input\":{\"@type\":\"PropertyValueSpecification\",\"valueRequired\":true,\"valueName\":\"search_term_string\"}}],\"inLanguage\":\"ro-RO\"},{\"@type\":[\"Organization\",\"Place\",\"TravelAgency\"],\"@id\":\"https:\/\/hurghadalovers.com\/ro\/#organization\",\"name\":\"Hurghada Excursions\",\"url\":\"https:\/\/hurghadalovers.com\/ro\/\",\"logo\":{\"@id\":\"https:\/\/hurghadalovers.com\/ro\/tours\/sahl-hasheesh-speedboat-inchiriere-barca-la-orange-bay-island\/#local-main-organization-logo\"},\"image\":{\"@id\":\"https:\/\/hurghadalovers.com\/ro\/tours\/sahl-hasheesh-speedboat-inchiriere-barca-la-orange-bay-island\/#local-main-organization-logo\"},\"sameAs\":[\"https:\/\/www.facebook.com\/Hurghadaloversegypt\"],\"address\":{\"@id\":\"https:\/\/hurghadalovers.com\/ro\/tours\/sahl-hasheesh-speedboat-inchiriere-barca-la-orange-bay-island\/#local-main-place-address\"},\"telephone\":[\"00201112596434\"],\"contactPoint\":{\"@type\":\"ContactPoint\",\"telephone\":\"00201112596434\",\"email\":\"weyouface@gmail.com\"},\"openingHoursSpecification\":{\"@type\":\"OpeningHoursSpecification\",\"dayOfWeek\":[\"Monday\",\"Tuesday\",\"Wednesday\",\"Thursday\",\"Friday\",\"Saturday\",\"Sunday\"],\"opens\":\"00:00\",\"closes\":\"23:59\"},\"email\":\"weyouface@gmail.com\",\"areaServed\":\"Luxor, Hurghada, El Gouna, Aswan, Sharm El Sheikh, Giza, Alexandria, Marsa Alam, Quseir, Soma Bay, Sahl Hasheesh, Red Sea, Makadi Bay, Cairo\",\"priceRange\":\"$\",\"currenciesAccepted\":\"euro\",\"paymentAccepted\":\"cash on site\"},{\"@type\":\"PostalAddress\",\"@id\":\"https:\/\/hurghadalovers.com\/ro\/tours\/sahl-hasheesh-speedboat-inchiriere-barca-la-orange-bay-island\/#local-main-place-address\",\"streetAddress\":\"17 Banks street, Alkawther area, top nbk bank\",\"addressLocality\":\"hurghada\",\"postalCode\":\"84511\",\"addressRegion\":\"red sea\",\"addressCountry\":\"EG\"},{\"@type\":\"ImageObject\",\"inLanguage\":\"ro-RO\",\"@id\":\"https:\/\/hurghadalovers.com\/ro\/tours\/sahl-hasheesh-speedboat-inchiriere-barca-la-orange-bay-island\/#local-main-organization-logo\",\"url\":\"https:\/\/hurghadalovers.com\/wp-content\/uploads\/2019\/10\/hurghada-excursions-logo.png\",\"contentUrl\":\"https:\/\/hurghadalovers.com\/wp-content\/uploads\/2019\/10\/hurghada-excursions-logo.png\",\"width\":272,\"height\":90,\"caption\":\"Hurghada Excursions\"}]}<\/script>\n<meta property=\"product:brand\" content=\"Excursii de Snorkeling de la Sahl Hasheesh\" \/>\n<meta property=\"product:price:amount\" content=\"220\" \/>\n<meta property=\"product:price:currency\" content=\"EUR\" \/>\n<meta property=\"og:availability\" content=\"instock\" \/>\n<meta property=\"product:availability\" content=\"instock\" \/>\n<meta property=\"product:retailer_item_id\" content=\"Sahl332024\" \/>\n<meta property=\"product:condition\" content=\"new\" \/>\n<meta name=\"geo.placename\" content=\"hurghada\" \/>\n<meta name=\"geo.region\" content=\"Egipt\" \/>\n<!-- \/ Yoast SEO Premium plugin. -->","yoast_head_json":{"title":"\u00cenchiriere de ambarca\u021biuni rapide Sahl Hasheesh la Orange Bay Island","description":"\u00cenchiriere de ambarca\u021biune rapid\u0103 Sahl Hasheesh la Orange Bay Island cu bilete, snorkeling \u0219i transfer. Bucura\u021bi-v\u0103 de o zi special\u0103 \u0219i de o experien\u021b\u0103 unic\u0103 cu mai mult\u0103 intimitate","robots":{"index":"index","follow":"follow","max-snippet":"max-snippet:-1","max-image-preview":"max-image-preview:large","max-video-preview":"max-video-preview:-1"},"canonical":"https:\/\/hurghadalovers.com\/ro\/tours\/sahl-hasheesh-speedboat-inchiriere-barca-la-orange-bay-island\/","og_locale":"ro_RO","og_type":"article","og_title":"\u00cenchiriere de ambarca\u021biuni rapide Sahl Hasheesh la Orange Bay Island","og_description":"\u00cenchiriere de ambarca\u021biune rapid\u0103 Sahl Hasheesh la Orange Bay Island cu bilete, snorkeling \u0219i transfer. Bucura\u021bi-v\u0103 de o zi special\u0103 \u0219i de o experien\u021b\u0103 unic\u0103 cu mai mult\u0103 intimitate","og_url":"https:\/\/hurghadalovers.com\/ro\/tours\/sahl-hasheesh-speedboat-inchiriere-barca-la-orange-bay-island\/","og_site_name":"Hurghada Excursions &amp; Day Trips | Booking Best Prices Tours","article_publisher":"https:\/\/www.facebook.com\/Hurghadaloversegypt","article_modified_time":"2026-02-08T00:15:30+00:00","og_image":[{"width":1156,"height":867,"url":"https:\/\/hurghadalovers.com\/wp-content\/uploads\/2023\/08\/Sahl-Hasheesh-Speedboat-Rental-to-Orange-bay-Island.jpeg","type":"image\/jpeg"}],"twitter_card":"summary_large_image","twitter_misc":{"Pre\u021b":"&euro;&nbsp;220","Disponibilitate":"\u00cen stoc"},"schema":{"@context":"https:\/\/schema.org","@graph":[{"@type":["WebPage","ItemPage"],"@id":"https:\/\/hurghadalovers.com\/ro\/tours\/sahl-hasheesh-speedboat-inchiriere-barca-la-orange-bay-island\/","url":"https:\/\/hurghadalovers.com\/ro\/tours\/sahl-hasheesh-speedboat-inchiriere-barca-la-orange-bay-island\/","name":"\u00cenchiriere de ambarca\u021biuni rapide Sahl Hasheesh la Orange Bay Island","isPartOf":{"@id":"https:\/\/hurghadalovers.com\/ro\/#website"},"primaryImageOfPage":{"@id":"https:\/\/hurghadalovers.com\/ro\/tours\/sahl-hasheesh-speedboat-inchiriere-barca-la-orange-bay-island\/#primaryimage"},"image":{"@id":"https:\/\/hurghadalovers.com\/ro\/tours\/sahl-hasheesh-speedboat-inchiriere-barca-la-orange-bay-island\/#primaryimage"},"thumbnailUrl":"https:\/\/hurghadalovers.com\/wp-content\/uploads\/2023\/08\/Sahl-Hasheesh-Speedboat-Rental-to-Orange-bay-Island.jpeg","datePublished":"2023-08-31T18:19:45+00:00","dateModified":"2026-02-08T00:15:30+00:00","description":"\u00cenchiriere de ambarca\u021biune rapid\u0103 Sahl Hasheesh la Orange Bay Island cu bilete, snorkeling \u0219i transfer. Bucura\u021bi-v\u0103 de o zi special\u0103 \u0219i de o experien\u021b\u0103 unic\u0103 cu mai mult\u0103 intimitate","breadcrumb":{"@id":"https:\/\/hurghadalovers.com\/ro\/tours\/sahl-hasheesh-speedboat-inchiriere-barca-la-orange-bay-island\/#breadcrumb"},"inLanguage":"ro-RO","potentialAction":[{"@type":"ReadAction","target":["https:\/\/hurghadalovers.com\/ro\/tours\/sahl-hasheesh-speedboat-inchiriere-barca-la-orange-bay-island\/"]}]},{"@type":"ImageObject","inLanguage":"ro-RO","@id":"https:\/\/hurghadalovers.com\/ro\/tours\/sahl-hasheesh-speedboat-inchiriere-barca-la-orange-bay-island\/#primaryimage","url":"https:\/\/hurghadalovers.com\/wp-content\/uploads\/2023\/08\/Sahl-Hasheesh-Speedboat-Rental-to-Orange-bay-Island.jpeg","contentUrl":"https:\/\/hurghadalovers.com\/wp-content\/uploads\/2023\/08\/Sahl-Hasheesh-Speedboat-Rental-to-Orange-bay-Island.jpeg","width":1156,"height":867,"caption":"\u00cenchiriere de ambarca\u021biuni rapide Sahl Hasheesh la Orange Bay Island"},{"@type":"BreadcrumbList","@id":"https:\/\/hurghadalovers.com\/ro\/tours\/sahl-hasheesh-speedboat-inchiriere-barca-la-orange-bay-island\/#breadcrumb","itemListElement":[{"@type":"ListItem","position":1,"name":"Home","item":"https:\/\/hurghadalovers.com\/ro\/"},{"@type":"ListItem","position":2,"name":"Shop","item":"https:\/\/hurghadalovers.com\/shop\/"},{"@type":"ListItem","position":3,"name":"\u00cenchiriere de ambarca\u021biuni rapide Sahl Hasheesh la Orange Bay Island"}]},{"@type":"WebSite","@id":"https:\/\/hurghadalovers.com\/ro\/#website","url":"https:\/\/hurghadalovers.com\/ro\/","name":"Hurghada Excursions & Day Trips | Booking Best Prices Tours","description":"Hurghada Lovers - Best Tour Operator - Excursions &amp; Things to do for Family Day Trips with kids and Couples Romantic. Unique .Hidden gems","publisher":{"@id":"https:\/\/hurghadalovers.com\/ro\/#organization"},"alternateName":"Hurghada Excursions","potentialAction":[{"@type":"SearchAction","target":{"@type":"EntryPoint","urlTemplate":"https:\/\/hurghadalovers.com\/ro\/?s={search_term_string}"},"query-input":{"@type":"PropertyValueSpecification","valueRequired":true,"valueName":"search_term_string"}}],"inLanguage":"ro-RO"},{"@type":["Organization","Place","TravelAgency"],"@id":"https:\/\/hurghadalovers.com\/ro\/#organization","name":"Hurghada Excursions","url":"https:\/\/hurghadalovers.com\/ro\/","logo":{"@id":"https:\/\/hurghadalovers.com\/ro\/tours\/sahl-hasheesh-speedboat-inchiriere-barca-la-orange-bay-island\/#local-main-organization-logo"},"image":{"@id":"https:\/\/hurghadalovers.com\/ro\/tours\/sahl-hasheesh-speedboat-inchiriere-barca-la-orange-bay-island\/#local-main-organization-logo"},"sameAs":["https:\/\/www.facebook.com\/Hurghadaloversegypt"],"address":{"@id":"https:\/\/hurghadalovers.com\/ro\/tours\/sahl-hasheesh-speedboat-inchiriere-barca-la-orange-bay-island\/#local-main-place-address"},"telephone":["00201112596434"],"contactPoint":{"@type":"ContactPoint","telephone":"00201112596434","email":"weyouface@gmail.com"},"openingHoursSpecification":{"@type":"OpeningHoursSpecification","dayOfWeek":["Monday","Tuesday","Wednesday","Thursday","Friday","Saturday","Sunday"],"opens":"00:00","closes":"23:59"},"email":"weyouface@gmail.com","areaServed":"Luxor, Hurghada, El Gouna, Aswan, Sharm El Sheikh, Giza, Alexandria, Marsa Alam, Quseir, Soma Bay, Sahl Hasheesh, Red Sea, Makadi Bay, Cairo","priceRange":"$","currenciesAccepted":"euro","paymentAccepted":"cash on site"},{"@type":"PostalAddress","@id":"https:\/\/hurghadalovers.com\/ro\/tours\/sahl-hasheesh-speedboat-inchiriere-barca-la-orange-bay-island\/#local-main-place-address","streetAddress":"17 Banks street, Alkawther area, top nbk bank","addressLocality":"hurghada","postalCode":"84511","addressRegion":"red sea","addressCountry":"EG"},{"@type":"ImageObject","inLanguage":"ro-RO","@id":"https:\/\/hurghadalovers.com\/ro\/tours\/sahl-hasheesh-speedboat-inchiriere-barca-la-orange-bay-island\/#local-main-organization-logo","url":"https:\/\/hurghadalovers.com\/wp-content\/uploads\/2019\/10\/hurghada-excursions-logo.png","contentUrl":"https:\/\/hurghadalovers.com\/wp-content\/uploads\/2019\/10\/hurghada-excursions-logo.png","width":272,"height":90,"caption":"Hurghada Excursions"}]},"product_brand":"Excursii de Snorkeling de la Sahl Hasheesh","product_price_amount":"220","product_price_currency":"EUR","og_availability":"instock","product_availability":"instock","product_retailer_item_id":"Sahl332024","product_condition":"new","geo.placename":"hurghada","geo.region":"Egipt"},"_links":{"self":[{"href":"https:\/\/hurghadalovers.com\/ro\/wp-json\/wp\/v2\/product\/391396","targetHints":{"allow":["GET"]}}],"collection":[{"href":"https:\/\/hurghadalovers.com\/ro\/wp-json\/wp\/v2\/product"}],"about":[{"href":"https:\/\/hurghadalovers.com\/ro\/wp-json\/wp\/v2\/types\/product"}],"wp:featuredmedia":[{"embeddable":true,"href":"https:\/\/hurghadalovers.com\/ro\/wp-json\/wp\/v2\/media\/391195"}],"wp:attachment":[{"href":"https:\/\/hurghadalovers.com\/ro\/wp-json\/wp\/v2\/media?parent=391396"}],"wp:term":[{"taxonomy":"product_brand","embeddable":true,"href":"https:\/\/hurghadalovers.com\/ro\/wp-json\/wp\/v2\/product_brand?post=391396"},{"taxonomy":"product_cat","embeddable":true,"href":"https:\/\/hurghadalovers.com\/ro\/wp-json\/wp\/v2\/product_cat?post=391396"},{"taxonomy":"product_tag","embeddable":true,"href":"https:\/\/hurghadalovers.com\/ro\/wp-json\/wp\/v2\/product_tag?post=391396"}],"curies":[{"name":"wp","href":"https:\/\/api.w.org\/{rel}","templated":true}]}}