{"id":390878,"date":"2023-08-31T14:00:42","date_gmt":"2023-08-31T14:07:43","guid":{"rendered":"https:\/\/hurghadalovers.com\/shop\/fara-categorie\/excursii-ieftine-de-la-sahl-hasheesh-la-luxor-cu-autobuzul-fara-bilete\/"},"modified":"2026-02-08T18:38:03","modified_gmt":"2026-02-08T18:38:03","slug":"cheap-sahl-hasheesh-excursii-la-luxor-cu-autobuz-fara-bilete","status":"publish","type":"product","link":"https:\/\/hurghadalovers.com\/ro\/tours\/cheap-sahl-hasheesh-excursii-la-luxor-cu-autobuz-fara-bilete\/","title":{"rendered":"Excursii ieftine de la Sahl Hasheesh la Luxor cu autobuzul f\u0103r\u0103 bilete"},"content":{"rendered":"<p><strong>Excursii<\/strong> <strong>ieftine <\/strong><strong>Sahl Hasheesh<\/strong> <strong>la Luxor<\/strong> cu autobuzul f\u0103r\u0103 bilete cu pr\u00e2nz, transfer pentru atrac\u021biile turistice din Luxor.<\/p>\n<p style=\"text-align: center;\"><span style=\"color: #808000;\"><strong>Descoperi\u021bi secretele civiliza\u021biei faraonice<\/strong><\/span><\/p>\n<p>&nbsp;<\/p>\n<p><strong>Puncte de interes:<\/strong><\/p>\n<ol>\n<li>Pr\u00e2nz la restaurantul &#8222;M\u00e2ncarea pentru vegetarieni este disponibil\u0103&#8221;.<\/li>\n<\/ol>\n<p><strong>Ieftin <\/strong><strong>Sahl Hasheesh<\/strong> <strong>Excursii la Luxor cu autobuzul Detalii:<\/strong><\/p>\n<ul>\n<li>Disponibilitatea turului: \u00cen fiecare zi.<\/li>\n<li>Tip de tur: Grup.<\/li>\n<li>Ora de preluare: \u00cencep\u00e2nd cu ora 05:00 A.M.<\/li>\n<li>Cerere Hotel ob\u021bine\u021bi geanta de mic dejun cu tine Diminea\u021ba.<\/li>\n<li>Ora de preluare: 19:30.<\/li>\n<li>Accesibil pentru scaune cu rotile.<\/li>\n<li>Durata: 20 ore.<\/li>\n<\/ul>\n<p><strong>Rezerva\u021bi acum \u0219i pl\u0103ti\u021bi mai t\u00e2rziu:<\/strong><\/p>\n<ul>\n<li>Numerar la fa\u021ba locului pentru a ghida.<\/li>\n<li>Plata prin lire egiptene, $, \u20ac sau \u00a3.<\/li>\n<\/ul>\n<p><strong>Politica de anulare:<\/strong><\/p>\n<ul>\n<li>anula\u021bi cu p\u00e2n\u0103 la 24 de ore \u00een avans.<\/li>\n<li>Atunci c\u00e2nd cineva din familia ta anuleaz\u0103 diminea\u021ba, pl\u0103ti\u021bi 50% din cost.<\/li>\n<\/ul>\n<p><strong>Ce este inclus?<\/strong><\/p>\n<ul>\n<li>Transfer de la Sahl Hasheesh Hotels &#8222;Hotel pick up and drop off&#8221;.<\/li>\n<li>Transferuri.<\/li>\n<li>Pr\u00e2nz \u00een restaurant.<\/li>\n<\/ul>\n<p><strong>Excluderi?<\/strong><\/p>\n<ul>\n<li>Bac\u0219i\u0219uri.<\/li>\n<li>Excursie cu Felucca &#8222;Croazier\u0103 cu barca&#8221; Pentru 35 min= 10$.<\/li>\n<li>Bilete pentru atrac\u021biile turistice din Luxor.<\/li>\n<li>Orice extras care nu este men\u021bionat.<\/li>\n<\/ul>\n<p><strong>Pre\u021buri:<\/strong><\/p>\n<ul>\n<li><strong>Pre\u021b pentru adul\u021bi = 45$ pe persoan\u0103<\/strong>.<\/li>\n<li>Pre\u021bul pentru copii &#8222;5-12\u2033= 50%.<\/li>\n<li>pentru copii &#8222;0-5&#8221; = gratuit.<\/li>\n<\/ul>\n<p>&nbsp;<\/p>\n<p><strong>Recenzii:<\/strong><\/p>\n<p>verifica\u021bi recenziile noastre Google Map ca cel mai bun <a href=\"https:\/\/g.page\/r\/CUeYvkngP3wkEBM\/review\">operator de<\/a> turism <a href=\"https:\/\/g.page\/r\/CUeYvkngP3wkEBM\/review\">\u00een<\/a> <a href=\"https:\/\/hurghadalovers.com\/\">Hurghada<\/a> online \u00een <a href=\"https:\/\/hurghadalovers.com\/\">Hurghada<\/a> Egipt.<\/p>\n<p>&nbsp;<\/p>\n<p><strong>Rezervare:<\/strong><\/p>\n<p>Trimite\u021bi hotelul + num\u0103rul camerei + pa\u0219apoartele cu fotografie la WhatsApp: <strong>+201112596434<\/strong><\/p>\n<p>If you out Egypt Booking now online and confirm when arrival Hotel.<\/p>\n<p>&nbsp;<\/p>\n<p>&nbsp;<\/p>\n","protected":false},"excerpt":{"rendered":"<p><strong>Excursii<\/strong> <strong>ieftine <\/strong><strong>Sahl Hasheesh<\/strong> <strong>la Luxor<\/strong> cu autobuzul f\u0103r\u0103 bilete cu pr\u00e2nz, transfer pentru atrac\u021biile turistice din Luxor.<\/p>\n<p style=\"text-align: center;\"><span style=\"color: #808000;\"><strong>Descoperi\u021bi secretele civiliza\u021biei faraonice<\/strong><\/span><\/p>\n<p>&nbsp;<\/p>\n<p>&nbsp;<\/p>\n","protected":false},"featured_media":390692,"template":"","meta":{"_joinchat":[]},"product_brand":[],"product_cat":[29873],"product_tag":[49699,49694,53117,52940,53107,53046,52983,53123,53112,53102,53051,53134,53129],"class_list":{"0":"post-390878","1":"product","2":"type-product","3":"status-publish","4":"has-post-thumbnail","6":"product_cat-tours-romanian","7":"product_tag-activitati-de-interior-pentru-cupluri-sahl-hasheesh","8":"product_tag-activitati-romantice-pentru-cupluri-in-sahl-hasheesh","9":"product_tag-excursie-de-o-zi-la-luxor-din-sahl-hasheesh","10":"product_tag-familie-lucruri-de-facut-in-sahl-hasheesh","11":"product_tag-luxor-excursie-de-la-sahl-hasheesh","12":"product_tag-sahl-hasheesh-ce-sa-faceti","13":"product_tag-sahl-hasheesh-excursii-ieftine-pentru-familii","14":"product_tag-sahl-hasheesh-excursii-la-luxor","15":"product_tag-sahl-hasheesh-la-luxor-autobuz","16":"product_tag-sahl-hasheesh-la-luxor-excursie-de-o-zi","17":"product_tag-sahl-hasheesh-tururi-de-o-zi","18":"product_tag-transfer-de-la-luxor-la-sahl-hasheesh","19":"product_tag-turul-luxor-din-sahl-hasheesh","20":"tour_category-excursii-de-o-zi-din-luxor-din-sahl-hasheesh","21":"tour_category-lucruri-de-facut-in-sahl-hasheesh","23":"first","24":"instock","25":"sale","26":"shipping-taxable","27":"purchasable","28":"product-type-tour"},"yoast_head":"<!-- This site is optimized with the Yoast SEO Premium plugin v26.9 (Yoast SEO v27.2) - https:\/\/yoast.com\/product\/yoast-seo-premium-wordpress\/ -->\n<title>Excursii ieftine de la Sahl Hasheesh la Luxor cu autobuzul f\u0103r\u0103 bilete<\/title>\n<meta name=\"description\" content=\"Excursii ieftine Sahl Hasheesh la Luxor cu autobuzul f\u0103r\u0103 bilete cu pr\u00e2nz, transfer pentru atrac\u021biile turistice din Luxor. Descoperi\u021bi secretele faraonice\" \/>\n<meta name=\"robots\" content=\"index, follow, max-snippet:-1, max-image-preview:large, max-video-preview:-1\" \/>\n<link rel=\"canonical\" href=\"https:\/\/hurghadalovers.com\/ro\/tours\/cheap-sahl-hasheesh-excursii-la-luxor-cu-autobuz-fara-bilete\/\" \/>\n<meta property=\"og:locale\" content=\"ro_RO\" \/>\n<meta property=\"og:type\" content=\"article\" \/>\n<meta property=\"og:title\" content=\"Excursii ieftine de la Sahl Hasheesh la Luxor cu autobuzul f\u0103r\u0103 bilete\" \/>\n<meta property=\"og:description\" content=\"Excursii ieftine Sahl Hasheesh la Luxor cu autobuzul f\u0103r\u0103 bilete cu pr\u00e2nz, transfer pentru atrac\u021biile turistice din Luxor. Descoperi\u021bi secretele faraonice\" \/>\n<meta property=\"og:url\" content=\"https:\/\/hurghadalovers.com\/ro\/tours\/cheap-sahl-hasheesh-excursii-la-luxor-cu-autobuz-fara-bilete\/\" \/>\n<meta property=\"og:site_name\" content=\"Hurghada Excursions &amp; Day Trips | Booking Best Prices Tours\" \/>\n<meta property=\"article:publisher\" content=\"https:\/\/www.facebook.com\/Hurghadaloversegypt\" \/>\n<meta property=\"article:modified_time\" content=\"2026-02-08T18:38:03+00:00\" \/>\n<meta property=\"og:image\" content=\"https:\/\/hurghadalovers.com\/wp-content\/uploads\/2023\/08\/Cheap-Sahl-Hasheesh-Excursions-to-Luxor-by-Bus.jpeg\" \/>\n\t<meta property=\"og:image:width\" content=\"1536\" \/>\n\t<meta property=\"og:image:height\" content=\"849\" \/>\n\t<meta property=\"og:image:type\" content=\"image\/jpeg\" \/>\n<meta name=\"twitter:card\" content=\"summary_large_image\" \/>\n<meta name=\"twitter:label1\" content=\"Pre\u021b\" \/>\n\t<meta name=\"twitter:data1\" content=\"&euro;&nbsp;45\" \/>\n\t<meta name=\"twitter:label2\" content=\"Disponibilitate\" \/>\n\t<meta name=\"twitter:data2\" content=\"\u00cen stoc\" \/>\n<script type=\"application\/ld+json\" class=\"yoast-schema-graph\">{\"@context\":\"https:\/\/schema.org\",\"@graph\":[{\"@type\":[\"WebPage\",\"ItemPage\"],\"@id\":\"https:\/\/hurghadalovers.com\/ro\/tours\/cheap-sahl-hasheesh-excursii-la-luxor-cu-autobuz-fara-bilete\/\",\"url\":\"https:\/\/hurghadalovers.com\/ro\/tours\/cheap-sahl-hasheesh-excursii-la-luxor-cu-autobuz-fara-bilete\/\",\"name\":\"Excursii ieftine de la Sahl Hasheesh la Luxor cu autobuzul f\u0103r\u0103 bilete\",\"isPartOf\":{\"@id\":\"https:\/\/hurghadalovers.com\/ro\/#website\"},\"primaryImageOfPage\":{\"@id\":\"https:\/\/hurghadalovers.com\/ro\/tours\/cheap-sahl-hasheesh-excursii-la-luxor-cu-autobuz-fara-bilete\/#primaryimage\"},\"image\":{\"@id\":\"https:\/\/hurghadalovers.com\/ro\/tours\/cheap-sahl-hasheesh-excursii-la-luxor-cu-autobuz-fara-bilete\/#primaryimage\"},\"thumbnailUrl\":\"https:\/\/hurghadalovers.com\/wp-content\/uploads\/2023\/08\/Cheap-Sahl-Hasheesh-Excursions-to-Luxor-by-Bus.jpeg\",\"datePublished\":\"2023-08-31T14:07:43+00:00\",\"dateModified\":\"2026-02-08T18:38:03+00:00\",\"description\":\"Excursii ieftine Sahl Hasheesh la Luxor cu autobuzul f\u0103r\u0103 bilete cu pr\u00e2nz, transfer pentru atrac\u021biile turistice din Luxor. Descoperi\u021bi secretele faraonice\",\"breadcrumb\":{\"@id\":\"https:\/\/hurghadalovers.com\/ro\/tours\/cheap-sahl-hasheesh-excursii-la-luxor-cu-autobuz-fara-bilete\/#breadcrumb\"},\"inLanguage\":\"ro-RO\",\"potentialAction\":[{\"@type\":\"ReadAction\",\"target\":[\"https:\/\/hurghadalovers.com\/ro\/tours\/cheap-sahl-hasheesh-excursii-la-luxor-cu-autobuz-fara-bilete\/\"]}]},{\"@type\":\"ImageObject\",\"inLanguage\":\"ro-RO\",\"@id\":\"https:\/\/hurghadalovers.com\/ro\/tours\/cheap-sahl-hasheesh-excursii-la-luxor-cu-autobuz-fara-bilete\/#primaryimage\",\"url\":\"https:\/\/hurghadalovers.com\/wp-content\/uploads\/2023\/08\/Cheap-Sahl-Hasheesh-Excursions-to-Luxor-by-Bus.jpeg\",\"contentUrl\":\"https:\/\/hurghadalovers.com\/wp-content\/uploads\/2023\/08\/Cheap-Sahl-Hasheesh-Excursions-to-Luxor-by-Bus.jpeg\",\"width\":1536,\"height\":849,\"caption\":\"Excursii ieftine de la Sahl Hasheesh la Luxor cu autobuzul\"},{\"@type\":\"BreadcrumbList\",\"@id\":\"https:\/\/hurghadalovers.com\/ro\/tours\/cheap-sahl-hasheesh-excursii-la-luxor-cu-autobuz-fara-bilete\/#breadcrumb\",\"itemListElement\":[{\"@type\":\"ListItem\",\"position\":1,\"name\":\"Home\",\"item\":\"https:\/\/hurghadalovers.com\/ro\/\"},{\"@type\":\"ListItem\",\"position\":2,\"name\":\"Shop\",\"item\":\"https:\/\/hurghadalovers.com\/shop\/\"},{\"@type\":\"ListItem\",\"position\":3,\"name\":\"Excursii ieftine de la Sahl Hasheesh la Luxor cu autobuzul f\u0103r\u0103 bilete\"}]},{\"@type\":\"WebSite\",\"@id\":\"https:\/\/hurghadalovers.com\/ro\/#website\",\"url\":\"https:\/\/hurghadalovers.com\/ro\/\",\"name\":\"Hurghada Excursions & Day Trips | Booking Best Prices Tours\",\"description\":\"Hurghada Lovers - Best Tour Operator - Excursions &amp; Things to do for Family Day Trips with kids and Couples Romantic. Unique .Hidden gems\",\"publisher\":{\"@id\":\"https:\/\/hurghadalovers.com\/ro\/#organization\"},\"alternateName\":\"Hurghada Excursions\",\"potentialAction\":[{\"@type\":\"SearchAction\",\"target\":{\"@type\":\"EntryPoint\",\"urlTemplate\":\"https:\/\/hurghadalovers.com\/ro\/?s={search_term_string}\"},\"query-input\":{\"@type\":\"PropertyValueSpecification\",\"valueRequired\":true,\"valueName\":\"search_term_string\"}}],\"inLanguage\":\"ro-RO\"},{\"@type\":[\"Organization\",\"Place\",\"TravelAgency\"],\"@id\":\"https:\/\/hurghadalovers.com\/ro\/#organization\",\"name\":\"Hurghada Excursions\",\"url\":\"https:\/\/hurghadalovers.com\/ro\/\",\"logo\":{\"@id\":\"https:\/\/hurghadalovers.com\/ro\/tours\/cheap-sahl-hasheesh-excursii-la-luxor-cu-autobuz-fara-bilete\/#local-main-organization-logo\"},\"image\":{\"@id\":\"https:\/\/hurghadalovers.com\/ro\/tours\/cheap-sahl-hasheesh-excursii-la-luxor-cu-autobuz-fara-bilete\/#local-main-organization-logo\"},\"sameAs\":[\"https:\/\/www.facebook.com\/Hurghadaloversegypt\"],\"address\":{\"@id\":\"https:\/\/hurghadalovers.com\/ro\/tours\/cheap-sahl-hasheesh-excursii-la-luxor-cu-autobuz-fara-bilete\/#local-main-place-address\"},\"telephone\":[\"00201112596434\"],\"contactPoint\":{\"@type\":\"ContactPoint\",\"telephone\":\"00201112596434\",\"email\":\"weyouface@gmail.com\"},\"openingHoursSpecification\":{\"@type\":\"OpeningHoursSpecification\",\"dayOfWeek\":[\"Monday\",\"Tuesday\",\"Wednesday\",\"Thursday\",\"Friday\",\"Saturday\",\"Sunday\"],\"opens\":\"00:00\",\"closes\":\"23:59\"},\"email\":\"weyouface@gmail.com\",\"areaServed\":\"Luxor, Hurghada, El Gouna, Aswan, Sharm El Sheikh, Giza, Alexandria, Marsa Alam, Quseir, Soma Bay, Sahl Hasheesh, Red Sea, Makadi Bay, Cairo\",\"priceRange\":\"$\",\"currenciesAccepted\":\"euro\",\"paymentAccepted\":\"cash on site\"},{\"@type\":\"PostalAddress\",\"@id\":\"https:\/\/hurghadalovers.com\/ro\/tours\/cheap-sahl-hasheesh-excursii-la-luxor-cu-autobuz-fara-bilete\/#local-main-place-address\",\"streetAddress\":\"17 Banks street, Alkawther area, top nbk bank\",\"addressLocality\":\"hurghada\",\"postalCode\":\"84511\",\"addressRegion\":\"red sea\",\"addressCountry\":\"EG\"},{\"@type\":\"ImageObject\",\"inLanguage\":\"ro-RO\",\"@id\":\"https:\/\/hurghadalovers.com\/ro\/tours\/cheap-sahl-hasheesh-excursii-la-luxor-cu-autobuz-fara-bilete\/#local-main-organization-logo\",\"url\":\"https:\/\/hurghadalovers.com\/wp-content\/uploads\/2019\/10\/hurghada-excursions-logo.png\",\"contentUrl\":\"https:\/\/hurghadalovers.com\/wp-content\/uploads\/2019\/10\/hurghada-excursions-logo.png\",\"width\":272,\"height\":90,\"caption\":\"Hurghada Excursions\"}]}<\/script>\n<meta property=\"product:brand\" content=\"Excursii de o zi de la Sahl Hasheesh la luxor\" \/>\n<meta property=\"product:price:amount\" content=\"45\" \/>\n<meta property=\"product:price:currency\" content=\"EUR\" \/>\n<meta property=\"og:availability\" content=\"instock\" \/>\n<meta property=\"product:availability\" content=\"instock\" \/>\n<meta property=\"product:retailer_item_id\" content=\"Sahl162024\" \/>\n<meta property=\"product:condition\" content=\"new\" \/>\n<meta name=\"geo.placename\" content=\"hurghada\" \/>\n<meta name=\"geo.region\" content=\"Egipt\" \/>\n<!-- \/ Yoast SEO Premium plugin. -->","yoast_head_json":{"title":"Excursii ieftine de la Sahl Hasheesh la Luxor cu autobuzul f\u0103r\u0103 bilete","description":"Excursii ieftine Sahl Hasheesh la Luxor cu autobuzul f\u0103r\u0103 bilete cu pr\u00e2nz, transfer pentru atrac\u021biile turistice din Luxor. Descoperi\u021bi secretele faraonice","robots":{"index":"index","follow":"follow","max-snippet":"max-snippet:-1","max-image-preview":"max-image-preview:large","max-video-preview":"max-video-preview:-1"},"canonical":"https:\/\/hurghadalovers.com\/ro\/tours\/cheap-sahl-hasheesh-excursii-la-luxor-cu-autobuz-fara-bilete\/","og_locale":"ro_RO","og_type":"article","og_title":"Excursii ieftine de la Sahl Hasheesh la Luxor cu autobuzul f\u0103r\u0103 bilete","og_description":"Excursii ieftine Sahl Hasheesh la Luxor cu autobuzul f\u0103r\u0103 bilete cu pr\u00e2nz, transfer pentru atrac\u021biile turistice din Luxor. Descoperi\u021bi secretele faraonice","og_url":"https:\/\/hurghadalovers.com\/ro\/tours\/cheap-sahl-hasheesh-excursii-la-luxor-cu-autobuz-fara-bilete\/","og_site_name":"Hurghada Excursions &amp; Day Trips | Booking Best Prices Tours","article_publisher":"https:\/\/www.facebook.com\/Hurghadaloversegypt","article_modified_time":"2026-02-08T18:38:03+00:00","og_image":[{"width":1536,"height":849,"url":"https:\/\/hurghadalovers.com\/wp-content\/uploads\/2023\/08\/Cheap-Sahl-Hasheesh-Excursions-to-Luxor-by-Bus.jpeg","type":"image\/jpeg"}],"twitter_card":"summary_large_image","twitter_misc":{"Pre\u021b":"&euro;&nbsp;45","Disponibilitate":"\u00cen stoc"},"schema":{"@context":"https:\/\/schema.org","@graph":[{"@type":["WebPage","ItemPage"],"@id":"https:\/\/hurghadalovers.com\/ro\/tours\/cheap-sahl-hasheesh-excursii-la-luxor-cu-autobuz-fara-bilete\/","url":"https:\/\/hurghadalovers.com\/ro\/tours\/cheap-sahl-hasheesh-excursii-la-luxor-cu-autobuz-fara-bilete\/","name":"Excursii ieftine de la Sahl Hasheesh la Luxor cu autobuzul f\u0103r\u0103 bilete","isPartOf":{"@id":"https:\/\/hurghadalovers.com\/ro\/#website"},"primaryImageOfPage":{"@id":"https:\/\/hurghadalovers.com\/ro\/tours\/cheap-sahl-hasheesh-excursii-la-luxor-cu-autobuz-fara-bilete\/#primaryimage"},"image":{"@id":"https:\/\/hurghadalovers.com\/ro\/tours\/cheap-sahl-hasheesh-excursii-la-luxor-cu-autobuz-fara-bilete\/#primaryimage"},"thumbnailUrl":"https:\/\/hurghadalovers.com\/wp-content\/uploads\/2023\/08\/Cheap-Sahl-Hasheesh-Excursions-to-Luxor-by-Bus.jpeg","datePublished":"2023-08-31T14:07:43+00:00","dateModified":"2026-02-08T18:38:03+00:00","description":"Excursii ieftine Sahl Hasheesh la Luxor cu autobuzul f\u0103r\u0103 bilete cu pr\u00e2nz, transfer pentru atrac\u021biile turistice din Luxor. Descoperi\u021bi secretele faraonice","breadcrumb":{"@id":"https:\/\/hurghadalovers.com\/ro\/tours\/cheap-sahl-hasheesh-excursii-la-luxor-cu-autobuz-fara-bilete\/#breadcrumb"},"inLanguage":"ro-RO","potentialAction":[{"@type":"ReadAction","target":["https:\/\/hurghadalovers.com\/ro\/tours\/cheap-sahl-hasheesh-excursii-la-luxor-cu-autobuz-fara-bilete\/"]}]},{"@type":"ImageObject","inLanguage":"ro-RO","@id":"https:\/\/hurghadalovers.com\/ro\/tours\/cheap-sahl-hasheesh-excursii-la-luxor-cu-autobuz-fara-bilete\/#primaryimage","url":"https:\/\/hurghadalovers.com\/wp-content\/uploads\/2023\/08\/Cheap-Sahl-Hasheesh-Excursions-to-Luxor-by-Bus.jpeg","contentUrl":"https:\/\/hurghadalovers.com\/wp-content\/uploads\/2023\/08\/Cheap-Sahl-Hasheesh-Excursions-to-Luxor-by-Bus.jpeg","width":1536,"height":849,"caption":"Excursii ieftine de la Sahl Hasheesh la Luxor cu autobuzul"},{"@type":"BreadcrumbList","@id":"https:\/\/hurghadalovers.com\/ro\/tours\/cheap-sahl-hasheesh-excursii-la-luxor-cu-autobuz-fara-bilete\/#breadcrumb","itemListElement":[{"@type":"ListItem","position":1,"name":"Home","item":"https:\/\/hurghadalovers.com\/ro\/"},{"@type":"ListItem","position":2,"name":"Shop","item":"https:\/\/hurghadalovers.com\/shop\/"},{"@type":"ListItem","position":3,"name":"Excursii ieftine de la Sahl Hasheesh la Luxor cu autobuzul f\u0103r\u0103 bilete"}]},{"@type":"WebSite","@id":"https:\/\/hurghadalovers.com\/ro\/#website","url":"https:\/\/hurghadalovers.com\/ro\/","name":"Hurghada Excursions & Day Trips | Booking Best Prices Tours","description":"Hurghada Lovers - Best Tour Operator - Excursions &amp; Things to do for Family Day Trips with kids and Couples Romantic. Unique .Hidden gems","publisher":{"@id":"https:\/\/hurghadalovers.com\/ro\/#organization"},"alternateName":"Hurghada Excursions","potentialAction":[{"@type":"SearchAction","target":{"@type":"EntryPoint","urlTemplate":"https:\/\/hurghadalovers.com\/ro\/?s={search_term_string}"},"query-input":{"@type":"PropertyValueSpecification","valueRequired":true,"valueName":"search_term_string"}}],"inLanguage":"ro-RO"},{"@type":["Organization","Place","TravelAgency"],"@id":"https:\/\/hurghadalovers.com\/ro\/#organization","name":"Hurghada Excursions","url":"https:\/\/hurghadalovers.com\/ro\/","logo":{"@id":"https:\/\/hurghadalovers.com\/ro\/tours\/cheap-sahl-hasheesh-excursii-la-luxor-cu-autobuz-fara-bilete\/#local-main-organization-logo"},"image":{"@id":"https:\/\/hurghadalovers.com\/ro\/tours\/cheap-sahl-hasheesh-excursii-la-luxor-cu-autobuz-fara-bilete\/#local-main-organization-logo"},"sameAs":["https:\/\/www.facebook.com\/Hurghadaloversegypt"],"address":{"@id":"https:\/\/hurghadalovers.com\/ro\/tours\/cheap-sahl-hasheesh-excursii-la-luxor-cu-autobuz-fara-bilete\/#local-main-place-address"},"telephone":["00201112596434"],"contactPoint":{"@type":"ContactPoint","telephone":"00201112596434","email":"weyouface@gmail.com"},"openingHoursSpecification":{"@type":"OpeningHoursSpecification","dayOfWeek":["Monday","Tuesday","Wednesday","Thursday","Friday","Saturday","Sunday"],"opens":"00:00","closes":"23:59"},"email":"weyouface@gmail.com","areaServed":"Luxor, Hurghada, El Gouna, Aswan, Sharm El Sheikh, Giza, Alexandria, Marsa Alam, Quseir, Soma Bay, Sahl Hasheesh, Red Sea, Makadi Bay, Cairo","priceRange":"$","currenciesAccepted":"euro","paymentAccepted":"cash on site"},{"@type":"PostalAddress","@id":"https:\/\/hurghadalovers.com\/ro\/tours\/cheap-sahl-hasheesh-excursii-la-luxor-cu-autobuz-fara-bilete\/#local-main-place-address","streetAddress":"17 Banks street, Alkawther area, top nbk bank","addressLocality":"hurghada","postalCode":"84511","addressRegion":"red sea","addressCountry":"EG"},{"@type":"ImageObject","inLanguage":"ro-RO","@id":"https:\/\/hurghadalovers.com\/ro\/tours\/cheap-sahl-hasheesh-excursii-la-luxor-cu-autobuz-fara-bilete\/#local-main-organization-logo","url":"https:\/\/hurghadalovers.com\/wp-content\/uploads\/2019\/10\/hurghada-excursions-logo.png","contentUrl":"https:\/\/hurghadalovers.com\/wp-content\/uploads\/2019\/10\/hurghada-excursions-logo.png","width":272,"height":90,"caption":"Hurghada Excursions"}]},"product_brand":"Excursii de o zi de la Sahl Hasheesh la luxor","product_price_amount":"45","product_price_currency":"EUR","og_availability":"instock","product_availability":"instock","product_retailer_item_id":"Sahl162024","product_condition":"new","geo.placename":"hurghada","geo.region":"Egipt"},"_links":{"self":[{"href":"https:\/\/hurghadalovers.com\/ro\/wp-json\/wp\/v2\/product\/390878","targetHints":{"allow":["GET"]}}],"collection":[{"href":"https:\/\/hurghadalovers.com\/ro\/wp-json\/wp\/v2\/product"}],"about":[{"href":"https:\/\/hurghadalovers.com\/ro\/wp-json\/wp\/v2\/types\/product"}],"wp:featuredmedia":[{"embeddable":true,"href":"https:\/\/hurghadalovers.com\/ro\/wp-json\/wp\/v2\/media\/390692"}],"wp:attachment":[{"href":"https:\/\/hurghadalovers.com\/ro\/wp-json\/wp\/v2\/media?parent=390878"}],"wp:term":[{"taxonomy":"product_brand","embeddable":true,"href":"https:\/\/hurghadalovers.com\/ro\/wp-json\/wp\/v2\/product_brand?post=390878"},{"taxonomy":"product_cat","embeddable":true,"href":"https:\/\/hurghadalovers.com\/ro\/wp-json\/wp\/v2\/product_cat?post=390878"},{"taxonomy":"product_tag","embeddable":true,"href":"https:\/\/hurghadalovers.com\/ro\/wp-json\/wp\/v2\/product_tag?post=390878"}],"curies":[{"name":"wp","href":"https:\/\/api.w.org\/{rel}","templated":true}]}}