{"id":389557,"date":"2023-08-30T15:15:05","date_gmt":"2023-08-30T15:15:05","guid":{"rendered":"https:\/\/hurghadalovers.com\/shop\/fara-categorie\/makadi-bay-scuba-diving-excursie-cu-barca-pentru-incepatori\/"},"modified":"2026-02-08T17:40:32","modified_gmt":"2026-02-08T17:40:32","slug":"makadi-bay-scuba-diving-boat-trip-for-beginners","status":"publish","type":"product","link":"https:\/\/hurghadalovers.com\/ro\/tours\/makadi-bay-scuba-diving-boat-trip-for-beginners\/","title":{"rendered":"Makadi Bay Scuba Diving Excursie cu barca pentru \u00eencep\u0103tori"},"content":{"rendered":"<p><strong>Makadi Bay Scuba Diving Excursie cu barca pentru \u00eencep\u0103tori<\/strong> cu pr\u00e2nz, b\u0103uturi, echipament de scufund\u0103ri \u0219i transfer.<\/p>\n<p style=\"text-align: center;\"><span style=\"color: #00ccff;\"><strong>Barc\u0103 de lux | Instructor de scufund\u0103ri profesionist | Cele mai bune site-uri de scufund\u0103ri \u0219i recife Marea Ro\u0219ie.<\/strong><\/span><\/p>\n<p><strong>Puncte de interes:<\/strong><\/p>\n<ul>\n<li>2 Scuba Diving Opriri &#8222;15 minute la fiecare oprire&#8221;.<\/li>\n<\/ul>\n<p><strong>Detalii:<\/strong><\/p>\n<ul>\n<li>Disponibilitatea turului: \u00cen fiecare zi.<\/li>\n<li>Tip de tur: Grup sau privat.<\/li>\n<li>Ora de preluare: \u00cencep\u00e2nd cu ora 07:30 A.M.<\/li>\n<li>Ora de preluare: 16:00.<\/li>\n<li>Accesibil pentru scaune cu rotile.<\/li>\n<li>Durata: 7 ore.<\/li>\n<\/ul>\n<p><strong>Rezerva\u021bi acum \u0219i pl\u0103ti\u021bi mai t\u00e2rziu:<\/strong><\/p>\n<ul>\n<li>Numerar la fa\u021ba locului pentru a ghida.<\/li>\n<li>Plata prin lire egiptene, $, \u20ac sau \u00a3.<\/li>\n<\/ul>\n<p><strong>Politica de anulare:<\/strong><\/p>\n<ul>\n<li>anula\u021bi cu p\u00e2n\u0103 la 24 de ore \u00een avans.<\/li>\n<li>Atunci c\u00e2nd cineva din familia ta anuleaz\u0103 diminea\u021ba, pl\u0103ti\u021bi 50% din cost.<\/li>\n<\/ul>\n<p><strong>Ce este inclus?<\/strong><\/p>\n<ul>\n<li>Transfer de la hotelurile Makadi Bay &#8222;Hotel pick up and drop off&#8221;.<\/li>\n<li>Toate taxele, taxele de intrare \u0219i taxele de manipulare.<\/li>\n<li>Ap\u0103 mineral\u0103 + Cola.<\/li>\n<li>Instructor profesionist de scufund\u0103ri.<\/li>\n<li>Echipament de scufundare \u0219i echipament de snorkeling &#8222;M\u0103\u0219ti \u0219i aripioare de \u00eenot&#8221;.<\/li>\n<li>Pr\u00e2nz bufet VIP pe vas.<\/li>\n<li>Veste de salvare.<\/li>\n<\/ul>\n<p><strong>Excluderi?<\/strong><\/p>\n<ul>\n<li>Bac\u0219i\u0219uri.<\/li>\n<li>Fotografie \u0219i fotografii pentru c\u0103l\u0103torie.<\/li>\n<li>Oferim costume de baie \u0219i costume de baie de \u00eenchiriat pentru femei, b\u0103rba\u021bi, copii toate Dimensiune &#8221; 5$ pe unul&#8221;.<\/li>\n<li>Orice extras care nu este men\u021bionat.<\/li>\n<\/ul>\n<p><strong>Pre\u021buri:<\/strong><\/p>\n<p><strong>Pre\u021b pentru adul\u021bi = 50$ pe persoan\u0103<\/strong>.<\/p>\n<p><strong>Recenzii:<\/strong><\/p>\n<p>verifica\u021bi recenziile noastre Google Map ca cel mai bun <a href=\"https:\/\/g.page\/r\/CUeYvkngP3wkEBM\/review\">operator de<\/a> turism <a href=\"https:\/\/g.page\/r\/CUeYvkngP3wkEBM\/review\">\u00een<\/a> <a href=\"https:\/\/hurghadalovers.com\/\">Hurghada<\/a> online \u00een <a href=\"https:\/\/hurghadalovers.com\/\">Hurghada<\/a> Egipt.<\/p>\n<p><strong>Rezervare:<\/strong><\/p>\n<p>Trimite\u021bi hotelul + num\u0103rul camerei + pa\u0219apoartele cu fotografie la WhatsApp: <strong>+201112596434<\/strong><\/p>\n<p>If you out Egypt Booking now online and confirm when arrival Hotel.<\/p>\n<p>&nbsp;<\/p>\n<p>&nbsp;<\/p>\n","protected":false},"excerpt":{"rendered":"<p><strong>Excursie cu barca de scufund\u0103ri pentru \u00eencep\u0103tori din <\/strong><strong>Makadi Bay<\/strong> cu pr\u00e2nz, b\u0103uturi, echipament de scufund\u0103ri \u0219i transfer.<\/p>\n<p style=\"text-align: center;\"><span style=\"color: #00ccff;\"><strong>Barc\u0103 de lux | Instructor de scufund\u0103ri profesionist | Cele mai bune site-uri de scufund\u0103ri \u0219i recife Marea Ro\u0219ie.<\/strong><\/span><\/p>\n<p>&nbsp;<\/p>\n","protected":false},"featured_media":389381,"template":"","meta":{"_joinchat":[]},"product_brand":[],"product_cat":[29873],"product_tag":[],"class_list":{"0":"post-389557","1":"product","2":"type-product","3":"status-publish","4":"has-post-thumbnail","6":"product_cat-tours-romanian","7":"tour_category-excursii-snorkeling-din-makadi-bay","8":"tour_category-lucruri-de-facut-in-makadi-bay","10":"first","11":"instock","12":"sale","13":"shipping-taxable","14":"purchasable","15":"product-type-tour"},"yoast_head":"<!-- This site is optimized with the Yoast SEO Premium plugin v26.9 (Yoast SEO v27.2) - https:\/\/yoast.com\/product\/yoast-seo-premium-wordpress\/ -->\n<title>Makadi Bay Scuba Diving Excursie cu barca pentru \u00eencep\u0103tori<\/title>\n<meta name=\"description\" content=\"Makadi Bay Scuba Diving Excursie cu barca pentru \u00eencep\u0103tori cu pr\u00e2nz, b\u0103uturi, echipament de scufund\u0103ri \u0219i transfer. Barc\u0103 de lux | Instructor de scufund\u0103ri profesionist\" \/>\n<meta name=\"robots\" content=\"index, follow, max-snippet:-1, max-image-preview:large, max-video-preview:-1\" \/>\n<link rel=\"canonical\" href=\"https:\/\/hurghadalovers.com\/ro\/tours\/makadi-bay-scuba-diving-boat-trip-for-beginners\/\" \/>\n<meta property=\"og:locale\" content=\"ro_RO\" \/>\n<meta property=\"og:type\" content=\"article\" \/>\n<meta property=\"og:title\" content=\"Makadi Bay Scuba Diving Excursie cu barca pentru \u00eencep\u0103tori\" \/>\n<meta property=\"og:description\" content=\"Makadi Bay Scuba Diving Excursie cu barca pentru \u00eencep\u0103tori cu pr\u00e2nz, b\u0103uturi, echipament de scufund\u0103ri \u0219i transfer. Barc\u0103 de lux | Instructor de scufund\u0103ri profesionist\" \/>\n<meta property=\"og:url\" content=\"https:\/\/hurghadalovers.com\/ro\/tours\/makadi-bay-scuba-diving-boat-trip-for-beginners\/\" \/>\n<meta property=\"og:site_name\" content=\"Hurghada Excursions &amp; Day Trips | Booking Best Prices Tours\" \/>\n<meta property=\"article:publisher\" content=\"https:\/\/www.facebook.com\/Hurghadaloversegypt\" \/>\n<meta property=\"article:modified_time\" content=\"2026-02-08T17:40:32+00:00\" \/>\n<meta property=\"og:image\" content=\"https:\/\/hurghadalovers.com\/wp-content\/uploads\/2023\/08\/Makadi-Bay-Scuba-Diving-Boat-Trip-for-Beginners.png\" \/>\n\t<meta property=\"og:image:width\" content=\"846\" \/>\n\t<meta property=\"og:image:height\" content=\"543\" \/>\n\t<meta property=\"og:image:type\" content=\"image\/png\" \/>\n<meta name=\"twitter:card\" content=\"summary_large_image\" \/>\n<meta name=\"twitter:label1\" content=\"Pre\u021b\" \/>\n\t<meta name=\"twitter:data1\" content=\"&euro;&nbsp;55\" \/>\n\t<meta name=\"twitter:label2\" content=\"Disponibilitate\" \/>\n\t<meta name=\"twitter:data2\" content=\"\u00cen stoc\" \/>\n<script type=\"application\/ld+json\" class=\"yoast-schema-graph\">{\"@context\":\"https:\/\/schema.org\",\"@graph\":[{\"@type\":[\"WebPage\",\"ItemPage\"],\"@id\":\"https:\/\/hurghadalovers.com\/ro\/tours\/makadi-bay-scuba-diving-boat-trip-for-beginners\/\",\"url\":\"https:\/\/hurghadalovers.com\/ro\/tours\/makadi-bay-scuba-diving-boat-trip-for-beginners\/\",\"name\":\"Makadi Bay Scuba Diving Excursie cu barca pentru \u00eencep\u0103tori\",\"isPartOf\":{\"@id\":\"https:\/\/hurghadalovers.com\/ro\/#website\"},\"primaryImageOfPage\":{\"@id\":\"https:\/\/hurghadalovers.com\/ro\/tours\/makadi-bay-scuba-diving-boat-trip-for-beginners\/#primaryimage\"},\"image\":{\"@id\":\"https:\/\/hurghadalovers.com\/ro\/tours\/makadi-bay-scuba-diving-boat-trip-for-beginners\/#primaryimage\"},\"thumbnailUrl\":\"https:\/\/hurghadalovers.com\/wp-content\/uploads\/2023\/08\/Makadi-Bay-Scuba-Diving-Boat-Trip-for-Beginners.png\",\"datePublished\":\"2023-08-30T15:15:05+00:00\",\"dateModified\":\"2026-02-08T17:40:32+00:00\",\"description\":\"Makadi Bay Scuba Diving Excursie cu barca pentru \u00eencep\u0103tori cu pr\u00e2nz, b\u0103uturi, echipament de scufund\u0103ri \u0219i transfer. Barc\u0103 de lux | Instructor de scufund\u0103ri profesionist\",\"breadcrumb\":{\"@id\":\"https:\/\/hurghadalovers.com\/ro\/tours\/makadi-bay-scuba-diving-boat-trip-for-beginners\/#breadcrumb\"},\"inLanguage\":\"ro-RO\",\"potentialAction\":[{\"@type\":\"ReadAction\",\"target\":[\"https:\/\/hurghadalovers.com\/ro\/tours\/makadi-bay-scuba-diving-boat-trip-for-beginners\/\"]}]},{\"@type\":\"ImageObject\",\"inLanguage\":\"ro-RO\",\"@id\":\"https:\/\/hurghadalovers.com\/ro\/tours\/makadi-bay-scuba-diving-boat-trip-for-beginners\/#primaryimage\",\"url\":\"https:\/\/hurghadalovers.com\/wp-content\/uploads\/2023\/08\/Makadi-Bay-Scuba-Diving-Boat-Trip-for-Beginners.png\",\"contentUrl\":\"https:\/\/hurghadalovers.com\/wp-content\/uploads\/2023\/08\/Makadi-Bay-Scuba-Diving-Boat-Trip-for-Beginners.png\",\"width\":846,\"height\":543,\"caption\":\"Makadi Bay Scuba Diving Excursie cu barca pentru \u00eencep\u0103tori\"},{\"@type\":\"BreadcrumbList\",\"@id\":\"https:\/\/hurghadalovers.com\/ro\/tours\/makadi-bay-scuba-diving-boat-trip-for-beginners\/#breadcrumb\",\"itemListElement\":[{\"@type\":\"ListItem\",\"position\":1,\"name\":\"Home\",\"item\":\"https:\/\/hurghadalovers.com\/ro\/\"},{\"@type\":\"ListItem\",\"position\":2,\"name\":\"Shop\",\"item\":\"https:\/\/hurghadalovers.com\/shop\/\"},{\"@type\":\"ListItem\",\"position\":3,\"name\":\"Makadi Bay Scuba Diving Excursie cu barca pentru \u00eencep\u0103tori\"}]},{\"@type\":\"WebSite\",\"@id\":\"https:\/\/hurghadalovers.com\/ro\/#website\",\"url\":\"https:\/\/hurghadalovers.com\/ro\/\",\"name\":\"Hurghada Excursions & Day Trips | Booking Best Prices Tours\",\"description\":\"Hurghada Lovers - Best Tour Operator - Excursions &amp; Things to do for Family Day Trips with kids and Couples Romantic. Unique .Hidden gems\",\"publisher\":{\"@id\":\"https:\/\/hurghadalovers.com\/ro\/#organization\"},\"alternateName\":\"Hurghada Excursions\",\"potentialAction\":[{\"@type\":\"SearchAction\",\"target\":{\"@type\":\"EntryPoint\",\"urlTemplate\":\"https:\/\/hurghadalovers.com\/ro\/?s={search_term_string}\"},\"query-input\":{\"@type\":\"PropertyValueSpecification\",\"valueRequired\":true,\"valueName\":\"search_term_string\"}}],\"inLanguage\":\"ro-RO\"},{\"@type\":[\"Organization\",\"Place\",\"TravelAgency\"],\"@id\":\"https:\/\/hurghadalovers.com\/ro\/#organization\",\"name\":\"Hurghada Excursions\",\"url\":\"https:\/\/hurghadalovers.com\/ro\/\",\"logo\":{\"@id\":\"https:\/\/hurghadalovers.com\/ro\/tours\/makadi-bay-scuba-diving-boat-trip-for-beginners\/#local-main-organization-logo\"},\"image\":{\"@id\":\"https:\/\/hurghadalovers.com\/ro\/tours\/makadi-bay-scuba-diving-boat-trip-for-beginners\/#local-main-organization-logo\"},\"sameAs\":[\"https:\/\/www.facebook.com\/Hurghadaloversegypt\"],\"address\":{\"@id\":\"https:\/\/hurghadalovers.com\/ro\/tours\/makadi-bay-scuba-diving-boat-trip-for-beginners\/#local-main-place-address\"},\"telephone\":[\"00201112596434\"],\"contactPoint\":{\"@type\":\"ContactPoint\",\"telephone\":\"00201112596434\",\"email\":\"weyouface@gmail.com\"},\"openingHoursSpecification\":{\"@type\":\"OpeningHoursSpecification\",\"dayOfWeek\":[\"Monday\",\"Tuesday\",\"Wednesday\",\"Thursday\",\"Friday\",\"Saturday\",\"Sunday\"],\"opens\":\"00:00\",\"closes\":\"23:59\"},\"email\":\"weyouface@gmail.com\",\"areaServed\":\"Luxor, Hurghada, El Gouna, Aswan, Sharm El Sheikh, Giza, Alexandria, Marsa Alam, Quseir, Soma Bay, Sahl Hasheesh, Red Sea, Makadi Bay, Cairo\",\"priceRange\":\"$\",\"currenciesAccepted\":\"euro\",\"paymentAccepted\":\"cash on site\"},{\"@type\":\"PostalAddress\",\"@id\":\"https:\/\/hurghadalovers.com\/ro\/tours\/makadi-bay-scuba-diving-boat-trip-for-beginners\/#local-main-place-address\",\"streetAddress\":\"17 Banks street, Alkawther area, top nbk bank\",\"addressLocality\":\"hurghada\",\"postalCode\":\"84511\",\"addressRegion\":\"red sea\",\"addressCountry\":\"EG\"},{\"@type\":\"ImageObject\",\"inLanguage\":\"ro-RO\",\"@id\":\"https:\/\/hurghadalovers.com\/ro\/tours\/makadi-bay-scuba-diving-boat-trip-for-beginners\/#local-main-organization-logo\",\"url\":\"https:\/\/hurghadalovers.com\/wp-content\/uploads\/2019\/10\/hurghada-excursions-logo.png\",\"contentUrl\":\"https:\/\/hurghadalovers.com\/wp-content\/uploads\/2019\/10\/hurghada-excursions-logo.png\",\"width\":272,\"height\":90,\"caption\":\"Hurghada Excursions\"}]}<\/script>\n<meta property=\"product:brand\" content=\"Excursii de Snorkeling de la Makadi bay\" \/>\n<meta property=\"product:price:amount\" content=\"55\" \/>\n<meta property=\"product:price:currency\" content=\"EUR\" \/>\n<meta property=\"og:availability\" content=\"instock\" \/>\n<meta property=\"product:availability\" content=\"instock\" \/>\n<meta property=\"product:retailer_item_id\" content=\"Makadi212024\" \/>\n<meta property=\"product:condition\" content=\"new\" \/>\n<meta name=\"geo.placename\" content=\"hurghada\" \/>\n<meta name=\"geo.region\" content=\"Egipt\" \/>\n<!-- \/ Yoast SEO Premium plugin. -->","yoast_head_json":{"title":"Makadi Bay Scuba Diving Excursie cu barca pentru \u00eencep\u0103tori","description":"Makadi Bay Scuba Diving Excursie cu barca pentru \u00eencep\u0103tori cu pr\u00e2nz, b\u0103uturi, echipament de scufund\u0103ri \u0219i transfer. Barc\u0103 de lux | Instructor de scufund\u0103ri profesionist","robots":{"index":"index","follow":"follow","max-snippet":"max-snippet:-1","max-image-preview":"max-image-preview:large","max-video-preview":"max-video-preview:-1"},"canonical":"https:\/\/hurghadalovers.com\/ro\/tours\/makadi-bay-scuba-diving-boat-trip-for-beginners\/","og_locale":"ro_RO","og_type":"article","og_title":"Makadi Bay Scuba Diving Excursie cu barca pentru \u00eencep\u0103tori","og_description":"Makadi Bay Scuba Diving Excursie cu barca pentru \u00eencep\u0103tori cu pr\u00e2nz, b\u0103uturi, echipament de scufund\u0103ri \u0219i transfer. Barc\u0103 de lux | Instructor de scufund\u0103ri profesionist","og_url":"https:\/\/hurghadalovers.com\/ro\/tours\/makadi-bay-scuba-diving-boat-trip-for-beginners\/","og_site_name":"Hurghada Excursions &amp; Day Trips | Booking Best Prices Tours","article_publisher":"https:\/\/www.facebook.com\/Hurghadaloversegypt","article_modified_time":"2026-02-08T17:40:32+00:00","og_image":[{"width":846,"height":543,"url":"https:\/\/hurghadalovers.com\/wp-content\/uploads\/2023\/08\/Makadi-Bay-Scuba-Diving-Boat-Trip-for-Beginners.png","type":"image\/png"}],"twitter_card":"summary_large_image","twitter_misc":{"Pre\u021b":"&euro;&nbsp;55","Disponibilitate":"\u00cen stoc"},"schema":{"@context":"https:\/\/schema.org","@graph":[{"@type":["WebPage","ItemPage"],"@id":"https:\/\/hurghadalovers.com\/ro\/tours\/makadi-bay-scuba-diving-boat-trip-for-beginners\/","url":"https:\/\/hurghadalovers.com\/ro\/tours\/makadi-bay-scuba-diving-boat-trip-for-beginners\/","name":"Makadi Bay Scuba Diving Excursie cu barca pentru \u00eencep\u0103tori","isPartOf":{"@id":"https:\/\/hurghadalovers.com\/ro\/#website"},"primaryImageOfPage":{"@id":"https:\/\/hurghadalovers.com\/ro\/tours\/makadi-bay-scuba-diving-boat-trip-for-beginners\/#primaryimage"},"image":{"@id":"https:\/\/hurghadalovers.com\/ro\/tours\/makadi-bay-scuba-diving-boat-trip-for-beginners\/#primaryimage"},"thumbnailUrl":"https:\/\/hurghadalovers.com\/wp-content\/uploads\/2023\/08\/Makadi-Bay-Scuba-Diving-Boat-Trip-for-Beginners.png","datePublished":"2023-08-30T15:15:05+00:00","dateModified":"2026-02-08T17:40:32+00:00","description":"Makadi Bay Scuba Diving Excursie cu barca pentru \u00eencep\u0103tori cu pr\u00e2nz, b\u0103uturi, echipament de scufund\u0103ri \u0219i transfer. Barc\u0103 de lux | Instructor de scufund\u0103ri profesionist","breadcrumb":{"@id":"https:\/\/hurghadalovers.com\/ro\/tours\/makadi-bay-scuba-diving-boat-trip-for-beginners\/#breadcrumb"},"inLanguage":"ro-RO","potentialAction":[{"@type":"ReadAction","target":["https:\/\/hurghadalovers.com\/ro\/tours\/makadi-bay-scuba-diving-boat-trip-for-beginners\/"]}]},{"@type":"ImageObject","inLanguage":"ro-RO","@id":"https:\/\/hurghadalovers.com\/ro\/tours\/makadi-bay-scuba-diving-boat-trip-for-beginners\/#primaryimage","url":"https:\/\/hurghadalovers.com\/wp-content\/uploads\/2023\/08\/Makadi-Bay-Scuba-Diving-Boat-Trip-for-Beginners.png","contentUrl":"https:\/\/hurghadalovers.com\/wp-content\/uploads\/2023\/08\/Makadi-Bay-Scuba-Diving-Boat-Trip-for-Beginners.png","width":846,"height":543,"caption":"Makadi Bay Scuba Diving Excursie cu barca pentru \u00eencep\u0103tori"},{"@type":"BreadcrumbList","@id":"https:\/\/hurghadalovers.com\/ro\/tours\/makadi-bay-scuba-diving-boat-trip-for-beginners\/#breadcrumb","itemListElement":[{"@type":"ListItem","position":1,"name":"Home","item":"https:\/\/hurghadalovers.com\/ro\/"},{"@type":"ListItem","position":2,"name":"Shop","item":"https:\/\/hurghadalovers.com\/shop\/"},{"@type":"ListItem","position":3,"name":"Makadi Bay Scuba Diving Excursie cu barca pentru \u00eencep\u0103tori"}]},{"@type":"WebSite","@id":"https:\/\/hurghadalovers.com\/ro\/#website","url":"https:\/\/hurghadalovers.com\/ro\/","name":"Hurghada Excursions & Day Trips | Booking Best Prices Tours","description":"Hurghada Lovers - Best Tour Operator - Excursions &amp; Things to do for Family Day Trips with kids and Couples Romantic. Unique .Hidden gems","publisher":{"@id":"https:\/\/hurghadalovers.com\/ro\/#organization"},"alternateName":"Hurghada Excursions","potentialAction":[{"@type":"SearchAction","target":{"@type":"EntryPoint","urlTemplate":"https:\/\/hurghadalovers.com\/ro\/?s={search_term_string}"},"query-input":{"@type":"PropertyValueSpecification","valueRequired":true,"valueName":"search_term_string"}}],"inLanguage":"ro-RO"},{"@type":["Organization","Place","TravelAgency"],"@id":"https:\/\/hurghadalovers.com\/ro\/#organization","name":"Hurghada Excursions","url":"https:\/\/hurghadalovers.com\/ro\/","logo":{"@id":"https:\/\/hurghadalovers.com\/ro\/tours\/makadi-bay-scuba-diving-boat-trip-for-beginners\/#local-main-organization-logo"},"image":{"@id":"https:\/\/hurghadalovers.com\/ro\/tours\/makadi-bay-scuba-diving-boat-trip-for-beginners\/#local-main-organization-logo"},"sameAs":["https:\/\/www.facebook.com\/Hurghadaloversegypt"],"address":{"@id":"https:\/\/hurghadalovers.com\/ro\/tours\/makadi-bay-scuba-diving-boat-trip-for-beginners\/#local-main-place-address"},"telephone":["00201112596434"],"contactPoint":{"@type":"ContactPoint","telephone":"00201112596434","email":"weyouface@gmail.com"},"openingHoursSpecification":{"@type":"OpeningHoursSpecification","dayOfWeek":["Monday","Tuesday","Wednesday","Thursday","Friday","Saturday","Sunday"],"opens":"00:00","closes":"23:59"},"email":"weyouface@gmail.com","areaServed":"Luxor, Hurghada, El Gouna, Aswan, Sharm El Sheikh, Giza, Alexandria, Marsa Alam, Quseir, Soma Bay, Sahl Hasheesh, Red Sea, Makadi Bay, Cairo","priceRange":"$","currenciesAccepted":"euro","paymentAccepted":"cash on site"},{"@type":"PostalAddress","@id":"https:\/\/hurghadalovers.com\/ro\/tours\/makadi-bay-scuba-diving-boat-trip-for-beginners\/#local-main-place-address","streetAddress":"17 Banks street, Alkawther area, top nbk bank","addressLocality":"hurghada","postalCode":"84511","addressRegion":"red sea","addressCountry":"EG"},{"@type":"ImageObject","inLanguage":"ro-RO","@id":"https:\/\/hurghadalovers.com\/ro\/tours\/makadi-bay-scuba-diving-boat-trip-for-beginners\/#local-main-organization-logo","url":"https:\/\/hurghadalovers.com\/wp-content\/uploads\/2019\/10\/hurghada-excursions-logo.png","contentUrl":"https:\/\/hurghadalovers.com\/wp-content\/uploads\/2019\/10\/hurghada-excursions-logo.png","width":272,"height":90,"caption":"Hurghada Excursions"}]},"product_brand":"Excursii de Snorkeling de la Makadi bay","product_price_amount":"55","product_price_currency":"EUR","og_availability":"instock","product_availability":"instock","product_retailer_item_id":"Makadi212024","product_condition":"new","geo.placename":"hurghada","geo.region":"Egipt"},"_links":{"self":[{"href":"https:\/\/hurghadalovers.com\/ro\/wp-json\/wp\/v2\/product\/389557","targetHints":{"allow":["GET"]}}],"collection":[{"href":"https:\/\/hurghadalovers.com\/ro\/wp-json\/wp\/v2\/product"}],"about":[{"href":"https:\/\/hurghadalovers.com\/ro\/wp-json\/wp\/v2\/types\/product"}],"wp:featuredmedia":[{"embeddable":true,"href":"https:\/\/hurghadalovers.com\/ro\/wp-json\/wp\/v2\/media\/389381"}],"wp:attachment":[{"href":"https:\/\/hurghadalovers.com\/ro\/wp-json\/wp\/v2\/media?parent=389557"}],"wp:term":[{"taxonomy":"product_brand","embeddable":true,"href":"https:\/\/hurghadalovers.com\/ro\/wp-json\/wp\/v2\/product_brand?post=389557"},{"taxonomy":"product_cat","embeddable":true,"href":"https:\/\/hurghadalovers.com\/ro\/wp-json\/wp\/v2\/product_cat?post=389557"},{"taxonomy":"product_tag","embeddable":true,"href":"https:\/\/hurghadalovers.com\/ro\/wp-json\/wp\/v2\/product_tag?post=389557"}],"curies":[{"name":"wp","href":"https:\/\/api.w.org\/{rel}","templated":true}]}}