{"id":389331,"date":"2023-08-30T14:16:28","date_gmt":"2023-08-30T14:19:28","guid":{"rendered":"https:\/\/hurghadalovers.com\/shop\/fara-categorie\/makadi-bay-excursie-de-dimineata-cu-quad-biking\/"},"modified":"2026-02-09T21:50:18","modified_gmt":"2026-02-09T21:50:18","slug":"makadi-bay-morning-quad-biking-tour","status":"publish","type":"product","link":"https:\/\/hurghadalovers.com\/ro\/tours\/makadi-bay-morning-quad-biking-tour\/","title":{"rendered":"Makadi Bay Excursie de diminea\u021b\u0103 cu Quad Biking"},"content":{"rendered":"<p><strong>Makadi Bay Morning Quad Biking Tour<\/strong> Safari \u00een de\u0219ert \u00een <strong>satul beduin<\/strong> cu plimbare cu c\u0103mila.<\/p>\n<p>Abia a\u0219tepta\u021bi s\u0103 vede\u021bi <strong>mun\u021bii<\/strong> \u0219i platourile \u0219i s\u0103 face\u021bi poze cu prietenii? Al\u0103tura\u021bi-v\u0103 celor mai bune <strong>excursii de safari<\/strong> \u00een satul beduinilor, <strong>c\u0103l\u0103ri\u021bi o c\u0103mil\u0103<\/strong>, urm\u0103ri\u021bi via\u021ba beduinilor, escalada\u021bi mun\u021bii \u0219i face\u021bi o experien\u021b\u0103 palpitant\u0103 \u00een de\u0219ert pentru a scoate <strong>adrenalina<\/strong> din corp.<\/p>\n<p style=\"text-align: center;\"><span style=\"color: #008080;\">Cele mai bune lucruri de f\u0103cut \u00een Makadi Bay pentru <strong>luna de miere<\/strong> <strong>romantic\u0103<\/strong> \u0219i de <strong>cuplu<\/strong><\/span><\/p>\n<p><strong>Puncte de interes:<\/strong><\/p>\n<ol>\n<li>Plimbare cu Quad Bike.<\/li>\n<li>Plimbare cu c\u0103mila.<\/li>\n<li>Sat beduin.<\/li>\n<\/ol>\n<p><strong>Nea\u021ba<\/strong> <strong>Detaliile turului de Quad Biking:<\/strong><\/p>\n<ul>\n<li>Disponibilitatea turului: \u00cen fiecare zi.<\/li>\n<li>Tip de tur: Grup.<\/li>\n<li>Ora de preluare: \u00cencep\u00e2nd cu ora 07:30.<\/li>\n<li>Ora de plecare: Ora apusului.<\/li>\n<li>Durata: 3 ore.<\/li>\n<\/ul>\n<p><strong>Rezerva\u021bi acum \u0219i pl\u0103ti\u021bi mai t\u00e2rziu:<\/strong><\/p>\n<ul>\n<li>Numerar la fa\u021ba locului pentru a ghida.<\/li>\n<li>Plata prin lire egiptene, $, \u20ac sau \u00a3.<\/li>\n<\/ul>\n<p><strong>Politica de anulare:<\/strong><\/p>\n<ul>\n<li>anula\u021bi cu p\u00e2n\u0103 la 24 de ore \u00een avans.<\/li>\n<li>Atunci c\u00e2nd cineva din familia ta anuleaz\u0103 diminea\u021ba, pl\u0103ti\u021bi 50% din cost.<\/li>\n<\/ul>\n<p><strong>Ce este inclus?<\/strong><\/p>\n<ul>\n<li>Transfer de la hotelurile Makadi Bay &#8222;Hotel pick up and drop off&#8221;.<\/li>\n<li>Toate taxele, taxele de intrare \u0219i taxele de manipulare.<\/li>\n<li>Transferuri.<\/li>\n<li>Ghid turistic.<\/li>\n<li>Casc\u0103.<\/li>\n<\/ul>\n<p><strong>Excluderi?<\/strong><\/p>\n<ul>\n<li>E\u0219arf\u0103<\/li>\n<li>Ochelari de protec\u021bie<\/li>\n<li>Bac\u0219i\u0219uri.<\/li>\n<li>Fotografie pentru c\u0103l\u0103torie.<\/li>\n<li>Orice extras care nu este men\u021bionat.<strong> <\/strong><\/li>\n<\/ul>\n<p><strong>Pre\u021buri:<\/strong><\/p>\n<p><strong>Pre\u021b pentru adul\u021bi = 30$ pe persoan\u0103<\/strong>.<\/p>\n<p><strong>Recenzii:<\/strong><\/p>\n<p>verifica\u021bi recenziile noastre Google Map ca cel mai bun <a href=\"https:\/\/g.page\/r\/CUeYvkngP3wkEBM\/review\">operator de<\/a> turism <a href=\"https:\/\/g.page\/r\/CUeYvkngP3wkEBM\/review\">\u00een<\/a> <a href=\"https:\/\/hurghadalovers.com\/\">Hurghada<\/a> online \u00een <a href=\"https:\/\/hurghadalovers.com\/\">Hurghada<\/a> Egipt.<\/p>\n<p>&nbsp;<\/p>\n<p><strong>Rezervare:<\/strong><\/p>\n<p>Trimite\u021bi hotelul + num\u0103rul camerei + pa\u0219apoartele cu fotografie la WhatsApp: <strong>+201112596434<\/strong><\/p>\n<p>If you out Egypt Booking now online and confirm when arrival Hotel.<\/p>\n<p>&nbsp;<\/p>\n<p>&nbsp;<\/p>\n","protected":false},"excerpt":{"rendered":"<p>Makadi Bay Morning Quad Biking Tour Safari \u00een de\u0219ert \u00een satul beduin cu plimbare cu c\u0103mila. Cele mai bune lucruri de f\u0103cut \u00een Makadi Bay pentru luna de miere romantic\u0103 \u0219i de cuplu<\/p>\n","protected":false},"featured_media":995942,"template":"","meta":{"_joinchat":[]},"product_brand":[],"product_cat":[29873],"product_tag":[],"class_list":{"0":"post-389331","1":"product","2":"type-product","3":"status-publish","4":"has-post-thumbnail","6":"product_cat-tours-romanian","7":"tour_category-lucruri-de-facut-in-makadi-bay","8":"tour_category-excursii-makadi-bay-safari-in-desert","10":"first","11":"instock","12":"sale","13":"shipping-taxable","14":"purchasable","15":"product-type-tour"},"yoast_head":"<!-- This site is optimized with the Yoast SEO Premium plugin v26.9 (Yoast SEO v27.2) - https:\/\/yoast.com\/product\/yoast-seo-premium-wordpress\/ -->\n<title>Makadi Bay Diminea\u021ba Makadi Bay Quad Biking Tour Safari \u00een de\u0219ert la beduini<\/title>\n<meta name=\"description\" content=\"Makadi Bay Morning Quad Biking Tour Safari \u00een de\u0219ert \u00een satul beduin cu plimbare cu c\u0103mila. Cele mai bune lucruri de f\u0103cut \u00een Makadi Bay pentru luna de miere romantic\u0103 \u0219i de cuplu\" \/>\n<meta name=\"robots\" content=\"index, follow, max-snippet:-1, max-image-preview:large, max-video-preview:-1\" \/>\n<link rel=\"canonical\" href=\"https:\/\/hurghadalovers.com\/ro\/tours\/makadi-bay-morning-quad-biking-tour\/\" \/>\n<meta property=\"og:locale\" content=\"ro_RO\" \/>\n<meta property=\"og:type\" content=\"article\" \/>\n<meta property=\"og:title\" content=\"Makadi Bay Excursie de diminea\u021b\u0103 cu Quad Biking\" \/>\n<meta property=\"og:description\" content=\"Makadi Bay Morning Quad Biking Tour Safari \u00een de\u0219ert \u00een satul beduin cu plimbare cu c\u0103mila. Cele mai bune lucruri de f\u0103cut \u00een Makadi Bay pentru luna de miere romantic\u0103 \u0219i de cuplu\" \/>\n<meta property=\"og:url\" content=\"https:\/\/hurghadalovers.com\/ro\/tours\/makadi-bay-morning-quad-biking-tour\/\" \/>\n<meta property=\"og:site_name\" content=\"Hurghada Excursions &amp; Day Trips | Booking Best Prices Tours\" \/>\n<meta property=\"article:publisher\" content=\"https:\/\/www.facebook.com\/Hurghadaloversegypt\" \/>\n<meta property=\"article:modified_time\" content=\"2026-02-09T21:50:18+00:00\" \/>\n<meta property=\"og:image\" content=\"https:\/\/hurghadalovers.com\/wp-content\/uploads\/2023\/08\/super-safari-hurghada-2025.jpeg\" \/>\n\t<meta property=\"og:image:width\" content=\"521\" \/>\n\t<meta property=\"og:image:height\" content=\"1156\" \/>\n\t<meta property=\"og:image:type\" content=\"image\/jpeg\" \/>\n<meta name=\"twitter:card\" content=\"summary_large_image\" \/>\n<meta name=\"twitter:label1\" content=\"Pre\u021b\" \/>\n\t<meta name=\"twitter:data1\" content=\"&euro;&nbsp;40\" \/>\n\t<meta name=\"twitter:label2\" content=\"Disponibilitate\" \/>\n\t<meta name=\"twitter:data2\" content=\"\u00cen stoc\" \/>\n<script type=\"application\/ld+json\" class=\"yoast-schema-graph\">{\"@context\":\"https:\/\/schema.org\",\"@graph\":[{\"@type\":[\"WebPage\",\"ItemPage\"],\"@id\":\"https:\/\/hurghadalovers.com\/ro\/tours\/makadi-bay-morning-quad-biking-tour\/\",\"url\":\"https:\/\/hurghadalovers.com\/ro\/tours\/makadi-bay-morning-quad-biking-tour\/\",\"name\":\"Makadi Bay Diminea\u021ba Makadi Bay Quad Biking Tour Safari \u00een de\u0219ert la beduini\",\"isPartOf\":{\"@id\":\"https:\/\/hurghadalovers.com\/ro\/#website\"},\"primaryImageOfPage\":{\"@id\":\"https:\/\/hurghadalovers.com\/ro\/tours\/makadi-bay-morning-quad-biking-tour\/#primaryimage\"},\"image\":{\"@id\":\"https:\/\/hurghadalovers.com\/ro\/tours\/makadi-bay-morning-quad-biking-tour\/#primaryimage\"},\"thumbnailUrl\":\"https:\/\/hurghadalovers.com\/wp-content\/uploads\/2023\/08\/super-safari-hurghada-2025.jpeg\",\"datePublished\":\"2023-08-30T14:19:28+00:00\",\"dateModified\":\"2026-02-09T21:50:18+00:00\",\"description\":\"Makadi Bay Morning Quad Biking Tour Safari \u00een de\u0219ert \u00een satul beduin cu plimbare cu c\u0103mila. Cele mai bune lucruri de f\u0103cut \u00een Makadi Bay pentru luna de miere romantic\u0103 \u0219i de cuplu\",\"breadcrumb\":{\"@id\":\"https:\/\/hurghadalovers.com\/ro\/tours\/makadi-bay-morning-quad-biking-tour\/#breadcrumb\"},\"inLanguage\":\"ro-RO\",\"potentialAction\":[{\"@type\":\"ReadAction\",\"target\":[\"https:\/\/hurghadalovers.com\/ro\/tours\/makadi-bay-morning-quad-biking-tour\/\"]}]},{\"@type\":\"ImageObject\",\"inLanguage\":\"ro-RO\",\"@id\":\"https:\/\/hurghadalovers.com\/ro\/tours\/makadi-bay-morning-quad-biking-tour\/#primaryimage\",\"url\":\"https:\/\/hurghadalovers.com\/wp-content\/uploads\/2023\/08\/super-safari-hurghada-2025.jpeg\",\"contentUrl\":\"https:\/\/hurghadalovers.com\/wp-content\/uploads\/2023\/08\/super-safari-hurghada-2025.jpeg\",\"width\":521,\"height\":1156,\"caption\":\"super safari hurghada 2025\"},{\"@type\":\"BreadcrumbList\",\"@id\":\"https:\/\/hurghadalovers.com\/ro\/tours\/makadi-bay-morning-quad-biking-tour\/#breadcrumb\",\"itemListElement\":[{\"@type\":\"ListItem\",\"position\":1,\"name\":\"Home\",\"item\":\"https:\/\/hurghadalovers.com\/ro\/\"},{\"@type\":\"ListItem\",\"position\":2,\"name\":\"Shop\",\"item\":\"https:\/\/hurghadalovers.com\/shop\/\"},{\"@type\":\"ListItem\",\"position\":3,\"name\":\"Makadi Bay Excursie de diminea\u021b\u0103 cu Quad Biking\"}]},{\"@type\":\"WebSite\",\"@id\":\"https:\/\/hurghadalovers.com\/ro\/#website\",\"url\":\"https:\/\/hurghadalovers.com\/ro\/\",\"name\":\"Hurghada Excursions & Day Trips | Booking Best Prices Tours\",\"description\":\"Hurghada Lovers - Best Tour Operator - Excursions &amp; Things to do for Family Day Trips with kids and Couples Romantic. Unique .Hidden gems\",\"publisher\":{\"@id\":\"https:\/\/hurghadalovers.com\/ro\/#organization\"},\"alternateName\":\"Hurghada Excursions\",\"potentialAction\":[{\"@type\":\"SearchAction\",\"target\":{\"@type\":\"EntryPoint\",\"urlTemplate\":\"https:\/\/hurghadalovers.com\/ro\/?s={search_term_string}\"},\"query-input\":{\"@type\":\"PropertyValueSpecification\",\"valueRequired\":true,\"valueName\":\"search_term_string\"}}],\"inLanguage\":\"ro-RO\"},{\"@type\":[\"Organization\",\"Place\",\"TravelAgency\"],\"@id\":\"https:\/\/hurghadalovers.com\/ro\/#organization\",\"name\":\"Hurghada Excursions\",\"url\":\"https:\/\/hurghadalovers.com\/ro\/\",\"logo\":{\"@id\":\"https:\/\/hurghadalovers.com\/ro\/tours\/makadi-bay-morning-quad-biking-tour\/#local-main-organization-logo\"},\"image\":{\"@id\":\"https:\/\/hurghadalovers.com\/ro\/tours\/makadi-bay-morning-quad-biking-tour\/#local-main-organization-logo\"},\"sameAs\":[\"https:\/\/www.facebook.com\/Hurghadaloversegypt\"],\"address\":{\"@id\":\"https:\/\/hurghadalovers.com\/ro\/tours\/makadi-bay-morning-quad-biking-tour\/#local-main-place-address\"},\"telephone\":[\"00201112596434\"],\"contactPoint\":{\"@type\":\"ContactPoint\",\"telephone\":\"00201112596434\",\"email\":\"weyouface@gmail.com\"},\"openingHoursSpecification\":{\"@type\":\"OpeningHoursSpecification\",\"dayOfWeek\":[\"Monday\",\"Tuesday\",\"Wednesday\",\"Thursday\",\"Friday\",\"Saturday\",\"Sunday\"],\"opens\":\"00:00\",\"closes\":\"23:59\"},\"email\":\"weyouface@gmail.com\",\"areaServed\":\"Luxor, Hurghada, El Gouna, Aswan, Sharm El Sheikh, Giza, Alexandria, Marsa Alam, Quseir, Soma Bay, Sahl Hasheesh, Red Sea, Makadi Bay, Cairo\",\"priceRange\":\"$\",\"currenciesAccepted\":\"euro\",\"paymentAccepted\":\"cash on site\"},{\"@type\":\"PostalAddress\",\"@id\":\"https:\/\/hurghadalovers.com\/ro\/tours\/makadi-bay-morning-quad-biking-tour\/#local-main-place-address\",\"streetAddress\":\"17 Banks street, Alkawther area, top nbk bank\",\"addressLocality\":\"hurghada\",\"postalCode\":\"84511\",\"addressRegion\":\"red sea\",\"addressCountry\":\"EG\"},{\"@type\":\"ImageObject\",\"inLanguage\":\"ro-RO\",\"@id\":\"https:\/\/hurghadalovers.com\/ro\/tours\/makadi-bay-morning-quad-biking-tour\/#local-main-organization-logo\",\"url\":\"https:\/\/hurghadalovers.com\/wp-content\/uploads\/2019\/10\/hurghada-excursions-logo.png\",\"contentUrl\":\"https:\/\/hurghadalovers.com\/wp-content\/uploads\/2019\/10\/hurghada-excursions-logo.png\",\"width\":272,\"height\":90,\"caption\":\"Hurghada Excursions\"}]}<\/script>\n<meta property=\"product:brand\" content=\"Excursii in Makadi bay\" \/>\n<meta property=\"product:price:amount\" content=\"40\" \/>\n<meta property=\"product:price:currency\" content=\"EUR\" \/>\n<meta property=\"og:availability\" content=\"instock\" \/>\n<meta property=\"product:availability\" content=\"instock\" \/>\n<meta property=\"product:retailer_item_id\" content=\"Makadi032024\" \/>\n<meta property=\"product:condition\" content=\"new\" \/>\n<meta name=\"geo.placename\" content=\"hurghada\" \/>\n<meta name=\"geo.region\" content=\"Egipt\" \/>\n<!-- \/ Yoast SEO Premium plugin. -->","yoast_head_json":{"title":"Makadi Bay Diminea\u021ba Makadi Bay Quad Biking Tour Safari \u00een de\u0219ert la beduini","description":"Makadi Bay Morning Quad Biking Tour Safari \u00een de\u0219ert \u00een satul beduin cu plimbare cu c\u0103mila. Cele mai bune lucruri de f\u0103cut \u00een Makadi Bay pentru luna de miere romantic\u0103 \u0219i de cuplu","robots":{"index":"index","follow":"follow","max-snippet":"max-snippet:-1","max-image-preview":"max-image-preview:large","max-video-preview":"max-video-preview:-1"},"canonical":"https:\/\/hurghadalovers.com\/ro\/tours\/makadi-bay-morning-quad-biking-tour\/","og_locale":"ro_RO","og_type":"article","og_title":"Makadi Bay Excursie de diminea\u021b\u0103 cu Quad Biking","og_description":"Makadi Bay Morning Quad Biking Tour Safari \u00een de\u0219ert \u00een satul beduin cu plimbare cu c\u0103mila. Cele mai bune lucruri de f\u0103cut \u00een Makadi Bay pentru luna de miere romantic\u0103 \u0219i de cuplu","og_url":"https:\/\/hurghadalovers.com\/ro\/tours\/makadi-bay-morning-quad-biking-tour\/","og_site_name":"Hurghada Excursions &amp; Day Trips | Booking Best Prices Tours","article_publisher":"https:\/\/www.facebook.com\/Hurghadaloversegypt","article_modified_time":"2026-02-09T21:50:18+00:00","og_image":[{"width":521,"height":1156,"url":"https:\/\/hurghadalovers.com\/wp-content\/uploads\/2023\/08\/super-safari-hurghada-2025.jpeg","type":"image\/jpeg"}],"twitter_card":"summary_large_image","twitter_misc":{"Pre\u021b":"&euro;&nbsp;40","Disponibilitate":"\u00cen stoc"},"schema":{"@context":"https:\/\/schema.org","@graph":[{"@type":["WebPage","ItemPage"],"@id":"https:\/\/hurghadalovers.com\/ro\/tours\/makadi-bay-morning-quad-biking-tour\/","url":"https:\/\/hurghadalovers.com\/ro\/tours\/makadi-bay-morning-quad-biking-tour\/","name":"Makadi Bay Diminea\u021ba Makadi Bay Quad Biking Tour Safari \u00een de\u0219ert la beduini","isPartOf":{"@id":"https:\/\/hurghadalovers.com\/ro\/#website"},"primaryImageOfPage":{"@id":"https:\/\/hurghadalovers.com\/ro\/tours\/makadi-bay-morning-quad-biking-tour\/#primaryimage"},"image":{"@id":"https:\/\/hurghadalovers.com\/ro\/tours\/makadi-bay-morning-quad-biking-tour\/#primaryimage"},"thumbnailUrl":"https:\/\/hurghadalovers.com\/wp-content\/uploads\/2023\/08\/super-safari-hurghada-2025.jpeg","datePublished":"2023-08-30T14:19:28+00:00","dateModified":"2026-02-09T21:50:18+00:00","description":"Makadi Bay Morning Quad Biking Tour Safari \u00een de\u0219ert \u00een satul beduin cu plimbare cu c\u0103mila. Cele mai bune lucruri de f\u0103cut \u00een Makadi Bay pentru luna de miere romantic\u0103 \u0219i de cuplu","breadcrumb":{"@id":"https:\/\/hurghadalovers.com\/ro\/tours\/makadi-bay-morning-quad-biking-tour\/#breadcrumb"},"inLanguage":"ro-RO","potentialAction":[{"@type":"ReadAction","target":["https:\/\/hurghadalovers.com\/ro\/tours\/makadi-bay-morning-quad-biking-tour\/"]}]},{"@type":"ImageObject","inLanguage":"ro-RO","@id":"https:\/\/hurghadalovers.com\/ro\/tours\/makadi-bay-morning-quad-biking-tour\/#primaryimage","url":"https:\/\/hurghadalovers.com\/wp-content\/uploads\/2023\/08\/super-safari-hurghada-2025.jpeg","contentUrl":"https:\/\/hurghadalovers.com\/wp-content\/uploads\/2023\/08\/super-safari-hurghada-2025.jpeg","width":521,"height":1156,"caption":"super safari hurghada 2025"},{"@type":"BreadcrumbList","@id":"https:\/\/hurghadalovers.com\/ro\/tours\/makadi-bay-morning-quad-biking-tour\/#breadcrumb","itemListElement":[{"@type":"ListItem","position":1,"name":"Home","item":"https:\/\/hurghadalovers.com\/ro\/"},{"@type":"ListItem","position":2,"name":"Shop","item":"https:\/\/hurghadalovers.com\/shop\/"},{"@type":"ListItem","position":3,"name":"Makadi Bay Excursie de diminea\u021b\u0103 cu Quad Biking"}]},{"@type":"WebSite","@id":"https:\/\/hurghadalovers.com\/ro\/#website","url":"https:\/\/hurghadalovers.com\/ro\/","name":"Hurghada Excursions & Day Trips | Booking Best Prices Tours","description":"Hurghada Lovers - Best Tour Operator - Excursions &amp; Things to do for Family Day Trips with kids and Couples Romantic. Unique .Hidden gems","publisher":{"@id":"https:\/\/hurghadalovers.com\/ro\/#organization"},"alternateName":"Hurghada Excursions","potentialAction":[{"@type":"SearchAction","target":{"@type":"EntryPoint","urlTemplate":"https:\/\/hurghadalovers.com\/ro\/?s={search_term_string}"},"query-input":{"@type":"PropertyValueSpecification","valueRequired":true,"valueName":"search_term_string"}}],"inLanguage":"ro-RO"},{"@type":["Organization","Place","TravelAgency"],"@id":"https:\/\/hurghadalovers.com\/ro\/#organization","name":"Hurghada Excursions","url":"https:\/\/hurghadalovers.com\/ro\/","logo":{"@id":"https:\/\/hurghadalovers.com\/ro\/tours\/makadi-bay-morning-quad-biking-tour\/#local-main-organization-logo"},"image":{"@id":"https:\/\/hurghadalovers.com\/ro\/tours\/makadi-bay-morning-quad-biking-tour\/#local-main-organization-logo"},"sameAs":["https:\/\/www.facebook.com\/Hurghadaloversegypt"],"address":{"@id":"https:\/\/hurghadalovers.com\/ro\/tours\/makadi-bay-morning-quad-biking-tour\/#local-main-place-address"},"telephone":["00201112596434"],"contactPoint":{"@type":"ContactPoint","telephone":"00201112596434","email":"weyouface@gmail.com"},"openingHoursSpecification":{"@type":"OpeningHoursSpecification","dayOfWeek":["Monday","Tuesday","Wednesday","Thursday","Friday","Saturday","Sunday"],"opens":"00:00","closes":"23:59"},"email":"weyouface@gmail.com","areaServed":"Luxor, Hurghada, El Gouna, Aswan, Sharm El Sheikh, Giza, Alexandria, Marsa Alam, Quseir, Soma Bay, Sahl Hasheesh, Red Sea, Makadi Bay, Cairo","priceRange":"$","currenciesAccepted":"euro","paymentAccepted":"cash on site"},{"@type":"PostalAddress","@id":"https:\/\/hurghadalovers.com\/ro\/tours\/makadi-bay-morning-quad-biking-tour\/#local-main-place-address","streetAddress":"17 Banks street, Alkawther area, top nbk bank","addressLocality":"hurghada","postalCode":"84511","addressRegion":"red sea","addressCountry":"EG"},{"@type":"ImageObject","inLanguage":"ro-RO","@id":"https:\/\/hurghadalovers.com\/ro\/tours\/makadi-bay-morning-quad-biking-tour\/#local-main-organization-logo","url":"https:\/\/hurghadalovers.com\/wp-content\/uploads\/2019\/10\/hurghada-excursions-logo.png","contentUrl":"https:\/\/hurghadalovers.com\/wp-content\/uploads\/2019\/10\/hurghada-excursions-logo.png","width":272,"height":90,"caption":"Hurghada Excursions"}]},"product_brand":"Excursii in Makadi bay","product_price_amount":"40","product_price_currency":"EUR","og_availability":"instock","product_availability":"instock","product_retailer_item_id":"Makadi032024","product_condition":"new","geo.placename":"hurghada","geo.region":"Egipt"},"_links":{"self":[{"href":"https:\/\/hurghadalovers.com\/ro\/wp-json\/wp\/v2\/product\/389331","targetHints":{"allow":["GET"]}}],"collection":[{"href":"https:\/\/hurghadalovers.com\/ro\/wp-json\/wp\/v2\/product"}],"about":[{"href":"https:\/\/hurghadalovers.com\/ro\/wp-json\/wp\/v2\/types\/product"}],"wp:featuredmedia":[{"embeddable":true,"href":"https:\/\/hurghadalovers.com\/ro\/wp-json\/wp\/v2\/media\/995942"}],"wp:attachment":[{"href":"https:\/\/hurghadalovers.com\/ro\/wp-json\/wp\/v2\/media?parent=389331"}],"wp:term":[{"taxonomy":"product_brand","embeddable":true,"href":"https:\/\/hurghadalovers.com\/ro\/wp-json\/wp\/v2\/product_brand?post=389331"},{"taxonomy":"product_cat","embeddable":true,"href":"https:\/\/hurghadalovers.com\/ro\/wp-json\/wp\/v2\/product_cat?post=389331"},{"taxonomy":"product_tag","embeddable":true,"href":"https:\/\/hurghadalovers.com\/ro\/wp-json\/wp\/v2\/product_tag?post=389331"}],"curies":[{"name":"wp","href":"https:\/\/api.w.org\/{rel}","templated":true}]}}