{"id":386741,"date":"2023-08-29T16:45:18","date_gmt":"2023-08-29T16:55:15","guid":{"rendered":"https:\/\/hurghadalovers.com\/shop\/fara-categorie\/excursie-privata-makadi-bay-la-piramidele-din-giza-saqqara-si-cairo-islamic\/"},"modified":"2026-02-09T09:11:23","modified_gmt":"2026-02-09T09:11:23","slug":"private-makadi-bay-to-pyramids-of-giza-saqqara","status":"publish","type":"product","link":"https:\/\/hurghadalovers.com\/ro\/tours\/private-makadi-bay-to-pyramids-of-giza-saqqara\/","title":{"rendered":"Excursie privat\u0103 Makadi Bay la Piramidele din Giza, Saqqara \u0219i Cairo islamic"},"content":{"rendered":"<p>Excursie <strong>privat\u0103 <\/strong> din<strong>Makadi Bay<\/strong> <strong>la Piramidele din Giza<\/strong>, Saqqara \u0219i Cairo islamic cu ghid privat, bilete \u0219i pr\u00e2nz.<\/p>\n<p>Rezerva\u021bi cele mai frumoase excursii speciale de o zi de la Makadi Bay pentru a vizita <strong>piramidele<\/strong>, piramida <strong>Saqqara<\/strong>, cele mai importante moschei \u0219i monumente <strong>islamice<\/strong> din vechiul Cairo, pentru a descoperi o nou\u0103 istorie \u0219i fapte despre faraoni \u0219i civiliza\u021bia <strong>egiptean\u0103 antic\u0103<\/strong>.<\/p>\n<p><strong>Puncte de interes:<\/strong><\/p>\n<ul>\n<li>Piramidele din Giza<\/li>\n<li>Marele Sfinx.<\/li>\n<li>Valley Temple.<\/li>\n<li>Saqqara<\/li>\n<li>Cetatea Cairo &#8222;Cetatea lui Saladin&#8221;<\/li>\n<li>Moscheea Ibn Tulun<\/li>\n<li>Moscheea \u0219i Madrasa lui Sultan Hassan.<\/li>\n<li>Pr\u00e2nz la restaurant.<\/li>\n<\/ul>\n<p><strong>Privat <\/strong><strong>Golful Makadi<\/strong> <strong>la Piramidele din Giza Detalii:<\/strong><\/p>\n<ul>\n<li>Disponibilitatea turului: \u00cen fiecare zi.<\/li>\n<li>Tip de tur: Privat cu ma\u0219ina sau cu minivan.<\/li>\n<li>Ora de preluare: \u00cencep\u00e2nd cu ora 12:30 A.M.<\/li>\n<li>Cerere Hotel ob\u021bine\u021bi geanta de mic dejun cu tine Diminea\u021ba.<\/li>\n<li>Ora de preluare: 20:30.<\/li>\n<li>Accesibil pentru scaune cu rotile.<\/li>\n<li>Durata: 22 ore.<\/li>\n<\/ul>\n<p><strong>Rezerva\u021bi acum \u0219i pl\u0103ti\u021bi mai t\u00e2rziu:<\/strong><\/p>\n<ul>\n<li>Numerar la fa\u021ba locului pentru a ghida.<\/li>\n<li>Plata prin lire egiptene, $, \u20ac sau \u00a3.<\/li>\n<\/ul>\n<p><strong>Politica de anulare:<\/strong><\/p>\n<ul>\n<li>anula\u021bi cu p\u00e2n\u0103 la 24 de ore \u00een avans.<\/li>\n<li>Atunci c\u00e2nd cineva din familia ta anuleaz\u0103 diminea\u021ba, pl\u0103ti\u021bi 50% din cost.<\/li>\n<\/ul>\n<p><strong>Ce este inclus?<\/strong><\/p>\n<ul>\n<li>Transfer de la hotelurile Makadi Bay &#8222;Hotel pick up and drop off&#8221;.<\/li>\n<li>Toate taxele, taxele de intrare \u0219i taxele de manipulare.<\/li>\n<li>Transferuri.<\/li>\n<li>Ghid turistic.<\/li>\n<li>B\u0103uturi.<\/li>\n<li>Pr\u00e2nz \u00een restaurant.<\/li>\n<\/ul>\n<p><strong>Excluderi?<\/strong><\/p>\n<ul>\n<li>Bac\u0219i\u0219uri.<\/li>\n<li>Excursie cu Felucca &#8222;Croazier\u0103 cu barca&#8221; Pentru 35 min= 10$.<\/li>\n<li>Orice extras care nu este men\u021bionat.<\/li>\n<\/ul>\n<p><strong>Pre\u021buri:<\/strong><\/p>\n<ul>\n<li><strong>Pre\u021b pentru adul\u021bi = de la 190$ pe persoan\u0103<\/strong>.<\/li>\n<li>Pre\u021bul pentru copii &#8222;5-12\u2033= 50%.<\/li>\n<li>pentru copii &#8222;0-5&#8221; = gratuit.<\/li>\n<\/ul>\n<p><strong>Recenzii:<\/strong><\/p>\n<p>verifica\u021bi recenziile noastre Google Map ca cel mai bun <a href=\"https:\/\/g.page\/r\/CUeYvkngP3wkEBM\/review\">operator de<\/a> turism <a href=\"https:\/\/g.page\/r\/CUeYvkngP3wkEBM\/review\">\u00een<\/a> <a href=\"https:\/\/hurghadalovers.com\/\">Hurghada<\/a> online \u00een <a href=\"https:\/\/hurghadalovers.com\/\">Hurghada<\/a> Egipt.<\/p>\n<p><strong>Rezervare:<\/strong><\/p>\n<p>Trimite\u021bi hotelul + num\u0103rul camerei + pa\u0219apoartele cu fotografie la WhatsApp: <strong>+201112596434<\/strong><\/p>\n<p>If you out Egypt Booking now online and confirm when arrival Hotel.<\/p>\n<p>&nbsp;<\/p>\n<p>&nbsp;<\/p>\n","protected":false},"excerpt":{"rendered":"<p>Excursie privat\u0103 din Makadi Bay la Piramidele din Giza, Saqqara \u0219i Cairo islamic cu ghid privat, bilete \u0219i pr\u00e2nz. descoperi\u021bi noi date \u0219i fapte istorice despre faraoni \u0219i despre civiliza\u021bia egiptean\u0103 antic\u0103.<\/p>\n","protected":false},"featured_media":386670,"template":"","meta":{"_joinchat":[]},"product_brand":[],"product_cat":[29873],"product_tag":[],"class_list":{"0":"post-386741","1":"product","2":"type-product","3":"status-publish","4":"has-post-thumbnail","6":"product_cat-tours-romanian","7":"tour_category-excursii-de-o-zi-din-cairo-din-makadi-bay","8":"tour_category-lucruri-de-facut-in-makadi-bay","10":"first","11":"instock","12":"sale","13":"shipping-taxable","14":"purchasable","15":"product-type-tour"},"yoast_head":"<!-- This site is optimized with the Yoast SEO Premium plugin v26.9 (Yoast SEO v27.2) - https:\/\/yoast.com\/product\/yoast-seo-premium-wordpress\/ -->\n<title>Private Makadi Bay la Piramidele din Giza, Saqqara, Cairo islamic<\/title>\n<meta name=\"description\" content=\"Excursie privat\u0103 din Makadi Bay la Piramidele din Giza, Saqqara \u0219i Cairo islamic cu ghid privat, bilete \u0219i pr\u00e2nz. Descoperi\u021bi noi date istorice \u0219i fapte despre faraoni\" \/>\n<meta name=\"robots\" content=\"index, follow, max-snippet:-1, max-image-preview:large, max-video-preview:-1\" \/>\n<link rel=\"canonical\" href=\"https:\/\/hurghadalovers.com\/ro\/tours\/private-makadi-bay-to-pyramids-of-giza-saqqara\/\" \/>\n<meta property=\"og:locale\" content=\"ro_RO\" \/>\n<meta property=\"og:type\" content=\"article\" \/>\n<meta property=\"og:title\" content=\"Excursie privat\u0103 Makadi Bay la Piramidele din Giza, Saqqara \u0219i Cairo islamic\" \/>\n<meta property=\"og:description\" content=\"Excursie privat\u0103 din Makadi Bay la Piramidele din Giza, Saqqara \u0219i Cairo islamic cu ghid privat, bilete \u0219i pr\u00e2nz. Descoperi\u021bi noi date istorice \u0219i fapte despre faraoni\" \/>\n<meta property=\"og:url\" content=\"https:\/\/hurghadalovers.com\/ro\/tours\/private-makadi-bay-to-pyramids-of-giza-saqqara\/\" \/>\n<meta property=\"og:site_name\" content=\"Hurghada Excursions &amp; Day Trips | Booking Best Prices Tours\" \/>\n<meta property=\"article:publisher\" content=\"https:\/\/www.facebook.com\/Hurghadaloversegypt\" \/>\n<meta property=\"article:modified_time\" content=\"2026-02-09T09:11:23+00:00\" \/>\n<meta property=\"og:image\" content=\"https:\/\/hurghadalovers.com\/wp-content\/uploads\/2023\/08\/Private-Makadi-Bay-to-Pyramids-of-Giza.jpeg\" \/>\n\t<meta property=\"og:image:width\" content=\"1536\" \/>\n\t<meta property=\"og:image:height\" content=\"795\" \/>\n\t<meta property=\"og:image:type\" content=\"image\/jpeg\" \/>\n<meta name=\"twitter:card\" content=\"summary_large_image\" \/>\n<meta name=\"twitter:label1\" content=\"Pre\u021b\" \/>\n\t<meta name=\"twitter:data1\" content=\"&euro;&nbsp;190\" \/>\n\t<meta name=\"twitter:label2\" content=\"Disponibilitate\" \/>\n\t<meta name=\"twitter:data2\" content=\"\u00cen stoc\" \/>\n<script type=\"application\/ld+json\" class=\"yoast-schema-graph\">{\"@context\":\"https:\/\/schema.org\",\"@graph\":[{\"@type\":[\"WebPage\",\"ItemPage\"],\"@id\":\"https:\/\/hurghadalovers.com\/ro\/tours\/private-makadi-bay-to-pyramids-of-giza-saqqara\/\",\"url\":\"https:\/\/hurghadalovers.com\/ro\/tours\/private-makadi-bay-to-pyramids-of-giza-saqqara\/\",\"name\":\"Private Makadi Bay la Piramidele din Giza, Saqqara, Cairo islamic\",\"isPartOf\":{\"@id\":\"https:\/\/hurghadalovers.com\/ro\/#website\"},\"primaryImageOfPage\":{\"@id\":\"https:\/\/hurghadalovers.com\/ro\/tours\/private-makadi-bay-to-pyramids-of-giza-saqqara\/#primaryimage\"},\"image\":{\"@id\":\"https:\/\/hurghadalovers.com\/ro\/tours\/private-makadi-bay-to-pyramids-of-giza-saqqara\/#primaryimage\"},\"thumbnailUrl\":\"https:\/\/hurghadalovers.com\/wp-content\/uploads\/2023\/08\/Private-Makadi-Bay-to-Pyramids-of-Giza.jpeg\",\"datePublished\":\"2023-08-29T16:55:15+00:00\",\"dateModified\":\"2026-02-09T09:11:23+00:00\",\"description\":\"Excursie privat\u0103 din Makadi Bay la Piramidele din Giza, Saqqara \u0219i Cairo islamic cu ghid privat, bilete \u0219i pr\u00e2nz. Descoperi\u021bi noi date istorice \u0219i fapte despre faraoni\",\"breadcrumb\":{\"@id\":\"https:\/\/hurghadalovers.com\/ro\/tours\/private-makadi-bay-to-pyramids-of-giza-saqqara\/#breadcrumb\"},\"inLanguage\":\"ro-RO\",\"potentialAction\":[{\"@type\":\"ReadAction\",\"target\":[\"https:\/\/hurghadalovers.com\/ro\/tours\/private-makadi-bay-to-pyramids-of-giza-saqqara\/\"]}]},{\"@type\":\"ImageObject\",\"inLanguage\":\"ro-RO\",\"@id\":\"https:\/\/hurghadalovers.com\/ro\/tours\/private-makadi-bay-to-pyramids-of-giza-saqqara\/#primaryimage\",\"url\":\"https:\/\/hurghadalovers.com\/wp-content\/uploads\/2023\/08\/Private-Makadi-Bay-to-Pyramids-of-Giza.jpeg\",\"contentUrl\":\"https:\/\/hurghadalovers.com\/wp-content\/uploads\/2023\/08\/Private-Makadi-Bay-to-Pyramids-of-Giza.jpeg\",\"width\":1536,\"height\":795,\"caption\":\"Private Makadi Bay la Piramidele din Giza, Saqqara, Cairo islamic\"},{\"@type\":\"BreadcrumbList\",\"@id\":\"https:\/\/hurghadalovers.com\/ro\/tours\/private-makadi-bay-to-pyramids-of-giza-saqqara\/#breadcrumb\",\"itemListElement\":[{\"@type\":\"ListItem\",\"position\":1,\"name\":\"Home\",\"item\":\"https:\/\/hurghadalovers.com\/ro\/\"},{\"@type\":\"ListItem\",\"position\":2,\"name\":\"Shop\",\"item\":\"https:\/\/hurghadalovers.com\/shop\/\"},{\"@type\":\"ListItem\",\"position\":3,\"name\":\"Excursie privat\u0103 Makadi Bay la Piramidele din Giza, Saqqara \u0219i Cairo islamic\"}]},{\"@type\":\"WebSite\",\"@id\":\"https:\/\/hurghadalovers.com\/ro\/#website\",\"url\":\"https:\/\/hurghadalovers.com\/ro\/\",\"name\":\"Hurghada Excursions & Day Trips | Booking Best Prices Tours\",\"description\":\"Hurghada Lovers - Best Tour Operator - Excursions &amp; Things to do for Family Day Trips with kids and Couples Romantic. Unique .Hidden gems\",\"publisher\":{\"@id\":\"https:\/\/hurghadalovers.com\/ro\/#organization\"},\"alternateName\":\"Hurghada Excursions\",\"potentialAction\":[{\"@type\":\"SearchAction\",\"target\":{\"@type\":\"EntryPoint\",\"urlTemplate\":\"https:\/\/hurghadalovers.com\/ro\/?s={search_term_string}\"},\"query-input\":{\"@type\":\"PropertyValueSpecification\",\"valueRequired\":true,\"valueName\":\"search_term_string\"}}],\"inLanguage\":\"ro-RO\"},{\"@type\":[\"Organization\",\"Place\",\"TravelAgency\"],\"@id\":\"https:\/\/hurghadalovers.com\/ro\/#organization\",\"name\":\"Hurghada Excursions\",\"url\":\"https:\/\/hurghadalovers.com\/ro\/\",\"logo\":{\"@id\":\"https:\/\/hurghadalovers.com\/ro\/tours\/private-makadi-bay-to-pyramids-of-giza-saqqara\/#local-main-organization-logo\"},\"image\":{\"@id\":\"https:\/\/hurghadalovers.com\/ro\/tours\/private-makadi-bay-to-pyramids-of-giza-saqqara\/#local-main-organization-logo\"},\"sameAs\":[\"https:\/\/www.facebook.com\/Hurghadaloversegypt\"],\"address\":{\"@id\":\"https:\/\/hurghadalovers.com\/ro\/tours\/private-makadi-bay-to-pyramids-of-giza-saqqara\/#local-main-place-address\"},\"telephone\":[\"00201112596434\"],\"contactPoint\":{\"@type\":\"ContactPoint\",\"telephone\":\"00201112596434\",\"email\":\"weyouface@gmail.com\"},\"openingHoursSpecification\":{\"@type\":\"OpeningHoursSpecification\",\"dayOfWeek\":[\"Monday\",\"Tuesday\",\"Wednesday\",\"Thursday\",\"Friday\",\"Saturday\",\"Sunday\"],\"opens\":\"00:00\",\"closes\":\"23:59\"},\"email\":\"weyouface@gmail.com\",\"areaServed\":\"Luxor, Hurghada, El Gouna, Aswan, Sharm El Sheikh, Giza, Alexandria, Marsa Alam, Quseir, Soma Bay, Sahl Hasheesh, Red Sea, Makadi Bay, Cairo\",\"priceRange\":\"$\",\"currenciesAccepted\":\"euro\",\"paymentAccepted\":\"cash on site\"},{\"@type\":\"PostalAddress\",\"@id\":\"https:\/\/hurghadalovers.com\/ro\/tours\/private-makadi-bay-to-pyramids-of-giza-saqqara\/#local-main-place-address\",\"streetAddress\":\"17 Banks street, Alkawther area, top nbk bank\",\"addressLocality\":\"hurghada\",\"postalCode\":\"84511\",\"addressRegion\":\"red sea\",\"addressCountry\":\"EG\"},{\"@type\":\"ImageObject\",\"inLanguage\":\"ro-RO\",\"@id\":\"https:\/\/hurghadalovers.com\/ro\/tours\/private-makadi-bay-to-pyramids-of-giza-saqqara\/#local-main-organization-logo\",\"url\":\"https:\/\/hurghadalovers.com\/wp-content\/uploads\/2019\/10\/hurghada-excursions-logo.png\",\"contentUrl\":\"https:\/\/hurghadalovers.com\/wp-content\/uploads\/2019\/10\/hurghada-excursions-logo.png\",\"width\":272,\"height\":90,\"caption\":\"Hurghada Excursions\"}]}<\/script>\n<meta property=\"product:brand\" content=\"Excursii de o zi de la Makadi bay la Piramide\" \/>\n<meta property=\"product:price:amount\" content=\"190\" \/>\n<meta property=\"product:price:currency\" content=\"EUR\" \/>\n<meta property=\"og:availability\" content=\"instock\" \/>\n<meta property=\"product:availability\" content=\"instock\" \/>\n<meta property=\"product:retailer_item_id\" content=\"MakadiBay052024\" \/>\n<meta property=\"product:condition\" content=\"new\" \/>\n<meta name=\"geo.placename\" content=\"hurghada\" \/>\n<meta name=\"geo.region\" content=\"Egipt\" \/>\n<!-- \/ Yoast SEO Premium plugin. -->","yoast_head_json":{"title":"Private Makadi Bay la Piramidele din Giza, Saqqara, Cairo islamic","description":"Excursie privat\u0103 din Makadi Bay la Piramidele din Giza, Saqqara \u0219i Cairo islamic cu ghid privat, bilete \u0219i pr\u00e2nz. Descoperi\u021bi noi date istorice \u0219i fapte despre faraoni","robots":{"index":"index","follow":"follow","max-snippet":"max-snippet:-1","max-image-preview":"max-image-preview:large","max-video-preview":"max-video-preview:-1"},"canonical":"https:\/\/hurghadalovers.com\/ro\/tours\/private-makadi-bay-to-pyramids-of-giza-saqqara\/","og_locale":"ro_RO","og_type":"article","og_title":"Excursie privat\u0103 Makadi Bay la Piramidele din Giza, Saqqara \u0219i Cairo islamic","og_description":"Excursie privat\u0103 din Makadi Bay la Piramidele din Giza, Saqqara \u0219i Cairo islamic cu ghid privat, bilete \u0219i pr\u00e2nz. Descoperi\u021bi noi date istorice \u0219i fapte despre faraoni","og_url":"https:\/\/hurghadalovers.com\/ro\/tours\/private-makadi-bay-to-pyramids-of-giza-saqqara\/","og_site_name":"Hurghada Excursions &amp; Day Trips | Booking Best Prices Tours","article_publisher":"https:\/\/www.facebook.com\/Hurghadaloversegypt","article_modified_time":"2026-02-09T09:11:23+00:00","og_image":[{"width":1536,"height":795,"url":"https:\/\/hurghadalovers.com\/wp-content\/uploads\/2023\/08\/Private-Makadi-Bay-to-Pyramids-of-Giza.jpeg","type":"image\/jpeg"}],"twitter_card":"summary_large_image","twitter_misc":{"Pre\u021b":"&euro;&nbsp;190","Disponibilitate":"\u00cen stoc"},"schema":{"@context":"https:\/\/schema.org","@graph":[{"@type":["WebPage","ItemPage"],"@id":"https:\/\/hurghadalovers.com\/ro\/tours\/private-makadi-bay-to-pyramids-of-giza-saqqara\/","url":"https:\/\/hurghadalovers.com\/ro\/tours\/private-makadi-bay-to-pyramids-of-giza-saqqara\/","name":"Private Makadi Bay la Piramidele din Giza, Saqqara, Cairo islamic","isPartOf":{"@id":"https:\/\/hurghadalovers.com\/ro\/#website"},"primaryImageOfPage":{"@id":"https:\/\/hurghadalovers.com\/ro\/tours\/private-makadi-bay-to-pyramids-of-giza-saqqara\/#primaryimage"},"image":{"@id":"https:\/\/hurghadalovers.com\/ro\/tours\/private-makadi-bay-to-pyramids-of-giza-saqqara\/#primaryimage"},"thumbnailUrl":"https:\/\/hurghadalovers.com\/wp-content\/uploads\/2023\/08\/Private-Makadi-Bay-to-Pyramids-of-Giza.jpeg","datePublished":"2023-08-29T16:55:15+00:00","dateModified":"2026-02-09T09:11:23+00:00","description":"Excursie privat\u0103 din Makadi Bay la Piramidele din Giza, Saqqara \u0219i Cairo islamic cu ghid privat, bilete \u0219i pr\u00e2nz. Descoperi\u021bi noi date istorice \u0219i fapte despre faraoni","breadcrumb":{"@id":"https:\/\/hurghadalovers.com\/ro\/tours\/private-makadi-bay-to-pyramids-of-giza-saqqara\/#breadcrumb"},"inLanguage":"ro-RO","potentialAction":[{"@type":"ReadAction","target":["https:\/\/hurghadalovers.com\/ro\/tours\/private-makadi-bay-to-pyramids-of-giza-saqqara\/"]}]},{"@type":"ImageObject","inLanguage":"ro-RO","@id":"https:\/\/hurghadalovers.com\/ro\/tours\/private-makadi-bay-to-pyramids-of-giza-saqqara\/#primaryimage","url":"https:\/\/hurghadalovers.com\/wp-content\/uploads\/2023\/08\/Private-Makadi-Bay-to-Pyramids-of-Giza.jpeg","contentUrl":"https:\/\/hurghadalovers.com\/wp-content\/uploads\/2023\/08\/Private-Makadi-Bay-to-Pyramids-of-Giza.jpeg","width":1536,"height":795,"caption":"Private Makadi Bay la Piramidele din Giza, Saqqara, Cairo islamic"},{"@type":"BreadcrumbList","@id":"https:\/\/hurghadalovers.com\/ro\/tours\/private-makadi-bay-to-pyramids-of-giza-saqqara\/#breadcrumb","itemListElement":[{"@type":"ListItem","position":1,"name":"Home","item":"https:\/\/hurghadalovers.com\/ro\/"},{"@type":"ListItem","position":2,"name":"Shop","item":"https:\/\/hurghadalovers.com\/shop\/"},{"@type":"ListItem","position":3,"name":"Excursie privat\u0103 Makadi Bay la Piramidele din Giza, Saqqara \u0219i Cairo islamic"}]},{"@type":"WebSite","@id":"https:\/\/hurghadalovers.com\/ro\/#website","url":"https:\/\/hurghadalovers.com\/ro\/","name":"Hurghada Excursions & Day Trips | Booking Best Prices Tours","description":"Hurghada Lovers - Best Tour Operator - Excursions &amp; Things to do for Family Day Trips with kids and Couples Romantic. Unique .Hidden gems","publisher":{"@id":"https:\/\/hurghadalovers.com\/ro\/#organization"},"alternateName":"Hurghada Excursions","potentialAction":[{"@type":"SearchAction","target":{"@type":"EntryPoint","urlTemplate":"https:\/\/hurghadalovers.com\/ro\/?s={search_term_string}"},"query-input":{"@type":"PropertyValueSpecification","valueRequired":true,"valueName":"search_term_string"}}],"inLanguage":"ro-RO"},{"@type":["Organization","Place","TravelAgency"],"@id":"https:\/\/hurghadalovers.com\/ro\/#organization","name":"Hurghada Excursions","url":"https:\/\/hurghadalovers.com\/ro\/","logo":{"@id":"https:\/\/hurghadalovers.com\/ro\/tours\/private-makadi-bay-to-pyramids-of-giza-saqqara\/#local-main-organization-logo"},"image":{"@id":"https:\/\/hurghadalovers.com\/ro\/tours\/private-makadi-bay-to-pyramids-of-giza-saqqara\/#local-main-organization-logo"},"sameAs":["https:\/\/www.facebook.com\/Hurghadaloversegypt"],"address":{"@id":"https:\/\/hurghadalovers.com\/ro\/tours\/private-makadi-bay-to-pyramids-of-giza-saqqara\/#local-main-place-address"},"telephone":["00201112596434"],"contactPoint":{"@type":"ContactPoint","telephone":"00201112596434","email":"weyouface@gmail.com"},"openingHoursSpecification":{"@type":"OpeningHoursSpecification","dayOfWeek":["Monday","Tuesday","Wednesday","Thursday","Friday","Saturday","Sunday"],"opens":"00:00","closes":"23:59"},"email":"weyouface@gmail.com","areaServed":"Luxor, Hurghada, El Gouna, Aswan, Sharm El Sheikh, Giza, Alexandria, Marsa Alam, Quseir, Soma Bay, Sahl Hasheesh, Red Sea, Makadi Bay, Cairo","priceRange":"$","currenciesAccepted":"euro","paymentAccepted":"cash on site"},{"@type":"PostalAddress","@id":"https:\/\/hurghadalovers.com\/ro\/tours\/private-makadi-bay-to-pyramids-of-giza-saqqara\/#local-main-place-address","streetAddress":"17 Banks street, Alkawther area, top nbk bank","addressLocality":"hurghada","postalCode":"84511","addressRegion":"red sea","addressCountry":"EG"},{"@type":"ImageObject","inLanguage":"ro-RO","@id":"https:\/\/hurghadalovers.com\/ro\/tours\/private-makadi-bay-to-pyramids-of-giza-saqqara\/#local-main-organization-logo","url":"https:\/\/hurghadalovers.com\/wp-content\/uploads\/2019\/10\/hurghada-excursions-logo.png","contentUrl":"https:\/\/hurghadalovers.com\/wp-content\/uploads\/2019\/10\/hurghada-excursions-logo.png","width":272,"height":90,"caption":"Hurghada Excursions"}]},"product_brand":"Excursii de o zi de la Makadi bay la Piramide","product_price_amount":"190","product_price_currency":"EUR","og_availability":"instock","product_availability":"instock","product_retailer_item_id":"MakadiBay052024","product_condition":"new","geo.placename":"hurghada","geo.region":"Egipt"},"_links":{"self":[{"href":"https:\/\/hurghadalovers.com\/ro\/wp-json\/wp\/v2\/product\/386741","targetHints":{"allow":["GET"]}}],"collection":[{"href":"https:\/\/hurghadalovers.com\/ro\/wp-json\/wp\/v2\/product"}],"about":[{"href":"https:\/\/hurghadalovers.com\/ro\/wp-json\/wp\/v2\/types\/product"}],"wp:featuredmedia":[{"embeddable":true,"href":"https:\/\/hurghadalovers.com\/ro\/wp-json\/wp\/v2\/media\/386670"}],"wp:attachment":[{"href":"https:\/\/hurghadalovers.com\/ro\/wp-json\/wp\/v2\/media?parent=386741"}],"wp:term":[{"taxonomy":"product_brand","embeddable":true,"href":"https:\/\/hurghadalovers.com\/ro\/wp-json\/wp\/v2\/product_brand?post=386741"},{"taxonomy":"product_cat","embeddable":true,"href":"https:\/\/hurghadalovers.com\/ro\/wp-json\/wp\/v2\/product_cat?post=386741"},{"taxonomy":"product_tag","embeddable":true,"href":"https:\/\/hurghadalovers.com\/ro\/wp-json\/wp\/v2\/product_tag?post=386741"}],"curies":[{"name":"wp","href":"https:\/\/api.w.org\/{rel}","templated":true}]}}