{"id":385156,"date":"2023-08-27T11:39:09","date_gmt":"2023-08-27T11:39:09","guid":{"rendered":"https:\/\/hurghadalovers.com\/shop\/fara-categorie\/piratii-sailing-boat-la-orange-bay-island-de-la-soma-bay\/"},"modified":"2026-02-08T23:43:16","modified_gmt":"2026-02-08T23:43:16","slug":"pirati-calaret-calaret-pe-calaret-pe-calaret","status":"publish","type":"product","link":"https:\/\/hurghadalovers.com\/ro\/tours\/pirati-calaret-calaret-pe-calaret-pe-calaret\/","title":{"rendered":"Pira\u021bii Sailing Boat la Orange Bay Island de la Soma Bay"},"content":{"rendered":"<p><strong>Pirates Sailing Boat la Orange Bay Island de la <\/strong><strong>Soma Bay<\/strong> cu VIP Lunch.<\/p>\n<p>Dac\u0103 sunte\u021bi \u00een c\u0103utarea celor mai  <strong>velier de lux<\/strong> pentru a petrece o zi \u00eentreag\u0103 special\u0103 \u0219i s\u0103 se bucure de mai multe  <strong>confiden\u021bialitate<\/strong>, prosperitate \u0219i  <strong>lux<\/strong>, m\u00e2nca\u021bi cele mai frumoase m\u00e2nc\u0103ruri delicioase, creve\u021bi \u0219i fructe de mare, \u00eenota\u021bi \u00een cele mai frumoase  <strong>spot de recif de corali<\/strong> \u0219i du-te la cele mai frumoase plaje din  <strong>Giftun Island<\/strong>, al\u0103tura\u021bi-v\u0103 nou\u0103 acum&#8230;<\/p>\n<p style=\"text-align: center;\"><span style=\"color: #00ccff;\">Cel mai frumos golf Soma Bay <strong>Activit\u0103\u021bi de familie<\/strong>, <strong>Lucruri de f\u0103cut cu copiii<\/strong>, Seniori, <strong>Luna de miere<\/strong> \u0219i <strong>Cuplu<\/strong>.<\/span><\/p>\n<p>&nbsp;<\/p>\n<p><strong>Puncte de interes:<\/strong><\/p>\n<ul>\n<li>One Spot Snorkeling House Reef.<\/li>\n<li>1 or\u0103 la Orange Bay Island Beach.<\/li>\n<\/ul>\n<p><strong>Pira\u021bii Sailing Boat la Orange Bay Island de la <\/strong><strong>Golful Soma<\/strong> <strong>Detalii:<\/strong><\/p>\n<ul>\n<li>Disponibilitatea turului: \u00cen fiecare zi.<\/li>\n<li>Tip de tur: Grup.<\/li>\n<li>Ora de preluare: \u00cencep\u00e2nd cu ora 07:30 A.M.<\/li>\n<li>Ora de preluare: 15:00.<\/li>\n<li>Accesibil pentru scaune cu rotile.<\/li>\n<li>Durata: 6 ore.<\/li>\n<\/ul>\n<p><strong>Rezerva\u021bi acum \u0219i pl\u0103ti\u021bi mai t\u00e2rziu:<\/strong><\/p>\n<ul>\n<li>Numerar la fa\u021ba locului pentru a ghida.<\/li>\n<li>Plata prin lire egiptene, $, \u20ac sau \u00a3.<\/li>\n<\/ul>\n<p><strong>Politica de anulare:<\/strong><\/p>\n<ul>\n<li>anula\u021bi cu p\u00e2n\u0103 la 24 de ore \u00een avans.<\/li>\n<li>Atunci c\u00e2nd cineva din familia ta anuleaz\u0103 diminea\u021ba, pl\u0103ti\u021bi 50% din cost.<\/li>\n<\/ul>\n<p><strong>Ce este inclus?<\/strong><\/p>\n<ul>\n<li>Transfer de la Soma Bay Hotels &#8222;Hotel pick up and drop off&#8221;.<\/li>\n<li>Toate taxele, taxele de intrare \u0219i taxele de manipulare.<\/li>\n<li>Ghid turistic.<\/li>\n<li>Ap\u0103 mineral\u0103 + Cola + Lapte + Cafea\/Tei.<\/li>\n<li>1 Snorkeling spot.<\/li>\n<li>Echipament de snorkeling &#8222;M\u0103\u0219ti \u0219i aripioare de \u00eenot&#8221;.<\/li>\n<li>1 or\u0103 la <strong>Orange Bay Island<\/strong> <strong>Beach<\/strong>.<\/li>\n<li>VIP bufet de pr\u00e2nz la bordul vasului &#8222;Sup\u0103 de fructe de mare \/ 3 tipuri de salat\u0103 proasp\u0103t\u0103 \/ orez, paste, cartofi \/ creve\u021bi, calamar, pe\u0219te, pui \u0219i kofta \/ fructe proaspete de sezon.&#8221;.<\/li>\n<li>Veste de salvare.<\/li>\n<\/ul>\n<p><strong>Excluderi?<\/strong><\/p>\n<ul>\n<li>Bac\u0219i\u0219uri.<\/li>\n<li>B\u0103uturi \u00een Orange Bay Restaurant Island.<\/li>\n<li>Fotografie \u0219i fotografii pentru c\u0103l\u0103torie.<\/li>\n<li>Oferim costume de baie \u0219i costume de baie de \u00eenchiriat pentru femei, b\u0103rba\u021bi, copii toate Dimensiune &#8221; 5$ pe unul&#8221;.<\/li>\n<li>Orice extras care nu este men\u021bionat.<\/li>\n<\/ul>\n<p><strong>Pre\u021buri:<\/strong><\/p>\n<ul>\n<li><strong>Pre\u021b pentru adul\u021bi = <\/strong><strong>90$ pe persoan\u0103<\/strong>.<\/li>\n<li>Pre\u021b pentru copii &#8222;3-10\u2033= 50%.<\/li>\n<li>pentru copii &#8222;0-3\u2033= gratuit.<\/li>\n<\/ul>\n<p><strong>Recenzii:<\/strong><\/p>\n<p>verifica\u021bi recenziile noastre Google Map ca cel mai bun <a href=\"https:\/\/g.page\/r\/CUeYvkngP3wkEBM\/review\">operator de<\/a> turism <a href=\"https:\/\/g.page\/r\/CUeYvkngP3wkEBM\/review\">\u00een<\/a> <a href=\"https:\/\/hurghadalovers.com\/\">Hurghada<\/a> online \u00een <a href=\"https:\/\/hurghadalovers.com\/\">Hurghada<\/a> Egipt.<\/p>\n<p><strong>Rezervare:<\/strong><\/p>\n<p>Trimite\u021bi hotelul + num\u0103rul camerei + pa\u0219apoartele cu fotografie la WhatsApp: <strong>+201112596434<\/strong><\/p>\n<p>If you out Egypt Booking now online and confirm when arrival Hotel.<\/p>\n<p>&nbsp;<\/p>\n<p>&nbsp;<\/p>\n","protected":false},"excerpt":{"rendered":"<p>Pirates Sailing Boat la Orange Bay Island de la Soma Bay cu VIP Lunch. ambarca\u021biune cu vele de lux. loc frumos de recif de corali. creve\u021bi \u0219i fructe de mare \u0219i multe altele&#8230;<\/p>\n","protected":false},"featured_media":385114,"template":"","meta":{"_joinchat":[]},"product_brand":[],"product_cat":[29873],"product_tag":[54792,54659,54796,54780,54477,54461,54472,54469,54441,54628,54433,54465,54445,54449,54487,54483,54437,54457,54624,54453],"class_list":{"0":"post-385156","1":"product","2":"type-product","3":"status-publish","4":"has-post-thumbnail","6":"product_cat-tours-romanian","7":"product_tag-activitati-distractive-pentru-familie-din-soma-bay","8":"product_tag-activitati-interioare-pentru-cupluri-soma-bay","9":"product_tag-activitati-pentru-adolescenti-din-soma-bay","10":"product_tag-activitati-romantice-pentru-cupluri-in-soma-bay","11":"product_tag-barca-pirat-soma-bay","12":"product_tag-barca-privata-soma-bay","13":"product_tag-dolphin-house-soma-bay-ro","14":"product_tag-excursie-cu-barca-privata-in-golful-soma","15":"product_tag-excursii-cu-barca-in-golful-soma","16":"product_tag-excursii-de-o-zi-in-golful-soma-ro","17":"product_tag-excursii-de-snorkeling-in-golful-soma","18":"product_tag-inchiriere-barci-soma-bay","19":"product_tag-inot-cu-delfinii-soma-bay","20":"product_tag-insula-giftun-golful-soma","21":"product_tag-insula-orange-bay-soma-bay","22":"product_tag-insula-paradise-soma-bay","23":"product_tag-scufundari-in-golful-soma","24":"product_tag-soma-bay-boat-charters-ro","25":"product_tag-soma-bay-ce-sa-faceti","26":"product_tag-speed-boat-soma-bay-ro","27":"tour_category-excursii-snorkeling-din-soma-bay","28":"tour_category-lucruri-de-facut-in-soma-bay","30":"first","31":"instock","32":"sale","33":"shipping-taxable","34":"purchasable","35":"product-type-tour"},"yoast_head":"<!-- This site is optimized with the Yoast SEO Premium plugin v26.9 (Yoast SEO v27.2) - https:\/\/yoast.com\/product\/yoast-seo-premium-wordpress\/ -->\n<title>Pira\u021bii Sailing Boat la Orange Bay Island de la Soma Bay<\/title>\n<meta name=\"description\" content=\"Pirates Sailing Boat la Orange Bay Island de la Soma Bay cu VIP Lunch. ambarca\u021biune cu vele de lux. loc frumos de recif de corali. creve\u021bi \u0219i fructe de mare \u0219i multe altele...\" \/>\n<meta name=\"robots\" content=\"index, follow, max-snippet:-1, max-image-preview:large, max-video-preview:-1\" \/>\n<link rel=\"canonical\" href=\"https:\/\/hurghadalovers.com\/ro\/tours\/pirati-calaret-calaret-pe-calaret-pe-calaret\/\" \/>\n<meta property=\"og:locale\" content=\"ro_RO\" \/>\n<meta property=\"og:type\" content=\"article\" \/>\n<meta property=\"og:title\" content=\"Pira\u021bii Sailing Boat la Orange Bay Island de la Soma Bay\" \/>\n<meta property=\"og:description\" content=\"Pirates Sailing Boat la Orange Bay Island de la Soma Bay cu VIP Lunch. ambarca\u021biune cu vele de lux. loc frumos de recif de corali. creve\u021bi \u0219i fructe de mare \u0219i multe altele...\" \/>\n<meta property=\"og:url\" content=\"https:\/\/hurghadalovers.com\/ro\/tours\/pirati-calaret-calaret-pe-calaret-pe-calaret\/\" \/>\n<meta property=\"og:site_name\" content=\"Hurghada Excursions &amp; Day Trips | Booking Best Prices Tours\" \/>\n<meta property=\"article:publisher\" content=\"https:\/\/www.facebook.com\/Hurghadaloversegypt\" \/>\n<meta property=\"article:modified_time\" content=\"2026-02-08T23:43:16+00:00\" \/>\n<meta property=\"og:image\" content=\"https:\/\/hurghadalovers.com\/wp-content\/uploads\/2023\/08\/Pirates-Sailing-Boat-to-Orange-bay-Island-from-Soma-bay.jpeg\" \/>\n\t<meta property=\"og:image:width\" content=\"1156\" \/>\n\t<meta property=\"og:image:height\" content=\"867\" \/>\n\t<meta property=\"og:image:type\" content=\"image\/jpeg\" \/>\n<meta name=\"twitter:card\" content=\"summary_large_image\" \/>\n<meta name=\"twitter:label1\" content=\"Pre\u021b\" \/>\n\t<meta name=\"twitter:data1\" content=\"&euro;&nbsp;90\" \/>\n\t<meta name=\"twitter:label2\" content=\"Disponibilitate\" \/>\n\t<meta name=\"twitter:data2\" content=\"\u00cen stoc\" \/>\n<script type=\"application\/ld+json\" class=\"yoast-schema-graph\">{\"@context\":\"https:\/\/schema.org\",\"@graph\":[{\"@type\":[\"WebPage\",\"ItemPage\"],\"@id\":\"https:\/\/hurghadalovers.com\/ro\/tours\/pirati-calaret-calaret-pe-calaret-pe-calaret\/\",\"url\":\"https:\/\/hurghadalovers.com\/ro\/tours\/pirati-calaret-calaret-pe-calaret-pe-calaret\/\",\"name\":\"Pira\u021bii Sailing Boat la Orange Bay Island de la Soma Bay\",\"isPartOf\":{\"@id\":\"https:\/\/hurghadalovers.com\/ro\/#website\"},\"primaryImageOfPage\":{\"@id\":\"https:\/\/hurghadalovers.com\/ro\/tours\/pirati-calaret-calaret-pe-calaret-pe-calaret\/#primaryimage\"},\"image\":{\"@id\":\"https:\/\/hurghadalovers.com\/ro\/tours\/pirati-calaret-calaret-pe-calaret-pe-calaret\/#primaryimage\"},\"thumbnailUrl\":\"https:\/\/hurghadalovers.com\/wp-content\/uploads\/2023\/08\/Pirates-Sailing-Boat-to-Orange-bay-Island-from-Soma-bay.jpeg\",\"datePublished\":\"2023-08-27T11:39:09+00:00\",\"dateModified\":\"2026-02-08T23:43:16+00:00\",\"description\":\"Pirates Sailing Boat la Orange Bay Island de la Soma Bay cu VIP Lunch. ambarca\u021biune cu vele de lux. loc frumos de recif de corali. creve\u021bi \u0219i fructe de mare \u0219i multe altele...\",\"breadcrumb\":{\"@id\":\"https:\/\/hurghadalovers.com\/ro\/tours\/pirati-calaret-calaret-pe-calaret-pe-calaret\/#breadcrumb\"},\"inLanguage\":\"ro-RO\",\"potentialAction\":[{\"@type\":\"ReadAction\",\"target\":[\"https:\/\/hurghadalovers.com\/ro\/tours\/pirati-calaret-calaret-pe-calaret-pe-calaret\/\"]}]},{\"@type\":\"ImageObject\",\"inLanguage\":\"ro-RO\",\"@id\":\"https:\/\/hurghadalovers.com\/ro\/tours\/pirati-calaret-calaret-pe-calaret-pe-calaret\/#primaryimage\",\"url\":\"https:\/\/hurghadalovers.com\/wp-content\/uploads\/2023\/08\/Pirates-Sailing-Boat-to-Orange-bay-Island-from-Soma-bay.jpeg\",\"contentUrl\":\"https:\/\/hurghadalovers.com\/wp-content\/uploads\/2023\/08\/Pirates-Sailing-Boat-to-Orange-bay-Island-from-Soma-bay.jpeg\",\"width\":1156,\"height\":867,\"caption\":\"Pirates Sailing Boat to Orange bay Island from Soma bay with VIP Lunch.\"},{\"@type\":\"BreadcrumbList\",\"@id\":\"https:\/\/hurghadalovers.com\/ro\/tours\/pirati-calaret-calaret-pe-calaret-pe-calaret\/#breadcrumb\",\"itemListElement\":[{\"@type\":\"ListItem\",\"position\":1,\"name\":\"Home\",\"item\":\"https:\/\/hurghadalovers.com\/ro\/\"},{\"@type\":\"ListItem\",\"position\":2,\"name\":\"Shop\",\"item\":\"https:\/\/hurghadalovers.com\/shop\/\"},{\"@type\":\"ListItem\",\"position\":3,\"name\":\"Pira\u021bii Sailing Boat la Orange Bay Island de la Soma Bay\"}]},{\"@type\":\"WebSite\",\"@id\":\"https:\/\/hurghadalovers.com\/ro\/#website\",\"url\":\"https:\/\/hurghadalovers.com\/ro\/\",\"name\":\"Hurghada Excursions & Day Trips | Booking Best Prices Tours\",\"description\":\"Hurghada Lovers - Best Tour Operator - Excursions &amp; Things to do for Family Day Trips with kids and Couples Romantic. Unique .Hidden gems\",\"publisher\":{\"@id\":\"https:\/\/hurghadalovers.com\/ro\/#organization\"},\"alternateName\":\"Hurghada Excursions\",\"potentialAction\":[{\"@type\":\"SearchAction\",\"target\":{\"@type\":\"EntryPoint\",\"urlTemplate\":\"https:\/\/hurghadalovers.com\/ro\/?s={search_term_string}\"},\"query-input\":{\"@type\":\"PropertyValueSpecification\",\"valueRequired\":true,\"valueName\":\"search_term_string\"}}],\"inLanguage\":\"ro-RO\"},{\"@type\":[\"Organization\",\"Place\",\"TravelAgency\"],\"@id\":\"https:\/\/hurghadalovers.com\/ro\/#organization\",\"name\":\"Hurghada Excursions\",\"url\":\"https:\/\/hurghadalovers.com\/ro\/\",\"logo\":{\"@id\":\"https:\/\/hurghadalovers.com\/ro\/tours\/pirati-calaret-calaret-pe-calaret-pe-calaret\/#local-main-organization-logo\"},\"image\":{\"@id\":\"https:\/\/hurghadalovers.com\/ro\/tours\/pirati-calaret-calaret-pe-calaret-pe-calaret\/#local-main-organization-logo\"},\"sameAs\":[\"https:\/\/www.facebook.com\/Hurghadaloversegypt\"],\"address\":{\"@id\":\"https:\/\/hurghadalovers.com\/ro\/tours\/pirati-calaret-calaret-pe-calaret-pe-calaret\/#local-main-place-address\"},\"telephone\":[\"00201112596434\"],\"contactPoint\":{\"@type\":\"ContactPoint\",\"telephone\":\"00201112596434\",\"email\":\"weyouface@gmail.com\"},\"openingHoursSpecification\":{\"@type\":\"OpeningHoursSpecification\",\"dayOfWeek\":[\"Monday\",\"Tuesday\",\"Wednesday\",\"Thursday\",\"Friday\",\"Saturday\",\"Sunday\"],\"opens\":\"00:00\",\"closes\":\"23:59\"},\"email\":\"weyouface@gmail.com\",\"areaServed\":\"Luxor, Hurghada, El Gouna, Aswan, Sharm El Sheikh, Giza, Alexandria, Marsa Alam, Quseir, Soma Bay, Sahl Hasheesh, Red Sea, Makadi Bay, Cairo\",\"priceRange\":\"$\",\"currenciesAccepted\":\"euro\",\"paymentAccepted\":\"cash on site\"},{\"@type\":\"PostalAddress\",\"@id\":\"https:\/\/hurghadalovers.com\/ro\/tours\/pirati-calaret-calaret-pe-calaret-pe-calaret\/#local-main-place-address\",\"streetAddress\":\"17 Banks street, Alkawther area, top nbk bank\",\"addressLocality\":\"hurghada\",\"postalCode\":\"84511\",\"addressRegion\":\"red sea\",\"addressCountry\":\"EG\"},{\"@type\":\"ImageObject\",\"inLanguage\":\"ro-RO\",\"@id\":\"https:\/\/hurghadalovers.com\/ro\/tours\/pirati-calaret-calaret-pe-calaret-pe-calaret\/#local-main-organization-logo\",\"url\":\"https:\/\/hurghadalovers.com\/wp-content\/uploads\/2019\/10\/hurghada-excursions-logo.png\",\"contentUrl\":\"https:\/\/hurghadalovers.com\/wp-content\/uploads\/2019\/10\/hurghada-excursions-logo.png\",\"width\":272,\"height\":90,\"caption\":\"Hurghada Excursions\"}]}<\/script>\n<meta property=\"product:brand\" content=\"Excursii de Snorkeling de la Soma bay\" \/>\n<meta property=\"product:price:amount\" content=\"90\" \/>\n<meta property=\"product:price:currency\" content=\"EUR\" \/>\n<meta property=\"og:availability\" content=\"instock\" \/>\n<meta property=\"product:availability\" content=\"instock\" \/>\n<meta property=\"product:retailer_item_id\" content=\"PrivateSoma142024\" \/>\n<meta property=\"product:condition\" content=\"new\" \/>\n<meta name=\"geo.placename\" content=\"hurghada\" \/>\n<meta name=\"geo.region\" content=\"Egipt\" \/>\n<!-- \/ Yoast SEO Premium plugin. -->","yoast_head_json":{"title":"Pira\u021bii Sailing Boat la Orange Bay Island de la Soma Bay","description":"Pirates Sailing Boat la Orange Bay Island de la Soma Bay cu VIP Lunch. ambarca\u021biune cu vele de lux. loc frumos de recif de corali. creve\u021bi \u0219i fructe de mare \u0219i multe altele...","robots":{"index":"index","follow":"follow","max-snippet":"max-snippet:-1","max-image-preview":"max-image-preview:large","max-video-preview":"max-video-preview:-1"},"canonical":"https:\/\/hurghadalovers.com\/ro\/tours\/pirati-calaret-calaret-pe-calaret-pe-calaret\/","og_locale":"ro_RO","og_type":"article","og_title":"Pira\u021bii Sailing Boat la Orange Bay Island de la Soma Bay","og_description":"Pirates Sailing Boat la Orange Bay Island de la Soma Bay cu VIP Lunch. ambarca\u021biune cu vele de lux. loc frumos de recif de corali. creve\u021bi \u0219i fructe de mare \u0219i multe altele...","og_url":"https:\/\/hurghadalovers.com\/ro\/tours\/pirati-calaret-calaret-pe-calaret-pe-calaret\/","og_site_name":"Hurghada Excursions &amp; Day Trips | Booking Best Prices Tours","article_publisher":"https:\/\/www.facebook.com\/Hurghadaloversegypt","article_modified_time":"2026-02-08T23:43:16+00:00","og_image":[{"width":1156,"height":867,"url":"https:\/\/hurghadalovers.com\/wp-content\/uploads\/2023\/08\/Pirates-Sailing-Boat-to-Orange-bay-Island-from-Soma-bay.jpeg","type":"image\/jpeg"}],"twitter_card":"summary_large_image","twitter_misc":{"Pre\u021b":"&euro;&nbsp;90","Disponibilitate":"\u00cen stoc"},"schema":{"@context":"https:\/\/schema.org","@graph":[{"@type":["WebPage","ItemPage"],"@id":"https:\/\/hurghadalovers.com\/ro\/tours\/pirati-calaret-calaret-pe-calaret-pe-calaret\/","url":"https:\/\/hurghadalovers.com\/ro\/tours\/pirati-calaret-calaret-pe-calaret-pe-calaret\/","name":"Pira\u021bii Sailing Boat la Orange Bay Island de la Soma Bay","isPartOf":{"@id":"https:\/\/hurghadalovers.com\/ro\/#website"},"primaryImageOfPage":{"@id":"https:\/\/hurghadalovers.com\/ro\/tours\/pirati-calaret-calaret-pe-calaret-pe-calaret\/#primaryimage"},"image":{"@id":"https:\/\/hurghadalovers.com\/ro\/tours\/pirati-calaret-calaret-pe-calaret-pe-calaret\/#primaryimage"},"thumbnailUrl":"https:\/\/hurghadalovers.com\/wp-content\/uploads\/2023\/08\/Pirates-Sailing-Boat-to-Orange-bay-Island-from-Soma-bay.jpeg","datePublished":"2023-08-27T11:39:09+00:00","dateModified":"2026-02-08T23:43:16+00:00","description":"Pirates Sailing Boat la Orange Bay Island de la Soma Bay cu VIP Lunch. ambarca\u021biune cu vele de lux. loc frumos de recif de corali. creve\u021bi \u0219i fructe de mare \u0219i multe altele...","breadcrumb":{"@id":"https:\/\/hurghadalovers.com\/ro\/tours\/pirati-calaret-calaret-pe-calaret-pe-calaret\/#breadcrumb"},"inLanguage":"ro-RO","potentialAction":[{"@type":"ReadAction","target":["https:\/\/hurghadalovers.com\/ro\/tours\/pirati-calaret-calaret-pe-calaret-pe-calaret\/"]}]},{"@type":"ImageObject","inLanguage":"ro-RO","@id":"https:\/\/hurghadalovers.com\/ro\/tours\/pirati-calaret-calaret-pe-calaret-pe-calaret\/#primaryimage","url":"https:\/\/hurghadalovers.com\/wp-content\/uploads\/2023\/08\/Pirates-Sailing-Boat-to-Orange-bay-Island-from-Soma-bay.jpeg","contentUrl":"https:\/\/hurghadalovers.com\/wp-content\/uploads\/2023\/08\/Pirates-Sailing-Boat-to-Orange-bay-Island-from-Soma-bay.jpeg","width":1156,"height":867,"caption":"Pirates Sailing Boat to Orange bay Island from Soma bay with VIP Lunch."},{"@type":"BreadcrumbList","@id":"https:\/\/hurghadalovers.com\/ro\/tours\/pirati-calaret-calaret-pe-calaret-pe-calaret\/#breadcrumb","itemListElement":[{"@type":"ListItem","position":1,"name":"Home","item":"https:\/\/hurghadalovers.com\/ro\/"},{"@type":"ListItem","position":2,"name":"Shop","item":"https:\/\/hurghadalovers.com\/shop\/"},{"@type":"ListItem","position":3,"name":"Pira\u021bii Sailing Boat la Orange Bay Island de la Soma Bay"}]},{"@type":"WebSite","@id":"https:\/\/hurghadalovers.com\/ro\/#website","url":"https:\/\/hurghadalovers.com\/ro\/","name":"Hurghada Excursions & Day Trips | Booking Best Prices Tours","description":"Hurghada Lovers - Best Tour Operator - Excursions &amp; Things to do for Family Day Trips with kids and Couples Romantic. Unique .Hidden gems","publisher":{"@id":"https:\/\/hurghadalovers.com\/ro\/#organization"},"alternateName":"Hurghada Excursions","potentialAction":[{"@type":"SearchAction","target":{"@type":"EntryPoint","urlTemplate":"https:\/\/hurghadalovers.com\/ro\/?s={search_term_string}"},"query-input":{"@type":"PropertyValueSpecification","valueRequired":true,"valueName":"search_term_string"}}],"inLanguage":"ro-RO"},{"@type":["Organization","Place","TravelAgency"],"@id":"https:\/\/hurghadalovers.com\/ro\/#organization","name":"Hurghada Excursions","url":"https:\/\/hurghadalovers.com\/ro\/","logo":{"@id":"https:\/\/hurghadalovers.com\/ro\/tours\/pirati-calaret-calaret-pe-calaret-pe-calaret\/#local-main-organization-logo"},"image":{"@id":"https:\/\/hurghadalovers.com\/ro\/tours\/pirati-calaret-calaret-pe-calaret-pe-calaret\/#local-main-organization-logo"},"sameAs":["https:\/\/www.facebook.com\/Hurghadaloversegypt"],"address":{"@id":"https:\/\/hurghadalovers.com\/ro\/tours\/pirati-calaret-calaret-pe-calaret-pe-calaret\/#local-main-place-address"},"telephone":["00201112596434"],"contactPoint":{"@type":"ContactPoint","telephone":"00201112596434","email":"weyouface@gmail.com"},"openingHoursSpecification":{"@type":"OpeningHoursSpecification","dayOfWeek":["Monday","Tuesday","Wednesday","Thursday","Friday","Saturday","Sunday"],"opens":"00:00","closes":"23:59"},"email":"weyouface@gmail.com","areaServed":"Luxor, Hurghada, El Gouna, Aswan, Sharm El Sheikh, Giza, Alexandria, Marsa Alam, Quseir, Soma Bay, Sahl Hasheesh, Red Sea, Makadi Bay, Cairo","priceRange":"$","currenciesAccepted":"euro","paymentAccepted":"cash on site"},{"@type":"PostalAddress","@id":"https:\/\/hurghadalovers.com\/ro\/tours\/pirati-calaret-calaret-pe-calaret-pe-calaret\/#local-main-place-address","streetAddress":"17 Banks street, Alkawther area, top nbk bank","addressLocality":"hurghada","postalCode":"84511","addressRegion":"red sea","addressCountry":"EG"},{"@type":"ImageObject","inLanguage":"ro-RO","@id":"https:\/\/hurghadalovers.com\/ro\/tours\/pirati-calaret-calaret-pe-calaret-pe-calaret\/#local-main-organization-logo","url":"https:\/\/hurghadalovers.com\/wp-content\/uploads\/2019\/10\/hurghada-excursions-logo.png","contentUrl":"https:\/\/hurghadalovers.com\/wp-content\/uploads\/2019\/10\/hurghada-excursions-logo.png","width":272,"height":90,"caption":"Hurghada Excursions"}]},"product_brand":"Excursii de Snorkeling de la Soma bay","product_price_amount":"90","product_price_currency":"EUR","og_availability":"instock","product_availability":"instock","product_retailer_item_id":"PrivateSoma142024","product_condition":"new","geo.placename":"hurghada","geo.region":"Egipt"},"_links":{"self":[{"href":"https:\/\/hurghadalovers.com\/ro\/wp-json\/wp\/v2\/product\/385156","targetHints":{"allow":["GET"]}}],"collection":[{"href":"https:\/\/hurghadalovers.com\/ro\/wp-json\/wp\/v2\/product"}],"about":[{"href":"https:\/\/hurghadalovers.com\/ro\/wp-json\/wp\/v2\/types\/product"}],"wp:featuredmedia":[{"embeddable":true,"href":"https:\/\/hurghadalovers.com\/ro\/wp-json\/wp\/v2\/media\/385114"}],"wp:attachment":[{"href":"https:\/\/hurghadalovers.com\/ro\/wp-json\/wp\/v2\/media?parent=385156"}],"wp:term":[{"taxonomy":"product_brand","embeddable":true,"href":"https:\/\/hurghadalovers.com\/ro\/wp-json\/wp\/v2\/product_brand?post=385156"},{"taxonomy":"product_cat","embeddable":true,"href":"https:\/\/hurghadalovers.com\/ro\/wp-json\/wp\/v2\/product_cat?post=385156"},{"taxonomy":"product_tag","embeddable":true,"href":"https:\/\/hurghadalovers.com\/ro\/wp-json\/wp\/v2\/product_tag?post=385156"}],"curies":[{"name":"wp","href":"https:\/\/api.w.org\/{rel}","templated":true}]}}