{"id":384150,"date":"2023-08-26T20:21:41","date_gmt":"2023-08-26T20:21:41","guid":{"rendered":"https:\/\/hurghadalovers.com\/shop\/fara-categorie\/soma-bay-privat-luxor-privat-doua-zile-de-excursie-luxor-cu-plimbare-cu-balonul-cu-aer-cald\/"},"modified":"2026-02-09T05:55:23","modified_gmt":"2026-02-09T05:55:23","slug":"soma-bay-private-luxor-doua-zile-trip-with-hot-air-balloon-ride","status":"publish","type":"product","link":"https:\/\/hurghadalovers.com\/ro\/tours\/soma-bay-private-luxor-doua-zile-trip-with-hot-air-balloon-ride\/","title":{"rendered":"Soma bay privat Luxor privat dou\u0103 zile de excursie Luxor cu plimbare cu balonul cu aer cald"},"content":{"rendered":"<p><strong>Excursie privat\u0103 de dou\u0103 zile \u00een Luxor<\/strong> cu plimbare cu balonul cu aer cald din Golful Soma cu ghid privat, bilete \u0219i pr\u00e2nz.<\/p>\n<p>Descoperi\u021bi monumentele faraonice din ora\u0219ul Luxor de la \u00een\u0103l\u021bime, atunci c\u00e2nd v\u0103 plimba\u021bi cu un <strong>balon cu aer cald<\/strong> la r\u0103s\u0103ritul soarelui, \u0219i afla\u021bi noi secrete despre via\u021ba regilor faraoni \u0219i secretul <strong>regelui Tutankhamon<\/strong> \u0219i multe altele printr-un tur special de dou\u0103 zile.<\/p>\n<p><strong>Puncte de interes:<\/strong><\/p>\n<ol>\n<li>Templul Karnak.<\/li>\n<li>Templul Luxor.<\/li>\n<li>O noapte la hotel.<\/li>\n<li>Plimbare cu baloane cu aer cald.<\/li>\n<li>Colosul lui Memnon.<\/li>\n<li>Templul lui Hatshepsut.<\/li>\n<li>3 Morminte \u00een Valea Regilor.<\/li>\n<li>Pr\u00e2nz la restaurantul &#8222;M\u00e2ncarea pentru vegetarieni este disponibil\u0103&#8221;.<\/li>\n<\/ol>\n<p><strong>Excursie privat\u0103 de dou\u0103 zile \u00een Luxor Detalii:<\/strong><\/p>\n<ul>\n<li>Disponibilitatea turului: \u00cen fiecare zi.<\/li>\n<li>Tip de tur: Privat cu ma\u0219ina sau cu minivan.<\/li>\n<li>Ora de preluare: \u00cencep\u00e2nd cu ora 05:00 A.M.<\/li>\n<li>Cerere Hotel ob\u021bine\u021bi geanta de mic dejun cu tine Diminea\u021ba.<\/li>\n<li>Ora de preluare: 19:00.<\/li>\n<li>Accesibil pentru scaune cu rotile.<\/li>\n<li>Durata: 2 zile \/ 1 noapte.<\/li>\n<\/ul>\n<p><strong>Rezerva\u021bi acum \u0219i pl\u0103ti\u021bi mai t\u00e2rziu:<\/strong><\/p>\n<ul>\n<li>Numerar la fa\u021ba locului pentru a ghida.<\/li>\n<li>Plata prin lire egiptene, $, \u20ac sau \u00a3.<\/li>\n<\/ul>\n<p><strong>Politica de anulare:<\/strong><\/p>\n<ul>\n<li>anula\u021bi cu p\u00e2n\u0103 la 24 de ore \u00een avans.<\/li>\n<li>Atunci c\u00e2nd cineva din familia ta anuleaz\u0103 diminea\u021ba, pl\u0103ti\u021bi 50% din cost.<\/li>\n<\/ul>\n<p><strong>Ce este inclus?<\/strong><\/p>\n<ul>\n<li>Transfer de la Soma Bay Hotels &#8222;Hotel pick up and drop off&#8221;.<\/li>\n<li>Toate taxele, taxele de intrare \u0219i taxele de manipulare.<\/li>\n<li>Transferuri.<\/li>\n<li>Plimbare cu balonul cu aer cald.<\/li>\n<li>Ghid turistic.<\/li>\n<li>O noapte la hotel cu mic dejun.<\/li>\n<li>B\u0103uturi.<\/li>\n<li>2 Pr\u00e2nz la restaurant.<\/li>\n<\/ul>\n<p><strong>Excluderi?<\/strong><\/p>\n<ul>\n<li>Bac\u0219i\u0219uri.<\/li>\n<li>Excursie cu Felucca &#8222;Croazier\u0103 cu barca&#8221; Pentru 35 min= 10$.<\/li>\n<li>Orice extras care nu este men\u021bionat.<\/li>\n<\/ul>\n<p><strong> <\/strong><\/p>\n<p><strong>pute\u021bi ad\u0103uga \u00een prima zi sau v\u0103 pute\u021bi relaxa \u00een hotel:<\/strong><\/p>\n<ul>\n<li>Felucca privat\u0103 de 30 de minute pe r\u00e2ul Nil.<\/li>\n<li>Muzeul Mumific\u0103rii.<\/li>\n<\/ul>\n<p><strong>pute\u021bi ad\u0103uga \u00een Ziua a doua:<\/strong><\/p>\n<ul>\n<li>Regina Nefertiti \u00een Valea Reginelor.<\/li>\n<li>Cump\u0103r\u0103turi.<\/li>\n<\/ul>\n<p><strong> <\/strong><\/p>\n<p><strong>Pre\u021buri:<\/strong><\/p>\n<ul>\n<li><strong>Pre\u021b pentru adul\u021bi = de la<\/strong><strong>290$ pe persoan\u0103<\/strong>.<\/li>\n<li>Pre\u021bul pentru copii &#8222;5-12\u2033= 50%.<\/li>\n<li>pentru copii &#8222;0-5&#8221; = gratuit.<\/li>\n<\/ul>\n<p><strong>Mai multe detalii despre tur la <a href=\"https:\/\/hurghadalovers.com\/tours\/private-two-day-trip-to-luxor-from-hurghada\/\">Private Overnight Luxor Tour<\/a>.<\/strong><\/p>\n<p><strong> <\/strong><\/p>\n<p><strong>Recenzii Private Luxor Excursie de dou\u0103 zile:<\/strong><\/p>\n<p>verifica\u021bi recenziile noastre Google Map ca cel mai bun <a href=\"https:\/\/g.page\/r\/CUeYvkngP3wkEBM\/review\">operator de<\/a> turism <a href=\"https:\/\/g.page\/r\/CUeYvkngP3wkEBM\/review\">\u00een<\/a> <a href=\"https:\/\/hurghadalovers.com\/\">Hurghada<\/a> online \u00een <a href=\"https:\/\/hurghadalovers.com\/\">Hurghada<\/a> Egipt.<\/p>\n<p>&nbsp;<\/p>\n<p><strong>Rezervare:<\/strong><\/p>\n<p>Trimite\u021bi hotelul + num\u0103rul camerei + pa\u0219apoartele cu fotografie la WhatsApp: <strong>+201112596434<\/strong><\/p>\n<p>If you out Egypt Booking now online and confirm when arrival Hotel.<\/p>\n<p>&nbsp;<\/p>\n<p>&nbsp;<\/p>\n","protected":false},"excerpt":{"rendered":"<p>Excursie privat\u0103 de dou\u0103 zile \u00een Luxor cu plimbare cu balonul cu aer cald din Golful Soma cu ghid privat, bilete \u0219i pr\u00e2nz. secretul regelui Tutankhamon \u0219i mai mult&#8230;<\/p>\n","protected":false},"featured_media":384065,"template":"","meta":{"_joinchat":[]},"product_brand":[],"product_cat":[29873],"product_tag":[54762,54540,54522,54502,54492,54507,54776,54817,54772,54812,54653,54497,54429,54512,54528,54534,54517,50868,54788,54767],"class_list":{"0":"post-384150","1":"product","2":"type-product","3":"status-publish","4":"has-post-thumbnail","6":"product_cat-tours-romanian","7":"product_tag-activitati-de-familie-din-soma-bay","8":"product_tag-balon-cu-aer-cald-soma-bay","9":"product_tag-de-la-golful-soma-la-valea-regilor","10":"product_tag-de-la-soma-bay-la-luxor-autobuz","11":"product_tag-excursie-de-o-zi-de-la-soma-bay-la-luxor","12":"product_tag-excursie-de-o-zi-la-luxor-din-soma-bay","13":"product_tag-excursii-de-o-zi-din-soma-bay","14":"product_tag-excursii-de-o-zi-din-soma-bay-ro","15":"product_tag-locuri-de-vizitat-in-soma-bay","16":"product_tag-lucruri-de-vazut-in-soma-bay","17":"product_tag-lucruri-romantice-de-facut-in-soma-bay","18":"product_tag-luxor-excursie-de-la-soma-bay","19":"product_tag-soma-bay-activitati-pentru-copii","20":"product_tag-soma-bay-tours-la-luxor","21":"product_tag-transfer-de-la-luxor-la-soma-bay","22":"product_tag-tur-privat-in-luxor-de-la-soma-bay","23":"product_tag-turul-luxor-din-soma-bay","24":"product_tag-tururi-private-in-luxor","25":"product_tag-tururi-romantice-in-golful-soma","26":"product_tag-zile-in-familie-din-soma-bay","27":"tour_category-excursii-de-o-zi-din-luxor-din-soma-bay","28":"tour_category-lucruri-de-facut-in-soma-bay","30":"first","31":"instock","32":"sale","33":"shipping-taxable","34":"purchasable","35":"product-type-tour"},"yoast_head":"<!-- This site is optimized with the Yoast SEO Premium plugin v26.9 (Yoast SEO v27.2) - https:\/\/yoast.com\/product\/yoast-seo-premium-wordpress\/ -->\n<title>Soma bay privat Luxor privat dou\u0103 zile de excursie Luxor cu plimbare cu balonul cu aer cald<\/title>\n<meta name=\"description\" content=\"Excursie privat\u0103 de dou\u0103 zile \u00een Luxor cu plimbare cu balonul cu aer cald din Golful Soma cu ghid privat, bilete \u0219i pr\u00e2nz. secretul regelui Tutankhamon \u0219i nu numai\" \/>\n<meta name=\"robots\" content=\"index, follow, max-snippet:-1, max-image-preview:large, max-video-preview:-1\" \/>\n<link rel=\"canonical\" href=\"https:\/\/hurghadalovers.com\/ro\/tours\/soma-bay-private-luxor-doua-zile-trip-with-hot-air-balloon-ride\/\" \/>\n<meta property=\"og:locale\" content=\"ro_RO\" \/>\n<meta property=\"og:type\" content=\"article\" \/>\n<meta property=\"og:title\" content=\"Soma bay privat Luxor privat dou\u0103 zile de excursie Luxor cu plimbare cu balonul cu aer cald\" \/>\n<meta property=\"og:description\" content=\"Excursie privat\u0103 de dou\u0103 zile \u00een Luxor cu plimbare cu balonul cu aer cald din Golful Soma cu ghid privat, bilete \u0219i pr\u00e2nz. secretul regelui Tutankhamon \u0219i nu numai\" \/>\n<meta property=\"og:url\" content=\"https:\/\/hurghadalovers.com\/ro\/tours\/soma-bay-private-luxor-doua-zile-trip-with-hot-air-balloon-ride\/\" \/>\n<meta property=\"og:site_name\" content=\"Hurghada Excursions &amp; Day Trips | Booking Best Prices Tours\" \/>\n<meta property=\"article:publisher\" content=\"https:\/\/www.facebook.com\/Hurghadaloversegypt\" \/>\n<meta property=\"article:modified_time\" content=\"2026-02-09T05:55:23+00:00\" \/>\n<meta property=\"og:image\" content=\"https:\/\/hurghadalovers.com\/wp-content\/uploads\/2023\/08\/Soma-bay-Private-Luxor-Two-Days-Trip-with-Hot-Air-Balloon-Ride.jpeg\" \/>\n\t<meta property=\"og:image:width\" content=\"1536\" \/>\n\t<meta property=\"og:image:height\" content=\"830\" \/>\n\t<meta property=\"og:image:type\" content=\"image\/jpeg\" \/>\n<meta name=\"twitter:card\" content=\"summary_large_image\" \/>\n<meta name=\"twitter:label1\" content=\"Pre\u021b\" \/>\n\t<meta name=\"twitter:data1\" content=\"&euro;&nbsp;390\" \/>\n\t<meta name=\"twitter:label2\" content=\"Disponibilitate\" \/>\n\t<meta name=\"twitter:data2\" content=\"\u00cen stoc\" \/>\n<script type=\"application\/ld+json\" class=\"yoast-schema-graph\">{\"@context\":\"https:\/\/schema.org\",\"@graph\":[{\"@type\":[\"WebPage\",\"ItemPage\"],\"@id\":\"https:\/\/hurghadalovers.com\/ro\/tours\/soma-bay-private-luxor-doua-zile-trip-with-hot-air-balloon-ride\/\",\"url\":\"https:\/\/hurghadalovers.com\/ro\/tours\/soma-bay-private-luxor-doua-zile-trip-with-hot-air-balloon-ride\/\",\"name\":\"Soma bay privat Luxor privat dou\u0103 zile de excursie Luxor cu plimbare cu balonul cu aer cald\",\"isPartOf\":{\"@id\":\"https:\/\/hurghadalovers.com\/ro\/#website\"},\"primaryImageOfPage\":{\"@id\":\"https:\/\/hurghadalovers.com\/ro\/tours\/soma-bay-private-luxor-doua-zile-trip-with-hot-air-balloon-ride\/#primaryimage\"},\"image\":{\"@id\":\"https:\/\/hurghadalovers.com\/ro\/tours\/soma-bay-private-luxor-doua-zile-trip-with-hot-air-balloon-ride\/#primaryimage\"},\"thumbnailUrl\":\"https:\/\/hurghadalovers.com\/wp-content\/uploads\/2023\/08\/Soma-bay-Private-Luxor-Two-Days-Trip-with-Hot-Air-Balloon-Ride.jpeg\",\"datePublished\":\"2023-08-26T20:21:41+00:00\",\"dateModified\":\"2026-02-09T05:55:23+00:00\",\"description\":\"Excursie privat\u0103 de dou\u0103 zile \u00een Luxor cu plimbare cu balonul cu aer cald din Golful Soma cu ghid privat, bilete \u0219i pr\u00e2nz. secretul regelui Tutankhamon \u0219i nu numai\",\"breadcrumb\":{\"@id\":\"https:\/\/hurghadalovers.com\/ro\/tours\/soma-bay-private-luxor-doua-zile-trip-with-hot-air-balloon-ride\/#breadcrumb\"},\"inLanguage\":\"ro-RO\",\"potentialAction\":[{\"@type\":\"ReadAction\",\"target\":[\"https:\/\/hurghadalovers.com\/ro\/tours\/soma-bay-private-luxor-doua-zile-trip-with-hot-air-balloon-ride\/\"]}]},{\"@type\":\"ImageObject\",\"inLanguage\":\"ro-RO\",\"@id\":\"https:\/\/hurghadalovers.com\/ro\/tours\/soma-bay-private-luxor-doua-zile-trip-with-hot-air-balloon-ride\/#primaryimage\",\"url\":\"https:\/\/hurghadalovers.com\/wp-content\/uploads\/2023\/08\/Soma-bay-Private-Luxor-Two-Days-Trip-with-Hot-Air-Balloon-Ride.jpeg\",\"contentUrl\":\"https:\/\/hurghadalovers.com\/wp-content\/uploads\/2023\/08\/Soma-bay-Private-Luxor-Two-Days-Trip-with-Hot-Air-Balloon-Ride.jpeg\",\"width\":1536,\"height\":830,\"caption\":\"Soma bay privat Luxor privat dou\u0103 zile de excursie Luxor cu plimbare cu balonul cu aer cald\"},{\"@type\":\"BreadcrumbList\",\"@id\":\"https:\/\/hurghadalovers.com\/ro\/tours\/soma-bay-private-luxor-doua-zile-trip-with-hot-air-balloon-ride\/#breadcrumb\",\"itemListElement\":[{\"@type\":\"ListItem\",\"position\":1,\"name\":\"Home\",\"item\":\"https:\/\/hurghadalovers.com\/ro\/\"},{\"@type\":\"ListItem\",\"position\":2,\"name\":\"Shop\",\"item\":\"https:\/\/hurghadalovers.com\/shop\/\"},{\"@type\":\"ListItem\",\"position\":3,\"name\":\"Soma bay privat Luxor privat dou\u0103 zile de excursie Luxor cu plimbare cu balonul cu aer cald\"}]},{\"@type\":\"WebSite\",\"@id\":\"https:\/\/hurghadalovers.com\/ro\/#website\",\"url\":\"https:\/\/hurghadalovers.com\/ro\/\",\"name\":\"Hurghada Excursions & Day Trips | Booking Best Prices Tours\",\"description\":\"Hurghada Lovers - Best Tour Operator - Excursions &amp; Things to do for Family Day Trips with kids and Couples Romantic. Unique .Hidden gems\",\"publisher\":{\"@id\":\"https:\/\/hurghadalovers.com\/ro\/#organization\"},\"alternateName\":\"Hurghada Excursions\",\"potentialAction\":[{\"@type\":\"SearchAction\",\"target\":{\"@type\":\"EntryPoint\",\"urlTemplate\":\"https:\/\/hurghadalovers.com\/ro\/?s={search_term_string}\"},\"query-input\":{\"@type\":\"PropertyValueSpecification\",\"valueRequired\":true,\"valueName\":\"search_term_string\"}}],\"inLanguage\":\"ro-RO\"},{\"@type\":[\"Organization\",\"Place\",\"TravelAgency\"],\"@id\":\"https:\/\/hurghadalovers.com\/ro\/#organization\",\"name\":\"Hurghada Excursions\",\"url\":\"https:\/\/hurghadalovers.com\/ro\/\",\"logo\":{\"@id\":\"https:\/\/hurghadalovers.com\/ro\/tours\/soma-bay-private-luxor-doua-zile-trip-with-hot-air-balloon-ride\/#local-main-organization-logo\"},\"image\":{\"@id\":\"https:\/\/hurghadalovers.com\/ro\/tours\/soma-bay-private-luxor-doua-zile-trip-with-hot-air-balloon-ride\/#local-main-organization-logo\"},\"sameAs\":[\"https:\/\/www.facebook.com\/Hurghadaloversegypt\"],\"address\":{\"@id\":\"https:\/\/hurghadalovers.com\/ro\/tours\/soma-bay-private-luxor-doua-zile-trip-with-hot-air-balloon-ride\/#local-main-place-address\"},\"telephone\":[\"00201112596434\"],\"contactPoint\":{\"@type\":\"ContactPoint\",\"telephone\":\"00201112596434\",\"email\":\"weyouface@gmail.com\"},\"openingHoursSpecification\":{\"@type\":\"OpeningHoursSpecification\",\"dayOfWeek\":[\"Monday\",\"Tuesday\",\"Wednesday\",\"Thursday\",\"Friday\",\"Saturday\",\"Sunday\"],\"opens\":\"00:00\",\"closes\":\"23:59\"},\"email\":\"weyouface@gmail.com\",\"areaServed\":\"Luxor, Hurghada, El Gouna, Aswan, Sharm El Sheikh, Giza, Alexandria, Marsa Alam, Quseir, Soma Bay, Sahl Hasheesh, Red Sea, Makadi Bay, Cairo\",\"priceRange\":\"$\",\"currenciesAccepted\":\"euro\",\"paymentAccepted\":\"cash on site\"},{\"@type\":\"PostalAddress\",\"@id\":\"https:\/\/hurghadalovers.com\/ro\/tours\/soma-bay-private-luxor-doua-zile-trip-with-hot-air-balloon-ride\/#local-main-place-address\",\"streetAddress\":\"17 Banks street, Alkawther area, top nbk bank\",\"addressLocality\":\"hurghada\",\"postalCode\":\"84511\",\"addressRegion\":\"red sea\",\"addressCountry\":\"EG\"},{\"@type\":\"ImageObject\",\"inLanguage\":\"ro-RO\",\"@id\":\"https:\/\/hurghadalovers.com\/ro\/tours\/soma-bay-private-luxor-doua-zile-trip-with-hot-air-balloon-ride\/#local-main-organization-logo\",\"url\":\"https:\/\/hurghadalovers.com\/wp-content\/uploads\/2019\/10\/hurghada-excursions-logo.png\",\"contentUrl\":\"https:\/\/hurghadalovers.com\/wp-content\/uploads\/2019\/10\/hurghada-excursions-logo.png\",\"width\":272,\"height\":90,\"caption\":\"Hurghada Excursions\"}]}<\/script>\n<meta property=\"product:brand\" content=\"Excursii de o zi de la Soma bay la luxor\" \/>\n<meta property=\"product:price:amount\" content=\"390\" \/>\n<meta property=\"product:price:currency\" content=\"EUR\" \/>\n<meta property=\"og:availability\" content=\"instock\" \/>\n<meta property=\"product:availability\" content=\"instock\" \/>\n<meta property=\"product:retailer_item_id\" content=\"PrivateSomabay322024\" \/>\n<meta property=\"product:condition\" content=\"new\" \/>\n<meta name=\"geo.placename\" content=\"hurghada\" \/>\n<meta name=\"geo.region\" content=\"Egipt\" \/>\n<!-- \/ Yoast SEO Premium plugin. -->","yoast_head_json":{"title":"Soma bay privat Luxor privat dou\u0103 zile de excursie Luxor cu plimbare cu balonul cu aer cald","description":"Excursie privat\u0103 de dou\u0103 zile \u00een Luxor cu plimbare cu balonul cu aer cald din Golful Soma cu ghid privat, bilete \u0219i pr\u00e2nz. secretul regelui Tutankhamon \u0219i nu numai","robots":{"index":"index","follow":"follow","max-snippet":"max-snippet:-1","max-image-preview":"max-image-preview:large","max-video-preview":"max-video-preview:-1"},"canonical":"https:\/\/hurghadalovers.com\/ro\/tours\/soma-bay-private-luxor-doua-zile-trip-with-hot-air-balloon-ride\/","og_locale":"ro_RO","og_type":"article","og_title":"Soma bay privat Luxor privat dou\u0103 zile de excursie Luxor cu plimbare cu balonul cu aer cald","og_description":"Excursie privat\u0103 de dou\u0103 zile \u00een Luxor cu plimbare cu balonul cu aer cald din Golful Soma cu ghid privat, bilete \u0219i pr\u00e2nz. secretul regelui Tutankhamon \u0219i nu numai","og_url":"https:\/\/hurghadalovers.com\/ro\/tours\/soma-bay-private-luxor-doua-zile-trip-with-hot-air-balloon-ride\/","og_site_name":"Hurghada Excursions &amp; Day Trips | Booking Best Prices Tours","article_publisher":"https:\/\/www.facebook.com\/Hurghadaloversegypt","article_modified_time":"2026-02-09T05:55:23+00:00","og_image":[{"width":1536,"height":830,"url":"https:\/\/hurghadalovers.com\/wp-content\/uploads\/2023\/08\/Soma-bay-Private-Luxor-Two-Days-Trip-with-Hot-Air-Balloon-Ride.jpeg","type":"image\/jpeg"}],"twitter_card":"summary_large_image","twitter_misc":{"Pre\u021b":"&euro;&nbsp;390","Disponibilitate":"\u00cen stoc"},"schema":{"@context":"https:\/\/schema.org","@graph":[{"@type":["WebPage","ItemPage"],"@id":"https:\/\/hurghadalovers.com\/ro\/tours\/soma-bay-private-luxor-doua-zile-trip-with-hot-air-balloon-ride\/","url":"https:\/\/hurghadalovers.com\/ro\/tours\/soma-bay-private-luxor-doua-zile-trip-with-hot-air-balloon-ride\/","name":"Soma bay privat Luxor privat dou\u0103 zile de excursie Luxor cu plimbare cu balonul cu aer cald","isPartOf":{"@id":"https:\/\/hurghadalovers.com\/ro\/#website"},"primaryImageOfPage":{"@id":"https:\/\/hurghadalovers.com\/ro\/tours\/soma-bay-private-luxor-doua-zile-trip-with-hot-air-balloon-ride\/#primaryimage"},"image":{"@id":"https:\/\/hurghadalovers.com\/ro\/tours\/soma-bay-private-luxor-doua-zile-trip-with-hot-air-balloon-ride\/#primaryimage"},"thumbnailUrl":"https:\/\/hurghadalovers.com\/wp-content\/uploads\/2023\/08\/Soma-bay-Private-Luxor-Two-Days-Trip-with-Hot-Air-Balloon-Ride.jpeg","datePublished":"2023-08-26T20:21:41+00:00","dateModified":"2026-02-09T05:55:23+00:00","description":"Excursie privat\u0103 de dou\u0103 zile \u00een Luxor cu plimbare cu balonul cu aer cald din Golful Soma cu ghid privat, bilete \u0219i pr\u00e2nz. secretul regelui Tutankhamon \u0219i nu numai","breadcrumb":{"@id":"https:\/\/hurghadalovers.com\/ro\/tours\/soma-bay-private-luxor-doua-zile-trip-with-hot-air-balloon-ride\/#breadcrumb"},"inLanguage":"ro-RO","potentialAction":[{"@type":"ReadAction","target":["https:\/\/hurghadalovers.com\/ro\/tours\/soma-bay-private-luxor-doua-zile-trip-with-hot-air-balloon-ride\/"]}]},{"@type":"ImageObject","inLanguage":"ro-RO","@id":"https:\/\/hurghadalovers.com\/ro\/tours\/soma-bay-private-luxor-doua-zile-trip-with-hot-air-balloon-ride\/#primaryimage","url":"https:\/\/hurghadalovers.com\/wp-content\/uploads\/2023\/08\/Soma-bay-Private-Luxor-Two-Days-Trip-with-Hot-Air-Balloon-Ride.jpeg","contentUrl":"https:\/\/hurghadalovers.com\/wp-content\/uploads\/2023\/08\/Soma-bay-Private-Luxor-Two-Days-Trip-with-Hot-Air-Balloon-Ride.jpeg","width":1536,"height":830,"caption":"Soma bay privat Luxor privat dou\u0103 zile de excursie Luxor cu plimbare cu balonul cu aer cald"},{"@type":"BreadcrumbList","@id":"https:\/\/hurghadalovers.com\/ro\/tours\/soma-bay-private-luxor-doua-zile-trip-with-hot-air-balloon-ride\/#breadcrumb","itemListElement":[{"@type":"ListItem","position":1,"name":"Home","item":"https:\/\/hurghadalovers.com\/ro\/"},{"@type":"ListItem","position":2,"name":"Shop","item":"https:\/\/hurghadalovers.com\/shop\/"},{"@type":"ListItem","position":3,"name":"Soma bay privat Luxor privat dou\u0103 zile de excursie Luxor cu plimbare cu balonul cu aer cald"}]},{"@type":"WebSite","@id":"https:\/\/hurghadalovers.com\/ro\/#website","url":"https:\/\/hurghadalovers.com\/ro\/","name":"Hurghada Excursions & Day Trips | Booking Best Prices Tours","description":"Hurghada Lovers - Best Tour Operator - Excursions &amp; Things to do for Family Day Trips with kids and Couples Romantic. Unique .Hidden gems","publisher":{"@id":"https:\/\/hurghadalovers.com\/ro\/#organization"},"alternateName":"Hurghada Excursions","potentialAction":[{"@type":"SearchAction","target":{"@type":"EntryPoint","urlTemplate":"https:\/\/hurghadalovers.com\/ro\/?s={search_term_string}"},"query-input":{"@type":"PropertyValueSpecification","valueRequired":true,"valueName":"search_term_string"}}],"inLanguage":"ro-RO"},{"@type":["Organization","Place","TravelAgency"],"@id":"https:\/\/hurghadalovers.com\/ro\/#organization","name":"Hurghada Excursions","url":"https:\/\/hurghadalovers.com\/ro\/","logo":{"@id":"https:\/\/hurghadalovers.com\/ro\/tours\/soma-bay-private-luxor-doua-zile-trip-with-hot-air-balloon-ride\/#local-main-organization-logo"},"image":{"@id":"https:\/\/hurghadalovers.com\/ro\/tours\/soma-bay-private-luxor-doua-zile-trip-with-hot-air-balloon-ride\/#local-main-organization-logo"},"sameAs":["https:\/\/www.facebook.com\/Hurghadaloversegypt"],"address":{"@id":"https:\/\/hurghadalovers.com\/ro\/tours\/soma-bay-private-luxor-doua-zile-trip-with-hot-air-balloon-ride\/#local-main-place-address"},"telephone":["00201112596434"],"contactPoint":{"@type":"ContactPoint","telephone":"00201112596434","email":"weyouface@gmail.com"},"openingHoursSpecification":{"@type":"OpeningHoursSpecification","dayOfWeek":["Monday","Tuesday","Wednesday","Thursday","Friday","Saturday","Sunday"],"opens":"00:00","closes":"23:59"},"email":"weyouface@gmail.com","areaServed":"Luxor, Hurghada, El Gouna, Aswan, Sharm El Sheikh, Giza, Alexandria, Marsa Alam, Quseir, Soma Bay, Sahl Hasheesh, Red Sea, Makadi Bay, Cairo","priceRange":"$","currenciesAccepted":"euro","paymentAccepted":"cash on site"},{"@type":"PostalAddress","@id":"https:\/\/hurghadalovers.com\/ro\/tours\/soma-bay-private-luxor-doua-zile-trip-with-hot-air-balloon-ride\/#local-main-place-address","streetAddress":"17 Banks street, Alkawther area, top nbk bank","addressLocality":"hurghada","postalCode":"84511","addressRegion":"red sea","addressCountry":"EG"},{"@type":"ImageObject","inLanguage":"ro-RO","@id":"https:\/\/hurghadalovers.com\/ro\/tours\/soma-bay-private-luxor-doua-zile-trip-with-hot-air-balloon-ride\/#local-main-organization-logo","url":"https:\/\/hurghadalovers.com\/wp-content\/uploads\/2019\/10\/hurghada-excursions-logo.png","contentUrl":"https:\/\/hurghadalovers.com\/wp-content\/uploads\/2019\/10\/hurghada-excursions-logo.png","width":272,"height":90,"caption":"Hurghada Excursions"}]},"product_brand":"Excursii de o zi de la Soma bay la luxor","product_price_amount":"390","product_price_currency":"EUR","og_availability":"instock","product_availability":"instock","product_retailer_item_id":"PrivateSomabay322024","product_condition":"new","geo.placename":"hurghada","geo.region":"Egipt"},"_links":{"self":[{"href":"https:\/\/hurghadalovers.com\/ro\/wp-json\/wp\/v2\/product\/384150","targetHints":{"allow":["GET"]}}],"collection":[{"href":"https:\/\/hurghadalovers.com\/ro\/wp-json\/wp\/v2\/product"}],"about":[{"href":"https:\/\/hurghadalovers.com\/ro\/wp-json\/wp\/v2\/types\/product"}],"wp:featuredmedia":[{"embeddable":true,"href":"https:\/\/hurghadalovers.com\/ro\/wp-json\/wp\/v2\/media\/384065"}],"wp:attachment":[{"href":"https:\/\/hurghadalovers.com\/ro\/wp-json\/wp\/v2\/media?parent=384150"}],"wp:term":[{"taxonomy":"product_brand","embeddable":true,"href":"https:\/\/hurghadalovers.com\/ro\/wp-json\/wp\/v2\/product_brand?post=384150"},{"taxonomy":"product_cat","embeddable":true,"href":"https:\/\/hurghadalovers.com\/ro\/wp-json\/wp\/v2\/product_cat?post=384150"},{"taxonomy":"product_tag","embeddable":true,"href":"https:\/\/hurghadalovers.com\/ro\/wp-json\/wp\/v2\/product_tag?post=384150"}],"curies":[{"name":"wp","href":"https:\/\/api.w.org\/{rel}","templated":true}]}}