{"id":383039,"date":"2023-08-26T09:08:19","date_gmt":"2023-08-26T09:08:19","guid":{"rendered":"https:\/\/hurghadalovers.com\/shop\/fara-categorie\/excursie-privata-de-o-zi-de-la-soma-bay-la-cairo\/"},"modified":"2026-02-10T03:54:16","modified_gmt":"2026-02-10T03:54:16","slug":"excursie-privata-de-o-zi-de-la-baia-soma-la-cairo","status":"publish","type":"product","link":"https:\/\/hurghadalovers.com\/ro\/tours\/excursie-privata-de-o-zi-de-la-baia-soma-la-cairo\/","title":{"rendered":"Excursie privat\u0103 de o zi de la Soma Bay la Cairo"},"content":{"rendered":"<p><strong>Excursie privat\u0103 de o zi de la <\/strong><strong>Soma Bay<\/strong> <strong>la Cairo<\/strong> pentru a vizita <strong>Piramidele din Giza<\/strong>, <strong>Sfinxul<\/strong>, <strong>Muzeul Egiptean<\/strong> cu ghid privat, ma\u0219in\u0103 VIP sau minivan \u0219i pr\u00e2nz, bilete. | F\u0103r\u0103 opriri pentru cump\u0103r\u0103turi | Mai mult timp pentru vizitarea atrac\u021biilor din Cairo.<\/p>\n<p style=\"text-align: center;\"><span style=\"color: #993300;\"><strong>Descoperi\u021bi secretele civiliza\u021biei faraonice<\/strong><\/span><\/p>\n<p><strong>Puncte de interes:<\/strong><\/p>\n<ol>\n<li>Vizita\u021bi Piramidele din Giza.<\/li>\n<li>Vizita\u021bi Marele Sfinx.<\/li>\n<li>Muzeul Egiptean.<\/li>\n<li>Felucca privat\u0103 de 30 de minute pe r\u00e2ul Nil.<\/li>\n<li>Pr\u00e2nz la restaurantul &#8222;M\u00e2ncarea pentru vegetarieni este disponibil\u0103&#8221;.<\/li>\n<\/ol>\n<p><strong>Excursie privat\u0103 de o zi de la <\/strong><strong>Golful Soma<\/strong><strong>la Cairo Detalii:<\/strong><\/p>\n<ul>\n<li>Disponibilitatea turului: \u00cen fiecare zi.<\/li>\n<li>Tip de tur: Privat cu ma\u0219ina sau cu minivan.<\/li>\n<li>Ora de preluare: \u00cencep\u00e2nd cu 01:30 A.M.<\/li>\n<li>Cerere Hotel ob\u021bine\u021bi geanta de mic dejun cu tine Diminea\u021ba.<\/li>\n<li>Ora de preluare: 21:30.<\/li>\n<li>Accesibil pentru scaune cu rotile.<\/li>\n<li>Durata: 22 ore.<\/li>\n<\/ul>\n<p><strong>Rezerva\u021bi acum \u0219i pl\u0103ti\u021bi mai t\u00e2rziu:<\/strong><\/p>\n<ul>\n<li>Numerar la fa\u021ba locului pentru a ghida.<\/li>\n<li>Plata prin lire egiptene, $, \u20ac sau \u00a3.<\/li>\n<\/ul>\n<p><strong>Politica de anulare:<\/strong><\/p>\n<ul>\n<li>anula\u021bi cu p\u00e2n\u0103 la 24 de ore \u00een avans.<\/li>\n<li>Atunci c\u00e2nd cineva din familia ta anuleaz\u0103 diminea\u021ba, pl\u0103ti\u021bi 50% din cost.<\/li>\n<\/ul>\n<p><strong>Ce este inclus?<\/strong><\/p>\n<ul>\n<li>Transfer de la Soma bayHotels &#8222;Hotel pick up and drop off&#8221;.<\/li>\n<li>Toate taxele, taxele de intrare \u0219i taxele de manipulare.<\/li>\n<li>Transferuri.<\/li>\n<li>Excursie cu Felucca &#8222;Croazier\u0103 cu barca&#8221; Timp de 35 min.<\/li>\n<li>Ghid turistic.<\/li>\n<li>B\u0103uturi.<\/li>\n<li>Pr\u00e2nz \u00een restaurant.<\/li>\n<\/ul>\n<p><strong>Excluderi?<\/strong><\/p>\n<ul>\n<li>Bac\u0219i\u0219uri.<\/li>\n<li>Orice extras care nu este men\u021bionat.<\/li>\n<\/ul>\n<p><strong>Pre\u021buri:<\/strong><\/p>\n<ul>\n<li><strong>Pre\u021b pentru adul\u021bi = de la<\/strong><strong>160$ pe persoan\u0103<\/strong>.<\/li>\n<li>Pre\u021bul pentru copii &#8222;5-12\u2033= 50%.<\/li>\n<li>pentru copii &#8222;0-5&#8221; = gratuit.<\/li>\n<\/ul>\n<p>&nbsp;<\/p>\n<p><strong>Recenzii:<\/strong><\/p>\n<p>verifica\u021bi recenziile noastre Google Map ca cel mai bun <a href=\"https:\/\/g.page\/r\/CUeYvkngP3wkEBM\/review\">operator de<\/a> turism <a href=\"https:\/\/g.page\/r\/CUeYvkngP3wkEBM\/review\">\u00een<\/a> <a href=\"https:\/\/hurghadalovers.com\/\">Hurghada<\/a> online \u00een <a href=\"https:\/\/hurghadalovers.com\/\">Hurghada<\/a> Egipt.<\/p>\n<p><strong>Rezervare:<\/strong><\/p>\n<p>Trimite\u021bi hotelul + num\u0103rul camerei + pa\u0219apoartele cu fotografie la WhatsApp: <strong>+201112596434<\/strong><\/p>\n<p>If you out Egypt Booking now online and confirm when arrival Hotel.<\/p>\n<p>&nbsp;<\/p>\n<p>&nbsp;<\/p>\n","protected":false},"excerpt":{"rendered":"<p><strong>Excursie privat\u0103 de o zi de la <\/strong><strong>Soma Bay<\/strong> <strong>la Cairo<\/strong> pentru a vizita <strong>Piramidele din Giza<\/strong>, <strong>Sfinxul<\/strong>, <strong>Muzeul Egiptean<\/strong> cu ghid privat, ma\u0219in\u0103 VIP sau minivan \u0219i pr\u00e2nz, bilete. | F\u0103r\u0103 opriri pentru cump\u0103r\u0103turi | Mai mult timp pentru vizitarea atrac\u021biilor din Cairo.<\/p>\n","protected":false},"featured_media":927928,"template":"","meta":{"_joinchat":[]},"product_brand":[],"product_cat":[29873],"product_tag":[54762,54756,54546,54552,54618,54605,54640,54720,54735,54725,54560,54612,54730,54567,54573,50878,54767],"class_list":{"0":"post-383039","1":"product","2":"type-product","3":"status-publish","4":"has-post-thumbnail","6":"product_cat-tours-romanian","7":"product_tag-activitati-de-familie-din-soma-bay","8":"product_tag-activitati-pentru-copii-mici-din-soma-bay","9":"product_tag-de-la-golful-soma-la-piramide","10":"product_tag-excursie-de-o-zi-la-cairo-din-soma-bay","11":"product_tag-excursii-de-o-zi-in-golful-soma","12":"product_tag-excursii-in-golful-soma","13":"product_tag-lucruri-de-facut-in-familie-de-la-soma-bay","14":"product_tag-lucruri-de-facut-in-soma-bay","15":"product_tag-lucruri-de-facut-in-soma-bay-pentru-cupluri","16":"product_tag-lucruri-romantice-de-facut-din-soma-bay","17":"product_tag-piramidele-din-golful-soma","18":"product_tag-soma-bay-activitati","19":"product_tag-soma-bay-activitati-pentru-cupluri","20":"product_tag-soma-bay-excursie-la-cairo","21":"product_tag-soma-bay-la-piramide-excursie-de-o-zi","22":"product_tag-tururi-private-in-cairo","23":"product_tag-zile-in-familie-din-soma-bay","24":"tour_category-excursii-de-o-zi-din-cairo-din-soma-bay","25":"tour_category-lucruri-de-facut-in-soma-bay","27":"first","28":"instock","29":"sale","30":"shipping-taxable","31":"purchasable","32":"product-type-tour"},"yoast_head":"<!-- This site is optimized with the Yoast SEO Premium plugin v26.9 (Yoast SEO v27.2) - https:\/\/yoast.com\/product\/yoast-seo-premium-wordpress\/ -->\n<title>Excursie privat\u0103 de o zi de la Soma Bay la Cairo pentru a vizita Piramidele din Giza<\/title>\n<meta name=\"description\" content=\"Excursie privat\u0103 de o zi de la Soma Bay la Cairo pentru a vizita Piramidele din Giza, Sfinxul, Muzeul Egiptean cu ghid privat, ma\u0219in\u0103 Vip sau minivan \u0219i pr\u00e2nz, bilete...\" \/>\n<meta name=\"robots\" content=\"index, follow, max-snippet:-1, max-image-preview:large, max-video-preview:-1\" \/>\n<link rel=\"canonical\" href=\"https:\/\/hurghadalovers.com\/ro\/tours\/excursie-privata-de-o-zi-de-la-baia-soma-la-cairo\/\" \/>\n<meta property=\"og:locale\" content=\"ro_RO\" \/>\n<meta property=\"og:type\" content=\"article\" \/>\n<meta property=\"og:title\" content=\"Excursie privat\u0103 de o zi de la Soma Bay la Cairo\" \/>\n<meta property=\"og:description\" content=\"Excursie privat\u0103 de o zi de la Soma Bay la Cairo pentru a vizita Piramidele din Giza, Sfinxul, Muzeul Egiptean cu ghid privat, ma\u0219in\u0103 Vip sau minivan \u0219i pr\u00e2nz, bilete...\" \/>\n<meta property=\"og:url\" content=\"https:\/\/hurghadalovers.com\/ro\/tours\/excursie-privata-de-o-zi-de-la-baia-soma-la-cairo\/\" \/>\n<meta property=\"og:site_name\" content=\"Hurghada Excursions &amp; Day Trips | Booking Best Prices Tours\" \/>\n<meta property=\"article:publisher\" content=\"https:\/\/www.facebook.com\/Hurghadaloversegypt\" \/>\n<meta property=\"article:modified_time\" content=\"2026-02-10T03:54:16+00:00\" \/>\n<meta property=\"og:image\" content=\"https:\/\/hurghadalovers.com\/wp-content\/uploads\/2024\/04\/Pyramids-Day-Trip-from-Hurghada-by-Luxury-Bus-Cairo-Tours-2025.jpeg\" \/>\n\t<meta property=\"og:image:width\" content=\"1200\" \/>\n\t<meta property=\"og:image:height\" content=\"1600\" \/>\n\t<meta property=\"og:image:type\" content=\"image\/jpeg\" \/>\n<meta name=\"twitter:card\" content=\"summary_large_image\" \/>\n<meta name=\"twitter:label1\" content=\"Pre\u021b\" \/>\n\t<meta name=\"twitter:data1\" content=\"&euro;&nbsp;105\" \/>\n\t<meta name=\"twitter:label2\" content=\"Disponibilitate\" \/>\n\t<meta name=\"twitter:data2\" content=\"\u00cen stoc\" \/>\n<script type=\"application\/ld+json\" class=\"yoast-schema-graph\">{\"@context\":\"https:\/\/schema.org\",\"@graph\":[{\"@type\":[\"WebPage\",\"ItemPage\"],\"@id\":\"https:\/\/hurghadalovers.com\/ro\/tours\/excursie-privata-de-o-zi-de-la-baia-soma-la-cairo\/\",\"url\":\"https:\/\/hurghadalovers.com\/ro\/tours\/excursie-privata-de-o-zi-de-la-baia-soma-la-cairo\/\",\"name\":\"Excursie privat\u0103 de o zi de la Soma Bay la Cairo pentru a vizita Piramidele din Giza\",\"isPartOf\":{\"@id\":\"https:\/\/hurghadalovers.com\/ro\/#website\"},\"primaryImageOfPage\":{\"@id\":\"https:\/\/hurghadalovers.com\/ro\/tours\/excursie-privata-de-o-zi-de-la-baia-soma-la-cairo\/#primaryimage\"},\"image\":{\"@id\":\"https:\/\/hurghadalovers.com\/ro\/tours\/excursie-privata-de-o-zi-de-la-baia-soma-la-cairo\/#primaryimage\"},\"thumbnailUrl\":\"https:\/\/hurghadalovers.com\/wp-content\/uploads\/2024\/04\/Pyramids-Day-Trip-from-Hurghada-by-Luxury-Bus-Cairo-Tours-2025.jpeg\",\"datePublished\":\"2023-08-26T09:08:19+00:00\",\"dateModified\":\"2026-02-10T03:54:16+00:00\",\"description\":\"Excursie privat\u0103 de o zi de la Soma Bay la Cairo pentru a vizita Piramidele din Giza, Sfinxul, Muzeul Egiptean cu ghid privat, ma\u0219in\u0103 Vip sau minivan \u0219i pr\u00e2nz, bilete...\",\"breadcrumb\":{\"@id\":\"https:\/\/hurghadalovers.com\/ro\/tours\/excursie-privata-de-o-zi-de-la-baia-soma-la-cairo\/#breadcrumb\"},\"inLanguage\":\"ro-RO\",\"potentialAction\":[{\"@type\":\"ReadAction\",\"target\":[\"https:\/\/hurghadalovers.com\/ro\/tours\/excursie-privata-de-o-zi-de-la-baia-soma-la-cairo\/\"]}]},{\"@type\":\"ImageObject\",\"inLanguage\":\"ro-RO\",\"@id\":\"https:\/\/hurghadalovers.com\/ro\/tours\/excursie-privata-de-o-zi-de-la-baia-soma-la-cairo\/#primaryimage\",\"url\":\"https:\/\/hurghadalovers.com\/wp-content\/uploads\/2024\/04\/Pyramids-Day-Trip-from-Hurghada-by-Luxury-Bus-Cairo-Tours-2025.jpeg\",\"contentUrl\":\"https:\/\/hurghadalovers.com\/wp-content\/uploads\/2024\/04\/Pyramids-Day-Trip-from-Hurghada-by-Luxury-Bus-Cairo-Tours-2025.jpeg\",\"width\":1200,\"height\":1600,\"caption\":\"Pyramids Day Trip from Hurghada by Luxury Bus | Cairo Tours 2025\"},{\"@type\":\"BreadcrumbList\",\"@id\":\"https:\/\/hurghadalovers.com\/ro\/tours\/excursie-privata-de-o-zi-de-la-baia-soma-la-cairo\/#breadcrumb\",\"itemListElement\":[{\"@type\":\"ListItem\",\"position\":1,\"name\":\"Home\",\"item\":\"https:\/\/hurghadalovers.com\/ro\/\"},{\"@type\":\"ListItem\",\"position\":2,\"name\":\"Shop\",\"item\":\"https:\/\/hurghadalovers.com\/shop\/\"},{\"@type\":\"ListItem\",\"position\":3,\"name\":\"Excursie privat\u0103 de o zi de la Soma Bay la Cairo\"}]},{\"@type\":\"WebSite\",\"@id\":\"https:\/\/hurghadalovers.com\/ro\/#website\",\"url\":\"https:\/\/hurghadalovers.com\/ro\/\",\"name\":\"Hurghada Excursions & Day Trips | Booking Best Prices Tours\",\"description\":\"Hurghada Lovers - Best Tour Operator - Excursions &amp; Things to do for Family Day Trips with kids and Couples Romantic. Unique .Hidden gems\",\"publisher\":{\"@id\":\"https:\/\/hurghadalovers.com\/ro\/#organization\"},\"alternateName\":\"Hurghada Excursions\",\"potentialAction\":[{\"@type\":\"SearchAction\",\"target\":{\"@type\":\"EntryPoint\",\"urlTemplate\":\"https:\/\/hurghadalovers.com\/ro\/?s={search_term_string}\"},\"query-input\":{\"@type\":\"PropertyValueSpecification\",\"valueRequired\":true,\"valueName\":\"search_term_string\"}}],\"inLanguage\":\"ro-RO\"},{\"@type\":[\"Organization\",\"Place\",\"TravelAgency\"],\"@id\":\"https:\/\/hurghadalovers.com\/ro\/#organization\",\"name\":\"Hurghada Excursions\",\"url\":\"https:\/\/hurghadalovers.com\/ro\/\",\"logo\":{\"@id\":\"https:\/\/hurghadalovers.com\/ro\/tours\/excursie-privata-de-o-zi-de-la-baia-soma-la-cairo\/#local-main-organization-logo\"},\"image\":{\"@id\":\"https:\/\/hurghadalovers.com\/ro\/tours\/excursie-privata-de-o-zi-de-la-baia-soma-la-cairo\/#local-main-organization-logo\"},\"sameAs\":[\"https:\/\/www.facebook.com\/Hurghadaloversegypt\"],\"address\":{\"@id\":\"https:\/\/hurghadalovers.com\/ro\/tours\/excursie-privata-de-o-zi-de-la-baia-soma-la-cairo\/#local-main-place-address\"},\"telephone\":[\"00201112596434\"],\"contactPoint\":{\"@type\":\"ContactPoint\",\"telephone\":\"00201112596434\",\"email\":\"weyouface@gmail.com\"},\"openingHoursSpecification\":{\"@type\":\"OpeningHoursSpecification\",\"dayOfWeek\":[\"Monday\",\"Tuesday\",\"Wednesday\",\"Thursday\",\"Friday\",\"Saturday\",\"Sunday\"],\"opens\":\"00:00\",\"closes\":\"23:59\"},\"email\":\"weyouface@gmail.com\",\"areaServed\":\"Luxor, Hurghada, El Gouna, Aswan, Sharm El Sheikh, Giza, Alexandria, Marsa Alam, Quseir, Soma Bay, Sahl Hasheesh, Red Sea, Makadi Bay, Cairo\",\"priceRange\":\"$\",\"currenciesAccepted\":\"euro\",\"paymentAccepted\":\"cash on site\"},{\"@type\":\"PostalAddress\",\"@id\":\"https:\/\/hurghadalovers.com\/ro\/tours\/excursie-privata-de-o-zi-de-la-baia-soma-la-cairo\/#local-main-place-address\",\"streetAddress\":\"17 Banks street, Alkawther area, top nbk bank\",\"addressLocality\":\"hurghada\",\"postalCode\":\"84511\",\"addressRegion\":\"red sea\",\"addressCountry\":\"EG\"},{\"@type\":\"ImageObject\",\"inLanguage\":\"ro-RO\",\"@id\":\"https:\/\/hurghadalovers.com\/ro\/tours\/excursie-privata-de-o-zi-de-la-baia-soma-la-cairo\/#local-main-organization-logo\",\"url\":\"https:\/\/hurghadalovers.com\/wp-content\/uploads\/2019\/10\/hurghada-excursions-logo.png\",\"contentUrl\":\"https:\/\/hurghadalovers.com\/wp-content\/uploads\/2019\/10\/hurghada-excursions-logo.png\",\"width\":272,\"height\":90,\"caption\":\"Hurghada Excursions\"}]}<\/script>\n<meta property=\"product:brand\" content=\"Excursii de o zi de la Soma bay la Piramide\" \/>\n<meta property=\"product:price:amount\" content=\"105\" \/>\n<meta property=\"product:price:currency\" content=\"EUR\" \/>\n<meta property=\"og:availability\" content=\"instock\" \/>\n<meta property=\"product:availability\" content=\"instock\" \/>\n<meta property=\"product:retailer_item_id\" content=\"Somabay032024\" \/>\n<meta property=\"product:condition\" content=\"new\" \/>\n<meta name=\"geo.placename\" content=\"hurghada\" \/>\n<meta name=\"geo.region\" content=\"Egipt\" \/>\n<!-- \/ Yoast SEO Premium plugin. -->","yoast_head_json":{"title":"Excursie privat\u0103 de o zi de la Soma Bay la Cairo pentru a vizita Piramidele din Giza","description":"Excursie privat\u0103 de o zi de la Soma Bay la Cairo pentru a vizita Piramidele din Giza, Sfinxul, Muzeul Egiptean cu ghid privat, ma\u0219in\u0103 Vip sau minivan \u0219i pr\u00e2nz, bilete...","robots":{"index":"index","follow":"follow","max-snippet":"max-snippet:-1","max-image-preview":"max-image-preview:large","max-video-preview":"max-video-preview:-1"},"canonical":"https:\/\/hurghadalovers.com\/ro\/tours\/excursie-privata-de-o-zi-de-la-baia-soma-la-cairo\/","og_locale":"ro_RO","og_type":"article","og_title":"Excursie privat\u0103 de o zi de la Soma Bay la Cairo","og_description":"Excursie privat\u0103 de o zi de la Soma Bay la Cairo pentru a vizita Piramidele din Giza, Sfinxul, Muzeul Egiptean cu ghid privat, ma\u0219in\u0103 Vip sau minivan \u0219i pr\u00e2nz, bilete...","og_url":"https:\/\/hurghadalovers.com\/ro\/tours\/excursie-privata-de-o-zi-de-la-baia-soma-la-cairo\/","og_site_name":"Hurghada Excursions &amp; Day Trips | Booking Best Prices Tours","article_publisher":"https:\/\/www.facebook.com\/Hurghadaloversegypt","article_modified_time":"2026-02-10T03:54:16+00:00","og_image":[{"width":1200,"height":1600,"url":"https:\/\/hurghadalovers.com\/wp-content\/uploads\/2024\/04\/Pyramids-Day-Trip-from-Hurghada-by-Luxury-Bus-Cairo-Tours-2025.jpeg","type":"image\/jpeg"}],"twitter_card":"summary_large_image","twitter_misc":{"Pre\u021b":"&euro;&nbsp;105","Disponibilitate":"\u00cen stoc"},"schema":{"@context":"https:\/\/schema.org","@graph":[{"@type":["WebPage","ItemPage"],"@id":"https:\/\/hurghadalovers.com\/ro\/tours\/excursie-privata-de-o-zi-de-la-baia-soma-la-cairo\/","url":"https:\/\/hurghadalovers.com\/ro\/tours\/excursie-privata-de-o-zi-de-la-baia-soma-la-cairo\/","name":"Excursie privat\u0103 de o zi de la Soma Bay la Cairo pentru a vizita Piramidele din Giza","isPartOf":{"@id":"https:\/\/hurghadalovers.com\/ro\/#website"},"primaryImageOfPage":{"@id":"https:\/\/hurghadalovers.com\/ro\/tours\/excursie-privata-de-o-zi-de-la-baia-soma-la-cairo\/#primaryimage"},"image":{"@id":"https:\/\/hurghadalovers.com\/ro\/tours\/excursie-privata-de-o-zi-de-la-baia-soma-la-cairo\/#primaryimage"},"thumbnailUrl":"https:\/\/hurghadalovers.com\/wp-content\/uploads\/2024\/04\/Pyramids-Day-Trip-from-Hurghada-by-Luxury-Bus-Cairo-Tours-2025.jpeg","datePublished":"2023-08-26T09:08:19+00:00","dateModified":"2026-02-10T03:54:16+00:00","description":"Excursie privat\u0103 de o zi de la Soma Bay la Cairo pentru a vizita Piramidele din Giza, Sfinxul, Muzeul Egiptean cu ghid privat, ma\u0219in\u0103 Vip sau minivan \u0219i pr\u00e2nz, bilete...","breadcrumb":{"@id":"https:\/\/hurghadalovers.com\/ro\/tours\/excursie-privata-de-o-zi-de-la-baia-soma-la-cairo\/#breadcrumb"},"inLanguage":"ro-RO","potentialAction":[{"@type":"ReadAction","target":["https:\/\/hurghadalovers.com\/ro\/tours\/excursie-privata-de-o-zi-de-la-baia-soma-la-cairo\/"]}]},{"@type":"ImageObject","inLanguage":"ro-RO","@id":"https:\/\/hurghadalovers.com\/ro\/tours\/excursie-privata-de-o-zi-de-la-baia-soma-la-cairo\/#primaryimage","url":"https:\/\/hurghadalovers.com\/wp-content\/uploads\/2024\/04\/Pyramids-Day-Trip-from-Hurghada-by-Luxury-Bus-Cairo-Tours-2025.jpeg","contentUrl":"https:\/\/hurghadalovers.com\/wp-content\/uploads\/2024\/04\/Pyramids-Day-Trip-from-Hurghada-by-Luxury-Bus-Cairo-Tours-2025.jpeg","width":1200,"height":1600,"caption":"Pyramids Day Trip from Hurghada by Luxury Bus | Cairo Tours 2025"},{"@type":"BreadcrumbList","@id":"https:\/\/hurghadalovers.com\/ro\/tours\/excursie-privata-de-o-zi-de-la-baia-soma-la-cairo\/#breadcrumb","itemListElement":[{"@type":"ListItem","position":1,"name":"Home","item":"https:\/\/hurghadalovers.com\/ro\/"},{"@type":"ListItem","position":2,"name":"Shop","item":"https:\/\/hurghadalovers.com\/shop\/"},{"@type":"ListItem","position":3,"name":"Excursie privat\u0103 de o zi de la Soma Bay la Cairo"}]},{"@type":"WebSite","@id":"https:\/\/hurghadalovers.com\/ro\/#website","url":"https:\/\/hurghadalovers.com\/ro\/","name":"Hurghada Excursions & Day Trips | Booking Best Prices Tours","description":"Hurghada Lovers - Best Tour Operator - Excursions &amp; Things to do for Family Day Trips with kids and Couples Romantic. Unique .Hidden gems","publisher":{"@id":"https:\/\/hurghadalovers.com\/ro\/#organization"},"alternateName":"Hurghada Excursions","potentialAction":[{"@type":"SearchAction","target":{"@type":"EntryPoint","urlTemplate":"https:\/\/hurghadalovers.com\/ro\/?s={search_term_string}"},"query-input":{"@type":"PropertyValueSpecification","valueRequired":true,"valueName":"search_term_string"}}],"inLanguage":"ro-RO"},{"@type":["Organization","Place","TravelAgency"],"@id":"https:\/\/hurghadalovers.com\/ro\/#organization","name":"Hurghada Excursions","url":"https:\/\/hurghadalovers.com\/ro\/","logo":{"@id":"https:\/\/hurghadalovers.com\/ro\/tours\/excursie-privata-de-o-zi-de-la-baia-soma-la-cairo\/#local-main-organization-logo"},"image":{"@id":"https:\/\/hurghadalovers.com\/ro\/tours\/excursie-privata-de-o-zi-de-la-baia-soma-la-cairo\/#local-main-organization-logo"},"sameAs":["https:\/\/www.facebook.com\/Hurghadaloversegypt"],"address":{"@id":"https:\/\/hurghadalovers.com\/ro\/tours\/excursie-privata-de-o-zi-de-la-baia-soma-la-cairo\/#local-main-place-address"},"telephone":["00201112596434"],"contactPoint":{"@type":"ContactPoint","telephone":"00201112596434","email":"weyouface@gmail.com"},"openingHoursSpecification":{"@type":"OpeningHoursSpecification","dayOfWeek":["Monday","Tuesday","Wednesday","Thursday","Friday","Saturday","Sunday"],"opens":"00:00","closes":"23:59"},"email":"weyouface@gmail.com","areaServed":"Luxor, Hurghada, El Gouna, Aswan, Sharm El Sheikh, Giza, Alexandria, Marsa Alam, Quseir, Soma Bay, Sahl Hasheesh, Red Sea, Makadi Bay, Cairo","priceRange":"$","currenciesAccepted":"euro","paymentAccepted":"cash on site"},{"@type":"PostalAddress","@id":"https:\/\/hurghadalovers.com\/ro\/tours\/excursie-privata-de-o-zi-de-la-baia-soma-la-cairo\/#local-main-place-address","streetAddress":"17 Banks street, Alkawther area, top nbk bank","addressLocality":"hurghada","postalCode":"84511","addressRegion":"red sea","addressCountry":"EG"},{"@type":"ImageObject","inLanguage":"ro-RO","@id":"https:\/\/hurghadalovers.com\/ro\/tours\/excursie-privata-de-o-zi-de-la-baia-soma-la-cairo\/#local-main-organization-logo","url":"https:\/\/hurghadalovers.com\/wp-content\/uploads\/2019\/10\/hurghada-excursions-logo.png","contentUrl":"https:\/\/hurghadalovers.com\/wp-content\/uploads\/2019\/10\/hurghada-excursions-logo.png","width":272,"height":90,"caption":"Hurghada Excursions"}]},"product_brand":"Excursii de o zi de la Soma bay la Piramide","product_price_amount":"105","product_price_currency":"EUR","og_availability":"instock","product_availability":"instock","product_retailer_item_id":"Somabay032024","product_condition":"new","geo.placename":"hurghada","geo.region":"Egipt"},"_links":{"self":[{"href":"https:\/\/hurghadalovers.com\/ro\/wp-json\/wp\/v2\/product\/383039","targetHints":{"allow":["GET"]}}],"collection":[{"href":"https:\/\/hurghadalovers.com\/ro\/wp-json\/wp\/v2\/product"}],"about":[{"href":"https:\/\/hurghadalovers.com\/ro\/wp-json\/wp\/v2\/types\/product"}],"wp:featuredmedia":[{"embeddable":true,"href":"https:\/\/hurghadalovers.com\/ro\/wp-json\/wp\/v2\/media\/927928"}],"wp:attachment":[{"href":"https:\/\/hurghadalovers.com\/ro\/wp-json\/wp\/v2\/media?parent=383039"}],"wp:term":[{"taxonomy":"product_brand","embeddable":true,"href":"https:\/\/hurghadalovers.com\/ro\/wp-json\/wp\/v2\/product_brand?post=383039"},{"taxonomy":"product_cat","embeddable":true,"href":"https:\/\/hurghadalovers.com\/ro\/wp-json\/wp\/v2\/product_cat?post=383039"},{"taxonomy":"product_tag","embeddable":true,"href":"https:\/\/hurghadalovers.com\/ro\/wp-json\/wp\/v2\/product_tag?post=383039"}],"curies":[{"name":"wp","href":"https:\/\/api.w.org\/{rel}","templated":true}]}}