{"id":382960,"date":"2023-08-26T08:59:46","date_gmt":"2023-08-26T08:59:46","guid":{"rendered":"https:\/\/hurghadalovers.com\/shop\/fara-categorie\/excursii-de-o-zi-de-la-soma-bay-la-piramide-cu-minivan-grup-mic\/"},"modified":"2026-01-22T23:57:02","modified_gmt":"2026-01-22T23:57:02","slug":"excursii-de-o-zi-de-la-baia-soma-la-piramide-cu-un-minivan","status":"publish","type":"product","link":"https:\/\/hurghadalovers.com\/ro\/tours\/excursii-de-o-zi-de-la-baia-soma-la-piramide-cu-un-minivan\/","title":{"rendered":"Excursii de o zi de la Soma Bay la Piramide cu Minivan &#8211; Grup mic"},"content":{"rendered":"<p><strong>Excursii de o zi de la <\/strong><strong>Soma Bay<\/strong> <strong>la Piramide cu minivan<\/strong> &#8211; Grup mic de 8 persoane cu ghid privat, pr\u00e2nz, bilete \u0219i transfer de lux.<\/p>\n<p><strong>Puncte de interes:<\/strong><\/p>\n<ol>\n<li>Vizita\u021bi Piramidele din Giza.<\/li>\n<li>Vizita\u021bi Marele Sfinx.<\/li>\n<li>Muzeul Egiptean.<\/li>\n<li>Pr\u00e2nz la restaurantul &#8222;M\u00e2ncarea pentru vegetarieni este disponibil\u0103&#8221;.<\/li>\n<\/ol>\n<p><strong>Excursii de o zi de la <\/strong><strong>Golful Soma<\/strong> <strong>la Piramide cu minivan Detalii:<\/strong><\/p>\n<ul>\n<li>Disponibilitatea turului: \u00cen fiecare zi.<\/li>\n<li>Tip de tur: Grup &#8211; 8 persoane.<\/li>\n<li>Ora de preluare: \u00cencep\u00e2nd cu ora 01:00 A.M.<\/li>\n<li>Cerere Hotel ob\u021bine\u021bi geanta de mic dejun cu tine Diminea\u021ba.<\/li>\n<li>Ora de preluare: 22:30.<\/li>\n<li>Accesibil pentru scaune cu rotile.<\/li>\n<li>Durata: 22 ore.<\/li>\n<\/ul>\n<p><strong>Rezerva\u021bi acum \u0219i pl\u0103ti\u021bi mai t\u00e2rziu:<\/strong><\/p>\n<ul>\n<li>Numerar la fa\u021ba locului pentru a ghida.<\/li>\n<li>Plata prin lire egiptene, $, \u20ac sau \u00a3.<\/li>\n<\/ul>\n<p><strong>Politica de anulare:<\/strong><\/p>\n<ul>\n<li>anula\u021bi cu p\u00e2n\u0103 la 24 de ore \u00een avans.<\/li>\n<li>Atunci c\u00e2nd cineva din familia ta anuleaz\u0103 diminea\u021ba, pl\u0103ti\u021bi 50% din cost.<\/li>\n<\/ul>\n<p><strong>Ce este inclus?<\/strong><\/p>\n<ul>\n<li>Transfer de la Soma Bay Hotels &#8222;Hotel pick up and drop off&#8221;.<\/li>\n<li>Toate taxele, taxele de intrare \u0219i taxele de manipulare.<\/li>\n<li>Transferuri.<\/li>\n<li>Ghid turistic.<\/li>\n<li>Pr\u00e2nz \u00een restaurant.<\/li>\n<\/ul>\n<p><strong>Excluderi?<\/strong><\/p>\n<ul>\n<li>Bac\u0219i\u0219uri.<\/li>\n<li>Excursie cu Felucca &#8222;Croazier\u0103 cu barca&#8221; Timp de 35 min.<\/li>\n<li>B\u0103uturi.<\/li>\n<li>Orice extras care nu este men\u021bionat.<\/li>\n<\/ul>\n<p><strong>Pre\u021buri:<\/strong><\/p>\n<ul>\n<li><strong>Pre\u021b pentru adul\u021bi = <\/strong><strong>90$ pe persoan\u0103<\/strong>.<\/li>\n<li>Pre\u021bul pentru copii &#8222;5-12\u2033= 50%.<\/li>\n<li>pentru copii &#8222;0-5&#8221; = gratuit.<\/li>\n<\/ul>\n<p>&nbsp;<\/p>\n<p><strong>Recenzii:<\/strong><\/p>\n<p>verifica\u021bi recenziile noastre Google Map ca cel mai bun <a href=\"https:\/\/g.page\/r\/CUeYvkngP3wkEBM\/review\">operator de<\/a> turism <a href=\"https:\/\/g.page\/r\/CUeYvkngP3wkEBM\/review\">\u00een<\/a> <a href=\"https:\/\/hurghadalovers.com\/\">Hurghada<\/a> online \u00een <a href=\"https:\/\/hurghadalovers.com\/\">Hurghada<\/a> Egipt.<\/p>\n<p>&nbsp;<\/p>\n<p><strong>Rezervare:<\/strong><\/p>\n<p>Trimite\u021bi hotelul + num\u0103rul camerei + pa\u0219apoartele cu fotografie la WhatsApp: <strong>+201112596434<\/strong><\/p>\n<p>If you out Egypt Booking now online and confirm when arrival Hotel.<\/p>\n<p>&nbsp;<\/p>\n<p>&nbsp;<\/p>\n","protected":false},"excerpt":{"rendered":"<p><strong>Excursii de o zi de la <\/strong><strong>Soma Bay<\/strong> <strong>la Piramide cu minivan<\/strong> &#8211; Grup mic de 8 persoane cu ghid privat, pr\u00e2nz, bilete \u0219i transfer de lux.<\/p>\n","protected":false},"featured_media":928279,"template":"","meta":{"_joinchat":[]},"product_brand":[],"product_cat":[29873],"product_tag":[54751,54746,54546,54552,54618,54605,54741,54720,54735,54725,54560,54612,54730,54567,54573],"class_list":{"0":"post-382960","1":"product","2":"type-product","3":"status-publish","4":"has-post-thumbnail","6":"product_cat-tours-romanian","7":"product_tag-activitati-distractive-de-interior-din-soma-bay","8":"product_tag-activitati-pentru-copii-din-soma-bay","9":"product_tag-de-la-golful-soma-la-piramide","10":"product_tag-excursie-de-o-zi-la-cairo-din-soma-bay","11":"product_tag-excursii-de-o-zi-in-golful-soma","12":"product_tag-excursii-in-golful-soma","13":"product_tag-lucruri-de-facut-cu-copiii-din-soma-bay","14":"product_tag-lucruri-de-facut-in-soma-bay","15":"product_tag-lucruri-de-facut-in-soma-bay-pentru-cupluri","16":"product_tag-lucruri-romantice-de-facut-din-soma-bay","17":"product_tag-piramidele-din-golful-soma","18":"product_tag-soma-bay-activitati","19":"product_tag-soma-bay-activitati-pentru-cupluri","20":"product_tag-soma-bay-excursie-la-cairo","21":"product_tag-soma-bay-la-piramide-excursie-de-o-zi","22":"tour_category-excursii-de-o-zi-din-cairo-din-soma-bay","23":"tour_category-lucruri-de-facut-in-soma-bay","25":"first","26":"instock","27":"sale","28":"shipping-taxable","29":"purchasable","30":"product-type-tour"},"yoast_head":"<!-- This site is optimized with the Yoast SEO Premium plugin v26.9 (Yoast SEO v27.2) - https:\/\/yoast.com\/product\/yoast-seo-premium-wordpress\/ -->\n<title>Excursii de o zi de la Soma Bay la Piramide cu Minivan - Grup mic<\/title>\n<meta name=\"description\" content=\"Excursii de o zi de la Soma Bay la Piramide cu minivan - Grup mic de 8 persoane cu ghid privat, pr\u00e2nz, bilete \u0219i transfer de lux.\" \/>\n<meta name=\"robots\" content=\"index, follow, max-snippet:-1, max-image-preview:large, max-video-preview:-1\" \/>\n<link rel=\"canonical\" href=\"https:\/\/hurghadalovers.com\/ro\/tours\/excursii-de-o-zi-de-la-baia-soma-la-piramide-cu-un-minivan\/\" \/>\n<meta property=\"og:locale\" content=\"ro_RO\" \/>\n<meta property=\"og:type\" content=\"article\" \/>\n<meta property=\"og:title\" content=\"Excursii de o zi de la Soma Bay la Piramide cu Minivan - Grup mic\" \/>\n<meta property=\"og:description\" content=\"Excursii de o zi de la Soma Bay la Piramide cu minivan - Grup mic de 8 persoane cu ghid privat, pr\u00e2nz, bilete \u0219i transfer de lux.\" \/>\n<meta property=\"og:url\" content=\"https:\/\/hurghadalovers.com\/ro\/tours\/excursii-de-o-zi-de-la-baia-soma-la-piramide-cu-un-minivan\/\" \/>\n<meta property=\"og:site_name\" content=\"Hurghada Excursions &amp; Day Trips | Booking Best Prices Tours\" \/>\n<meta property=\"article:publisher\" content=\"https:\/\/www.facebook.com\/Hurghadaloversegypt\" \/>\n<meta property=\"article:modified_time\" content=\"2026-01-22T23:57:02+00:00\" \/>\n<meta property=\"og:image\" content=\"https:\/\/hurghadalovers.com\/wp-content\/uploads\/2024\/04\/Pharaonic-Tourist-attractions-in-Cairo.jpeg\" \/>\n\t<meta property=\"og:image:width\" content=\"1280\" \/>\n\t<meta property=\"og:image:height\" content=\"720\" \/>\n\t<meta property=\"og:image:type\" content=\"image\/jpeg\" \/>\n<meta name=\"twitter:card\" content=\"summary_large_image\" \/>\n<meta name=\"twitter:label1\" content=\"Pre\u021b\" \/>\n\t<meta name=\"twitter:data1\" content=\"&euro;&nbsp;85\" \/>\n\t<meta name=\"twitter:label2\" content=\"Disponibilitate\" \/>\n\t<meta name=\"twitter:data2\" content=\"\u00cen stoc\" \/>\n<script type=\"application\/ld+json\" class=\"yoast-schema-graph\">{\"@context\":\"https:\/\/schema.org\",\"@graph\":[{\"@type\":[\"WebPage\",\"ItemPage\"],\"@id\":\"https:\/\/hurghadalovers.com\/ro\/tours\/excursii-de-o-zi-de-la-baia-soma-la-piramide-cu-un-minivan\/\",\"url\":\"https:\/\/hurghadalovers.com\/ro\/tours\/excursii-de-o-zi-de-la-baia-soma-la-piramide-cu-un-minivan\/\",\"name\":\"Excursii de o zi de la Soma Bay la Piramide cu Minivan - Grup mic\",\"isPartOf\":{\"@id\":\"https:\/\/hurghadalovers.com\/ro\/#website\"},\"primaryImageOfPage\":{\"@id\":\"https:\/\/hurghadalovers.com\/ro\/tours\/excursii-de-o-zi-de-la-baia-soma-la-piramide-cu-un-minivan\/#primaryimage\"},\"image\":{\"@id\":\"https:\/\/hurghadalovers.com\/ro\/tours\/excursii-de-o-zi-de-la-baia-soma-la-piramide-cu-un-minivan\/#primaryimage\"},\"thumbnailUrl\":\"https:\/\/hurghadalovers.com\/wp-content\/uploads\/2024\/04\/Pharaonic-Tourist-attractions-in-Cairo.jpeg\",\"datePublished\":\"2023-08-26T08:59:46+00:00\",\"dateModified\":\"2026-01-22T23:57:02+00:00\",\"description\":\"Excursii de o zi de la Soma Bay la Piramide cu minivan - Grup mic de 8 persoane cu ghid privat, pr\u00e2nz, bilete \u0219i transfer de lux.\",\"breadcrumb\":{\"@id\":\"https:\/\/hurghadalovers.com\/ro\/tours\/excursii-de-o-zi-de-la-baia-soma-la-piramide-cu-un-minivan\/#breadcrumb\"},\"inLanguage\":\"ro-RO\",\"potentialAction\":[{\"@type\":\"ReadAction\",\"target\":[\"https:\/\/hurghadalovers.com\/ro\/tours\/excursii-de-o-zi-de-la-baia-soma-la-piramide-cu-un-minivan\/\"]}]},{\"@type\":\"ImageObject\",\"inLanguage\":\"ro-RO\",\"@id\":\"https:\/\/hurghadalovers.com\/ro\/tours\/excursii-de-o-zi-de-la-baia-soma-la-piramide-cu-un-minivan\/#primaryimage\",\"url\":\"https:\/\/hurghadalovers.com\/wp-content\/uploads\/2024\/04\/Pharaonic-Tourist-attractions-in-Cairo.jpeg\",\"contentUrl\":\"https:\/\/hurghadalovers.com\/wp-content\/uploads\/2024\/04\/Pharaonic-Tourist-attractions-in-Cairo.jpeg\",\"width\":1280,\"height\":720,\"caption\":\"Pharaonic Tourist attractions in Cairo\"},{\"@type\":\"BreadcrumbList\",\"@id\":\"https:\/\/hurghadalovers.com\/ro\/tours\/excursii-de-o-zi-de-la-baia-soma-la-piramide-cu-un-minivan\/#breadcrumb\",\"itemListElement\":[{\"@type\":\"ListItem\",\"position\":1,\"name\":\"Home\",\"item\":\"https:\/\/hurghadalovers.com\/ro\/\"},{\"@type\":\"ListItem\",\"position\":2,\"name\":\"Shop\",\"item\":\"https:\/\/hurghadalovers.com\/shop\/\"},{\"@type\":\"ListItem\",\"position\":3,\"name\":\"Excursii de o zi de la Soma Bay la Piramide cu Minivan &#8211; Grup mic\"}]},{\"@type\":\"WebSite\",\"@id\":\"https:\/\/hurghadalovers.com\/ro\/#website\",\"url\":\"https:\/\/hurghadalovers.com\/ro\/\",\"name\":\"Hurghada Excursions & Day Trips | Booking Best Prices Tours\",\"description\":\"Hurghada Lovers - Best Tour Operator - Excursions &amp; Things to do for Family Day Trips with kids and Couples Romantic. Unique .Hidden gems\",\"publisher\":{\"@id\":\"https:\/\/hurghadalovers.com\/ro\/#organization\"},\"alternateName\":\"Hurghada Excursions\",\"potentialAction\":[{\"@type\":\"SearchAction\",\"target\":{\"@type\":\"EntryPoint\",\"urlTemplate\":\"https:\/\/hurghadalovers.com\/ro\/?s={search_term_string}\"},\"query-input\":{\"@type\":\"PropertyValueSpecification\",\"valueRequired\":true,\"valueName\":\"search_term_string\"}}],\"inLanguage\":\"ro-RO\"},{\"@type\":[\"Organization\",\"Place\",\"TravelAgency\"],\"@id\":\"https:\/\/hurghadalovers.com\/ro\/#organization\",\"name\":\"Hurghada Excursions\",\"url\":\"https:\/\/hurghadalovers.com\/ro\/\",\"logo\":{\"@id\":\"https:\/\/hurghadalovers.com\/ro\/tours\/excursii-de-o-zi-de-la-baia-soma-la-piramide-cu-un-minivan\/#local-main-organization-logo\"},\"image\":{\"@id\":\"https:\/\/hurghadalovers.com\/ro\/tours\/excursii-de-o-zi-de-la-baia-soma-la-piramide-cu-un-minivan\/#local-main-organization-logo\"},\"sameAs\":[\"https:\/\/www.facebook.com\/Hurghadaloversegypt\"],\"address\":{\"@id\":\"https:\/\/hurghadalovers.com\/ro\/tours\/excursii-de-o-zi-de-la-baia-soma-la-piramide-cu-un-minivan\/#local-main-place-address\"},\"telephone\":[\"00201112596434\"],\"contactPoint\":{\"@type\":\"ContactPoint\",\"telephone\":\"00201112596434\",\"email\":\"weyouface@gmail.com\"},\"openingHoursSpecification\":{\"@type\":\"OpeningHoursSpecification\",\"dayOfWeek\":[\"Monday\",\"Tuesday\",\"Wednesday\",\"Thursday\",\"Friday\",\"Saturday\",\"Sunday\"],\"opens\":\"00:00\",\"closes\":\"23:59\"},\"email\":\"weyouface@gmail.com\",\"areaServed\":\"Luxor, Hurghada, El Gouna, Aswan, Sharm El Sheikh, Giza, Alexandria, Marsa Alam, Quseir, Soma Bay, Sahl Hasheesh, Red Sea, Makadi Bay, Cairo\",\"priceRange\":\"$\",\"currenciesAccepted\":\"euro\",\"paymentAccepted\":\"cash on site\"},{\"@type\":\"PostalAddress\",\"@id\":\"https:\/\/hurghadalovers.com\/ro\/tours\/excursii-de-o-zi-de-la-baia-soma-la-piramide-cu-un-minivan\/#local-main-place-address\",\"streetAddress\":\"17 Banks street, Alkawther area, top nbk bank\",\"addressLocality\":\"hurghada\",\"postalCode\":\"84511\",\"addressRegion\":\"red sea\",\"addressCountry\":\"EG\"},{\"@type\":\"ImageObject\",\"inLanguage\":\"ro-RO\",\"@id\":\"https:\/\/hurghadalovers.com\/ro\/tours\/excursii-de-o-zi-de-la-baia-soma-la-piramide-cu-un-minivan\/#local-main-organization-logo\",\"url\":\"https:\/\/hurghadalovers.com\/wp-content\/uploads\/2019\/10\/hurghada-excursions-logo.png\",\"contentUrl\":\"https:\/\/hurghadalovers.com\/wp-content\/uploads\/2019\/10\/hurghada-excursions-logo.png\",\"width\":272,\"height\":90,\"caption\":\"Hurghada Excursions\"}]}<\/script>\n<meta property=\"product:brand\" content=\"Excursii de o zi de la Soma bay la Piramide\" \/>\n<meta property=\"product:price:amount\" content=\"85\" \/>\n<meta property=\"product:price:currency\" content=\"EUR\" \/>\n<meta property=\"og:availability\" content=\"instock\" \/>\n<meta property=\"product:availability\" content=\"instock\" \/>\n<meta property=\"product:retailer_item_id\" content=\"Somabay022024\" \/>\n<meta property=\"product:condition\" content=\"new\" \/>\n<meta name=\"geo.placename\" content=\"hurghada\" \/>\n<meta name=\"geo.region\" content=\"Egipt\" \/>\n<!-- \/ Yoast SEO Premium plugin. -->","yoast_head_json":{"title":"Excursii de o zi de la Soma Bay la Piramide cu Minivan - Grup mic","description":"Excursii de o zi de la Soma Bay la Piramide cu minivan - Grup mic de 8 persoane cu ghid privat, pr\u00e2nz, bilete \u0219i transfer de lux.","robots":{"index":"index","follow":"follow","max-snippet":"max-snippet:-1","max-image-preview":"max-image-preview:large","max-video-preview":"max-video-preview:-1"},"canonical":"https:\/\/hurghadalovers.com\/ro\/tours\/excursii-de-o-zi-de-la-baia-soma-la-piramide-cu-un-minivan\/","og_locale":"ro_RO","og_type":"article","og_title":"Excursii de o zi de la Soma Bay la Piramide cu Minivan - Grup mic","og_description":"Excursii de o zi de la Soma Bay la Piramide cu minivan - Grup mic de 8 persoane cu ghid privat, pr\u00e2nz, bilete \u0219i transfer de lux.","og_url":"https:\/\/hurghadalovers.com\/ro\/tours\/excursii-de-o-zi-de-la-baia-soma-la-piramide-cu-un-minivan\/","og_site_name":"Hurghada Excursions &amp; Day Trips | Booking Best Prices Tours","article_publisher":"https:\/\/www.facebook.com\/Hurghadaloversegypt","article_modified_time":"2026-01-22T23:57:02+00:00","og_image":[{"width":1280,"height":720,"url":"https:\/\/hurghadalovers.com\/wp-content\/uploads\/2024\/04\/Pharaonic-Tourist-attractions-in-Cairo.jpeg","type":"image\/jpeg"}],"twitter_card":"summary_large_image","twitter_misc":{"Pre\u021b":"&euro;&nbsp;85","Disponibilitate":"\u00cen stoc"},"schema":{"@context":"https:\/\/schema.org","@graph":[{"@type":["WebPage","ItemPage"],"@id":"https:\/\/hurghadalovers.com\/ro\/tours\/excursii-de-o-zi-de-la-baia-soma-la-piramide-cu-un-minivan\/","url":"https:\/\/hurghadalovers.com\/ro\/tours\/excursii-de-o-zi-de-la-baia-soma-la-piramide-cu-un-minivan\/","name":"Excursii de o zi de la Soma Bay la Piramide cu Minivan - Grup mic","isPartOf":{"@id":"https:\/\/hurghadalovers.com\/ro\/#website"},"primaryImageOfPage":{"@id":"https:\/\/hurghadalovers.com\/ro\/tours\/excursii-de-o-zi-de-la-baia-soma-la-piramide-cu-un-minivan\/#primaryimage"},"image":{"@id":"https:\/\/hurghadalovers.com\/ro\/tours\/excursii-de-o-zi-de-la-baia-soma-la-piramide-cu-un-minivan\/#primaryimage"},"thumbnailUrl":"https:\/\/hurghadalovers.com\/wp-content\/uploads\/2024\/04\/Pharaonic-Tourist-attractions-in-Cairo.jpeg","datePublished":"2023-08-26T08:59:46+00:00","dateModified":"2026-01-22T23:57:02+00:00","description":"Excursii de o zi de la Soma Bay la Piramide cu minivan - Grup mic de 8 persoane cu ghid privat, pr\u00e2nz, bilete \u0219i transfer de lux.","breadcrumb":{"@id":"https:\/\/hurghadalovers.com\/ro\/tours\/excursii-de-o-zi-de-la-baia-soma-la-piramide-cu-un-minivan\/#breadcrumb"},"inLanguage":"ro-RO","potentialAction":[{"@type":"ReadAction","target":["https:\/\/hurghadalovers.com\/ro\/tours\/excursii-de-o-zi-de-la-baia-soma-la-piramide-cu-un-minivan\/"]}]},{"@type":"ImageObject","inLanguage":"ro-RO","@id":"https:\/\/hurghadalovers.com\/ro\/tours\/excursii-de-o-zi-de-la-baia-soma-la-piramide-cu-un-minivan\/#primaryimage","url":"https:\/\/hurghadalovers.com\/wp-content\/uploads\/2024\/04\/Pharaonic-Tourist-attractions-in-Cairo.jpeg","contentUrl":"https:\/\/hurghadalovers.com\/wp-content\/uploads\/2024\/04\/Pharaonic-Tourist-attractions-in-Cairo.jpeg","width":1280,"height":720,"caption":"Pharaonic Tourist attractions in Cairo"},{"@type":"BreadcrumbList","@id":"https:\/\/hurghadalovers.com\/ro\/tours\/excursii-de-o-zi-de-la-baia-soma-la-piramide-cu-un-minivan\/#breadcrumb","itemListElement":[{"@type":"ListItem","position":1,"name":"Home","item":"https:\/\/hurghadalovers.com\/ro\/"},{"@type":"ListItem","position":2,"name":"Shop","item":"https:\/\/hurghadalovers.com\/shop\/"},{"@type":"ListItem","position":3,"name":"Excursii de o zi de la Soma Bay la Piramide cu Minivan &#8211; Grup mic"}]},{"@type":"WebSite","@id":"https:\/\/hurghadalovers.com\/ro\/#website","url":"https:\/\/hurghadalovers.com\/ro\/","name":"Hurghada Excursions & Day Trips | Booking Best Prices Tours","description":"Hurghada Lovers - Best Tour Operator - Excursions &amp; Things to do for Family Day Trips with kids and Couples Romantic. Unique .Hidden gems","publisher":{"@id":"https:\/\/hurghadalovers.com\/ro\/#organization"},"alternateName":"Hurghada Excursions","potentialAction":[{"@type":"SearchAction","target":{"@type":"EntryPoint","urlTemplate":"https:\/\/hurghadalovers.com\/ro\/?s={search_term_string}"},"query-input":{"@type":"PropertyValueSpecification","valueRequired":true,"valueName":"search_term_string"}}],"inLanguage":"ro-RO"},{"@type":["Organization","Place","TravelAgency"],"@id":"https:\/\/hurghadalovers.com\/ro\/#organization","name":"Hurghada Excursions","url":"https:\/\/hurghadalovers.com\/ro\/","logo":{"@id":"https:\/\/hurghadalovers.com\/ro\/tours\/excursii-de-o-zi-de-la-baia-soma-la-piramide-cu-un-minivan\/#local-main-organization-logo"},"image":{"@id":"https:\/\/hurghadalovers.com\/ro\/tours\/excursii-de-o-zi-de-la-baia-soma-la-piramide-cu-un-minivan\/#local-main-organization-logo"},"sameAs":["https:\/\/www.facebook.com\/Hurghadaloversegypt"],"address":{"@id":"https:\/\/hurghadalovers.com\/ro\/tours\/excursii-de-o-zi-de-la-baia-soma-la-piramide-cu-un-minivan\/#local-main-place-address"},"telephone":["00201112596434"],"contactPoint":{"@type":"ContactPoint","telephone":"00201112596434","email":"weyouface@gmail.com"},"openingHoursSpecification":{"@type":"OpeningHoursSpecification","dayOfWeek":["Monday","Tuesday","Wednesday","Thursday","Friday","Saturday","Sunday"],"opens":"00:00","closes":"23:59"},"email":"weyouface@gmail.com","areaServed":"Luxor, Hurghada, El Gouna, Aswan, Sharm El Sheikh, Giza, Alexandria, Marsa Alam, Quseir, Soma Bay, Sahl Hasheesh, Red Sea, Makadi Bay, Cairo","priceRange":"$","currenciesAccepted":"euro","paymentAccepted":"cash on site"},{"@type":"PostalAddress","@id":"https:\/\/hurghadalovers.com\/ro\/tours\/excursii-de-o-zi-de-la-baia-soma-la-piramide-cu-un-minivan\/#local-main-place-address","streetAddress":"17 Banks street, Alkawther area, top nbk bank","addressLocality":"hurghada","postalCode":"84511","addressRegion":"red sea","addressCountry":"EG"},{"@type":"ImageObject","inLanguage":"ro-RO","@id":"https:\/\/hurghadalovers.com\/ro\/tours\/excursii-de-o-zi-de-la-baia-soma-la-piramide-cu-un-minivan\/#local-main-organization-logo","url":"https:\/\/hurghadalovers.com\/wp-content\/uploads\/2019\/10\/hurghada-excursions-logo.png","contentUrl":"https:\/\/hurghadalovers.com\/wp-content\/uploads\/2019\/10\/hurghada-excursions-logo.png","width":272,"height":90,"caption":"Hurghada Excursions"}]},"product_brand":"Excursii de o zi de la Soma bay la Piramide","product_price_amount":"85","product_price_currency":"EUR","og_availability":"instock","product_availability":"instock","product_retailer_item_id":"Somabay022024","product_condition":"new","geo.placename":"hurghada","geo.region":"Egipt"},"_links":{"self":[{"href":"https:\/\/hurghadalovers.com\/ro\/wp-json\/wp\/v2\/product\/382960","targetHints":{"allow":["GET"]}}],"collection":[{"href":"https:\/\/hurghadalovers.com\/ro\/wp-json\/wp\/v2\/product"}],"about":[{"href":"https:\/\/hurghadalovers.com\/ro\/wp-json\/wp\/v2\/types\/product"}],"wp:featuredmedia":[{"embeddable":true,"href":"https:\/\/hurghadalovers.com\/ro\/wp-json\/wp\/v2\/media\/928279"}],"wp:attachment":[{"href":"https:\/\/hurghadalovers.com\/ro\/wp-json\/wp\/v2\/media?parent=382960"}],"wp:term":[{"taxonomy":"product_brand","embeddable":true,"href":"https:\/\/hurghadalovers.com\/ro\/wp-json\/wp\/v2\/product_brand?post=382960"},{"taxonomy":"product_cat","embeddable":true,"href":"https:\/\/hurghadalovers.com\/ro\/wp-json\/wp\/v2\/product_cat?post=382960"},{"taxonomy":"product_tag","embeddable":true,"href":"https:\/\/hurghadalovers.com\/ro\/wp-json\/wp\/v2\/product_tag?post=382960"}],"curies":[{"name":"wp","href":"https:\/\/api.w.org\/{rel}","templated":true}]}}