{"id":381251,"date":"2023-08-19T11:35:23","date_gmt":"2023-08-19T11:35:23","guid":{"rendered":"https:\/\/hurghadalovers.com\/shop\/fara-categorie\/transferuri-private-cu-taxi-in-hurghada\/"},"modified":"2026-02-09T18:02:33","modified_gmt":"2026-02-09T18:02:33","slug":"private-hurghada-taxi-transferuri","status":"publish","type":"product","link":"https:\/\/hurghadalovers.com\/ro\/tours\/private-hurghada-taxi-transferuri\/","title":{"rendered":"Transferuri private cu taxi \u00een Hurghada"},"content":{"rendered":"<p><strong>Private Hurghada Taxi Transfers<\/strong> to Luxor, Cairo | Rezervare Pre\u021buri ieftine Serviciu turistic Transfer cu minivan de lux \u0219i ma\u0219in\u0103 Vip la Marsa alam, Soma bay, EL Gouna, Makadi bay, Hurghada (HRG) Airport | Cash on site.<\/p>\n<p><strong>Detalii:<\/strong><\/p>\n<ul>\n<li>Tip de tur: Privat de lux cu ma\u0219ina sau minivan.<\/li>\n<li>Rezervare Taxi Car, Minivan, Disponibilitate: \u00cen fiecare zi.<\/li>\n<li>Accesibil pentru scaune cu rotile.<\/li>\n<li>Ora de preluare de la Hurghada la Luxor: 04:30 A.M.<\/li>\n<li>Ora de preluare de la Hurghada la Cairo: 01:30 A.M.<\/li>\n<li>Ora de preluare de la hotelurile din Hurghada la Aeroportul Hurghada (HRG), Hurghada Marina: dup\u0103 cum dori\u021bi.<\/li>\n<li>\n<\/li>\n<\/ul>\n<p><strong>Rezerva\u021bi acum \u0219i pl\u0103ti\u021bi mai t\u00e2rziu:<\/strong><\/p>\n<ul>\n<li>Numerar la fa\u021ba locului pentru a ghida.<\/li>\n<li>Plata prin lire egiptene, $, \u20ac sau \u00a3.<\/li>\n<\/ul>\n<p><strong>Politica de anulare:<\/strong><\/p>\n<ul>\n<li>anula\u021bi cu p\u00e2n\u0103 la 24 de ore \u00een avans.<\/li>\n<li>Atunci c\u00e2nd cineva din familia ta anuleaz\u0103 diminea\u021ba, pl\u0103ti\u021bi 50% din cost.<\/li>\n<\/ul>\n<p><strong>Ce este inclus?<\/strong><\/p>\n<ul>\n<li>Transfer de la hotelurile din Hurghada &#8222;Hotel pick up \u0219i drop off&#8221;.<\/li>\n<li>Toate taxele, taxele de intrare \u0219i taxele de manipulare.<\/li>\n<li>Transferuri.<\/li>\n<li>B\u0103uturi.<\/li>\n<\/ul>\n<p><strong>Excluderi?<\/strong><\/p>\n<ul>\n<li>Bac\u0219i\u0219uri.<\/li>\n<\/ul>\n<p><strong>Transfer privat de la Hurghada la Luxor:<\/strong><\/p>\n<p>Pre\u021b taxi\/ma\u0219in\u0103 &#8221; 3 locuri&#8221; = 130$ Pre\u021b ma\u0219in\u0103 privat\u0103.<\/p>\n<p>Pre\u021b Minivan &#8222;8 locuri&#8221; = 175$ Pre\u021b per Minivan\/Minibus privat.<\/p>\n<p>Distan\u021ba dintre Hurghada \u0219i Luxor = 350 km<\/p>\n<p>Timp \u00eentre Hurghada \u0219i Luxor = 4.30 ore.<\/p>\n<p>Acolo 2 Opriri &#8221; 20 min Pauz\u0103, 20 Puncte de control turistic \u00een Safaga&#8221;.<\/p>\n<p><strong> <\/strong><\/p>\n<p><strong>Transfer privat de la Hurghada la Cairo, Piramidele din Giza:<\/strong><\/p>\n<p>Pre\u021b taxi\/ma\u0219in\u0103 &#8221; 3 locuri&#8221; = 140$ Pre\u021b ma\u0219in\u0103 privat\u0103.<\/p>\n<p>Pre\u021b Minivan &#8222;8 locuri&#8221; = 200$ Pre\u021b per Minivan\/Minibus privat.<\/p>\n<p>Distan\u021ba dintre Hurghada \u0219i Cairo = 450 km<\/p>\n<p>Timp \u00eentre Hurghada \u0219i Cairo = 6.30 ore<\/p>\n<p>Exist\u0103 3 opriri &#8221; 20 min Pauz\u0103 \u00een Saffron Ras Ghareb, 15-30 min Punct de control turistic&#8221;<\/p>\n<p><strong>Transfer privat Hurghada la sau de la Aeroportul Hurghada (HRG):<\/strong><\/p>\n<p>Pre\u021b taxi\/ma\u0219in\u0103 &#8221; 3 &#8211; 6 locuri&#8221; = 20$ Pre\u021b per ma\u0219in\u0103 privat\u0103.<\/p>\n<p>Pre\u021b Minivan &#8222;12 locuri&#8221; = 30$ Pre\u021b per Minivan\/Minibus privat.<\/p>\n<p><strong> <\/strong><\/p>\n<p><strong>Transfer privat Hurghada la Hurghada Marina:<\/strong><\/p>\n<p>Pre\u021b Taxi\/ Ma\u0219in\u0103 &#8221; 3 &#8211; 6 locuri&#8221; 4hr = 30$ Pre\u021b per ma\u0219in\u0103 privat\u0103.<\/p>\n<p>Pre\u021b Minivan &#8222;12 locuri&#8221; 4hr = 50$ Pre\u021b per Minivan\/Minibus privat.<\/p>\n<p><strong> <\/strong><\/p>\n<p><strong>Transfer privat de la Hurghada la hoteluri El Gouna:<\/strong><\/p>\n<p>Pre\u021b taxi\/autoturism &#8221; 3 &#8211; 6 locuri&#8221; = 40$ Pre\u021b per ma\u0219in\u0103 privat\u0103.<\/p>\n<p>Pre\u021b Minivan &#8222;12 locuri&#8221; = 55$ Pre\u021b per Minivan\/Minibus privat.<\/p>\n<p>Distan\u021ba dintre Hurghada \u0219i El Gouna = 40 km<\/p>\n<p>Timp \u00eentre Hurghada \u0219i El Gouna = 30 min.<\/p>\n<p><strong>Taxi privat Hurghada din Marsa Alam<\/strong><\/p>\n<p>oferim ma\u0219ini \u0219i autobuze pentru a v\u0103 transfera pe dumneavoastr\u0103 sau grupul dumneavoastr\u0103 din Marsa Alam la orice palat din Marea Ro\u0219ie Egipt.<\/p>\n<p><strong>Transferuri private la Aeroportul Cairo<\/strong><\/p>\n<p>dac\u0103 ave\u021bi nevoie s\u0103 merge\u021bi la Aeroportul Cairo \u0219i ave\u021bi nevoie de transfer la ora\u0219e turistice Egipt, pute\u021bi avea \u00eencredere \u00een noi pentru a v\u0103 oferi servicii de lux Private Cars Bus Limousine.<\/p>\n<p><strong>Taxi din Hurghada la Sahl Hasheesh<\/strong><\/p>\n<p>Ave\u021bi nevoie de cel mai bun pre\u021b pentru transportul privat de orice format pentru a v\u0103 transfera de la aeroportul Hurghada la hotelurile Sahl Hashe sau ave\u021bi nevoie de un transfer de la hotel la orice loc, pute\u021bi avea \u00eencredere \u00een noi.<\/p>\n<p>1-3 persoane (ma\u0219in\u0103 standard) = pre\u021b de la 10 $.<\/p>\n<p>4-8 persoane (microbuz) = pre\u021b de la 23 $.<\/p>\n<p><strong>Taxi din Hurghada la Marsa Alam<\/strong><\/p>\n<p>Dac\u0103 a\u021bi ajuns la aeroportul Hurghada sau din loca\u021bia dvs. ave\u021bi nevoie de cele mai bune ma\u0219ini sau un autobuz spre sau de la Mars Alam pentru a vizita Cairo sau Luxor, suna\u021bi-ne chiar acum.<\/p>\n<p>1-3 pax (ma\u0219in\u0103 individual\u0103) = 84 $.<\/p>\n<p>4-8 persoane (microbuz) = 107 $.<\/p>\n<p><strong>Taxiuri de la Aeroportul Hurghada la Makadi Bay<\/strong><\/p>\n<p>Oferim cele mai bune pre\u021buri de transfer pentru tine singur sau pentru un grup de hoteluri Makadi Bay \u0219i vizita\u021bi piramidele din Cairo Giza, sau face\u021bi un tur \u00een ora\u0219ul Luxor.<\/p>\n<p>1-3 pax (ma\u0219in\u0103 standard) = de la 10 $.<\/p>\n<p>4-8 persoane (microbuz) = $ 23<\/p>\n<p><strong>Taxi din Hurghada Airport la Soma Bay<\/strong><\/p>\n<p>Dac\u0103 ave\u021bi nevoie de ma\u0219ini private de lux, autobuze sau o limuzin\u0103 pentru a v\u0103 transfera la hotelurile din Soma Bay sau c\u00e2nd trebuie s\u0103 face\u021bi excursii pentru a vizita locurile turistice din Egipt, rezerva\u021bi cu noi acum.<\/p>\n<p>1-3 pax (ma\u0219in\u0103 standard) = $ 35<\/p>\n<p>4-8 persoane (microbuz) = $ 40<\/p>\n<p>&nbsp;<\/p>\n<p>&nbsp;<\/p>\n<p><strong>Recenzii:<\/strong><\/p>\n<p>verifica\u021bi recenziile noastre Google Map ca cel mai bun <a href=\"https:\/\/g.page\/r\/CUeYvkngP3wkEBM\/review\">operator de<\/a> turism <a href=\"https:\/\/g.page\/r\/CUeYvkngP3wkEBM\/review\">\u00een<\/a> <a href=\"https:\/\/hurghadalovers.com\/\">Hurghada<\/a> online \u00een <a href=\"https:\/\/hurghadalovers.com\/\">Hurghada<\/a> Egipt.<\/p>\n<p>&nbsp;<\/p>\n<p><strong>Not\u0103:  <\/strong><\/p>\n<p>Facem, de asemenea, tur cu transfer de la hotelul dvs. \u00een El Goua, Soma Bay, Makadi Bay, Sahl Hasheesh, Safaga, cu un cost suplimentar= 10$ pe persoan\u0103.<\/p>\n<p>&nbsp;<\/p>\n<p><strong>Rezervare:<\/strong><\/p>\n<p>Trimite\u021bi hotelul + num\u0103rul camerei + pa\u0219apoartele cu fotografie la WhatsApp: <strong>+201112596434<\/strong><\/p>\n<p>If you out Egypt Booking now online and confirm when arrival Hotel.<\/p>\n","protected":false},"excerpt":{"rendered":"<p>Private Hurghada Taxi Transfers to Luxor, Cairo | Rezervare Pre\u021buri ieftine Serviciu turistic Transfer cu minivan de lux \u0219i ma\u0219in\u0103 Vip la Marsa alam, Soma bay, EL Gouna, Makadi bay, Hurghada (HRG) Airport | Cash on site.<\/p>\n","protected":false},"featured_media":931095,"template":"","meta":{"_joinchat":[]},"product_brand":[],"product_cat":[29873],"product_tag":[],"class_list":{"0":"post-381251","1":"product","2":"type-product","3":"status-publish","4":"has-post-thumbnail","6":"product_cat-tours-romanian","7":"tour_category-hurghada-to-luxor-trips-ro","8":"tour_category-hurghada-excursions-ro","10":"first","11":"instock","12":"sale","13":"shipping-taxable","14":"purchasable","15":"product-type-tour"},"yoast_head":"<!-- This site is optimized with the Yoast SEO Premium plugin v26.9 (Yoast SEO v27.2) - https:\/\/yoast.com\/product\/yoast-seo-premium-wordpress\/ -->\n<title>Transferuri private cu taxiul din Hurghada c\u0103tre Luxor, Cairo<\/title>\n<meta name=\"description\" content=\"Private Hurghada Taxi Transfers to Luxor, Cairo | Rezervare Pre\u021buri ieftine Serviciu turistic Transfer cu Minivan de lux \u0219i Vip Car la Marsa alam, Soma bay...\" \/>\n<meta name=\"robots\" content=\"index, follow, max-snippet:-1, max-image-preview:large, max-video-preview:-1\" \/>\n<link rel=\"canonical\" href=\"https:\/\/hurghadalovers.com\/ro\/tours\/private-hurghada-taxi-transferuri\/\" \/>\n<meta property=\"og:locale\" content=\"ro_RO\" \/>\n<meta property=\"og:type\" content=\"article\" \/>\n<meta property=\"og:title\" content=\"Transferuri private cu taxi \u00een Hurghada\" \/>\n<meta property=\"og:description\" content=\"Private Hurghada Taxi Transfers to Luxor, Cairo | Rezervare Pre\u021buri ieftine Serviciu turistic Transfer cu Minivan de lux \u0219i Vip Car la Marsa alam, Soma bay...\" \/>\n<meta property=\"og:url\" content=\"https:\/\/hurghadalovers.com\/ro\/tours\/private-hurghada-taxi-transferuri\/\" \/>\n<meta property=\"og:site_name\" content=\"Hurghada Excursions &amp; Day Trips | Booking Best Prices Tours\" \/>\n<meta property=\"article:publisher\" content=\"https:\/\/www.facebook.com\/Hurghadaloversegypt\" \/>\n<meta property=\"article:modified_time\" content=\"2026-02-09T18:02:33+00:00\" \/>\n<meta property=\"og:image\" content=\"https:\/\/hurghadalovers.com\/wp-content\/uploads\/2023\/08\/Private-Hurghada-Taxi-Transfers.jpeg\" \/>\n\t<meta property=\"og:image:width\" content=\"1600\" \/>\n\t<meta property=\"og:image:height\" content=\"1204\" \/>\n\t<meta property=\"og:image:type\" content=\"image\/jpeg\" \/>\n<meta name=\"twitter:card\" content=\"summary_large_image\" \/>\n<meta name=\"twitter:label1\" content=\"Pre\u021b\" \/>\n\t<meta name=\"twitter:data1\" content=\"&euro;&nbsp;20\" \/>\n\t<meta name=\"twitter:label2\" content=\"Disponibilitate\" \/>\n\t<meta name=\"twitter:data2\" content=\"\u00cen stoc\" \/>\n<script type=\"application\/ld+json\" class=\"yoast-schema-graph\">{\"@context\":\"https:\/\/schema.org\",\"@graph\":[{\"@type\":[\"WebPage\",\"ItemPage\"],\"@id\":\"https:\/\/hurghadalovers.com\/ro\/tours\/private-hurghada-taxi-transferuri\/\",\"url\":\"https:\/\/hurghadalovers.com\/ro\/tours\/private-hurghada-taxi-transferuri\/\",\"name\":\"Transferuri private cu taxiul din Hurghada c\u0103tre Luxor, Cairo\",\"isPartOf\":{\"@id\":\"https:\/\/hurghadalovers.com\/ro\/#website\"},\"primaryImageOfPage\":{\"@id\":\"https:\/\/hurghadalovers.com\/ro\/tours\/private-hurghada-taxi-transferuri\/#primaryimage\"},\"image\":{\"@id\":\"https:\/\/hurghadalovers.com\/ro\/tours\/private-hurghada-taxi-transferuri\/#primaryimage\"},\"thumbnailUrl\":\"https:\/\/hurghadalovers.com\/wp-content\/uploads\/2023\/08\/Private-Hurghada-Taxi-Transfers.jpeg\",\"datePublished\":\"2023-08-19T11:35:23+00:00\",\"dateModified\":\"2026-02-09T18:02:33+00:00\",\"description\":\"Private Hurghada Taxi Transfers to Luxor, Cairo | Rezervare Pre\u021buri ieftine Serviciu turistic Transfer cu Minivan de lux \u0219i Vip Car la Marsa alam, Soma bay...\",\"breadcrumb\":{\"@id\":\"https:\/\/hurghadalovers.com\/ro\/tours\/private-hurghada-taxi-transferuri\/#breadcrumb\"},\"inLanguage\":\"ro-RO\",\"potentialAction\":[{\"@type\":\"ReadAction\",\"target\":[\"https:\/\/hurghadalovers.com\/ro\/tours\/private-hurghada-taxi-transferuri\/\"]}]},{\"@type\":\"ImageObject\",\"inLanguage\":\"ro-RO\",\"@id\":\"https:\/\/hurghadalovers.com\/ro\/tours\/private-hurghada-taxi-transferuri\/#primaryimage\",\"url\":\"https:\/\/hurghadalovers.com\/wp-content\/uploads\/2023\/08\/Private-Hurghada-Taxi-Transfers.jpeg\",\"contentUrl\":\"https:\/\/hurghadalovers.com\/wp-content\/uploads\/2023\/08\/Private-Hurghada-Taxi-Transfers.jpeg\",\"width\":1600,\"height\":1204,\"caption\":\"Private Hurghada Taxi Transfers\"},{\"@type\":\"BreadcrumbList\",\"@id\":\"https:\/\/hurghadalovers.com\/ro\/tours\/private-hurghada-taxi-transferuri\/#breadcrumb\",\"itemListElement\":[{\"@type\":\"ListItem\",\"position\":1,\"name\":\"Home\",\"item\":\"https:\/\/hurghadalovers.com\/ro\/\"},{\"@type\":\"ListItem\",\"position\":2,\"name\":\"Shop\",\"item\":\"https:\/\/hurghadalovers.com\/shop\/\"},{\"@type\":\"ListItem\",\"position\":3,\"name\":\"Transferuri private cu taxi \u00een Hurghada\"}]},{\"@type\":\"WebSite\",\"@id\":\"https:\/\/hurghadalovers.com\/ro\/#website\",\"url\":\"https:\/\/hurghadalovers.com\/ro\/\",\"name\":\"Hurghada Excursions & Day Trips | Booking Best Prices Tours\",\"description\":\"Hurghada Lovers - Best Tour Operator - Excursions &amp; Things to do for Family Day Trips with kids and Couples Romantic. Unique .Hidden gems\",\"publisher\":{\"@id\":\"https:\/\/hurghadalovers.com\/ro\/#organization\"},\"alternateName\":\"Hurghada Excursions\",\"potentialAction\":[{\"@type\":\"SearchAction\",\"target\":{\"@type\":\"EntryPoint\",\"urlTemplate\":\"https:\/\/hurghadalovers.com\/ro\/?s={search_term_string}\"},\"query-input\":{\"@type\":\"PropertyValueSpecification\",\"valueRequired\":true,\"valueName\":\"search_term_string\"}}],\"inLanguage\":\"ro-RO\"},{\"@type\":[\"Organization\",\"Place\",\"TravelAgency\"],\"@id\":\"https:\/\/hurghadalovers.com\/ro\/#organization\",\"name\":\"Hurghada Excursions\",\"url\":\"https:\/\/hurghadalovers.com\/ro\/\",\"logo\":{\"@id\":\"https:\/\/hurghadalovers.com\/ro\/tours\/private-hurghada-taxi-transferuri\/#local-main-organization-logo\"},\"image\":{\"@id\":\"https:\/\/hurghadalovers.com\/ro\/tours\/private-hurghada-taxi-transferuri\/#local-main-organization-logo\"},\"sameAs\":[\"https:\/\/www.facebook.com\/Hurghadaloversegypt\"],\"address\":{\"@id\":\"https:\/\/hurghadalovers.com\/ro\/tours\/private-hurghada-taxi-transferuri\/#local-main-place-address\"},\"telephone\":[\"00201112596434\"],\"contactPoint\":{\"@type\":\"ContactPoint\",\"telephone\":\"00201112596434\",\"email\":\"weyouface@gmail.com\"},\"openingHoursSpecification\":{\"@type\":\"OpeningHoursSpecification\",\"dayOfWeek\":[\"Monday\",\"Tuesday\",\"Wednesday\",\"Thursday\",\"Friday\",\"Saturday\",\"Sunday\"],\"opens\":\"00:00\",\"closes\":\"23:59\"},\"email\":\"weyouface@gmail.com\",\"areaServed\":\"Luxor, Hurghada, El Gouna, Aswan, Sharm El Sheikh, Giza, Alexandria, Marsa Alam, Quseir, Soma Bay, Sahl Hasheesh, Red Sea, Makadi Bay, Cairo\",\"priceRange\":\"$\",\"currenciesAccepted\":\"euro\",\"paymentAccepted\":\"cash on site\"},{\"@type\":\"PostalAddress\",\"@id\":\"https:\/\/hurghadalovers.com\/ro\/tours\/private-hurghada-taxi-transferuri\/#local-main-place-address\",\"streetAddress\":\"17 Banks street, Alkawther area, top nbk bank\",\"addressLocality\":\"hurghada\",\"postalCode\":\"84511\",\"addressRegion\":\"red sea\",\"addressCountry\":\"EG\"},{\"@type\":\"ImageObject\",\"inLanguage\":\"ro-RO\",\"@id\":\"https:\/\/hurghadalovers.com\/ro\/tours\/private-hurghada-taxi-transferuri\/#local-main-organization-logo\",\"url\":\"https:\/\/hurghadalovers.com\/wp-content\/uploads\/2019\/10\/hurghada-excursions-logo.png\",\"contentUrl\":\"https:\/\/hurghadalovers.com\/wp-content\/uploads\/2019\/10\/hurghada-excursions-logo.png\",\"width\":272,\"height\":90,\"caption\":\"Hurghada Excursions\"}]}<\/script>\n<meta property=\"product:brand\" content=\"De la Hurghada la Luxor\" \/>\n<meta property=\"product:price:amount\" content=\"20\" \/>\n<meta property=\"product:price:currency\" content=\"EUR\" \/>\n<meta property=\"og:availability\" content=\"instock\" \/>\n<meta property=\"product:availability\" content=\"instock\" \/>\n<meta property=\"product:retailer_item_id\" content=\"Transfers012024\" \/>\n<meta property=\"product:condition\" content=\"new\" \/>\n<meta name=\"geo.placename\" content=\"hurghada\" \/>\n<meta name=\"geo.region\" content=\"Egipt\" \/>\n<!-- \/ Yoast SEO Premium plugin. -->","yoast_head_json":{"title":"Transferuri private cu taxiul din Hurghada c\u0103tre Luxor, Cairo","description":"Private Hurghada Taxi Transfers to Luxor, Cairo | Rezervare Pre\u021buri ieftine Serviciu turistic Transfer cu Minivan de lux \u0219i Vip Car la Marsa alam, Soma bay...","robots":{"index":"index","follow":"follow","max-snippet":"max-snippet:-1","max-image-preview":"max-image-preview:large","max-video-preview":"max-video-preview:-1"},"canonical":"https:\/\/hurghadalovers.com\/ro\/tours\/private-hurghada-taxi-transferuri\/","og_locale":"ro_RO","og_type":"article","og_title":"Transferuri private cu taxi \u00een Hurghada","og_description":"Private Hurghada Taxi Transfers to Luxor, Cairo | Rezervare Pre\u021buri ieftine Serviciu turistic Transfer cu Minivan de lux \u0219i Vip Car la Marsa alam, Soma bay...","og_url":"https:\/\/hurghadalovers.com\/ro\/tours\/private-hurghada-taxi-transferuri\/","og_site_name":"Hurghada Excursions &amp; Day Trips | Booking Best Prices Tours","article_publisher":"https:\/\/www.facebook.com\/Hurghadaloversegypt","article_modified_time":"2026-02-09T18:02:33+00:00","og_image":[{"width":1600,"height":1204,"url":"https:\/\/hurghadalovers.com\/wp-content\/uploads\/2023\/08\/Private-Hurghada-Taxi-Transfers.jpeg","type":"image\/jpeg"}],"twitter_card":"summary_large_image","twitter_misc":{"Pre\u021b":"&euro;&nbsp;20","Disponibilitate":"\u00cen stoc"},"schema":{"@context":"https:\/\/schema.org","@graph":[{"@type":["WebPage","ItemPage"],"@id":"https:\/\/hurghadalovers.com\/ro\/tours\/private-hurghada-taxi-transferuri\/","url":"https:\/\/hurghadalovers.com\/ro\/tours\/private-hurghada-taxi-transferuri\/","name":"Transferuri private cu taxiul din Hurghada c\u0103tre Luxor, Cairo","isPartOf":{"@id":"https:\/\/hurghadalovers.com\/ro\/#website"},"primaryImageOfPage":{"@id":"https:\/\/hurghadalovers.com\/ro\/tours\/private-hurghada-taxi-transferuri\/#primaryimage"},"image":{"@id":"https:\/\/hurghadalovers.com\/ro\/tours\/private-hurghada-taxi-transferuri\/#primaryimage"},"thumbnailUrl":"https:\/\/hurghadalovers.com\/wp-content\/uploads\/2023\/08\/Private-Hurghada-Taxi-Transfers.jpeg","datePublished":"2023-08-19T11:35:23+00:00","dateModified":"2026-02-09T18:02:33+00:00","description":"Private Hurghada Taxi Transfers to Luxor, Cairo | Rezervare Pre\u021buri ieftine Serviciu turistic Transfer cu Minivan de lux \u0219i Vip Car la Marsa alam, Soma bay...","breadcrumb":{"@id":"https:\/\/hurghadalovers.com\/ro\/tours\/private-hurghada-taxi-transferuri\/#breadcrumb"},"inLanguage":"ro-RO","potentialAction":[{"@type":"ReadAction","target":["https:\/\/hurghadalovers.com\/ro\/tours\/private-hurghada-taxi-transferuri\/"]}]},{"@type":"ImageObject","inLanguage":"ro-RO","@id":"https:\/\/hurghadalovers.com\/ro\/tours\/private-hurghada-taxi-transferuri\/#primaryimage","url":"https:\/\/hurghadalovers.com\/wp-content\/uploads\/2023\/08\/Private-Hurghada-Taxi-Transfers.jpeg","contentUrl":"https:\/\/hurghadalovers.com\/wp-content\/uploads\/2023\/08\/Private-Hurghada-Taxi-Transfers.jpeg","width":1600,"height":1204,"caption":"Private Hurghada Taxi Transfers"},{"@type":"BreadcrumbList","@id":"https:\/\/hurghadalovers.com\/ro\/tours\/private-hurghada-taxi-transferuri\/#breadcrumb","itemListElement":[{"@type":"ListItem","position":1,"name":"Home","item":"https:\/\/hurghadalovers.com\/ro\/"},{"@type":"ListItem","position":2,"name":"Shop","item":"https:\/\/hurghadalovers.com\/shop\/"},{"@type":"ListItem","position":3,"name":"Transferuri private cu taxi \u00een Hurghada"}]},{"@type":"WebSite","@id":"https:\/\/hurghadalovers.com\/ro\/#website","url":"https:\/\/hurghadalovers.com\/ro\/","name":"Hurghada Excursions & Day Trips | Booking Best Prices Tours","description":"Hurghada Lovers - Best Tour Operator - Excursions &amp; Things to do for Family Day Trips with kids and Couples Romantic. Unique .Hidden gems","publisher":{"@id":"https:\/\/hurghadalovers.com\/ro\/#organization"},"alternateName":"Hurghada Excursions","potentialAction":[{"@type":"SearchAction","target":{"@type":"EntryPoint","urlTemplate":"https:\/\/hurghadalovers.com\/ro\/?s={search_term_string}"},"query-input":{"@type":"PropertyValueSpecification","valueRequired":true,"valueName":"search_term_string"}}],"inLanguage":"ro-RO"},{"@type":["Organization","Place","TravelAgency"],"@id":"https:\/\/hurghadalovers.com\/ro\/#organization","name":"Hurghada Excursions","url":"https:\/\/hurghadalovers.com\/ro\/","logo":{"@id":"https:\/\/hurghadalovers.com\/ro\/tours\/private-hurghada-taxi-transferuri\/#local-main-organization-logo"},"image":{"@id":"https:\/\/hurghadalovers.com\/ro\/tours\/private-hurghada-taxi-transferuri\/#local-main-organization-logo"},"sameAs":["https:\/\/www.facebook.com\/Hurghadaloversegypt"],"address":{"@id":"https:\/\/hurghadalovers.com\/ro\/tours\/private-hurghada-taxi-transferuri\/#local-main-place-address"},"telephone":["00201112596434"],"contactPoint":{"@type":"ContactPoint","telephone":"00201112596434","email":"weyouface@gmail.com"},"openingHoursSpecification":{"@type":"OpeningHoursSpecification","dayOfWeek":["Monday","Tuesday","Wednesday","Thursday","Friday","Saturday","Sunday"],"opens":"00:00","closes":"23:59"},"email":"weyouface@gmail.com","areaServed":"Luxor, Hurghada, El Gouna, Aswan, Sharm El Sheikh, Giza, Alexandria, Marsa Alam, Quseir, Soma Bay, Sahl Hasheesh, Red Sea, Makadi Bay, Cairo","priceRange":"$","currenciesAccepted":"euro","paymentAccepted":"cash on site"},{"@type":"PostalAddress","@id":"https:\/\/hurghadalovers.com\/ro\/tours\/private-hurghada-taxi-transferuri\/#local-main-place-address","streetAddress":"17 Banks street, Alkawther area, top nbk bank","addressLocality":"hurghada","postalCode":"84511","addressRegion":"red sea","addressCountry":"EG"},{"@type":"ImageObject","inLanguage":"ro-RO","@id":"https:\/\/hurghadalovers.com\/ro\/tours\/private-hurghada-taxi-transferuri\/#local-main-organization-logo","url":"https:\/\/hurghadalovers.com\/wp-content\/uploads\/2019\/10\/hurghada-excursions-logo.png","contentUrl":"https:\/\/hurghadalovers.com\/wp-content\/uploads\/2019\/10\/hurghada-excursions-logo.png","width":272,"height":90,"caption":"Hurghada Excursions"}]},"product_brand":"De la Hurghada la Luxor","product_price_amount":"20","product_price_currency":"EUR","og_availability":"instock","product_availability":"instock","product_retailer_item_id":"Transfers012024","product_condition":"new","geo.placename":"hurghada","geo.region":"Egipt"},"_links":{"self":[{"href":"https:\/\/hurghadalovers.com\/ro\/wp-json\/wp\/v2\/product\/381251","targetHints":{"allow":["GET"]}}],"collection":[{"href":"https:\/\/hurghadalovers.com\/ro\/wp-json\/wp\/v2\/product"}],"about":[{"href":"https:\/\/hurghadalovers.com\/ro\/wp-json\/wp\/v2\/types\/product"}],"wp:featuredmedia":[{"embeddable":true,"href":"https:\/\/hurghadalovers.com\/ro\/wp-json\/wp\/v2\/media\/931095"}],"wp:attachment":[{"href":"https:\/\/hurghadalovers.com\/ro\/wp-json\/wp\/v2\/media?parent=381251"}],"wp:term":[{"taxonomy":"product_brand","embeddable":true,"href":"https:\/\/hurghadalovers.com\/ro\/wp-json\/wp\/v2\/product_brand?post=381251"},{"taxonomy":"product_cat","embeddable":true,"href":"https:\/\/hurghadalovers.com\/ro\/wp-json\/wp\/v2\/product_cat?post=381251"},{"taxonomy":"product_tag","embeddable":true,"href":"https:\/\/hurghadalovers.com\/ro\/wp-json\/wp\/v2\/product_tag?post=381251"}],"curies":[{"name":"wp","href":"https:\/\/api.w.org\/{rel}","templated":true}]}}