{"id":380083,"date":"2023-08-14T09:57:56","date_gmt":"2023-08-14T09:57:56","guid":{"rendered":"https:\/\/hurghadalovers.com\/shop\/fara-categorie\/dimineata-quad-biking-tour-desert-safari-din-hurghada\/"},"modified":"2026-02-09T16:40:30","modified_gmt":"2026-02-09T16:40:30","slug":"dimineata-quad-biking-tour-cu-biking-de-hurghada","status":"publish","type":"product","link":"https:\/\/hurghadalovers.com\/ro\/tours\/dimineata-quad-biking-tour-cu-biking-de-hurghada\/","title":{"rendered":"Diminea\u021ba Quad Biking Tour Desert Safari din Hurghada"},"content":{"rendered":"<p><strong>Diminea\u021ba Quad Biking Tour<\/strong> Safari \u00een de\u0219ert din Hurghada la satul beduin cu plimbare cu c\u0103mila.<\/p>\n<p>O aventur\u0103 plin\u0103 de suspans, de emo\u021bie,  <strong>adrenalin\u0103<\/strong>, conduc\u00e2nd quad-uri pe o distan\u021b\u0103 de 25 km \u00een de\u0219ertul fermec\u0103tor din Hurghada p\u00e2n\u0103 la  <strong>Beduin<\/strong>  regiune \u00eentre platouri \u0219 i mun \u021b ii de la Marea Ro \u0219 ie, apoi  <strong>c\u0103l\u0103rind o c\u0103mil\u0103<\/strong>, b\u00e2nd ceai beduin, \u00eenv\u0103\u021b\u00e2nd despre via\u021ba beduinilor, apoi revenind la  <strong>safari<\/strong>  sta\u021bie.<\/p>\n<p style=\"text-align: center;\"><span style=\"color: #ff6600;\">Cele mai bune lucruri de f\u0103cut \u00een Hurghada pentru <span style=\"color: #993366;\"><br \/>\n  <strong>Romantic<\/strong><br \/>\n<\/span> \u0219i <span style=\"color: #993366;\"><br \/>\n  <strong>cupluri luna de miere<\/strong><br \/>\n<\/span><\/span><\/p>\n<p><strong>Puncte de interes:<\/strong><\/p>\n<ol>\n<li>Plimbare cu Quad Bike.<\/li>\n<li>Plimbare cu c\u0103mila.<\/li>\n<li>Sat beduin.<\/li>\n<\/ol>\n<p><strong>Diminea\u021ba Quad Biking Tour Detalii:<\/strong><\/p>\n<ul>\n<li>Disponibilitatea turului: \u00cen fiecare zi.<\/li>\n<li>Tip de tur: Grup.<\/li>\n<li>Ora de preluare: \u00cencep\u00e2nd de la 08:15 A.M.<\/li>\n<li>Ora de preluare: 11:45 A.M.<\/li>\n<li>Durata: 3 ore.<\/li>\n<\/ul>\n<p><strong>Rezerva\u021bi acum \u0219i pl\u0103ti\u021bi mai t\u00e2rziu:<\/strong><\/p>\n<ul>\n<li>Numerar la fa\u021ba locului pentru a ghida.<\/li>\n<li>Plata prin lire egiptene, $, \u20ac sau \u00a3.<\/li>\n<\/ul>\n<p><strong>Politica de anulare:<\/strong><\/p>\n<ul>\n<li>anula\u021bi cu p\u00e2n\u0103 la 24 de ore \u00een avans.<\/li>\n<li>Atunci c\u00e2nd cineva din familia ta anuleaz\u0103 diminea\u021ba, pl\u0103ti\u021bi 50% din cost.<\/li>\n<\/ul>\n<p><strong>Ce este inclus?<\/strong><\/p>\n<ul>\n<li>Transfer de la hotelurile din Hurghada &#8222;Hotel pick up \u0219i drop off&#8221;.<\/li>\n<li>Toate taxele, taxele de intrare \u0219i taxele de manipulare.<\/li>\n<li>Transferuri.<\/li>\n<li>Ghid turistic.<\/li>\n<li>Casc\u0103.<\/li>\n<\/ul>\n<p><strong>Excluderi?<\/strong><\/p>\n<ul>\n<li>E\u0219arf\u0103<\/li>\n<li>Ochelari de protec\u021bie<\/li>\n<li>Bac\u0219i\u0219uri.<\/li>\n<li>Fotografie pentru c\u0103l\u0103torie.<\/li>\n<li>Orice extras care nu este men\u021bionat.<\/li>\n<\/ul>\n<p><strong>Diminea\u021ba Quad Biking Tour Pre\u021buri:<\/strong><\/p>\n<ul>\n<li><strong>Pre\u021b pentru adul\u021bi = <\/strong><strong>18$<\/strong><strong> pe persoan\u0103<\/strong>.<\/li>\n<\/ul>\n<p><strong>Recenzii:<\/strong><\/p>\n<p>verifica\u021bi recenziile noastre Google Map ca cel mai bun <a href=\"https:\/\/g.page\/r\/CUeYvkngP3wkEBM\/review\">operator de<\/a> turism <a href=\"https:\/\/g.page\/r\/CUeYvkngP3wkEBM\/review\">\u00een<\/a> <a href=\"https:\/\/hurghadalovers.com\/\">Hurghada<\/a> online \u00een <a href=\"https:\/\/hurghadalovers.com\/\">Hurghada<\/a> Egipt.<\/p>\n<p>&nbsp;<\/p>\n<p><strong>Not\u0103:  <\/strong><\/p>\n<p>Facem, de asemenea, tur cu transfer de la hotelul dvs. \u00een El Goua, Soma Bay, Makadi Bay, Sahl Hasheesh, Safaga, cu un cost suplimentar= 10$ pe persoan\u0103.<\/p>\n<p>&nbsp;<\/p>\n<p><strong>Rezervare:<\/strong><\/p>\n<p>Trimite\u021bi hotelul + num\u0103rul camerei + pa\u0219apoartele cu fotografie la WhatsApp: <strong>+201112596434<\/strong><\/p>\n<p>If you out Egypt Booking now online and confirm when arrival Hotel.<\/p>\n","protected":false},"excerpt":{"rendered":"<p>Diminea\u021ba Quad Biking Tour Safari \u00een de\u0219ert din Hurghada la satul beduin cu plimbare cu c\u0103mila. Cele mai bune lucruri de f\u0103cut \u00een Hurghada pentru luna de miere romantic\u0103 \u0219i de cuplu<\/p>\n","protected":false},"featured_media":932448,"template":"","meta":{"_joinchat":[]},"product_brand":[],"product_cat":[29873],"product_tag":[60852,60855,60848,60844,60849,60851,60842,60850,60854,60856,60846,60853],"class_list":{"0":"post-380083","1":"product","2":"type-product","3":"status-publish","4":"has-post-thumbnail","6":"product_cat-tours-romanian","7":"product_tag-atv-hurghada-ro","8":"product_tag-calarire-cu-camila-hurghada","9":"product_tag-hurghada-buggy-safari-ro","10":"product_tag-jeep-safari-hurghada-ro","11":"product_tag-observarea-stelelor-hurghada","12":"product_tag-quad-biking-hurghada-ro","13":"product_tag-safari-in-desert-hurghada","14":"product_tag-safari-sahara-hurghada-ro","15":"product_tag-safari-tur-hurghada","16":"product_tag-sat-beduin-hurghada","17":"product_tag-super-safari-hurghada-ro","18":"product_tag-tur-cu-buggy-hurghada","19":"tour_category-hurghada-excursions-ro","20":"tour_category-safari-hurghada-trips-ro","22":"first","23":"instock","24":"sale","25":"shipping-taxable","26":"purchasable","27":"product-type-tour"},"yoast_head":"<!-- This site is optimized with the Yoast SEO Premium plugin v26.9 (Yoast SEO v27.2) - https:\/\/yoast.com\/product\/yoast-seo-premium-wordpress\/ -->\n<title>Diminea\u021ba Quad Biking Tour Desert Safari din Hurghada<\/title>\n<meta name=\"description\" content=\"Diminea\u021ba Quad Biking Tour Safari \u00een de\u0219ert din Hurghada la satul beduin cu plimbare cu c\u0103mila. Cele mai bune lucruri de f\u0103cut \u00een Hurghada pentru luna de miere romantic\u0103 \u0219i de cuplu\" \/>\n<meta name=\"robots\" content=\"index, follow, max-snippet:-1, max-image-preview:large, max-video-preview:-1\" \/>\n<link rel=\"canonical\" href=\"https:\/\/hurghadalovers.com\/ro\/tours\/dimineata-quad-biking-tour-cu-biking-de-hurghada\/\" \/>\n<meta property=\"og:locale\" content=\"ro_RO\" \/>\n<meta property=\"og:type\" content=\"article\" \/>\n<meta property=\"og:title\" content=\"Diminea\u021ba Quad Biking Tour Desert Safari din Hurghada\" \/>\n<meta property=\"og:description\" content=\"Diminea\u021ba Quad Biking Tour Safari \u00een de\u0219ert din Hurghada la satul beduin cu plimbare cu c\u0103mila. Cele mai bune lucruri de f\u0103cut \u00een Hurghada pentru luna de miere romantic\u0103 \u0219i de cuplu\" \/>\n<meta property=\"og:url\" content=\"https:\/\/hurghadalovers.com\/ro\/tours\/dimineata-quad-biking-tour-cu-biking-de-hurghada\/\" \/>\n<meta property=\"og:site_name\" content=\"Hurghada Excursions &amp; Day Trips | Booking Best Prices Tours\" \/>\n<meta property=\"article:publisher\" content=\"https:\/\/www.facebook.com\/Hurghadaloversegypt\" \/>\n<meta property=\"article:modified_time\" content=\"2026-02-09T16:40:30+00:00\" \/>\n<meta property=\"og:image\" content=\"https:\/\/hurghadalovers.com\/wp-content\/uploads\/2023\/08\/Hurghada-Quad-Biking-on-the-Beach-Trip.jpeg\" \/>\n\t<meta property=\"og:image:width\" content=\"1156\" \/>\n\t<meta property=\"og:image:height\" content=\"867\" \/>\n\t<meta property=\"og:image:type\" content=\"image\/jpeg\" \/>\n<meta name=\"twitter:card\" content=\"summary_large_image\" \/>\n<meta name=\"twitter:label1\" content=\"Pre\u021b\" \/>\n\t<meta name=\"twitter:data1\" content=\"&euro;&nbsp;40\" \/>\n\t<meta name=\"twitter:label2\" content=\"Disponibilitate\" \/>\n\t<meta name=\"twitter:data2\" content=\"\u00cen stoc\" \/>\n<script type=\"application\/ld+json\" class=\"yoast-schema-graph\">{\"@context\":\"https:\/\/schema.org\",\"@graph\":[{\"@type\":[\"WebPage\",\"ItemPage\"],\"@id\":\"https:\/\/hurghadalovers.com\/ro\/tours\/dimineata-quad-biking-tour-cu-biking-de-hurghada\/\",\"url\":\"https:\/\/hurghadalovers.com\/ro\/tours\/dimineata-quad-biking-tour-cu-biking-de-hurghada\/\",\"name\":\"Diminea\u021ba Quad Biking Tour Desert Safari din Hurghada\",\"isPartOf\":{\"@id\":\"https:\/\/hurghadalovers.com\/ro\/#website\"},\"primaryImageOfPage\":{\"@id\":\"https:\/\/hurghadalovers.com\/ro\/tours\/dimineata-quad-biking-tour-cu-biking-de-hurghada\/#primaryimage\"},\"image\":{\"@id\":\"https:\/\/hurghadalovers.com\/ro\/tours\/dimineata-quad-biking-tour-cu-biking-de-hurghada\/#primaryimage\"},\"thumbnailUrl\":\"https:\/\/hurghadalovers.com\/wp-content\/uploads\/2023\/08\/Hurghada-Quad-Biking-on-the-Beach-Trip.jpeg\",\"datePublished\":\"2023-08-14T09:57:56+00:00\",\"dateModified\":\"2026-02-09T16:40:30+00:00\",\"description\":\"Diminea\u021ba Quad Biking Tour Safari \u00een de\u0219ert din Hurghada la satul beduin cu plimbare cu c\u0103mila. Cele mai bune lucruri de f\u0103cut \u00een Hurghada pentru luna de miere romantic\u0103 \u0219i de cuplu\",\"breadcrumb\":{\"@id\":\"https:\/\/hurghadalovers.com\/ro\/tours\/dimineata-quad-biking-tour-cu-biking-de-hurghada\/#breadcrumb\"},\"inLanguage\":\"ro-RO\",\"potentialAction\":[{\"@type\":\"ReadAction\",\"target\":[\"https:\/\/hurghadalovers.com\/ro\/tours\/dimineata-quad-biking-tour-cu-biking-de-hurghada\/\"]}]},{\"@type\":\"ImageObject\",\"inLanguage\":\"ro-RO\",\"@id\":\"https:\/\/hurghadalovers.com\/ro\/tours\/dimineata-quad-biking-tour-cu-biking-de-hurghada\/#primaryimage\",\"url\":\"https:\/\/hurghadalovers.com\/wp-content\/uploads\/2023\/08\/Hurghada-Quad-Biking-on-the-Beach-Trip.jpeg\",\"contentUrl\":\"https:\/\/hurghadalovers.com\/wp-content\/uploads\/2023\/08\/Hurghada-Quad-Biking-on-the-Beach-Trip.jpeg\",\"width\":1156,\"height\":867,\"caption\":\"Hurghada Quad Biking on the Beach Trip\"},{\"@type\":\"BreadcrumbList\",\"@id\":\"https:\/\/hurghadalovers.com\/ro\/tours\/dimineata-quad-biking-tour-cu-biking-de-hurghada\/#breadcrumb\",\"itemListElement\":[{\"@type\":\"ListItem\",\"position\":1,\"name\":\"Home\",\"item\":\"https:\/\/hurghadalovers.com\/ro\/\"},{\"@type\":\"ListItem\",\"position\":2,\"name\":\"Shop\",\"item\":\"https:\/\/hurghadalovers.com\/shop\/\"},{\"@type\":\"ListItem\",\"position\":3,\"name\":\"Diminea\u021ba Quad Biking Tour Desert Safari din Hurghada\"}]},{\"@type\":\"WebSite\",\"@id\":\"https:\/\/hurghadalovers.com\/ro\/#website\",\"url\":\"https:\/\/hurghadalovers.com\/ro\/\",\"name\":\"Hurghada Excursions & Day Trips | Booking Best Prices Tours\",\"description\":\"Hurghada Lovers - Best Tour Operator - Excursions &amp; Things to do for Family Day Trips with kids and Couples Romantic. Unique .Hidden gems\",\"publisher\":{\"@id\":\"https:\/\/hurghadalovers.com\/ro\/#organization\"},\"alternateName\":\"Hurghada Excursions\",\"potentialAction\":[{\"@type\":\"SearchAction\",\"target\":{\"@type\":\"EntryPoint\",\"urlTemplate\":\"https:\/\/hurghadalovers.com\/ro\/?s={search_term_string}\"},\"query-input\":{\"@type\":\"PropertyValueSpecification\",\"valueRequired\":true,\"valueName\":\"search_term_string\"}}],\"inLanguage\":\"ro-RO\"},{\"@type\":[\"Organization\",\"Place\",\"TravelAgency\"],\"@id\":\"https:\/\/hurghadalovers.com\/ro\/#organization\",\"name\":\"Hurghada Excursions\",\"url\":\"https:\/\/hurghadalovers.com\/ro\/\",\"logo\":{\"@id\":\"https:\/\/hurghadalovers.com\/ro\/tours\/dimineata-quad-biking-tour-cu-biking-de-hurghada\/#local-main-organization-logo\"},\"image\":{\"@id\":\"https:\/\/hurghadalovers.com\/ro\/tours\/dimineata-quad-biking-tour-cu-biking-de-hurghada\/#local-main-organization-logo\"},\"sameAs\":[\"https:\/\/www.facebook.com\/Hurghadaloversegypt\"],\"address\":{\"@id\":\"https:\/\/hurghadalovers.com\/ro\/tours\/dimineata-quad-biking-tour-cu-biking-de-hurghada\/#local-main-place-address\"},\"telephone\":[\"00201112596434\"],\"contactPoint\":{\"@type\":\"ContactPoint\",\"telephone\":\"00201112596434\",\"email\":\"weyouface@gmail.com\"},\"openingHoursSpecification\":{\"@type\":\"OpeningHoursSpecification\",\"dayOfWeek\":[\"Monday\",\"Tuesday\",\"Wednesday\",\"Thursday\",\"Friday\",\"Saturday\",\"Sunday\"],\"opens\":\"00:00\",\"closes\":\"23:59\"},\"email\":\"weyouface@gmail.com\",\"areaServed\":\"Luxor, Hurghada, El Gouna, Aswan, Sharm El Sheikh, Giza, Alexandria, Marsa Alam, Quseir, Soma Bay, Sahl Hasheesh, Red Sea, Makadi Bay, Cairo\",\"priceRange\":\"$\",\"currenciesAccepted\":\"euro\",\"paymentAccepted\":\"cash on site\"},{\"@type\":\"PostalAddress\",\"@id\":\"https:\/\/hurghadalovers.com\/ro\/tours\/dimineata-quad-biking-tour-cu-biking-de-hurghada\/#local-main-place-address\",\"streetAddress\":\"17 Banks street, Alkawther area, top nbk bank\",\"addressLocality\":\"hurghada\",\"postalCode\":\"84511\",\"addressRegion\":\"red sea\",\"addressCountry\":\"EG\"},{\"@type\":\"ImageObject\",\"inLanguage\":\"ro-RO\",\"@id\":\"https:\/\/hurghadalovers.com\/ro\/tours\/dimineata-quad-biking-tour-cu-biking-de-hurghada\/#local-main-organization-logo\",\"url\":\"https:\/\/hurghadalovers.com\/wp-content\/uploads\/2019\/10\/hurghada-excursions-logo.png\",\"contentUrl\":\"https:\/\/hurghadalovers.com\/wp-content\/uploads\/2019\/10\/hurghada-excursions-logo.png\",\"width\":272,\"height\":90,\"caption\":\"Hurghada Excursions\"}]}<\/script>\n<meta property=\"product:brand\" content=\"Lucruri de f\u0103cut \u00een Hurghada\" \/>\n<meta property=\"product:price:amount\" content=\"40\" \/>\n<meta property=\"product:price:currency\" content=\"EUR\" \/>\n<meta property=\"og:availability\" content=\"instock\" \/>\n<meta property=\"product:availability\" content=\"instock\" \/>\n<meta property=\"product:retailer_item_id\" content=\"Safari012024\" \/>\n<meta property=\"product:condition\" content=\"new\" \/>\n<meta name=\"geo.placename\" content=\"hurghada\" \/>\n<meta name=\"geo.region\" content=\"Egipt\" \/>\n<!-- \/ Yoast SEO Premium plugin. -->","yoast_head_json":{"title":"Diminea\u021ba Quad Biking Tour Desert Safari din Hurghada","description":"Diminea\u021ba Quad Biking Tour Safari \u00een de\u0219ert din Hurghada la satul beduin cu plimbare cu c\u0103mila. Cele mai bune lucruri de f\u0103cut \u00een Hurghada pentru luna de miere romantic\u0103 \u0219i de cuplu","robots":{"index":"index","follow":"follow","max-snippet":"max-snippet:-1","max-image-preview":"max-image-preview:large","max-video-preview":"max-video-preview:-1"},"canonical":"https:\/\/hurghadalovers.com\/ro\/tours\/dimineata-quad-biking-tour-cu-biking-de-hurghada\/","og_locale":"ro_RO","og_type":"article","og_title":"Diminea\u021ba Quad Biking Tour Desert Safari din Hurghada","og_description":"Diminea\u021ba Quad Biking Tour Safari \u00een de\u0219ert din Hurghada la satul beduin cu plimbare cu c\u0103mila. Cele mai bune lucruri de f\u0103cut \u00een Hurghada pentru luna de miere romantic\u0103 \u0219i de cuplu","og_url":"https:\/\/hurghadalovers.com\/ro\/tours\/dimineata-quad-biking-tour-cu-biking-de-hurghada\/","og_site_name":"Hurghada Excursions &amp; Day Trips | Booking Best Prices Tours","article_publisher":"https:\/\/www.facebook.com\/Hurghadaloversegypt","article_modified_time":"2026-02-09T16:40:30+00:00","og_image":[{"width":1156,"height":867,"url":"https:\/\/hurghadalovers.com\/wp-content\/uploads\/2023\/08\/Hurghada-Quad-Biking-on-the-Beach-Trip.jpeg","type":"image\/jpeg"}],"twitter_card":"summary_large_image","twitter_misc":{"Pre\u021b":"&euro;&nbsp;40","Disponibilitate":"\u00cen stoc"},"schema":{"@context":"https:\/\/schema.org","@graph":[{"@type":["WebPage","ItemPage"],"@id":"https:\/\/hurghadalovers.com\/ro\/tours\/dimineata-quad-biking-tour-cu-biking-de-hurghada\/","url":"https:\/\/hurghadalovers.com\/ro\/tours\/dimineata-quad-biking-tour-cu-biking-de-hurghada\/","name":"Diminea\u021ba Quad Biking Tour Desert Safari din Hurghada","isPartOf":{"@id":"https:\/\/hurghadalovers.com\/ro\/#website"},"primaryImageOfPage":{"@id":"https:\/\/hurghadalovers.com\/ro\/tours\/dimineata-quad-biking-tour-cu-biking-de-hurghada\/#primaryimage"},"image":{"@id":"https:\/\/hurghadalovers.com\/ro\/tours\/dimineata-quad-biking-tour-cu-biking-de-hurghada\/#primaryimage"},"thumbnailUrl":"https:\/\/hurghadalovers.com\/wp-content\/uploads\/2023\/08\/Hurghada-Quad-Biking-on-the-Beach-Trip.jpeg","datePublished":"2023-08-14T09:57:56+00:00","dateModified":"2026-02-09T16:40:30+00:00","description":"Diminea\u021ba Quad Biking Tour Safari \u00een de\u0219ert din Hurghada la satul beduin cu plimbare cu c\u0103mila. Cele mai bune lucruri de f\u0103cut \u00een Hurghada pentru luna de miere romantic\u0103 \u0219i de cuplu","breadcrumb":{"@id":"https:\/\/hurghadalovers.com\/ro\/tours\/dimineata-quad-biking-tour-cu-biking-de-hurghada\/#breadcrumb"},"inLanguage":"ro-RO","potentialAction":[{"@type":"ReadAction","target":["https:\/\/hurghadalovers.com\/ro\/tours\/dimineata-quad-biking-tour-cu-biking-de-hurghada\/"]}]},{"@type":"ImageObject","inLanguage":"ro-RO","@id":"https:\/\/hurghadalovers.com\/ro\/tours\/dimineata-quad-biking-tour-cu-biking-de-hurghada\/#primaryimage","url":"https:\/\/hurghadalovers.com\/wp-content\/uploads\/2023\/08\/Hurghada-Quad-Biking-on-the-Beach-Trip.jpeg","contentUrl":"https:\/\/hurghadalovers.com\/wp-content\/uploads\/2023\/08\/Hurghada-Quad-Biking-on-the-Beach-Trip.jpeg","width":1156,"height":867,"caption":"Hurghada Quad Biking on the Beach Trip"},{"@type":"BreadcrumbList","@id":"https:\/\/hurghadalovers.com\/ro\/tours\/dimineata-quad-biking-tour-cu-biking-de-hurghada\/#breadcrumb","itemListElement":[{"@type":"ListItem","position":1,"name":"Home","item":"https:\/\/hurghadalovers.com\/ro\/"},{"@type":"ListItem","position":2,"name":"Shop","item":"https:\/\/hurghadalovers.com\/shop\/"},{"@type":"ListItem","position":3,"name":"Diminea\u021ba Quad Biking Tour Desert Safari din Hurghada"}]},{"@type":"WebSite","@id":"https:\/\/hurghadalovers.com\/ro\/#website","url":"https:\/\/hurghadalovers.com\/ro\/","name":"Hurghada Excursions & Day Trips | Booking Best Prices Tours","description":"Hurghada Lovers - Best Tour Operator - Excursions &amp; Things to do for Family Day Trips with kids and Couples Romantic. Unique .Hidden gems","publisher":{"@id":"https:\/\/hurghadalovers.com\/ro\/#organization"},"alternateName":"Hurghada Excursions","potentialAction":[{"@type":"SearchAction","target":{"@type":"EntryPoint","urlTemplate":"https:\/\/hurghadalovers.com\/ro\/?s={search_term_string}"},"query-input":{"@type":"PropertyValueSpecification","valueRequired":true,"valueName":"search_term_string"}}],"inLanguage":"ro-RO"},{"@type":["Organization","Place","TravelAgency"],"@id":"https:\/\/hurghadalovers.com\/ro\/#organization","name":"Hurghada Excursions","url":"https:\/\/hurghadalovers.com\/ro\/","logo":{"@id":"https:\/\/hurghadalovers.com\/ro\/tours\/dimineata-quad-biking-tour-cu-biking-de-hurghada\/#local-main-organization-logo"},"image":{"@id":"https:\/\/hurghadalovers.com\/ro\/tours\/dimineata-quad-biking-tour-cu-biking-de-hurghada\/#local-main-organization-logo"},"sameAs":["https:\/\/www.facebook.com\/Hurghadaloversegypt"],"address":{"@id":"https:\/\/hurghadalovers.com\/ro\/tours\/dimineata-quad-biking-tour-cu-biking-de-hurghada\/#local-main-place-address"},"telephone":["00201112596434"],"contactPoint":{"@type":"ContactPoint","telephone":"00201112596434","email":"weyouface@gmail.com"},"openingHoursSpecification":{"@type":"OpeningHoursSpecification","dayOfWeek":["Monday","Tuesday","Wednesday","Thursday","Friday","Saturday","Sunday"],"opens":"00:00","closes":"23:59"},"email":"weyouface@gmail.com","areaServed":"Luxor, Hurghada, El Gouna, Aswan, Sharm El Sheikh, Giza, Alexandria, Marsa Alam, Quseir, Soma Bay, Sahl Hasheesh, Red Sea, Makadi Bay, Cairo","priceRange":"$","currenciesAccepted":"euro","paymentAccepted":"cash on site"},{"@type":"PostalAddress","@id":"https:\/\/hurghadalovers.com\/ro\/tours\/dimineata-quad-biking-tour-cu-biking-de-hurghada\/#local-main-place-address","streetAddress":"17 Banks street, Alkawther area, top nbk bank","addressLocality":"hurghada","postalCode":"84511","addressRegion":"red sea","addressCountry":"EG"},{"@type":"ImageObject","inLanguage":"ro-RO","@id":"https:\/\/hurghadalovers.com\/ro\/tours\/dimineata-quad-biking-tour-cu-biking-de-hurghada\/#local-main-organization-logo","url":"https:\/\/hurghadalovers.com\/wp-content\/uploads\/2019\/10\/hurghada-excursions-logo.png","contentUrl":"https:\/\/hurghadalovers.com\/wp-content\/uploads\/2019\/10\/hurghada-excursions-logo.png","width":272,"height":90,"caption":"Hurghada Excursions"}]},"product_brand":"Lucruri de f\u0103cut \u00een Hurghada","product_price_amount":"40","product_price_currency":"EUR","og_availability":"instock","product_availability":"instock","product_retailer_item_id":"Safari012024","product_condition":"new","geo.placename":"hurghada","geo.region":"Egipt"},"_links":{"self":[{"href":"https:\/\/hurghadalovers.com\/ro\/wp-json\/wp\/v2\/product\/380083","targetHints":{"allow":["GET"]}}],"collection":[{"href":"https:\/\/hurghadalovers.com\/ro\/wp-json\/wp\/v2\/product"}],"about":[{"href":"https:\/\/hurghadalovers.com\/ro\/wp-json\/wp\/v2\/types\/product"}],"wp:featuredmedia":[{"embeddable":true,"href":"https:\/\/hurghadalovers.com\/ro\/wp-json\/wp\/v2\/media\/932448"}],"wp:attachment":[{"href":"https:\/\/hurghadalovers.com\/ro\/wp-json\/wp\/v2\/media?parent=380083"}],"wp:term":[{"taxonomy":"product_brand","embeddable":true,"href":"https:\/\/hurghadalovers.com\/ro\/wp-json\/wp\/v2\/product_brand?post=380083"},{"taxonomy":"product_cat","embeddable":true,"href":"https:\/\/hurghadalovers.com\/ro\/wp-json\/wp\/v2\/product_cat?post=380083"},{"taxonomy":"product_tag","embeddable":true,"href":"https:\/\/hurghadalovers.com\/ro\/wp-json\/wp\/v2\/product_tag?post=380083"}],"curies":[{"name":"wp","href":"https:\/\/api.w.org\/{rel}","templated":true}]}}