{"id":380014,"date":"2023-08-13T12:00:05","date_gmt":"2023-08-13T12:00:05","guid":{"rendered":"https:\/\/hurghadalovers.com\/shop\/fara-categorie\/tururi-private-hurghada-la-luxor-si-abu-simbel-aswan-3-zile\/"},"modified":"2026-02-08T18:51:20","modified_gmt":"2026-02-08T18:51:20","slug":"private-hurghada-tours-to-luxor-abu-simbel-aswan-3-days","status":"publish","type":"product","link":"https:\/\/hurghadalovers.com\/ro\/tours\/private-hurghada-tours-to-luxor-abu-simbel-aswan-3-days\/","title":{"rendered":"Tururi private Hurghada la Luxor \u0219i Abu Simbel, Aswan &#8211; 3 zile"},"content":{"rendered":"<p><strong>Excursii private Hurghada Tours la Luxor<\/strong> &amp; &amp; &amp; Aswan &#8211; 3 zile cu ghid privat, bilete \u0219i pr\u00e2nz.<\/p>\n<p>O excursie special\u0103 de 3 zile pentru to\u021bi iubitorii civiliza\u021biei antice a Egiptului pentru a descoperi noi fapte \u0219i secrete despre regii faraonilor \u0219i pentru a vizita cele mai importante temple \u0219i morminte regale din Luxor \u0219i Aswan \u0219i nu numai.<\/p>\n<p>&nbsp;<\/p>\n<p><strong>Puncte de interes:<\/strong><\/p>\n<ul>\n<li>Templul Karnak.<\/li>\n<li>Colosul lui Memnon.<\/li>\n<li>Templul mortuar al lui Hatshepsut.<\/li>\n<li>3 Morminte \u00een Valea Regilor .<\/li>\n<li>Complexul templului Philae.<\/li>\n<li>Obeliscul neterminat.<\/li>\n<li>Templul Edfu.<\/li>\n<li>Templul Kom Ombo.<\/li>\n<li>Barajul \u00eenalt.<\/li>\n<li>Templele Abu Simbel.<\/li>\n<li>Pr\u00e2nz la restaurantul &#8222;M\u00e2ncarea pentru vegetarieni este disponibil\u0103&#8221;.<\/li>\n<\/ul>\n<p><strong>Tururi private Hurghada Tours la Luxor \u0219i Aswan Detalii:<\/strong><\/p>\n<ul>\n<li>Disponibilitatea turului: \u00cen fiecare zi.<\/li>\n<li>Tip de tur: Privat cu ma\u0219ina sau cu minivan.<\/li>\n<li>Ora de preluare: \u00cencep\u00e2nd cu ora 05:00 A.M.<\/li>\n<li>Cerere Hotel ob\u021bine\u021bi geanta de mic dejun cu tine Diminea\u021ba.<\/li>\n<li>Ora de preluare: 19:00.<\/li>\n<li>Accesibil pentru scaune cu rotile.<\/li>\n<li>Durata: 3 zile \/ 2 nop\u021bi.<\/li>\n<\/ul>\n<p><strong>Rezerva\u021bi acum \u0219i pl\u0103ti\u021bi mai t\u00e2rziu:<\/strong><\/p>\n<ul>\n<li>Numerar la fa\u021ba locului pentru a ghida.<\/li>\n<li>Plata prin lire egiptene, $, \u20ac sau \u00a3.<\/li>\n<\/ul>\n<p><strong>Politica de anulare:<\/strong><\/p>\n<ul>\n<li>anula\u021bi cu p\u00e2n\u0103 la 24 de ore \u00een avans.<\/li>\n<li>Atunci c\u00e2nd cineva din familia ta anuleaz\u0103 diminea\u021ba, pl\u0103ti\u021bi 50% din cost.<\/li>\n<\/ul>\n<p><strong>Ce este inclus?<\/strong><\/p>\n<ul>\n<li>Transfer de la hotelurile din Hurghada &#8222;Hotel pick up \u0219i drop off&#8221;.<\/li>\n<li>Toate taxele, taxele de intrare \u0219i taxele de manipulare.<\/li>\n<li>Transferuri.<\/li>\n<li>Ghid turistic.<\/li>\n<li>2 nop\u021bi la hotel cu mic dejun.<\/li>\n<li>B\u0103uturi.<\/li>\n<li>3 Pr\u00e2nz la restaurant.<\/li>\n<\/ul>\n<p><strong>Excluderi?<\/strong><\/p>\n<ul>\n<li>Bac\u0219i\u0219uri.<\/li>\n<li>Excursie cu Felucca &#8222;Croazier\u0103 cu barca&#8221; Pentru 35 min= 10$.<\/li>\n<li>Orice extras care nu este men\u021bionat.<\/li>\n<\/ul>\n<p><strong>pute\u021bi ad\u0103uga \u00een prima zi sau v\u0103 pute\u021bi relaxa \u00een hotel<\/strong><strong>:<\/strong><\/p>\n<ul>\n<li>Felucca privat\u0103 de 30 de minute pe r\u00e2ul Nil.<\/li>\n<li>Muzeul Mumific\u0103rii.<\/li>\n<\/ul>\n<p><strong>pute\u021bi ad\u0103uga \u00een Ziua a doua<\/strong><strong>:<\/strong><\/p>\n<ul>\n<li>Regina Nefertiti \u00een Valea Reginelor.<\/li>\n<li>Cump\u0103r\u0103turi.<\/li>\n<li>SAU vizita\u021bi templul Dendera<\/li>\n<li>Plimbare cu baloane cu aer cald.<\/li>\n<\/ul>\n<p><strong>Hurghada Tours privat la Luxor \u0219i Aswan Pre\u021buri:<\/strong><\/p>\n<ul>\n<li><strong>Pre\u021b pentru adul\u021bi = <\/strong><strong>de la 500$<\/strong><strong> pe persoan\u0103<\/strong>.<\/li>\n<li>Pre\u021bul pentru copii &#8222;5-12\u2033= 50%.<\/li>\n<li>pentru copii &#8222;0-5&#8221; = gratuit.<\/li>\n<\/ul>\n<p><strong>Recenzii:<\/strong><\/p>\n<p>verifica\u021bi recenziile noastre Google Map ca cel mai bun <a href=\"https:\/\/g.page\/r\/CUeYvkngP3wkEBM\/review\">operator de<\/a> turism <a href=\"https:\/\/g.page\/r\/CUeYvkngP3wkEBM\/review\">\u00een<\/a> <a href=\"https:\/\/hurghadalovers.com\/\">Hurghada<\/a> online \u00een <a href=\"https:\/\/hurghadalovers.com\/\">Hurghada<\/a> Egipt.<\/p>\n<p>&nbsp;<\/p>\n<p><strong>Not\u0103:  <\/strong><\/p>\n<p>Facem, de asemenea, tur cu transfer de la hotelul dvs. \u00een El Goua, Soma Bay, Makadi Bay, Sahl Hasheesh, Safaga, cu un cost suplimentar= 10$ pe persoan\u0103.<\/p>\n<p>&nbsp;<\/p>\n<p><strong>Rezervare:<\/strong><\/p>\n<p>Trimite\u021bi hotelul + num\u0103rul camerei + pa\u0219apoartele cu fotografie la WhatsApp: <strong>+201112596434<\/strong><\/p>\n<p>If you out Egypt Booking now online and confirm when arrival Hotel.<\/p>\n","protected":false},"excerpt":{"rendered":"<p>Tururi private Hurghada la Luxor \u0219i Aswan &#8211; 3 zile cu ghid privat, bilete \u0219i pr\u00e2nz. descoperi\u021bi noi fapte \u0219i secrete despre regii faraonilor \u0219i nu numai&#8230;<\/p>\n","protected":false},"featured_media":127757,"template":"","meta":{"_joinchat":[]},"product_brand":[],"product_cat":[29873],"product_tag":[60057,59442,59477,59429,59466,59454,59460,59448,59472,59436],"class_list":{"0":"post-380014","1":"product","2":"type-product","3":"status-publish","4":"has-post-thumbnail","6":"product_cat-tours-romanian","7":"product_tag-excursie-de-o-zi-de-la-hurghada-la-luxor","8":"product_tag-excursii-de-o-zi-din-hurghada","9":"product_tag-hurghada-activitati-pentru-cupluri","10":"product_tag-hurghada-excursii","11":"product_tag-locuri-distractive-de-vizitat-cu-familia-din-hurghada","12":"product_tag-lucruri-de-facut-cu-copiii-din-hurghada","13":"product_tag-lucruri-de-facut-in-familie-in-hurghada","14":"product_tag-lucruri-de-facut-in-hurghada","15":"product_tag-lucruri-romantice-de-facut-din-hurghada","16":"product_tag-tururi-de-o-zi-in-hurghada","17":"tour_category-hurghada-to-luxor-trips-ro","18":"tour_category-hurghada-excursions-ro","20":"first","21":"instock","22":"sale","23":"shipping-taxable","24":"purchasable","25":"product-type-tour"},"yoast_head":"<!-- This site is optimized with the Yoast SEO Premium plugin v26.9 (Yoast SEO v27.2) - https:\/\/yoast.com\/product\/yoast-seo-premium-wordpress\/ -->\n<title>Tururi private Hurghada la Luxor \u0219i Abu Simbel, Aswan - 3 zile<\/title>\n<meta name=\"description\" content=\"Tururi private Hurghada la Luxor \u0219i Abu Simbel, Aswan - 3 zile cu ghid privat, bilete \u0219i pr\u00e2nz. descoperi\u021bi noi fapte \u0219i secrete despre regii...\" \/>\n<meta name=\"robots\" content=\"index, follow, max-snippet:-1, max-image-preview:large, max-video-preview:-1\" \/>\n<link rel=\"canonical\" href=\"https:\/\/hurghadalovers.com\/ro\/tours\/private-hurghada-tours-to-luxor-abu-simbel-aswan-3-days\/\" \/>\n<meta property=\"og:locale\" content=\"ro_RO\" \/>\n<meta property=\"og:type\" content=\"article\" \/>\n<meta property=\"og:title\" content=\"Tururi private Hurghada la Luxor \u0219i Abu Simbel, Aswan - 3 zile\" \/>\n<meta property=\"og:description\" content=\"Tururi private Hurghada la Luxor \u0219i Abu Simbel, Aswan - 3 zile cu ghid privat, bilete \u0219i pr\u00e2nz. descoperi\u021bi noi fapte \u0219i secrete despre regii...\" \/>\n<meta property=\"og:url\" content=\"https:\/\/hurghadalovers.com\/ro\/tours\/private-hurghada-tours-to-luxor-abu-simbel-aswan-3-days\/\" \/>\n<meta property=\"og:site_name\" content=\"Hurghada Excursions &amp; Day Trips | Booking Best Prices Tours\" \/>\n<meta property=\"article:publisher\" content=\"https:\/\/www.facebook.com\/Hurghadaloversegypt\" \/>\n<meta property=\"article:modified_time\" content=\"2026-02-08T18:51:20+00:00\" \/>\n<meta property=\"og:image\" content=\"https:\/\/hurghadalovers.com\/wp-content\/uploads\/2022\/07\/Nile-River-Cruise-3-Days-2-Nights-Aswan-Abu-Simbel.jpg\" \/>\n\t<meta property=\"og:image:width\" content=\"1900\" \/>\n\t<meta property=\"og:image:height\" content=\"1267\" \/>\n\t<meta property=\"og:image:type\" content=\"image\/jpeg\" \/>\n<meta name=\"twitter:card\" content=\"summary_large_image\" \/>\n<meta name=\"twitter:label1\" content=\"Pre\u021b\" \/>\n\t<meta name=\"twitter:data1\" content=\"&euro;&nbsp;550\" \/>\n\t<meta name=\"twitter:label2\" content=\"Disponibilitate\" \/>\n\t<meta name=\"twitter:data2\" content=\"\u00cen stoc\" \/>\n<script type=\"application\/ld+json\" class=\"yoast-schema-graph\">{\"@context\":\"https:\/\/schema.org\",\"@graph\":[{\"@type\":[\"WebPage\",\"ItemPage\"],\"@id\":\"https:\/\/hurghadalovers.com\/ro\/tours\/private-hurghada-tours-to-luxor-abu-simbel-aswan-3-days\/\",\"url\":\"https:\/\/hurghadalovers.com\/ro\/tours\/private-hurghada-tours-to-luxor-abu-simbel-aswan-3-days\/\",\"name\":\"Tururi private Hurghada la Luxor \u0219i Abu Simbel, Aswan - 3 zile\",\"isPartOf\":{\"@id\":\"https:\/\/hurghadalovers.com\/ro\/#website\"},\"primaryImageOfPage\":{\"@id\":\"https:\/\/hurghadalovers.com\/ro\/tours\/private-hurghada-tours-to-luxor-abu-simbel-aswan-3-days\/#primaryimage\"},\"image\":{\"@id\":\"https:\/\/hurghadalovers.com\/ro\/tours\/private-hurghada-tours-to-luxor-abu-simbel-aswan-3-days\/#primaryimage\"},\"thumbnailUrl\":\"https:\/\/hurghadalovers.com\/wp-content\/uploads\/2022\/07\/Nile-River-Cruise-3-Days-2-Nights-Aswan-Abu-Simbel.jpg\",\"datePublished\":\"2023-08-13T12:00:05+00:00\",\"dateModified\":\"2026-02-08T18:51:20+00:00\",\"description\":\"Tururi private Hurghada la Luxor \u0219i Abu Simbel, Aswan - 3 zile cu ghid privat, bilete \u0219i pr\u00e2nz. descoperi\u021bi noi fapte \u0219i secrete despre regii...\",\"breadcrumb\":{\"@id\":\"https:\/\/hurghadalovers.com\/ro\/tours\/private-hurghada-tours-to-luxor-abu-simbel-aswan-3-days\/#breadcrumb\"},\"inLanguage\":\"ro-RO\",\"potentialAction\":[{\"@type\":\"ReadAction\",\"target\":[\"https:\/\/hurghadalovers.com\/ro\/tours\/private-hurghada-tours-to-luxor-abu-simbel-aswan-3-days\/\"]}]},{\"@type\":\"ImageObject\",\"inLanguage\":\"ro-RO\",\"@id\":\"https:\/\/hurghadalovers.com\/ro\/tours\/private-hurghada-tours-to-luxor-abu-simbel-aswan-3-days\/#primaryimage\",\"url\":\"https:\/\/hurghadalovers.com\/wp-content\/uploads\/2022\/07\/Nile-River-Cruise-3-Days-2-Nights-Aswan-Abu-Simbel.jpg\",\"contentUrl\":\"https:\/\/hurghadalovers.com\/wp-content\/uploads\/2022\/07\/Nile-River-Cruise-3-Days-2-Nights-Aswan-Abu-Simbel.jpg\",\"width\":1900,\"height\":1267,\"caption\":\"Nile River Cruise 3 Days 2 Nights Aswan Abu Simbel\"},{\"@type\":\"BreadcrumbList\",\"@id\":\"https:\/\/hurghadalovers.com\/ro\/tours\/private-hurghada-tours-to-luxor-abu-simbel-aswan-3-days\/#breadcrumb\",\"itemListElement\":[{\"@type\":\"ListItem\",\"position\":1,\"name\":\"Home\",\"item\":\"https:\/\/hurghadalovers.com\/ro\/\"},{\"@type\":\"ListItem\",\"position\":2,\"name\":\"Shop\",\"item\":\"https:\/\/hurghadalovers.com\/shop\/\"},{\"@type\":\"ListItem\",\"position\":3,\"name\":\"Tururi private Hurghada la Luxor \u0219i Abu Simbel, Aswan &#8211; 3 zile\"}]},{\"@type\":\"WebSite\",\"@id\":\"https:\/\/hurghadalovers.com\/ro\/#website\",\"url\":\"https:\/\/hurghadalovers.com\/ro\/\",\"name\":\"Hurghada Excursions & Day Trips | Booking Best Prices Tours\",\"description\":\"Hurghada Lovers - Best Tour Operator - Excursions &amp; Things to do for Family Day Trips with kids and Couples Romantic. Unique .Hidden gems\",\"publisher\":{\"@id\":\"https:\/\/hurghadalovers.com\/ro\/#organization\"},\"alternateName\":\"Hurghada Excursions\",\"potentialAction\":[{\"@type\":\"SearchAction\",\"target\":{\"@type\":\"EntryPoint\",\"urlTemplate\":\"https:\/\/hurghadalovers.com\/ro\/?s={search_term_string}\"},\"query-input\":{\"@type\":\"PropertyValueSpecification\",\"valueRequired\":true,\"valueName\":\"search_term_string\"}}],\"inLanguage\":\"ro-RO\"},{\"@type\":[\"Organization\",\"Place\",\"TravelAgency\"],\"@id\":\"https:\/\/hurghadalovers.com\/ro\/#organization\",\"name\":\"Hurghada Excursions\",\"url\":\"https:\/\/hurghadalovers.com\/ro\/\",\"logo\":{\"@id\":\"https:\/\/hurghadalovers.com\/ro\/tours\/private-hurghada-tours-to-luxor-abu-simbel-aswan-3-days\/#local-main-organization-logo\"},\"image\":{\"@id\":\"https:\/\/hurghadalovers.com\/ro\/tours\/private-hurghada-tours-to-luxor-abu-simbel-aswan-3-days\/#local-main-organization-logo\"},\"sameAs\":[\"https:\/\/www.facebook.com\/Hurghadaloversegypt\"],\"address\":{\"@id\":\"https:\/\/hurghadalovers.com\/ro\/tours\/private-hurghada-tours-to-luxor-abu-simbel-aswan-3-days\/#local-main-place-address\"},\"telephone\":[\"00201112596434\"],\"contactPoint\":{\"@type\":\"ContactPoint\",\"telephone\":\"00201112596434\",\"email\":\"weyouface@gmail.com\"},\"openingHoursSpecification\":{\"@type\":\"OpeningHoursSpecification\",\"dayOfWeek\":[\"Monday\",\"Tuesday\",\"Wednesday\",\"Thursday\",\"Friday\",\"Saturday\",\"Sunday\"],\"opens\":\"00:00\",\"closes\":\"23:59\"},\"email\":\"weyouface@gmail.com\",\"areaServed\":\"Luxor, Hurghada, El Gouna, Aswan, Sharm El Sheikh, Giza, Alexandria, Marsa Alam, Quseir, Soma Bay, Sahl Hasheesh, Red Sea, Makadi Bay, Cairo\",\"priceRange\":\"$\",\"currenciesAccepted\":\"euro\",\"paymentAccepted\":\"cash on site\"},{\"@type\":\"PostalAddress\",\"@id\":\"https:\/\/hurghadalovers.com\/ro\/tours\/private-hurghada-tours-to-luxor-abu-simbel-aswan-3-days\/#local-main-place-address\",\"streetAddress\":\"17 Banks street, Alkawther area, top nbk bank\",\"addressLocality\":\"hurghada\",\"postalCode\":\"84511\",\"addressRegion\":\"red sea\",\"addressCountry\":\"EG\"},{\"@type\":\"ImageObject\",\"inLanguage\":\"ro-RO\",\"@id\":\"https:\/\/hurghadalovers.com\/ro\/tours\/private-hurghada-tours-to-luxor-abu-simbel-aswan-3-days\/#local-main-organization-logo\",\"url\":\"https:\/\/hurghadalovers.com\/wp-content\/uploads\/2019\/10\/hurghada-excursions-logo.png\",\"contentUrl\":\"https:\/\/hurghadalovers.com\/wp-content\/uploads\/2019\/10\/hurghada-excursions-logo.png\",\"width\":272,\"height\":90,\"caption\":\"Hurghada Excursions\"}]}<\/script>\n<meta property=\"product:brand\" content=\"De la Hurghada la Luxor\" \/>\n<meta property=\"product:price:amount\" content=\"550\" \/>\n<meta property=\"product:price:currency\" content=\"EUR\" \/>\n<meta property=\"og:availability\" content=\"instock\" \/>\n<meta property=\"product:availability\" content=\"instock\" \/>\n<meta property=\"product:retailer_item_id\" content=\"Private102024\" \/>\n<meta property=\"product:condition\" content=\"new\" \/>\n<meta name=\"geo.placename\" content=\"hurghada\" \/>\n<meta name=\"geo.region\" content=\"Egipt\" \/>\n<!-- \/ Yoast SEO Premium plugin. -->","yoast_head_json":{"title":"Tururi private Hurghada la Luxor \u0219i Abu Simbel, Aswan - 3 zile","description":"Tururi private Hurghada la Luxor \u0219i Abu Simbel, Aswan - 3 zile cu ghid privat, bilete \u0219i pr\u00e2nz. descoperi\u021bi noi fapte \u0219i secrete despre regii...","robots":{"index":"index","follow":"follow","max-snippet":"max-snippet:-1","max-image-preview":"max-image-preview:large","max-video-preview":"max-video-preview:-1"},"canonical":"https:\/\/hurghadalovers.com\/ro\/tours\/private-hurghada-tours-to-luxor-abu-simbel-aswan-3-days\/","og_locale":"ro_RO","og_type":"article","og_title":"Tururi private Hurghada la Luxor \u0219i Abu Simbel, Aswan - 3 zile","og_description":"Tururi private Hurghada la Luxor \u0219i Abu Simbel, Aswan - 3 zile cu ghid privat, bilete \u0219i pr\u00e2nz. descoperi\u021bi noi fapte \u0219i secrete despre regii...","og_url":"https:\/\/hurghadalovers.com\/ro\/tours\/private-hurghada-tours-to-luxor-abu-simbel-aswan-3-days\/","og_site_name":"Hurghada Excursions &amp; Day Trips | Booking Best Prices Tours","article_publisher":"https:\/\/www.facebook.com\/Hurghadaloversegypt","article_modified_time":"2026-02-08T18:51:20+00:00","og_image":[{"width":1900,"height":1267,"url":"https:\/\/hurghadalovers.com\/wp-content\/uploads\/2022\/07\/Nile-River-Cruise-3-Days-2-Nights-Aswan-Abu-Simbel.jpg","type":"image\/jpeg"}],"twitter_card":"summary_large_image","twitter_misc":{"Pre\u021b":"&euro;&nbsp;550","Disponibilitate":"\u00cen stoc"},"schema":{"@context":"https:\/\/schema.org","@graph":[{"@type":["WebPage","ItemPage"],"@id":"https:\/\/hurghadalovers.com\/ro\/tours\/private-hurghada-tours-to-luxor-abu-simbel-aswan-3-days\/","url":"https:\/\/hurghadalovers.com\/ro\/tours\/private-hurghada-tours-to-luxor-abu-simbel-aswan-3-days\/","name":"Tururi private Hurghada la Luxor \u0219i Abu Simbel, Aswan - 3 zile","isPartOf":{"@id":"https:\/\/hurghadalovers.com\/ro\/#website"},"primaryImageOfPage":{"@id":"https:\/\/hurghadalovers.com\/ro\/tours\/private-hurghada-tours-to-luxor-abu-simbel-aswan-3-days\/#primaryimage"},"image":{"@id":"https:\/\/hurghadalovers.com\/ro\/tours\/private-hurghada-tours-to-luxor-abu-simbel-aswan-3-days\/#primaryimage"},"thumbnailUrl":"https:\/\/hurghadalovers.com\/wp-content\/uploads\/2022\/07\/Nile-River-Cruise-3-Days-2-Nights-Aswan-Abu-Simbel.jpg","datePublished":"2023-08-13T12:00:05+00:00","dateModified":"2026-02-08T18:51:20+00:00","description":"Tururi private Hurghada la Luxor \u0219i Abu Simbel, Aswan - 3 zile cu ghid privat, bilete \u0219i pr\u00e2nz. descoperi\u021bi noi fapte \u0219i secrete despre regii...","breadcrumb":{"@id":"https:\/\/hurghadalovers.com\/ro\/tours\/private-hurghada-tours-to-luxor-abu-simbel-aswan-3-days\/#breadcrumb"},"inLanguage":"ro-RO","potentialAction":[{"@type":"ReadAction","target":["https:\/\/hurghadalovers.com\/ro\/tours\/private-hurghada-tours-to-luxor-abu-simbel-aswan-3-days\/"]}]},{"@type":"ImageObject","inLanguage":"ro-RO","@id":"https:\/\/hurghadalovers.com\/ro\/tours\/private-hurghada-tours-to-luxor-abu-simbel-aswan-3-days\/#primaryimage","url":"https:\/\/hurghadalovers.com\/wp-content\/uploads\/2022\/07\/Nile-River-Cruise-3-Days-2-Nights-Aswan-Abu-Simbel.jpg","contentUrl":"https:\/\/hurghadalovers.com\/wp-content\/uploads\/2022\/07\/Nile-River-Cruise-3-Days-2-Nights-Aswan-Abu-Simbel.jpg","width":1900,"height":1267,"caption":"Nile River Cruise 3 Days 2 Nights Aswan Abu Simbel"},{"@type":"BreadcrumbList","@id":"https:\/\/hurghadalovers.com\/ro\/tours\/private-hurghada-tours-to-luxor-abu-simbel-aswan-3-days\/#breadcrumb","itemListElement":[{"@type":"ListItem","position":1,"name":"Home","item":"https:\/\/hurghadalovers.com\/ro\/"},{"@type":"ListItem","position":2,"name":"Shop","item":"https:\/\/hurghadalovers.com\/shop\/"},{"@type":"ListItem","position":3,"name":"Tururi private Hurghada la Luxor \u0219i Abu Simbel, Aswan &#8211; 3 zile"}]},{"@type":"WebSite","@id":"https:\/\/hurghadalovers.com\/ro\/#website","url":"https:\/\/hurghadalovers.com\/ro\/","name":"Hurghada Excursions & Day Trips | Booking Best Prices Tours","description":"Hurghada Lovers - Best Tour Operator - Excursions &amp; Things to do for Family Day Trips with kids and Couples Romantic. Unique .Hidden gems","publisher":{"@id":"https:\/\/hurghadalovers.com\/ro\/#organization"},"alternateName":"Hurghada Excursions","potentialAction":[{"@type":"SearchAction","target":{"@type":"EntryPoint","urlTemplate":"https:\/\/hurghadalovers.com\/ro\/?s={search_term_string}"},"query-input":{"@type":"PropertyValueSpecification","valueRequired":true,"valueName":"search_term_string"}}],"inLanguage":"ro-RO"},{"@type":["Organization","Place","TravelAgency"],"@id":"https:\/\/hurghadalovers.com\/ro\/#organization","name":"Hurghada Excursions","url":"https:\/\/hurghadalovers.com\/ro\/","logo":{"@id":"https:\/\/hurghadalovers.com\/ro\/tours\/private-hurghada-tours-to-luxor-abu-simbel-aswan-3-days\/#local-main-organization-logo"},"image":{"@id":"https:\/\/hurghadalovers.com\/ro\/tours\/private-hurghada-tours-to-luxor-abu-simbel-aswan-3-days\/#local-main-organization-logo"},"sameAs":["https:\/\/www.facebook.com\/Hurghadaloversegypt"],"address":{"@id":"https:\/\/hurghadalovers.com\/ro\/tours\/private-hurghada-tours-to-luxor-abu-simbel-aswan-3-days\/#local-main-place-address"},"telephone":["00201112596434"],"contactPoint":{"@type":"ContactPoint","telephone":"00201112596434","email":"weyouface@gmail.com"},"openingHoursSpecification":{"@type":"OpeningHoursSpecification","dayOfWeek":["Monday","Tuesday","Wednesday","Thursday","Friday","Saturday","Sunday"],"opens":"00:00","closes":"23:59"},"email":"weyouface@gmail.com","areaServed":"Luxor, Hurghada, El Gouna, Aswan, Sharm El Sheikh, Giza, Alexandria, Marsa Alam, Quseir, Soma Bay, Sahl Hasheesh, Red Sea, Makadi Bay, Cairo","priceRange":"$","currenciesAccepted":"euro","paymentAccepted":"cash on site"},{"@type":"PostalAddress","@id":"https:\/\/hurghadalovers.com\/ro\/tours\/private-hurghada-tours-to-luxor-abu-simbel-aswan-3-days\/#local-main-place-address","streetAddress":"17 Banks street, Alkawther area, top nbk bank","addressLocality":"hurghada","postalCode":"84511","addressRegion":"red sea","addressCountry":"EG"},{"@type":"ImageObject","inLanguage":"ro-RO","@id":"https:\/\/hurghadalovers.com\/ro\/tours\/private-hurghada-tours-to-luxor-abu-simbel-aswan-3-days\/#local-main-organization-logo","url":"https:\/\/hurghadalovers.com\/wp-content\/uploads\/2019\/10\/hurghada-excursions-logo.png","contentUrl":"https:\/\/hurghadalovers.com\/wp-content\/uploads\/2019\/10\/hurghada-excursions-logo.png","width":272,"height":90,"caption":"Hurghada Excursions"}]},"product_brand":"De la Hurghada la Luxor","product_price_amount":"550","product_price_currency":"EUR","og_availability":"instock","product_availability":"instock","product_retailer_item_id":"Private102024","product_condition":"new","geo.placename":"hurghada","geo.region":"Egipt"},"_links":{"self":[{"href":"https:\/\/hurghadalovers.com\/ro\/wp-json\/wp\/v2\/product\/380014","targetHints":{"allow":["GET"]}}],"collection":[{"href":"https:\/\/hurghadalovers.com\/ro\/wp-json\/wp\/v2\/product"}],"about":[{"href":"https:\/\/hurghadalovers.com\/ro\/wp-json\/wp\/v2\/types\/product"}],"wp:featuredmedia":[{"embeddable":true,"href":"https:\/\/hurghadalovers.com\/ro\/wp-json\/wp\/v2\/media\/127757"}],"wp:attachment":[{"href":"https:\/\/hurghadalovers.com\/ro\/wp-json\/wp\/v2\/media?parent=380014"}],"wp:term":[{"taxonomy":"product_brand","embeddable":true,"href":"https:\/\/hurghadalovers.com\/ro\/wp-json\/wp\/v2\/product_brand?post=380014"},{"taxonomy":"product_cat","embeddable":true,"href":"https:\/\/hurghadalovers.com\/ro\/wp-json\/wp\/v2\/product_cat?post=380014"},{"taxonomy":"product_tag","embeddable":true,"href":"https:\/\/hurghadalovers.com\/ro\/wp-json\/wp\/v2\/product_tag?post=380014"}],"curies":[{"name":"wp","href":"https:\/\/api.w.org\/{rel}","templated":true}]}}