{"id":379925,"date":"2023-08-13T11:41:59","date_gmt":"2023-08-13T11:41:59","guid":{"rendered":"https:\/\/hurghadalovers.com\/shop\/fara-categorie\/excursii-private-in-hurghada-la-luxor-si-aswan-2-zile\/"},"modified":"2026-02-09T17:11:59","modified_gmt":"2026-02-09T17:11:59","slug":"privat-hurghada-excursii-la-luxor","status":"publish","type":"product","link":"https:\/\/hurghadalovers.com\/ro\/tours\/privat-hurghada-excursii-la-luxor\/","title":{"rendered":"Excursii private \u00een Hurghada la Luxor \u0219i Aswan &#8211; 2 zile"},"content":{"rendered":"<p><strong>Excursii private \u00een Hurghada la Luxor<\/strong> \u0219i Aswan &#8211; 2 zile cu ghid privat, bilete \u0219i pr\u00e2nz.<\/p>\n<p>&nbsp;<\/p>\n<p>Descoperi\u021bi secretele regilor faraonilor printr-o excursie de dou\u0103 zile la reperele ora\u0219ului antic Luxor \u0219i Aswan \u0219i afla\u021bi despre faptele \u0219i istoria civiliza\u021biei antice a Egiptului, secretele regelui Tutankhamon, ale regelui Ramses al II-lea \u0219i multe altele.<\/p>\n<p><strong>Puncte de interes:<\/strong><\/p>\n<ul>\n<li>Templul Karnak.<\/li>\n<li>Colosul lui Memnon.<\/li>\n<li>Templul mortuar al lui Hatshepsut.<\/li>\n<li>3 Morminte \u00een Valea Regilor .<\/li>\n<li>Templul Philae.<\/li>\n<li>Obeliscul neterminat.<\/li>\n<li>Barajul \u00eenalt.<\/li>\n<li>Pr\u00e2nz la restaurantul &#8222;M\u00e2ncarea pentru vegetarieni este disponibil\u0103&#8221;.<\/li>\n<\/ul>\n<p><strong>Excursii private \u00een Hurghada la Luxor \u0219i Aswan Detalii:<\/strong><\/p>\n<ul>\n<li>Disponibilitatea turului: \u00cen fiecare zi.<\/li>\n<li>Tip de tur: Privat cu ma\u0219ina sau cu minivan.<\/li>\n<li>Ora de preluare: \u00cencep\u00e2nd cu ora 05:00 A.M.<\/li>\n<li>Cerere Hotel ob\u021bine\u021bi geanta de mic dejun cu tine Diminea\u021ba.<\/li>\n<li>Ora de preluare: 19:00.<\/li>\n<li>Accesibil pentru scaune cu rotile.<\/li>\n<li>Durata: 2 zile \/ 1 noapte.<\/li>\n<\/ul>\n<p><strong>Rezerva\u021bi acum \u0219i pl\u0103ti\u021bi mai t\u00e2rziu:<\/strong><\/p>\n<ul>\n<li>Numerar la fa\u021ba locului pentru a ghida.<\/li>\n<li>Plata prin lire egiptene, $, \u20ac sau \u00a3.<\/li>\n<\/ul>\n<p><strong>Politica de anulare:<\/strong><\/p>\n<ul>\n<li>anula\u021bi cu p\u00e2n\u0103 la 24 de ore \u00een avans.<\/li>\n<li>Atunci c\u00e2nd cineva din familia ta anuleaz\u0103 diminea\u021ba, pl\u0103ti\u021bi 50% din cost.<\/li>\n<\/ul>\n<p><strong>Ce este inclus?<\/strong><\/p>\n<ul>\n<li>Transfer de la hotelurile din Hurghada &#8222;Hotel pick up \u0219i drop off&#8221;.<\/li>\n<li>Toate taxele, taxele de intrare \u0219i taxele de manipulare.<\/li>\n<li>Transferuri.<\/li>\n<li>Ghid turistic.<\/li>\n<li>O noapte la hotel cu mic dejun.<\/li>\n<li>B\u0103uturi.<\/li>\n<li>2 Pr\u00e2nz la restaurant.<\/li>\n<\/ul>\n<p><strong>Excluderi?<\/strong><\/p>\n<ul>\n<li>Bac\u0219i\u0219uri.<\/li>\n<li>Orice extras care nu este men\u021bionat.<\/li>\n<\/ul>\n<p><strong>Excursii private Hurghada Excursii la Luxor &amp; &amp; &amp; Aswan Pre\u021buri:<\/strong><\/p>\n<ul>\n<li><strong>Pre\u021b pentru adul\u021bi = <\/strong><strong>de la 270$<\/strong><strong> pe persoan\u0103<\/strong>.<\/li>\n<li>Pre\u021bul pentru copii &#8222;5-12\u2033= 50%.<\/li>\n<li>pentru copii &#8222;0-5&#8221; = gratuit.<\/li>\n<\/ul>\n<p><strong>Recenzii:<\/strong><\/p>\n<p>verifica\u021bi recenziile noastre Google Map ca cel mai bun <a href=\"https:\/\/g.page\/r\/CUeYvkngP3wkEBM\/review\">operator de<\/a> turism <a href=\"https:\/\/g.page\/r\/CUeYvkngP3wkEBM\/review\">\u00een<\/a> <a href=\"https:\/\/hurghadalovers.com\/\">Hurghada<\/a> online \u00een <a href=\"https:\/\/hurghadalovers.com\/\">Hurghada<\/a> Egipt.<\/p>\n<p>&nbsp;<\/p>\n<p><strong>Not\u0103:  <\/strong><\/p>\n<p>Facem, de asemenea, tur cu transfer de la hotelul dvs. \u00een El Goua, Soma Bay, Makadi Bay, Sahl Hasheesh, Safaga, cu un cost suplimentar= 10$ pe persoan\u0103.<\/p>\n<p>&nbsp;<\/p>\n<p><strong>Rezervare:<\/strong><\/p>\n<p>Trimite\u021bi hotelul + num\u0103rul camerei + pa\u0219apoartele cu fotografie la WhatsApp: <strong>+201112596434<\/strong><\/p>\n<p>If you out Egypt Booking now online and confirm when arrival Hotel.<\/p>\n","protected":false},"excerpt":{"rendered":"<p>Excursii private Hurghada la Luxor &amp; &amp; Aswan &#8211; 2 zile cu ghid privat, bilete \u0219i pr\u00e2nz pentru a vizita Templul Karnak, Templul Philae, Templul lui Hatshepsut, Valea Regilor \u0219i multe altele&#8230;.<\/p>\n","protected":false},"featured_media":492309,"template":"","meta":{"_joinchat":[]},"product_brand":[],"product_cat":[29873],"product_tag":[60057,59442,59477,59429,59466,59454,59460,59448,59472,59436],"class_list":{"0":"post-379925","1":"product","2":"type-product","3":"status-publish","4":"has-post-thumbnail","6":"product_cat-tours-romanian","7":"product_tag-excursie-de-o-zi-de-la-hurghada-la-luxor","8":"product_tag-excursii-de-o-zi-din-hurghada","9":"product_tag-hurghada-activitati-pentru-cupluri","10":"product_tag-hurghada-excursii","11":"product_tag-locuri-distractive-de-vizitat-cu-familia-din-hurghada","12":"product_tag-lucruri-de-facut-cu-copiii-din-hurghada","13":"product_tag-lucruri-de-facut-in-familie-in-hurghada","14":"product_tag-lucruri-de-facut-in-hurghada","15":"product_tag-lucruri-romantice-de-facut-din-hurghada","16":"product_tag-tururi-de-o-zi-in-hurghada","17":"tour_category-hurghada-to-luxor-trips-ro","18":"tour_category-hurghada-excursions-ro","20":"first","21":"instock","22":"sale","23":"shipping-taxable","24":"purchasable","25":"product-type-tour"},"yoast_head":"<!-- This site is optimized with the Yoast SEO Premium plugin v26.9 (Yoast SEO v27.2) - https:\/\/yoast.com\/product\/yoast-seo-premium-wordpress\/ -->\n<title>Excursii private \u00een Hurghada la Luxor \u0219i Aswan - 2 zile<\/title>\n<meta name=\"description\" content=\"Excursii private \u00een Hurghada la Luxor &amp; &amp; Aswan - 2 zile cu ghid privat, bilete \u0219i pr\u00e2nz pentru a vizita Templul Karnak, Philae, Valea Regilor \u0219i multe altele\" \/>\n<meta name=\"robots\" content=\"index, follow, max-snippet:-1, max-image-preview:large, max-video-preview:-1\" \/>\n<link rel=\"canonical\" href=\"https:\/\/hurghadalovers.com\/ro\/tours\/privat-hurghada-excursii-la-luxor\/\" \/>\n<meta property=\"og:locale\" content=\"ro_RO\" \/>\n<meta property=\"og:type\" content=\"article\" \/>\n<meta property=\"og:title\" content=\"Excursii private \u00een Hurghada la Luxor \u0219i Aswan - 2 zile\" \/>\n<meta property=\"og:description\" content=\"Excursii private \u00een Hurghada la Luxor &amp; &amp; Aswan - 2 zile cu ghid privat, bilete \u0219i pr\u00e2nz pentru a vizita Templul Karnak, Philae, Valea Regilor \u0219i multe altele\" \/>\n<meta property=\"og:url\" content=\"https:\/\/hurghadalovers.com\/ro\/tours\/privat-hurghada-excursii-la-luxor\/\" \/>\n<meta property=\"og:site_name\" content=\"Hurghada Excursions &amp; Day Trips | Booking Best Prices Tours\" \/>\n<meta property=\"article:publisher\" content=\"https:\/\/www.facebook.com\/Hurghadaloversegypt\" \/>\n<meta property=\"article:modified_time\" content=\"2026-02-09T17:11:59+00:00\" \/>\n<meta property=\"og:image\" content=\"https:\/\/hurghadalovers.com\/wp-content\/uploads\/2023\/08\/\u042d\u043a\u0441\u043a\u0443\u0440\u0441\u0438\u044f-\u041b\u0443\u043a\u0441\u043e\u0440-\u043c\u0438\u043d\u0438-\u0433\u0440\u0443\u043f\u043f\u043e\u0439-\u0438\u0437-\u0425\u0443\u0440\u0433\u0430\u0434\u044b.jpeg\" \/>\n\t<meta property=\"og:image:width\" content=\"1600\" \/>\n\t<meta property=\"og:image:height\" content=\"698\" \/>\n\t<meta property=\"og:image:type\" content=\"image\/jpeg\" \/>\n<meta name=\"twitter:card\" content=\"summary_large_image\" \/>\n<meta name=\"twitter:label1\" content=\"Pre\u021b\" \/>\n\t<meta name=\"twitter:data1\" content=\"&euro;&nbsp;400\" \/>\n\t<meta name=\"twitter:label2\" content=\"Disponibilitate\" \/>\n\t<meta name=\"twitter:data2\" content=\"\u00cen stoc\" \/>\n<script type=\"application\/ld+json\" class=\"yoast-schema-graph\">{\"@context\":\"https:\/\/schema.org\",\"@graph\":[{\"@type\":[\"WebPage\",\"ItemPage\"],\"@id\":\"https:\/\/hurghadalovers.com\/ro\/tours\/privat-hurghada-excursii-la-luxor\/\",\"url\":\"https:\/\/hurghadalovers.com\/ro\/tours\/privat-hurghada-excursii-la-luxor\/\",\"name\":\"Excursii private \u00een Hurghada la Luxor \u0219i Aswan - 2 zile\",\"isPartOf\":{\"@id\":\"https:\/\/hurghadalovers.com\/ro\/#website\"},\"primaryImageOfPage\":{\"@id\":\"https:\/\/hurghadalovers.com\/ro\/tours\/privat-hurghada-excursii-la-luxor\/#primaryimage\"},\"image\":{\"@id\":\"https:\/\/hurghadalovers.com\/ro\/tours\/privat-hurghada-excursii-la-luxor\/#primaryimage\"},\"thumbnailUrl\":\"https:\/\/hurghadalovers.com\/wp-content\/uploads\/2023\/08\/\u042d\u043a\u0441\u043a\u0443\u0440\u0441\u0438\u044f-\u041b\u0443\u043a\u0441\u043e\u0440-\u043c\u0438\u043d\u0438-\u0433\u0440\u0443\u043f\u043f\u043e\u0439-\u0438\u0437-\u0425\u0443\u0440\u0433\u0430\u0434\u044b.jpeg\",\"datePublished\":\"2023-08-13T11:41:59+00:00\",\"dateModified\":\"2026-02-09T17:11:59+00:00\",\"description\":\"Excursii private \u00een Hurghada la Luxor & & Aswan - 2 zile cu ghid privat, bilete \u0219i pr\u00e2nz pentru a vizita Templul Karnak, Philae, Valea Regilor \u0219i multe altele\",\"breadcrumb\":{\"@id\":\"https:\/\/hurghadalovers.com\/ro\/tours\/privat-hurghada-excursii-la-luxor\/#breadcrumb\"},\"inLanguage\":\"ro-RO\",\"potentialAction\":[{\"@type\":\"ReadAction\",\"target\":[\"https:\/\/hurghadalovers.com\/ro\/tours\/privat-hurghada-excursii-la-luxor\/\"]}]},{\"@type\":\"ImageObject\",\"inLanguage\":\"ro-RO\",\"@id\":\"https:\/\/hurghadalovers.com\/ro\/tours\/privat-hurghada-excursii-la-luxor\/#primaryimage\",\"url\":\"https:\/\/hurghadalovers.com\/wp-content\/uploads\/2023\/08\/\u042d\u043a\u0441\u043a\u0443\u0440\u0441\u0438\u044f-\u041b\u0443\u043a\u0441\u043e\u0440-\u043c\u0438\u043d\u0438-\u0433\u0440\u0443\u043f\u043f\u043e\u0439-\u0438\u0437-\u0425\u0443\u0440\u0433\u0430\u0434\u044b.jpeg\",\"contentUrl\":\"https:\/\/hurghadalovers.com\/wp-content\/uploads\/2023\/08\/\u042d\u043a\u0441\u043a\u0443\u0440\u0441\u0438\u044f-\u041b\u0443\u043a\u0441\u043e\u0440-\u043c\u0438\u043d\u0438-\u0433\u0440\u0443\u043f\u043f\u043e\u0439-\u0438\u0437-\u0425\u0443\u0440\u0433\u0430\u0434\u044b.jpeg\",\"width\":1600,\"height\":698,\"caption\":\"\u042d\u043a\u0441\u043a\u0443\u0440\u0441\u0438\u044f \u041b\u0443\u043a\u0441\u043e\u0440 \u043c\u0438\u043d\u0438 \u0433\u0440\u0443\u043f\u043f\u043e\u0438\u0306 \u0438\u0437 \u0425\u0443\u0440\u0433\u0430\u0434\u044b\"},{\"@type\":\"BreadcrumbList\",\"@id\":\"https:\/\/hurghadalovers.com\/ro\/tours\/privat-hurghada-excursii-la-luxor\/#breadcrumb\",\"itemListElement\":[{\"@type\":\"ListItem\",\"position\":1,\"name\":\"Home\",\"item\":\"https:\/\/hurghadalovers.com\/ro\/\"},{\"@type\":\"ListItem\",\"position\":2,\"name\":\"Shop\",\"item\":\"https:\/\/hurghadalovers.com\/shop\/\"},{\"@type\":\"ListItem\",\"position\":3,\"name\":\"Excursii private \u00een Hurghada la Luxor \u0219i Aswan &#8211; 2 zile\"}]},{\"@type\":\"WebSite\",\"@id\":\"https:\/\/hurghadalovers.com\/ro\/#website\",\"url\":\"https:\/\/hurghadalovers.com\/ro\/\",\"name\":\"Hurghada Excursions & Day Trips | Booking Best Prices Tours\",\"description\":\"Hurghada Lovers - Best Tour Operator - Excursions &amp; Things to do for Family Day Trips with kids and Couples Romantic. Unique .Hidden gems\",\"publisher\":{\"@id\":\"https:\/\/hurghadalovers.com\/ro\/#organization\"},\"alternateName\":\"Hurghada Excursions\",\"potentialAction\":[{\"@type\":\"SearchAction\",\"target\":{\"@type\":\"EntryPoint\",\"urlTemplate\":\"https:\/\/hurghadalovers.com\/ro\/?s={search_term_string}\"},\"query-input\":{\"@type\":\"PropertyValueSpecification\",\"valueRequired\":true,\"valueName\":\"search_term_string\"}}],\"inLanguage\":\"ro-RO\"},{\"@type\":[\"Organization\",\"Place\",\"TravelAgency\"],\"@id\":\"https:\/\/hurghadalovers.com\/ro\/#organization\",\"name\":\"Hurghada Excursions\",\"url\":\"https:\/\/hurghadalovers.com\/ro\/\",\"logo\":{\"@id\":\"https:\/\/hurghadalovers.com\/ro\/tours\/privat-hurghada-excursii-la-luxor\/#local-main-organization-logo\"},\"image\":{\"@id\":\"https:\/\/hurghadalovers.com\/ro\/tours\/privat-hurghada-excursii-la-luxor\/#local-main-organization-logo\"},\"sameAs\":[\"https:\/\/www.facebook.com\/Hurghadaloversegypt\"],\"address\":{\"@id\":\"https:\/\/hurghadalovers.com\/ro\/tours\/privat-hurghada-excursii-la-luxor\/#local-main-place-address\"},\"telephone\":[\"00201112596434\"],\"contactPoint\":{\"@type\":\"ContactPoint\",\"telephone\":\"00201112596434\",\"email\":\"weyouface@gmail.com\"},\"openingHoursSpecification\":{\"@type\":\"OpeningHoursSpecification\",\"dayOfWeek\":[\"Monday\",\"Tuesday\",\"Wednesday\",\"Thursday\",\"Friday\",\"Saturday\",\"Sunday\"],\"opens\":\"00:00\",\"closes\":\"23:59\"},\"email\":\"weyouface@gmail.com\",\"areaServed\":\"Luxor, Hurghada, El Gouna, Aswan, Sharm El Sheikh, Giza, Alexandria, Marsa Alam, Quseir, Soma Bay, Sahl Hasheesh, Red Sea, Makadi Bay, Cairo\",\"priceRange\":\"$\",\"currenciesAccepted\":\"euro\",\"paymentAccepted\":\"cash on site\"},{\"@type\":\"PostalAddress\",\"@id\":\"https:\/\/hurghadalovers.com\/ro\/tours\/privat-hurghada-excursii-la-luxor\/#local-main-place-address\",\"streetAddress\":\"17 Banks street, Alkawther area, top nbk bank\",\"addressLocality\":\"hurghada\",\"postalCode\":\"84511\",\"addressRegion\":\"red sea\",\"addressCountry\":\"EG\"},{\"@type\":\"ImageObject\",\"inLanguage\":\"ro-RO\",\"@id\":\"https:\/\/hurghadalovers.com\/ro\/tours\/privat-hurghada-excursii-la-luxor\/#local-main-organization-logo\",\"url\":\"https:\/\/hurghadalovers.com\/wp-content\/uploads\/2019\/10\/hurghada-excursions-logo.png\",\"contentUrl\":\"https:\/\/hurghadalovers.com\/wp-content\/uploads\/2019\/10\/hurghada-excursions-logo.png\",\"width\":272,\"height\":90,\"caption\":\"Hurghada Excursions\"}]}<\/script>\n<meta property=\"product:brand\" content=\"De la Hurghada la Luxor\" \/>\n<meta property=\"product:price:amount\" content=\"400\" \/>\n<meta property=\"product:price:currency\" content=\"EUR\" \/>\n<meta property=\"og:availability\" content=\"instock\" \/>\n<meta property=\"product:availability\" content=\"instock\" \/>\n<meta property=\"product:retailer_item_id\" content=\"Private092024\" \/>\n<meta property=\"product:condition\" content=\"new\" \/>\n<meta name=\"geo.placename\" content=\"hurghada\" \/>\n<meta name=\"geo.region\" content=\"Egipt\" \/>\n<!-- \/ Yoast SEO Premium plugin. -->","yoast_head_json":{"title":"Excursii private \u00een Hurghada la Luxor \u0219i Aswan - 2 zile","description":"Excursii private \u00een Hurghada la Luxor & & Aswan - 2 zile cu ghid privat, bilete \u0219i pr\u00e2nz pentru a vizita Templul Karnak, Philae, Valea Regilor \u0219i multe altele","robots":{"index":"index","follow":"follow","max-snippet":"max-snippet:-1","max-image-preview":"max-image-preview:large","max-video-preview":"max-video-preview:-1"},"canonical":"https:\/\/hurghadalovers.com\/ro\/tours\/privat-hurghada-excursii-la-luxor\/","og_locale":"ro_RO","og_type":"article","og_title":"Excursii private \u00een Hurghada la Luxor \u0219i Aswan - 2 zile","og_description":"Excursii private \u00een Hurghada la Luxor & & Aswan - 2 zile cu ghid privat, bilete \u0219i pr\u00e2nz pentru a vizita Templul Karnak, Philae, Valea Regilor \u0219i multe altele","og_url":"https:\/\/hurghadalovers.com\/ro\/tours\/privat-hurghada-excursii-la-luxor\/","og_site_name":"Hurghada Excursions &amp; Day Trips | Booking Best Prices Tours","article_publisher":"https:\/\/www.facebook.com\/Hurghadaloversegypt","article_modified_time":"2026-02-09T17:11:59+00:00","og_image":[{"width":1600,"height":698,"url":"https:\/\/hurghadalovers.com\/wp-content\/uploads\/2023\/08\/\u042d\u043a\u0441\u043a\u0443\u0440\u0441\u0438\u044f-\u041b\u0443\u043a\u0441\u043e\u0440-\u043c\u0438\u043d\u0438-\u0433\u0440\u0443\u043f\u043f\u043e\u0439-\u0438\u0437-\u0425\u0443\u0440\u0433\u0430\u0434\u044b.jpeg","type":"image\/jpeg"}],"twitter_card":"summary_large_image","twitter_misc":{"Pre\u021b":"&euro;&nbsp;400","Disponibilitate":"\u00cen stoc"},"schema":{"@context":"https:\/\/schema.org","@graph":[{"@type":["WebPage","ItemPage"],"@id":"https:\/\/hurghadalovers.com\/ro\/tours\/privat-hurghada-excursii-la-luxor\/","url":"https:\/\/hurghadalovers.com\/ro\/tours\/privat-hurghada-excursii-la-luxor\/","name":"Excursii private \u00een Hurghada la Luxor \u0219i Aswan - 2 zile","isPartOf":{"@id":"https:\/\/hurghadalovers.com\/ro\/#website"},"primaryImageOfPage":{"@id":"https:\/\/hurghadalovers.com\/ro\/tours\/privat-hurghada-excursii-la-luxor\/#primaryimage"},"image":{"@id":"https:\/\/hurghadalovers.com\/ro\/tours\/privat-hurghada-excursii-la-luxor\/#primaryimage"},"thumbnailUrl":"https:\/\/hurghadalovers.com\/wp-content\/uploads\/2023\/08\/\u042d\u043a\u0441\u043a\u0443\u0440\u0441\u0438\u044f-\u041b\u0443\u043a\u0441\u043e\u0440-\u043c\u0438\u043d\u0438-\u0433\u0440\u0443\u043f\u043f\u043e\u0439-\u0438\u0437-\u0425\u0443\u0440\u0433\u0430\u0434\u044b.jpeg","datePublished":"2023-08-13T11:41:59+00:00","dateModified":"2026-02-09T17:11:59+00:00","description":"Excursii private \u00een Hurghada la Luxor & & Aswan - 2 zile cu ghid privat, bilete \u0219i pr\u00e2nz pentru a vizita Templul Karnak, Philae, Valea Regilor \u0219i multe altele","breadcrumb":{"@id":"https:\/\/hurghadalovers.com\/ro\/tours\/privat-hurghada-excursii-la-luxor\/#breadcrumb"},"inLanguage":"ro-RO","potentialAction":[{"@type":"ReadAction","target":["https:\/\/hurghadalovers.com\/ro\/tours\/privat-hurghada-excursii-la-luxor\/"]}]},{"@type":"ImageObject","inLanguage":"ro-RO","@id":"https:\/\/hurghadalovers.com\/ro\/tours\/privat-hurghada-excursii-la-luxor\/#primaryimage","url":"https:\/\/hurghadalovers.com\/wp-content\/uploads\/2023\/08\/\u042d\u043a\u0441\u043a\u0443\u0440\u0441\u0438\u044f-\u041b\u0443\u043a\u0441\u043e\u0440-\u043c\u0438\u043d\u0438-\u0433\u0440\u0443\u043f\u043f\u043e\u0439-\u0438\u0437-\u0425\u0443\u0440\u0433\u0430\u0434\u044b.jpeg","contentUrl":"https:\/\/hurghadalovers.com\/wp-content\/uploads\/2023\/08\/\u042d\u043a\u0441\u043a\u0443\u0440\u0441\u0438\u044f-\u041b\u0443\u043a\u0441\u043e\u0440-\u043c\u0438\u043d\u0438-\u0433\u0440\u0443\u043f\u043f\u043e\u0439-\u0438\u0437-\u0425\u0443\u0440\u0433\u0430\u0434\u044b.jpeg","width":1600,"height":698,"caption":"\u042d\u043a\u0441\u043a\u0443\u0440\u0441\u0438\u044f \u041b\u0443\u043a\u0441\u043e\u0440 \u043c\u0438\u043d\u0438 \u0433\u0440\u0443\u043f\u043f\u043e\u0438\u0306 \u0438\u0437 \u0425\u0443\u0440\u0433\u0430\u0434\u044b"},{"@type":"BreadcrumbList","@id":"https:\/\/hurghadalovers.com\/ro\/tours\/privat-hurghada-excursii-la-luxor\/#breadcrumb","itemListElement":[{"@type":"ListItem","position":1,"name":"Home","item":"https:\/\/hurghadalovers.com\/ro\/"},{"@type":"ListItem","position":2,"name":"Shop","item":"https:\/\/hurghadalovers.com\/shop\/"},{"@type":"ListItem","position":3,"name":"Excursii private \u00een Hurghada la Luxor \u0219i Aswan &#8211; 2 zile"}]},{"@type":"WebSite","@id":"https:\/\/hurghadalovers.com\/ro\/#website","url":"https:\/\/hurghadalovers.com\/ro\/","name":"Hurghada Excursions & Day Trips | Booking Best Prices Tours","description":"Hurghada Lovers - Best Tour Operator - Excursions &amp; Things to do for Family Day Trips with kids and Couples Romantic. Unique .Hidden gems","publisher":{"@id":"https:\/\/hurghadalovers.com\/ro\/#organization"},"alternateName":"Hurghada Excursions","potentialAction":[{"@type":"SearchAction","target":{"@type":"EntryPoint","urlTemplate":"https:\/\/hurghadalovers.com\/ro\/?s={search_term_string}"},"query-input":{"@type":"PropertyValueSpecification","valueRequired":true,"valueName":"search_term_string"}}],"inLanguage":"ro-RO"},{"@type":["Organization","Place","TravelAgency"],"@id":"https:\/\/hurghadalovers.com\/ro\/#organization","name":"Hurghada Excursions","url":"https:\/\/hurghadalovers.com\/ro\/","logo":{"@id":"https:\/\/hurghadalovers.com\/ro\/tours\/privat-hurghada-excursii-la-luxor\/#local-main-organization-logo"},"image":{"@id":"https:\/\/hurghadalovers.com\/ro\/tours\/privat-hurghada-excursii-la-luxor\/#local-main-organization-logo"},"sameAs":["https:\/\/www.facebook.com\/Hurghadaloversegypt"],"address":{"@id":"https:\/\/hurghadalovers.com\/ro\/tours\/privat-hurghada-excursii-la-luxor\/#local-main-place-address"},"telephone":["00201112596434"],"contactPoint":{"@type":"ContactPoint","telephone":"00201112596434","email":"weyouface@gmail.com"},"openingHoursSpecification":{"@type":"OpeningHoursSpecification","dayOfWeek":["Monday","Tuesday","Wednesday","Thursday","Friday","Saturday","Sunday"],"opens":"00:00","closes":"23:59"},"email":"weyouface@gmail.com","areaServed":"Luxor, Hurghada, El Gouna, Aswan, Sharm El Sheikh, Giza, Alexandria, Marsa Alam, Quseir, Soma Bay, Sahl Hasheesh, Red Sea, Makadi Bay, Cairo","priceRange":"$","currenciesAccepted":"euro","paymentAccepted":"cash on site"},{"@type":"PostalAddress","@id":"https:\/\/hurghadalovers.com\/ro\/tours\/privat-hurghada-excursii-la-luxor\/#local-main-place-address","streetAddress":"17 Banks street, Alkawther area, top nbk bank","addressLocality":"hurghada","postalCode":"84511","addressRegion":"red sea","addressCountry":"EG"},{"@type":"ImageObject","inLanguage":"ro-RO","@id":"https:\/\/hurghadalovers.com\/ro\/tours\/privat-hurghada-excursii-la-luxor\/#local-main-organization-logo","url":"https:\/\/hurghadalovers.com\/wp-content\/uploads\/2019\/10\/hurghada-excursions-logo.png","contentUrl":"https:\/\/hurghadalovers.com\/wp-content\/uploads\/2019\/10\/hurghada-excursions-logo.png","width":272,"height":90,"caption":"Hurghada Excursions"}]},"product_brand":"De la Hurghada la Luxor","product_price_amount":"400","product_price_currency":"EUR","og_availability":"instock","product_availability":"instock","product_retailer_item_id":"Private092024","product_condition":"new","geo.placename":"hurghada","geo.region":"Egipt"},"_links":{"self":[{"href":"https:\/\/hurghadalovers.com\/ro\/wp-json\/wp\/v2\/product\/379925","targetHints":{"allow":["GET"]}}],"collection":[{"href":"https:\/\/hurghadalovers.com\/ro\/wp-json\/wp\/v2\/product"}],"about":[{"href":"https:\/\/hurghadalovers.com\/ro\/wp-json\/wp\/v2\/types\/product"}],"wp:featuredmedia":[{"embeddable":true,"href":"https:\/\/hurghadalovers.com\/ro\/wp-json\/wp\/v2\/media\/492309"}],"wp:attachment":[{"href":"https:\/\/hurghadalovers.com\/ro\/wp-json\/wp\/v2\/media?parent=379925"}],"wp:term":[{"taxonomy":"product_brand","embeddable":true,"href":"https:\/\/hurghadalovers.com\/ro\/wp-json\/wp\/v2\/product_brand?post=379925"},{"taxonomy":"product_cat","embeddable":true,"href":"https:\/\/hurghadalovers.com\/ro\/wp-json\/wp\/v2\/product_cat?post=379925"},{"taxonomy":"product_tag","embeddable":true,"href":"https:\/\/hurghadalovers.com\/ro\/wp-json\/wp\/v2\/product_tag?post=379925"}],"curies":[{"name":"wp","href":"https:\/\/api.w.org\/{rel}","templated":true}]}}