{"id":379466,"date":"2023-08-12T08:38:05","date_gmt":"2023-08-12T08:40:00","guid":{"rendered":"https:\/\/hurghadalovers.com\/shop\/fara-categorie\/excursie-privata-de-o-zi-de-la-hurghada-la-cairo-si-luxor-2-zile\/"},"modified":"2026-02-07T18:25:48","modified_gmt":"2026-02-07T18:25:48","slug":"excursie-privata-de-o-zi-de-la-hurghada-la-cairo-si-luxor-2-zi","status":"publish","type":"product","link":"https:\/\/hurghadalovers.com\/ro\/tours\/excursie-privata-de-o-zi-de-la-hurghada-la-cairo-si-luxor-2-zi\/","title":{"rendered":"Excursie privat\u0103 de o zi de la Hurghada la Cairo \u0219i Luxor 2 ZILE"},"content":{"rendered":"<p><strong>Excursie privat\u0103 de o zi de la Hurghada<\/strong> la Cairo \u0219i Luxor 2 ZILE cu ghid privat, bilete \u0219i pr\u00e2nz.<\/p>\n<p>Un tur unic pentru a descoperi secretele \u0219i istoria construirii <strong>piramidelor<\/strong> \u0219i a Marelui <strong>Sfinx<\/strong> \u0219i pentru a afla informa\u021bii despre templele \u0219i mormintele regale din <strong>Luxor<\/strong> printr-un tur de dou\u0103 zile care include totul.<\/p>\n<p>&nbsp;<\/p>\n<p><strong>Puncte de interes:<\/strong><\/p>\n<ul>\n<li>Piramidele din Giza.<\/li>\n<li>Marele Sfinx.<\/li>\n<li>Valley Temple.<\/li>\n<li>Vechiul bazar.<\/li>\n<li>Muzeul Egiptean.<\/li>\n<li>Templul Karnak.<\/li>\n<li>Colosul lui Memnon.<\/li>\n<li>Templul mortuar al lui Hatshepsut.<\/li>\n<li>3 Morminte \u00een Valea Regilor.<\/li>\n<li>Pr\u00e2nz la restaurant.<\/li>\n<\/ul>\n<p><strong>Excursie privat\u0103 de o zi din Hurghada Detalii:<\/strong><\/p>\n<ul>\n<li>Disponibilitatea turului: \u00cen fiecare zi.<\/li>\n<li>Tip de tur: Privat cu ma\u0219ina sau cu minivan.<\/li>\n<li>Ora de preluare: \u00cencep\u00e2nd cu ora 02:30 A.M.<\/li>\n<li>Cerere Hotel ob\u021bine\u021bi geanta de mic dejun cu tine Diminea\u021ba.<\/li>\n<li>Ora de preluare: 19:30.<\/li>\n<li>Accesibil pentru scaune cu rotile.<\/li>\n<li>Durata: 2 zile \u0219i 1 noapte.<\/li>\n<\/ul>\n<p><strong>Rezerva\u021bi acum \u0219i pl\u0103ti\u021bi mai t\u00e2rziu:<\/strong><\/p>\n<ul>\n<li>Numerar la fa\u021ba locului pentru a ghida.<\/li>\n<li>Plata prin lire egiptene, $, \u20ac sau \u00a3.<\/li>\n<\/ul>\n<p><strong>Politica de anulare:<\/strong><\/p>\n<ul>\n<li>anula\u021bi cu p\u00e2n\u0103 la 24 de ore \u00een avans.<\/li>\n<li>Atunci c\u00e2nd cineva din familia ta anuleaz\u0103 diminea\u021ba, pl\u0103ti\u021bi 50% din cost.<\/li>\n<\/ul>\n<p><strong>Ce include Excursie privat\u0103 de o zi din Hurghada?<\/strong><\/p>\n<ul>\n<li>Transfer de la hotelurile din Hurghada &#8222;Hotel pick up \u0219i drop off&#8221;.<\/li>\n<li>Toate taxele, taxele de intrare \u0219i taxele de manipulare.<\/li>\n<li>Bilet de avion Cairo \/ Luxor.<\/li>\n<li>Transferuri.<\/li>\n<li>Ghid turistic.<\/li>\n<li>O noapte la hotel \u00een Luxor.<\/li>\n<li>B\u0103uturi.<\/li>\n<li>Pr\u00e2nz \u00een restaurant.<\/li>\n<\/ul>\n<p><strong>Excluderi?<\/strong><\/p>\n<ul>\n<li>Bac\u0219i\u0219uri.<\/li>\n<li>Excursie cu Felucca &#8222;Croazier\u0103 cu barca&#8221; Pentru 35 min= 10$.<\/li>\n<li>Tr\u0103sur\u0103 cu cai \u00een zona piramidelor.<\/li>\n<li>Bilet de intrare \u00een Marea Piramid\u0103 a lui Khufu.<\/li>\n<li>Orice extras care nu este men\u021bionat.<\/li>\n<\/ul>\n<p><strong>Excursie privat\u0103 de o zi din Hurghada Pre\u021buri:<\/strong><\/p>\n<ul>\n<li><strong>Pre\u021b pentru adul\u021bi = <\/strong><strong>de la 510$<\/strong><strong> pe persoan\u0103<\/strong>.<\/li>\n<li>Pre\u021bul pentru copii &#8222;5-12\u2033= 50%.<\/li>\n<li>pentru copii &#8222;0-5&#8221; = gratuit.<\/li>\n<\/ul>\n<p><strong>Recenzii:<\/strong><\/p>\n<p>verifica\u021bi recenziile noastre Google Map ca cel mai bun <a href=\"https:\/\/g.page\/r\/CUeYvkngP3wkEBM\/review\">operator de<\/a> turism <a href=\"https:\/\/g.page\/r\/CUeYvkngP3wkEBM\/review\">\u00een<\/a> <a href=\"https:\/\/hurghadalovers.com\/\">Hurghada<\/a> online \u00een <a href=\"https:\/\/hurghadalovers.com\/\">Hurghada<\/a> Egipt.<\/p>\n<p>&nbsp;<\/p>\n<p><strong>Not\u0103 :  <\/strong><\/p>\n<p>Facem, de asemenea, tur cu transfer de la hotelul dvs. \u00een El Goua, Soma Bay, Makadi Bay, Sahl Hasheesh, Safaga, cu un cost suplimentar= 10$ pe persoan\u0103.<\/p>\n<p>&nbsp;<\/p>\n<p><strong>Rezervare:<\/strong><\/p>\n<p>Trimite\u021bi hotelul + num\u0103rul camerei + pa\u0219apoartele cu fotografie la WhatsApp: <strong>+201112596434<\/strong><\/p>\n<p>If you out Egypt Booking now online and confirm when arrival Hotel.<\/p>\n","protected":false},"excerpt":{"rendered":"<p>Excursie privat\u0103 de o zi de la Hurghada la Cairo \u0219i Luxor 2 ZILE cu ghid privat, bilete \u0219i pr\u00e2nz. Un tur unic pentru a descoperi secretele \u0219i istoria construirii piramidelor&#8230;<\/p>\n","protected":false},"featured_media":379430,"template":"","meta":{"_joinchat":[]},"product_brand":[],"product_cat":[29873],"product_tag":[60800,60063,50870,59420,60066,60778,60795,60073,59429,60798,59448,60069,50878],"class_list":{"0":"post-379466","1":"product","2":"type-product","3":"status-publish","4":"has-post-thumbnail","6":"product_cat-tours-romanian","7":"product_tag-activitati-pentru-copii-in-hurghada","8":"product_tag-de-la-hurghada-la-piramide","9":"product_tag-egipt-tururi-private","10":"product_tag-excursie-de-o-zi-de-la-hurghada-la-piramide","11":"product_tag-excursie-de-o-zi-la-cairo-din-hurghada","12":"product_tag-excursii-de-o-zi-din-hurghada-ro","13":"product_tag-hurghada-activitati-pentru-familii","14":"product_tag-hurghada-excursie-la-cairo","15":"product_tag-hurghada-excursii","16":"product_tag-hurghada-tururi-prietenoase-pentru-copii","17":"product_tag-lucruri-de-facut-in-hurghada","18":"product_tag-piramidele-din-hurghada","19":"product_tag-tururi-private-in-cairo","20":"tour_category-hurghada-to-cairo-trips-ro","21":"tour_category-hurghada-excursions-ro","23":"first","24":"instock","25":"sale","26":"shipping-taxable","27":"purchasable","28":"product-type-tour"},"yoast_head":"<!-- This site is optimized with the Yoast SEO Premium plugin v26.9 (Yoast SEO v27.2) - https:\/\/yoast.com\/product\/yoast-seo-premium-wordpress\/ -->\n<title>Excursie privat\u0103 de o zi de la Hurghada la Cairo \u0219i Luxor 2 ZILE<\/title>\n<meta name=\"description\" content=\"Excursie privat\u0103 de o zi de la Hurghada la Cairo \u0219i Luxor 2 ZILE cu ghid privat, bilete \u0219i pr\u00e2nz. Un tur unic pentru a descoperi secretele \u0219i istoria...\" \/>\n<meta name=\"robots\" content=\"index, follow, max-snippet:-1, max-image-preview:large, max-video-preview:-1\" \/>\n<link rel=\"canonical\" href=\"https:\/\/hurghadalovers.com\/ro\/tours\/excursie-privata-de-o-zi-de-la-hurghada-la-cairo-si-luxor-2-zi\/\" \/>\n<meta property=\"og:locale\" content=\"ro_RO\" \/>\n<meta property=\"og:type\" content=\"article\" \/>\n<meta property=\"og:title\" content=\"Excursie privat\u0103 de o zi de la Hurghada la Cairo \u0219i Luxor 2 ZILE\" \/>\n<meta property=\"og:description\" content=\"Excursie privat\u0103 de o zi de la Hurghada la Cairo \u0219i Luxor 2 ZILE cu ghid privat, bilete \u0219i pr\u00e2nz. Un tur unic pentru a descoperi secretele \u0219i istoria...\" \/>\n<meta property=\"og:url\" content=\"https:\/\/hurghadalovers.com\/ro\/tours\/excursie-privata-de-o-zi-de-la-hurghada-la-cairo-si-luxor-2-zi\/\" \/>\n<meta property=\"og:site_name\" content=\"Hurghada Excursions &amp; Day Trips | Booking Best Prices Tours\" \/>\n<meta property=\"article:publisher\" content=\"https:\/\/www.facebook.com\/Hurghadaloversegypt\" \/>\n<meta property=\"article:modified_time\" content=\"2026-02-07T18:25:48+00:00\" \/>\n<meta property=\"og:image\" content=\"https:\/\/hurghadalovers.com\/wp-content\/uploads\/2023\/08\/Private-Day-Trip-from-Hurghada-to-Cairo-and-Luxor-2-DAYS.jpg\" \/>\n\t<meta property=\"og:image:width\" content=\"1500\" \/>\n\t<meta property=\"og:image:height\" content=\"404\" \/>\n\t<meta property=\"og:image:type\" content=\"image\/jpeg\" \/>\n<meta name=\"twitter:card\" content=\"summary_large_image\" \/>\n<meta name=\"twitter:label1\" content=\"Pre\u021b\" \/>\n\t<meta name=\"twitter:data1\" content=\"&euro;&nbsp;510\" \/>\n\t<meta name=\"twitter:label2\" content=\"Disponibilitate\" \/>\n\t<meta name=\"twitter:data2\" content=\"\u00cen stoc\" \/>\n<script type=\"application\/ld+json\" class=\"yoast-schema-graph\">{\"@context\":\"https:\/\/schema.org\",\"@graph\":[{\"@type\":[\"WebPage\",\"ItemPage\"],\"@id\":\"https:\/\/hurghadalovers.com\/ro\/tours\/excursie-privata-de-o-zi-de-la-hurghada-la-cairo-si-luxor-2-zi\/\",\"url\":\"https:\/\/hurghadalovers.com\/ro\/tours\/excursie-privata-de-o-zi-de-la-hurghada-la-cairo-si-luxor-2-zi\/\",\"name\":\"Excursie privat\u0103 de o zi de la Hurghada la Cairo \u0219i Luxor 2 ZILE\",\"isPartOf\":{\"@id\":\"https:\/\/hurghadalovers.com\/ro\/#website\"},\"primaryImageOfPage\":{\"@id\":\"https:\/\/hurghadalovers.com\/ro\/tours\/excursie-privata-de-o-zi-de-la-hurghada-la-cairo-si-luxor-2-zi\/#primaryimage\"},\"image\":{\"@id\":\"https:\/\/hurghadalovers.com\/ro\/tours\/excursie-privata-de-o-zi-de-la-hurghada-la-cairo-si-luxor-2-zi\/#primaryimage\"},\"thumbnailUrl\":\"https:\/\/hurghadalovers.com\/wp-content\/uploads\/2023\/08\/Private-Day-Trip-from-Hurghada-to-Cairo-and-Luxor-2-DAYS.jpg\",\"datePublished\":\"2023-08-12T08:40:00+00:00\",\"dateModified\":\"2026-02-07T18:25:48+00:00\",\"description\":\"Excursie privat\u0103 de o zi de la Hurghada la Cairo \u0219i Luxor 2 ZILE cu ghid privat, bilete \u0219i pr\u00e2nz. Un tur unic pentru a descoperi secretele \u0219i istoria...\",\"breadcrumb\":{\"@id\":\"https:\/\/hurghadalovers.com\/ro\/tours\/excursie-privata-de-o-zi-de-la-hurghada-la-cairo-si-luxor-2-zi\/#breadcrumb\"},\"inLanguage\":\"ro-RO\",\"potentialAction\":[{\"@type\":\"ReadAction\",\"target\":[\"https:\/\/hurghadalovers.com\/ro\/tours\/excursie-privata-de-o-zi-de-la-hurghada-la-cairo-si-luxor-2-zi\/\"]}]},{\"@type\":\"ImageObject\",\"inLanguage\":\"ro-RO\",\"@id\":\"https:\/\/hurghadalovers.com\/ro\/tours\/excursie-privata-de-o-zi-de-la-hurghada-la-cairo-si-luxor-2-zi\/#primaryimage\",\"url\":\"https:\/\/hurghadalovers.com\/wp-content\/uploads\/2023\/08\/Private-Day-Trip-from-Hurghada-to-Cairo-and-Luxor-2-DAYS.jpg\",\"contentUrl\":\"https:\/\/hurghadalovers.com\/wp-content\/uploads\/2023\/08\/Private-Day-Trip-from-Hurghada-to-Cairo-and-Luxor-2-DAYS.jpg\",\"width\":1500,\"height\":404,\"caption\":\"Excursie privat\u0103 de o zi de la Hurghada la Cairo \u0219i Luxor 2 ZILE\"},{\"@type\":\"BreadcrumbList\",\"@id\":\"https:\/\/hurghadalovers.com\/ro\/tours\/excursie-privata-de-o-zi-de-la-hurghada-la-cairo-si-luxor-2-zi\/#breadcrumb\",\"itemListElement\":[{\"@type\":\"ListItem\",\"position\":1,\"name\":\"Home\",\"item\":\"https:\/\/hurghadalovers.com\/ro\/\"},{\"@type\":\"ListItem\",\"position\":2,\"name\":\"Shop\",\"item\":\"https:\/\/hurghadalovers.com\/shop\/\"},{\"@type\":\"ListItem\",\"position\":3,\"name\":\"Excursie privat\u0103 de o zi de la Hurghada la Cairo \u0219i Luxor 2 ZILE\"}]},{\"@type\":\"WebSite\",\"@id\":\"https:\/\/hurghadalovers.com\/ro\/#website\",\"url\":\"https:\/\/hurghadalovers.com\/ro\/\",\"name\":\"Hurghada Excursions & Day Trips | Booking Best Prices Tours\",\"description\":\"Hurghada Lovers - Best Tour Operator - Excursions &amp; Things to do for Family Day Trips with kids and Couples Romantic. Unique .Hidden gems\",\"publisher\":{\"@id\":\"https:\/\/hurghadalovers.com\/ro\/#organization\"},\"alternateName\":\"Hurghada Excursions\",\"potentialAction\":[{\"@type\":\"SearchAction\",\"target\":{\"@type\":\"EntryPoint\",\"urlTemplate\":\"https:\/\/hurghadalovers.com\/ro\/?s={search_term_string}\"},\"query-input\":{\"@type\":\"PropertyValueSpecification\",\"valueRequired\":true,\"valueName\":\"search_term_string\"}}],\"inLanguage\":\"ro-RO\"},{\"@type\":[\"Organization\",\"Place\",\"TravelAgency\"],\"@id\":\"https:\/\/hurghadalovers.com\/ro\/#organization\",\"name\":\"Hurghada Excursions\",\"url\":\"https:\/\/hurghadalovers.com\/ro\/\",\"logo\":{\"@id\":\"https:\/\/hurghadalovers.com\/ro\/tours\/excursie-privata-de-o-zi-de-la-hurghada-la-cairo-si-luxor-2-zi\/#local-main-organization-logo\"},\"image\":{\"@id\":\"https:\/\/hurghadalovers.com\/ro\/tours\/excursie-privata-de-o-zi-de-la-hurghada-la-cairo-si-luxor-2-zi\/#local-main-organization-logo\"},\"sameAs\":[\"https:\/\/www.facebook.com\/Hurghadaloversegypt\"],\"address\":{\"@id\":\"https:\/\/hurghadalovers.com\/ro\/tours\/excursie-privata-de-o-zi-de-la-hurghada-la-cairo-si-luxor-2-zi\/#local-main-place-address\"},\"telephone\":[\"00201112596434\"],\"contactPoint\":{\"@type\":\"ContactPoint\",\"telephone\":\"00201112596434\",\"email\":\"weyouface@gmail.com\"},\"openingHoursSpecification\":{\"@type\":\"OpeningHoursSpecification\",\"dayOfWeek\":[\"Monday\",\"Tuesday\",\"Wednesday\",\"Thursday\",\"Friday\",\"Saturday\",\"Sunday\"],\"opens\":\"00:00\",\"closes\":\"23:59\"},\"email\":\"weyouface@gmail.com\",\"areaServed\":\"Luxor, Hurghada, El Gouna, Aswan, Sharm El Sheikh, Giza, Alexandria, Marsa Alam, Quseir, Soma Bay, Sahl Hasheesh, Red Sea, Makadi Bay, Cairo\",\"priceRange\":\"$\",\"currenciesAccepted\":\"euro\",\"paymentAccepted\":\"cash on site\"},{\"@type\":\"PostalAddress\",\"@id\":\"https:\/\/hurghadalovers.com\/ro\/tours\/excursie-privata-de-o-zi-de-la-hurghada-la-cairo-si-luxor-2-zi\/#local-main-place-address\",\"streetAddress\":\"17 Banks street, Alkawther area, top nbk bank\",\"addressLocality\":\"hurghada\",\"postalCode\":\"84511\",\"addressRegion\":\"red sea\",\"addressCountry\":\"EG\"},{\"@type\":\"ImageObject\",\"inLanguage\":\"ro-RO\",\"@id\":\"https:\/\/hurghadalovers.com\/ro\/tours\/excursie-privata-de-o-zi-de-la-hurghada-la-cairo-si-luxor-2-zi\/#local-main-organization-logo\",\"url\":\"https:\/\/hurghadalovers.com\/wp-content\/uploads\/2019\/10\/hurghada-excursions-logo.png\",\"contentUrl\":\"https:\/\/hurghadalovers.com\/wp-content\/uploads\/2019\/10\/hurghada-excursions-logo.png\",\"width\":272,\"height\":90,\"caption\":\"Hurghada Excursions\"}]}<\/script>\n<meta property=\"product:brand\" content=\"Excursii de o zi de la Hurghada la Piramide\" \/>\n<meta property=\"product:price:amount\" content=\"510\" \/>\n<meta property=\"product:price:currency\" content=\"EUR\" \/>\n<meta property=\"og:availability\" content=\"instock\" \/>\n<meta property=\"product:availability\" content=\"instock\" \/>\n<meta property=\"product:retailer_item_id\" content=\"Private22024\" \/>\n<meta property=\"product:condition\" content=\"new\" \/>\n<meta name=\"geo.placename\" content=\"hurghada\" \/>\n<meta name=\"geo.region\" content=\"Egipt\" \/>\n<!-- \/ Yoast SEO Premium plugin. -->","yoast_head_json":{"title":"Excursie privat\u0103 de o zi de la Hurghada la Cairo \u0219i Luxor 2 ZILE","description":"Excursie privat\u0103 de o zi de la Hurghada la Cairo \u0219i Luxor 2 ZILE cu ghid privat, bilete \u0219i pr\u00e2nz. Un tur unic pentru a descoperi secretele \u0219i istoria...","robots":{"index":"index","follow":"follow","max-snippet":"max-snippet:-1","max-image-preview":"max-image-preview:large","max-video-preview":"max-video-preview:-1"},"canonical":"https:\/\/hurghadalovers.com\/ro\/tours\/excursie-privata-de-o-zi-de-la-hurghada-la-cairo-si-luxor-2-zi\/","og_locale":"ro_RO","og_type":"article","og_title":"Excursie privat\u0103 de o zi de la Hurghada la Cairo \u0219i Luxor 2 ZILE","og_description":"Excursie privat\u0103 de o zi de la Hurghada la Cairo \u0219i Luxor 2 ZILE cu ghid privat, bilete \u0219i pr\u00e2nz. Un tur unic pentru a descoperi secretele \u0219i istoria...","og_url":"https:\/\/hurghadalovers.com\/ro\/tours\/excursie-privata-de-o-zi-de-la-hurghada-la-cairo-si-luxor-2-zi\/","og_site_name":"Hurghada Excursions &amp; Day Trips | Booking Best Prices Tours","article_publisher":"https:\/\/www.facebook.com\/Hurghadaloversegypt","article_modified_time":"2026-02-07T18:25:48+00:00","og_image":[{"width":1500,"height":404,"url":"https:\/\/hurghadalovers.com\/wp-content\/uploads\/2023\/08\/Private-Day-Trip-from-Hurghada-to-Cairo-and-Luxor-2-DAYS.jpg","type":"image\/jpeg"}],"twitter_card":"summary_large_image","twitter_misc":{"Pre\u021b":"&euro;&nbsp;510","Disponibilitate":"\u00cen stoc"},"schema":{"@context":"https:\/\/schema.org","@graph":[{"@type":["WebPage","ItemPage"],"@id":"https:\/\/hurghadalovers.com\/ro\/tours\/excursie-privata-de-o-zi-de-la-hurghada-la-cairo-si-luxor-2-zi\/","url":"https:\/\/hurghadalovers.com\/ro\/tours\/excursie-privata-de-o-zi-de-la-hurghada-la-cairo-si-luxor-2-zi\/","name":"Excursie privat\u0103 de o zi de la Hurghada la Cairo \u0219i Luxor 2 ZILE","isPartOf":{"@id":"https:\/\/hurghadalovers.com\/ro\/#website"},"primaryImageOfPage":{"@id":"https:\/\/hurghadalovers.com\/ro\/tours\/excursie-privata-de-o-zi-de-la-hurghada-la-cairo-si-luxor-2-zi\/#primaryimage"},"image":{"@id":"https:\/\/hurghadalovers.com\/ro\/tours\/excursie-privata-de-o-zi-de-la-hurghada-la-cairo-si-luxor-2-zi\/#primaryimage"},"thumbnailUrl":"https:\/\/hurghadalovers.com\/wp-content\/uploads\/2023\/08\/Private-Day-Trip-from-Hurghada-to-Cairo-and-Luxor-2-DAYS.jpg","datePublished":"2023-08-12T08:40:00+00:00","dateModified":"2026-02-07T18:25:48+00:00","description":"Excursie privat\u0103 de o zi de la Hurghada la Cairo \u0219i Luxor 2 ZILE cu ghid privat, bilete \u0219i pr\u00e2nz. Un tur unic pentru a descoperi secretele \u0219i istoria...","breadcrumb":{"@id":"https:\/\/hurghadalovers.com\/ro\/tours\/excursie-privata-de-o-zi-de-la-hurghada-la-cairo-si-luxor-2-zi\/#breadcrumb"},"inLanguage":"ro-RO","potentialAction":[{"@type":"ReadAction","target":["https:\/\/hurghadalovers.com\/ro\/tours\/excursie-privata-de-o-zi-de-la-hurghada-la-cairo-si-luxor-2-zi\/"]}]},{"@type":"ImageObject","inLanguage":"ro-RO","@id":"https:\/\/hurghadalovers.com\/ro\/tours\/excursie-privata-de-o-zi-de-la-hurghada-la-cairo-si-luxor-2-zi\/#primaryimage","url":"https:\/\/hurghadalovers.com\/wp-content\/uploads\/2023\/08\/Private-Day-Trip-from-Hurghada-to-Cairo-and-Luxor-2-DAYS.jpg","contentUrl":"https:\/\/hurghadalovers.com\/wp-content\/uploads\/2023\/08\/Private-Day-Trip-from-Hurghada-to-Cairo-and-Luxor-2-DAYS.jpg","width":1500,"height":404,"caption":"Excursie privat\u0103 de o zi de la Hurghada la Cairo \u0219i Luxor 2 ZILE"},{"@type":"BreadcrumbList","@id":"https:\/\/hurghadalovers.com\/ro\/tours\/excursie-privata-de-o-zi-de-la-hurghada-la-cairo-si-luxor-2-zi\/#breadcrumb","itemListElement":[{"@type":"ListItem","position":1,"name":"Home","item":"https:\/\/hurghadalovers.com\/ro\/"},{"@type":"ListItem","position":2,"name":"Shop","item":"https:\/\/hurghadalovers.com\/shop\/"},{"@type":"ListItem","position":3,"name":"Excursie privat\u0103 de o zi de la Hurghada la Cairo \u0219i Luxor 2 ZILE"}]},{"@type":"WebSite","@id":"https:\/\/hurghadalovers.com\/ro\/#website","url":"https:\/\/hurghadalovers.com\/ro\/","name":"Hurghada Excursions & Day Trips | Booking Best Prices Tours","description":"Hurghada Lovers - Best Tour Operator - Excursions &amp; Things to do for Family Day Trips with kids and Couples Romantic. Unique .Hidden gems","publisher":{"@id":"https:\/\/hurghadalovers.com\/ro\/#organization"},"alternateName":"Hurghada Excursions","potentialAction":[{"@type":"SearchAction","target":{"@type":"EntryPoint","urlTemplate":"https:\/\/hurghadalovers.com\/ro\/?s={search_term_string}"},"query-input":{"@type":"PropertyValueSpecification","valueRequired":true,"valueName":"search_term_string"}}],"inLanguage":"ro-RO"},{"@type":["Organization","Place","TravelAgency"],"@id":"https:\/\/hurghadalovers.com\/ro\/#organization","name":"Hurghada Excursions","url":"https:\/\/hurghadalovers.com\/ro\/","logo":{"@id":"https:\/\/hurghadalovers.com\/ro\/tours\/excursie-privata-de-o-zi-de-la-hurghada-la-cairo-si-luxor-2-zi\/#local-main-organization-logo"},"image":{"@id":"https:\/\/hurghadalovers.com\/ro\/tours\/excursie-privata-de-o-zi-de-la-hurghada-la-cairo-si-luxor-2-zi\/#local-main-organization-logo"},"sameAs":["https:\/\/www.facebook.com\/Hurghadaloversegypt"],"address":{"@id":"https:\/\/hurghadalovers.com\/ro\/tours\/excursie-privata-de-o-zi-de-la-hurghada-la-cairo-si-luxor-2-zi\/#local-main-place-address"},"telephone":["00201112596434"],"contactPoint":{"@type":"ContactPoint","telephone":"00201112596434","email":"weyouface@gmail.com"},"openingHoursSpecification":{"@type":"OpeningHoursSpecification","dayOfWeek":["Monday","Tuesday","Wednesday","Thursday","Friday","Saturday","Sunday"],"opens":"00:00","closes":"23:59"},"email":"weyouface@gmail.com","areaServed":"Luxor, Hurghada, El Gouna, Aswan, Sharm El Sheikh, Giza, Alexandria, Marsa Alam, Quseir, Soma Bay, Sahl Hasheesh, Red Sea, Makadi Bay, Cairo","priceRange":"$","currenciesAccepted":"euro","paymentAccepted":"cash on site"},{"@type":"PostalAddress","@id":"https:\/\/hurghadalovers.com\/ro\/tours\/excursie-privata-de-o-zi-de-la-hurghada-la-cairo-si-luxor-2-zi\/#local-main-place-address","streetAddress":"17 Banks street, Alkawther area, top nbk bank","addressLocality":"hurghada","postalCode":"84511","addressRegion":"red sea","addressCountry":"EG"},{"@type":"ImageObject","inLanguage":"ro-RO","@id":"https:\/\/hurghadalovers.com\/ro\/tours\/excursie-privata-de-o-zi-de-la-hurghada-la-cairo-si-luxor-2-zi\/#local-main-organization-logo","url":"https:\/\/hurghadalovers.com\/wp-content\/uploads\/2019\/10\/hurghada-excursions-logo.png","contentUrl":"https:\/\/hurghadalovers.com\/wp-content\/uploads\/2019\/10\/hurghada-excursions-logo.png","width":272,"height":90,"caption":"Hurghada Excursions"}]},"product_brand":"Excursii de o zi de la Hurghada la Piramide","product_price_amount":"510","product_price_currency":"EUR","og_availability":"instock","product_availability":"instock","product_retailer_item_id":"Private22024","product_condition":"new","geo.placename":"hurghada","geo.region":"Egipt"},"_links":{"self":[{"href":"https:\/\/hurghadalovers.com\/ro\/wp-json\/wp\/v2\/product\/379466","targetHints":{"allow":["GET"]}}],"collection":[{"href":"https:\/\/hurghadalovers.com\/ro\/wp-json\/wp\/v2\/product"}],"about":[{"href":"https:\/\/hurghadalovers.com\/ro\/wp-json\/wp\/v2\/types\/product"}],"wp:featuredmedia":[{"embeddable":true,"href":"https:\/\/hurghadalovers.com\/ro\/wp-json\/wp\/v2\/media\/379430"}],"wp:attachment":[{"href":"https:\/\/hurghadalovers.com\/ro\/wp-json\/wp\/v2\/media?parent=379466"}],"wp:term":[{"taxonomy":"product_brand","embeddable":true,"href":"https:\/\/hurghadalovers.com\/ro\/wp-json\/wp\/v2\/product_brand?post=379466"},{"taxonomy":"product_cat","embeddable":true,"href":"https:\/\/hurghadalovers.com\/ro\/wp-json\/wp\/v2\/product_cat?post=379466"},{"taxonomy":"product_tag","embeddable":true,"href":"https:\/\/hurghadalovers.com\/ro\/wp-json\/wp\/v2\/product_tag?post=379466"}],"curies":[{"name":"wp","href":"https:\/\/api.w.org\/{rel}","templated":true}]}}