{"id":395513,"date":"2023-09-03T15:17:28","date_gmt":"2023-09-03T15:23:39","guid":{"rendered":"https:\/\/hurghadalovers.com\/shop\/sem categoria\/aluguer-de-lancha-rapida-em-el-gouna-para-a-dolphin-house-e-a-ilha-de-orange-bay\/"},"modified":"2026-02-08T19:47:57","modified_gmt":"2026-02-08T19:47:57","slug":"el-gouna-speedboat-rental-to-dolphin-house-orange-bay-island","status":"publish","type":"product","link":"https:\/\/hurghadalovers.com\/pt-pt\/tours\/el-gouna-speedboat-rental-to-dolphin-house-orange-bay-island\/","title":{"rendered":"Aluguer de lancha r\u00e1pida em El Gouna para a Dolphin House e a ilha de Orange Bay"},"content":{"rendered":"<p><strong>Aluguer de lancha r\u00e1pida <\/strong>em <strong>El Gouna<\/strong> <strong>para a Dolphin House &amp; Orange bay Island | Lanchas r\u00e1pidas privadas de luxo <\/strong>com bilhetes, snorkeling, bebidas e transporte.<\/p>\n<p style=\"text-align: center;\"><span style=\"color: #00ccff;\">As mais belas <strong>actividades para toda a fam\u00edlia<\/strong> em El Gouna, <strong>Coisas para fazer com crian\u00e7as<\/strong>, Seniores, <strong>Lua de mel<\/strong> e <strong>Casal<\/strong>.<\/span><\/p>\n<p><strong>Destaques:<\/strong><\/p>\n<ul>\n<li>One Spot Snorkeling e observa\u00e7\u00e3o de golfinhos.<\/li>\n<\/ul>\n<ul>\n<li>um ponto de mergulho com snorkel House Reef.<\/li>\n<li>2-5 horas na praia da ilha de Orange Bay.<\/li>\n<\/ul>\n<p><strong>Detalhes:<\/strong><\/p>\n<ul>\n<li>Disponibilidade da excurs\u00e3o: Todos os dias.<\/li>\n<li>Tipo de visita: Privado.<\/li>\n<li>Hora de recolha: A partir das 08:30 ou a partir das 12:30.<\/li>\n<li>Hora de partida: 13:00 ou 18:00.<\/li>\n<li>Acess\u00edvel a cadeiras de rodas.<\/li>\n<li>Dura\u00e7\u00e3o: 4-5 horas.<\/li>\n<\/ul>\n<p><strong>Reserve agora e pague depois:<\/strong><\/p>\n<ul>\n<li>Dinheiro no local para guiar.<\/li>\n<li>Pagamento em libras eg\u00edpcias, $, \u20ac ou \u00a3.<\/li>\n<\/ul>\n<p><strong>Pol\u00edtica de cancelamento:<\/strong><\/p>\n<ul>\n<li>Cancelamento at\u00e9 24 horas de anteced\u00eancia.<\/li>\n<li>Quando algu\u00e9m da sua fam\u00edlia cancela a manh\u00e3, paga 50% do custo.<\/li>\n<\/ul>\n<p><strong>O que \u00e9 que est\u00e1 inclu\u00eddo?<\/strong><\/p>\n<ul>\n<li>Transfer dos hot\u00e9is de El Gouna &#8220;Hotel pick up and drop off&#8221;.<\/li>\n<li>Todos os impostos, taxas de entrada e despesas de manuseamento.<\/li>\n<li>\u00c1gua mineral + Cola.<\/li>\n<li>um local de mergulho com snorkel.<\/li>\n<li>One Spot Snorkeling e observa\u00e7\u00e3o de golfinhos.<\/li>\n<li>Equipamento de snorkeling &#8220;M\u00e1scaras e barbatanas de nata\u00e7\u00e3o&#8221;.<\/li>\n<li>2-5 horas na <strong>praia<\/strong> <strong>da ilha de Orange Bay<\/strong>.<\/li>\n<\/ul>\n<p><strong>Exclus\u00f5es?<\/strong><\/p>\n<ul>\n<li>Gorjetas.<\/li>\n<li>Bebidas no restaurante The Orange Bay Island.<\/li>\n<li>Quaisquer extras n\u00e3o mencionados.<\/li>\n<\/ul>\n<p><strong>Pre\u00e7os:<\/strong><\/p>\n<ul>\n<li><strong>com bilhetes &#8220;2 pessoas&#8221;= 230$.<\/strong><\/li>\n<li><strong>At\u00e9 2 pessoas Bilhete extra = 5$ por pessoa.<\/strong><\/li>\n<\/ul>\n<p><strong>Coment\u00e1rios:<\/strong><\/p>\n<p>verifique o nosso Google Map Reviews como Melhor <a href=\"https:\/\/g.page\/r\/CUeYvkngP3wkEBM\/review\">Operador Tur\u00edstico em Hurghada<\/a> online em <a href=\"https:\/\/hurghadalovers.com\/\">Hurghada<\/a> Egipto.<\/p>\n<p>&nbsp;<\/p>\n<p><strong>Reserva:<\/strong><\/p>\n<p>Enviar hotel + n\u00famero do quarto + passaportes com fotografia para o WhatsApp: <strong>+201112596434<\/strong><\/p>\n<p>Se estiver no Egipto, reserve agora online e confirme a sua chegada ao hotel.<\/p>\n<p>&nbsp;<\/p>\n<p>&nbsp;<\/p>\n","protected":false},"excerpt":{"rendered":"<p><strong>Aluguer de lancha r\u00e1pida <\/strong>em <strong>El Gouna<\/strong> <strong>para a Dolphin House &amp; Orange bay Island | Lanchas r\u00e1pidas privadas de luxo <\/strong>com bilhetes, snorkeling, bebidas e transporte.<\/p>\n","protected":false},"featured_media":395323,"template":"","meta":{"_joinchat":[]},"product_brand":[],"product_cat":[29297],"product_tag":[],"class_list":{"0":"post-395513","1":"product","2":"type-product","3":"status-publish","4":"has-post-thumbnail","6":"product_cat-egypt-tours","7":"tour_category-el-gouna-mergulho-com-snorkel","8":"tour_category-o-que-fazer-no-el-gouna","10":"first","11":"instock","12":"sale","13":"shipping-taxable","14":"purchasable","15":"product-type-tour"},"yoast_head":"<!-- This site is optimized with the Yoast SEO Premium plugin v26.9 (Yoast SEO v27.2) - https:\/\/yoast.com\/product\/yoast-seo-premium-wordpress\/ -->\n<title>Aluguer de lancha r\u00e1pida em El Gouna para a Dolphin House e a ilha de Orange Bay<\/title>\n<meta name=\"description\" content=\"Aluguer de lancha r\u00e1pida em El Gouna para a Dolphin House &amp; Orange bay Island | Lanchas r\u00e1pidas privadas de luxo com bilhetes, snorkeling, bebidas e transporte.\" \/>\n<meta name=\"robots\" content=\"index, follow, max-snippet:-1, max-image-preview:large, max-video-preview:-1\" \/>\n<link rel=\"canonical\" href=\"https:\/\/hurghadalovers.com\/pt-pt\/tours\/el-gouna-speedboat-rental-to-dolphin-house-orange-bay-island\/\" \/>\n<meta property=\"og:locale\" content=\"pt_PT\" \/>\n<meta property=\"og:type\" content=\"article\" \/>\n<meta property=\"og:title\" content=\"Aluguer de lancha r\u00e1pida em El Gouna para a Dolphin House e a ilha de Orange Bay\" \/>\n<meta property=\"og:description\" content=\"Aluguer de lancha r\u00e1pida em El Gouna para a Dolphin House &amp; Orange bay Island | Lanchas r\u00e1pidas privadas de luxo com bilhetes, snorkeling, bebidas e transporte.\" \/>\n<meta property=\"og:url\" content=\"https:\/\/hurghadalovers.com\/pt-pt\/tours\/el-gouna-speedboat-rental-to-dolphin-house-orange-bay-island\/\" \/>\n<meta property=\"og:site_name\" content=\"Hurghada Excursions &amp; Day Trips | Booking Best Prices Tours\" \/>\n<meta property=\"article:publisher\" content=\"https:\/\/www.facebook.com\/Hurghadaloversegypt\" \/>\n<meta property=\"article:modified_time\" content=\"2026-02-08T19:47:57+00:00\" \/>\n<meta property=\"og:image\" content=\"https:\/\/hurghadalovers.com\/wp-content\/uploads\/2023\/09\/El-Gouna-Speedboat-Rental-to-Dolphin-House-Orange-bay-Island.jpeg\" \/>\n\t<meta property=\"og:image:width\" content=\"1156\" \/>\n\t<meta property=\"og:image:height\" content=\"867\" \/>\n\t<meta property=\"og:image:type\" content=\"image\/jpeg\" \/>\n<meta name=\"twitter:card\" content=\"summary_large_image\" \/>\n<meta name=\"twitter:label1\" content=\"pre\u00e7o\" \/>\n\t<meta name=\"twitter:data1\" content=\"&euro;&nbsp;230\" \/>\n\t<meta name=\"twitter:label2\" content=\"Disponibilidade\" \/>\n\t<meta name=\"twitter:data2\" content=\"Em stock\" \/>\n<script type=\"application\/ld+json\" class=\"yoast-schema-graph\">{\"@context\":\"https:\/\/schema.org\",\"@graph\":[{\"@type\":[\"WebPage\",\"ItemPage\"],\"@id\":\"https:\/\/hurghadalovers.com\/pt-pt\/tours\/el-gouna-speedboat-rental-to-dolphin-house-orange-bay-island\/\",\"url\":\"https:\/\/hurghadalovers.com\/pt-pt\/tours\/el-gouna-speedboat-rental-to-dolphin-house-orange-bay-island\/\",\"name\":\"Aluguer de lancha r\u00e1pida em El Gouna para a Dolphin House e a ilha de Orange Bay\",\"isPartOf\":{\"@id\":\"https:\/\/hurghadalovers.com\/pt-pt\/#website\"},\"primaryImageOfPage\":{\"@id\":\"https:\/\/hurghadalovers.com\/pt-pt\/tours\/el-gouna-speedboat-rental-to-dolphin-house-orange-bay-island\/#primaryimage\"},\"image\":{\"@id\":\"https:\/\/hurghadalovers.com\/pt-pt\/tours\/el-gouna-speedboat-rental-to-dolphin-house-orange-bay-island\/#primaryimage\"},\"thumbnailUrl\":\"https:\/\/hurghadalovers.com\/wp-content\/uploads\/2023\/09\/El-Gouna-Speedboat-Rental-to-Dolphin-House-Orange-bay-Island.jpeg\",\"datePublished\":\"2023-09-03T15:23:39+00:00\",\"dateModified\":\"2026-02-08T19:47:57+00:00\",\"description\":\"Aluguer de lancha r\u00e1pida em El Gouna para a Dolphin House & Orange bay Island | Lanchas r\u00e1pidas privadas de luxo com bilhetes, snorkeling, bebidas e transporte.\",\"breadcrumb\":{\"@id\":\"https:\/\/hurghadalovers.com\/pt-pt\/tours\/el-gouna-speedboat-rental-to-dolphin-house-orange-bay-island\/#breadcrumb\"},\"inLanguage\":\"pt-PT\",\"potentialAction\":[{\"@type\":\"ReadAction\",\"target\":[\"https:\/\/hurghadalovers.com\/pt-pt\/tours\/el-gouna-speedboat-rental-to-dolphin-house-orange-bay-island\/\"]}]},{\"@type\":\"ImageObject\",\"inLanguage\":\"pt-PT\",\"@id\":\"https:\/\/hurghadalovers.com\/pt-pt\/tours\/el-gouna-speedboat-rental-to-dolphin-house-orange-bay-island\/#primaryimage\",\"url\":\"https:\/\/hurghadalovers.com\/wp-content\/uploads\/2023\/09\/El-Gouna-Speedboat-Rental-to-Dolphin-House-Orange-bay-Island.jpeg\",\"contentUrl\":\"https:\/\/hurghadalovers.com\/wp-content\/uploads\/2023\/09\/El-Gouna-Speedboat-Rental-to-Dolphin-House-Orange-bay-Island.jpeg\",\"width\":1156,\"height\":867,\"caption\":\"Aluguer de lancha r\u00e1pida em El Gouna para a Dolphin House e a ilha de Orange Bay\"},{\"@type\":\"BreadcrumbList\",\"@id\":\"https:\/\/hurghadalovers.com\/pt-pt\/tours\/el-gouna-speedboat-rental-to-dolphin-house-orange-bay-island\/#breadcrumb\",\"itemListElement\":[{\"@type\":\"ListItem\",\"position\":1,\"name\":\"Home\",\"item\":\"https:\/\/hurghadalovers.com\/pt-pt\/\"},{\"@type\":\"ListItem\",\"position\":2,\"name\":\"Shop\",\"item\":\"https:\/\/hurghadalovers.com\/shop\/\"},{\"@type\":\"ListItem\",\"position\":3,\"name\":\"Aluguer de lancha r\u00e1pida em El Gouna para a Dolphin House e a ilha de Orange Bay\"}]},{\"@type\":\"WebSite\",\"@id\":\"https:\/\/hurghadalovers.com\/pt-pt\/#website\",\"url\":\"https:\/\/hurghadalovers.com\/pt-pt\/\",\"name\":\"Hurghada Excursions & Day Trips | Booking Best Prices Tours\",\"description\":\"Hurghada Lovers - Best Tour Operator - Excursions &amp; Things to do for Family Day Trips with kids and Couples Romantic. Unique .Hidden gems\",\"publisher\":{\"@id\":\"https:\/\/hurghadalovers.com\/pt-pt\/#organization\"},\"alternateName\":\"Hurghada Excursions\",\"potentialAction\":[{\"@type\":\"SearchAction\",\"target\":{\"@type\":\"EntryPoint\",\"urlTemplate\":\"https:\/\/hurghadalovers.com\/pt-pt\/?s={search_term_string}\"},\"query-input\":{\"@type\":\"PropertyValueSpecification\",\"valueRequired\":true,\"valueName\":\"search_term_string\"}}],\"inLanguage\":\"pt-PT\"},{\"@type\":[\"Organization\",\"Place\",\"TravelAgency\"],\"@id\":\"https:\/\/hurghadalovers.com\/pt-pt\/#organization\",\"name\":\"Hurghada Excursions\",\"url\":\"https:\/\/hurghadalovers.com\/pt-pt\/\",\"logo\":{\"@id\":\"https:\/\/hurghadalovers.com\/pt-pt\/tours\/el-gouna-speedboat-rental-to-dolphin-house-orange-bay-island\/#local-main-organization-logo\"},\"image\":{\"@id\":\"https:\/\/hurghadalovers.com\/pt-pt\/tours\/el-gouna-speedboat-rental-to-dolphin-house-orange-bay-island\/#local-main-organization-logo\"},\"sameAs\":[\"https:\/\/www.facebook.com\/Hurghadaloversegypt\"],\"address\":{\"@id\":\"https:\/\/hurghadalovers.com\/pt-pt\/tours\/el-gouna-speedboat-rental-to-dolphin-house-orange-bay-island\/#local-main-place-address\"},\"telephone\":[\"00201112596434\"],\"contactPoint\":{\"@type\":\"ContactPoint\",\"telephone\":\"00201112596434\",\"email\":\"weyouface@gmail.com\"},\"openingHoursSpecification\":{\"@type\":\"OpeningHoursSpecification\",\"dayOfWeek\":[\"Monday\",\"Tuesday\",\"Wednesday\",\"Thursday\",\"Friday\",\"Saturday\",\"Sunday\"],\"opens\":\"00:00\",\"closes\":\"23:59\"},\"email\":\"weyouface@gmail.com\",\"areaServed\":\"Luxor, Hurghada, El Gouna, Aswan, Sharm El Sheikh, Giza, Alexandria, Marsa Alam, Quseir, Soma Bay, Sahl Hasheesh, Red Sea, Makadi Bay, Cairo\",\"priceRange\":\"$\",\"currenciesAccepted\":\"euro\",\"paymentAccepted\":\"cash on site\"},{\"@type\":\"PostalAddress\",\"@id\":\"https:\/\/hurghadalovers.com\/pt-pt\/tours\/el-gouna-speedboat-rental-to-dolphin-house-orange-bay-island\/#local-main-place-address\",\"streetAddress\":\"17 Banks street, Alkawther area, top nbk bank\",\"addressLocality\":\"hurghada\",\"postalCode\":\"84511\",\"addressRegion\":\"red sea\",\"addressCountry\":\"EG\"},{\"@type\":\"ImageObject\",\"inLanguage\":\"pt-PT\",\"@id\":\"https:\/\/hurghadalovers.com\/pt-pt\/tours\/el-gouna-speedboat-rental-to-dolphin-house-orange-bay-island\/#local-main-organization-logo\",\"url\":\"https:\/\/hurghadalovers.com\/wp-content\/uploads\/2019\/10\/hurghada-excursions-logo.png\",\"contentUrl\":\"https:\/\/hurghadalovers.com\/wp-content\/uploads\/2019\/10\/hurghada-excursions-logo.png\",\"width\":272,\"height\":90,\"caption\":\"Hurghada Excursions\"}]}<\/script>\n<meta property=\"product:brand\" content=\"El Gouna Mergulho com snorkel\" \/>\n<meta property=\"product:price:amount\" content=\"230\" \/>\n<meta property=\"product:price:currency\" content=\"EUR\" \/>\n<meta property=\"og:availability\" content=\"instock\" \/>\n<meta property=\"product:availability\" content=\"instock\" \/>\n<meta property=\"product:retailer_item_id\" content=\"Gouna71024\" \/>\n<meta property=\"product:condition\" content=\"new\" \/>\n<meta name=\"geo.placename\" content=\"hurghada\" \/>\n<meta name=\"geo.region\" content=\"Egipto\" \/>\n<!-- \/ Yoast SEO Premium plugin. -->","yoast_head_json":{"title":"Aluguer de lancha r\u00e1pida em El Gouna para a Dolphin House e a ilha de Orange Bay","description":"Aluguer de lancha r\u00e1pida em El Gouna para a Dolphin House & Orange bay Island | Lanchas r\u00e1pidas privadas de luxo com bilhetes, snorkeling, bebidas e transporte.","robots":{"index":"index","follow":"follow","max-snippet":"max-snippet:-1","max-image-preview":"max-image-preview:large","max-video-preview":"max-video-preview:-1"},"canonical":"https:\/\/hurghadalovers.com\/pt-pt\/tours\/el-gouna-speedboat-rental-to-dolphin-house-orange-bay-island\/","og_locale":"pt_PT","og_type":"article","og_title":"Aluguer de lancha r\u00e1pida em El Gouna para a Dolphin House e a ilha de Orange Bay","og_description":"Aluguer de lancha r\u00e1pida em El Gouna para a Dolphin House & Orange bay Island | Lanchas r\u00e1pidas privadas de luxo com bilhetes, snorkeling, bebidas e transporte.","og_url":"https:\/\/hurghadalovers.com\/pt-pt\/tours\/el-gouna-speedboat-rental-to-dolphin-house-orange-bay-island\/","og_site_name":"Hurghada Excursions &amp; Day Trips | Booking Best Prices Tours","article_publisher":"https:\/\/www.facebook.com\/Hurghadaloversegypt","article_modified_time":"2026-02-08T19:47:57+00:00","og_image":[{"width":1156,"height":867,"url":"https:\/\/hurghadalovers.com\/wp-content\/uploads\/2023\/09\/El-Gouna-Speedboat-Rental-to-Dolphin-House-Orange-bay-Island.jpeg","type":"image\/jpeg"}],"twitter_card":"summary_large_image","twitter_misc":{"pre\u00e7o":"&euro;&nbsp;230","Disponibilidade":"Em stock"},"schema":{"@context":"https:\/\/schema.org","@graph":[{"@type":["WebPage","ItemPage"],"@id":"https:\/\/hurghadalovers.com\/pt-pt\/tours\/el-gouna-speedboat-rental-to-dolphin-house-orange-bay-island\/","url":"https:\/\/hurghadalovers.com\/pt-pt\/tours\/el-gouna-speedboat-rental-to-dolphin-house-orange-bay-island\/","name":"Aluguer de lancha r\u00e1pida em El Gouna para a Dolphin House e a ilha de Orange Bay","isPartOf":{"@id":"https:\/\/hurghadalovers.com\/pt-pt\/#website"},"primaryImageOfPage":{"@id":"https:\/\/hurghadalovers.com\/pt-pt\/tours\/el-gouna-speedboat-rental-to-dolphin-house-orange-bay-island\/#primaryimage"},"image":{"@id":"https:\/\/hurghadalovers.com\/pt-pt\/tours\/el-gouna-speedboat-rental-to-dolphin-house-orange-bay-island\/#primaryimage"},"thumbnailUrl":"https:\/\/hurghadalovers.com\/wp-content\/uploads\/2023\/09\/El-Gouna-Speedboat-Rental-to-Dolphin-House-Orange-bay-Island.jpeg","datePublished":"2023-09-03T15:23:39+00:00","dateModified":"2026-02-08T19:47:57+00:00","description":"Aluguer de lancha r\u00e1pida em El Gouna para a Dolphin House & Orange bay Island | Lanchas r\u00e1pidas privadas de luxo com bilhetes, snorkeling, bebidas e transporte.","breadcrumb":{"@id":"https:\/\/hurghadalovers.com\/pt-pt\/tours\/el-gouna-speedboat-rental-to-dolphin-house-orange-bay-island\/#breadcrumb"},"inLanguage":"pt-PT","potentialAction":[{"@type":"ReadAction","target":["https:\/\/hurghadalovers.com\/pt-pt\/tours\/el-gouna-speedboat-rental-to-dolphin-house-orange-bay-island\/"]}]},{"@type":"ImageObject","inLanguage":"pt-PT","@id":"https:\/\/hurghadalovers.com\/pt-pt\/tours\/el-gouna-speedboat-rental-to-dolphin-house-orange-bay-island\/#primaryimage","url":"https:\/\/hurghadalovers.com\/wp-content\/uploads\/2023\/09\/El-Gouna-Speedboat-Rental-to-Dolphin-House-Orange-bay-Island.jpeg","contentUrl":"https:\/\/hurghadalovers.com\/wp-content\/uploads\/2023\/09\/El-Gouna-Speedboat-Rental-to-Dolphin-House-Orange-bay-Island.jpeg","width":1156,"height":867,"caption":"Aluguer de lancha r\u00e1pida em El Gouna para a Dolphin House e a ilha de Orange Bay"},{"@type":"BreadcrumbList","@id":"https:\/\/hurghadalovers.com\/pt-pt\/tours\/el-gouna-speedboat-rental-to-dolphin-house-orange-bay-island\/#breadcrumb","itemListElement":[{"@type":"ListItem","position":1,"name":"Home","item":"https:\/\/hurghadalovers.com\/pt-pt\/"},{"@type":"ListItem","position":2,"name":"Shop","item":"https:\/\/hurghadalovers.com\/shop\/"},{"@type":"ListItem","position":3,"name":"Aluguer de lancha r\u00e1pida em El Gouna para a Dolphin House e a ilha de Orange Bay"}]},{"@type":"WebSite","@id":"https:\/\/hurghadalovers.com\/pt-pt\/#website","url":"https:\/\/hurghadalovers.com\/pt-pt\/","name":"Hurghada Excursions & Day Trips | Booking Best Prices Tours","description":"Hurghada Lovers - Best Tour Operator - Excursions &amp; Things to do for Family Day Trips with kids and Couples Romantic. Unique .Hidden gems","publisher":{"@id":"https:\/\/hurghadalovers.com\/pt-pt\/#organization"},"alternateName":"Hurghada Excursions","potentialAction":[{"@type":"SearchAction","target":{"@type":"EntryPoint","urlTemplate":"https:\/\/hurghadalovers.com\/pt-pt\/?s={search_term_string}"},"query-input":{"@type":"PropertyValueSpecification","valueRequired":true,"valueName":"search_term_string"}}],"inLanguage":"pt-PT"},{"@type":["Organization","Place","TravelAgency"],"@id":"https:\/\/hurghadalovers.com\/pt-pt\/#organization","name":"Hurghada Excursions","url":"https:\/\/hurghadalovers.com\/pt-pt\/","logo":{"@id":"https:\/\/hurghadalovers.com\/pt-pt\/tours\/el-gouna-speedboat-rental-to-dolphin-house-orange-bay-island\/#local-main-organization-logo"},"image":{"@id":"https:\/\/hurghadalovers.com\/pt-pt\/tours\/el-gouna-speedboat-rental-to-dolphin-house-orange-bay-island\/#local-main-organization-logo"},"sameAs":["https:\/\/www.facebook.com\/Hurghadaloversegypt"],"address":{"@id":"https:\/\/hurghadalovers.com\/pt-pt\/tours\/el-gouna-speedboat-rental-to-dolphin-house-orange-bay-island\/#local-main-place-address"},"telephone":["00201112596434"],"contactPoint":{"@type":"ContactPoint","telephone":"00201112596434","email":"weyouface@gmail.com"},"openingHoursSpecification":{"@type":"OpeningHoursSpecification","dayOfWeek":["Monday","Tuesday","Wednesday","Thursday","Friday","Saturday","Sunday"],"opens":"00:00","closes":"23:59"},"email":"weyouface@gmail.com","areaServed":"Luxor, Hurghada, El Gouna, Aswan, Sharm El Sheikh, Giza, Alexandria, Marsa Alam, Quseir, Soma Bay, Sahl Hasheesh, Red Sea, Makadi Bay, Cairo","priceRange":"$","currenciesAccepted":"euro","paymentAccepted":"cash on site"},{"@type":"PostalAddress","@id":"https:\/\/hurghadalovers.com\/pt-pt\/tours\/el-gouna-speedboat-rental-to-dolphin-house-orange-bay-island\/#local-main-place-address","streetAddress":"17 Banks street, Alkawther area, top nbk bank","addressLocality":"hurghada","postalCode":"84511","addressRegion":"red sea","addressCountry":"EG"},{"@type":"ImageObject","inLanguage":"pt-PT","@id":"https:\/\/hurghadalovers.com\/pt-pt\/tours\/el-gouna-speedboat-rental-to-dolphin-house-orange-bay-island\/#local-main-organization-logo","url":"https:\/\/hurghadalovers.com\/wp-content\/uploads\/2019\/10\/hurghada-excursions-logo.png","contentUrl":"https:\/\/hurghadalovers.com\/wp-content\/uploads\/2019\/10\/hurghada-excursions-logo.png","width":272,"height":90,"caption":"Hurghada Excursions"}]},"product_brand":"El Gouna Mergulho com snorkel","product_price_amount":"230","product_price_currency":"EUR","og_availability":"instock","product_availability":"instock","product_retailer_item_id":"Gouna71024","product_condition":"new","geo.placename":"hurghada","geo.region":"Egipto"},"_links":{"self":[{"href":"https:\/\/hurghadalovers.com\/pt-pt\/wp-json\/wp\/v2\/product\/395513","targetHints":{"allow":["GET"]}}],"collection":[{"href":"https:\/\/hurghadalovers.com\/pt-pt\/wp-json\/wp\/v2\/product"}],"about":[{"href":"https:\/\/hurghadalovers.com\/pt-pt\/wp-json\/wp\/v2\/types\/product"}],"wp:featuredmedia":[{"embeddable":true,"href":"https:\/\/hurghadalovers.com\/pt-pt\/wp-json\/wp\/v2\/media\/395323"}],"wp:attachment":[{"href":"https:\/\/hurghadalovers.com\/pt-pt\/wp-json\/wp\/v2\/media?parent=395513"}],"wp:term":[{"taxonomy":"product_brand","embeddable":true,"href":"https:\/\/hurghadalovers.com\/pt-pt\/wp-json\/wp\/v2\/product_brand?post=395513"},{"taxonomy":"product_cat","embeddable":true,"href":"https:\/\/hurghadalovers.com\/pt-pt\/wp-json\/wp\/v2\/product_cat?post=395513"},{"taxonomy":"product_tag","embeddable":true,"href":"https:\/\/hurghadalovers.com\/pt-pt\/wp-json\/wp\/v2\/product_tag?post=395513"}],"curies":[{"name":"wp","href":"https:\/\/api.w.org\/{rel}","templated":true}]}}