{"id":394894,"date":"2023-09-03T11:51:43","date_gmt":"2023-09-03T11:51:43","guid":{"rendered":"https:\/\/hurghadalovers.com\/shop\/sem%20categoria\/excursoes-privadas-de-el-gouna-para-luxor-e-assuao-2-dias\/"},"modified":"2026-02-08T08:56:07","modified_gmt":"2026-02-08T08:56:07","slug":"private-el-gouna-excursions-to-luxor-aswan-2-days","status":"publish","type":"product","link":"https:\/\/hurghadalovers.com\/pt-pt\/tours\/private-el-gouna-excursions-to-luxor-aswan-2-days\/","title":{"rendered":"Excurs\u00f5es privadas de El Gouna para Luxor e Assu\u00e3o &#8211; 2 dias"},"content":{"rendered":"<p><strong>Excurs\u00f5es<\/strong> <strong>privadas <\/strong> de<strong>El Gouna<\/strong> <strong>para Luxor<\/strong> e Assu\u00e3o &#8211; 2 dias com guia privado, bilhetes e almo\u00e7o.<\/p>\n<p>Descubra os segredos dos reis dos fara\u00f3s atrav\u00e9s de uma excurs\u00e3o de dois dias aos marcos da antiga cidade de Luxor e Assu\u00e3o, e aprenda sobre os factos e a hist\u00f3ria da antiga civiliza\u00e7\u00e3o do Egipto, os segredos do Rei Tutankhamun, do Rei Rams\u00e9s II, e muito mais.<\/p>\n<p><strong>Destaques:<\/strong><\/p>\n<ul>\n<li>Templo de Karnak.<\/li>\n<li>Colossos de Memnon.<\/li>\n<li>Templo mortu\u00e1rio de Hatshepsut.<\/li>\n<li>3 T\u00famulos no Vale dos Reis .<\/li>\n<li>O Templo de Philae.<\/li>\n<li>O Obelisco Inacabado.<\/li>\n<li>A barragem alta.<\/li>\n<li>Almo\u00e7o no restaurante &#8220;Comida vegetariana dispon\u00edvel&#8221;.<\/li>\n<\/ul>\n<p><strong>Privado <\/strong><strong>El Gouna<\/strong> <strong>Detalhes das excurs\u00f5es a Luxor &amp; &amp; Aswan:<\/strong><\/p>\n<ul>\n<li>Disponibilidade da excurs\u00e3o: Todos os dias.<\/li>\n<li>Tipo de passeio: Privado em carro ou minivan.<\/li>\n<li>Hora de recolha: A partir das 05:30 A.M.<\/li>\n<li>Pedir ao hotel que receba o seu saco de pequeno-almo\u00e7o de manh\u00e3.<\/li>\n<li>Hora de partida: 19:00.<\/li>\n<li>Acess\u00edvel a cadeiras de rodas.<\/li>\n<li>Dura\u00e7\u00e3o: 2 dias \/ 1 noite.<\/li>\n<\/ul>\n<p><strong>Reserve agora e pague depois:<\/strong><\/p>\n<ul>\n<li>Dinheiro no local para guiar.<\/li>\n<li>Pagamento em libras eg\u00edpcias, $, \u20ac ou \u00a3.<\/li>\n<\/ul>\n<p><strong>Pol\u00edtica de cancelamento:<\/strong><\/p>\n<ul>\n<li>Cancelamento at\u00e9 24 horas de anteced\u00eancia.<\/li>\n<li>Quando algu\u00e9m da sua fam\u00edlia cancela a manh\u00e3, paga 50% do custo.<\/li>\n<\/ul>\n<p><strong>O que \u00e9 que est\u00e1 inclu\u00eddo?<\/strong><\/p>\n<ul>\n<li>Transfer dos hot\u00e9is de El Gouna &#8220;Hotel pick up and drop off&#8221;.<\/li>\n<li>Todos os impostos, taxas de entrada e despesas de manuseamento.<\/li>\n<li>Transfer\u00eancias.<\/li>\n<li>Guia tur\u00edstico.<\/li>\n<li>Uma noite no hotel com pequeno-almo\u00e7o.<\/li>\n<li>Bebidas.<\/li>\n<li>2 Tempo de almo\u00e7o no restaurante.<\/li>\n<\/ul>\n<p><strong>Exclus\u00f5es?<\/strong><\/p>\n<ul>\n<li>Gorjetas.<\/li>\n<li>Quaisquer extras n\u00e3o mencionados.<\/li>\n<\/ul>\n<p><strong>Pre\u00e7os:<\/strong><\/p>\n<ul>\n<li><strong>Pre\u00e7o adulto = a partir de 280$ por pessoa<\/strong>.<\/li>\n<li>Pre\u00e7o para crian\u00e7as &#8220;5-12\u2033= 50%.<\/li>\n<li>para crian\u00e7as &#8220;0-5\u2033= Gr\u00e1tis.<\/li>\n<\/ul>\n<p><strong>Coment\u00e1rios:<\/strong><\/p>\n<p>verifique o nosso Google Map Reviews como Melhor <a href=\"https:\/\/g.page\/r\/CUeYvkngP3wkEBM\/review\">Operador Tur\u00edstico em Hurghada<\/a> online em <a href=\"https:\/\/hurghadalovers.com\/\">Hurghada<\/a> Egipto.<\/p>\n<p><strong>Reserva:<\/strong><\/p>\n<p>Enviar hotel + n\u00famero do quarto + passaportes com fotografia para o WhatsApp: <strong>+201112596434<\/strong><\/p>\n<p>Se estiver no Egipto, reserve agora online e confirme a sua chegada ao hotel.<\/p>\n<p>&nbsp;<\/p>\n<p>&nbsp;<\/p>\n","protected":false},"excerpt":{"rendered":"<p><strong>Excurs\u00f5es<\/strong> <strong>privadas <\/strong> de<strong>El Gouna<\/strong> <strong>para Luxor<\/strong> e Assu\u00e3o &#8211; 2 dias com guia privado, bilhetes e almo\u00e7o. Descubra os segredos dos reis dos fara\u00f3s atrav\u00e9s de uma visita de dois dias<\/p>\n","protected":false},"featured_media":936448,"template":"","meta":{"_joinchat":[]},"product_brand":[],"product_cat":[49770],"product_tag":[57716,57743,57750,57736,57723,57764,57730,57757,57709,57700],"class_list":{"0":"post-394894","1":"product","2":"type-product","3":"status-publish","4":"has-post-thumbnail","6":"product_cat-excursoes","7":"product_tag-autocarro-de-el-gouna-para-luxor","8":"product_tag-balao-de-ar-quente-el-gouna","9":"product_tag-el-gouna-para-o-vale-dos-reis","10":"product_tag-excursao-a-luxor-a-partir-de-el-gouna","11":"product_tag-excursao-de-um-dia-a-luxor-com-partida-de-el-gouna","12":"product_tag-excursao-privada-a-luxor-a-partir-de-el-gouna","13":"product_tag-excursoes-de-el-gouna-para-luxor","14":"product_tag-transfere-de-luxor-para-el-gouna","15":"product_tag-viagem-a-luxor-a-partir-de-el-gouna","16":"product_tag-viagem-de-um-dia-de-el-gouna-a-luxor","17":"tour_category-viagens-de-um-dia-luxor-de-el-gouna","18":"tour_category-o-que-fazer-no-el-gouna","20":"first","21":"instock","22":"sale","23":"shipping-taxable","24":"purchasable","25":"product-type-tour"},"yoast_head":"<!-- This site is optimized with the Yoast SEO Premium plugin v26.9 (Yoast SEO v27.2) - https:\/\/yoast.com\/product\/yoast-seo-premium-wordpress\/ -->\n<title>Excurs\u00f5es privadas de El Gouna para Luxor e Assu\u00e3o - 2 dias<\/title>\n<meta name=\"description\" content=\"Excurs\u00f5es privadas de El Gouna para Luxor e Assu\u00e3o - 2 dias com guia privado, bilhetes e almo\u00e7o. Descubra os segredos dos reis dos fara\u00f3s atrav\u00e9s de\" \/>\n<meta name=\"robots\" content=\"index, follow, max-snippet:-1, max-image-preview:large, max-video-preview:-1\" \/>\n<link rel=\"canonical\" href=\"https:\/\/hurghadalovers.com\/pt-pt\/tours\/private-el-gouna-excursions-to-luxor-aswan-2-days\/\" \/>\n<meta property=\"og:locale\" content=\"pt_PT\" \/>\n<meta property=\"og:type\" content=\"article\" \/>\n<meta property=\"og:title\" content=\"Excurs\u00f5es privadas de El Gouna para Luxor e Assu\u00e3o - 2 dias\" \/>\n<meta property=\"og:description\" content=\"Excurs\u00f5es privadas de El Gouna para Luxor e Assu\u00e3o - 2 dias com guia privado, bilhetes e almo\u00e7o. Descubra os segredos dos reis dos fara\u00f3s atrav\u00e9s de\" \/>\n<meta property=\"og:url\" content=\"https:\/\/hurghadalovers.com\/pt-pt\/tours\/private-el-gouna-excursions-to-luxor-aswan-2-days\/\" \/>\n<meta property=\"og:site_name\" content=\"Hurghada Excursions &amp; Day Trips | Booking Best Prices Tours\" \/>\n<meta property=\"article:publisher\" content=\"https:\/\/www.facebook.com\/Hurghadaloversegypt\" \/>\n<meta property=\"article:modified_time\" content=\"2026-02-08T08:56:07+00:00\" \/>\n<meta property=\"og:image\" content=\"https:\/\/hurghadalovers.com\/wp-content\/uploads\/2023\/08\/Private-2-Day-Trip-to-Luxor-from-Makadi-bay-All-inclusive-2026.jpeg\" \/>\n\t<meta property=\"og:image:width\" content=\"960\" \/>\n\t<meta property=\"og:image:height\" content=\"1280\" \/>\n\t<meta property=\"og:image:type\" content=\"image\/jpeg\" \/>\n<meta name=\"twitter:card\" content=\"summary_large_image\" \/>\n<meta name=\"twitter:label1\" content=\"pre\u00e7o\" \/>\n\t<meta name=\"twitter:data1\" content=\"&euro;&nbsp;400\" \/>\n\t<meta name=\"twitter:label2\" content=\"Disponibilidade\" \/>\n\t<meta name=\"twitter:data2\" content=\"Em stock\" \/>\n<script type=\"application\/ld+json\" class=\"yoast-schema-graph\">{\"@context\":\"https:\/\/schema.org\",\"@graph\":[{\"@type\":[\"WebPage\",\"ItemPage\"],\"@id\":\"https:\/\/hurghadalovers.com\/pt-pt\/tours\/private-el-gouna-excursions-to-luxor-aswan-2-days\/\",\"url\":\"https:\/\/hurghadalovers.com\/pt-pt\/tours\/private-el-gouna-excursions-to-luxor-aswan-2-days\/\",\"name\":\"Excurs\u00f5es privadas de El Gouna para Luxor e Assu\u00e3o - 2 dias\",\"isPartOf\":{\"@id\":\"https:\/\/hurghadalovers.com\/pt-pt\/#website\"},\"primaryImageOfPage\":{\"@id\":\"https:\/\/hurghadalovers.com\/pt-pt\/tours\/private-el-gouna-excursions-to-luxor-aswan-2-days\/#primaryimage\"},\"image\":{\"@id\":\"https:\/\/hurghadalovers.com\/pt-pt\/tours\/private-el-gouna-excursions-to-luxor-aswan-2-days\/#primaryimage\"},\"thumbnailUrl\":\"https:\/\/hurghadalovers.com\/wp-content\/uploads\/2023\/08\/Private-2-Day-Trip-to-Luxor-from-Makadi-bay-All-inclusive-2026.jpeg\",\"datePublished\":\"2023-09-03T11:51:43+00:00\",\"dateModified\":\"2026-02-08T08:56:07+00:00\",\"description\":\"Excurs\u00f5es privadas de El Gouna para Luxor e Assu\u00e3o - 2 dias com guia privado, bilhetes e almo\u00e7o. Descubra os segredos dos reis dos fara\u00f3s atrav\u00e9s de\",\"breadcrumb\":{\"@id\":\"https:\/\/hurghadalovers.com\/pt-pt\/tours\/private-el-gouna-excursions-to-luxor-aswan-2-days\/#breadcrumb\"},\"inLanguage\":\"pt-PT\",\"potentialAction\":[{\"@type\":\"ReadAction\",\"target\":[\"https:\/\/hurghadalovers.com\/pt-pt\/tours\/private-el-gouna-excursions-to-luxor-aswan-2-days\/\"]}]},{\"@type\":\"ImageObject\",\"inLanguage\":\"pt-PT\",\"@id\":\"https:\/\/hurghadalovers.com\/pt-pt\/tours\/private-el-gouna-excursions-to-luxor-aswan-2-days\/#primaryimage\",\"url\":\"https:\/\/hurghadalovers.com\/wp-content\/uploads\/2023\/08\/Private-2-Day-Trip-to-Luxor-from-Makadi-bay-All-inclusive-2026.jpeg\",\"contentUrl\":\"https:\/\/hurghadalovers.com\/wp-content\/uploads\/2023\/08\/Private-2-Day-Trip-to-Luxor-from-Makadi-bay-All-inclusive-2026.jpeg\",\"width\":960,\"height\":1280,\"caption\":\"Private 2 Day Trip to Luxor from Makadi bay All inclusive 2026\"},{\"@type\":\"BreadcrumbList\",\"@id\":\"https:\/\/hurghadalovers.com\/pt-pt\/tours\/private-el-gouna-excursions-to-luxor-aswan-2-days\/#breadcrumb\",\"itemListElement\":[{\"@type\":\"ListItem\",\"position\":1,\"name\":\"Home\",\"item\":\"https:\/\/hurghadalovers.com\/pt-pt\/\"},{\"@type\":\"ListItem\",\"position\":2,\"name\":\"Shop\",\"item\":\"https:\/\/hurghadalovers.com\/shop\/\"},{\"@type\":\"ListItem\",\"position\":3,\"name\":\"Excurs\u00f5es privadas de El Gouna para Luxor e Assu\u00e3o &#8211; 2 dias\"}]},{\"@type\":\"WebSite\",\"@id\":\"https:\/\/hurghadalovers.com\/pt-pt\/#website\",\"url\":\"https:\/\/hurghadalovers.com\/pt-pt\/\",\"name\":\"Hurghada Excursions & Day Trips | Booking Best Prices Tours\",\"description\":\"Hurghada Lovers - Best Tour Operator - Excursions &amp; Things to do for Family Day Trips with kids and Couples Romantic. Unique .Hidden gems\",\"publisher\":{\"@id\":\"https:\/\/hurghadalovers.com\/pt-pt\/#organization\"},\"alternateName\":\"Hurghada Excursions\",\"potentialAction\":[{\"@type\":\"SearchAction\",\"target\":{\"@type\":\"EntryPoint\",\"urlTemplate\":\"https:\/\/hurghadalovers.com\/pt-pt\/?s={search_term_string}\"},\"query-input\":{\"@type\":\"PropertyValueSpecification\",\"valueRequired\":true,\"valueName\":\"search_term_string\"}}],\"inLanguage\":\"pt-PT\"},{\"@type\":[\"Organization\",\"Place\",\"TravelAgency\"],\"@id\":\"https:\/\/hurghadalovers.com\/pt-pt\/#organization\",\"name\":\"Hurghada Excursions\",\"url\":\"https:\/\/hurghadalovers.com\/pt-pt\/\",\"logo\":{\"@id\":\"https:\/\/hurghadalovers.com\/pt-pt\/tours\/private-el-gouna-excursions-to-luxor-aswan-2-days\/#local-main-organization-logo\"},\"image\":{\"@id\":\"https:\/\/hurghadalovers.com\/pt-pt\/tours\/private-el-gouna-excursions-to-luxor-aswan-2-days\/#local-main-organization-logo\"},\"sameAs\":[\"https:\/\/www.facebook.com\/Hurghadaloversegypt\"],\"address\":{\"@id\":\"https:\/\/hurghadalovers.com\/pt-pt\/tours\/private-el-gouna-excursions-to-luxor-aswan-2-days\/#local-main-place-address\"},\"telephone\":[\"00201112596434\"],\"contactPoint\":{\"@type\":\"ContactPoint\",\"telephone\":\"00201112596434\",\"email\":\"weyouface@gmail.com\"},\"openingHoursSpecification\":{\"@type\":\"OpeningHoursSpecification\",\"dayOfWeek\":[\"Monday\",\"Tuesday\",\"Wednesday\",\"Thursday\",\"Friday\",\"Saturday\",\"Sunday\"],\"opens\":\"00:00\",\"closes\":\"23:59\"},\"email\":\"weyouface@gmail.com\",\"areaServed\":\"Luxor, Hurghada, El Gouna, Aswan, Sharm El Sheikh, Giza, Alexandria, Marsa Alam, Quseir, Soma Bay, Sahl Hasheesh, Red Sea, Makadi Bay, Cairo\",\"priceRange\":\"$\",\"currenciesAccepted\":\"euro\",\"paymentAccepted\":\"cash on site\"},{\"@type\":\"PostalAddress\",\"@id\":\"https:\/\/hurghadalovers.com\/pt-pt\/tours\/private-el-gouna-excursions-to-luxor-aswan-2-days\/#local-main-place-address\",\"streetAddress\":\"17 Banks street, Alkawther area, top nbk bank\",\"addressLocality\":\"hurghada\",\"postalCode\":\"84511\",\"addressRegion\":\"red sea\",\"addressCountry\":\"EG\"},{\"@type\":\"ImageObject\",\"inLanguage\":\"pt-PT\",\"@id\":\"https:\/\/hurghadalovers.com\/pt-pt\/tours\/private-el-gouna-excursions-to-luxor-aswan-2-days\/#local-main-organization-logo\",\"url\":\"https:\/\/hurghadalovers.com\/wp-content\/uploads\/2019\/10\/hurghada-excursions-logo.png\",\"contentUrl\":\"https:\/\/hurghadalovers.com\/wp-content\/uploads\/2019\/10\/hurghada-excursions-logo.png\",\"width\":272,\"height\":90,\"caption\":\"Hurghada Excursions\"}]}<\/script>\n<meta property=\"product:brand\" content=\"Excurs\u00e3o \u00e0s Luxor De El Gouna\" \/>\n<meta property=\"product:price:amount\" content=\"400\" \/>\n<meta property=\"product:price:currency\" content=\"EUR\" \/>\n<meta property=\"og:availability\" content=\"instock\" \/>\n<meta property=\"product:availability\" content=\"instock\" \/>\n<meta property=\"product:retailer_item_id\" content=\"Gouna482024\" \/>\n<meta property=\"product:condition\" content=\"new\" \/>\n<meta name=\"geo.placename\" content=\"hurghada\" \/>\n<meta name=\"geo.region\" content=\"Egipto\" \/>\n<!-- \/ Yoast SEO Premium plugin. -->","yoast_head_json":{"title":"Excurs\u00f5es privadas de El Gouna para Luxor e Assu\u00e3o - 2 dias","description":"Excurs\u00f5es privadas de El Gouna para Luxor e Assu\u00e3o - 2 dias com guia privado, bilhetes e almo\u00e7o. Descubra os segredos dos reis dos fara\u00f3s atrav\u00e9s de","robots":{"index":"index","follow":"follow","max-snippet":"max-snippet:-1","max-image-preview":"max-image-preview:large","max-video-preview":"max-video-preview:-1"},"canonical":"https:\/\/hurghadalovers.com\/pt-pt\/tours\/private-el-gouna-excursions-to-luxor-aswan-2-days\/","og_locale":"pt_PT","og_type":"article","og_title":"Excurs\u00f5es privadas de El Gouna para Luxor e Assu\u00e3o - 2 dias","og_description":"Excurs\u00f5es privadas de El Gouna para Luxor e Assu\u00e3o - 2 dias com guia privado, bilhetes e almo\u00e7o. Descubra os segredos dos reis dos fara\u00f3s atrav\u00e9s de","og_url":"https:\/\/hurghadalovers.com\/pt-pt\/tours\/private-el-gouna-excursions-to-luxor-aswan-2-days\/","og_site_name":"Hurghada Excursions &amp; Day Trips | Booking Best Prices Tours","article_publisher":"https:\/\/www.facebook.com\/Hurghadaloversegypt","article_modified_time":"2026-02-08T08:56:07+00:00","og_image":[{"width":960,"height":1280,"url":"https:\/\/hurghadalovers.com\/wp-content\/uploads\/2023\/08\/Private-2-Day-Trip-to-Luxor-from-Makadi-bay-All-inclusive-2026.jpeg","type":"image\/jpeg"}],"twitter_card":"summary_large_image","twitter_misc":{"pre\u00e7o":"&euro;&nbsp;400","Disponibilidade":"Em stock"},"schema":{"@context":"https:\/\/schema.org","@graph":[{"@type":["WebPage","ItemPage"],"@id":"https:\/\/hurghadalovers.com\/pt-pt\/tours\/private-el-gouna-excursions-to-luxor-aswan-2-days\/","url":"https:\/\/hurghadalovers.com\/pt-pt\/tours\/private-el-gouna-excursions-to-luxor-aswan-2-days\/","name":"Excurs\u00f5es privadas de El Gouna para Luxor e Assu\u00e3o - 2 dias","isPartOf":{"@id":"https:\/\/hurghadalovers.com\/pt-pt\/#website"},"primaryImageOfPage":{"@id":"https:\/\/hurghadalovers.com\/pt-pt\/tours\/private-el-gouna-excursions-to-luxor-aswan-2-days\/#primaryimage"},"image":{"@id":"https:\/\/hurghadalovers.com\/pt-pt\/tours\/private-el-gouna-excursions-to-luxor-aswan-2-days\/#primaryimage"},"thumbnailUrl":"https:\/\/hurghadalovers.com\/wp-content\/uploads\/2023\/08\/Private-2-Day-Trip-to-Luxor-from-Makadi-bay-All-inclusive-2026.jpeg","datePublished":"2023-09-03T11:51:43+00:00","dateModified":"2026-02-08T08:56:07+00:00","description":"Excurs\u00f5es privadas de El Gouna para Luxor e Assu\u00e3o - 2 dias com guia privado, bilhetes e almo\u00e7o. Descubra os segredos dos reis dos fara\u00f3s atrav\u00e9s de","breadcrumb":{"@id":"https:\/\/hurghadalovers.com\/pt-pt\/tours\/private-el-gouna-excursions-to-luxor-aswan-2-days\/#breadcrumb"},"inLanguage":"pt-PT","potentialAction":[{"@type":"ReadAction","target":["https:\/\/hurghadalovers.com\/pt-pt\/tours\/private-el-gouna-excursions-to-luxor-aswan-2-days\/"]}]},{"@type":"ImageObject","inLanguage":"pt-PT","@id":"https:\/\/hurghadalovers.com\/pt-pt\/tours\/private-el-gouna-excursions-to-luxor-aswan-2-days\/#primaryimage","url":"https:\/\/hurghadalovers.com\/wp-content\/uploads\/2023\/08\/Private-2-Day-Trip-to-Luxor-from-Makadi-bay-All-inclusive-2026.jpeg","contentUrl":"https:\/\/hurghadalovers.com\/wp-content\/uploads\/2023\/08\/Private-2-Day-Trip-to-Luxor-from-Makadi-bay-All-inclusive-2026.jpeg","width":960,"height":1280,"caption":"Private 2 Day Trip to Luxor from Makadi bay All inclusive 2026"},{"@type":"BreadcrumbList","@id":"https:\/\/hurghadalovers.com\/pt-pt\/tours\/private-el-gouna-excursions-to-luxor-aswan-2-days\/#breadcrumb","itemListElement":[{"@type":"ListItem","position":1,"name":"Home","item":"https:\/\/hurghadalovers.com\/pt-pt\/"},{"@type":"ListItem","position":2,"name":"Shop","item":"https:\/\/hurghadalovers.com\/shop\/"},{"@type":"ListItem","position":3,"name":"Excurs\u00f5es privadas de El Gouna para Luxor e Assu\u00e3o &#8211; 2 dias"}]},{"@type":"WebSite","@id":"https:\/\/hurghadalovers.com\/pt-pt\/#website","url":"https:\/\/hurghadalovers.com\/pt-pt\/","name":"Hurghada Excursions & Day Trips | Booking Best Prices Tours","description":"Hurghada Lovers - Best Tour Operator - Excursions &amp; Things to do for Family Day Trips with kids and Couples Romantic. Unique .Hidden gems","publisher":{"@id":"https:\/\/hurghadalovers.com\/pt-pt\/#organization"},"alternateName":"Hurghada Excursions","potentialAction":[{"@type":"SearchAction","target":{"@type":"EntryPoint","urlTemplate":"https:\/\/hurghadalovers.com\/pt-pt\/?s={search_term_string}"},"query-input":{"@type":"PropertyValueSpecification","valueRequired":true,"valueName":"search_term_string"}}],"inLanguage":"pt-PT"},{"@type":["Organization","Place","TravelAgency"],"@id":"https:\/\/hurghadalovers.com\/pt-pt\/#organization","name":"Hurghada Excursions","url":"https:\/\/hurghadalovers.com\/pt-pt\/","logo":{"@id":"https:\/\/hurghadalovers.com\/pt-pt\/tours\/private-el-gouna-excursions-to-luxor-aswan-2-days\/#local-main-organization-logo"},"image":{"@id":"https:\/\/hurghadalovers.com\/pt-pt\/tours\/private-el-gouna-excursions-to-luxor-aswan-2-days\/#local-main-organization-logo"},"sameAs":["https:\/\/www.facebook.com\/Hurghadaloversegypt"],"address":{"@id":"https:\/\/hurghadalovers.com\/pt-pt\/tours\/private-el-gouna-excursions-to-luxor-aswan-2-days\/#local-main-place-address"},"telephone":["00201112596434"],"contactPoint":{"@type":"ContactPoint","telephone":"00201112596434","email":"weyouface@gmail.com"},"openingHoursSpecification":{"@type":"OpeningHoursSpecification","dayOfWeek":["Monday","Tuesday","Wednesday","Thursday","Friday","Saturday","Sunday"],"opens":"00:00","closes":"23:59"},"email":"weyouface@gmail.com","areaServed":"Luxor, Hurghada, El Gouna, Aswan, Sharm El Sheikh, Giza, Alexandria, Marsa Alam, Quseir, Soma Bay, Sahl Hasheesh, Red Sea, Makadi Bay, Cairo","priceRange":"$","currenciesAccepted":"euro","paymentAccepted":"cash on site"},{"@type":"PostalAddress","@id":"https:\/\/hurghadalovers.com\/pt-pt\/tours\/private-el-gouna-excursions-to-luxor-aswan-2-days\/#local-main-place-address","streetAddress":"17 Banks street, Alkawther area, top nbk bank","addressLocality":"hurghada","postalCode":"84511","addressRegion":"red sea","addressCountry":"EG"},{"@type":"ImageObject","inLanguage":"pt-PT","@id":"https:\/\/hurghadalovers.com\/pt-pt\/tours\/private-el-gouna-excursions-to-luxor-aswan-2-days\/#local-main-organization-logo","url":"https:\/\/hurghadalovers.com\/wp-content\/uploads\/2019\/10\/hurghada-excursions-logo.png","contentUrl":"https:\/\/hurghadalovers.com\/wp-content\/uploads\/2019\/10\/hurghada-excursions-logo.png","width":272,"height":90,"caption":"Hurghada Excursions"}]},"product_brand":"Excurs\u00e3o \u00e0s Luxor De El Gouna","product_price_amount":"400","product_price_currency":"EUR","og_availability":"instock","product_availability":"instock","product_retailer_item_id":"Gouna482024","product_condition":"new","geo.placename":"hurghada","geo.region":"Egipto"},"_links":{"self":[{"href":"https:\/\/hurghadalovers.com\/pt-pt\/wp-json\/wp\/v2\/product\/394894","targetHints":{"allow":["GET"]}}],"collection":[{"href":"https:\/\/hurghadalovers.com\/pt-pt\/wp-json\/wp\/v2\/product"}],"about":[{"href":"https:\/\/hurghadalovers.com\/pt-pt\/wp-json\/wp\/v2\/types\/product"}],"wp:featuredmedia":[{"embeddable":true,"href":"https:\/\/hurghadalovers.com\/pt-pt\/wp-json\/wp\/v2\/media\/936448"}],"wp:attachment":[{"href":"https:\/\/hurghadalovers.com\/pt-pt\/wp-json\/wp\/v2\/media?parent=394894"}],"wp:term":[{"taxonomy":"product_brand","embeddable":true,"href":"https:\/\/hurghadalovers.com\/pt-pt\/wp-json\/wp\/v2\/product_brand?post=394894"},{"taxonomy":"product_cat","embeddable":true,"href":"https:\/\/hurghadalovers.com\/pt-pt\/wp-json\/wp\/v2\/product_cat?post=394894"},{"taxonomy":"product_tag","embeddable":true,"href":"https:\/\/hurghadalovers.com\/pt-pt\/wp-json\/wp\/v2\/product_tag?post=394894"}],"curies":[{"name":"wp","href":"https:\/\/api.w.org\/{rel}","templated":true}]}}