{"id":391906,"date":"2023-08-31T19:50:47","date_gmt":"2023-08-31T19:52:15","guid":{"rendered":"https:\/\/hurghadalovers.com\/shop\/sem categoria\/viagem-diaria-de-barco-para-mergulho-a-partir-de-sahl-hasheesh\/"},"modified":"2026-02-09T14:00:33","modified_gmt":"2026-02-09T14:00:33","slug":"viagem-diaria-de-barco-de-mergulho-a-partir-de-sahl-hasheesh","status":"publish","type":"product","link":"https:\/\/hurghadalovers.com\/pt-pt\/tours\/viagem-diaria-de-barco-de-mergulho-a-partir-de-sahl-hasheesh\/","title":{"rendered":"Viagem di\u00e1ria de barco para mergulho a partir de Sahl Hasheesh"},"content":{"rendered":"<p><strong>Viagem di\u00e1ria de barco para mergulho a partir de <\/strong><strong>Sahl Hasheesh<\/strong> | Mergulhadores certificados e profissionais | com almo\u00e7o, bebidas, equipamento de mergulho e transfer.<\/p>\n<p style=\"text-align: center;\"><span style=\"color: #008080;\"><strong>Barco de luxo<\/strong> | <strong>Instrutor de mergulho profissional<\/strong> | <strong>Melhores locais de mergulho e recifes<\/strong>, Mar Vermelho.<\/span><\/p>\n<p><strong>Destaques:<\/strong><\/p>\n<ul>\n<li>2 Paragens de mergulho.<\/li>\n<\/ul>\n<p><strong>Detalhes:<\/strong><\/p>\n<ul>\n<li>Disponibilidade da excurs\u00e3o: Todos os dias.<\/li>\n<li>Tipo de excurs\u00e3o: Grupo ou Privado.<\/li>\n<li>Hora de recolha: A partir das 07:30 A.M.<\/li>\n<li>Hora de recolha: 16:00.<\/li>\n<li>Acess\u00edvel a cadeiras de rodas.<\/li>\n<li>Dura\u00e7\u00e3o: 7 horas.<\/li>\n<\/ul>\n<p><strong>Reserve agora e pague depois:<\/strong><\/p>\n<ul>\n<li>Dinheiro no local para guiar.<\/li>\n<li>Pagamento em libras eg\u00edpcias, $, \u20ac ou \u00a3.<\/li>\n<\/ul>\n<p><strong>Pol\u00edtica de cancelamento:<\/strong><\/p>\n<ul>\n<li>Cancelamento at\u00e9 24 horas de anteced\u00eancia.<\/li>\n<li>Quando algu\u00e9m da sua fam\u00edlia cancela a manh\u00e3, paga 50% do custo.<\/li>\n<\/ul>\n<p><strong>O que \u00e9 que est\u00e1 inclu\u00eddo?<\/strong><\/p>\n<ul>\n<li>Transfer dos hot\u00e9is de Sahl Hasheesh &#8220;Hotel pick up and drop off&#8221;.<\/li>\n<li>Todos os impostos, taxas de entrada e despesas de manuseamento.<\/li>\n<li>\u00c1gua mineral + Cola.<\/li>\n<li>Instrutor de mergulho profissional.<\/li>\n<li>Equipamento de mergulho e de snorkeling &#8220;M\u00e1scaras e barbatanas de nata\u00e7\u00e3o&#8221;.<\/li>\n<li>Almo\u00e7o buffet VIP no barco.<\/li>\n<li>Coletes salva-vidas.<\/li>\n<\/ul>\n<p><strong>Exclus\u00f5es?<\/strong><\/p>\n<ul>\n<li>Gorjetas.<\/li>\n<li>Fotografia &amp; Fotos para a viagem.<\/li>\n<li>Oferecemos o aluguer de fatos de banho e fatos de banho para mulheres, homens e crian\u00e7as de todos os tamanhos &#8220;5$ por um&#8221;.<\/li>\n<li>Quaisquer extras n\u00e3o mencionados.<\/li>\n<li>Nitrox 12 L = 10$ por dia<\/li>\n<li>Nitrox 15 L = 10$ por dia<\/li>\n<li>Dep\u00f3sitos de 15 L (ar normal) = 10$ por dia<\/li>\n<\/ul>\n<p><strong>Pre\u00e7os:<\/strong><\/p>\n<ul>\n<li><strong>Pre\u00e7o adulto = 80$ por pessoa<\/strong>.<\/li>\n<\/ul>\n<p><strong>Coment\u00e1rios:<\/strong><\/p>\n<p>verifique o nosso Google Map Reviews como Melhor <a href=\"https:\/\/g.page\/r\/CUeYvkngP3wkEBM\/review\">Operador Tur\u00edstico em Hurghada<\/a> online em <a href=\"https:\/\/hurghadalovers.com\/\">Hurghada<\/a> Egipto.<\/p>\n<p><strong>Reserva:<\/strong><\/p>\n<p>Enviar hotel + n\u00famero do quarto + passaportes com fotografia para o WhatsApp: <strong>+201112596434<\/strong><\/p>\n<p>Se estiver no Egipto, reserve agora online e confirme a sua chegada ao hotel.<\/p>\n<p>&nbsp;<\/p>\n<p>&nbsp;<\/p>\n","protected":false},"excerpt":{"rendered":"<p><strong>Viagem di\u00e1ria de barco para mergulho a partir de <\/strong><strong>Sahl Hasheesh<\/strong> | Mergulhadores certificados e profissionais | com almo\u00e7o, bebidas, equipamento de mergulho e transfer.<\/p>\n<p style=\"text-align: center;\"><span style=\"color: #008080;\"><strong>Barco de luxo<\/strong> | <strong>Instrutor de mergulho profissional<\/strong> | <strong>Melhores locais de mergulho e recifes<\/strong>, Mar Vermelho.<\/span><\/p>\n<p>&nbsp;<\/p>\n","protected":false},"featured_media":391807,"template":"","meta":{"_joinchat":[]},"product_brand":[],"product_cat":[49770,29297],"product_tag":[53368,53474,53549,53555,53543,53552,53460,53454,53345,53532,53540,53528,53547,53522,53537,53365,53527,53558,53534,53457,53357,53517],"class_list":{"0":"post-391906","1":"product","2":"type-product","3":"status-publish","4":"has-post-thumbnail","6":"product_cat-excursoes","7":"product_cat-egypt-tours","8":"product_tag-actividades-em-sahl-hasheesh","9":"product_tag-actividades-familiares-de-sahl-hasheesh","10":"product_tag-aluguer-de-barcos-em-sahl-hasheesh","11":"product_tag-aluguer-de-barcos-em-sahl-hasheesh-pt-pt","12":"product_tag-barco-pirata-sahl-hasheesh-pt-pt","13":"product_tag-barco-privado-sahl-hasheesh-pt-pt","14":"product_tag-coisas-para-fazer-em-sahl-hasheesh-para-casais","15":"product_tag-coisas-romanticas-para-fazer-a-partir-de-sahl-hasheesh","16":"product_tag-dias-em-familia-a-partir-de-sahl-hasheesh","17":"product_tag-dolphin-house-sahl-hasheesh-pt-pt","18":"product_tag-ilha-de-giftun-sahl-hasheesh","19":"product_tag-ilha-de-orange-bay-sahl-hasheesh","20":"product_tag-lancha-rapida-sahl-hasheesh","21":"product_tag-mergulho-em-sahl-hasheesh-pt-pt","22":"product_tag-nadar-com-os-golfinhos-sahl-hasheesh","23":"product_tag-o-que-fazer-em-sahl-hasheesh","24":"product_tag-paradise-island-sahl-hasheesh-pt-pt-2","25":"product_tag-passeio-de-barco-privado-em-sahl-hasheesh","26":"product_tag-passeios-de-barco-em-sahl-hasheesh","27":"product_tag-sahl-hasheesh-actividades-para-casais","28":"product_tag-sahl-hasheesh-excursoes","29":"product_tag-viagens-de-mergulho-com-snorkel-em-sahl-hasheesh","30":"tour_category-o-que-fazer-no-sahl-hasheesh","31":"tour_category-sahl-hasheesh-mergulho-com-snorkel","33":"first","34":"instock","35":"sale","36":"shipping-taxable","37":"purchasable","38":"product-type-tour"},"yoast_head":"<!-- This site is optimized with the Yoast SEO Premium plugin v26.9 (Yoast SEO v27.2) - https:\/\/yoast.com\/product\/yoast-seo-premium-wordpress\/ -->\n<title>Passeio di\u00e1rio de barco para mergulho a partir de Sahl Hasheesh | Certificado<\/title>\n<meta name=\"description\" content=\"Viagem di\u00e1ria de barco para mergulho a partir de Sahl Hasheesh | Mergulhadores certificados e profissionais | com almo\u00e7o, bebidas, equipamento de mergulho e transfer. Mergulho profissional\" \/>\n<meta name=\"robots\" content=\"index, follow, max-snippet:-1, max-image-preview:large, max-video-preview:-1\" \/>\n<link rel=\"canonical\" href=\"https:\/\/hurghadalovers.com\/pt-pt\/tours\/viagem-diaria-de-barco-de-mergulho-a-partir-de-sahl-hasheesh\/\" \/>\n<meta property=\"og:locale\" content=\"pt_PT\" \/>\n<meta property=\"og:type\" content=\"article\" \/>\n<meta property=\"og:title\" content=\"Viagem di\u00e1ria de barco para mergulho a partir de Sahl Hasheesh\" \/>\n<meta property=\"og:description\" content=\"Viagem di\u00e1ria de barco para mergulho a partir de Sahl Hasheesh | Mergulhadores certificados e profissionais | com almo\u00e7o, bebidas, equipamento de mergulho e transfer. Mergulho profissional\" \/>\n<meta property=\"og:url\" content=\"https:\/\/hurghadalovers.com\/pt-pt\/tours\/viagem-diaria-de-barco-de-mergulho-a-partir-de-sahl-hasheesh\/\" \/>\n<meta property=\"og:site_name\" content=\"Hurghada Excursions &amp; Day Trips | Booking Best Prices Tours\" \/>\n<meta property=\"article:publisher\" content=\"https:\/\/www.facebook.com\/Hurghadaloversegypt\" \/>\n<meta property=\"article:modified_time\" content=\"2026-02-09T14:00:33+00:00\" \/>\n<meta property=\"og:image\" content=\"https:\/\/hurghadalovers.com\/wp-content\/uploads\/2023\/08\/Daily-Scuba-Diving-Boat-Trip-from-Sahl-Hasheesh.png\" \/>\n\t<meta property=\"og:image:width\" content=\"907\" \/>\n\t<meta property=\"og:image:height\" content=\"594\" \/>\n\t<meta property=\"og:image:type\" content=\"image\/png\" \/>\n<meta name=\"twitter:card\" content=\"summary_large_image\" \/>\n<meta name=\"twitter:label1\" content=\"pre\u00e7o\" \/>\n\t<meta name=\"twitter:data1\" content=\"&euro;&nbsp;80\" \/>\n\t<meta name=\"twitter:label2\" content=\"Disponibilidade\" \/>\n\t<meta name=\"twitter:data2\" content=\"Em stock\" \/>\n<script type=\"application\/ld+json\" class=\"yoast-schema-graph\">{\"@context\":\"https:\/\/schema.org\",\"@graph\":[{\"@type\":[\"WebPage\",\"ItemPage\"],\"@id\":\"https:\/\/hurghadalovers.com\/pt-pt\/tours\/viagem-diaria-de-barco-de-mergulho-a-partir-de-sahl-hasheesh\/\",\"url\":\"https:\/\/hurghadalovers.com\/pt-pt\/tours\/viagem-diaria-de-barco-de-mergulho-a-partir-de-sahl-hasheesh\/\",\"name\":\"Passeio di\u00e1rio de barco para mergulho a partir de Sahl Hasheesh | Certificado\",\"isPartOf\":{\"@id\":\"https:\/\/hurghadalovers.com\/pt-pt\/#website\"},\"primaryImageOfPage\":{\"@id\":\"https:\/\/hurghadalovers.com\/pt-pt\/tours\/viagem-diaria-de-barco-de-mergulho-a-partir-de-sahl-hasheesh\/#primaryimage\"},\"image\":{\"@id\":\"https:\/\/hurghadalovers.com\/pt-pt\/tours\/viagem-diaria-de-barco-de-mergulho-a-partir-de-sahl-hasheesh\/#primaryimage\"},\"thumbnailUrl\":\"https:\/\/hurghadalovers.com\/wp-content\/uploads\/2023\/08\/Daily-Scuba-Diving-Boat-Trip-from-Sahl-Hasheesh.png\",\"datePublished\":\"2023-08-31T19:52:15+00:00\",\"dateModified\":\"2026-02-09T14:00:33+00:00\",\"description\":\"Viagem di\u00e1ria de barco para mergulho a partir de Sahl Hasheesh | Mergulhadores certificados e profissionais | com almo\u00e7o, bebidas, equipamento de mergulho e transfer. Mergulho profissional\",\"breadcrumb\":{\"@id\":\"https:\/\/hurghadalovers.com\/pt-pt\/tours\/viagem-diaria-de-barco-de-mergulho-a-partir-de-sahl-hasheesh\/#breadcrumb\"},\"inLanguage\":\"pt-PT\",\"potentialAction\":[{\"@type\":\"ReadAction\",\"target\":[\"https:\/\/hurghadalovers.com\/pt-pt\/tours\/viagem-diaria-de-barco-de-mergulho-a-partir-de-sahl-hasheesh\/\"]}]},{\"@type\":\"ImageObject\",\"inLanguage\":\"pt-PT\",\"@id\":\"https:\/\/hurghadalovers.com\/pt-pt\/tours\/viagem-diaria-de-barco-de-mergulho-a-partir-de-sahl-hasheesh\/#primaryimage\",\"url\":\"https:\/\/hurghadalovers.com\/wp-content\/uploads\/2023\/08\/Daily-Scuba-Diving-Boat-Trip-from-Sahl-Hasheesh.png\",\"contentUrl\":\"https:\/\/hurghadalovers.com\/wp-content\/uploads\/2023\/08\/Daily-Scuba-Diving-Boat-Trip-from-Sahl-Hasheesh.png\",\"width\":907,\"height\":594,\"caption\":\"Daily Scuba Diving Boat Trip from\u00a0Sahl Hasheesh | Certified\"},{\"@type\":\"BreadcrumbList\",\"@id\":\"https:\/\/hurghadalovers.com\/pt-pt\/tours\/viagem-diaria-de-barco-de-mergulho-a-partir-de-sahl-hasheesh\/#breadcrumb\",\"itemListElement\":[{\"@type\":\"ListItem\",\"position\":1,\"name\":\"Home\",\"item\":\"https:\/\/hurghadalovers.com\/pt-pt\/\"},{\"@type\":\"ListItem\",\"position\":2,\"name\":\"Shop\",\"item\":\"https:\/\/hurghadalovers.com\/shop\/\"},{\"@type\":\"ListItem\",\"position\":3,\"name\":\"Viagem di\u00e1ria de barco para mergulho a partir de Sahl Hasheesh\"}]},{\"@type\":\"WebSite\",\"@id\":\"https:\/\/hurghadalovers.com\/pt-pt\/#website\",\"url\":\"https:\/\/hurghadalovers.com\/pt-pt\/\",\"name\":\"Hurghada Excursions & Day Trips | Booking Best Prices Tours\",\"description\":\"Hurghada Lovers - Best Tour Operator - Excursions &amp; Things to do for Family Day Trips with kids and Couples Romantic. Unique .Hidden gems\",\"publisher\":{\"@id\":\"https:\/\/hurghadalovers.com\/pt-pt\/#organization\"},\"alternateName\":\"Hurghada Excursions\",\"potentialAction\":[{\"@type\":\"SearchAction\",\"target\":{\"@type\":\"EntryPoint\",\"urlTemplate\":\"https:\/\/hurghadalovers.com\/pt-pt\/?s={search_term_string}\"},\"query-input\":{\"@type\":\"PropertyValueSpecification\",\"valueRequired\":true,\"valueName\":\"search_term_string\"}}],\"inLanguage\":\"pt-PT\"},{\"@type\":[\"Organization\",\"Place\",\"TravelAgency\"],\"@id\":\"https:\/\/hurghadalovers.com\/pt-pt\/#organization\",\"name\":\"Hurghada Excursions\",\"url\":\"https:\/\/hurghadalovers.com\/pt-pt\/\",\"logo\":{\"@id\":\"https:\/\/hurghadalovers.com\/pt-pt\/tours\/viagem-diaria-de-barco-de-mergulho-a-partir-de-sahl-hasheesh\/#local-main-organization-logo\"},\"image\":{\"@id\":\"https:\/\/hurghadalovers.com\/pt-pt\/tours\/viagem-diaria-de-barco-de-mergulho-a-partir-de-sahl-hasheesh\/#local-main-organization-logo\"},\"sameAs\":[\"https:\/\/www.facebook.com\/Hurghadaloversegypt\"],\"address\":{\"@id\":\"https:\/\/hurghadalovers.com\/pt-pt\/tours\/viagem-diaria-de-barco-de-mergulho-a-partir-de-sahl-hasheesh\/#local-main-place-address\"},\"telephone\":[\"00201112596434\"],\"contactPoint\":{\"@type\":\"ContactPoint\",\"telephone\":\"00201112596434\",\"email\":\"weyouface@gmail.com\"},\"openingHoursSpecification\":{\"@type\":\"OpeningHoursSpecification\",\"dayOfWeek\":[\"Monday\",\"Tuesday\",\"Wednesday\",\"Thursday\",\"Friday\",\"Saturday\",\"Sunday\"],\"opens\":\"00:00\",\"closes\":\"23:59\"},\"email\":\"weyouface@gmail.com\",\"areaServed\":\"Luxor, Hurghada, El Gouna, Aswan, Sharm El Sheikh, Giza, Alexandria, Marsa Alam, Quseir, Soma Bay, Sahl Hasheesh, Red Sea, Makadi Bay, Cairo\",\"priceRange\":\"$\",\"currenciesAccepted\":\"euro\",\"paymentAccepted\":\"cash on site\"},{\"@type\":\"PostalAddress\",\"@id\":\"https:\/\/hurghadalovers.com\/pt-pt\/tours\/viagem-diaria-de-barco-de-mergulho-a-partir-de-sahl-hasheesh\/#local-main-place-address\",\"streetAddress\":\"17 Banks street, Alkawther area, top nbk bank\",\"addressLocality\":\"hurghada\",\"postalCode\":\"84511\",\"addressRegion\":\"red sea\",\"addressCountry\":\"EG\"},{\"@type\":\"ImageObject\",\"inLanguage\":\"pt-PT\",\"@id\":\"https:\/\/hurghadalovers.com\/pt-pt\/tours\/viagem-diaria-de-barco-de-mergulho-a-partir-de-sahl-hasheesh\/#local-main-organization-logo\",\"url\":\"https:\/\/hurghadalovers.com\/wp-content\/uploads\/2019\/10\/hurghada-excursions-logo.png\",\"contentUrl\":\"https:\/\/hurghadalovers.com\/wp-content\/uploads\/2019\/10\/hurghada-excursions-logo.png\",\"width\":272,\"height\":90,\"caption\":\"Hurghada Excursions\"}]}<\/script>\n<meta property=\"product:brand\" content=\"Excurs\u00f5es Sahl Hasheesh\" \/>\n<meta property=\"product:price:amount\" content=\"80\" \/>\n<meta property=\"product:price:currency\" content=\"EUR\" \/>\n<meta property=\"og:availability\" content=\"instock\" \/>\n<meta property=\"product:availability\" content=\"instock\" \/>\n<meta property=\"product:retailer_item_id\" content=\"Sahl512024\" \/>\n<meta property=\"product:condition\" content=\"new\" \/>\n<meta name=\"geo.placename\" content=\"hurghada\" \/>\n<meta name=\"geo.region\" content=\"Egipto\" \/>\n<!-- \/ Yoast SEO Premium plugin. -->","yoast_head_json":{"title":"Passeio di\u00e1rio de barco para mergulho a partir de Sahl Hasheesh | Certificado","description":"Viagem di\u00e1ria de barco para mergulho a partir de Sahl Hasheesh | Mergulhadores certificados e profissionais | com almo\u00e7o, bebidas, equipamento de mergulho e transfer. Mergulho profissional","robots":{"index":"index","follow":"follow","max-snippet":"max-snippet:-1","max-image-preview":"max-image-preview:large","max-video-preview":"max-video-preview:-1"},"canonical":"https:\/\/hurghadalovers.com\/pt-pt\/tours\/viagem-diaria-de-barco-de-mergulho-a-partir-de-sahl-hasheesh\/","og_locale":"pt_PT","og_type":"article","og_title":"Viagem di\u00e1ria de barco para mergulho a partir de Sahl Hasheesh","og_description":"Viagem di\u00e1ria de barco para mergulho a partir de Sahl Hasheesh | Mergulhadores certificados e profissionais | com almo\u00e7o, bebidas, equipamento de mergulho e transfer. Mergulho profissional","og_url":"https:\/\/hurghadalovers.com\/pt-pt\/tours\/viagem-diaria-de-barco-de-mergulho-a-partir-de-sahl-hasheesh\/","og_site_name":"Hurghada Excursions &amp; Day Trips | Booking Best Prices Tours","article_publisher":"https:\/\/www.facebook.com\/Hurghadaloversegypt","article_modified_time":"2026-02-09T14:00:33+00:00","og_image":[{"width":907,"height":594,"url":"https:\/\/hurghadalovers.com\/wp-content\/uploads\/2023\/08\/Daily-Scuba-Diving-Boat-Trip-from-Sahl-Hasheesh.png","type":"image\/png"}],"twitter_card":"summary_large_image","twitter_misc":{"pre\u00e7o":"&euro;&nbsp;80","Disponibilidade":"Em stock"},"schema":{"@context":"https:\/\/schema.org","@graph":[{"@type":["WebPage","ItemPage"],"@id":"https:\/\/hurghadalovers.com\/pt-pt\/tours\/viagem-diaria-de-barco-de-mergulho-a-partir-de-sahl-hasheesh\/","url":"https:\/\/hurghadalovers.com\/pt-pt\/tours\/viagem-diaria-de-barco-de-mergulho-a-partir-de-sahl-hasheesh\/","name":"Passeio di\u00e1rio de barco para mergulho a partir de Sahl Hasheesh | Certificado","isPartOf":{"@id":"https:\/\/hurghadalovers.com\/pt-pt\/#website"},"primaryImageOfPage":{"@id":"https:\/\/hurghadalovers.com\/pt-pt\/tours\/viagem-diaria-de-barco-de-mergulho-a-partir-de-sahl-hasheesh\/#primaryimage"},"image":{"@id":"https:\/\/hurghadalovers.com\/pt-pt\/tours\/viagem-diaria-de-barco-de-mergulho-a-partir-de-sahl-hasheesh\/#primaryimage"},"thumbnailUrl":"https:\/\/hurghadalovers.com\/wp-content\/uploads\/2023\/08\/Daily-Scuba-Diving-Boat-Trip-from-Sahl-Hasheesh.png","datePublished":"2023-08-31T19:52:15+00:00","dateModified":"2026-02-09T14:00:33+00:00","description":"Viagem di\u00e1ria de barco para mergulho a partir de Sahl Hasheesh | Mergulhadores certificados e profissionais | com almo\u00e7o, bebidas, equipamento de mergulho e transfer. Mergulho profissional","breadcrumb":{"@id":"https:\/\/hurghadalovers.com\/pt-pt\/tours\/viagem-diaria-de-barco-de-mergulho-a-partir-de-sahl-hasheesh\/#breadcrumb"},"inLanguage":"pt-PT","potentialAction":[{"@type":"ReadAction","target":["https:\/\/hurghadalovers.com\/pt-pt\/tours\/viagem-diaria-de-barco-de-mergulho-a-partir-de-sahl-hasheesh\/"]}]},{"@type":"ImageObject","inLanguage":"pt-PT","@id":"https:\/\/hurghadalovers.com\/pt-pt\/tours\/viagem-diaria-de-barco-de-mergulho-a-partir-de-sahl-hasheesh\/#primaryimage","url":"https:\/\/hurghadalovers.com\/wp-content\/uploads\/2023\/08\/Daily-Scuba-Diving-Boat-Trip-from-Sahl-Hasheesh.png","contentUrl":"https:\/\/hurghadalovers.com\/wp-content\/uploads\/2023\/08\/Daily-Scuba-Diving-Boat-Trip-from-Sahl-Hasheesh.png","width":907,"height":594,"caption":"Daily Scuba Diving Boat Trip from\u00a0Sahl Hasheesh | Certified"},{"@type":"BreadcrumbList","@id":"https:\/\/hurghadalovers.com\/pt-pt\/tours\/viagem-diaria-de-barco-de-mergulho-a-partir-de-sahl-hasheesh\/#breadcrumb","itemListElement":[{"@type":"ListItem","position":1,"name":"Home","item":"https:\/\/hurghadalovers.com\/pt-pt\/"},{"@type":"ListItem","position":2,"name":"Shop","item":"https:\/\/hurghadalovers.com\/shop\/"},{"@type":"ListItem","position":3,"name":"Viagem di\u00e1ria de barco para mergulho a partir de Sahl Hasheesh"}]},{"@type":"WebSite","@id":"https:\/\/hurghadalovers.com\/pt-pt\/#website","url":"https:\/\/hurghadalovers.com\/pt-pt\/","name":"Hurghada Excursions & Day Trips | Booking Best Prices Tours","description":"Hurghada Lovers - Best Tour Operator - Excursions &amp; Things to do for Family Day Trips with kids and Couples Romantic. Unique .Hidden gems","publisher":{"@id":"https:\/\/hurghadalovers.com\/pt-pt\/#organization"},"alternateName":"Hurghada Excursions","potentialAction":[{"@type":"SearchAction","target":{"@type":"EntryPoint","urlTemplate":"https:\/\/hurghadalovers.com\/pt-pt\/?s={search_term_string}"},"query-input":{"@type":"PropertyValueSpecification","valueRequired":true,"valueName":"search_term_string"}}],"inLanguage":"pt-PT"},{"@type":["Organization","Place","TravelAgency"],"@id":"https:\/\/hurghadalovers.com\/pt-pt\/#organization","name":"Hurghada Excursions","url":"https:\/\/hurghadalovers.com\/pt-pt\/","logo":{"@id":"https:\/\/hurghadalovers.com\/pt-pt\/tours\/viagem-diaria-de-barco-de-mergulho-a-partir-de-sahl-hasheesh\/#local-main-organization-logo"},"image":{"@id":"https:\/\/hurghadalovers.com\/pt-pt\/tours\/viagem-diaria-de-barco-de-mergulho-a-partir-de-sahl-hasheesh\/#local-main-organization-logo"},"sameAs":["https:\/\/www.facebook.com\/Hurghadaloversegypt"],"address":{"@id":"https:\/\/hurghadalovers.com\/pt-pt\/tours\/viagem-diaria-de-barco-de-mergulho-a-partir-de-sahl-hasheesh\/#local-main-place-address"},"telephone":["00201112596434"],"contactPoint":{"@type":"ContactPoint","telephone":"00201112596434","email":"weyouface@gmail.com"},"openingHoursSpecification":{"@type":"OpeningHoursSpecification","dayOfWeek":["Monday","Tuesday","Wednesday","Thursday","Friday","Saturday","Sunday"],"opens":"00:00","closes":"23:59"},"email":"weyouface@gmail.com","areaServed":"Luxor, Hurghada, El Gouna, Aswan, Sharm El Sheikh, Giza, Alexandria, Marsa Alam, Quseir, Soma Bay, Sahl Hasheesh, Red Sea, Makadi Bay, Cairo","priceRange":"$","currenciesAccepted":"euro","paymentAccepted":"cash on site"},{"@type":"PostalAddress","@id":"https:\/\/hurghadalovers.com\/pt-pt\/tours\/viagem-diaria-de-barco-de-mergulho-a-partir-de-sahl-hasheesh\/#local-main-place-address","streetAddress":"17 Banks street, Alkawther area, top nbk bank","addressLocality":"hurghada","postalCode":"84511","addressRegion":"red sea","addressCountry":"EG"},{"@type":"ImageObject","inLanguage":"pt-PT","@id":"https:\/\/hurghadalovers.com\/pt-pt\/tours\/viagem-diaria-de-barco-de-mergulho-a-partir-de-sahl-hasheesh\/#local-main-organization-logo","url":"https:\/\/hurghadalovers.com\/wp-content\/uploads\/2019\/10\/hurghada-excursions-logo.png","contentUrl":"https:\/\/hurghadalovers.com\/wp-content\/uploads\/2019\/10\/hurghada-excursions-logo.png","width":272,"height":90,"caption":"Hurghada Excursions"}]},"product_brand":"Excurs\u00f5es Sahl Hasheesh","product_price_amount":"80","product_price_currency":"EUR","og_availability":"instock","product_availability":"instock","product_retailer_item_id":"Sahl512024","product_condition":"new","geo.placename":"hurghada","geo.region":"Egipto"},"_links":{"self":[{"href":"https:\/\/hurghadalovers.com\/pt-pt\/wp-json\/wp\/v2\/product\/391906","targetHints":{"allow":["GET"]}}],"collection":[{"href":"https:\/\/hurghadalovers.com\/pt-pt\/wp-json\/wp\/v2\/product"}],"about":[{"href":"https:\/\/hurghadalovers.com\/pt-pt\/wp-json\/wp\/v2\/types\/product"}],"wp:featuredmedia":[{"embeddable":true,"href":"https:\/\/hurghadalovers.com\/pt-pt\/wp-json\/wp\/v2\/media\/391807"}],"wp:attachment":[{"href":"https:\/\/hurghadalovers.com\/pt-pt\/wp-json\/wp\/v2\/media?parent=391906"}],"wp:term":[{"taxonomy":"product_brand","embeddable":true,"href":"https:\/\/hurghadalovers.com\/pt-pt\/wp-json\/wp\/v2\/product_brand?post=391906"},{"taxonomy":"product_cat","embeddable":true,"href":"https:\/\/hurghadalovers.com\/pt-pt\/wp-json\/wp\/v2\/product_cat?post=391906"},{"taxonomy":"product_tag","embeddable":true,"href":"https:\/\/hurghadalovers.com\/pt-pt\/wp-json\/wp\/v2\/product_tag?post=391906"}],"curies":[{"name":"wp","href":"https:\/\/api.w.org\/{rel}","templated":true}]}}