{"id":391771,"date":"2023-08-31T19:21:14","date_gmt":"2023-08-31T19:24:58","guid":{"rendered":"https:\/\/hurghadalovers.com\/shop\/sem categoria\/aluguer-de-barcos-de-sahl-hasheesh-para-dolphin-house\/"},"modified":"2026-01-23T00:55:42","modified_gmt":"2026-01-23T00:55:42","slug":"sahl-hasheesh-boat-charters-to-dolphin-house","status":"publish","type":"product","link":"https:\/\/hurghadalovers.com\/pt-pt\/tours\/sahl-hasheesh-boat-charters-to-dolphin-house\/","title":{"rendered":"Aluguer de barcos de Sahl Hasheesh para Dolphin House"},"content":{"rendered":"<p><strong>Sahl Hasheesh<\/strong> <strong>Boat Charters to Dolphin House<\/strong> | Iates privados de luxo com snorkeling, desportos aqu\u00e1ticos e almo\u00e7o.<\/p>\n<p style=\"text-align: center;\"><span style=\"color: #008080;\">Most Beautiful Sahl Hasheesh <strong>Actividades para toda a fam\u00edlia<\/strong>, <strong>Coisas para fazer com crian\u00e7as<\/strong>, Seniores, <strong>Lua de mel<\/strong> e <strong>Casal<\/strong>.<\/span><\/p>\n<p>Reserva de <strong>Aluguer<\/strong> de <strong>Iate<\/strong> Pequeno de 3 a 6 pessoas ou <strong>Aluguer de Barco<\/strong> Grande de Luxo de 8 a 35 pessoas com Transfer para goto Nata\u00e7\u00e3o na Melhor <strong>Casa de recife Spot<\/strong> e Casa de Golfinhos com Snorkeling&#8221;.<\/p>\n<p>&nbsp;<\/p>\n<p><strong>Destaques:<\/strong><\/p>\n<ul>\n<li>2 Pontos de Snorkeling House Reef.<\/li>\n<li>Observa\u00e7\u00e3o de um ponto e snorkeling com golfinhos.<\/li>\n<li>Desportos n\u00e1uticos &#8220;Banana e Quattro&#8221;.<\/li>\n<\/ul>\n<p><strong>Sahl Hasheesh<\/strong> <strong>Aluguer de barcos para Dolphin House Detalhes:<\/strong><\/p>\n<ul>\n<li>Disponibilidade da excurs\u00e3o: Todos os dias.<\/li>\n<li>Tipo de visita: Privado.<\/li>\n<li>Hora de recolha: A partir das 07:30 A.M.<\/li>\n<li>Hora de recolha: 16:00.<\/li>\n<li>Acess\u00edvel a cadeiras de rodas.<\/li>\n<li>Dura\u00e7\u00e3o: 6 horas.<\/li>\n<\/ul>\n<p><strong>Reserve agora e pague depois:<\/strong><\/p>\n<ul>\n<li>Dinheiro no local para guiar.<\/li>\n<li>Pagamento em libras eg\u00edpcias, $, \u20ac ou \u00a3.<\/li>\n<\/ul>\n<p><strong>Pol\u00edtica de cancelamento:<\/strong><\/p>\n<ul>\n<li>Cancelamento at\u00e9 24 horas de anteced\u00eancia.<\/li>\n<li>Quando algu\u00e9m da sua fam\u00edlia cancela a manh\u00e3, paga 50% do custo.<\/li>\n<\/ul>\n<p><strong>O que \u00e9 que est\u00e1 inclu\u00eddo?<\/strong><\/p>\n<ul>\n<li>Transfer dos hot\u00e9is de Sahl Hasheesh &#8220;Hotel pick up and drop off&#8221;.<\/li>\n<li>Todos os impostos, taxas de entrada e despesas de manuseamento.<\/li>\n<li>Guia tur\u00edstico.<\/li>\n<li>\u00c1gua mineral + Cola + Leite + Caf\u00e9\/Ta\u00e7a.<\/li>\n<li>2 Ponto de mergulho.<\/li>\n<li>Equipamento de snorkeling &#8220;M\u00e1scaras e barbatanas de nata\u00e7\u00e3o&#8221;.<\/li>\n<li>Observa\u00e7\u00e3o de um ponto e snorkeling com golfinhos.<\/li>\n<li>Almo\u00e7o buffet VIP no barco.<\/li>\n<li>Coletes salva-vidas.<\/li>\n<\/ul>\n<p><strong>Exclus\u00f5es?<\/strong><\/p>\n<ul>\n<li>Gorjetas.<\/li>\n<li>Fotografia &amp; Fotos para a viagem.<\/li>\n<li>Oferecemos o aluguer de fatos de banho e fatos de banho para mulheres, homens e crian\u00e7as de todos os tamanhos &#8220;5$ por um&#8221;.<\/li>\n<li>Quaisquer extras n\u00e3o mencionados.<\/li>\n<\/ul>\n<p><strong>Pre\u00e7os:<\/strong><\/p>\n<p><strong>Aluguer de pequenos iates para 3 a 6 pessoas = a partir de 420$<\/strong><\/p>\n<p><strong>Aluguer de barcos grandes de luxo de 8 a 35 pessoas = a partir de 720$<\/strong><\/p>\n<p><strong>  Coment\u00e1rios:<\/strong><\/p>\n<p>verifique o nosso Google Map Reviews como Melhor <a href=\"https:\/\/g.page\/r\/CUeYvkngP3wkEBM\/review\">Operador Tur\u00edstico em Hurghada<\/a> online em <a href=\"https:\/\/hurghadalovers.com\/\">Hurghada<\/a> Egipto.<\/p>\n<p>&nbsp;<\/p>\n<p><strong>Reserva:<\/strong><\/p>\n<p>Enviar hotel + n\u00famero do quarto + passaportes com fotografia para o WhatsApp: <strong>+201112596434<\/strong><\/p>\n<p>Se estiver no Egipto, reserve agora online e confirme a sua chegada ao hotel.<\/p>\n<p>&nbsp;<\/p>\n<p>&nbsp;<\/p>\n","protected":false},"excerpt":{"rendered":"<p><strong>Sahl Hasheesh<\/strong> <strong>Boat Charters to Dolphin House<\/strong> | Iates privados de luxo com snorkeling, desportos aqu\u00e1ticos e almo\u00e7o.<\/p>\n<p style=\"text-align: center;\"><span style=\"color: #008080;\">Mais bonitas Sahl Hasheesh <strong>Actividades para toda a fam\u00edlia<\/strong><\/span><\/p>\n","protected":false},"featured_media":391553,"template":"","meta":{"_joinchat":[]},"product_brand":[],"product_cat":[49770,29297],"product_tag":[53474,53487,49788,53555,53549,53543,53552,53482,53345,53532,53540,53528,53547,53522,53537,53480,53527,53558,53534,53451,53478,53476,53481,53517],"class_list":{"0":"post-391771","1":"product","2":"type-product","3":"status-publish","4":"has-post-thumbnail","6":"product_cat-excursoes","7":"product_cat-egypt-tours","8":"product_tag-actividades-familiares-de-sahl-hasheesh","9":"product_tag-actividades-para-criancas-em-sahl-hasheesh-pt-pt","10":"product_tag-actividades-romanticas-para-casais-em-sahl-hasheesh","11":"product_tag-aluguer-de-barcos-em-sahl-hasheesh-pt-pt","12":"product_tag-aluguer-de-barcos-em-sahl-hasheesh","13":"product_tag-barco-pirata-sahl-hasheesh-pt-pt","14":"product_tag-barco-privado-sahl-hasheesh-pt-pt","15":"product_tag-coisas-romanticas-para-fazer-em-sahl-hasheesh","16":"product_tag-dias-em-familia-a-partir-de-sahl-hasheesh","17":"product_tag-dolphin-house-sahl-hasheesh-pt-pt","18":"product_tag-ilha-de-giftun-sahl-hasheesh","19":"product_tag-ilha-de-orange-bay-sahl-hasheesh","20":"product_tag-lancha-rapida-sahl-hasheesh","21":"product_tag-mergulho-em-sahl-hasheesh-pt-pt","22":"product_tag-nadar-com-os-golfinhos-sahl-hasheesh","23":"product_tag-o-que-ver-em-sahl-hasheesh","24":"product_tag-paradise-island-sahl-hasheesh-pt-pt-2","25":"product_tag-passeio-de-barco-privado-em-sahl-hasheesh","26":"product_tag-passeios-de-barco-em-sahl-hasheesh","27":"product_tag-passeios-de-um-dia-em-sahl-hasheesh","28":"product_tag-sahl-hasheesh-day-tours-pt-pt","29":"product_tag-sahl-hasheesh-o-que-fazer","30":"product_tag-sahl-hasheesh-passeios-romanticos","31":"product_tag-viagens-de-mergulho-com-snorkel-em-sahl-hasheesh","32":"tour_category-o-que-fazer-no-sahl-hasheesh","33":"tour_category-sahl-hasheesh-mergulho-com-snorkel","35":"first","36":"instock","37":"sale","38":"shipping-taxable","39":"purchasable","40":"product-type-tour"},"yoast_head":"<!-- This site is optimized with the Yoast SEO Premium plugin v26.9 (Yoast SEO v27.2) - https:\/\/yoast.com\/product\/yoast-seo-premium-wordpress\/ -->\n<title>Aluguer de barcos de Sahl Hasheesh para Dolphin House<\/title>\n<meta name=\"description\" content=\"Sahl Hasheesh Boat Charters to Dolphin House | Iates privados de luxo com snorkeling, desportos aqu\u00e1ticos e almo\u00e7o. Actividades para toda a fam\u00edlia\" \/>\n<meta name=\"robots\" content=\"index, follow, max-snippet:-1, max-image-preview:large, max-video-preview:-1\" \/>\n<link rel=\"canonical\" href=\"https:\/\/hurghadalovers.com\/pt-pt\/tours\/sahl-hasheesh-boat-charters-to-dolphin-house\/\" \/>\n<meta property=\"og:locale\" content=\"pt_PT\" \/>\n<meta property=\"og:type\" content=\"article\" \/>\n<meta property=\"og:title\" content=\"Aluguer de barcos de Sahl Hasheesh para Dolphin House\" \/>\n<meta property=\"og:description\" content=\"Sahl Hasheesh Boat Charters to Dolphin House | Iates privados de luxo com snorkeling, desportos aqu\u00e1ticos e almo\u00e7o. Actividades para toda a fam\u00edlia\" \/>\n<meta property=\"og:url\" content=\"https:\/\/hurghadalovers.com\/pt-pt\/tours\/sahl-hasheesh-boat-charters-to-dolphin-house\/\" \/>\n<meta property=\"og:site_name\" content=\"Hurghada Excursions &amp; Day Trips | Booking Best Prices Tours\" \/>\n<meta property=\"article:publisher\" content=\"https:\/\/www.facebook.com\/Hurghadaloversegypt\" \/>\n<meta property=\"article:modified_time\" content=\"2026-01-23T00:55:42+00:00\" \/>\n<meta property=\"og:image\" content=\"https:\/\/hurghadalovers.com\/wp-content\/uploads\/2023\/08\/Sahl-Hasheesh-Boat-Charters-to-Dolphin-House.jpeg\" \/>\n\t<meta property=\"og:image:width\" content=\"1156\" \/>\n\t<meta property=\"og:image:height\" content=\"867\" \/>\n\t<meta property=\"og:image:type\" content=\"image\/jpeg\" \/>\n<meta name=\"twitter:card\" content=\"summary_large_image\" \/>\n<meta name=\"twitter:label1\" content=\"pre\u00e7o\" \/>\n\t<meta name=\"twitter:data1\" content=\"&euro;&nbsp;420\" \/>\n\t<meta name=\"twitter:label2\" content=\"Disponibilidade\" \/>\n\t<meta name=\"twitter:data2\" content=\"Em stock\" \/>\n<script type=\"application\/ld+json\" class=\"yoast-schema-graph\">{\"@context\":\"https:\/\/schema.org\",\"@graph\":[{\"@type\":[\"WebPage\",\"ItemPage\"],\"@id\":\"https:\/\/hurghadalovers.com\/pt-pt\/tours\/sahl-hasheesh-boat-charters-to-dolphin-house\/\",\"url\":\"https:\/\/hurghadalovers.com\/pt-pt\/tours\/sahl-hasheesh-boat-charters-to-dolphin-house\/\",\"name\":\"Aluguer de barcos de Sahl Hasheesh para Dolphin House\",\"isPartOf\":{\"@id\":\"https:\/\/hurghadalovers.com\/pt-pt\/#website\"},\"primaryImageOfPage\":{\"@id\":\"https:\/\/hurghadalovers.com\/pt-pt\/tours\/sahl-hasheesh-boat-charters-to-dolphin-house\/#primaryimage\"},\"image\":{\"@id\":\"https:\/\/hurghadalovers.com\/pt-pt\/tours\/sahl-hasheesh-boat-charters-to-dolphin-house\/#primaryimage\"},\"thumbnailUrl\":\"https:\/\/hurghadalovers.com\/wp-content\/uploads\/2023\/08\/Sahl-Hasheesh-Boat-Charters-to-Dolphin-House.jpeg\",\"datePublished\":\"2023-08-31T19:24:58+00:00\",\"dateModified\":\"2026-01-23T00:55:42+00:00\",\"description\":\"Sahl Hasheesh Boat Charters to Dolphin House | Iates privados de luxo com snorkeling, desportos aqu\u00e1ticos e almo\u00e7o. Actividades para toda a fam\u00edlia\",\"breadcrumb\":{\"@id\":\"https:\/\/hurghadalovers.com\/pt-pt\/tours\/sahl-hasheesh-boat-charters-to-dolphin-house\/#breadcrumb\"},\"inLanguage\":\"pt-PT\",\"potentialAction\":[{\"@type\":\"ReadAction\",\"target\":[\"https:\/\/hurghadalovers.com\/pt-pt\/tours\/sahl-hasheesh-boat-charters-to-dolphin-house\/\"]}]},{\"@type\":\"ImageObject\",\"inLanguage\":\"pt-PT\",\"@id\":\"https:\/\/hurghadalovers.com\/pt-pt\/tours\/sahl-hasheesh-boat-charters-to-dolphin-house\/#primaryimage\",\"url\":\"https:\/\/hurghadalovers.com\/wp-content\/uploads\/2023\/08\/Sahl-Hasheesh-Boat-Charters-to-Dolphin-House.jpeg\",\"contentUrl\":\"https:\/\/hurghadalovers.com\/wp-content\/uploads\/2023\/08\/Sahl-Hasheesh-Boat-Charters-to-Dolphin-House.jpeg\",\"width\":1156,\"height\":867,\"caption\":\"Aluguer de barcos de Sahl Hasheesh para Dolphin House\"},{\"@type\":\"BreadcrumbList\",\"@id\":\"https:\/\/hurghadalovers.com\/pt-pt\/tours\/sahl-hasheesh-boat-charters-to-dolphin-house\/#breadcrumb\",\"itemListElement\":[{\"@type\":\"ListItem\",\"position\":1,\"name\":\"Home\",\"item\":\"https:\/\/hurghadalovers.com\/pt-pt\/\"},{\"@type\":\"ListItem\",\"position\":2,\"name\":\"Shop\",\"item\":\"https:\/\/hurghadalovers.com\/shop\/\"},{\"@type\":\"ListItem\",\"position\":3,\"name\":\"Aluguer de barcos de Sahl Hasheesh para Dolphin House\"}]},{\"@type\":\"WebSite\",\"@id\":\"https:\/\/hurghadalovers.com\/pt-pt\/#website\",\"url\":\"https:\/\/hurghadalovers.com\/pt-pt\/\",\"name\":\"Hurghada Excursions & Day Trips | Booking Best Prices Tours\",\"description\":\"Hurghada Lovers - Best Tour Operator - Excursions &amp; Things to do for Family Day Trips with kids and Couples Romantic. Unique .Hidden gems\",\"publisher\":{\"@id\":\"https:\/\/hurghadalovers.com\/pt-pt\/#organization\"},\"alternateName\":\"Hurghada Excursions\",\"potentialAction\":[{\"@type\":\"SearchAction\",\"target\":{\"@type\":\"EntryPoint\",\"urlTemplate\":\"https:\/\/hurghadalovers.com\/pt-pt\/?s={search_term_string}\"},\"query-input\":{\"@type\":\"PropertyValueSpecification\",\"valueRequired\":true,\"valueName\":\"search_term_string\"}}],\"inLanguage\":\"pt-PT\"},{\"@type\":[\"Organization\",\"Place\",\"TravelAgency\"],\"@id\":\"https:\/\/hurghadalovers.com\/pt-pt\/#organization\",\"name\":\"Hurghada Excursions\",\"url\":\"https:\/\/hurghadalovers.com\/pt-pt\/\",\"logo\":{\"@id\":\"https:\/\/hurghadalovers.com\/pt-pt\/tours\/sahl-hasheesh-boat-charters-to-dolphin-house\/#local-main-organization-logo\"},\"image\":{\"@id\":\"https:\/\/hurghadalovers.com\/pt-pt\/tours\/sahl-hasheesh-boat-charters-to-dolphin-house\/#local-main-organization-logo\"},\"sameAs\":[\"https:\/\/www.facebook.com\/Hurghadaloversegypt\"],\"address\":{\"@id\":\"https:\/\/hurghadalovers.com\/pt-pt\/tours\/sahl-hasheesh-boat-charters-to-dolphin-house\/#local-main-place-address\"},\"telephone\":[\"00201112596434\"],\"contactPoint\":{\"@type\":\"ContactPoint\",\"telephone\":\"00201112596434\",\"email\":\"weyouface@gmail.com\"},\"openingHoursSpecification\":{\"@type\":\"OpeningHoursSpecification\",\"dayOfWeek\":[\"Monday\",\"Tuesday\",\"Wednesday\",\"Thursday\",\"Friday\",\"Saturday\",\"Sunday\"],\"opens\":\"00:00\",\"closes\":\"23:59\"},\"email\":\"weyouface@gmail.com\",\"areaServed\":\"Luxor, Hurghada, El Gouna, Aswan, Sharm El Sheikh, Giza, Alexandria, Marsa Alam, Quseir, Soma Bay, Sahl Hasheesh, Red Sea, Makadi Bay, Cairo\",\"priceRange\":\"$\",\"currenciesAccepted\":\"euro\",\"paymentAccepted\":\"cash on site\"},{\"@type\":\"PostalAddress\",\"@id\":\"https:\/\/hurghadalovers.com\/pt-pt\/tours\/sahl-hasheesh-boat-charters-to-dolphin-house\/#local-main-place-address\",\"streetAddress\":\"17 Banks street, Alkawther area, top nbk bank\",\"addressLocality\":\"hurghada\",\"postalCode\":\"84511\",\"addressRegion\":\"red sea\",\"addressCountry\":\"EG\"},{\"@type\":\"ImageObject\",\"inLanguage\":\"pt-PT\",\"@id\":\"https:\/\/hurghadalovers.com\/pt-pt\/tours\/sahl-hasheesh-boat-charters-to-dolphin-house\/#local-main-organization-logo\",\"url\":\"https:\/\/hurghadalovers.com\/wp-content\/uploads\/2019\/10\/hurghada-excursions-logo.png\",\"contentUrl\":\"https:\/\/hurghadalovers.com\/wp-content\/uploads\/2019\/10\/hurghada-excursions-logo.png\",\"width\":272,\"height\":90,\"caption\":\"Hurghada Excursions\"}]}<\/script>\n<meta property=\"product:brand\" content=\"Excurs\u00f5es Sahl Hasheesh\" \/>\n<meta property=\"product:price:amount\" content=\"420\" \/>\n<meta property=\"product:price:currency\" content=\"EUR\" \/>\n<meta property=\"og:availability\" content=\"instock\" \/>\n<meta property=\"product:availability\" content=\"instock\" \/>\n<meta property=\"product:retailer_item_id\" content=\"Sahl452024\" \/>\n<meta property=\"product:condition\" content=\"new\" \/>\n<meta name=\"geo.placename\" content=\"hurghada\" \/>\n<meta name=\"geo.region\" content=\"Egipto\" \/>\n<!-- \/ Yoast SEO Premium plugin. -->","yoast_head_json":{"title":"Aluguer de barcos de Sahl Hasheesh para Dolphin House","description":"Sahl Hasheesh Boat Charters to Dolphin House | Iates privados de luxo com snorkeling, desportos aqu\u00e1ticos e almo\u00e7o. Actividades para toda a fam\u00edlia","robots":{"index":"index","follow":"follow","max-snippet":"max-snippet:-1","max-image-preview":"max-image-preview:large","max-video-preview":"max-video-preview:-1"},"canonical":"https:\/\/hurghadalovers.com\/pt-pt\/tours\/sahl-hasheesh-boat-charters-to-dolphin-house\/","og_locale":"pt_PT","og_type":"article","og_title":"Aluguer de barcos de Sahl Hasheesh para Dolphin House","og_description":"Sahl Hasheesh Boat Charters to Dolphin House | Iates privados de luxo com snorkeling, desportos aqu\u00e1ticos e almo\u00e7o. Actividades para toda a fam\u00edlia","og_url":"https:\/\/hurghadalovers.com\/pt-pt\/tours\/sahl-hasheesh-boat-charters-to-dolphin-house\/","og_site_name":"Hurghada Excursions &amp; Day Trips | Booking Best Prices Tours","article_publisher":"https:\/\/www.facebook.com\/Hurghadaloversegypt","article_modified_time":"2026-01-23T00:55:42+00:00","og_image":[{"width":1156,"height":867,"url":"https:\/\/hurghadalovers.com\/wp-content\/uploads\/2023\/08\/Sahl-Hasheesh-Boat-Charters-to-Dolphin-House.jpeg","type":"image\/jpeg"}],"twitter_card":"summary_large_image","twitter_misc":{"pre\u00e7o":"&euro;&nbsp;420","Disponibilidade":"Em stock"},"schema":{"@context":"https:\/\/schema.org","@graph":[{"@type":["WebPage","ItemPage"],"@id":"https:\/\/hurghadalovers.com\/pt-pt\/tours\/sahl-hasheesh-boat-charters-to-dolphin-house\/","url":"https:\/\/hurghadalovers.com\/pt-pt\/tours\/sahl-hasheesh-boat-charters-to-dolphin-house\/","name":"Aluguer de barcos de Sahl Hasheesh para Dolphin House","isPartOf":{"@id":"https:\/\/hurghadalovers.com\/pt-pt\/#website"},"primaryImageOfPage":{"@id":"https:\/\/hurghadalovers.com\/pt-pt\/tours\/sahl-hasheesh-boat-charters-to-dolphin-house\/#primaryimage"},"image":{"@id":"https:\/\/hurghadalovers.com\/pt-pt\/tours\/sahl-hasheesh-boat-charters-to-dolphin-house\/#primaryimage"},"thumbnailUrl":"https:\/\/hurghadalovers.com\/wp-content\/uploads\/2023\/08\/Sahl-Hasheesh-Boat-Charters-to-Dolphin-House.jpeg","datePublished":"2023-08-31T19:24:58+00:00","dateModified":"2026-01-23T00:55:42+00:00","description":"Sahl Hasheesh Boat Charters to Dolphin House | Iates privados de luxo com snorkeling, desportos aqu\u00e1ticos e almo\u00e7o. Actividades para toda a fam\u00edlia","breadcrumb":{"@id":"https:\/\/hurghadalovers.com\/pt-pt\/tours\/sahl-hasheesh-boat-charters-to-dolphin-house\/#breadcrumb"},"inLanguage":"pt-PT","potentialAction":[{"@type":"ReadAction","target":["https:\/\/hurghadalovers.com\/pt-pt\/tours\/sahl-hasheesh-boat-charters-to-dolphin-house\/"]}]},{"@type":"ImageObject","inLanguage":"pt-PT","@id":"https:\/\/hurghadalovers.com\/pt-pt\/tours\/sahl-hasheesh-boat-charters-to-dolphin-house\/#primaryimage","url":"https:\/\/hurghadalovers.com\/wp-content\/uploads\/2023\/08\/Sahl-Hasheesh-Boat-Charters-to-Dolphin-House.jpeg","contentUrl":"https:\/\/hurghadalovers.com\/wp-content\/uploads\/2023\/08\/Sahl-Hasheesh-Boat-Charters-to-Dolphin-House.jpeg","width":1156,"height":867,"caption":"Aluguer de barcos de Sahl Hasheesh para Dolphin House"},{"@type":"BreadcrumbList","@id":"https:\/\/hurghadalovers.com\/pt-pt\/tours\/sahl-hasheesh-boat-charters-to-dolphin-house\/#breadcrumb","itemListElement":[{"@type":"ListItem","position":1,"name":"Home","item":"https:\/\/hurghadalovers.com\/pt-pt\/"},{"@type":"ListItem","position":2,"name":"Shop","item":"https:\/\/hurghadalovers.com\/shop\/"},{"@type":"ListItem","position":3,"name":"Aluguer de barcos de Sahl Hasheesh para Dolphin House"}]},{"@type":"WebSite","@id":"https:\/\/hurghadalovers.com\/pt-pt\/#website","url":"https:\/\/hurghadalovers.com\/pt-pt\/","name":"Hurghada Excursions & Day Trips | Booking Best Prices Tours","description":"Hurghada Lovers - Best Tour Operator - Excursions &amp; Things to do for Family Day Trips with kids and Couples Romantic. Unique .Hidden gems","publisher":{"@id":"https:\/\/hurghadalovers.com\/pt-pt\/#organization"},"alternateName":"Hurghada Excursions","potentialAction":[{"@type":"SearchAction","target":{"@type":"EntryPoint","urlTemplate":"https:\/\/hurghadalovers.com\/pt-pt\/?s={search_term_string}"},"query-input":{"@type":"PropertyValueSpecification","valueRequired":true,"valueName":"search_term_string"}}],"inLanguage":"pt-PT"},{"@type":["Organization","Place","TravelAgency"],"@id":"https:\/\/hurghadalovers.com\/pt-pt\/#organization","name":"Hurghada Excursions","url":"https:\/\/hurghadalovers.com\/pt-pt\/","logo":{"@id":"https:\/\/hurghadalovers.com\/pt-pt\/tours\/sahl-hasheesh-boat-charters-to-dolphin-house\/#local-main-organization-logo"},"image":{"@id":"https:\/\/hurghadalovers.com\/pt-pt\/tours\/sahl-hasheesh-boat-charters-to-dolphin-house\/#local-main-organization-logo"},"sameAs":["https:\/\/www.facebook.com\/Hurghadaloversegypt"],"address":{"@id":"https:\/\/hurghadalovers.com\/pt-pt\/tours\/sahl-hasheesh-boat-charters-to-dolphin-house\/#local-main-place-address"},"telephone":["00201112596434"],"contactPoint":{"@type":"ContactPoint","telephone":"00201112596434","email":"weyouface@gmail.com"},"openingHoursSpecification":{"@type":"OpeningHoursSpecification","dayOfWeek":["Monday","Tuesday","Wednesday","Thursday","Friday","Saturday","Sunday"],"opens":"00:00","closes":"23:59"},"email":"weyouface@gmail.com","areaServed":"Luxor, Hurghada, El Gouna, Aswan, Sharm El Sheikh, Giza, Alexandria, Marsa Alam, Quseir, Soma Bay, Sahl Hasheesh, Red Sea, Makadi Bay, Cairo","priceRange":"$","currenciesAccepted":"euro","paymentAccepted":"cash on site"},{"@type":"PostalAddress","@id":"https:\/\/hurghadalovers.com\/pt-pt\/tours\/sahl-hasheesh-boat-charters-to-dolphin-house\/#local-main-place-address","streetAddress":"17 Banks street, Alkawther area, top nbk bank","addressLocality":"hurghada","postalCode":"84511","addressRegion":"red sea","addressCountry":"EG"},{"@type":"ImageObject","inLanguage":"pt-PT","@id":"https:\/\/hurghadalovers.com\/pt-pt\/tours\/sahl-hasheesh-boat-charters-to-dolphin-house\/#local-main-organization-logo","url":"https:\/\/hurghadalovers.com\/wp-content\/uploads\/2019\/10\/hurghada-excursions-logo.png","contentUrl":"https:\/\/hurghadalovers.com\/wp-content\/uploads\/2019\/10\/hurghada-excursions-logo.png","width":272,"height":90,"caption":"Hurghada Excursions"}]},"product_brand":"Excurs\u00f5es Sahl Hasheesh","product_price_amount":"420","product_price_currency":"EUR","og_availability":"instock","product_availability":"instock","product_retailer_item_id":"Sahl452024","product_condition":"new","geo.placename":"hurghada","geo.region":"Egipto"},"_links":{"self":[{"href":"https:\/\/hurghadalovers.com\/pt-pt\/wp-json\/wp\/v2\/product\/391771","targetHints":{"allow":["GET"]}}],"collection":[{"href":"https:\/\/hurghadalovers.com\/pt-pt\/wp-json\/wp\/v2\/product"}],"about":[{"href":"https:\/\/hurghadalovers.com\/pt-pt\/wp-json\/wp\/v2\/types\/product"}],"wp:featuredmedia":[{"embeddable":true,"href":"https:\/\/hurghadalovers.com\/pt-pt\/wp-json\/wp\/v2\/media\/391553"}],"wp:attachment":[{"href":"https:\/\/hurghadalovers.com\/pt-pt\/wp-json\/wp\/v2\/media?parent=391771"}],"wp:term":[{"taxonomy":"product_brand","embeddable":true,"href":"https:\/\/hurghadalovers.com\/pt-pt\/wp-json\/wp\/v2\/product_brand?post=391771"},{"taxonomy":"product_cat","embeddable":true,"href":"https:\/\/hurghadalovers.com\/pt-pt\/wp-json\/wp\/v2\/product_cat?post=391771"},{"taxonomy":"product_tag","embeddable":true,"href":"https:\/\/hurghadalovers.com\/pt-pt\/wp-json\/wp\/v2\/product_tag?post=391771"}],"curies":[{"name":"wp","href":"https:\/\/api.w.org\/{rel}","templated":true}]}}