{"id":386951,"date":"2023-08-29T17:15:17","date_gmt":"2023-08-29T17:19:35","guid":{"rendered":"https:\/\/hurghadalovers.com\/shop\/sem%20categoria\/baia-de-makadi-excursao-privada-de-um-dia-a-sakkara-dahshur-memphis-museu-egipcio\/"},"modified":"2026-02-08T22:27:07","modified_gmt":"2026-02-08T22:27:07","slug":"makadi-bay-private-day-tour-to-sakkara","status":"publish","type":"product","link":"https:\/\/hurghadalovers.com\/pt-pt\/tours\/makadi-bay-private-day-tour-to-sakkara\/","title":{"rendered":"Ba\u00eda de Makadi Excurs\u00e3o privada de um dia a Sakkara Dahshur, Memphis, Museu Eg\u00edpcio"},"content":{"rendered":"<p><strong>Excurs\u00e3o privada de um dia \u00e0 Ba\u00eda de Makadi para Sakkara<\/strong> Dahshur, Memphis, Museu Eg\u00edpcio de carro, minivan com guia privado.<\/p>\n<p style=\"text-align: center;\"><span style=\"color: #ff6600;\"><strong>Descubra factos hist\u00f3ricos sobre a civiliza\u00e7\u00e3o dos fara\u00f3s no antigo Egipto<\/strong><\/span><\/p>\n<p><strong>Destaques:<\/strong><\/p>\n<ol>\n<li>Sakkara Dahshur.<\/li>\n<li>Memphis<\/li>\n<li>Museu Eg\u00edpcio<\/li>\n<li>Almo\u00e7o no restaurante &#8220;Comida vegetariana dispon\u00edvel&#8221;.<\/li>\n<\/ol>\n<p><strong>Excurs\u00e3o privada de um dia a partir de <\/strong><strong>Ba\u00eda de Makadi <\/strong><strong>para Sakkara Detalhes:<\/strong><\/p>\n<ul>\n<li>Disponibilidade da excurs\u00e3o: Todos os dias.<\/li>\n<li>Tipo de passeio: Privado em carro ou minivan.<\/li>\n<li>Hora de recolha: A partir das 12:30h.<\/li>\n<li>Pedir ao hotel que receba o seu saco de pequeno-almo\u00e7o de manh\u00e3.<\/li>\n<li>Hora de partida: 19:00.<\/li>\n<li>Acess\u00edvel a cadeiras de rodas.<\/li>\n<li>Dura\u00e7\u00e3o: 22 horas.<\/li>\n<\/ul>\n<p><strong>Reserve agora e pague depois:<\/strong><\/p>\n<ul>\n<li>Dinheiro no local para guiar.<\/li>\n<li>Pagamento em libras eg\u00edpcias, $, \u20ac ou \u00a3.<\/li>\n<\/ul>\n<p><strong>Pol\u00edtica de cancelamento:<\/strong><\/p>\n<ul>\n<li>Cancelamento at\u00e9 24 horas de anteced\u00eancia.<\/li>\n<li>Quando algu\u00e9m da sua fam\u00edlia cancela a manh\u00e3, paga 50% do custo.<\/li>\n<\/ul>\n<p><strong>O que \u00e9 que est\u00e1 inclu\u00eddo?<\/strong><\/p>\n<ul>\n<li>Transfer dos hot\u00e9is da ba\u00eda de Makadi &#8220;Hotel pick up and drop off&#8221;.<\/li>\n<li>Todos os impostos, taxas de entrada e despesas de manuseamento.<\/li>\n<li>Transfer\u00eancias.<\/li>\n<li>Guia tur\u00edstico.<\/li>\n<li>Bebidas.<\/li>\n<li>Almo\u00e7o no restaurante.<\/li>\n<\/ul>\n<p><strong>Exclus\u00f5es?<\/strong><\/p>\n<ul>\n<li>Gorjetas.<\/li>\n<li>Passeio de Felucca &#8220;Cruzeiro de barco&#8221; Durante 35 min= 10$.<\/li>\n<li>Quaisquer extras n\u00e3o mencionados.<\/li>\n<\/ul>\n<h4><strong>Pre\u00e7os:<\/strong><\/h4>\n<ul>\n<li><strong>Pre\u00e7o adulto = a partir de <\/strong><strong>140$ por pessoa<\/strong>.<\/li>\n<li>Pre\u00e7o para crian\u00e7as &#8220;5-12\u2033= 50%.<\/li>\n<li>para crian\u00e7as &#8220;0-5\u2033= Gr\u00e1tis.<\/li>\n<\/ul>\n<p><strong>Coment\u00e1rios:<\/strong><\/p>\n<p>verifique o nosso Google Map Reviews como Melhor <a href=\"https:\/\/g.page\/r\/CUeYvkngP3wkEBM\/review\">Operador Tur\u00edstico em Hurghada<\/a> online em <a href=\"https:\/\/hurghadalovers.com\/\">Hurghada<\/a> Egipto.<\/p>\n<p><strong>Reserva:<\/strong><\/p>\n<p>Enviar hotel + n\u00famero do quarto + passaportes com fotografia para o WhatsApp: <strong>+201112596434<\/strong><\/p>\n<p>Se estiver no Egipto, reserve agora online e confirme a sua chegada ao hotel.<\/p>\n<p>&nbsp;<\/p>\n<p>&nbsp;<\/p>\n","protected":false},"excerpt":{"rendered":"<p><strong>Excurs\u00e3o privada de um dia da <\/strong><strong>Ba\u00eda de Makadi <\/strong><strong>a Sakkara<\/strong> Dahshur, Memphis, Museu Eg\u00edpcio de carro, minivan com guia particular.<\/p>\n<p style=\"text-align: center;\"><span style=\"color: #ff6600;\"><strong>Descubra factos hist\u00f3ricos sobre a civiliza\u00e7\u00e3o dos fara\u00f3s no antigo Egipto<\/strong><\/span><\/p>\n<p>&nbsp;<\/p>\n","protected":false},"featured_media":386874,"template":"","meta":{"_joinchat":[]},"product_brand":[],"product_cat":[49770,29297],"product_tag":[],"class_list":{"0":"post-386951","1":"product","2":"type-product","3":"status-publish","4":"has-post-thumbnail","6":"product_cat-excursoes","7":"product_cat-egypt-tours","8":"tour_category-viagens-de-um-dia-cairo-de-makadi-bay","9":"tour_category-o-que-fazer-no-makadi-bay","11":"first","12":"instock","13":"sale","14":"shipping-taxable","15":"purchasable","16":"product-type-tour"},"yoast_head":"<!-- This site is optimized with the Yoast SEO Premium plugin v26.9 (Yoast SEO v27.2) - https:\/\/yoast.com\/product\/yoast-seo-premium-wordpress\/ -->\n<title>Ba\u00eda de Makadi Excurs\u00e3o privada de um dia a Sakkara, Memphis, Museu<\/title>\n<meta name=\"description\" content=\"Excurs\u00e3o privada de um dia \u00e0 Ba\u00eda de Makadi para Sakkara Dahshur, Memphis, Museu Eg\u00edpcio de carro, minivan com guia privado. Descobrir factos hist\u00f3ricos...\" \/>\n<meta name=\"robots\" content=\"index, follow, max-snippet:-1, max-image-preview:large, max-video-preview:-1\" \/>\n<link rel=\"canonical\" href=\"https:\/\/hurghadalovers.com\/pt-pt\/tours\/makadi-bay-private-day-tour-to-sakkara\/\" \/>\n<meta property=\"og:locale\" content=\"pt_PT\" \/>\n<meta property=\"og:type\" content=\"article\" \/>\n<meta property=\"og:title\" content=\"Ba\u00eda de Makadi Excurs\u00e3o privada de um dia a Sakkara Dahshur, Memphis, Museu Eg\u00edpcio\" \/>\n<meta property=\"og:description\" content=\"Excurs\u00e3o privada de um dia \u00e0 Ba\u00eda de Makadi para Sakkara Dahshur, Memphis, Museu Eg\u00edpcio de carro, minivan com guia privado. Descobrir factos hist\u00f3ricos...\" \/>\n<meta property=\"og:url\" content=\"https:\/\/hurghadalovers.com\/pt-pt\/tours\/makadi-bay-private-day-tour-to-sakkara\/\" \/>\n<meta property=\"og:site_name\" content=\"Hurghada Excursions &amp; Day Trips | Booking Best Prices Tours\" \/>\n<meta property=\"article:publisher\" content=\"https:\/\/www.facebook.com\/Hurghadaloversegypt\" \/>\n<meta property=\"article:modified_time\" content=\"2026-02-08T22:27:07+00:00\" \/>\n<meta property=\"og:image\" content=\"https:\/\/hurghadalovers.com\/wp-content\/uploads\/2023\/08\/Makadi-Bay-Private-Day-Tour-to-Sakkara.jpeg\" \/>\n\t<meta property=\"og:image:width\" content=\"1536\" \/>\n\t<meta property=\"og:image:height\" content=\"1024\" \/>\n\t<meta property=\"og:image:type\" content=\"image\/jpeg\" \/>\n<meta name=\"twitter:card\" content=\"summary_large_image\" \/>\n<meta name=\"twitter:label1\" content=\"pre\u00e7o\" \/>\n\t<meta name=\"twitter:data1\" content=\"&euro;&nbsp;175\" \/>\n\t<meta name=\"twitter:label2\" content=\"Disponibilidade\" \/>\n\t<meta name=\"twitter:data2\" content=\"Em stock\" \/>\n<script type=\"application\/ld+json\" class=\"yoast-schema-graph\">{\"@context\":\"https:\/\/schema.org\",\"@graph\":[{\"@type\":[\"WebPage\",\"ItemPage\"],\"@id\":\"https:\/\/hurghadalovers.com\/pt-pt\/tours\/makadi-bay-private-day-tour-to-sakkara\/\",\"url\":\"https:\/\/hurghadalovers.com\/pt-pt\/tours\/makadi-bay-private-day-tour-to-sakkara\/\",\"name\":\"Ba\u00eda de Makadi Excurs\u00e3o privada de um dia a Sakkara, Memphis, Museu\",\"isPartOf\":{\"@id\":\"https:\/\/hurghadalovers.com\/pt-pt\/#website\"},\"primaryImageOfPage\":{\"@id\":\"https:\/\/hurghadalovers.com\/pt-pt\/tours\/makadi-bay-private-day-tour-to-sakkara\/#primaryimage\"},\"image\":{\"@id\":\"https:\/\/hurghadalovers.com\/pt-pt\/tours\/makadi-bay-private-day-tour-to-sakkara\/#primaryimage\"},\"thumbnailUrl\":\"https:\/\/hurghadalovers.com\/wp-content\/uploads\/2023\/08\/Makadi-Bay-Private-Day-Tour-to-Sakkara.jpeg\",\"datePublished\":\"2023-08-29T17:19:35+00:00\",\"dateModified\":\"2026-02-08T22:27:07+00:00\",\"description\":\"Excurs\u00e3o privada de um dia \u00e0 Ba\u00eda de Makadi para Sakkara Dahshur, Memphis, Museu Eg\u00edpcio de carro, minivan com guia privado. Descobrir factos hist\u00f3ricos...\",\"breadcrumb\":{\"@id\":\"https:\/\/hurghadalovers.com\/pt-pt\/tours\/makadi-bay-private-day-tour-to-sakkara\/#breadcrumb\"},\"inLanguage\":\"pt-PT\",\"potentialAction\":[{\"@type\":\"ReadAction\",\"target\":[\"https:\/\/hurghadalovers.com\/pt-pt\/tours\/makadi-bay-private-day-tour-to-sakkara\/\"]}]},{\"@type\":\"ImageObject\",\"inLanguage\":\"pt-PT\",\"@id\":\"https:\/\/hurghadalovers.com\/pt-pt\/tours\/makadi-bay-private-day-tour-to-sakkara\/#primaryimage\",\"url\":\"https:\/\/hurghadalovers.com\/wp-content\/uploads\/2023\/08\/Makadi-Bay-Private-Day-Tour-to-Sakkara.jpeg\",\"contentUrl\":\"https:\/\/hurghadalovers.com\/wp-content\/uploads\/2023\/08\/Makadi-Bay-Private-Day-Tour-to-Sakkara.jpeg\",\"width\":1536,\"height\":1024,\"caption\":\"Excurs\u00e3o privada de um dia \u00e0 Ba\u00eda de Makadi para Sakkara\"},{\"@type\":\"BreadcrumbList\",\"@id\":\"https:\/\/hurghadalovers.com\/pt-pt\/tours\/makadi-bay-private-day-tour-to-sakkara\/#breadcrumb\",\"itemListElement\":[{\"@type\":\"ListItem\",\"position\":1,\"name\":\"Home\",\"item\":\"https:\/\/hurghadalovers.com\/pt-pt\/\"},{\"@type\":\"ListItem\",\"position\":2,\"name\":\"Shop\",\"item\":\"https:\/\/hurghadalovers.com\/shop\/\"},{\"@type\":\"ListItem\",\"position\":3,\"name\":\"Ba\u00eda de Makadi Excurs\u00e3o privada de um dia a Sakkara Dahshur, Memphis, Museu Eg\u00edpcio\"}]},{\"@type\":\"WebSite\",\"@id\":\"https:\/\/hurghadalovers.com\/pt-pt\/#website\",\"url\":\"https:\/\/hurghadalovers.com\/pt-pt\/\",\"name\":\"Hurghada Excursions & Day Trips | Booking Best Prices Tours\",\"description\":\"Hurghada Lovers - Best Tour Operator - Excursions &amp; Things to do for Family Day Trips with kids and Couples Romantic. Unique .Hidden gems\",\"publisher\":{\"@id\":\"https:\/\/hurghadalovers.com\/pt-pt\/#organization\"},\"alternateName\":\"Hurghada Excursions\",\"potentialAction\":[{\"@type\":\"SearchAction\",\"target\":{\"@type\":\"EntryPoint\",\"urlTemplate\":\"https:\/\/hurghadalovers.com\/pt-pt\/?s={search_term_string}\"},\"query-input\":{\"@type\":\"PropertyValueSpecification\",\"valueRequired\":true,\"valueName\":\"search_term_string\"}}],\"inLanguage\":\"pt-PT\"},{\"@type\":[\"Organization\",\"Place\",\"TravelAgency\"],\"@id\":\"https:\/\/hurghadalovers.com\/pt-pt\/#organization\",\"name\":\"Hurghada Excursions\",\"url\":\"https:\/\/hurghadalovers.com\/pt-pt\/\",\"logo\":{\"@id\":\"https:\/\/hurghadalovers.com\/pt-pt\/tours\/makadi-bay-private-day-tour-to-sakkara\/#local-main-organization-logo\"},\"image\":{\"@id\":\"https:\/\/hurghadalovers.com\/pt-pt\/tours\/makadi-bay-private-day-tour-to-sakkara\/#local-main-organization-logo\"},\"sameAs\":[\"https:\/\/www.facebook.com\/Hurghadaloversegypt\"],\"address\":{\"@id\":\"https:\/\/hurghadalovers.com\/pt-pt\/tours\/makadi-bay-private-day-tour-to-sakkara\/#local-main-place-address\"},\"telephone\":[\"00201112596434\"],\"contactPoint\":{\"@type\":\"ContactPoint\",\"telephone\":\"00201112596434\",\"email\":\"weyouface@gmail.com\"},\"openingHoursSpecification\":{\"@type\":\"OpeningHoursSpecification\",\"dayOfWeek\":[\"Monday\",\"Tuesday\",\"Wednesday\",\"Thursday\",\"Friday\",\"Saturday\",\"Sunday\"],\"opens\":\"00:00\",\"closes\":\"23:59\"},\"email\":\"weyouface@gmail.com\",\"areaServed\":\"Luxor, Hurghada, El Gouna, Aswan, Sharm El Sheikh, Giza, Alexandria, Marsa Alam, Quseir, Soma Bay, Sahl Hasheesh, Red Sea, Makadi Bay, Cairo\",\"priceRange\":\"$\",\"currenciesAccepted\":\"euro\",\"paymentAccepted\":\"cash on site\"},{\"@type\":\"PostalAddress\",\"@id\":\"https:\/\/hurghadalovers.com\/pt-pt\/tours\/makadi-bay-private-day-tour-to-sakkara\/#local-main-place-address\",\"streetAddress\":\"17 Banks street, Alkawther area, top nbk bank\",\"addressLocality\":\"hurghada\",\"postalCode\":\"84511\",\"addressRegion\":\"red sea\",\"addressCountry\":\"EG\"},{\"@type\":\"ImageObject\",\"inLanguage\":\"pt-PT\",\"@id\":\"https:\/\/hurghadalovers.com\/pt-pt\/tours\/makadi-bay-private-day-tour-to-sakkara\/#local-main-organization-logo\",\"url\":\"https:\/\/hurghadalovers.com\/wp-content\/uploads\/2019\/10\/hurghada-excursions-logo.png\",\"contentUrl\":\"https:\/\/hurghadalovers.com\/wp-content\/uploads\/2019\/10\/hurghada-excursions-logo.png\",\"width\":272,\"height\":90,\"caption\":\"Hurghada Excursions\"}]}<\/script>\n<meta property=\"product:brand\" content=\"Excurs\u00e3o \u00e0s Pir\u00e2mides De Makadi bay\" \/>\n<meta property=\"product:price:amount\" content=\"175\" \/>\n<meta property=\"product:price:currency\" content=\"EUR\" \/>\n<meta property=\"og:availability\" content=\"instock\" \/>\n<meta property=\"product:availability\" content=\"instock\" \/>\n<meta property=\"product:retailer_item_id\" content=\"MakadiBay082024\" \/>\n<meta property=\"product:condition\" content=\"new\" \/>\n<meta name=\"geo.placename\" content=\"hurghada\" \/>\n<meta name=\"geo.region\" content=\"Egipto\" \/>\n<!-- \/ Yoast SEO Premium plugin. -->","yoast_head_json":{"title":"Ba\u00eda de Makadi Excurs\u00e3o privada de um dia a Sakkara, Memphis, Museu","description":"Excurs\u00e3o privada de um dia \u00e0 Ba\u00eda de Makadi para Sakkara Dahshur, Memphis, Museu Eg\u00edpcio de carro, minivan com guia privado. Descobrir factos hist\u00f3ricos...","robots":{"index":"index","follow":"follow","max-snippet":"max-snippet:-1","max-image-preview":"max-image-preview:large","max-video-preview":"max-video-preview:-1"},"canonical":"https:\/\/hurghadalovers.com\/pt-pt\/tours\/makadi-bay-private-day-tour-to-sakkara\/","og_locale":"pt_PT","og_type":"article","og_title":"Ba\u00eda de Makadi Excurs\u00e3o privada de um dia a Sakkara Dahshur, Memphis, Museu Eg\u00edpcio","og_description":"Excurs\u00e3o privada de um dia \u00e0 Ba\u00eda de Makadi para Sakkara Dahshur, Memphis, Museu Eg\u00edpcio de carro, minivan com guia privado. Descobrir factos hist\u00f3ricos...","og_url":"https:\/\/hurghadalovers.com\/pt-pt\/tours\/makadi-bay-private-day-tour-to-sakkara\/","og_site_name":"Hurghada Excursions &amp; Day Trips | Booking Best Prices Tours","article_publisher":"https:\/\/www.facebook.com\/Hurghadaloversegypt","article_modified_time":"2026-02-08T22:27:07+00:00","og_image":[{"width":1536,"height":1024,"url":"https:\/\/hurghadalovers.com\/wp-content\/uploads\/2023\/08\/Makadi-Bay-Private-Day-Tour-to-Sakkara.jpeg","type":"image\/jpeg"}],"twitter_card":"summary_large_image","twitter_misc":{"pre\u00e7o":"&euro;&nbsp;175","Disponibilidade":"Em stock"},"schema":{"@context":"https:\/\/schema.org","@graph":[{"@type":["WebPage","ItemPage"],"@id":"https:\/\/hurghadalovers.com\/pt-pt\/tours\/makadi-bay-private-day-tour-to-sakkara\/","url":"https:\/\/hurghadalovers.com\/pt-pt\/tours\/makadi-bay-private-day-tour-to-sakkara\/","name":"Ba\u00eda de Makadi Excurs\u00e3o privada de um dia a Sakkara, Memphis, Museu","isPartOf":{"@id":"https:\/\/hurghadalovers.com\/pt-pt\/#website"},"primaryImageOfPage":{"@id":"https:\/\/hurghadalovers.com\/pt-pt\/tours\/makadi-bay-private-day-tour-to-sakkara\/#primaryimage"},"image":{"@id":"https:\/\/hurghadalovers.com\/pt-pt\/tours\/makadi-bay-private-day-tour-to-sakkara\/#primaryimage"},"thumbnailUrl":"https:\/\/hurghadalovers.com\/wp-content\/uploads\/2023\/08\/Makadi-Bay-Private-Day-Tour-to-Sakkara.jpeg","datePublished":"2023-08-29T17:19:35+00:00","dateModified":"2026-02-08T22:27:07+00:00","description":"Excurs\u00e3o privada de um dia \u00e0 Ba\u00eda de Makadi para Sakkara Dahshur, Memphis, Museu Eg\u00edpcio de carro, minivan com guia privado. Descobrir factos hist\u00f3ricos...","breadcrumb":{"@id":"https:\/\/hurghadalovers.com\/pt-pt\/tours\/makadi-bay-private-day-tour-to-sakkara\/#breadcrumb"},"inLanguage":"pt-PT","potentialAction":[{"@type":"ReadAction","target":["https:\/\/hurghadalovers.com\/pt-pt\/tours\/makadi-bay-private-day-tour-to-sakkara\/"]}]},{"@type":"ImageObject","inLanguage":"pt-PT","@id":"https:\/\/hurghadalovers.com\/pt-pt\/tours\/makadi-bay-private-day-tour-to-sakkara\/#primaryimage","url":"https:\/\/hurghadalovers.com\/wp-content\/uploads\/2023\/08\/Makadi-Bay-Private-Day-Tour-to-Sakkara.jpeg","contentUrl":"https:\/\/hurghadalovers.com\/wp-content\/uploads\/2023\/08\/Makadi-Bay-Private-Day-Tour-to-Sakkara.jpeg","width":1536,"height":1024,"caption":"Excurs\u00e3o privada de um dia \u00e0 Ba\u00eda de Makadi para Sakkara"},{"@type":"BreadcrumbList","@id":"https:\/\/hurghadalovers.com\/pt-pt\/tours\/makadi-bay-private-day-tour-to-sakkara\/#breadcrumb","itemListElement":[{"@type":"ListItem","position":1,"name":"Home","item":"https:\/\/hurghadalovers.com\/pt-pt\/"},{"@type":"ListItem","position":2,"name":"Shop","item":"https:\/\/hurghadalovers.com\/shop\/"},{"@type":"ListItem","position":3,"name":"Ba\u00eda de Makadi Excurs\u00e3o privada de um dia a Sakkara Dahshur, Memphis, Museu Eg\u00edpcio"}]},{"@type":"WebSite","@id":"https:\/\/hurghadalovers.com\/pt-pt\/#website","url":"https:\/\/hurghadalovers.com\/pt-pt\/","name":"Hurghada Excursions & Day Trips | Booking Best Prices Tours","description":"Hurghada Lovers - Best Tour Operator - Excursions &amp; Things to do for Family Day Trips with kids and Couples Romantic. Unique .Hidden gems","publisher":{"@id":"https:\/\/hurghadalovers.com\/pt-pt\/#organization"},"alternateName":"Hurghada Excursions","potentialAction":[{"@type":"SearchAction","target":{"@type":"EntryPoint","urlTemplate":"https:\/\/hurghadalovers.com\/pt-pt\/?s={search_term_string}"},"query-input":{"@type":"PropertyValueSpecification","valueRequired":true,"valueName":"search_term_string"}}],"inLanguage":"pt-PT"},{"@type":["Organization","Place","TravelAgency"],"@id":"https:\/\/hurghadalovers.com\/pt-pt\/#organization","name":"Hurghada Excursions","url":"https:\/\/hurghadalovers.com\/pt-pt\/","logo":{"@id":"https:\/\/hurghadalovers.com\/pt-pt\/tours\/makadi-bay-private-day-tour-to-sakkara\/#local-main-organization-logo"},"image":{"@id":"https:\/\/hurghadalovers.com\/pt-pt\/tours\/makadi-bay-private-day-tour-to-sakkara\/#local-main-organization-logo"},"sameAs":["https:\/\/www.facebook.com\/Hurghadaloversegypt"],"address":{"@id":"https:\/\/hurghadalovers.com\/pt-pt\/tours\/makadi-bay-private-day-tour-to-sakkara\/#local-main-place-address"},"telephone":["00201112596434"],"contactPoint":{"@type":"ContactPoint","telephone":"00201112596434","email":"weyouface@gmail.com"},"openingHoursSpecification":{"@type":"OpeningHoursSpecification","dayOfWeek":["Monday","Tuesday","Wednesday","Thursday","Friday","Saturday","Sunday"],"opens":"00:00","closes":"23:59"},"email":"weyouface@gmail.com","areaServed":"Luxor, Hurghada, El Gouna, Aswan, Sharm El Sheikh, Giza, Alexandria, Marsa Alam, Quseir, Soma Bay, Sahl Hasheesh, Red Sea, Makadi Bay, Cairo","priceRange":"$","currenciesAccepted":"euro","paymentAccepted":"cash on site"},{"@type":"PostalAddress","@id":"https:\/\/hurghadalovers.com\/pt-pt\/tours\/makadi-bay-private-day-tour-to-sakkara\/#local-main-place-address","streetAddress":"17 Banks street, Alkawther area, top nbk bank","addressLocality":"hurghada","postalCode":"84511","addressRegion":"red sea","addressCountry":"EG"},{"@type":"ImageObject","inLanguage":"pt-PT","@id":"https:\/\/hurghadalovers.com\/pt-pt\/tours\/makadi-bay-private-day-tour-to-sakkara\/#local-main-organization-logo","url":"https:\/\/hurghadalovers.com\/wp-content\/uploads\/2019\/10\/hurghada-excursions-logo.png","contentUrl":"https:\/\/hurghadalovers.com\/wp-content\/uploads\/2019\/10\/hurghada-excursions-logo.png","width":272,"height":90,"caption":"Hurghada Excursions"}]},"product_brand":"Excurs\u00e3o \u00e0s Pir\u00e2mides De Makadi bay","product_price_amount":"175","product_price_currency":"EUR","og_availability":"instock","product_availability":"instock","product_retailer_item_id":"MakadiBay082024","product_condition":"new","geo.placename":"hurghada","geo.region":"Egipto"},"_links":{"self":[{"href":"https:\/\/hurghadalovers.com\/pt-pt\/wp-json\/wp\/v2\/product\/386951","targetHints":{"allow":["GET"]}}],"collection":[{"href":"https:\/\/hurghadalovers.com\/pt-pt\/wp-json\/wp\/v2\/product"}],"about":[{"href":"https:\/\/hurghadalovers.com\/pt-pt\/wp-json\/wp\/v2\/types\/product"}],"wp:featuredmedia":[{"embeddable":true,"href":"https:\/\/hurghadalovers.com\/pt-pt\/wp-json\/wp\/v2\/media\/386874"}],"wp:attachment":[{"href":"https:\/\/hurghadalovers.com\/pt-pt\/wp-json\/wp\/v2\/media?parent=386951"}],"wp:term":[{"taxonomy":"product_brand","embeddable":true,"href":"https:\/\/hurghadalovers.com\/pt-pt\/wp-json\/wp\/v2\/product_brand?post=386951"},{"taxonomy":"product_cat","embeddable":true,"href":"https:\/\/hurghadalovers.com\/pt-pt\/wp-json\/wp\/v2\/product_cat?post=386951"},{"taxonomy":"product_tag","embeddable":true,"href":"https:\/\/hurghadalovers.com\/pt-pt\/wp-json\/wp\/v2\/product_tag?post=386951"}],"curies":[{"name":"wp","href":"https:\/\/api.w.org\/{rel}","templated":true}]}}