{"id":385861,"date":"2023-08-27T20:45:48","date_gmt":"2023-08-27T20:45:48","guid":{"rendered":"https:\/\/hurghadalovers.com\/shop\/sem categoria\/excursao-matinal-em-quadriciclo-a-partir-da-baia-de-soma\/"},"modified":"2026-01-13T19:41:51","modified_gmt":"2026-01-13T19:41:51","slug":"passeio-matinal-em-bicicleta-quadriciclo-a-partir-de-soma-bay","status":"publish","type":"product","link":"https:\/\/hurghadalovers.com\/pt-pt\/tours\/passeio-matinal-em-bicicleta-quadriciclo-a-partir-de-soma-bay\/","title":{"rendered":"Excurs\u00e3o matinal em quadriciclo a partir da ba\u00eda de Soma"},"content":{"rendered":"<p><strong>Excurs\u00e3o matinal em quadriciclo da ba\u00eda de Soma<\/strong> Safari no deserto at\u00e9 \u00e0 <strong>aldeia bedu\u00edna<\/strong> com passeio de camelo.<\/p>\n<p>Est\u00e1 ansioso por ver <strong>as montanhas<\/strong> e os planaltos e tirar fotografias com os amigos? Junte-se \u00e0s melhores <strong>viagens de safari<\/strong> \u00e0 aldeia bedu\u00edna, ande <strong>de camelo<\/strong>, observe a vida dos bedu\u00ednos, suba montanhas e fa\u00e7a uma experi\u00eancia emocionante no deserto para tirar <strong>a adrenalina<\/strong> do corpo.<\/p>\n<p style=\"text-align: center;\"><span style=\"color: #ff9900;\">Melhores coisas para fazer na ba\u00eda de Soma para <strong>lua de mel<\/strong> <strong>rom\u00e2ntica<\/strong> e <strong>de casais<\/strong><\/span><\/p>\n<p><strong>Destaques:<\/strong><\/p>\n<ol>\n<li>Passeio de Quadriciclo.<\/li>\n<li>Passeio de Camelo.<\/li>\n<li>Aldeia bedu\u00edna.<\/li>\n<\/ol>\n<p><strong>Manh\u00e3<\/strong> <strong>Detalhes do passeio de quadriciclo:<\/strong><\/p>\n<ul>\n<li>Disponibilidade da excurs\u00e3o: Todos os dias.<\/li>\n<li>Tipo de viagem: Grupo.<\/li>\n<li>Hora de recolha: A partir das 07:30.<\/li>\n<li>Hora de partida: Hora do p\u00f4r do sol.<\/li>\n<li>Dura\u00e7\u00e3o: 3 horas.<\/li>\n<\/ul>\n<p><strong>Reserve agora e pague depois:<\/strong><\/p>\n<ul>\n<li>Dinheiro no local para guiar.<\/li>\n<li>Pagamento em libras eg\u00edpcias, $, \u20ac ou \u00a3.<\/li>\n<\/ul>\n<p><strong>Pol\u00edtica de cancelamento:<\/strong><\/p>\n<ul>\n<li>Cancelamento at\u00e9 24 horas de anteced\u00eancia.<\/li>\n<li>Quando algu\u00e9m da sua fam\u00edlia cancela a manh\u00e3, paga 50% do custo.<\/li>\n<\/ul>\n<p><strong>O que \u00e9 que est\u00e1 inclu\u00eddo?<\/strong><\/p>\n<ul>\n<li>Transfer dos hot\u00e9is da ba\u00eda de Soma &#8220;Hotel pick up and drop off&#8221;.<\/li>\n<li>Todos os impostos, taxas de entrada e despesas de manuseamento.<\/li>\n<li>Transfer\u00eancias.<\/li>\n<li>Guia tur\u00edstico.<\/li>\n<li>Capacete.<\/li>\n<\/ul>\n<p><strong>Exclus\u00f5es?<\/strong><\/p>\n<ul>\n<li>Cachecol<\/li>\n<li>\u00d3culos de prote\u00e7\u00e3o<\/li>\n<li>Gorjetas.<\/li>\n<li>Fotografia para a viagem.<\/li>\n<li>Quaisquer extras n\u00e3o mencionados.<strong> <\/strong><\/li>\n<\/ul>\n<p><strong>Pre\u00e7os:<\/strong><\/p>\n<p><strong>Pre\u00e7o adulto = <\/strong><strong>30$<\/strong><strong> por pessoa<\/strong>.<\/p>\n<p><strong>Coment\u00e1rios:<\/strong><\/p>\n<p>verifique o nosso Google Map Reviews como Melhor <a href=\"https:\/\/g.page\/r\/CUeYvkngP3wkEBM\/review\">Operador Tur\u00edstico em Hurghada<\/a> online em <a href=\"https:\/\/hurghadalovers.com\/\">Hurghada<\/a> Egipto.<\/p>\n<p>&nbsp;<\/p>\n<p><strong>Reserva:<\/strong><\/p>\n<p>Enviar hotel + n\u00famero do quarto + passaportes com fotografia para o WhatsApp: <strong>+201112596434<\/strong><\/p>\n<p>Se estiver no Egipto, reserve agora online e confirme a sua chegada ao hotel.<\/p>\n<p>&nbsp;<\/p>\n<p>&nbsp;<\/p>\n","protected":false},"excerpt":{"rendered":"<p>Excurs\u00e3o matinal em quadriciclo da ba\u00eda de Soma Safari no deserto at\u00e9 \u00e0 aldeia bedu\u00edna com passeio de camelo. Melhores coisas para fazer na ba\u00eda de Soma para lua de mel rom\u00e2ntica e de casais<\/p>\n","protected":false},"featured_media":932448,"template":"","meta":{"_joinchat":[]},"product_brand":[],"product_cat":[49770],"product_tag":[55319,55295,55148,55313,55275,55251,55308,55301,55289,55140,55281,55229,55267,55157,55242,55215,55235,55259,55222],"class_list":{"0":"post-385861","1":"product","2":"type-product","3":"status-publish","4":"has-post-thumbnail","6":"product_cat-excursoes","7":"product_tag-actividades-de-diversao-no-interior-da-baia-de-soma","8":"product_tag-actividades-de-soma-bay-para-casais","9":"product_tag-actividades-na-baia-de-soma","10":"product_tag-actividades-para-criancas-da-baia-de-soma","11":"product_tag-aldeia-beduina-baia-de-soma","12":"product_tag-atv-soma-bay-pt-pt","13":"product_tag-coisas-para-fazer-com-criancas-a-partir-de-soma-bay","14":"product_tag-coisas-para-fazer-em-soma-bay-para-casais","15":"product_tag-coisas-romanticas-para-fazer-a-partir-de-soma-bay","16":"product_tag-excursoes-na-baia-de-soma","17":"product_tag-o-que-fazer-em-soma-bay","18":"product_tag-observacao-de-estrelas-na-baia-de-soma","19":"product_tag-passeio-de-camelo-na-baia-de-soma","20":"product_tag-passeios-de-um-dia-na-baia-de-soma","21":"product_tag-quadriciclo-na-baia-de-soma","22":"product_tag-safari-no-deserto-na-baia-de-soma","23":"product_tag-safari-sahara-baia-de-soma","24":"product_tag-safari-tour-baia-de-soma","25":"product_tag-soma-bay-buggy-safari-pt-pt","26":"tour_category-o-que-fazer-no-soma-bay","27":"tour_category-soma-bay-safari-no-deserto","29":"first","30":"instock","31":"sale","32":"shipping-taxable","33":"purchasable","34":"product-type-tour"},"yoast_head":"<!-- This site is optimized with the Yoast SEO Premium plugin v26.9 (Yoast SEO v27.2) - https:\/\/yoast.com\/product\/yoast-seo-premium-wordpress\/ -->\n<title>Excurs\u00e3o matinal em moto-quatro a partir do Safari no Deserto da Ba\u00eda de Soma<\/title>\n<meta name=\"description\" content=\"Excurs\u00e3o matinal em quadriciclo da ba\u00eda de Soma Safari no deserto at\u00e9 \u00e0 aldeia bedu\u00edna com passeio de camelo. Melhores coisas para fazer na ba\u00eda de Soma para lua de mel rom\u00e2ntica e de casais\" \/>\n<meta name=\"robots\" content=\"index, follow, max-snippet:-1, max-image-preview:large, max-video-preview:-1\" \/>\n<link rel=\"canonical\" href=\"https:\/\/hurghadalovers.com\/pt-pt\/tours\/passeio-matinal-em-bicicleta-quadriciclo-a-partir-de-soma-bay\/\" \/>\n<meta property=\"og:locale\" content=\"pt_PT\" \/>\n<meta property=\"og:type\" content=\"article\" \/>\n<meta property=\"og:title\" content=\"Excurs\u00e3o matinal em quadriciclo a partir da ba\u00eda de Soma\" \/>\n<meta property=\"og:description\" content=\"Excurs\u00e3o matinal em quadriciclo da ba\u00eda de Soma Safari no deserto at\u00e9 \u00e0 aldeia bedu\u00edna com passeio de camelo. Melhores coisas para fazer na ba\u00eda de Soma para lua de mel rom\u00e2ntica e de casais\" \/>\n<meta property=\"og:url\" content=\"https:\/\/hurghadalovers.com\/pt-pt\/tours\/passeio-matinal-em-bicicleta-quadriciclo-a-partir-de-soma-bay\/\" \/>\n<meta property=\"og:site_name\" content=\"Hurghada Excursions &amp; Day Trips | Booking Best Prices Tours\" \/>\n<meta property=\"article:publisher\" content=\"https:\/\/www.facebook.com\/Hurghadaloversegypt\" \/>\n<meta property=\"article:modified_time\" content=\"2026-01-13T19:41:51+00:00\" \/>\n<meta property=\"og:image\" content=\"https:\/\/hurghadalovers.com\/wp-content\/uploads\/2023\/08\/Hurghada-Quad-Biking-on-the-Beach-Trip.jpeg\" \/>\n\t<meta property=\"og:image:width\" content=\"1156\" \/>\n\t<meta property=\"og:image:height\" content=\"867\" \/>\n\t<meta property=\"og:image:type\" content=\"image\/jpeg\" \/>\n<meta name=\"twitter:card\" content=\"summary_large_image\" \/>\n<meta name=\"twitter:label1\" content=\"pre\u00e7o\" \/>\n\t<meta name=\"twitter:data1\" content=\"&euro;&nbsp;40\" \/>\n\t<meta name=\"twitter:label2\" content=\"Disponibilidade\" \/>\n\t<meta name=\"twitter:data2\" content=\"Em stock\" \/>\n<script type=\"application\/ld+json\" class=\"yoast-schema-graph\">{\"@context\":\"https:\/\/schema.org\",\"@graph\":[{\"@type\":[\"WebPage\",\"ItemPage\"],\"@id\":\"https:\/\/hurghadalovers.com\/pt-pt\/tours\/passeio-matinal-em-bicicleta-quadriciclo-a-partir-de-soma-bay\/\",\"url\":\"https:\/\/hurghadalovers.com\/pt-pt\/tours\/passeio-matinal-em-bicicleta-quadriciclo-a-partir-de-soma-bay\/\",\"name\":\"Excurs\u00e3o matinal em moto-quatro a partir do Safari no Deserto da Ba\u00eda de Soma\",\"isPartOf\":{\"@id\":\"https:\/\/hurghadalovers.com\/pt-pt\/#website\"},\"primaryImageOfPage\":{\"@id\":\"https:\/\/hurghadalovers.com\/pt-pt\/tours\/passeio-matinal-em-bicicleta-quadriciclo-a-partir-de-soma-bay\/#primaryimage\"},\"image\":{\"@id\":\"https:\/\/hurghadalovers.com\/pt-pt\/tours\/passeio-matinal-em-bicicleta-quadriciclo-a-partir-de-soma-bay\/#primaryimage\"},\"thumbnailUrl\":\"https:\/\/hurghadalovers.com\/wp-content\/uploads\/2023\/08\/Hurghada-Quad-Biking-on-the-Beach-Trip.jpeg\",\"datePublished\":\"2023-08-27T20:45:48+00:00\",\"dateModified\":\"2026-01-13T19:41:51+00:00\",\"description\":\"Excurs\u00e3o matinal em quadriciclo da ba\u00eda de Soma Safari no deserto at\u00e9 \u00e0 aldeia bedu\u00edna com passeio de camelo. Melhores coisas para fazer na ba\u00eda de Soma para lua de mel rom\u00e2ntica e de casais\",\"breadcrumb\":{\"@id\":\"https:\/\/hurghadalovers.com\/pt-pt\/tours\/passeio-matinal-em-bicicleta-quadriciclo-a-partir-de-soma-bay\/#breadcrumb\"},\"inLanguage\":\"pt-PT\",\"potentialAction\":[{\"@type\":\"ReadAction\",\"target\":[\"https:\/\/hurghadalovers.com\/pt-pt\/tours\/passeio-matinal-em-bicicleta-quadriciclo-a-partir-de-soma-bay\/\"]}]},{\"@type\":\"ImageObject\",\"inLanguage\":\"pt-PT\",\"@id\":\"https:\/\/hurghadalovers.com\/pt-pt\/tours\/passeio-matinal-em-bicicleta-quadriciclo-a-partir-de-soma-bay\/#primaryimage\",\"url\":\"https:\/\/hurghadalovers.com\/wp-content\/uploads\/2023\/08\/Hurghada-Quad-Biking-on-the-Beach-Trip.jpeg\",\"contentUrl\":\"https:\/\/hurghadalovers.com\/wp-content\/uploads\/2023\/08\/Hurghada-Quad-Biking-on-the-Beach-Trip.jpeg\",\"width\":1156,\"height\":867,\"caption\":\"Hurghada Quad Biking on the Beach Trip\"},{\"@type\":\"BreadcrumbList\",\"@id\":\"https:\/\/hurghadalovers.com\/pt-pt\/tours\/passeio-matinal-em-bicicleta-quadriciclo-a-partir-de-soma-bay\/#breadcrumb\",\"itemListElement\":[{\"@type\":\"ListItem\",\"position\":1,\"name\":\"Home\",\"item\":\"https:\/\/hurghadalovers.com\/pt-pt\/\"},{\"@type\":\"ListItem\",\"position\":2,\"name\":\"Shop\",\"item\":\"https:\/\/hurghadalovers.com\/shop\/\"},{\"@type\":\"ListItem\",\"position\":3,\"name\":\"Excurs\u00e3o matinal em quadriciclo a partir da ba\u00eda de Soma\"}]},{\"@type\":\"WebSite\",\"@id\":\"https:\/\/hurghadalovers.com\/pt-pt\/#website\",\"url\":\"https:\/\/hurghadalovers.com\/pt-pt\/\",\"name\":\"Hurghada Excursions & Day Trips | Booking Best Prices Tours\",\"description\":\"Hurghada Lovers - Best Tour Operator - Excursions &amp; Things to do for Family Day Trips with kids and Couples Romantic. Unique .Hidden gems\",\"publisher\":{\"@id\":\"https:\/\/hurghadalovers.com\/pt-pt\/#organization\"},\"alternateName\":\"Hurghada Excursions\",\"potentialAction\":[{\"@type\":\"SearchAction\",\"target\":{\"@type\":\"EntryPoint\",\"urlTemplate\":\"https:\/\/hurghadalovers.com\/pt-pt\/?s={search_term_string}\"},\"query-input\":{\"@type\":\"PropertyValueSpecification\",\"valueRequired\":true,\"valueName\":\"search_term_string\"}}],\"inLanguage\":\"pt-PT\"},{\"@type\":[\"Organization\",\"Place\",\"TravelAgency\"],\"@id\":\"https:\/\/hurghadalovers.com\/pt-pt\/#organization\",\"name\":\"Hurghada Excursions\",\"url\":\"https:\/\/hurghadalovers.com\/pt-pt\/\",\"logo\":{\"@id\":\"https:\/\/hurghadalovers.com\/pt-pt\/tours\/passeio-matinal-em-bicicleta-quadriciclo-a-partir-de-soma-bay\/#local-main-organization-logo\"},\"image\":{\"@id\":\"https:\/\/hurghadalovers.com\/pt-pt\/tours\/passeio-matinal-em-bicicleta-quadriciclo-a-partir-de-soma-bay\/#local-main-organization-logo\"},\"sameAs\":[\"https:\/\/www.facebook.com\/Hurghadaloversegypt\"],\"address\":{\"@id\":\"https:\/\/hurghadalovers.com\/pt-pt\/tours\/passeio-matinal-em-bicicleta-quadriciclo-a-partir-de-soma-bay\/#local-main-place-address\"},\"telephone\":[\"00201112596434\"],\"contactPoint\":{\"@type\":\"ContactPoint\",\"telephone\":\"00201112596434\",\"email\":\"weyouface@gmail.com\"},\"openingHoursSpecification\":{\"@type\":\"OpeningHoursSpecification\",\"dayOfWeek\":[\"Monday\",\"Tuesday\",\"Wednesday\",\"Thursday\",\"Friday\",\"Saturday\",\"Sunday\"],\"opens\":\"00:00\",\"closes\":\"23:59\"},\"email\":\"weyouface@gmail.com\",\"areaServed\":\"Luxor, Hurghada, El Gouna, Aswan, Sharm El Sheikh, Giza, Alexandria, Marsa Alam, Quseir, Soma Bay, Sahl Hasheesh, Red Sea, Makadi Bay, Cairo\",\"priceRange\":\"$\",\"currenciesAccepted\":\"euro\",\"paymentAccepted\":\"cash on site\"},{\"@type\":\"PostalAddress\",\"@id\":\"https:\/\/hurghadalovers.com\/pt-pt\/tours\/passeio-matinal-em-bicicleta-quadriciclo-a-partir-de-soma-bay\/#local-main-place-address\",\"streetAddress\":\"17 Banks street, Alkawther area, top nbk bank\",\"addressLocality\":\"hurghada\",\"postalCode\":\"84511\",\"addressRegion\":\"red sea\",\"addressCountry\":\"EG\"},{\"@type\":\"ImageObject\",\"inLanguage\":\"pt-PT\",\"@id\":\"https:\/\/hurghadalovers.com\/pt-pt\/tours\/passeio-matinal-em-bicicleta-quadriciclo-a-partir-de-soma-bay\/#local-main-organization-logo\",\"url\":\"https:\/\/hurghadalovers.com\/wp-content\/uploads\/2019\/10\/hurghada-excursions-logo.png\",\"contentUrl\":\"https:\/\/hurghadalovers.com\/wp-content\/uploads\/2019\/10\/hurghada-excursions-logo.png\",\"width\":272,\"height\":90,\"caption\":\"Hurghada Excursions\"}]}<\/script>\n<meta property=\"product:brand\" content=\"Excurs\u00f5es Soma bay\" \/>\n<meta property=\"product:price:amount\" content=\"40\" \/>\n<meta property=\"product:price:currency\" content=\"EUR\" \/>\n<meta property=\"og:availability\" content=\"instock\" \/>\n<meta property=\"product:availability\" content=\"instock\" \/>\n<meta property=\"product:retailer_item_id\" content=\"Soma202405\" \/>\n<meta property=\"product:condition\" content=\"new\" \/>\n<meta name=\"geo.placename\" content=\"hurghada\" \/>\n<meta name=\"geo.region\" content=\"Egipto\" \/>\n<!-- \/ Yoast SEO Premium plugin. -->","yoast_head_json":{"title":"Excurs\u00e3o matinal em moto-quatro a partir do Safari no Deserto da Ba\u00eda de Soma","description":"Excurs\u00e3o matinal em quadriciclo da ba\u00eda de Soma Safari no deserto at\u00e9 \u00e0 aldeia bedu\u00edna com passeio de camelo. Melhores coisas para fazer na ba\u00eda de Soma para lua de mel rom\u00e2ntica e de casais","robots":{"index":"index","follow":"follow","max-snippet":"max-snippet:-1","max-image-preview":"max-image-preview:large","max-video-preview":"max-video-preview:-1"},"canonical":"https:\/\/hurghadalovers.com\/pt-pt\/tours\/passeio-matinal-em-bicicleta-quadriciclo-a-partir-de-soma-bay\/","og_locale":"pt_PT","og_type":"article","og_title":"Excurs\u00e3o matinal em quadriciclo a partir da ba\u00eda de Soma","og_description":"Excurs\u00e3o matinal em quadriciclo da ba\u00eda de Soma Safari no deserto at\u00e9 \u00e0 aldeia bedu\u00edna com passeio de camelo. Melhores coisas para fazer na ba\u00eda de Soma para lua de mel rom\u00e2ntica e de casais","og_url":"https:\/\/hurghadalovers.com\/pt-pt\/tours\/passeio-matinal-em-bicicleta-quadriciclo-a-partir-de-soma-bay\/","og_site_name":"Hurghada Excursions &amp; Day Trips | Booking Best Prices Tours","article_publisher":"https:\/\/www.facebook.com\/Hurghadaloversegypt","article_modified_time":"2026-01-13T19:41:51+00:00","og_image":[{"width":1156,"height":867,"url":"https:\/\/hurghadalovers.com\/wp-content\/uploads\/2023\/08\/Hurghada-Quad-Biking-on-the-Beach-Trip.jpeg","type":"image\/jpeg"}],"twitter_card":"summary_large_image","twitter_misc":{"pre\u00e7o":"&euro;&nbsp;40","Disponibilidade":"Em stock"},"schema":{"@context":"https:\/\/schema.org","@graph":[{"@type":["WebPage","ItemPage"],"@id":"https:\/\/hurghadalovers.com\/pt-pt\/tours\/passeio-matinal-em-bicicleta-quadriciclo-a-partir-de-soma-bay\/","url":"https:\/\/hurghadalovers.com\/pt-pt\/tours\/passeio-matinal-em-bicicleta-quadriciclo-a-partir-de-soma-bay\/","name":"Excurs\u00e3o matinal em moto-quatro a partir do Safari no Deserto da Ba\u00eda de Soma","isPartOf":{"@id":"https:\/\/hurghadalovers.com\/pt-pt\/#website"},"primaryImageOfPage":{"@id":"https:\/\/hurghadalovers.com\/pt-pt\/tours\/passeio-matinal-em-bicicleta-quadriciclo-a-partir-de-soma-bay\/#primaryimage"},"image":{"@id":"https:\/\/hurghadalovers.com\/pt-pt\/tours\/passeio-matinal-em-bicicleta-quadriciclo-a-partir-de-soma-bay\/#primaryimage"},"thumbnailUrl":"https:\/\/hurghadalovers.com\/wp-content\/uploads\/2023\/08\/Hurghada-Quad-Biking-on-the-Beach-Trip.jpeg","datePublished":"2023-08-27T20:45:48+00:00","dateModified":"2026-01-13T19:41:51+00:00","description":"Excurs\u00e3o matinal em quadriciclo da ba\u00eda de Soma Safari no deserto at\u00e9 \u00e0 aldeia bedu\u00edna com passeio de camelo. Melhores coisas para fazer na ba\u00eda de Soma para lua de mel rom\u00e2ntica e de casais","breadcrumb":{"@id":"https:\/\/hurghadalovers.com\/pt-pt\/tours\/passeio-matinal-em-bicicleta-quadriciclo-a-partir-de-soma-bay\/#breadcrumb"},"inLanguage":"pt-PT","potentialAction":[{"@type":"ReadAction","target":["https:\/\/hurghadalovers.com\/pt-pt\/tours\/passeio-matinal-em-bicicleta-quadriciclo-a-partir-de-soma-bay\/"]}]},{"@type":"ImageObject","inLanguage":"pt-PT","@id":"https:\/\/hurghadalovers.com\/pt-pt\/tours\/passeio-matinal-em-bicicleta-quadriciclo-a-partir-de-soma-bay\/#primaryimage","url":"https:\/\/hurghadalovers.com\/wp-content\/uploads\/2023\/08\/Hurghada-Quad-Biking-on-the-Beach-Trip.jpeg","contentUrl":"https:\/\/hurghadalovers.com\/wp-content\/uploads\/2023\/08\/Hurghada-Quad-Biking-on-the-Beach-Trip.jpeg","width":1156,"height":867,"caption":"Hurghada Quad Biking on the Beach Trip"},{"@type":"BreadcrumbList","@id":"https:\/\/hurghadalovers.com\/pt-pt\/tours\/passeio-matinal-em-bicicleta-quadriciclo-a-partir-de-soma-bay\/#breadcrumb","itemListElement":[{"@type":"ListItem","position":1,"name":"Home","item":"https:\/\/hurghadalovers.com\/pt-pt\/"},{"@type":"ListItem","position":2,"name":"Shop","item":"https:\/\/hurghadalovers.com\/shop\/"},{"@type":"ListItem","position":3,"name":"Excurs\u00e3o matinal em quadriciclo a partir da ba\u00eda de Soma"}]},{"@type":"WebSite","@id":"https:\/\/hurghadalovers.com\/pt-pt\/#website","url":"https:\/\/hurghadalovers.com\/pt-pt\/","name":"Hurghada Excursions & Day Trips | Booking Best Prices Tours","description":"Hurghada Lovers - Best Tour Operator - Excursions &amp; Things to do for Family Day Trips with kids and Couples Romantic. Unique .Hidden gems","publisher":{"@id":"https:\/\/hurghadalovers.com\/pt-pt\/#organization"},"alternateName":"Hurghada Excursions","potentialAction":[{"@type":"SearchAction","target":{"@type":"EntryPoint","urlTemplate":"https:\/\/hurghadalovers.com\/pt-pt\/?s={search_term_string}"},"query-input":{"@type":"PropertyValueSpecification","valueRequired":true,"valueName":"search_term_string"}}],"inLanguage":"pt-PT"},{"@type":["Organization","Place","TravelAgency"],"@id":"https:\/\/hurghadalovers.com\/pt-pt\/#organization","name":"Hurghada Excursions","url":"https:\/\/hurghadalovers.com\/pt-pt\/","logo":{"@id":"https:\/\/hurghadalovers.com\/pt-pt\/tours\/passeio-matinal-em-bicicleta-quadriciclo-a-partir-de-soma-bay\/#local-main-organization-logo"},"image":{"@id":"https:\/\/hurghadalovers.com\/pt-pt\/tours\/passeio-matinal-em-bicicleta-quadriciclo-a-partir-de-soma-bay\/#local-main-organization-logo"},"sameAs":["https:\/\/www.facebook.com\/Hurghadaloversegypt"],"address":{"@id":"https:\/\/hurghadalovers.com\/pt-pt\/tours\/passeio-matinal-em-bicicleta-quadriciclo-a-partir-de-soma-bay\/#local-main-place-address"},"telephone":["00201112596434"],"contactPoint":{"@type":"ContactPoint","telephone":"00201112596434","email":"weyouface@gmail.com"},"openingHoursSpecification":{"@type":"OpeningHoursSpecification","dayOfWeek":["Monday","Tuesday","Wednesday","Thursday","Friday","Saturday","Sunday"],"opens":"00:00","closes":"23:59"},"email":"weyouface@gmail.com","areaServed":"Luxor, Hurghada, El Gouna, Aswan, Sharm El Sheikh, Giza, Alexandria, Marsa Alam, Quseir, Soma Bay, Sahl Hasheesh, Red Sea, Makadi Bay, Cairo","priceRange":"$","currenciesAccepted":"euro","paymentAccepted":"cash on site"},{"@type":"PostalAddress","@id":"https:\/\/hurghadalovers.com\/pt-pt\/tours\/passeio-matinal-em-bicicleta-quadriciclo-a-partir-de-soma-bay\/#local-main-place-address","streetAddress":"17 Banks street, Alkawther area, top nbk bank","addressLocality":"hurghada","postalCode":"84511","addressRegion":"red sea","addressCountry":"EG"},{"@type":"ImageObject","inLanguage":"pt-PT","@id":"https:\/\/hurghadalovers.com\/pt-pt\/tours\/passeio-matinal-em-bicicleta-quadriciclo-a-partir-de-soma-bay\/#local-main-organization-logo","url":"https:\/\/hurghadalovers.com\/wp-content\/uploads\/2019\/10\/hurghada-excursions-logo.png","contentUrl":"https:\/\/hurghadalovers.com\/wp-content\/uploads\/2019\/10\/hurghada-excursions-logo.png","width":272,"height":90,"caption":"Hurghada Excursions"}]},"product_brand":"Excurs\u00f5es Soma bay","product_price_amount":"40","product_price_currency":"EUR","og_availability":"instock","product_availability":"instock","product_retailer_item_id":"Soma202405","product_condition":"new","geo.placename":"hurghada","geo.region":"Egipto"},"_links":{"self":[{"href":"https:\/\/hurghadalovers.com\/pt-pt\/wp-json\/wp\/v2\/product\/385861","targetHints":{"allow":["GET"]}}],"collection":[{"href":"https:\/\/hurghadalovers.com\/pt-pt\/wp-json\/wp\/v2\/product"}],"about":[{"href":"https:\/\/hurghadalovers.com\/pt-pt\/wp-json\/wp\/v2\/types\/product"}],"wp:featuredmedia":[{"embeddable":true,"href":"https:\/\/hurghadalovers.com\/pt-pt\/wp-json\/wp\/v2\/media\/932448"}],"wp:attachment":[{"href":"https:\/\/hurghadalovers.com\/pt-pt\/wp-json\/wp\/v2\/media?parent=385861"}],"wp:term":[{"taxonomy":"product_brand","embeddable":true,"href":"https:\/\/hurghadalovers.com\/pt-pt\/wp-json\/wp\/v2\/product_brand?post=385861"},{"taxonomy":"product_cat","embeddable":true,"href":"https:\/\/hurghadalovers.com\/pt-pt\/wp-json\/wp\/v2\/product_cat?post=385861"},{"taxonomy":"product_tag","embeddable":true,"href":"https:\/\/hurghadalovers.com\/pt-pt\/wp-json\/wp\/v2\/product_tag?post=385861"}],"curies":[{"name":"wp","href":"https:\/\/api.w.org\/{rel}","templated":true}]}}