{"id":385753,"date":"2023-08-27T20:24:56","date_gmt":"2023-08-27T20:24:56","guid":{"rendered":"https:\/\/hurghadalovers.com\/shop\/sem%20categoria\/viagem-de-safari-em-jipe-a-partir-da-baia-de-soma\/"},"modified":"2026-02-09T19:39:23","modified_gmt":"2026-02-09T19:39:23","slug":"super-jeep-safari-viagem-de-soma-bay","status":"publish","type":"product","link":"https:\/\/hurghadalovers.com\/pt-pt\/tours\/super-jeep-safari-viagem-de-soma-bay\/","title":{"rendered":"Viagem de safari em jipe a partir da ba\u00eda de Soma"},"content":{"rendered":"<p><strong>Super Jeep Safari Trip from <\/strong><strong>Soma bay<\/strong> Desert Safari with ATV Quad Bike, Spider Car and 4\u00d74 Car to Bedouin village with Camel Ride then BBQ Dinner + Traditional show.<\/p>\n<p style=\"text-align: center;\"><span style=\"color: #ff6600;\">Melhores coisas para fazer na ba\u00eda de Soma para <strong>fam\u00edlias com crian\u00e7as<\/strong>, <strong>idosos<\/strong> e <strong>rom\u00e2nticos<\/strong> e <strong>casais em lua de mel<\/strong><\/span><\/p>\n<p>&nbsp;<\/p>\n<p><strong>Destaques:<\/strong><\/p>\n<ol>\n<li>Carro Jeep 4\u00d74.<\/li>\n<li>Passeio de Quadriciclo.<\/li>\n<li>Carro-aranha.<\/li>\n<li>Passeio de Camelo.<\/li>\n<li>Aldeia bedu\u00edna.<\/li>\n<li>Jantar de churrasco.<\/li>\n<li>Espet\u00e1culo oriental.<\/li>\n<\/ol>\n<p><strong>Viagem de Super Jeep Safari a partir de <\/strong><strong>Ba\u00eda de Soma<\/strong> <strong>Detalhes:<\/strong><\/p>\n<ul>\n<li>Disponibilidade da excurs\u00e3o: Todos os dias.<\/li>\n<li>Tipo de viagem: Grupo.<\/li>\n<li>Hora de recolha: A partir das 11:45.<\/li>\n<li>Hora de partida: 19:00.<\/li>\n<li>Dura\u00e7\u00e3o: 7 horas.<\/li>\n<\/ul>\n<p><strong>Reserve agora e pague depois:<\/strong><\/p>\n<ul>\n<li>Dinheiro no local para guiar.<\/li>\n<li>Pagamento em libras eg\u00edpcias, $, \u20ac ou \u00a3.<\/li>\n<\/ul>\n<p><strong>Pol\u00edtica de cancelamento:<\/strong><\/p>\n<ul>\n<li>Cancelamento at\u00e9 24 horas de anteced\u00eancia.<\/li>\n<li>Quando algu\u00e9m da sua fam\u00edlia cancela a manh\u00e3, paga 50% do custo.<\/li>\n<\/ul>\n<p><strong>O que \u00e9 que est\u00e1 inclu\u00eddo?<\/strong><\/p>\n<ul>\n<li>Transfer dos hot\u00e9is da ba\u00eda de Soma &#8220;Hotel pick up and drop off&#8221;.<\/li>\n<li>Todos os impostos, taxas de entrada e despesas de manuseamento.<\/li>\n<li>Transfer\u00eancias.<\/li>\n<li>Guia tur\u00edstico.<\/li>\n<li>Capacete.<\/li>\n<\/ul>\n<p><strong>Exclus\u00f5es?<\/strong><\/p>\n<ul>\n<li>Cachecol<\/li>\n<li>\u00d3culos de prote\u00e7\u00e3o<\/li>\n<li>Gorjetas.<\/li>\n<li>Fotografia para a viagem.<\/li>\n<li>Quaisquer extras n\u00e3o mencionados.<\/li>\n<\/ul>\n<p><strong>Pre\u00e7os:<\/strong><\/p>\n<ul>\n<li><strong>Pre\u00e7o adulto = <\/strong><strong>35$ por pessoa<\/strong>.<\/li>\n<li>Pre\u00e7o para crian\u00e7as &#8220;5-12\u2033= 50%.<\/li>\n<li>para crian\u00e7as &#8220;0-5\u2033= Gr\u00e1tis.<\/li>\n<\/ul>\n<p><strong>Coment\u00e1rios:<\/strong><\/p>\n<p>verifique o nosso Google Map Reviews como Melhor <a href=\"https:\/\/g.page\/r\/CUeYvkngP3wkEBM\/review\">Operador Tur\u00edstico em Hurghada<\/a> online em <a href=\"https:\/\/hurghadalovers.com\/\">Hurghada<\/a> Egipto.<\/p>\n<p>&nbsp;<\/p>\n<p><strong>Reserva:<\/strong><\/p>\n<p>Enviar hotel + n\u00famero do quarto + passaportes com fotografia para o WhatsApp: <strong>+201112596434<\/strong><\/p>\n<p>Se estiver no Egipto, reserve agora online e confirme a sua chegada ao hotel.<\/p>\n<p>&nbsp;<\/p>\n<p>&nbsp;<\/p>\n","protected":false},"excerpt":{"rendered":"<p><strong>Super Jeep Safari Trip from <\/strong><strong>Soma bay<\/strong> Desert Safari with ATV Quad Bike, Spider Car and 4\u00d74 Car to Bedouin village with Camel Ride then BBQ Dinner + Traditional show.<\/p>\n","protected":false},"featured_media":385700,"template":"","meta":{"_joinchat":[]},"product_brand":[],"product_cat":[49770],"product_tag":[55295,55331,55148,55325,55275,55251,55301,55289,55337,55140,55362,55281,55229,55399,55267,55157,55242,55215,55235,55259,55222,55391],"class_list":{"0":"post-385753","1":"product","2":"type-product","3":"status-publish","4":"has-post-thumbnail","6":"product_cat-excursoes","7":"product_tag-actividades-de-soma-bay-para-casais","8":"product_tag-actividades-em-familia-na-baia-de-soma","9":"product_tag-actividades-na-baia-de-soma","10":"product_tag-actividades-para-bebes-da-baia-de-soma","11":"product_tag-aldeia-beduina-baia-de-soma","12":"product_tag-atv-soma-bay-pt-pt","13":"product_tag-coisas-para-fazer-em-soma-bay-para-casais","14":"product_tag-coisas-romanticas-para-fazer-a-partir-de-soma-bay","15":"product_tag-dias-em-familia-na-baia-de-soma","16":"product_tag-excursoes-na-baia-de-soma","17":"product_tag-jeep-safari-baia-de-soma","18":"product_tag-o-que-fazer-em-soma-bay","19":"product_tag-observacao-de-estrelas-na-baia-de-soma","20":"product_tag-passeio-de-buggy-pela-baia-de-soma","21":"product_tag-passeio-de-camelo-na-baia-de-soma","22":"product_tag-passeios-de-um-dia-na-baia-de-soma","23":"product_tag-quadriciclo-na-baia-de-soma","24":"product_tag-safari-no-deserto-na-baia-de-soma","25":"product_tag-safari-sahara-baia-de-soma","26":"product_tag-safari-tour-baia-de-soma","27":"product_tag-soma-bay-buggy-safari-pt-pt","28":"product_tag-super-safari-baia-de-soma","29":"tour_category-o-que-fazer-no-soma-bay","30":"tour_category-soma-bay-safari-no-deserto","32":"first","33":"instock","34":"sale","35":"shipping-taxable","36":"purchasable","37":"product-type-tour"},"yoast_head":"<!-- This site is optimized with the Yoast SEO Premium plugin v26.9 (Yoast SEO v27.2) - https:\/\/yoast.com\/product\/yoast-seo-premium-wordpress\/ -->\n<title>Super Jeep Safari a partir de Soma bay Safari no Deserto com ATV<\/title>\n<meta name=\"description\" content=\"Super Jeep Safari Trip from Soma bay Desert Safari com ATV Quad Bike, Spider Car e 4\u00d74 Car para a aldeia Bedouin com Camel Ride e depois BBQ Dinner + show.\" \/>\n<meta name=\"robots\" content=\"index, follow, max-snippet:-1, max-image-preview:large, max-video-preview:-1\" \/>\n<link rel=\"canonical\" href=\"https:\/\/hurghadalovers.com\/pt-pt\/tours\/super-jeep-safari-viagem-de-soma-bay\/\" \/>\n<meta property=\"og:locale\" content=\"pt_PT\" \/>\n<meta property=\"og:type\" content=\"article\" \/>\n<meta property=\"og:title\" content=\"Viagem de safari em jipe a partir da ba\u00eda de Soma\" \/>\n<meta property=\"og:description\" content=\"Super Jeep Safari Trip from Soma bay Desert Safari com ATV Quad Bike, Spider Car e 4\u00d74 Car para a aldeia Bedouin com Camel Ride e depois BBQ Dinner + show.\" \/>\n<meta property=\"og:url\" content=\"https:\/\/hurghadalovers.com\/pt-pt\/tours\/super-jeep-safari-viagem-de-soma-bay\/\" \/>\n<meta property=\"og:site_name\" content=\"Hurghada Excursions &amp; Day Trips | Booking Best Prices Tours\" \/>\n<meta property=\"article:publisher\" content=\"https:\/\/www.facebook.com\/Hurghadaloversegypt\" \/>\n<meta property=\"article:modified_time\" content=\"2026-02-09T19:39:23+00:00\" \/>\n<meta property=\"og:image\" content=\"https:\/\/hurghadalovers.com\/wp-content\/uploads\/2023\/08\/Super-Jeep-Safari-Trip-from-Soma-bay-Desert-Safari-with-ATV.jpeg\" \/>\n\t<meta property=\"og:image:width\" content=\"1156\" \/>\n\t<meta property=\"og:image:height\" content=\"867\" \/>\n\t<meta property=\"og:image:type\" content=\"image\/jpeg\" \/>\n<meta name=\"twitter:card\" content=\"summary_large_image\" \/>\n<meta name=\"twitter:label1\" content=\"pre\u00e7o\" \/>\n\t<meta name=\"twitter:data1\" content=\"&euro;&nbsp;40\" \/>\n\t<meta name=\"twitter:label2\" content=\"Disponibilidade\" \/>\n\t<meta name=\"twitter:data2\" content=\"Em stock\" \/>\n<script type=\"application\/ld+json\" class=\"yoast-schema-graph\">{\"@context\":\"https:\/\/schema.org\",\"@graph\":[{\"@type\":[\"WebPage\",\"ItemPage\"],\"@id\":\"https:\/\/hurghadalovers.com\/pt-pt\/tours\/super-jeep-safari-viagem-de-soma-bay\/\",\"url\":\"https:\/\/hurghadalovers.com\/pt-pt\/tours\/super-jeep-safari-viagem-de-soma-bay\/\",\"name\":\"Super Jeep Safari a partir de Soma bay Safari no Deserto com ATV\",\"isPartOf\":{\"@id\":\"https:\/\/hurghadalovers.com\/pt-pt\/#website\"},\"primaryImageOfPage\":{\"@id\":\"https:\/\/hurghadalovers.com\/pt-pt\/tours\/super-jeep-safari-viagem-de-soma-bay\/#primaryimage\"},\"image\":{\"@id\":\"https:\/\/hurghadalovers.com\/pt-pt\/tours\/super-jeep-safari-viagem-de-soma-bay\/#primaryimage\"},\"thumbnailUrl\":\"https:\/\/hurghadalovers.com\/wp-content\/uploads\/2023\/08\/Super-Jeep-Safari-Trip-from-Soma-bay-Desert-Safari-with-ATV.jpeg\",\"datePublished\":\"2023-08-27T20:24:56+00:00\",\"dateModified\":\"2026-02-09T19:39:23+00:00\",\"description\":\"Super Jeep Safari Trip from Soma bay Desert Safari com ATV Quad Bike, Spider Car e 4\u00d74 Car para a aldeia Bedouin com Camel Ride e depois BBQ Dinner + show.\",\"breadcrumb\":{\"@id\":\"https:\/\/hurghadalovers.com\/pt-pt\/tours\/super-jeep-safari-viagem-de-soma-bay\/#breadcrumb\"},\"inLanguage\":\"pt-PT\",\"potentialAction\":[{\"@type\":\"ReadAction\",\"target\":[\"https:\/\/hurghadalovers.com\/pt-pt\/tours\/super-jeep-safari-viagem-de-soma-bay\/\"]}]},{\"@type\":\"ImageObject\",\"inLanguage\":\"pt-PT\",\"@id\":\"https:\/\/hurghadalovers.com\/pt-pt\/tours\/super-jeep-safari-viagem-de-soma-bay\/#primaryimage\",\"url\":\"https:\/\/hurghadalovers.com\/wp-content\/uploads\/2023\/08\/Super-Jeep-Safari-Trip-from-Soma-bay-Desert-Safari-with-ATV.jpeg\",\"contentUrl\":\"https:\/\/hurghadalovers.com\/wp-content\/uploads\/2023\/08\/Super-Jeep-Safari-Trip-from-Soma-bay-Desert-Safari-with-ATV.jpeg\",\"width\":1156,\"height\":867,\"caption\":\"Super Jeep Safari a partir de Soma bay Safari no Deserto com ATV\"},{\"@type\":\"BreadcrumbList\",\"@id\":\"https:\/\/hurghadalovers.com\/pt-pt\/tours\/super-jeep-safari-viagem-de-soma-bay\/#breadcrumb\",\"itemListElement\":[{\"@type\":\"ListItem\",\"position\":1,\"name\":\"Home\",\"item\":\"https:\/\/hurghadalovers.com\/pt-pt\/\"},{\"@type\":\"ListItem\",\"position\":2,\"name\":\"Shop\",\"item\":\"https:\/\/hurghadalovers.com\/shop\/\"},{\"@type\":\"ListItem\",\"position\":3,\"name\":\"Viagem de safari em jipe a partir da ba\u00eda de Soma\"}]},{\"@type\":\"WebSite\",\"@id\":\"https:\/\/hurghadalovers.com\/pt-pt\/#website\",\"url\":\"https:\/\/hurghadalovers.com\/pt-pt\/\",\"name\":\"Hurghada Excursions & Day Trips | Booking Best Prices Tours\",\"description\":\"Hurghada Lovers - Best Tour Operator - Excursions &amp; Things to do for Family Day Trips with kids and Couples Romantic. Unique .Hidden gems\",\"publisher\":{\"@id\":\"https:\/\/hurghadalovers.com\/pt-pt\/#organization\"},\"alternateName\":\"Hurghada Excursions\",\"potentialAction\":[{\"@type\":\"SearchAction\",\"target\":{\"@type\":\"EntryPoint\",\"urlTemplate\":\"https:\/\/hurghadalovers.com\/pt-pt\/?s={search_term_string}\"},\"query-input\":{\"@type\":\"PropertyValueSpecification\",\"valueRequired\":true,\"valueName\":\"search_term_string\"}}],\"inLanguage\":\"pt-PT\"},{\"@type\":[\"Organization\",\"Place\",\"TravelAgency\"],\"@id\":\"https:\/\/hurghadalovers.com\/pt-pt\/#organization\",\"name\":\"Hurghada Excursions\",\"url\":\"https:\/\/hurghadalovers.com\/pt-pt\/\",\"logo\":{\"@id\":\"https:\/\/hurghadalovers.com\/pt-pt\/tours\/super-jeep-safari-viagem-de-soma-bay\/#local-main-organization-logo\"},\"image\":{\"@id\":\"https:\/\/hurghadalovers.com\/pt-pt\/tours\/super-jeep-safari-viagem-de-soma-bay\/#local-main-organization-logo\"},\"sameAs\":[\"https:\/\/www.facebook.com\/Hurghadaloversegypt\"],\"address\":{\"@id\":\"https:\/\/hurghadalovers.com\/pt-pt\/tours\/super-jeep-safari-viagem-de-soma-bay\/#local-main-place-address\"},\"telephone\":[\"00201112596434\"],\"contactPoint\":{\"@type\":\"ContactPoint\",\"telephone\":\"00201112596434\",\"email\":\"weyouface@gmail.com\"},\"openingHoursSpecification\":{\"@type\":\"OpeningHoursSpecification\",\"dayOfWeek\":[\"Monday\",\"Tuesday\",\"Wednesday\",\"Thursday\",\"Friday\",\"Saturday\",\"Sunday\"],\"opens\":\"00:00\",\"closes\":\"23:59\"},\"email\":\"weyouface@gmail.com\",\"areaServed\":\"Luxor, Hurghada, El Gouna, Aswan, Sharm El Sheikh, Giza, Alexandria, Marsa Alam, Quseir, Soma Bay, Sahl Hasheesh, Red Sea, Makadi Bay, Cairo\",\"priceRange\":\"$\",\"currenciesAccepted\":\"euro\",\"paymentAccepted\":\"cash on site\"},{\"@type\":\"PostalAddress\",\"@id\":\"https:\/\/hurghadalovers.com\/pt-pt\/tours\/super-jeep-safari-viagem-de-soma-bay\/#local-main-place-address\",\"streetAddress\":\"17 Banks street, Alkawther area, top nbk bank\",\"addressLocality\":\"hurghada\",\"postalCode\":\"84511\",\"addressRegion\":\"red sea\",\"addressCountry\":\"EG\"},{\"@type\":\"ImageObject\",\"inLanguage\":\"pt-PT\",\"@id\":\"https:\/\/hurghadalovers.com\/pt-pt\/tours\/super-jeep-safari-viagem-de-soma-bay\/#local-main-organization-logo\",\"url\":\"https:\/\/hurghadalovers.com\/wp-content\/uploads\/2019\/10\/hurghada-excursions-logo.png\",\"contentUrl\":\"https:\/\/hurghadalovers.com\/wp-content\/uploads\/2019\/10\/hurghada-excursions-logo.png\",\"width\":272,\"height\":90,\"caption\":\"Hurghada Excursions\"}]}<\/script>\n<meta property=\"product:brand\" content=\"Excurs\u00f5es Soma bay\" \/>\n<meta property=\"product:price:amount\" content=\"40\" \/>\n<meta property=\"product:price:currency\" content=\"EUR\" \/>\n<meta property=\"og:availability\" content=\"instock\" \/>\n<meta property=\"product:availability\" content=\"instock\" \/>\n<meta property=\"product:retailer_item_id\" content=\"Soma202403\" \/>\n<meta property=\"product:condition\" content=\"new\" \/>\n<meta name=\"geo.placename\" content=\"hurghada\" \/>\n<meta name=\"geo.region\" content=\"Egipto\" \/>\n<!-- \/ Yoast SEO Premium plugin. -->","yoast_head_json":{"title":"Super Jeep Safari a partir de Soma bay Safari no Deserto com ATV","description":"Super Jeep Safari Trip from Soma bay Desert Safari com ATV Quad Bike, Spider Car e 4\u00d74 Car para a aldeia Bedouin com Camel Ride e depois BBQ Dinner + show.","robots":{"index":"index","follow":"follow","max-snippet":"max-snippet:-1","max-image-preview":"max-image-preview:large","max-video-preview":"max-video-preview:-1"},"canonical":"https:\/\/hurghadalovers.com\/pt-pt\/tours\/super-jeep-safari-viagem-de-soma-bay\/","og_locale":"pt_PT","og_type":"article","og_title":"Viagem de safari em jipe a partir da ba\u00eda de Soma","og_description":"Super Jeep Safari Trip from Soma bay Desert Safari com ATV Quad Bike, Spider Car e 4\u00d74 Car para a aldeia Bedouin com Camel Ride e depois BBQ Dinner + show.","og_url":"https:\/\/hurghadalovers.com\/pt-pt\/tours\/super-jeep-safari-viagem-de-soma-bay\/","og_site_name":"Hurghada Excursions &amp; Day Trips | Booking Best Prices Tours","article_publisher":"https:\/\/www.facebook.com\/Hurghadaloversegypt","article_modified_time":"2026-02-09T19:39:23+00:00","og_image":[{"width":1156,"height":867,"url":"https:\/\/hurghadalovers.com\/wp-content\/uploads\/2023\/08\/Super-Jeep-Safari-Trip-from-Soma-bay-Desert-Safari-with-ATV.jpeg","type":"image\/jpeg"}],"twitter_card":"summary_large_image","twitter_misc":{"pre\u00e7o":"&euro;&nbsp;40","Disponibilidade":"Em stock"},"schema":{"@context":"https:\/\/schema.org","@graph":[{"@type":["WebPage","ItemPage"],"@id":"https:\/\/hurghadalovers.com\/pt-pt\/tours\/super-jeep-safari-viagem-de-soma-bay\/","url":"https:\/\/hurghadalovers.com\/pt-pt\/tours\/super-jeep-safari-viagem-de-soma-bay\/","name":"Super Jeep Safari a partir de Soma bay Safari no Deserto com ATV","isPartOf":{"@id":"https:\/\/hurghadalovers.com\/pt-pt\/#website"},"primaryImageOfPage":{"@id":"https:\/\/hurghadalovers.com\/pt-pt\/tours\/super-jeep-safari-viagem-de-soma-bay\/#primaryimage"},"image":{"@id":"https:\/\/hurghadalovers.com\/pt-pt\/tours\/super-jeep-safari-viagem-de-soma-bay\/#primaryimage"},"thumbnailUrl":"https:\/\/hurghadalovers.com\/wp-content\/uploads\/2023\/08\/Super-Jeep-Safari-Trip-from-Soma-bay-Desert-Safari-with-ATV.jpeg","datePublished":"2023-08-27T20:24:56+00:00","dateModified":"2026-02-09T19:39:23+00:00","description":"Super Jeep Safari Trip from Soma bay Desert Safari com ATV Quad Bike, Spider Car e 4\u00d74 Car para a aldeia Bedouin com Camel Ride e depois BBQ Dinner + show.","breadcrumb":{"@id":"https:\/\/hurghadalovers.com\/pt-pt\/tours\/super-jeep-safari-viagem-de-soma-bay\/#breadcrumb"},"inLanguage":"pt-PT","potentialAction":[{"@type":"ReadAction","target":["https:\/\/hurghadalovers.com\/pt-pt\/tours\/super-jeep-safari-viagem-de-soma-bay\/"]}]},{"@type":"ImageObject","inLanguage":"pt-PT","@id":"https:\/\/hurghadalovers.com\/pt-pt\/tours\/super-jeep-safari-viagem-de-soma-bay\/#primaryimage","url":"https:\/\/hurghadalovers.com\/wp-content\/uploads\/2023\/08\/Super-Jeep-Safari-Trip-from-Soma-bay-Desert-Safari-with-ATV.jpeg","contentUrl":"https:\/\/hurghadalovers.com\/wp-content\/uploads\/2023\/08\/Super-Jeep-Safari-Trip-from-Soma-bay-Desert-Safari-with-ATV.jpeg","width":1156,"height":867,"caption":"Super Jeep Safari a partir de Soma bay Safari no Deserto com ATV"},{"@type":"BreadcrumbList","@id":"https:\/\/hurghadalovers.com\/pt-pt\/tours\/super-jeep-safari-viagem-de-soma-bay\/#breadcrumb","itemListElement":[{"@type":"ListItem","position":1,"name":"Home","item":"https:\/\/hurghadalovers.com\/pt-pt\/"},{"@type":"ListItem","position":2,"name":"Shop","item":"https:\/\/hurghadalovers.com\/shop\/"},{"@type":"ListItem","position":3,"name":"Viagem de safari em jipe a partir da ba\u00eda de Soma"}]},{"@type":"WebSite","@id":"https:\/\/hurghadalovers.com\/pt-pt\/#website","url":"https:\/\/hurghadalovers.com\/pt-pt\/","name":"Hurghada Excursions & Day Trips | Booking Best Prices Tours","description":"Hurghada Lovers - Best Tour Operator - Excursions &amp; Things to do for Family Day Trips with kids and Couples Romantic. Unique .Hidden gems","publisher":{"@id":"https:\/\/hurghadalovers.com\/pt-pt\/#organization"},"alternateName":"Hurghada Excursions","potentialAction":[{"@type":"SearchAction","target":{"@type":"EntryPoint","urlTemplate":"https:\/\/hurghadalovers.com\/pt-pt\/?s={search_term_string}"},"query-input":{"@type":"PropertyValueSpecification","valueRequired":true,"valueName":"search_term_string"}}],"inLanguage":"pt-PT"},{"@type":["Organization","Place","TravelAgency"],"@id":"https:\/\/hurghadalovers.com\/pt-pt\/#organization","name":"Hurghada Excursions","url":"https:\/\/hurghadalovers.com\/pt-pt\/","logo":{"@id":"https:\/\/hurghadalovers.com\/pt-pt\/tours\/super-jeep-safari-viagem-de-soma-bay\/#local-main-organization-logo"},"image":{"@id":"https:\/\/hurghadalovers.com\/pt-pt\/tours\/super-jeep-safari-viagem-de-soma-bay\/#local-main-organization-logo"},"sameAs":["https:\/\/www.facebook.com\/Hurghadaloversegypt"],"address":{"@id":"https:\/\/hurghadalovers.com\/pt-pt\/tours\/super-jeep-safari-viagem-de-soma-bay\/#local-main-place-address"},"telephone":["00201112596434"],"contactPoint":{"@type":"ContactPoint","telephone":"00201112596434","email":"weyouface@gmail.com"},"openingHoursSpecification":{"@type":"OpeningHoursSpecification","dayOfWeek":["Monday","Tuesday","Wednesday","Thursday","Friday","Saturday","Sunday"],"opens":"00:00","closes":"23:59"},"email":"weyouface@gmail.com","areaServed":"Luxor, Hurghada, El Gouna, Aswan, Sharm El Sheikh, Giza, Alexandria, Marsa Alam, Quseir, Soma Bay, Sahl Hasheesh, Red Sea, Makadi Bay, Cairo","priceRange":"$","currenciesAccepted":"euro","paymentAccepted":"cash on site"},{"@type":"PostalAddress","@id":"https:\/\/hurghadalovers.com\/pt-pt\/tours\/super-jeep-safari-viagem-de-soma-bay\/#local-main-place-address","streetAddress":"17 Banks street, Alkawther area, top nbk bank","addressLocality":"hurghada","postalCode":"84511","addressRegion":"red sea","addressCountry":"EG"},{"@type":"ImageObject","inLanguage":"pt-PT","@id":"https:\/\/hurghadalovers.com\/pt-pt\/tours\/super-jeep-safari-viagem-de-soma-bay\/#local-main-organization-logo","url":"https:\/\/hurghadalovers.com\/wp-content\/uploads\/2019\/10\/hurghada-excursions-logo.png","contentUrl":"https:\/\/hurghadalovers.com\/wp-content\/uploads\/2019\/10\/hurghada-excursions-logo.png","width":272,"height":90,"caption":"Hurghada Excursions"}]},"product_brand":"Excurs\u00f5es Soma bay","product_price_amount":"40","product_price_currency":"EUR","og_availability":"instock","product_availability":"instock","product_retailer_item_id":"Soma202403","product_condition":"new","geo.placename":"hurghada","geo.region":"Egipto"},"_links":{"self":[{"href":"https:\/\/hurghadalovers.com\/pt-pt\/wp-json\/wp\/v2\/product\/385753","targetHints":{"allow":["GET"]}}],"collection":[{"href":"https:\/\/hurghadalovers.com\/pt-pt\/wp-json\/wp\/v2\/product"}],"about":[{"href":"https:\/\/hurghadalovers.com\/pt-pt\/wp-json\/wp\/v2\/types\/product"}],"wp:featuredmedia":[{"embeddable":true,"href":"https:\/\/hurghadalovers.com\/pt-pt\/wp-json\/wp\/v2\/media\/385700"}],"wp:attachment":[{"href":"https:\/\/hurghadalovers.com\/pt-pt\/wp-json\/wp\/v2\/media?parent=385753"}],"wp:term":[{"taxonomy":"product_brand","embeddable":true,"href":"https:\/\/hurghadalovers.com\/pt-pt\/wp-json\/wp\/v2\/product_brand?post=385753"},{"taxonomy":"product_cat","embeddable":true,"href":"https:\/\/hurghadalovers.com\/pt-pt\/wp-json\/wp\/v2\/product_cat?post=385753"},{"taxonomy":"product_tag","embeddable":true,"href":"https:\/\/hurghadalovers.com\/pt-pt\/wp-json\/wp\/v2\/product_tag?post=385753"}],"curies":[{"name":"wp","href":"https:\/\/api.w.org\/{rel}","templated":true}]}}