{"id":384864,"date":"2023-08-27T10:28:08","date_gmt":"2023-08-27T10:33:21","guid":{"rendered":"https:\/\/hurghadalovers.com\/shop\/sem%20categoria\/aluguer-de-lancha-rapida-na-baia-de-soma-para-paradise-island\/"},"modified":"2026-02-09T18:51:24","modified_gmt":"2026-02-09T18:51:24","slug":"soma-bay-speedboat-rental-to-paradise-island","status":"publish","type":"product","link":"https:\/\/hurghadalovers.com\/pt-pt\/tours\/soma-bay-speedboat-rental-to-paradise-island\/","title":{"rendered":"Aluguer de lancha r\u00e1pida na ba\u00eda de Soma para Paradise Island"},"content":{"rendered":"<p><strong>Aluguer de lancha privada para Paradise Island a partir da <\/strong><strong>ba\u00eda de Soma<\/strong> com bilhetes, snorkeling e transporte.<\/p>\n<p style=\"text-align: center;\"><span style=\"color: #00ccff;\">A mais bela ba\u00eda de Soma <strong>Actividades para toda a fam\u00edlia<\/strong>, <strong>Coisas para fazer com crian\u00e7as<\/strong>, Seniores, <strong>Lua de mel<\/strong> e <strong>Casal<\/strong>.<\/span><\/p>\n<p>Desfrute de um dia especial e de uma experi\u00eancia \u00fanica com mais <strong>privacidade<\/strong> e <strong>luxo<\/strong>, e v\u00e1 com a fam\u00edlia e os amigos para as mais belas praias da <strong>ilha de Giftun<\/strong> e nade nos mais belos locais de <strong>recifes de coral<\/strong>.<\/p>\n<p>N\u00f3s fornecemos a reserva apenas de aluguer de lancha privada para <strong>Paradise<\/strong> <strong>Island<\/strong> com bilhetes e desfrutar da praia por 4-5 horas e voltar.<\/p>\n<p>&nbsp;<\/p>\n<p><strong>Destaques:<\/strong><\/p>\n<ul>\n<li>um ponto de mergulho com snorkel House Reef.<\/li>\n<li>2-5 horas na praia de Paradise Island.<\/li>\n<\/ul>\n<p><strong>Detalhes:<\/strong><\/p>\n<ul>\n<li>Disponibilidade da excurs\u00e3o: Todos os dias.<\/li>\n<li>Tipo de visita: Privado.<\/li>\n<li>Hora de recolha: A partir das 07:30 ou a partir das 12:30.<\/li>\n<li>Hora de partida: 13:00 ou 18:00.<\/li>\n<li>Acess\u00edvel a cadeiras de rodas.<\/li>\n<li>Dura\u00e7\u00e3o: 4-5 horas.<\/li>\n<\/ul>\n<p><strong>Reserve agora e pague depois:<\/strong><\/p>\n<ul>\n<li>Dinheiro no local para guiar.<\/li>\n<li>Pagamento em libras eg\u00edpcias, $, \u20ac ou \u00a3.<\/li>\n<\/ul>\n<p><strong>Pol\u00edtica de cancelamento:<\/strong><\/p>\n<ul>\n<li>Cancelamento at\u00e9 24 horas de anteced\u00eancia.<\/li>\n<li>Quando algu\u00e9m da sua fam\u00edlia cancela a manh\u00e3, paga 50% do custo.<\/li>\n<\/ul>\n<p><strong>O que \u00e9 que est\u00e1 inclu\u00eddo?<\/strong><\/p>\n<ul>\n<li>Transfer dos hot\u00e9is da ba\u00eda de Soma &#8220;Hotel pick up and drop off&#8221;.<\/li>\n<li>Todos os impostos, taxas de entrada e despesas de manuseamento.<\/li>\n<li>\u00c1gua mineral + Cola.<\/li>\n<li>um local de mergulho com snorkel.<\/li>\n<li>Equipamento de snorkeling &#8220;M\u00e1scaras e barbatanas de nata\u00e7\u00e3o&#8221;.<\/li>\n<li>2-5 horas na <strong>praia de<\/strong> <strong>Paradise<\/strong> <strong>Island<\/strong>.<\/li>\n<\/ul>\n<p><strong>Exclus\u00f5es?<\/strong><\/p>\n<ul>\n<li>Gorjetas.<\/li>\n<li>Bebidas no Restaurante Ilha Para\u00edso.<\/li>\n<li>Quaisquer extras n\u00e3o mencionados.<\/li>\n<\/ul>\n<p><strong>Pre\u00e7os:<\/strong><\/p>\n<ul>\n<li>Aluguer de lancha r\u00e1pida para Paradise Island com bilhetes &#8220;2 pessoas&#8221; e transfer = 220$<\/li>\n<li>Aluguer de lancha r\u00e1pida para Paradise Island com bilhetes &#8220;2 pessoas&#8221;, Snorkeling e Transfer = 270$<\/li>\n<li><strong>At\u00e9 2 pessoas Bilhete extra = 5$ por pessoa.<\/strong><\/li>\n<\/ul>\n<p><strong>Coment\u00e1rios:<\/strong><\/p>\n<p>verifique o nosso Google Map Reviews como Melhor <a href=\"https:\/\/g.page\/r\/CUeYvkngP3wkEBM\/review\">Operador Tur\u00edstico em Hurghada<\/a> online em <a href=\"https:\/\/hurghadalovers.com\/\">Hurghada<\/a> Egipto.<\/p>\n<p><strong>Reserva:<\/strong><\/p>\n<p>Enviar hotel + n\u00famero do quarto + passaportes com fotografia para o WhatsApp: <strong>+201112596434<\/strong><\/p>\n<p>Se estiver no Egipto, reserve agora online e confirme a sua chegada ao hotel.<\/p>\n<p>&nbsp;<\/p>\n<p>&nbsp;<\/p>\n","protected":false},"excerpt":{"rendered":"<p>Aluguer de lancha r\u00e1pida na ba\u00eda de Soma para Paradise Island com bilhetes, mergulho com snorkel e transporte.<\/p>\n<p style=\"text-align: center;\"><span style=\"color: #00ccff;\">A mais bela ba\u00eda de Soma <strong>Actividades para toda a fam\u00edlia<\/strong>, <strong>Coisas para fazer com crian\u00e7as<\/strong>, Seniores, <strong>Lua de mel<\/strong> e <strong>Casal<\/strong>.<\/span><\/p>\n<p>&nbsp;<\/p>\n","protected":false},"featured_media":384803,"template":"","meta":{"_joinchat":[]},"product_brand":[],"product_cat":[49770,29297],"product_tag":[54986,55006,54979,54894,55187,55200,54899,55000,55411,54957,55012,54939,54953,55405,55018,54993,54946,54931,55370,54971,54965],"class_list":{"0":"post-384864","1":"product","2":"type-product","3":"status-publish","4":"has-post-thumbnail","6":"product_cat-excursoes","7":"product_cat-egypt-tours","8":"product_tag-aluguer-de-barcos-em-soma-bay","9":"product_tag-barco-pirata-soma-bay","10":"product_tag-barco-privado-baia-de-soma","11":"product_tag-coisas-para-fazer-com-bebes-a-partir-de-soma-bay","12":"product_tag-coisas-para-fazer-em-familia-a-partir-de-soma-bay","13":"product_tag-coisas-romanticas-para-fazer-em-soma-bay","14":"product_tag-dias-em-familia-baratos-a-partir-de-soma-bay","15":"product_tag-dolphin-house-baia-de-soma","16":"product_tag-excursoes-de-um-dia-a-partir-de-soma-bay-pt-pt","17":"product_tag-ilha-de-giftun-baia-de-soma","18":"product_tag-ilha-paraiso-baia-de-soma","19":"product_tag-mergulho-na-baia-de-soma","20":"product_tag-nadar-com-golfinhos-soma-bay","21":"product_tag-o-que-ver-em-soma-bay","22":"product_tag-orange-bay-island-soma-bay-pt-pt","23":"product_tag-passeio-de-barco-privado-na-baia-de-soma-pt-pt","24":"product_tag-passeios-de-barco-na-baia-de-soma","25":"product_tag-passeios-de-snorkeling-na-baia-de-soma","26":"product_tag-passeios-romanticos-na-baia-de-soma","27":"product_tag-soma-bay-boat-charters-pt-pt","28":"product_tag-speed-boat-soma-bay-pt-pt","29":"tour_category-o-que-fazer-no-soma-bay","30":"tour_category-soma-bay-mergulho-com-snorkel","32":"first","33":"instock","34":"sale","35":"shipping-taxable","36":"purchasable","37":"product-type-tour"},"yoast_head":"<!-- This site is optimized with the Yoast SEO Premium plugin v26.9 (Yoast SEO v27.2) - https:\/\/yoast.com\/product\/yoast-seo-premium-wordpress\/ -->\n<title>Aluguer de lancha r\u00e1pida na ba\u00eda de Soma para Paradise Island com bilhetes<\/title>\n<meta name=\"description\" content=\"Aluguer de lancha r\u00e1pida na ba\u00eda de Soma para Paradise Island com bilhetes, mergulho com snorkel e transporte. Mais belas actividades para toda a fam\u00edlia, Coisas para fazer com crian\u00e7as\" \/>\n<meta name=\"robots\" content=\"index, follow, max-snippet:-1, max-image-preview:large, max-video-preview:-1\" \/>\n<link rel=\"canonical\" href=\"https:\/\/hurghadalovers.com\/pt-pt\/tours\/soma-bay-speedboat-rental-to-paradise-island\/\" \/>\n<meta property=\"og:locale\" content=\"pt_PT\" \/>\n<meta property=\"og:type\" content=\"article\" \/>\n<meta property=\"og:title\" content=\"Aluguer de lancha r\u00e1pida na ba\u00eda de Soma para Paradise Island\" \/>\n<meta property=\"og:description\" content=\"Aluguer de lancha r\u00e1pida na ba\u00eda de Soma para Paradise Island com bilhetes, mergulho com snorkel e transporte. Mais belas actividades para toda a fam\u00edlia, Coisas para fazer com crian\u00e7as\" \/>\n<meta property=\"og:url\" content=\"https:\/\/hurghadalovers.com\/pt-pt\/tours\/soma-bay-speedboat-rental-to-paradise-island\/\" \/>\n<meta property=\"og:site_name\" content=\"Hurghada Excursions &amp; Day Trips | Booking Best Prices Tours\" \/>\n<meta property=\"article:publisher\" content=\"https:\/\/www.facebook.com\/Hurghadaloversegypt\" \/>\n<meta property=\"article:modified_time\" content=\"2026-02-09T18:51:24+00:00\" \/>\n<meta property=\"og:image\" content=\"https:\/\/hurghadalovers.com\/wp-content\/uploads\/2023\/08\/Soma-bay-Speedboat-Rental-to-Paradise-Island.jpeg\" \/>\n\t<meta property=\"og:image:width\" content=\"1156\" \/>\n\t<meta property=\"og:image:height\" content=\"867\" \/>\n\t<meta property=\"og:image:type\" content=\"image\/jpeg\" \/>\n<meta name=\"twitter:card\" content=\"summary_large_image\" \/>\n<meta name=\"twitter:label1\" content=\"pre\u00e7o\" \/>\n\t<meta name=\"twitter:data1\" content=\"&euro;&nbsp;220\" \/>\n\t<meta name=\"twitter:label2\" content=\"Disponibilidade\" \/>\n\t<meta name=\"twitter:data2\" content=\"Em stock\" \/>\n<script type=\"application\/ld+json\" class=\"yoast-schema-graph\">{\"@context\":\"https:\/\/schema.org\",\"@graph\":[{\"@type\":[\"WebPage\",\"ItemPage\"],\"@id\":\"https:\/\/hurghadalovers.com\/pt-pt\/tours\/soma-bay-speedboat-rental-to-paradise-island\/\",\"url\":\"https:\/\/hurghadalovers.com\/pt-pt\/tours\/soma-bay-speedboat-rental-to-paradise-island\/\",\"name\":\"Aluguer de lancha r\u00e1pida na ba\u00eda de Soma para Paradise Island com bilhetes\",\"isPartOf\":{\"@id\":\"https:\/\/hurghadalovers.com\/pt-pt\/#website\"},\"primaryImageOfPage\":{\"@id\":\"https:\/\/hurghadalovers.com\/pt-pt\/tours\/soma-bay-speedboat-rental-to-paradise-island\/#primaryimage\"},\"image\":{\"@id\":\"https:\/\/hurghadalovers.com\/pt-pt\/tours\/soma-bay-speedboat-rental-to-paradise-island\/#primaryimage\"},\"thumbnailUrl\":\"https:\/\/hurghadalovers.com\/wp-content\/uploads\/2023\/08\/Soma-bay-Speedboat-Rental-to-Paradise-Island.jpeg\",\"datePublished\":\"2023-08-27T10:33:21+00:00\",\"dateModified\":\"2026-02-09T18:51:24+00:00\",\"description\":\"Aluguer de lancha r\u00e1pida na ba\u00eda de Soma para Paradise Island com bilhetes, mergulho com snorkel e transporte. Mais belas actividades para toda a fam\u00edlia, Coisas para fazer com crian\u00e7as\",\"breadcrumb\":{\"@id\":\"https:\/\/hurghadalovers.com\/pt-pt\/tours\/soma-bay-speedboat-rental-to-paradise-island\/#breadcrumb\"},\"inLanguage\":\"pt-PT\",\"potentialAction\":[{\"@type\":\"ReadAction\",\"target\":[\"https:\/\/hurghadalovers.com\/pt-pt\/tours\/soma-bay-speedboat-rental-to-paradise-island\/\"]}]},{\"@type\":\"ImageObject\",\"inLanguage\":\"pt-PT\",\"@id\":\"https:\/\/hurghadalovers.com\/pt-pt\/tours\/soma-bay-speedboat-rental-to-paradise-island\/#primaryimage\",\"url\":\"https:\/\/hurghadalovers.com\/wp-content\/uploads\/2023\/08\/Soma-bay-Speedboat-Rental-to-Paradise-Island.jpeg\",\"contentUrl\":\"https:\/\/hurghadalovers.com\/wp-content\/uploads\/2023\/08\/Soma-bay-Speedboat-Rental-to-Paradise-Island.jpeg\",\"width\":1156,\"height\":867,\"caption\":\"Aluguer de lancha r\u00e1pida na ba\u00eda de Soma para Paradise Island\"},{\"@type\":\"BreadcrumbList\",\"@id\":\"https:\/\/hurghadalovers.com\/pt-pt\/tours\/soma-bay-speedboat-rental-to-paradise-island\/#breadcrumb\",\"itemListElement\":[{\"@type\":\"ListItem\",\"position\":1,\"name\":\"Home\",\"item\":\"https:\/\/hurghadalovers.com\/pt-pt\/\"},{\"@type\":\"ListItem\",\"position\":2,\"name\":\"Shop\",\"item\":\"https:\/\/hurghadalovers.com\/shop\/\"},{\"@type\":\"ListItem\",\"position\":3,\"name\":\"Aluguer de lancha r\u00e1pida na ba\u00eda de Soma para Paradise Island\"}]},{\"@type\":\"WebSite\",\"@id\":\"https:\/\/hurghadalovers.com\/pt-pt\/#website\",\"url\":\"https:\/\/hurghadalovers.com\/pt-pt\/\",\"name\":\"Hurghada Excursions & Day Trips | Booking Best Prices Tours\",\"description\":\"Hurghada Lovers - Best Tour Operator - Excursions &amp; Things to do for Family Day Trips with kids and Couples Romantic. Unique .Hidden gems\",\"publisher\":{\"@id\":\"https:\/\/hurghadalovers.com\/pt-pt\/#organization\"},\"alternateName\":\"Hurghada Excursions\",\"potentialAction\":[{\"@type\":\"SearchAction\",\"target\":{\"@type\":\"EntryPoint\",\"urlTemplate\":\"https:\/\/hurghadalovers.com\/pt-pt\/?s={search_term_string}\"},\"query-input\":{\"@type\":\"PropertyValueSpecification\",\"valueRequired\":true,\"valueName\":\"search_term_string\"}}],\"inLanguage\":\"pt-PT\"},{\"@type\":[\"Organization\",\"Place\",\"TravelAgency\"],\"@id\":\"https:\/\/hurghadalovers.com\/pt-pt\/#organization\",\"name\":\"Hurghada Excursions\",\"url\":\"https:\/\/hurghadalovers.com\/pt-pt\/\",\"logo\":{\"@id\":\"https:\/\/hurghadalovers.com\/pt-pt\/tours\/soma-bay-speedboat-rental-to-paradise-island\/#local-main-organization-logo\"},\"image\":{\"@id\":\"https:\/\/hurghadalovers.com\/pt-pt\/tours\/soma-bay-speedboat-rental-to-paradise-island\/#local-main-organization-logo\"},\"sameAs\":[\"https:\/\/www.facebook.com\/Hurghadaloversegypt\"],\"address\":{\"@id\":\"https:\/\/hurghadalovers.com\/pt-pt\/tours\/soma-bay-speedboat-rental-to-paradise-island\/#local-main-place-address\"},\"telephone\":[\"00201112596434\"],\"contactPoint\":{\"@type\":\"ContactPoint\",\"telephone\":\"00201112596434\",\"email\":\"weyouface@gmail.com\"},\"openingHoursSpecification\":{\"@type\":\"OpeningHoursSpecification\",\"dayOfWeek\":[\"Monday\",\"Tuesday\",\"Wednesday\",\"Thursday\",\"Friday\",\"Saturday\",\"Sunday\"],\"opens\":\"00:00\",\"closes\":\"23:59\"},\"email\":\"weyouface@gmail.com\",\"areaServed\":\"Luxor, Hurghada, El Gouna, Aswan, Sharm El Sheikh, Giza, Alexandria, Marsa Alam, Quseir, Soma Bay, Sahl Hasheesh, Red Sea, Makadi Bay, Cairo\",\"priceRange\":\"$\",\"currenciesAccepted\":\"euro\",\"paymentAccepted\":\"cash on site\"},{\"@type\":\"PostalAddress\",\"@id\":\"https:\/\/hurghadalovers.com\/pt-pt\/tours\/soma-bay-speedboat-rental-to-paradise-island\/#local-main-place-address\",\"streetAddress\":\"17 Banks street, Alkawther area, top nbk bank\",\"addressLocality\":\"hurghada\",\"postalCode\":\"84511\",\"addressRegion\":\"red sea\",\"addressCountry\":\"EG\"},{\"@type\":\"ImageObject\",\"inLanguage\":\"pt-PT\",\"@id\":\"https:\/\/hurghadalovers.com\/pt-pt\/tours\/soma-bay-speedboat-rental-to-paradise-island\/#local-main-organization-logo\",\"url\":\"https:\/\/hurghadalovers.com\/wp-content\/uploads\/2019\/10\/hurghada-excursions-logo.png\",\"contentUrl\":\"https:\/\/hurghadalovers.com\/wp-content\/uploads\/2019\/10\/hurghada-excursions-logo.png\",\"width\":272,\"height\":90,\"caption\":\"Hurghada Excursions\"}]}<\/script>\n<meta property=\"product:brand\" content=\"Excurs\u00f5es Soma bay\" \/>\n<meta property=\"product:price:amount\" content=\"220\" \/>\n<meta property=\"product:price:currency\" content=\"EUR\" \/>\n<meta property=\"og:availability\" content=\"instock\" \/>\n<meta property=\"product:availability\" content=\"instock\" \/>\n<meta property=\"product:retailer_item_id\" content=\"PrivateSoma092024\" \/>\n<meta property=\"product:condition\" content=\"new\" \/>\n<meta name=\"geo.placename\" content=\"hurghada\" \/>\n<meta name=\"geo.region\" content=\"Egipto\" \/>\n<!-- \/ Yoast SEO Premium plugin. -->","yoast_head_json":{"title":"Aluguer de lancha r\u00e1pida na ba\u00eda de Soma para Paradise Island com bilhetes","description":"Aluguer de lancha r\u00e1pida na ba\u00eda de Soma para Paradise Island com bilhetes, mergulho com snorkel e transporte. Mais belas actividades para toda a fam\u00edlia, Coisas para fazer com crian\u00e7as","robots":{"index":"index","follow":"follow","max-snippet":"max-snippet:-1","max-image-preview":"max-image-preview:large","max-video-preview":"max-video-preview:-1"},"canonical":"https:\/\/hurghadalovers.com\/pt-pt\/tours\/soma-bay-speedboat-rental-to-paradise-island\/","og_locale":"pt_PT","og_type":"article","og_title":"Aluguer de lancha r\u00e1pida na ba\u00eda de Soma para Paradise Island","og_description":"Aluguer de lancha r\u00e1pida na ba\u00eda de Soma para Paradise Island com bilhetes, mergulho com snorkel e transporte. Mais belas actividades para toda a fam\u00edlia, Coisas para fazer com crian\u00e7as","og_url":"https:\/\/hurghadalovers.com\/pt-pt\/tours\/soma-bay-speedboat-rental-to-paradise-island\/","og_site_name":"Hurghada Excursions &amp; Day Trips | Booking Best Prices Tours","article_publisher":"https:\/\/www.facebook.com\/Hurghadaloversegypt","article_modified_time":"2026-02-09T18:51:24+00:00","og_image":[{"width":1156,"height":867,"url":"https:\/\/hurghadalovers.com\/wp-content\/uploads\/2023\/08\/Soma-bay-Speedboat-Rental-to-Paradise-Island.jpeg","type":"image\/jpeg"}],"twitter_card":"summary_large_image","twitter_misc":{"pre\u00e7o":"&euro;&nbsp;220","Disponibilidade":"Em stock"},"schema":{"@context":"https:\/\/schema.org","@graph":[{"@type":["WebPage","ItemPage"],"@id":"https:\/\/hurghadalovers.com\/pt-pt\/tours\/soma-bay-speedboat-rental-to-paradise-island\/","url":"https:\/\/hurghadalovers.com\/pt-pt\/tours\/soma-bay-speedboat-rental-to-paradise-island\/","name":"Aluguer de lancha r\u00e1pida na ba\u00eda de Soma para Paradise Island com bilhetes","isPartOf":{"@id":"https:\/\/hurghadalovers.com\/pt-pt\/#website"},"primaryImageOfPage":{"@id":"https:\/\/hurghadalovers.com\/pt-pt\/tours\/soma-bay-speedboat-rental-to-paradise-island\/#primaryimage"},"image":{"@id":"https:\/\/hurghadalovers.com\/pt-pt\/tours\/soma-bay-speedboat-rental-to-paradise-island\/#primaryimage"},"thumbnailUrl":"https:\/\/hurghadalovers.com\/wp-content\/uploads\/2023\/08\/Soma-bay-Speedboat-Rental-to-Paradise-Island.jpeg","datePublished":"2023-08-27T10:33:21+00:00","dateModified":"2026-02-09T18:51:24+00:00","description":"Aluguer de lancha r\u00e1pida na ba\u00eda de Soma para Paradise Island com bilhetes, mergulho com snorkel e transporte. Mais belas actividades para toda a fam\u00edlia, Coisas para fazer com crian\u00e7as","breadcrumb":{"@id":"https:\/\/hurghadalovers.com\/pt-pt\/tours\/soma-bay-speedboat-rental-to-paradise-island\/#breadcrumb"},"inLanguage":"pt-PT","potentialAction":[{"@type":"ReadAction","target":["https:\/\/hurghadalovers.com\/pt-pt\/tours\/soma-bay-speedboat-rental-to-paradise-island\/"]}]},{"@type":"ImageObject","inLanguage":"pt-PT","@id":"https:\/\/hurghadalovers.com\/pt-pt\/tours\/soma-bay-speedboat-rental-to-paradise-island\/#primaryimage","url":"https:\/\/hurghadalovers.com\/wp-content\/uploads\/2023\/08\/Soma-bay-Speedboat-Rental-to-Paradise-Island.jpeg","contentUrl":"https:\/\/hurghadalovers.com\/wp-content\/uploads\/2023\/08\/Soma-bay-Speedboat-Rental-to-Paradise-Island.jpeg","width":1156,"height":867,"caption":"Aluguer de lancha r\u00e1pida na ba\u00eda de Soma para Paradise Island"},{"@type":"BreadcrumbList","@id":"https:\/\/hurghadalovers.com\/pt-pt\/tours\/soma-bay-speedboat-rental-to-paradise-island\/#breadcrumb","itemListElement":[{"@type":"ListItem","position":1,"name":"Home","item":"https:\/\/hurghadalovers.com\/pt-pt\/"},{"@type":"ListItem","position":2,"name":"Shop","item":"https:\/\/hurghadalovers.com\/shop\/"},{"@type":"ListItem","position":3,"name":"Aluguer de lancha r\u00e1pida na ba\u00eda de Soma para Paradise Island"}]},{"@type":"WebSite","@id":"https:\/\/hurghadalovers.com\/pt-pt\/#website","url":"https:\/\/hurghadalovers.com\/pt-pt\/","name":"Hurghada Excursions & Day Trips | Booking Best Prices Tours","description":"Hurghada Lovers - Best Tour Operator - Excursions &amp; Things to do for Family Day Trips with kids and Couples Romantic. Unique .Hidden gems","publisher":{"@id":"https:\/\/hurghadalovers.com\/pt-pt\/#organization"},"alternateName":"Hurghada Excursions","potentialAction":[{"@type":"SearchAction","target":{"@type":"EntryPoint","urlTemplate":"https:\/\/hurghadalovers.com\/pt-pt\/?s={search_term_string}"},"query-input":{"@type":"PropertyValueSpecification","valueRequired":true,"valueName":"search_term_string"}}],"inLanguage":"pt-PT"},{"@type":["Organization","Place","TravelAgency"],"@id":"https:\/\/hurghadalovers.com\/pt-pt\/#organization","name":"Hurghada Excursions","url":"https:\/\/hurghadalovers.com\/pt-pt\/","logo":{"@id":"https:\/\/hurghadalovers.com\/pt-pt\/tours\/soma-bay-speedboat-rental-to-paradise-island\/#local-main-organization-logo"},"image":{"@id":"https:\/\/hurghadalovers.com\/pt-pt\/tours\/soma-bay-speedboat-rental-to-paradise-island\/#local-main-organization-logo"},"sameAs":["https:\/\/www.facebook.com\/Hurghadaloversegypt"],"address":{"@id":"https:\/\/hurghadalovers.com\/pt-pt\/tours\/soma-bay-speedboat-rental-to-paradise-island\/#local-main-place-address"},"telephone":["00201112596434"],"contactPoint":{"@type":"ContactPoint","telephone":"00201112596434","email":"weyouface@gmail.com"},"openingHoursSpecification":{"@type":"OpeningHoursSpecification","dayOfWeek":["Monday","Tuesday","Wednesday","Thursday","Friday","Saturday","Sunday"],"opens":"00:00","closes":"23:59"},"email":"weyouface@gmail.com","areaServed":"Luxor, Hurghada, El Gouna, Aswan, Sharm El Sheikh, Giza, Alexandria, Marsa Alam, Quseir, Soma Bay, Sahl Hasheesh, Red Sea, Makadi Bay, Cairo","priceRange":"$","currenciesAccepted":"euro","paymentAccepted":"cash on site"},{"@type":"PostalAddress","@id":"https:\/\/hurghadalovers.com\/pt-pt\/tours\/soma-bay-speedboat-rental-to-paradise-island\/#local-main-place-address","streetAddress":"17 Banks street, Alkawther area, top nbk bank","addressLocality":"hurghada","postalCode":"84511","addressRegion":"red sea","addressCountry":"EG"},{"@type":"ImageObject","inLanguage":"pt-PT","@id":"https:\/\/hurghadalovers.com\/pt-pt\/tours\/soma-bay-speedboat-rental-to-paradise-island\/#local-main-organization-logo","url":"https:\/\/hurghadalovers.com\/wp-content\/uploads\/2019\/10\/hurghada-excursions-logo.png","contentUrl":"https:\/\/hurghadalovers.com\/wp-content\/uploads\/2019\/10\/hurghada-excursions-logo.png","width":272,"height":90,"caption":"Hurghada Excursions"}]},"product_brand":"Excurs\u00f5es Soma bay","product_price_amount":"220","product_price_currency":"EUR","og_availability":"instock","product_availability":"instock","product_retailer_item_id":"PrivateSoma092024","product_condition":"new","geo.placename":"hurghada","geo.region":"Egipto"},"_links":{"self":[{"href":"https:\/\/hurghadalovers.com\/pt-pt\/wp-json\/wp\/v2\/product\/384864","targetHints":{"allow":["GET"]}}],"collection":[{"href":"https:\/\/hurghadalovers.com\/pt-pt\/wp-json\/wp\/v2\/product"}],"about":[{"href":"https:\/\/hurghadalovers.com\/pt-pt\/wp-json\/wp\/v2\/types\/product"}],"wp:featuredmedia":[{"embeddable":true,"href":"https:\/\/hurghadalovers.com\/pt-pt\/wp-json\/wp\/v2\/media\/384803"}],"wp:attachment":[{"href":"https:\/\/hurghadalovers.com\/pt-pt\/wp-json\/wp\/v2\/media?parent=384864"}],"wp:term":[{"taxonomy":"product_brand","embeddable":true,"href":"https:\/\/hurghadalovers.com\/pt-pt\/wp-json\/wp\/v2\/product_brand?post=384864"},{"taxonomy":"product_cat","embeddable":true,"href":"https:\/\/hurghadalovers.com\/pt-pt\/wp-json\/wp\/v2\/product_cat?post=384864"},{"taxonomy":"product_tag","embeddable":true,"href":"https:\/\/hurghadalovers.com\/pt-pt\/wp-json\/wp\/v2\/product_tag?post=384864"}],"curies":[{"name":"wp","href":"https:\/\/api.w.org\/{rel}","templated":true}]}}