{"id":384387,"date":"2023-08-27T08:39:44","date_gmt":"2023-08-27T08:44:14","guid":{"rendered":"https:\/\/hurghadalovers.com\/shop\/sem%20categoria\/curso-padi-open-water-diver-na-baia-de-soma-3-dias\/"},"modified":"2026-02-08T01:34:55","modified_gmt":"2026-02-08T01:34:55","slug":"curso-de-mergulho-em-aguas-abertas-padi-em-soma-bay","status":"publish","type":"product","link":"https:\/\/hurghadalovers.com\/pt-pt\/tours\/curso-de-mergulho-em-aguas-abertas-padi-em-soma-bay\/","title":{"rendered":"Curso PADI Open Water Diver na ba\u00eda de Soma &#8211; 3 dias"},"content":{"rendered":"<p><strong>Curso PADI Open Water Diver na <\/strong><strong>ba\u00eda de Soma<\/strong> &#8211; 3 Dias | com Almo\u00e7o, Bebidas, Equipamento de Mergulho e Transfer.<\/p>\n<p style=\"text-align: center;\"><span style=\"color: #00ccff;\"><strong>Barco de luxo | Instrutor de mergulho profissional<\/strong><\/span><\/p>\n<p><strong>Destaques:<\/strong><\/p>\n<ul>\n<li>Aprender os fundamentos do mergulho<\/li>\n<li>Aprender o equipamento e as t\u00e9cnicas de mergulho<\/li>\n<li>Sess\u00f5es de treino em \u00e1guas abertas<\/li>\n<li>Profundidade m\u00e1xima de 18m.<\/li>\n<li>A idade m\u00ednima \u00e9 de 12 anos.<\/li>\n<\/ul>\n<p><strong> <\/strong><\/p>\n<p><strong>Detalhes:<\/strong><\/p>\n<ul>\n<li>Disponibilidade da excurs\u00e3o: Todos os dias.<\/li>\n<li>Tipo de excurs\u00e3o: Grupo ou Privado.<\/li>\n<li>Hora de recolha: A partir das 07:30 A.M.<\/li>\n<li>Hora de recolha: 16:00.<\/li>\n<li>Acess\u00edvel a cadeiras de rodas.<\/li>\n<li>Dura\u00e7\u00e3o: 3 dias.<\/li>\n<\/ul>\n<p><strong>Reserve agora e pague depois:<\/strong><\/p>\n<ul>\n<li>Dinheiro no local para guiar.<\/li>\n<li>Pagamento em libras eg\u00edpcias, $, \u20ac ou \u00a3.<\/li>\n<\/ul>\n<p><strong>Pol\u00edtica de cancelamento:<\/strong><\/p>\n<ul>\n<li>Cancelamento at\u00e9 24 horas de anteced\u00eancia.<\/li>\n<li>Quando algu\u00e9m da sua fam\u00edlia cancela a manh\u00e3, paga 50% do custo.<\/li>\n<\/ul>\n<p><strong>O que \u00e9 que est\u00e1 inclu\u00eddo?<\/strong><\/p>\n<ul>\n<li>Transfer dos hot\u00e9is da ba\u00eda de Soma &#8220;Hotel pick up and drop off&#8221;.<\/li>\n<li>Todos os impostos, taxas de entrada e despesas de manuseamento.<\/li>\n<li>\u00c1gua mineral + Cola.<\/li>\n<li>Instrutor de mergulho profissional.<\/li>\n<li>Equipamento de mergulho e de snorkeling &#8220;M\u00e1scaras e barbatanas de nata\u00e7\u00e3o&#8221;.<\/li>\n<li>Almo\u00e7o buffet VIP no barco.<\/li>\n<li>Coletes salva-vidas.<\/li>\n<\/ul>\n<p><strong>Exclus\u00f5es?<\/strong><\/p>\n<ul>\n<li>Gorjetas.<\/li>\n<li>Fotografia &amp; Fotos para a viagem.<\/li>\n<li>Oferecemos o aluguer de fatos de banho e fatos de banho para mulheres, homens e crian\u00e7as de todos os tamanhos &#8220;5$ por um&#8221;.<\/li>\n<li>Quaisquer extras n\u00e3o mencionados.<\/li>\n<li>Manual PADI = 55$<\/li>\n<li>Certifica\u00e7\u00e3o Online PADI = 55$<\/li>\n<li>Manual + Certifica\u00e7\u00e3o online = 100$.<\/li>\n<\/ul>\n<p><strong>Pre\u00e7os:<\/strong><\/p>\n<ul>\n<li><strong>Pre\u00e7o adulto =<\/strong><strong>260$ por pessoa<\/strong>.<\/li>\n<\/ul>\n<p><strong>N\u00f3s fazemos cursos:<\/strong><\/p>\n<ol>\n<li>Curso PADI Scuba Diver 2 dias = 220$<\/li>\n<li>Curso PADI Bubblemaker para crian\u00e7as | Dura\u00e7\u00e3o: 1 hora<br \/>\n= 80$<\/li>\n<li>Curso PADI Advanced Open Water Diver 2 dias = 220$<\/li>\n<li>Curso PADI Rescue Diver 4 dias = 280$<\/li>\n<\/ol>\n<p><strong>Coment\u00e1rios:<\/strong><\/p>\n<p>verifique o nosso Google Map Reviews como Melhor <a href=\"https:\/\/g.page\/r\/CUeYvkngP3wkEBM\/review\">Operador Tur\u00edstico em Hurghada<\/a> online em <a href=\"https:\/\/hurghadalovers.com\/\">Hurghada<\/a> Egipto.<\/p>\n<p><strong>Reserva:<\/strong><\/p>\n<p>Enviar hotel + n\u00famero do quarto + passaportes com fotografia para o WhatsApp: <strong>+201112596434<\/strong><\/p>\n<p>Se estiver no Egipto, reserve agora online e confirme a sua chegada ao hotel.<\/p>\n<p>&nbsp;<\/p>\n<p>&nbsp;<\/p>\n","protected":false},"excerpt":{"rendered":"<p><strong>Curso PADI Open Water Diver na <\/strong><strong>ba\u00eda de Soma<\/strong> &#8211; 3 Dias | com Almo\u00e7o, Bebidas, Equipamento de Mergulho e Transfer.<\/p>\n<p style=\"text-align: center;\"><span style=\"color: #00ccff;\"><strong>Barco de luxo | Instrutor de mergulho profissional<\/strong><\/span><\/p>\n<p>&nbsp;<\/p>\n","protected":false},"featured_media":384341,"template":"","meta":{"_joinchat":[]},"product_brand":[],"product_cat":[29297],"product_tag":[49423],"class_list":{"0":"post-384387","1":"product","2":"type-product","3":"status-publish","4":"has-post-thumbnail","6":"product_cat-egypt-tours","7":"product_tag-orange-bay-island-soma-bay","8":"tour_category-o-que-fazer-no-soma-bay","9":"tour_category-soma-bay-mergulho-com-snorkel","11":"first","12":"instock","13":"sale","14":"shipping-taxable","15":"purchasable","16":"product-type-tour"},"yoast_head":"<!-- This site is optimized with the Yoast SEO Premium plugin v26.9 (Yoast SEO v27.2) - https:\/\/yoast.com\/product\/yoast-seo-premium-wordpress\/ -->\n<title>Curso PADI Open Water Diver na ba\u00eda de Soma - 3 dias<\/title>\n<meta name=\"description\" content=\"Curso PADI Open Water Diver na ba\u00eda de Soma - 3 Dias | com Almo\u00e7o, Bebidas, Equipamento de Mergulho e Transfer. Barco de luxo | Instrutor de mergulho profissional\" \/>\n<meta name=\"robots\" content=\"index, follow, max-snippet:-1, max-image-preview:large, max-video-preview:-1\" \/>\n<link rel=\"canonical\" href=\"https:\/\/hurghadalovers.com\/pt-pt\/tours\/curso-de-mergulho-em-aguas-abertas-padi-em-soma-bay\/\" \/>\n<meta property=\"og:locale\" content=\"pt_PT\" \/>\n<meta property=\"og:type\" content=\"article\" \/>\n<meta property=\"og:title\" content=\"Curso PADI Open Water Diver na ba\u00eda de Soma - 3 dias\" \/>\n<meta property=\"og:description\" content=\"Curso PADI Open Water Diver na ba\u00eda de Soma - 3 Dias | com Almo\u00e7o, Bebidas, Equipamento de Mergulho e Transfer. Barco de luxo | Instrutor de mergulho profissional\" \/>\n<meta property=\"og:url\" content=\"https:\/\/hurghadalovers.com\/pt-pt\/tours\/curso-de-mergulho-em-aguas-abertas-padi-em-soma-bay\/\" \/>\n<meta property=\"og:site_name\" content=\"Hurghada Excursions &amp; Day Trips | Booking Best Prices Tours\" \/>\n<meta property=\"article:publisher\" content=\"https:\/\/www.facebook.com\/Hurghadaloversegypt\" \/>\n<meta property=\"article:modified_time\" content=\"2026-02-08T01:34:55+00:00\" \/>\n<meta property=\"og:image\" content=\"https:\/\/hurghadalovers.com\/wp-content\/uploads\/2023\/08\/PADI-Open-Water-Diver-Course-in-Soma-bay.jpeg\" \/>\n\t<meta property=\"og:image:width\" content=\"853\" \/>\n\t<meta property=\"og:image:height\" content=\"1280\" \/>\n\t<meta property=\"og:image:type\" content=\"image\/jpeg\" \/>\n<meta name=\"twitter:card\" content=\"summary_large_image\" \/>\n<meta name=\"twitter:label1\" content=\"pre\u00e7o\" \/>\n\t<meta name=\"twitter:data1\" content=\"&euro;&nbsp;260\" \/>\n\t<meta name=\"twitter:label2\" content=\"Disponibilidade\" \/>\n\t<meta name=\"twitter:data2\" content=\"Em stock\" \/>\n<script type=\"application\/ld+json\" class=\"yoast-schema-graph\">{\"@context\":\"https:\/\/schema.org\",\"@graph\":[{\"@type\":[\"WebPage\",\"ItemPage\"],\"@id\":\"https:\/\/hurghadalovers.com\/pt-pt\/tours\/curso-de-mergulho-em-aguas-abertas-padi-em-soma-bay\/\",\"url\":\"https:\/\/hurghadalovers.com\/pt-pt\/tours\/curso-de-mergulho-em-aguas-abertas-padi-em-soma-bay\/\",\"name\":\"Curso PADI Open Water Diver na ba\u00eda de Soma - 3 dias\",\"isPartOf\":{\"@id\":\"https:\/\/hurghadalovers.com\/pt-pt\/#website\"},\"primaryImageOfPage\":{\"@id\":\"https:\/\/hurghadalovers.com\/pt-pt\/tours\/curso-de-mergulho-em-aguas-abertas-padi-em-soma-bay\/#primaryimage\"},\"image\":{\"@id\":\"https:\/\/hurghadalovers.com\/pt-pt\/tours\/curso-de-mergulho-em-aguas-abertas-padi-em-soma-bay\/#primaryimage\"},\"thumbnailUrl\":\"https:\/\/hurghadalovers.com\/wp-content\/uploads\/2023\/08\/PADI-Open-Water-Diver-Course-in-Soma-bay.jpeg\",\"datePublished\":\"2023-08-27T08:44:14+00:00\",\"dateModified\":\"2026-02-08T01:34:55+00:00\",\"description\":\"Curso PADI Open Water Diver na ba\u00eda de Soma - 3 Dias | com Almo\u00e7o, Bebidas, Equipamento de Mergulho e Transfer. Barco de luxo | Instrutor de mergulho profissional\",\"breadcrumb\":{\"@id\":\"https:\/\/hurghadalovers.com\/pt-pt\/tours\/curso-de-mergulho-em-aguas-abertas-padi-em-soma-bay\/#breadcrumb\"},\"inLanguage\":\"pt-PT\",\"potentialAction\":[{\"@type\":\"ReadAction\",\"target\":[\"https:\/\/hurghadalovers.com\/pt-pt\/tours\/curso-de-mergulho-em-aguas-abertas-padi-em-soma-bay\/\"]}]},{\"@type\":\"ImageObject\",\"inLanguage\":\"pt-PT\",\"@id\":\"https:\/\/hurghadalovers.com\/pt-pt\/tours\/curso-de-mergulho-em-aguas-abertas-padi-em-soma-bay\/#primaryimage\",\"url\":\"https:\/\/hurghadalovers.com\/wp-content\/uploads\/2023\/08\/PADI-Open-Water-Diver-Course-in-Soma-bay.jpeg\",\"contentUrl\":\"https:\/\/hurghadalovers.com\/wp-content\/uploads\/2023\/08\/PADI-Open-Water-Diver-Course-in-Soma-bay.jpeg\",\"width\":853,\"height\":1280,\"caption\":\"PADI Open Water Diver Course in Soma bay\"},{\"@type\":\"BreadcrumbList\",\"@id\":\"https:\/\/hurghadalovers.com\/pt-pt\/tours\/curso-de-mergulho-em-aguas-abertas-padi-em-soma-bay\/#breadcrumb\",\"itemListElement\":[{\"@type\":\"ListItem\",\"position\":1,\"name\":\"Home\",\"item\":\"https:\/\/hurghadalovers.com\/pt-pt\/\"},{\"@type\":\"ListItem\",\"position\":2,\"name\":\"Shop\",\"item\":\"https:\/\/hurghadalovers.com\/shop\/\"},{\"@type\":\"ListItem\",\"position\":3,\"name\":\"Curso PADI Open Water Diver na ba\u00eda de Soma &#8211; 3 dias\"}]},{\"@type\":\"WebSite\",\"@id\":\"https:\/\/hurghadalovers.com\/pt-pt\/#website\",\"url\":\"https:\/\/hurghadalovers.com\/pt-pt\/\",\"name\":\"Hurghada Excursions & Day Trips | Booking Best Prices Tours\",\"description\":\"Hurghada Lovers - Best Tour Operator - Excursions &amp; Things to do for Family Day Trips with kids and Couples Romantic. Unique .Hidden gems\",\"publisher\":{\"@id\":\"https:\/\/hurghadalovers.com\/pt-pt\/#organization\"},\"alternateName\":\"Hurghada Excursions\",\"potentialAction\":[{\"@type\":\"SearchAction\",\"target\":{\"@type\":\"EntryPoint\",\"urlTemplate\":\"https:\/\/hurghadalovers.com\/pt-pt\/?s={search_term_string}\"},\"query-input\":{\"@type\":\"PropertyValueSpecification\",\"valueRequired\":true,\"valueName\":\"search_term_string\"}}],\"inLanguage\":\"pt-PT\"},{\"@type\":[\"Organization\",\"Place\",\"TravelAgency\"],\"@id\":\"https:\/\/hurghadalovers.com\/pt-pt\/#organization\",\"name\":\"Hurghada Excursions\",\"url\":\"https:\/\/hurghadalovers.com\/pt-pt\/\",\"logo\":{\"@id\":\"https:\/\/hurghadalovers.com\/pt-pt\/tours\/curso-de-mergulho-em-aguas-abertas-padi-em-soma-bay\/#local-main-organization-logo\"},\"image\":{\"@id\":\"https:\/\/hurghadalovers.com\/pt-pt\/tours\/curso-de-mergulho-em-aguas-abertas-padi-em-soma-bay\/#local-main-organization-logo\"},\"sameAs\":[\"https:\/\/www.facebook.com\/Hurghadaloversegypt\"],\"address\":{\"@id\":\"https:\/\/hurghadalovers.com\/pt-pt\/tours\/curso-de-mergulho-em-aguas-abertas-padi-em-soma-bay\/#local-main-place-address\"},\"telephone\":[\"00201112596434\"],\"contactPoint\":{\"@type\":\"ContactPoint\",\"telephone\":\"00201112596434\",\"email\":\"weyouface@gmail.com\"},\"openingHoursSpecification\":{\"@type\":\"OpeningHoursSpecification\",\"dayOfWeek\":[\"Monday\",\"Tuesday\",\"Wednesday\",\"Thursday\",\"Friday\",\"Saturday\",\"Sunday\"],\"opens\":\"00:00\",\"closes\":\"23:59\"},\"email\":\"weyouface@gmail.com\",\"areaServed\":\"Luxor, Hurghada, El Gouna, Aswan, Sharm El Sheikh, Giza, Alexandria, Marsa Alam, Quseir, Soma Bay, Sahl Hasheesh, Red Sea, Makadi Bay, Cairo\",\"priceRange\":\"$\",\"currenciesAccepted\":\"euro\",\"paymentAccepted\":\"cash on site\"},{\"@type\":\"PostalAddress\",\"@id\":\"https:\/\/hurghadalovers.com\/pt-pt\/tours\/curso-de-mergulho-em-aguas-abertas-padi-em-soma-bay\/#local-main-place-address\",\"streetAddress\":\"17 Banks street, Alkawther area, top nbk bank\",\"addressLocality\":\"hurghada\",\"postalCode\":\"84511\",\"addressRegion\":\"red sea\",\"addressCountry\":\"EG\"},{\"@type\":\"ImageObject\",\"inLanguage\":\"pt-PT\",\"@id\":\"https:\/\/hurghadalovers.com\/pt-pt\/tours\/curso-de-mergulho-em-aguas-abertas-padi-em-soma-bay\/#local-main-organization-logo\",\"url\":\"https:\/\/hurghadalovers.com\/wp-content\/uploads\/2019\/10\/hurghada-excursions-logo.png\",\"contentUrl\":\"https:\/\/hurghadalovers.com\/wp-content\/uploads\/2019\/10\/hurghada-excursions-logo.png\",\"width\":272,\"height\":90,\"caption\":\"Hurghada Excursions\"}]}<\/script>\n<meta property=\"product:brand\" content=\"Excurs\u00f5es Soma bay\" \/>\n<meta property=\"product:price:amount\" content=\"260\" \/>\n<meta property=\"product:price:currency\" content=\"EUR\" \/>\n<meta property=\"og:availability\" content=\"instock\" \/>\n<meta property=\"product:availability\" content=\"instock\" \/>\n<meta property=\"product:retailer_item_id\" content=\"div3232332\" \/>\n<meta property=\"product:condition\" content=\"new\" \/>\n<meta name=\"geo.placename\" content=\"hurghada\" \/>\n<meta name=\"geo.region\" content=\"Egipto\" \/>\n<!-- \/ Yoast SEO Premium plugin. -->","yoast_head_json":{"title":"Curso PADI Open Water Diver na ba\u00eda de Soma - 3 dias","description":"Curso PADI Open Water Diver na ba\u00eda de Soma - 3 Dias | com Almo\u00e7o, Bebidas, Equipamento de Mergulho e Transfer. Barco de luxo | Instrutor de mergulho profissional","robots":{"index":"index","follow":"follow","max-snippet":"max-snippet:-1","max-image-preview":"max-image-preview:large","max-video-preview":"max-video-preview:-1"},"canonical":"https:\/\/hurghadalovers.com\/pt-pt\/tours\/curso-de-mergulho-em-aguas-abertas-padi-em-soma-bay\/","og_locale":"pt_PT","og_type":"article","og_title":"Curso PADI Open Water Diver na ba\u00eda de Soma - 3 dias","og_description":"Curso PADI Open Water Diver na ba\u00eda de Soma - 3 Dias | com Almo\u00e7o, Bebidas, Equipamento de Mergulho e Transfer. Barco de luxo | Instrutor de mergulho profissional","og_url":"https:\/\/hurghadalovers.com\/pt-pt\/tours\/curso-de-mergulho-em-aguas-abertas-padi-em-soma-bay\/","og_site_name":"Hurghada Excursions &amp; Day Trips | Booking Best Prices Tours","article_publisher":"https:\/\/www.facebook.com\/Hurghadaloversegypt","article_modified_time":"2026-02-08T01:34:55+00:00","og_image":[{"width":853,"height":1280,"url":"https:\/\/hurghadalovers.com\/wp-content\/uploads\/2023\/08\/PADI-Open-Water-Diver-Course-in-Soma-bay.jpeg","type":"image\/jpeg"}],"twitter_card":"summary_large_image","twitter_misc":{"pre\u00e7o":"&euro;&nbsp;260","Disponibilidade":"Em stock"},"schema":{"@context":"https:\/\/schema.org","@graph":[{"@type":["WebPage","ItemPage"],"@id":"https:\/\/hurghadalovers.com\/pt-pt\/tours\/curso-de-mergulho-em-aguas-abertas-padi-em-soma-bay\/","url":"https:\/\/hurghadalovers.com\/pt-pt\/tours\/curso-de-mergulho-em-aguas-abertas-padi-em-soma-bay\/","name":"Curso PADI Open Water Diver na ba\u00eda de Soma - 3 dias","isPartOf":{"@id":"https:\/\/hurghadalovers.com\/pt-pt\/#website"},"primaryImageOfPage":{"@id":"https:\/\/hurghadalovers.com\/pt-pt\/tours\/curso-de-mergulho-em-aguas-abertas-padi-em-soma-bay\/#primaryimage"},"image":{"@id":"https:\/\/hurghadalovers.com\/pt-pt\/tours\/curso-de-mergulho-em-aguas-abertas-padi-em-soma-bay\/#primaryimage"},"thumbnailUrl":"https:\/\/hurghadalovers.com\/wp-content\/uploads\/2023\/08\/PADI-Open-Water-Diver-Course-in-Soma-bay.jpeg","datePublished":"2023-08-27T08:44:14+00:00","dateModified":"2026-02-08T01:34:55+00:00","description":"Curso PADI Open Water Diver na ba\u00eda de Soma - 3 Dias | com Almo\u00e7o, Bebidas, Equipamento de Mergulho e Transfer. Barco de luxo | Instrutor de mergulho profissional","breadcrumb":{"@id":"https:\/\/hurghadalovers.com\/pt-pt\/tours\/curso-de-mergulho-em-aguas-abertas-padi-em-soma-bay\/#breadcrumb"},"inLanguage":"pt-PT","potentialAction":[{"@type":"ReadAction","target":["https:\/\/hurghadalovers.com\/pt-pt\/tours\/curso-de-mergulho-em-aguas-abertas-padi-em-soma-bay\/"]}]},{"@type":"ImageObject","inLanguage":"pt-PT","@id":"https:\/\/hurghadalovers.com\/pt-pt\/tours\/curso-de-mergulho-em-aguas-abertas-padi-em-soma-bay\/#primaryimage","url":"https:\/\/hurghadalovers.com\/wp-content\/uploads\/2023\/08\/PADI-Open-Water-Diver-Course-in-Soma-bay.jpeg","contentUrl":"https:\/\/hurghadalovers.com\/wp-content\/uploads\/2023\/08\/PADI-Open-Water-Diver-Course-in-Soma-bay.jpeg","width":853,"height":1280,"caption":"PADI Open Water Diver Course in Soma bay"},{"@type":"BreadcrumbList","@id":"https:\/\/hurghadalovers.com\/pt-pt\/tours\/curso-de-mergulho-em-aguas-abertas-padi-em-soma-bay\/#breadcrumb","itemListElement":[{"@type":"ListItem","position":1,"name":"Home","item":"https:\/\/hurghadalovers.com\/pt-pt\/"},{"@type":"ListItem","position":2,"name":"Shop","item":"https:\/\/hurghadalovers.com\/shop\/"},{"@type":"ListItem","position":3,"name":"Curso PADI Open Water Diver na ba\u00eda de Soma &#8211; 3 dias"}]},{"@type":"WebSite","@id":"https:\/\/hurghadalovers.com\/pt-pt\/#website","url":"https:\/\/hurghadalovers.com\/pt-pt\/","name":"Hurghada Excursions & Day Trips | Booking Best Prices Tours","description":"Hurghada Lovers - Best Tour Operator - Excursions &amp; Things to do for Family Day Trips with kids and Couples Romantic. Unique .Hidden gems","publisher":{"@id":"https:\/\/hurghadalovers.com\/pt-pt\/#organization"},"alternateName":"Hurghada Excursions","potentialAction":[{"@type":"SearchAction","target":{"@type":"EntryPoint","urlTemplate":"https:\/\/hurghadalovers.com\/pt-pt\/?s={search_term_string}"},"query-input":{"@type":"PropertyValueSpecification","valueRequired":true,"valueName":"search_term_string"}}],"inLanguage":"pt-PT"},{"@type":["Organization","Place","TravelAgency"],"@id":"https:\/\/hurghadalovers.com\/pt-pt\/#organization","name":"Hurghada Excursions","url":"https:\/\/hurghadalovers.com\/pt-pt\/","logo":{"@id":"https:\/\/hurghadalovers.com\/pt-pt\/tours\/curso-de-mergulho-em-aguas-abertas-padi-em-soma-bay\/#local-main-organization-logo"},"image":{"@id":"https:\/\/hurghadalovers.com\/pt-pt\/tours\/curso-de-mergulho-em-aguas-abertas-padi-em-soma-bay\/#local-main-organization-logo"},"sameAs":["https:\/\/www.facebook.com\/Hurghadaloversegypt"],"address":{"@id":"https:\/\/hurghadalovers.com\/pt-pt\/tours\/curso-de-mergulho-em-aguas-abertas-padi-em-soma-bay\/#local-main-place-address"},"telephone":["00201112596434"],"contactPoint":{"@type":"ContactPoint","telephone":"00201112596434","email":"weyouface@gmail.com"},"openingHoursSpecification":{"@type":"OpeningHoursSpecification","dayOfWeek":["Monday","Tuesday","Wednesday","Thursday","Friday","Saturday","Sunday"],"opens":"00:00","closes":"23:59"},"email":"weyouface@gmail.com","areaServed":"Luxor, Hurghada, El Gouna, Aswan, Sharm El Sheikh, Giza, Alexandria, Marsa Alam, Quseir, Soma Bay, Sahl Hasheesh, Red Sea, Makadi Bay, Cairo","priceRange":"$","currenciesAccepted":"euro","paymentAccepted":"cash on site"},{"@type":"PostalAddress","@id":"https:\/\/hurghadalovers.com\/pt-pt\/tours\/curso-de-mergulho-em-aguas-abertas-padi-em-soma-bay\/#local-main-place-address","streetAddress":"17 Banks street, Alkawther area, top nbk bank","addressLocality":"hurghada","postalCode":"84511","addressRegion":"red sea","addressCountry":"EG"},{"@type":"ImageObject","inLanguage":"pt-PT","@id":"https:\/\/hurghadalovers.com\/pt-pt\/tours\/curso-de-mergulho-em-aguas-abertas-padi-em-soma-bay\/#local-main-organization-logo","url":"https:\/\/hurghadalovers.com\/wp-content\/uploads\/2019\/10\/hurghada-excursions-logo.png","contentUrl":"https:\/\/hurghadalovers.com\/wp-content\/uploads\/2019\/10\/hurghada-excursions-logo.png","width":272,"height":90,"caption":"Hurghada Excursions"}]},"product_brand":"Excurs\u00f5es Soma bay","product_price_amount":"260","product_price_currency":"EUR","og_availability":"instock","product_availability":"instock","product_retailer_item_id":"div3232332","product_condition":"new","geo.placename":"hurghada","geo.region":"Egipto"},"_links":{"self":[{"href":"https:\/\/hurghadalovers.com\/pt-pt\/wp-json\/wp\/v2\/product\/384387","targetHints":{"allow":["GET"]}}],"collection":[{"href":"https:\/\/hurghadalovers.com\/pt-pt\/wp-json\/wp\/v2\/product"}],"about":[{"href":"https:\/\/hurghadalovers.com\/pt-pt\/wp-json\/wp\/v2\/types\/product"}],"wp:featuredmedia":[{"embeddable":true,"href":"https:\/\/hurghadalovers.com\/pt-pt\/wp-json\/wp\/v2\/media\/384341"}],"wp:attachment":[{"href":"https:\/\/hurghadalovers.com\/pt-pt\/wp-json\/wp\/v2\/media?parent=384387"}],"wp:term":[{"taxonomy":"product_brand","embeddable":true,"href":"https:\/\/hurghadalovers.com\/pt-pt\/wp-json\/wp\/v2\/product_brand?post=384387"},{"taxonomy":"product_cat","embeddable":true,"href":"https:\/\/hurghadalovers.com\/pt-pt\/wp-json\/wp\/v2\/product_cat?post=384387"},{"taxonomy":"product_tag","embeddable":true,"href":"https:\/\/hurghadalovers.com\/pt-pt\/wp-json\/wp\/v2\/product_tag?post=384387"}],"curies":[{"name":"wp","href":"https:\/\/api.w.org\/{rel}","templated":true}]}}