{"id":383762,"date":"2023-08-26T15:17:06","date_gmt":"2023-08-26T15:17:06","guid":{"rendered":"https:\/\/hurghadalovers.com\/shop\/sem%20categoria\/excursoes-privadas-a-baia-de-soma-para-luxor-e-assuao-3-dias\/"},"modified":"2026-02-09T08:40:30","modified_gmt":"2026-02-09T08:40:30","slug":"excursoes-privadas-a-baia-de-soma-para-luxor-aswan-3-dias","status":"publish","type":"product","link":"https:\/\/hurghadalovers.com\/pt-pt\/tours\/excursoes-privadas-a-baia-de-soma-para-luxor-aswan-3-dias\/","title":{"rendered":"Excurs\u00f5es privadas \u00e0 ba\u00eda de Soma para Luxor e Assu\u00e3o &#8211; 3 dias"},"content":{"rendered":"<p><strong>Excurs\u00f5es<\/strong> <strong>privadas <\/strong><strong>\u00e0<\/strong><strong>ba\u00eda de Soma <\/strong><strong>para Luxor<\/strong> &amp; &amp; Aswan &#8211; 3 dias com guia privado, bilhetes e almo\u00e7o.<\/p>\n<p>Uma excurs\u00e3o especial de 3 dias para todos os amantes da antiga civiliza\u00e7\u00e3o do Egipto para descobrir novos factos e segredos sobre os reis dos Fara\u00f3s e visitar os mais importantes templos e t\u00famulos reais em Luxor e Assu\u00e3o e muito mais.<\/p>\n<p>&nbsp;<\/p>\n<p><strong>Destaques:<\/strong><\/p>\n<ul>\n<li>Templo de Karnak.<\/li>\n<li>Colossos de Memnon.<\/li>\n<li>Templo mortu\u00e1rio de Hatshepsut.<\/li>\n<li>3 T\u00famulos no Vale dos Reis .<\/li>\n<li>O complexo do Templo de Philae.<\/li>\n<li>O Obelisco Inacabado.<\/li>\n<li>Templo de Edfu.<\/li>\n<li>Templo de Kom Ombo.<\/li>\n<li>A barragem alta.<\/li>\n<li>Templos de Abu Simbel.<\/li>\n<li>Almo\u00e7o no restaurante &#8220;Comida vegetariana dispon\u00edvel&#8221;.<\/li>\n<\/ul>\n<p><strong>Privado <\/strong><strong>Ba\u00eda de Soma <\/strong><strong>Detalhes das excurs\u00f5es a Luxor e Assu\u00e3o:<\/strong><\/p>\n<ul>\n<li>Disponibilidade da excurs\u00e3o: Todos os dias.<\/li>\n<li>Tipo de passeio: Privado em carro ou minivan.<\/li>\n<li>Hora de recolha: A partir das 05:30 A.M.<\/li>\n<li>Pedir ao hotel que receba o seu saco de pequeno-almo\u00e7o de manh\u00e3.<\/li>\n<li>Hora de partida: 19:00.<\/li>\n<li>Acess\u00edvel a cadeiras de rodas.<\/li>\n<li>Dura\u00e7\u00e3o: 3 dias \/ 2 noites.<\/li>\n<\/ul>\n<p><strong>Reserve agora e pague depois:<\/strong><\/p>\n<ul>\n<li>Dinheiro no local para guiar.<\/li>\n<li>Pagamento em libras eg\u00edpcias, $, \u20ac ou \u00a3.<\/li>\n<\/ul>\n<p><strong>Pol\u00edtica de cancelamento:<\/strong><\/p>\n<ul>\n<li>Cancelamento at\u00e9 24 horas de anteced\u00eancia.<\/li>\n<li>Quando algu\u00e9m da sua fam\u00edlia cancela a manh\u00e3, paga 50% do custo.<\/li>\n<\/ul>\n<p><strong>O que \u00e9 que est\u00e1 inclu\u00eddo?<\/strong><\/p>\n<ul>\n<li>Transfer dos hot\u00e9is da ba\u00eda de Soma &#8220;Hotel pick up and drop off&#8221;.<\/li>\n<li>Todos os impostos, taxas de entrada e despesas de manuseamento.<\/li>\n<li>Transfer\u00eancias.<\/li>\n<li>Guia tur\u00edstico.<\/li>\n<li>2 noites de hotel com pequeno-almo\u00e7o.<\/li>\n<li>Bebidas.<\/li>\n<li>3 Almo\u00e7o no restaurante.<\/li>\n<\/ul>\n<p><strong>Exclus\u00f5es?<\/strong><\/p>\n<ul>\n<li>Gorjetas.<\/li>\n<li>Passeio de Felucca &#8220;Cruzeiro de barco&#8221; Durante 35 min= 10$.<\/li>\n<li>Quaisquer extras n\u00e3o mencionados.<\/li>\n<\/ul>\n<p><strong>pode acrescentar no primeiro dia ou pode relaxar no hotel:<\/strong><\/p>\n<ul>\n<li>Felucca privada de 30 minutos no rio Nilo.<\/li>\n<li>Museu da Mumifica\u00e7\u00e3o.<\/li>\n<\/ul>\n<p><strong>pode acrescentar o segundo dia:<\/strong><\/p>\n<ul>\n<li>Rainha Nefertiti no Vale das Rainhas.<\/li>\n<li>Compras.<\/li>\n<li>OU visitar o templo de Dendera<\/li>\n<li>Passeio de bal\u00e3o de ar quente.<\/li>\n<\/ul>\n<p><strong>Pre\u00e7os:<\/strong><\/p>\n<ul>\n<li><strong>Pre\u00e7o adulto = a partir de<\/strong><strong>520$ por pessoa<\/strong>.<\/li>\n<li>Pre\u00e7o para crian\u00e7as &#8220;5-12\u2033= 50%.<\/li>\n<li>para crian\u00e7as &#8220;0-5\u2033= Gr\u00e1tis.<\/li>\n<\/ul>\n<p><strong>Coment\u00e1rios:<\/strong><\/p>\n<p>verifique o nosso Google Map Reviews como Melhor <a href=\"https:\/\/g.page\/r\/CUeYvkngP3wkEBM\/review\">Operador Tur\u00edstico em Hurghada<\/a> online em <a href=\"https:\/\/hurghadalovers.com\/\">Hurghada<\/a> Egipto.<\/p>\n<p>&nbsp;<\/p>\n<p><strong>Reserva:<\/strong><\/p>\n<p>Enviar hotel + n\u00famero do quarto + passaportes com fotografia para o WhatsApp: <strong>+201112596434<\/strong><\/p>\n<p>Se estiver no Egipto, reserve agora online e confirme a sua chegada ao hotel.<\/p>\n<p>&nbsp;<\/p>\n<p>&nbsp;<\/p>\n","protected":false},"excerpt":{"rendered":"<p>Excurs\u00f5es privadas \u00e0 ba\u00eda de Soma para Luxor &amp; &amp; Aswan &#8211; 3 dias com guia privado, bilhetes e almo\u00e7o. descobrir novos factos e segredos sobre os reis dos fara\u00f3s<\/p>\n","protected":false},"featured_media":132040,"template":"","meta":{"_joinchat":[]},"product_brand":[],"product_cat":[49770],"product_tag":[55295,55148,55384,55036,55164,55080,54883,55301,55289,55061,55054,55042,55073,55048,55140,51023,54887,55281,55157,55067,55030,55024],"class_list":{"0":"post-383762","1":"product","2":"type-product","3":"status-publish","4":"has-post-thumbnail","6":"product_cat-excursoes","7":"product_tag-actividades-de-soma-bay-para-casais","8":"product_tag-actividades-na-baia-de-soma","9":"product_tag-actividades-para-adolescentes-de-soma-bay-pt-pt","10":"product_tag-autocarro-da-baia-de-soma-para-luxor","11":"product_tag-baia-de-soma-o-que-fazer","12":"product_tag-balao-de-ar-quente-soma-bay","13":"product_tag-coisas-para-fazer-com-a-familia-a-partir-de-soma-bay","14":"product_tag-coisas-para-fazer-em-soma-bay-para-casais","15":"product_tag-coisas-romanticas-para-fazer-a-partir-de-soma-bay","16":"product_tag-da-baia-de-soma-ao-vale-dos-reis","17":"product_tag-excursao-a-luxor-a-partir-da-baia-de-soma","18":"product_tag-excursao-de-um-dia-a-luxor-a-partir-da-baia-de-soma","19":"product_tag-excursao-privada-a-luxor-a-partir-de-soma-bay","20":"product_tag-excursoes-da-baia-de-soma-a-luxor","21":"product_tag-excursoes-na-baia-de-soma","22":"product_tag-excursoes-privadas-em-luxor","23":"product_tag-lugares-de-diversao-para-a-familia-em-soma-bay","24":"product_tag-o-que-fazer-em-soma-bay","25":"product_tag-passeios-de-um-dia-na-baia-de-soma","26":"product_tag-transfere-de-luxor-para-a-baia-de-soma","27":"product_tag-viagem-a-luxor-a-partir-de-soma-bay","28":"product_tag-viagem-de-um-dia-da-baia-de-soma-a-luxor","29":"tour_category-viagens-de-um-dia-luxor-de-soma-bay","30":"tour_category-o-que-fazer-no-soma-bay","32":"first","33":"instock","34":"sale","35":"shipping-taxable","36":"purchasable","37":"product-type-tour"},"yoast_head":"<!-- This site is optimized with the Yoast SEO Premium plugin v26.9 (Yoast SEO v27.2) - https:\/\/yoast.com\/product\/yoast-seo-premium-wordpress\/ -->\n<title>Excurs\u00f5es privadas \u00e0 ba\u00eda de Soma para Luxor e Assu\u00e3o - 3 dias<\/title>\n<meta name=\"description\" content=\"Excurs\u00f5es privadas \u00e0 ba\u00eda de Soma para Luxor &amp; &amp; Aswan - 3 dias com guia privado, bilhetes e almo\u00e7o. descobrir novos factos e segredos sobre os reis dos fara\u00f3s\" \/>\n<meta name=\"robots\" content=\"index, follow, max-snippet:-1, max-image-preview:large, max-video-preview:-1\" \/>\n<link rel=\"canonical\" href=\"https:\/\/hurghadalovers.com\/pt-pt\/tours\/excursoes-privadas-a-baia-de-soma-para-luxor-aswan-3-dias\/\" \/>\n<meta property=\"og:locale\" content=\"pt_PT\" \/>\n<meta property=\"og:type\" content=\"article\" \/>\n<meta property=\"og:title\" content=\"Excurs\u00f5es privadas \u00e0 ba\u00eda de Soma para Luxor e Assu\u00e3o - 3 dias\" \/>\n<meta property=\"og:description\" content=\"Excurs\u00f5es privadas \u00e0 ba\u00eda de Soma para Luxor &amp; &amp; Aswan - 3 dias com guia privado, bilhetes e almo\u00e7o. descobrir novos factos e segredos sobre os reis dos fara\u00f3s\" \/>\n<meta property=\"og:url\" content=\"https:\/\/hurghadalovers.com\/pt-pt\/tours\/excursoes-privadas-a-baia-de-soma-para-luxor-aswan-3-dias\/\" \/>\n<meta property=\"og:site_name\" content=\"Hurghada Excursions &amp; Day Trips | Booking Best Prices Tours\" \/>\n<meta property=\"article:publisher\" content=\"https:\/\/www.facebook.com\/Hurghadaloversegypt\" \/>\n<meta property=\"article:modified_time\" content=\"2026-02-09T08:40:30+00:00\" \/>\n<meta property=\"og:image\" content=\"https:\/\/hurghadalovers.com\/wp-content\/uploads\/2022\/07\/Dagtrips-Aswan-vanuit-Sahl-Hasheesh-Egypte-De-Beste-Excursies-Abu-Simbel-Luxe-prive\u0301-met-de-bus-met-Nederlandstalige-gids.jpeg\" \/>\n\t<meta property=\"og:image:width\" content=\"1555\" \/>\n\t<meta property=\"og:image:height\" content=\"893\" \/>\n\t<meta property=\"og:image:type\" content=\"image\/jpeg\" \/>\n<meta name=\"twitter:card\" content=\"summary_large_image\" \/>\n<meta name=\"twitter:label1\" content=\"pre\u00e7o\" \/>\n\t<meta name=\"twitter:data1\" content=\"&euro;&nbsp;550\" \/>\n\t<meta name=\"twitter:label2\" content=\"Disponibilidade\" \/>\n\t<meta name=\"twitter:data2\" content=\"Em stock\" \/>\n<script type=\"application\/ld+json\" class=\"yoast-schema-graph\">{\"@context\":\"https:\/\/schema.org\",\"@graph\":[{\"@type\":[\"WebPage\",\"ItemPage\"],\"@id\":\"https:\/\/hurghadalovers.com\/pt-pt\/tours\/excursoes-privadas-a-baia-de-soma-para-luxor-aswan-3-dias\/\",\"url\":\"https:\/\/hurghadalovers.com\/pt-pt\/tours\/excursoes-privadas-a-baia-de-soma-para-luxor-aswan-3-dias\/\",\"name\":\"Excurs\u00f5es privadas \u00e0 ba\u00eda de Soma para Luxor e Assu\u00e3o - 3 dias\",\"isPartOf\":{\"@id\":\"https:\/\/hurghadalovers.com\/pt-pt\/#website\"},\"primaryImageOfPage\":{\"@id\":\"https:\/\/hurghadalovers.com\/pt-pt\/tours\/excursoes-privadas-a-baia-de-soma-para-luxor-aswan-3-dias\/#primaryimage\"},\"image\":{\"@id\":\"https:\/\/hurghadalovers.com\/pt-pt\/tours\/excursoes-privadas-a-baia-de-soma-para-luxor-aswan-3-dias\/#primaryimage\"},\"thumbnailUrl\":\"https:\/\/hurghadalovers.com\/wp-content\/uploads\/2022\/07\/Dagtrips-Aswan-vanuit-Sahl-Hasheesh-Egypte-De-Beste-Excursies-Abu-Simbel-Luxe-prive\u0301-met-de-bus-met-Nederlandstalige-gids.jpeg\",\"datePublished\":\"2023-08-26T15:17:06+00:00\",\"dateModified\":\"2026-02-09T08:40:30+00:00\",\"description\":\"Excurs\u00f5es privadas \u00e0 ba\u00eda de Soma para Luxor & & Aswan - 3 dias com guia privado, bilhetes e almo\u00e7o. descobrir novos factos e segredos sobre os reis dos fara\u00f3s\",\"breadcrumb\":{\"@id\":\"https:\/\/hurghadalovers.com\/pt-pt\/tours\/excursoes-privadas-a-baia-de-soma-para-luxor-aswan-3-dias\/#breadcrumb\"},\"inLanguage\":\"pt-PT\",\"potentialAction\":[{\"@type\":\"ReadAction\",\"target\":[\"https:\/\/hurghadalovers.com\/pt-pt\/tours\/excursoes-privadas-a-baia-de-soma-para-luxor-aswan-3-dias\/\"]}]},{\"@type\":\"ImageObject\",\"inLanguage\":\"pt-PT\",\"@id\":\"https:\/\/hurghadalovers.com\/pt-pt\/tours\/excursoes-privadas-a-baia-de-soma-para-luxor-aswan-3-dias\/#primaryimage\",\"url\":\"https:\/\/hurghadalovers.com\/wp-content\/uploads\/2022\/07\/Dagtrips-Aswan-vanuit-Sahl-Hasheesh-Egypte-De-Beste-Excursies-Abu-Simbel-Luxe-prive\u0301-met-de-bus-met-Nederlandstalige-gids.jpeg\",\"contentUrl\":\"https:\/\/hurghadalovers.com\/wp-content\/uploads\/2022\/07\/Dagtrips-Aswan-vanuit-Sahl-Hasheesh-Egypte-De-Beste-Excursies-Abu-Simbel-Luxe-prive\u0301-met-de-bus-met-Nederlandstalige-gids.jpeg\",\"width\":1555,\"height\":893,\"caption\":\"Dagtrips Aswan vanuit Sahl Hasheesh Egypte | De Beste Excursies Abu Simbel Luxe priv\u00e9 \/ met de bus met Nederlandstalige gids.\"},{\"@type\":\"BreadcrumbList\",\"@id\":\"https:\/\/hurghadalovers.com\/pt-pt\/tours\/excursoes-privadas-a-baia-de-soma-para-luxor-aswan-3-dias\/#breadcrumb\",\"itemListElement\":[{\"@type\":\"ListItem\",\"position\":1,\"name\":\"Home\",\"item\":\"https:\/\/hurghadalovers.com\/pt-pt\/\"},{\"@type\":\"ListItem\",\"position\":2,\"name\":\"Shop\",\"item\":\"https:\/\/hurghadalovers.com\/shop\/\"},{\"@type\":\"ListItem\",\"position\":3,\"name\":\"Excurs\u00f5es privadas \u00e0 ba\u00eda de Soma para Luxor e Assu\u00e3o &#8211; 3 dias\"}]},{\"@type\":\"WebSite\",\"@id\":\"https:\/\/hurghadalovers.com\/pt-pt\/#website\",\"url\":\"https:\/\/hurghadalovers.com\/pt-pt\/\",\"name\":\"Hurghada Excursions & Day Trips | Booking Best Prices Tours\",\"description\":\"Hurghada Lovers - Best Tour Operator - Excursions &amp; Things to do for Family Day Trips with kids and Couples Romantic. Unique .Hidden gems\",\"publisher\":{\"@id\":\"https:\/\/hurghadalovers.com\/pt-pt\/#organization\"},\"alternateName\":\"Hurghada Excursions\",\"potentialAction\":[{\"@type\":\"SearchAction\",\"target\":{\"@type\":\"EntryPoint\",\"urlTemplate\":\"https:\/\/hurghadalovers.com\/pt-pt\/?s={search_term_string}\"},\"query-input\":{\"@type\":\"PropertyValueSpecification\",\"valueRequired\":true,\"valueName\":\"search_term_string\"}}],\"inLanguage\":\"pt-PT\"},{\"@type\":[\"Organization\",\"Place\",\"TravelAgency\"],\"@id\":\"https:\/\/hurghadalovers.com\/pt-pt\/#organization\",\"name\":\"Hurghada Excursions\",\"url\":\"https:\/\/hurghadalovers.com\/pt-pt\/\",\"logo\":{\"@id\":\"https:\/\/hurghadalovers.com\/pt-pt\/tours\/excursoes-privadas-a-baia-de-soma-para-luxor-aswan-3-dias\/#local-main-organization-logo\"},\"image\":{\"@id\":\"https:\/\/hurghadalovers.com\/pt-pt\/tours\/excursoes-privadas-a-baia-de-soma-para-luxor-aswan-3-dias\/#local-main-organization-logo\"},\"sameAs\":[\"https:\/\/www.facebook.com\/Hurghadaloversegypt\"],\"address\":{\"@id\":\"https:\/\/hurghadalovers.com\/pt-pt\/tours\/excursoes-privadas-a-baia-de-soma-para-luxor-aswan-3-dias\/#local-main-place-address\"},\"telephone\":[\"00201112596434\"],\"contactPoint\":{\"@type\":\"ContactPoint\",\"telephone\":\"00201112596434\",\"email\":\"weyouface@gmail.com\"},\"openingHoursSpecification\":{\"@type\":\"OpeningHoursSpecification\",\"dayOfWeek\":[\"Monday\",\"Tuesday\",\"Wednesday\",\"Thursday\",\"Friday\",\"Saturday\",\"Sunday\"],\"opens\":\"00:00\",\"closes\":\"23:59\"},\"email\":\"weyouface@gmail.com\",\"areaServed\":\"Luxor, Hurghada, El Gouna, Aswan, Sharm El Sheikh, Giza, Alexandria, Marsa Alam, Quseir, Soma Bay, Sahl Hasheesh, Red Sea, Makadi Bay, Cairo\",\"priceRange\":\"$\",\"currenciesAccepted\":\"euro\",\"paymentAccepted\":\"cash on site\"},{\"@type\":\"PostalAddress\",\"@id\":\"https:\/\/hurghadalovers.com\/pt-pt\/tours\/excursoes-privadas-a-baia-de-soma-para-luxor-aswan-3-dias\/#local-main-place-address\",\"streetAddress\":\"17 Banks street, Alkawther area, top nbk bank\",\"addressLocality\":\"hurghada\",\"postalCode\":\"84511\",\"addressRegion\":\"red sea\",\"addressCountry\":\"EG\"},{\"@type\":\"ImageObject\",\"inLanguage\":\"pt-PT\",\"@id\":\"https:\/\/hurghadalovers.com\/pt-pt\/tours\/excursoes-privadas-a-baia-de-soma-para-luxor-aswan-3-dias\/#local-main-organization-logo\",\"url\":\"https:\/\/hurghadalovers.com\/wp-content\/uploads\/2019\/10\/hurghada-excursions-logo.png\",\"contentUrl\":\"https:\/\/hurghadalovers.com\/wp-content\/uploads\/2019\/10\/hurghada-excursions-logo.png\",\"width\":272,\"height\":90,\"caption\":\"Hurghada Excursions\"}]}<\/script>\n<meta property=\"product:brand\" content=\"Excurs\u00e3o \u00e0s Luxor De Soma bay\" \/>\n<meta property=\"product:price:amount\" content=\"550\" \/>\n<meta property=\"product:price:currency\" content=\"EUR\" \/>\n<meta property=\"og:availability\" content=\"instock\" \/>\n<meta property=\"product:availability\" content=\"instock\" \/>\n<meta property=\"product:retailer_item_id\" content=\"PrivateSoma012024\" \/>\n<meta property=\"product:condition\" content=\"new\" \/>\n<meta name=\"geo.placename\" content=\"hurghada\" \/>\n<meta name=\"geo.region\" content=\"Egipto\" \/>\n<!-- \/ Yoast SEO Premium plugin. -->","yoast_head_json":{"title":"Excurs\u00f5es privadas \u00e0 ba\u00eda de Soma para Luxor e Assu\u00e3o - 3 dias","description":"Excurs\u00f5es privadas \u00e0 ba\u00eda de Soma para Luxor & & Aswan - 3 dias com guia privado, bilhetes e almo\u00e7o. descobrir novos factos e segredos sobre os reis dos fara\u00f3s","robots":{"index":"index","follow":"follow","max-snippet":"max-snippet:-1","max-image-preview":"max-image-preview:large","max-video-preview":"max-video-preview:-1"},"canonical":"https:\/\/hurghadalovers.com\/pt-pt\/tours\/excursoes-privadas-a-baia-de-soma-para-luxor-aswan-3-dias\/","og_locale":"pt_PT","og_type":"article","og_title":"Excurs\u00f5es privadas \u00e0 ba\u00eda de Soma para Luxor e Assu\u00e3o - 3 dias","og_description":"Excurs\u00f5es privadas \u00e0 ba\u00eda de Soma para Luxor & & Aswan - 3 dias com guia privado, bilhetes e almo\u00e7o. descobrir novos factos e segredos sobre os reis dos fara\u00f3s","og_url":"https:\/\/hurghadalovers.com\/pt-pt\/tours\/excursoes-privadas-a-baia-de-soma-para-luxor-aswan-3-dias\/","og_site_name":"Hurghada Excursions &amp; Day Trips | Booking Best Prices Tours","article_publisher":"https:\/\/www.facebook.com\/Hurghadaloversegypt","article_modified_time":"2026-02-09T08:40:30+00:00","og_image":[{"width":1555,"height":893,"url":"https:\/\/hurghadalovers.com\/wp-content\/uploads\/2022\/07\/Dagtrips-Aswan-vanuit-Sahl-Hasheesh-Egypte-De-Beste-Excursies-Abu-Simbel-Luxe-prive\u0301-met-de-bus-met-Nederlandstalige-gids.jpeg","type":"image\/jpeg"}],"twitter_card":"summary_large_image","twitter_misc":{"pre\u00e7o":"&euro;&nbsp;550","Disponibilidade":"Em stock"},"schema":{"@context":"https:\/\/schema.org","@graph":[{"@type":["WebPage","ItemPage"],"@id":"https:\/\/hurghadalovers.com\/pt-pt\/tours\/excursoes-privadas-a-baia-de-soma-para-luxor-aswan-3-dias\/","url":"https:\/\/hurghadalovers.com\/pt-pt\/tours\/excursoes-privadas-a-baia-de-soma-para-luxor-aswan-3-dias\/","name":"Excurs\u00f5es privadas \u00e0 ba\u00eda de Soma para Luxor e Assu\u00e3o - 3 dias","isPartOf":{"@id":"https:\/\/hurghadalovers.com\/pt-pt\/#website"},"primaryImageOfPage":{"@id":"https:\/\/hurghadalovers.com\/pt-pt\/tours\/excursoes-privadas-a-baia-de-soma-para-luxor-aswan-3-dias\/#primaryimage"},"image":{"@id":"https:\/\/hurghadalovers.com\/pt-pt\/tours\/excursoes-privadas-a-baia-de-soma-para-luxor-aswan-3-dias\/#primaryimage"},"thumbnailUrl":"https:\/\/hurghadalovers.com\/wp-content\/uploads\/2022\/07\/Dagtrips-Aswan-vanuit-Sahl-Hasheesh-Egypte-De-Beste-Excursies-Abu-Simbel-Luxe-prive\u0301-met-de-bus-met-Nederlandstalige-gids.jpeg","datePublished":"2023-08-26T15:17:06+00:00","dateModified":"2026-02-09T08:40:30+00:00","description":"Excurs\u00f5es privadas \u00e0 ba\u00eda de Soma para Luxor & & Aswan - 3 dias com guia privado, bilhetes e almo\u00e7o. descobrir novos factos e segredos sobre os reis dos fara\u00f3s","breadcrumb":{"@id":"https:\/\/hurghadalovers.com\/pt-pt\/tours\/excursoes-privadas-a-baia-de-soma-para-luxor-aswan-3-dias\/#breadcrumb"},"inLanguage":"pt-PT","potentialAction":[{"@type":"ReadAction","target":["https:\/\/hurghadalovers.com\/pt-pt\/tours\/excursoes-privadas-a-baia-de-soma-para-luxor-aswan-3-dias\/"]}]},{"@type":"ImageObject","inLanguage":"pt-PT","@id":"https:\/\/hurghadalovers.com\/pt-pt\/tours\/excursoes-privadas-a-baia-de-soma-para-luxor-aswan-3-dias\/#primaryimage","url":"https:\/\/hurghadalovers.com\/wp-content\/uploads\/2022\/07\/Dagtrips-Aswan-vanuit-Sahl-Hasheesh-Egypte-De-Beste-Excursies-Abu-Simbel-Luxe-prive\u0301-met-de-bus-met-Nederlandstalige-gids.jpeg","contentUrl":"https:\/\/hurghadalovers.com\/wp-content\/uploads\/2022\/07\/Dagtrips-Aswan-vanuit-Sahl-Hasheesh-Egypte-De-Beste-Excursies-Abu-Simbel-Luxe-prive\u0301-met-de-bus-met-Nederlandstalige-gids.jpeg","width":1555,"height":893,"caption":"Dagtrips Aswan vanuit Sahl Hasheesh Egypte | De Beste Excursies Abu Simbel Luxe priv\u00e9 \/ met de bus met Nederlandstalige gids."},{"@type":"BreadcrumbList","@id":"https:\/\/hurghadalovers.com\/pt-pt\/tours\/excursoes-privadas-a-baia-de-soma-para-luxor-aswan-3-dias\/#breadcrumb","itemListElement":[{"@type":"ListItem","position":1,"name":"Home","item":"https:\/\/hurghadalovers.com\/pt-pt\/"},{"@type":"ListItem","position":2,"name":"Shop","item":"https:\/\/hurghadalovers.com\/shop\/"},{"@type":"ListItem","position":3,"name":"Excurs\u00f5es privadas \u00e0 ba\u00eda de Soma para Luxor e Assu\u00e3o &#8211; 3 dias"}]},{"@type":"WebSite","@id":"https:\/\/hurghadalovers.com\/pt-pt\/#website","url":"https:\/\/hurghadalovers.com\/pt-pt\/","name":"Hurghada Excursions & Day Trips | Booking Best Prices Tours","description":"Hurghada Lovers - Best Tour Operator - Excursions &amp; Things to do for Family Day Trips with kids and Couples Romantic. Unique .Hidden gems","publisher":{"@id":"https:\/\/hurghadalovers.com\/pt-pt\/#organization"},"alternateName":"Hurghada Excursions","potentialAction":[{"@type":"SearchAction","target":{"@type":"EntryPoint","urlTemplate":"https:\/\/hurghadalovers.com\/pt-pt\/?s={search_term_string}"},"query-input":{"@type":"PropertyValueSpecification","valueRequired":true,"valueName":"search_term_string"}}],"inLanguage":"pt-PT"},{"@type":["Organization","Place","TravelAgency"],"@id":"https:\/\/hurghadalovers.com\/pt-pt\/#organization","name":"Hurghada Excursions","url":"https:\/\/hurghadalovers.com\/pt-pt\/","logo":{"@id":"https:\/\/hurghadalovers.com\/pt-pt\/tours\/excursoes-privadas-a-baia-de-soma-para-luxor-aswan-3-dias\/#local-main-organization-logo"},"image":{"@id":"https:\/\/hurghadalovers.com\/pt-pt\/tours\/excursoes-privadas-a-baia-de-soma-para-luxor-aswan-3-dias\/#local-main-organization-logo"},"sameAs":["https:\/\/www.facebook.com\/Hurghadaloversegypt"],"address":{"@id":"https:\/\/hurghadalovers.com\/pt-pt\/tours\/excursoes-privadas-a-baia-de-soma-para-luxor-aswan-3-dias\/#local-main-place-address"},"telephone":["00201112596434"],"contactPoint":{"@type":"ContactPoint","telephone":"00201112596434","email":"weyouface@gmail.com"},"openingHoursSpecification":{"@type":"OpeningHoursSpecification","dayOfWeek":["Monday","Tuesday","Wednesday","Thursday","Friday","Saturday","Sunday"],"opens":"00:00","closes":"23:59"},"email":"weyouface@gmail.com","areaServed":"Luxor, Hurghada, El Gouna, Aswan, Sharm El Sheikh, Giza, Alexandria, Marsa Alam, Quseir, Soma Bay, Sahl Hasheesh, Red Sea, Makadi Bay, Cairo","priceRange":"$","currenciesAccepted":"euro","paymentAccepted":"cash on site"},{"@type":"PostalAddress","@id":"https:\/\/hurghadalovers.com\/pt-pt\/tours\/excursoes-privadas-a-baia-de-soma-para-luxor-aswan-3-dias\/#local-main-place-address","streetAddress":"17 Banks street, Alkawther area, top nbk bank","addressLocality":"hurghada","postalCode":"84511","addressRegion":"red sea","addressCountry":"EG"},{"@type":"ImageObject","inLanguage":"pt-PT","@id":"https:\/\/hurghadalovers.com\/pt-pt\/tours\/excursoes-privadas-a-baia-de-soma-para-luxor-aswan-3-dias\/#local-main-organization-logo","url":"https:\/\/hurghadalovers.com\/wp-content\/uploads\/2019\/10\/hurghada-excursions-logo.png","contentUrl":"https:\/\/hurghadalovers.com\/wp-content\/uploads\/2019\/10\/hurghada-excursions-logo.png","width":272,"height":90,"caption":"Hurghada Excursions"}]},"product_brand":"Excurs\u00e3o \u00e0s Luxor De Soma bay","product_price_amount":"550","product_price_currency":"EUR","og_availability":"instock","product_availability":"instock","product_retailer_item_id":"PrivateSoma012024","product_condition":"new","geo.placename":"hurghada","geo.region":"Egipto"},"_links":{"self":[{"href":"https:\/\/hurghadalovers.com\/pt-pt\/wp-json\/wp\/v2\/product\/383762","targetHints":{"allow":["GET"]}}],"collection":[{"href":"https:\/\/hurghadalovers.com\/pt-pt\/wp-json\/wp\/v2\/product"}],"about":[{"href":"https:\/\/hurghadalovers.com\/pt-pt\/wp-json\/wp\/v2\/types\/product"}],"wp:featuredmedia":[{"embeddable":true,"href":"https:\/\/hurghadalovers.com\/pt-pt\/wp-json\/wp\/v2\/media\/132040"}],"wp:attachment":[{"href":"https:\/\/hurghadalovers.com\/pt-pt\/wp-json\/wp\/v2\/media?parent=383762"}],"wp:term":[{"taxonomy":"product_brand","embeddable":true,"href":"https:\/\/hurghadalovers.com\/pt-pt\/wp-json\/wp\/v2\/product_brand?post=383762"},{"taxonomy":"product_cat","embeddable":true,"href":"https:\/\/hurghadalovers.com\/pt-pt\/wp-json\/wp\/v2\/product_cat?post=383762"},{"taxonomy":"product_tag","embeddable":true,"href":"https:\/\/hurghadalovers.com\/pt-pt\/wp-json\/wp\/v2\/product_tag?post=383762"}],"curies":[{"name":"wp","href":"https:\/\/api.w.org\/{rel}","templated":true}]}}