{"id":381241,"date":"2023-08-19T11:35:23","date_gmt":"2023-08-19T11:35:23","guid":{"rendered":"https:\/\/hurghadalovers.com\/shop\/sem%20categoria\/transferencias-privadas-de-taxi-em-hurghada\/"},"modified":"2026-02-09T18:02:33","modified_gmt":"2026-02-09T18:02:33","slug":"transferencias-privadas-hurghada-taxi","status":"publish","type":"product","link":"https:\/\/hurghadalovers.com\/pt-pt\/tours\/transferencias-privadas-hurghada-taxi\/","title":{"rendered":"Transfer\u00eancias privadas de t\u00e1xi em Hurghada"},"content":{"rendered":"<p><strong>Taxi Privado de Hurghada<\/strong> para Luxor, Cairo | Reservar Pre\u00e7os Baratos Servi\u00e7o Tur\u00edstico Transfer\u00eancia por Minivan de Luxo e Carro Vip para Marsa alam, Ba\u00eda de Soma, EL Gouna, Ba\u00eda de Makadi, Aeroporto de Hurghada (HRG) | Dinheiro no local.<\/p>\n<p><strong>Detalhes:<\/strong><\/p>\n<ul>\n<li>Tipo de passeio: Privado de luxo em carro ou minivan.<\/li>\n<li>Reserva de T\u00e1xi Carro, Minivan, Disponibilidade: Todos os dias.<\/li>\n<li>Acess\u00edvel a cadeiras de rodas.<\/li>\n<li>Hora de recolha de Hurghada para Luxor: 04:30 A.M.<\/li>\n<li>Hora de recolha de Hurghada para o Cairo: 01:30 A.M.<\/li>\n<li>Hora de partida dos hot\u00e9is de Hurghada para o aeroporto de Hurghada (HRG), Marina de Hurghada: \u00e0 sua escolha.<\/li>\n<li>\n<\/li>\n<\/ul>\n<p><strong>Reserve agora e pague depois:<\/strong><\/p>\n<ul>\n<li>Dinheiro no local para guiar.<\/li>\n<li>Pagamento em libras eg\u00edpcias, $, \u20ac ou \u00a3.<\/li>\n<\/ul>\n<p><strong>Pol\u00edtica de cancelamento:<\/strong><\/p>\n<ul>\n<li>Cancelamento at\u00e9 24 horas de anteced\u00eancia.<\/li>\n<li>Quando algu\u00e9m da sua fam\u00edlia cancela a manh\u00e3, paga 50% do custo.<\/li>\n<\/ul>\n<p><strong>O que \u00e9 que est\u00e1 inclu\u00eddo?<\/strong><\/p>\n<ul>\n<li>Transfer dos hot\u00e9is de Hurghada &#8220;Hotel pick up and drop off&#8221;.<\/li>\n<li>Todos os impostos, taxas de entrada e despesas de manuseamento.<\/li>\n<li>Transfer\u00eancias.<\/li>\n<li>Bebidas.<\/li>\n<\/ul>\n<p><strong>Exclus\u00f5es?<\/strong><\/p>\n<ul>\n<li>Gorjetas.<\/li>\n<\/ul>\n<p><strong>Transporte privado de Hurghada para Luxor:<\/strong><\/p>\n<p>Pre\u00e7o do t\u00e1xi\/carro &#8221; 3 lugares&#8221; = 130$ Pre\u00e7o do carro particular.<\/p>\n<p>Pre\u00e7o Minivan &#8220;8 lugares&#8221; = 175$ Pre\u00e7o por Minivan\/Minibus privado.<\/p>\n<p>Dist\u00e2ncia entre Hurghada e Luxor = 350 km<\/p>\n<p>Tempo entre Hurghada e Luxor = 4.30 hr.<\/p>\n<p>H\u00e1 2 paragens &#8220;20 minutos de pausa, 20 pontos de controlo tur\u00edstico em Safaga&#8221;.<\/p>\n<p><strong> <\/strong><\/p>\n<p><strong>Transfer Privado de Hurghada para o Cairo, Pir\u00e2mides de Giz\u00e9:<\/strong><\/p>\n<p>Pre\u00e7o do t\u00e1xi\/carro &#8221; 3 lugares&#8221; = 140$ Pre\u00e7o do carro particular.<\/p>\n<p>Pre\u00e7o Minivan &#8220;8 lugares&#8221; = 200$ Pre\u00e7o por Minivan\/Minibus privado.<\/p>\n<p>Dist\u00e2ncia entre Hurghada e Cairo = 450 km<\/p>\n<p>Tempo entre Hurghada e Cairo = 6.30 hr<\/p>\n<p>H\u00e1 3 paragens: &#8220;20 minutos de pausa em Saffron Ras Ghareb, 15-30 minutos no posto de controlo tur\u00edstico&#8221;.<\/p>\n<p><strong>Transfere privado de Hurghada para ou do Aeroporto de Hurghada (HRG):<\/strong><\/p>\n<p>Pre\u00e7o T\u00e1xi\/carro &#8221; 3 &#8211; 6 lugares&#8221; = 20$ Pre\u00e7o por carro particular.<\/p>\n<p>Pre\u00e7o Minivan &#8220;12 lugares&#8221; = 30$ Pre\u00e7o por Minivan\/Minibus privado.<\/p>\n<p><strong> <\/strong><\/p>\n<p><strong>Transfer privado de Hurghada para a Marina de Hurghada:<\/strong><\/p>\n<p>Pre\u00e7o T\u00e1xi \/ Carro &#8221; 3 &#8211; 6 Lugares&#8221; 4hr = 30$ Pre\u00e7o por Carro Privado.<\/p>\n<p>Pre\u00e7o Minivan &#8220;12 Lugares&#8221; 4hr = 50$ Pre\u00e7o por Minivan\/Minibus Privado.<\/p>\n<p><strong> <\/strong><\/p>\n<p><strong>Transfer privado de Hurghada para os hot\u00e9is de El Gouna:<\/strong><\/p>\n<p>Pre\u00e7o do t\u00e1xi\/carro &#8221; 3 &#8211; 6 lugares&#8221; = 40$ Pre\u00e7o do carro particular.<\/p>\n<p>Pre\u00e7o Minivan &#8220;12 lugares&#8221; = 55$ Pre\u00e7o por Minivan\/Minibus privado.<\/p>\n<p>Dist\u00e2ncia entre Hurghada e El Gouna = 40 km<\/p>\n<p>Tempo entre Hurghada e El Gouna = 30 min.<\/p>\n<p><strong>T\u00e1xi privado Hurghada a partir de Marsa Alam<\/strong><\/p>\n<p>oferecemos carros e autocarros para o transferir a si ou ao seu grupo de Marsa Alam para qualquer pal\u00e1cio no mar vermelho do Egipto.<\/p>\n<p><strong>Transferes privados para o aeroporto do Cairo<\/strong><\/p>\n<p>Se precisar de ir ao aeroporto do Cairo e precisar de transfer para cidades tur\u00edsticas do Egipto, pode confiar em n\u00f3s para lhe darmos carros privados de luxo e servi\u00e7o de limusina.<\/p>\n<p><strong>T\u00e1xi de Hurghada para Sahl Hasheesh<\/strong><\/p>\n<p>Se precisa do melhor pre\u00e7o para um transporte privado de qualquer formato para o transferir do aeroporto de Hurghada para os hot\u00e9is de Sahl Hashe ou se precisa de um transfer do hotel para qualquer lugar, pode confiar em n\u00f3s.<\/p>\n<p>1-3 pessoas (viatura normal) = pre\u00e7o a partir de $10<\/p>\n<p>4-8 pessoas (miniautocarro) = pre\u00e7o a partir de 23$<\/p>\n<p><strong>T\u00e1xi de Hurghada para Marsa Alam<\/strong><\/p>\n<p>Se chegou ao aeroporto de Hurghada ou se, a partir do seu local de resid\u00eancia, precisa dos melhores carros ou de um autocarro de ou para Mars Alam para visitar o Cairo ou Luxor, ligue-nos agora mesmo<\/p>\n<p>1-3 pax (viatura individual) = 84 $<\/p>\n<p>4-8 pessoas (miniautocarro) = 107 $<\/p>\n<p><strong>T\u00e1xis do aeroporto de Hurghada para Makadi Bay<\/strong><\/p>\n<p>Oferecemos os melhores pre\u00e7os de transferes para si sozinho ou para um grupo de hot\u00e9is em Makadi Bay e visite as pir\u00e2mides do Cairo Giz\u00e9, ou fa\u00e7a uma excurs\u00e3o \u00e0 cidade de Luxor.<\/p>\n<p>1-3 pax (viatura normal) = a partir de $10<\/p>\n<p>4-8 pessoas (miniautocarro) = $ 23<\/p>\n<p><strong>T\u00e1xi do aeroporto de Hurghada para Soma Bay<\/strong><\/p>\n<p>Se precisar de carros privados de luxo, autocarros ou uma limusina para o transferir para os hot\u00e9is de Soma Bay ou quando precisar de fazer excurs\u00f5es para visitar os locais tur\u00edsticos do Egipto, reserve connosco agora.<\/p>\n<p>1-3 pax (viatura normal) = $ 35<\/p>\n<p>4-8 pessoas (miniautocarro) = $ 40<\/p>\n<p>&nbsp;<\/p>\n<p>&nbsp;<\/p>\n<p><strong>Coment\u00e1rios:<\/strong><\/p>\n<p>verifique o nosso Google Map Reviews como Melhor <a href=\"https:\/\/g.page\/r\/CUeYvkngP3wkEBM\/review\">Operador Tur\u00edstico em Hurghada<\/a> online em <a href=\"https:\/\/hurghadalovers.com\/\">Hurghada<\/a> Egipto.<\/p>\n<p>&nbsp;<\/p>\n<p><strong>Nota:  <\/strong><\/p>\n<p>Fazemos tamb\u00e9m excurs\u00f5es com transfer do seu hotel em El Goua, Ba\u00eda de Soma, Ba\u00eda de Makadi, Sahl Hasheesh, Safaga com um custo extra de 10$ por pessoa.<\/p>\n<p>&nbsp;<\/p>\n<p><strong>Reserva:<\/strong><\/p>\n<p>Enviar hotel + n\u00famero do quarto + passaportes com fotografia para o WhatsApp: <strong>+201112596434<\/strong><\/p>\n<p>Se estiver no Egipto, reserve agora online e confirme a sua chegada ao hotel.<\/p>\n","protected":false},"excerpt":{"rendered":"<p>Taxi Privado de Hurghada para Luxor, Cairo | Reservar Pre\u00e7os Baratos Servi\u00e7o Tur\u00edstico Transfer\u00eancia por Minivan de Luxo e Carro Vip para Marsa alam, Ba\u00eda de Soma, EL Gouna, Ba\u00eda de Makadi, Aeroporto de Hurghada (HRG) | Dinheiro no local.<\/p>\n","protected":false},"featured_media":931095,"template":"","meta":{"_joinchat":[]},"product_brand":[],"product_cat":[49770],"product_tag":[],"class_list":{"0":"post-381241","1":"product","2":"type-product","3":"status-publish","4":"has-post-thumbnail","6":"product_cat-excursoes","7":"tour_category-hurghada-to-luxor-trips-pt-pt","8":"tour_category-hurghada-excursions-pt-pt","10":"first","11":"instock","12":"sale","13":"shipping-taxable","14":"purchasable","15":"product-type-tour"},"yoast_head":"<!-- This site is optimized with the Yoast SEO Premium plugin v26.9 (Yoast SEO v27.2) - https:\/\/yoast.com\/product\/yoast-seo-premium-wordpress\/ -->\n<title>Transfere de t\u00e1xi privado de Hurghada para Luxor, Cairo<\/title>\n<meta name=\"description\" content=\"Taxi Privado de Hurghada para Luxor, Cairo | Reserva Pre\u00e7os Baratos Servi\u00e7o Tur\u00edstico Traslado em Minivan de Luxo e Carro Vip para Marsa alam, Soma bay...\" \/>\n<meta name=\"robots\" content=\"index, follow, max-snippet:-1, max-image-preview:large, max-video-preview:-1\" \/>\n<link rel=\"canonical\" href=\"https:\/\/hurghadalovers.com\/pt-pt\/tours\/transferencias-privadas-hurghada-taxi\/\" \/>\n<meta property=\"og:locale\" content=\"pt_PT\" \/>\n<meta property=\"og:type\" content=\"article\" \/>\n<meta property=\"og:title\" content=\"Transfer\u00eancias privadas de t\u00e1xi em Hurghada\" \/>\n<meta property=\"og:description\" content=\"Taxi Privado de Hurghada para Luxor, Cairo | Reserva Pre\u00e7os Baratos Servi\u00e7o Tur\u00edstico Traslado em Minivan de Luxo e Carro Vip para Marsa alam, Soma bay...\" \/>\n<meta property=\"og:url\" content=\"https:\/\/hurghadalovers.com\/pt-pt\/tours\/transferencias-privadas-hurghada-taxi\/\" \/>\n<meta property=\"og:site_name\" content=\"Hurghada Excursions &amp; Day Trips | Booking Best Prices Tours\" \/>\n<meta property=\"article:publisher\" content=\"https:\/\/www.facebook.com\/Hurghadaloversegypt\" \/>\n<meta property=\"article:modified_time\" content=\"2026-02-09T18:02:33+00:00\" \/>\n<meta property=\"og:image\" content=\"https:\/\/hurghadalovers.com\/wp-content\/uploads\/2023\/08\/Private-Hurghada-Taxi-Transfers.jpeg\" \/>\n\t<meta property=\"og:image:width\" content=\"1600\" \/>\n\t<meta property=\"og:image:height\" content=\"1204\" \/>\n\t<meta property=\"og:image:type\" content=\"image\/jpeg\" \/>\n<meta name=\"twitter:card\" content=\"summary_large_image\" \/>\n<meta name=\"twitter:label1\" content=\"pre\u00e7o\" \/>\n\t<meta name=\"twitter:data1\" content=\"&euro;&nbsp;20\" \/>\n\t<meta name=\"twitter:label2\" content=\"Disponibilidade\" \/>\n\t<meta name=\"twitter:data2\" content=\"Em stock\" \/>\n<script type=\"application\/ld+json\" class=\"yoast-schema-graph\">{\"@context\":\"https:\/\/schema.org\",\"@graph\":[{\"@type\":[\"WebPage\",\"ItemPage\"],\"@id\":\"https:\/\/hurghadalovers.com\/pt-pt\/tours\/transferencias-privadas-hurghada-taxi\/\",\"url\":\"https:\/\/hurghadalovers.com\/pt-pt\/tours\/transferencias-privadas-hurghada-taxi\/\",\"name\":\"Transfere de t\u00e1xi privado de Hurghada para Luxor, Cairo\",\"isPartOf\":{\"@id\":\"https:\/\/hurghadalovers.com\/pt-pt\/#website\"},\"primaryImageOfPage\":{\"@id\":\"https:\/\/hurghadalovers.com\/pt-pt\/tours\/transferencias-privadas-hurghada-taxi\/#primaryimage\"},\"image\":{\"@id\":\"https:\/\/hurghadalovers.com\/pt-pt\/tours\/transferencias-privadas-hurghada-taxi\/#primaryimage\"},\"thumbnailUrl\":\"https:\/\/hurghadalovers.com\/wp-content\/uploads\/2023\/08\/Private-Hurghada-Taxi-Transfers.jpeg\",\"datePublished\":\"2023-08-19T11:35:23+00:00\",\"dateModified\":\"2026-02-09T18:02:33+00:00\",\"description\":\"Taxi Privado de Hurghada para Luxor, Cairo | Reserva Pre\u00e7os Baratos Servi\u00e7o Tur\u00edstico Traslado em Minivan de Luxo e Carro Vip para Marsa alam, Soma bay...\",\"breadcrumb\":{\"@id\":\"https:\/\/hurghadalovers.com\/pt-pt\/tours\/transferencias-privadas-hurghada-taxi\/#breadcrumb\"},\"inLanguage\":\"pt-PT\",\"potentialAction\":[{\"@type\":\"ReadAction\",\"target\":[\"https:\/\/hurghadalovers.com\/pt-pt\/tours\/transferencias-privadas-hurghada-taxi\/\"]}]},{\"@type\":\"ImageObject\",\"inLanguage\":\"pt-PT\",\"@id\":\"https:\/\/hurghadalovers.com\/pt-pt\/tours\/transferencias-privadas-hurghada-taxi\/#primaryimage\",\"url\":\"https:\/\/hurghadalovers.com\/wp-content\/uploads\/2023\/08\/Private-Hurghada-Taxi-Transfers.jpeg\",\"contentUrl\":\"https:\/\/hurghadalovers.com\/wp-content\/uploads\/2023\/08\/Private-Hurghada-Taxi-Transfers.jpeg\",\"width\":1600,\"height\":1204,\"caption\":\"Private Hurghada Taxi Transfers\"},{\"@type\":\"BreadcrumbList\",\"@id\":\"https:\/\/hurghadalovers.com\/pt-pt\/tours\/transferencias-privadas-hurghada-taxi\/#breadcrumb\",\"itemListElement\":[{\"@type\":\"ListItem\",\"position\":1,\"name\":\"Home\",\"item\":\"https:\/\/hurghadalovers.com\/pt-pt\/\"},{\"@type\":\"ListItem\",\"position\":2,\"name\":\"Shop\",\"item\":\"https:\/\/hurghadalovers.com\/shop\/\"},{\"@type\":\"ListItem\",\"position\":3,\"name\":\"Transfer\u00eancias privadas de t\u00e1xi em Hurghada\"}]},{\"@type\":\"WebSite\",\"@id\":\"https:\/\/hurghadalovers.com\/pt-pt\/#website\",\"url\":\"https:\/\/hurghadalovers.com\/pt-pt\/\",\"name\":\"Hurghada Excursions & Day Trips | Booking Best Prices Tours\",\"description\":\"Hurghada Lovers - Best Tour Operator - Excursions &amp; Things to do for Family Day Trips with kids and Couples Romantic. Unique .Hidden gems\",\"publisher\":{\"@id\":\"https:\/\/hurghadalovers.com\/pt-pt\/#organization\"},\"alternateName\":\"Hurghada Excursions\",\"potentialAction\":[{\"@type\":\"SearchAction\",\"target\":{\"@type\":\"EntryPoint\",\"urlTemplate\":\"https:\/\/hurghadalovers.com\/pt-pt\/?s={search_term_string}\"},\"query-input\":{\"@type\":\"PropertyValueSpecification\",\"valueRequired\":true,\"valueName\":\"search_term_string\"}}],\"inLanguage\":\"pt-PT\"},{\"@type\":[\"Organization\",\"Place\",\"TravelAgency\"],\"@id\":\"https:\/\/hurghadalovers.com\/pt-pt\/#organization\",\"name\":\"Hurghada Excursions\",\"url\":\"https:\/\/hurghadalovers.com\/pt-pt\/\",\"logo\":{\"@id\":\"https:\/\/hurghadalovers.com\/pt-pt\/tours\/transferencias-privadas-hurghada-taxi\/#local-main-organization-logo\"},\"image\":{\"@id\":\"https:\/\/hurghadalovers.com\/pt-pt\/tours\/transferencias-privadas-hurghada-taxi\/#local-main-organization-logo\"},\"sameAs\":[\"https:\/\/www.facebook.com\/Hurghadaloversegypt\"],\"address\":{\"@id\":\"https:\/\/hurghadalovers.com\/pt-pt\/tours\/transferencias-privadas-hurghada-taxi\/#local-main-place-address\"},\"telephone\":[\"00201112596434\"],\"contactPoint\":{\"@type\":\"ContactPoint\",\"telephone\":\"00201112596434\",\"email\":\"weyouface@gmail.com\"},\"openingHoursSpecification\":{\"@type\":\"OpeningHoursSpecification\",\"dayOfWeek\":[\"Monday\",\"Tuesday\",\"Wednesday\",\"Thursday\",\"Friday\",\"Saturday\",\"Sunday\"],\"opens\":\"00:00\",\"closes\":\"23:59\"},\"email\":\"weyouface@gmail.com\",\"areaServed\":\"Luxor, Hurghada, El Gouna, Aswan, Sharm El Sheikh, Giza, Alexandria, Marsa Alam, Quseir, Soma Bay, Sahl Hasheesh, Red Sea, Makadi Bay, Cairo\",\"priceRange\":\"$\",\"currenciesAccepted\":\"euro\",\"paymentAccepted\":\"cash on site\"},{\"@type\":\"PostalAddress\",\"@id\":\"https:\/\/hurghadalovers.com\/pt-pt\/tours\/transferencias-privadas-hurghada-taxi\/#local-main-place-address\",\"streetAddress\":\"17 Banks street, Alkawther area, top nbk bank\",\"addressLocality\":\"hurghada\",\"postalCode\":\"84511\",\"addressRegion\":\"red sea\",\"addressCountry\":\"EG\"},{\"@type\":\"ImageObject\",\"inLanguage\":\"pt-PT\",\"@id\":\"https:\/\/hurghadalovers.com\/pt-pt\/tours\/transferencias-privadas-hurghada-taxi\/#local-main-organization-logo\",\"url\":\"https:\/\/hurghadalovers.com\/wp-content\/uploads\/2019\/10\/hurghada-excursions-logo.png\",\"contentUrl\":\"https:\/\/hurghadalovers.com\/wp-content\/uploads\/2019\/10\/hurghada-excursions-logo.png\",\"width\":272,\"height\":90,\"caption\":\"Hurghada Excursions\"}]}<\/script>\n<meta property=\"product:brand\" content=\"Excurs\u00e3o \u00e0s Luxor De Hurghada\" \/>\n<meta property=\"product:price:amount\" content=\"20\" \/>\n<meta property=\"product:price:currency\" content=\"EUR\" \/>\n<meta property=\"og:availability\" content=\"instock\" \/>\n<meta property=\"product:availability\" content=\"instock\" \/>\n<meta property=\"product:retailer_item_id\" content=\"Transfers012024\" \/>\n<meta property=\"product:condition\" content=\"new\" \/>\n<meta name=\"geo.placename\" content=\"hurghada\" \/>\n<meta name=\"geo.region\" content=\"Egipto\" \/>\n<!-- \/ Yoast SEO Premium plugin. -->","yoast_head_json":{"title":"Transfere de t\u00e1xi privado de Hurghada para Luxor, Cairo","description":"Taxi Privado de Hurghada para Luxor, Cairo | Reserva Pre\u00e7os Baratos Servi\u00e7o Tur\u00edstico Traslado em Minivan de Luxo e Carro Vip para Marsa alam, Soma bay...","robots":{"index":"index","follow":"follow","max-snippet":"max-snippet:-1","max-image-preview":"max-image-preview:large","max-video-preview":"max-video-preview:-1"},"canonical":"https:\/\/hurghadalovers.com\/pt-pt\/tours\/transferencias-privadas-hurghada-taxi\/","og_locale":"pt_PT","og_type":"article","og_title":"Transfer\u00eancias privadas de t\u00e1xi em Hurghada","og_description":"Taxi Privado de Hurghada para Luxor, Cairo | Reserva Pre\u00e7os Baratos Servi\u00e7o Tur\u00edstico Traslado em Minivan de Luxo e Carro Vip para Marsa alam, Soma bay...","og_url":"https:\/\/hurghadalovers.com\/pt-pt\/tours\/transferencias-privadas-hurghada-taxi\/","og_site_name":"Hurghada Excursions &amp; Day Trips | Booking Best Prices Tours","article_publisher":"https:\/\/www.facebook.com\/Hurghadaloversegypt","article_modified_time":"2026-02-09T18:02:33+00:00","og_image":[{"width":1600,"height":1204,"url":"https:\/\/hurghadalovers.com\/wp-content\/uploads\/2023\/08\/Private-Hurghada-Taxi-Transfers.jpeg","type":"image\/jpeg"}],"twitter_card":"summary_large_image","twitter_misc":{"pre\u00e7o":"&euro;&nbsp;20","Disponibilidade":"Em stock"},"schema":{"@context":"https:\/\/schema.org","@graph":[{"@type":["WebPage","ItemPage"],"@id":"https:\/\/hurghadalovers.com\/pt-pt\/tours\/transferencias-privadas-hurghada-taxi\/","url":"https:\/\/hurghadalovers.com\/pt-pt\/tours\/transferencias-privadas-hurghada-taxi\/","name":"Transfere de t\u00e1xi privado de Hurghada para Luxor, Cairo","isPartOf":{"@id":"https:\/\/hurghadalovers.com\/pt-pt\/#website"},"primaryImageOfPage":{"@id":"https:\/\/hurghadalovers.com\/pt-pt\/tours\/transferencias-privadas-hurghada-taxi\/#primaryimage"},"image":{"@id":"https:\/\/hurghadalovers.com\/pt-pt\/tours\/transferencias-privadas-hurghada-taxi\/#primaryimage"},"thumbnailUrl":"https:\/\/hurghadalovers.com\/wp-content\/uploads\/2023\/08\/Private-Hurghada-Taxi-Transfers.jpeg","datePublished":"2023-08-19T11:35:23+00:00","dateModified":"2026-02-09T18:02:33+00:00","description":"Taxi Privado de Hurghada para Luxor, Cairo | Reserva Pre\u00e7os Baratos Servi\u00e7o Tur\u00edstico Traslado em Minivan de Luxo e Carro Vip para Marsa alam, Soma bay...","breadcrumb":{"@id":"https:\/\/hurghadalovers.com\/pt-pt\/tours\/transferencias-privadas-hurghada-taxi\/#breadcrumb"},"inLanguage":"pt-PT","potentialAction":[{"@type":"ReadAction","target":["https:\/\/hurghadalovers.com\/pt-pt\/tours\/transferencias-privadas-hurghada-taxi\/"]}]},{"@type":"ImageObject","inLanguage":"pt-PT","@id":"https:\/\/hurghadalovers.com\/pt-pt\/tours\/transferencias-privadas-hurghada-taxi\/#primaryimage","url":"https:\/\/hurghadalovers.com\/wp-content\/uploads\/2023\/08\/Private-Hurghada-Taxi-Transfers.jpeg","contentUrl":"https:\/\/hurghadalovers.com\/wp-content\/uploads\/2023\/08\/Private-Hurghada-Taxi-Transfers.jpeg","width":1600,"height":1204,"caption":"Private Hurghada Taxi Transfers"},{"@type":"BreadcrumbList","@id":"https:\/\/hurghadalovers.com\/pt-pt\/tours\/transferencias-privadas-hurghada-taxi\/#breadcrumb","itemListElement":[{"@type":"ListItem","position":1,"name":"Home","item":"https:\/\/hurghadalovers.com\/pt-pt\/"},{"@type":"ListItem","position":2,"name":"Shop","item":"https:\/\/hurghadalovers.com\/shop\/"},{"@type":"ListItem","position":3,"name":"Transfer\u00eancias privadas de t\u00e1xi em Hurghada"}]},{"@type":"WebSite","@id":"https:\/\/hurghadalovers.com\/pt-pt\/#website","url":"https:\/\/hurghadalovers.com\/pt-pt\/","name":"Hurghada Excursions & Day Trips | Booking Best Prices Tours","description":"Hurghada Lovers - Best Tour Operator - Excursions &amp; Things to do for Family Day Trips with kids and Couples Romantic. Unique .Hidden gems","publisher":{"@id":"https:\/\/hurghadalovers.com\/pt-pt\/#organization"},"alternateName":"Hurghada Excursions","potentialAction":[{"@type":"SearchAction","target":{"@type":"EntryPoint","urlTemplate":"https:\/\/hurghadalovers.com\/pt-pt\/?s={search_term_string}"},"query-input":{"@type":"PropertyValueSpecification","valueRequired":true,"valueName":"search_term_string"}}],"inLanguage":"pt-PT"},{"@type":["Organization","Place","TravelAgency"],"@id":"https:\/\/hurghadalovers.com\/pt-pt\/#organization","name":"Hurghada Excursions","url":"https:\/\/hurghadalovers.com\/pt-pt\/","logo":{"@id":"https:\/\/hurghadalovers.com\/pt-pt\/tours\/transferencias-privadas-hurghada-taxi\/#local-main-organization-logo"},"image":{"@id":"https:\/\/hurghadalovers.com\/pt-pt\/tours\/transferencias-privadas-hurghada-taxi\/#local-main-organization-logo"},"sameAs":["https:\/\/www.facebook.com\/Hurghadaloversegypt"],"address":{"@id":"https:\/\/hurghadalovers.com\/pt-pt\/tours\/transferencias-privadas-hurghada-taxi\/#local-main-place-address"},"telephone":["00201112596434"],"contactPoint":{"@type":"ContactPoint","telephone":"00201112596434","email":"weyouface@gmail.com"},"openingHoursSpecification":{"@type":"OpeningHoursSpecification","dayOfWeek":["Monday","Tuesday","Wednesday","Thursday","Friday","Saturday","Sunday"],"opens":"00:00","closes":"23:59"},"email":"weyouface@gmail.com","areaServed":"Luxor, Hurghada, El Gouna, Aswan, Sharm El Sheikh, Giza, Alexandria, Marsa Alam, Quseir, Soma Bay, Sahl Hasheesh, Red Sea, Makadi Bay, Cairo","priceRange":"$","currenciesAccepted":"euro","paymentAccepted":"cash on site"},{"@type":"PostalAddress","@id":"https:\/\/hurghadalovers.com\/pt-pt\/tours\/transferencias-privadas-hurghada-taxi\/#local-main-place-address","streetAddress":"17 Banks street, Alkawther area, top nbk bank","addressLocality":"hurghada","postalCode":"84511","addressRegion":"red sea","addressCountry":"EG"},{"@type":"ImageObject","inLanguage":"pt-PT","@id":"https:\/\/hurghadalovers.com\/pt-pt\/tours\/transferencias-privadas-hurghada-taxi\/#local-main-organization-logo","url":"https:\/\/hurghadalovers.com\/wp-content\/uploads\/2019\/10\/hurghada-excursions-logo.png","contentUrl":"https:\/\/hurghadalovers.com\/wp-content\/uploads\/2019\/10\/hurghada-excursions-logo.png","width":272,"height":90,"caption":"Hurghada Excursions"}]},"product_brand":"Excurs\u00e3o \u00e0s Luxor De Hurghada","product_price_amount":"20","product_price_currency":"EUR","og_availability":"instock","product_availability":"instock","product_retailer_item_id":"Transfers012024","product_condition":"new","geo.placename":"hurghada","geo.region":"Egipto"},"_links":{"self":[{"href":"https:\/\/hurghadalovers.com\/pt-pt\/wp-json\/wp\/v2\/product\/381241","targetHints":{"allow":["GET"]}}],"collection":[{"href":"https:\/\/hurghadalovers.com\/pt-pt\/wp-json\/wp\/v2\/product"}],"about":[{"href":"https:\/\/hurghadalovers.com\/pt-pt\/wp-json\/wp\/v2\/types\/product"}],"wp:featuredmedia":[{"embeddable":true,"href":"https:\/\/hurghadalovers.com\/pt-pt\/wp-json\/wp\/v2\/media\/931095"}],"wp:attachment":[{"href":"https:\/\/hurghadalovers.com\/pt-pt\/wp-json\/wp\/v2\/media?parent=381241"}],"wp:term":[{"taxonomy":"product_brand","embeddable":true,"href":"https:\/\/hurghadalovers.com\/pt-pt\/wp-json\/wp\/v2\/product_brand?post=381241"},{"taxonomy":"product_cat","embeddable":true,"href":"https:\/\/hurghadalovers.com\/pt-pt\/wp-json\/wp\/v2\/product_cat?post=381241"},{"taxonomy":"product_tag","embeddable":true,"href":"https:\/\/hurghadalovers.com\/pt-pt\/wp-json\/wp\/v2\/product_tag?post=381241"}],"curies":[{"name":"wp","href":"https:\/\/api.w.org\/{rel}","templated":true}]}}