{"id":380914,"date":"2023-08-16T10:37:43","date_gmt":"2023-08-16T10:41:10","guid":{"rendered":"https:\/\/hurghadalovers.com\/shop\/sem%20categoria\/aluguer-privado-de-lancha-rapida-para-orange-bay-e-paradise-island-a-partir-de-hurghada\/"},"modified":"2026-02-09T08:53:52","modified_gmt":"2026-02-09T08:53:52","slug":"aluguer-de-lanchas-rapidas-para-a-ilha-de-orange-bay-paradise-island-from-hurghada","status":"publish","type":"product","link":"https:\/\/hurghadalovers.com\/pt-pt\/tours\/aluguer-de-lanchas-rapidas-para-a-ilha-de-orange-bay-paradise-island-from-hurghada\/","title":{"rendered":"Aluguer privado de lancha r\u00e1pida para Orange Bay e Paradise Island a partir de Hurghada"},"content":{"rendered":"<p><strong>Aluguer de lancha privada para Orange Bay e Paradise Island a partir de Hurghada<\/strong> com bilhetes, snorkeling e transporte.<\/p>\n<p>A mais bela Hurghada <span style=\"color: #00ccff;\"><br \/>\n  <strong>Actividades para toda a fam\u00edlia<\/strong><br \/>\n<\/span>, <span style=\"color: #00ccff;\"><br \/>\n  <strong>Coisas para fazer com crian\u00e7as<\/strong><br \/>\n<\/span>, Seniores, <span style=\"color: #993366;\"><br \/>\n  <strong>lua de mel<\/strong><br \/>\n<\/span> e <span style=\"color: #993366;\"><br \/>\n  <strong>Casal<\/strong><br \/>\n<\/span>.<\/p>\n<p>Desfrute de um dia especial e de uma experi\u00eancia \u00fanica com mais <strong>privacidade<\/strong> e <strong>luxo<\/strong>, e v\u00e1 com a fam\u00edlia e os amigos para as mais belas praias da <strong>ilha de Giftun<\/strong> e nade nos mais belos locais de <strong>recifes de coral em Hurghada<\/strong>.<\/p>\n<p>N\u00f3s fornecemos reserva apenas aluguer de lancha privada para <strong>Orange Bay &amp; Paradise Island <\/strong>com bilhetes e desfrutar da praia por 4-5 horas e volta.<\/p>\n<p>&nbsp;<\/p>\n<p><strong>Destaques:<\/strong><\/p>\n<ul>\n<li>um ponto de mergulho com snorkel House Reef.<\/li>\n<li>1 hora na praia de Paradise Island.<\/li>\n<li>1 hora na praia da ilha de Orange Bay.<\/li>\n<\/ul>\n<p><strong>Detalhes:<\/strong><\/p>\n<ul>\n<li>Disponibilidade da excurs\u00e3o: Todos os dias.<\/li>\n<li>Tipo de visita: Privado.<\/li>\n<li>Hora de recolha: A partir das 08:00 ou a partir das 13:00.<\/li>\n<li>Hora de partida: 13:00 ou 18:00.<\/li>\n<li>Acess\u00edvel a cadeiras de rodas.<\/li>\n<li>Dura\u00e7\u00e3o: 4-5 horas.<\/li>\n<\/ul>\n<p><strong>Reserve agora e pague depois:<\/strong><\/p>\n<ul>\n<li>Dinheiro no local para guiar.<\/li>\n<li>Pagamento em libras eg\u00edpcias, $, \u20ac ou \u00a3.<\/li>\n<\/ul>\n<p><strong>Pol\u00edtica de cancelamento:<\/strong><\/p>\n<ul>\n<li>Cancelamento at\u00e9 24 horas de anteced\u00eancia.<\/li>\n<li>Quando algu\u00e9m da sua fam\u00edlia cancela a manh\u00e3, paga 50% do custo.<\/li>\n<\/ul>\n<p><strong>O que \u00e9 que est\u00e1 inclu\u00eddo?<\/strong><\/p>\n<ul>\n<li>Transfer dos hot\u00e9is de Hurghada &#8220;Hotel pick up and drop off&#8221;.<\/li>\n<li>Todos os impostos, taxas de entrada e despesas de manuseamento.<\/li>\n<li>\u00c1gua mineral + Cola.<\/li>\n<li>um local de mergulho com snorkel.<\/li>\n<li>Equipamento de snorkeling &#8220;M\u00e1scaras e barbatanas de nata\u00e7\u00e3o&#8221;.<\/li>\n<li>1 hora na praia de Paradise Island.<\/li>\n<li>1 hora na praia da ilha de Orange Bay.<\/li>\n<\/ul>\n<p><strong>Exclus\u00f5es?<\/strong><\/p>\n<ul>\n<li>Gorjetas.<\/li>\n<li>Bebidas no Restaurante Ilha Para\u00edso.<\/li>\n<li>Quaisquer extras n\u00e3o mencionados.<\/li>\n<\/ul>\n<p><strong>Aluguer privado de lancha r\u00e1pida para Orange Bay e Paradise Island a partir de Hurghada<\/strong><strong> Pre\u00e7os:<\/strong><\/p>\n<ul>\n<li>Aluguer de lancha r\u00e1pida para Paradise Island com bilhetes &#8220;2 pessoas&#8221; e transfer = 230$<\/li>\n<li>Aluguer de lancha r\u00e1pida para Paradise Island com bilhetes &#8220;2 pessoas&#8221;, Snorkeling e Transfer = 280$<\/li>\n<li><strong>At\u00e9 2 pessoas extra <\/strong><strong>bilhete<\/strong><strong> = 5$ por pessoa.<\/strong><\/li>\n<\/ul>\n<p><strong>Coment\u00e1rios:<\/strong><\/p>\n<p>verifique o nosso Google Map Reviews como Melhor <a href=\"https:\/\/g.page\/r\/CUeYvkngP3wkEBM\/review\">Operador Tur\u00edstico em Hurghada<\/a> online em <a href=\"https:\/\/hurghadalovers.com\/\">Hurghada<\/a> Egipto.<\/p>\n<p>&nbsp;<\/p>\n<p><strong>Nota:<\/strong><\/p>\n<p>Fazemos tamb\u00e9m excurs\u00f5es com transfer do seu hotel em El Goua, Ba\u00eda de Soma, Ba\u00eda de Makadi, Sahl Hasheesh, Safaga com um custo extra de 10$ por pessoa.<\/p>\n<p>&nbsp;<\/p>\n<p><strong>Reserva:<\/strong><\/p>\n<p>Enviar hotel + n\u00famero do quarto + passaportes com fotografia para o WhatsApp: <strong>+201112596434<\/strong><\/p>\n<p>Se estiver no Egipto, reserve agora online e confirme a sua chegada ao hotel.<\/p>\n<p>&nbsp;<\/p>\n<p>&nbsp;<\/p>\n","protected":false},"excerpt":{"rendered":"<p>Aluguer privado de lancha r\u00e1pida para Orange Bay e Paradise Island a partir de Hurghada com bilhetes, snorkeling e transfer | belas praias na ilha de Giftun&#8230;<\/p>\n","protected":false},"featured_media":380866,"template":"","meta":{"_joinchat":[]},"product_brand":[],"product_cat":[49770,29297],"product_tag":[],"class_list":{"0":"post-380914","1":"product","2":"type-product","3":"status-publish","4":"has-post-thumbnail","6":"product_cat-excursoes","7":"product_cat-egypt-tours","8":"tour_category-hurghada-excursions-pt-pt","9":"tour_category-hurghada-snorkeling-trips-pt-pt","11":"first","12":"instock","13":"sale","14":"shipping-taxable","15":"purchasable","16":"product-type-tour"},"yoast_head":"<!-- This site is optimized with the Yoast SEO Premium plugin v26.9 (Yoast SEO v27.2) - https:\/\/yoast.com\/product\/yoast-seo-premium-wordpress\/ -->\n<title>Aluguer privado de lancha r\u00e1pida para Orange Bay e Paradise Island<\/title>\n<meta name=\"description\" content=\"Aluguer privado de lancha r\u00e1pida para Orange Bay e Paradise Island a partir de Hurghada com bilhetes, snorkeling e transfer | belas praias na ilha de Giftun...\" \/>\n<meta name=\"robots\" content=\"index, follow, max-snippet:-1, max-image-preview:large, max-video-preview:-1\" \/>\n<link rel=\"canonical\" href=\"https:\/\/hurghadalovers.com\/pt-pt\/tours\/aluguer-de-lanchas-rapidas-para-a-ilha-de-orange-bay-paradise-island-from-hurghada\/\" \/>\n<meta property=\"og:locale\" content=\"pt_PT\" \/>\n<meta property=\"og:type\" content=\"article\" \/>\n<meta property=\"og:title\" content=\"Aluguer privado de lancha r\u00e1pida para Orange Bay e Paradise Island a partir de Hurghada\" \/>\n<meta property=\"og:description\" content=\"Aluguer privado de lancha r\u00e1pida para Orange Bay e Paradise Island a partir de Hurghada com bilhetes, snorkeling e transfer | belas praias na ilha de Giftun...\" \/>\n<meta property=\"og:url\" content=\"https:\/\/hurghadalovers.com\/pt-pt\/tours\/aluguer-de-lanchas-rapidas-para-a-ilha-de-orange-bay-paradise-island-from-hurghada\/\" \/>\n<meta property=\"og:site_name\" content=\"Hurghada Excursions &amp; Day Trips | Booking Best Prices Tours\" \/>\n<meta property=\"article:publisher\" content=\"https:\/\/www.facebook.com\/Hurghadaloversegypt\" \/>\n<meta property=\"article:modified_time\" content=\"2026-02-09T08:53:52+00:00\" \/>\n<meta property=\"og:image\" content=\"https:\/\/hurghadalovers.com\/wp-content\/uploads\/2023\/08\/Private-Speedboat-Rental-to-Orange-bay-Paradise-Island-from-Hurghada.jpeg\" \/>\n\t<meta property=\"og:image:width\" content=\"1156\" \/>\n\t<meta property=\"og:image:height\" content=\"867\" \/>\n\t<meta property=\"og:image:type\" content=\"image\/jpeg\" \/>\n<meta name=\"twitter:card\" content=\"summary_large_image\" \/>\n<meta name=\"twitter:label1\" content=\"pre\u00e7o\" \/>\n\t<meta name=\"twitter:data1\" content=\"&euro;&nbsp;230\" \/>\n\t<meta name=\"twitter:label2\" content=\"Disponibilidade\" \/>\n\t<meta name=\"twitter:data2\" content=\"Em stock\" \/>\n<script type=\"application\/ld+json\" class=\"yoast-schema-graph\">{\"@context\":\"https:\/\/schema.org\",\"@graph\":[{\"@type\":[\"WebPage\",\"ItemPage\"],\"@id\":\"https:\/\/hurghadalovers.com\/pt-pt\/tours\/aluguer-de-lanchas-rapidas-para-a-ilha-de-orange-bay-paradise-island-from-hurghada\/\",\"url\":\"https:\/\/hurghadalovers.com\/pt-pt\/tours\/aluguer-de-lanchas-rapidas-para-a-ilha-de-orange-bay-paradise-island-from-hurghada\/\",\"name\":\"Aluguer privado de lancha r\u00e1pida para Orange Bay e Paradise Island\",\"isPartOf\":{\"@id\":\"https:\/\/hurghadalovers.com\/pt-pt\/#website\"},\"primaryImageOfPage\":{\"@id\":\"https:\/\/hurghadalovers.com\/pt-pt\/tours\/aluguer-de-lanchas-rapidas-para-a-ilha-de-orange-bay-paradise-island-from-hurghada\/#primaryimage\"},\"image\":{\"@id\":\"https:\/\/hurghadalovers.com\/pt-pt\/tours\/aluguer-de-lanchas-rapidas-para-a-ilha-de-orange-bay-paradise-island-from-hurghada\/#primaryimage\"},\"thumbnailUrl\":\"https:\/\/hurghadalovers.com\/wp-content\/uploads\/2023\/08\/Private-Speedboat-Rental-to-Orange-bay-Paradise-Island-from-Hurghada.jpeg\",\"datePublished\":\"2023-08-16T10:41:10+00:00\",\"dateModified\":\"2026-02-09T08:53:52+00:00\",\"description\":\"Aluguer privado de lancha r\u00e1pida para Orange Bay e Paradise Island a partir de Hurghada com bilhetes, snorkeling e transfer | belas praias na ilha de Giftun...\",\"breadcrumb\":{\"@id\":\"https:\/\/hurghadalovers.com\/pt-pt\/tours\/aluguer-de-lanchas-rapidas-para-a-ilha-de-orange-bay-paradise-island-from-hurghada\/#breadcrumb\"},\"inLanguage\":\"pt-PT\",\"potentialAction\":[{\"@type\":\"ReadAction\",\"target\":[\"https:\/\/hurghadalovers.com\/pt-pt\/tours\/aluguer-de-lanchas-rapidas-para-a-ilha-de-orange-bay-paradise-island-from-hurghada\/\"]}]},{\"@type\":\"ImageObject\",\"inLanguage\":\"pt-PT\",\"@id\":\"https:\/\/hurghadalovers.com\/pt-pt\/tours\/aluguer-de-lanchas-rapidas-para-a-ilha-de-orange-bay-paradise-island-from-hurghada\/#primaryimage\",\"url\":\"https:\/\/hurghadalovers.com\/wp-content\/uploads\/2023\/08\/Private-Speedboat-Rental-to-Orange-bay-Paradise-Island-from-Hurghada.jpeg\",\"contentUrl\":\"https:\/\/hurghadalovers.com\/wp-content\/uploads\/2023\/08\/Private-Speedboat-Rental-to-Orange-bay-Paradise-Island-from-Hurghada.jpeg\",\"width\":1156,\"height\":867,\"caption\":\"Aluguer privado de lancha r\u00e1pida para Orange Bay e Paradise Island a partir de Hurghada\"},{\"@type\":\"BreadcrumbList\",\"@id\":\"https:\/\/hurghadalovers.com\/pt-pt\/tours\/aluguer-de-lanchas-rapidas-para-a-ilha-de-orange-bay-paradise-island-from-hurghada\/#breadcrumb\",\"itemListElement\":[{\"@type\":\"ListItem\",\"position\":1,\"name\":\"Home\",\"item\":\"https:\/\/hurghadalovers.com\/pt-pt\/\"},{\"@type\":\"ListItem\",\"position\":2,\"name\":\"Shop\",\"item\":\"https:\/\/hurghadalovers.com\/shop\/\"},{\"@type\":\"ListItem\",\"position\":3,\"name\":\"Aluguer privado de lancha r\u00e1pida para Orange Bay e Paradise Island a partir de Hurghada\"}]},{\"@type\":\"WebSite\",\"@id\":\"https:\/\/hurghadalovers.com\/pt-pt\/#website\",\"url\":\"https:\/\/hurghadalovers.com\/pt-pt\/\",\"name\":\"Hurghada Excursions & Day Trips | Booking Best Prices Tours\",\"description\":\"Hurghada Lovers - Best Tour Operator - Excursions &amp; Things to do for Family Day Trips with kids and Couples Romantic. Unique .Hidden gems\",\"publisher\":{\"@id\":\"https:\/\/hurghadalovers.com\/pt-pt\/#organization\"},\"alternateName\":\"Hurghada Excursions\",\"potentialAction\":[{\"@type\":\"SearchAction\",\"target\":{\"@type\":\"EntryPoint\",\"urlTemplate\":\"https:\/\/hurghadalovers.com\/pt-pt\/?s={search_term_string}\"},\"query-input\":{\"@type\":\"PropertyValueSpecification\",\"valueRequired\":true,\"valueName\":\"search_term_string\"}}],\"inLanguage\":\"pt-PT\"},{\"@type\":[\"Organization\",\"Place\",\"TravelAgency\"],\"@id\":\"https:\/\/hurghadalovers.com\/pt-pt\/#organization\",\"name\":\"Hurghada Excursions\",\"url\":\"https:\/\/hurghadalovers.com\/pt-pt\/\",\"logo\":{\"@id\":\"https:\/\/hurghadalovers.com\/pt-pt\/tours\/aluguer-de-lanchas-rapidas-para-a-ilha-de-orange-bay-paradise-island-from-hurghada\/#local-main-organization-logo\"},\"image\":{\"@id\":\"https:\/\/hurghadalovers.com\/pt-pt\/tours\/aluguer-de-lanchas-rapidas-para-a-ilha-de-orange-bay-paradise-island-from-hurghada\/#local-main-organization-logo\"},\"sameAs\":[\"https:\/\/www.facebook.com\/Hurghadaloversegypt\"],\"address\":{\"@id\":\"https:\/\/hurghadalovers.com\/pt-pt\/tours\/aluguer-de-lanchas-rapidas-para-a-ilha-de-orange-bay-paradise-island-from-hurghada\/#local-main-place-address\"},\"telephone\":[\"00201112596434\"],\"contactPoint\":{\"@type\":\"ContactPoint\",\"telephone\":\"00201112596434\",\"email\":\"weyouface@gmail.com\"},\"openingHoursSpecification\":{\"@type\":\"OpeningHoursSpecification\",\"dayOfWeek\":[\"Monday\",\"Tuesday\",\"Wednesday\",\"Thursday\",\"Friday\",\"Saturday\",\"Sunday\"],\"opens\":\"00:00\",\"closes\":\"23:59\"},\"email\":\"weyouface@gmail.com\",\"areaServed\":\"Luxor, Hurghada, El Gouna, Aswan, Sharm El Sheikh, Giza, Alexandria, Marsa Alam, Quseir, Soma Bay, Sahl Hasheesh, Red Sea, Makadi Bay, Cairo\",\"priceRange\":\"$\",\"currenciesAccepted\":\"euro\",\"paymentAccepted\":\"cash on site\"},{\"@type\":\"PostalAddress\",\"@id\":\"https:\/\/hurghadalovers.com\/pt-pt\/tours\/aluguer-de-lanchas-rapidas-para-a-ilha-de-orange-bay-paradise-island-from-hurghada\/#local-main-place-address\",\"streetAddress\":\"17 Banks street, Alkawther area, top nbk bank\",\"addressLocality\":\"hurghada\",\"postalCode\":\"84511\",\"addressRegion\":\"red sea\",\"addressCountry\":\"EG\"},{\"@type\":\"ImageObject\",\"inLanguage\":\"pt-PT\",\"@id\":\"https:\/\/hurghadalovers.com\/pt-pt\/tours\/aluguer-de-lanchas-rapidas-para-a-ilha-de-orange-bay-paradise-island-from-hurghada\/#local-main-organization-logo\",\"url\":\"https:\/\/hurghadalovers.com\/wp-content\/uploads\/2019\/10\/hurghada-excursions-logo.png\",\"contentUrl\":\"https:\/\/hurghadalovers.com\/wp-content\/uploads\/2019\/10\/hurghada-excursions-logo.png\",\"width\":272,\"height\":90,\"caption\":\"Hurghada Excursions\"}]}<\/script>\n<meta property=\"product:brand\" content=\"Excurs\u00f5es Hurghada\" \/>\n<meta property=\"product:price:amount\" content=\"230\" \/>\n<meta property=\"product:price:currency\" content=\"EUR\" \/>\n<meta property=\"og:availability\" content=\"instock\" \/>\n<meta property=\"product:availability\" content=\"instock\" \/>\n<meta property=\"product:condition\" content=\"new\" \/>\n<meta name=\"geo.placename\" content=\"hurghada\" \/>\n<meta name=\"geo.region\" content=\"Egipto\" \/>\n<!-- \/ Yoast SEO Premium plugin. -->","yoast_head_json":{"title":"Aluguer privado de lancha r\u00e1pida para Orange Bay e Paradise Island","description":"Aluguer privado de lancha r\u00e1pida para Orange Bay e Paradise Island a partir de Hurghada com bilhetes, snorkeling e transfer | belas praias na ilha de Giftun...","robots":{"index":"index","follow":"follow","max-snippet":"max-snippet:-1","max-image-preview":"max-image-preview:large","max-video-preview":"max-video-preview:-1"},"canonical":"https:\/\/hurghadalovers.com\/pt-pt\/tours\/aluguer-de-lanchas-rapidas-para-a-ilha-de-orange-bay-paradise-island-from-hurghada\/","og_locale":"pt_PT","og_type":"article","og_title":"Aluguer privado de lancha r\u00e1pida para Orange Bay e Paradise Island a partir de Hurghada","og_description":"Aluguer privado de lancha r\u00e1pida para Orange Bay e Paradise Island a partir de Hurghada com bilhetes, snorkeling e transfer | belas praias na ilha de Giftun...","og_url":"https:\/\/hurghadalovers.com\/pt-pt\/tours\/aluguer-de-lanchas-rapidas-para-a-ilha-de-orange-bay-paradise-island-from-hurghada\/","og_site_name":"Hurghada Excursions &amp; Day Trips | Booking Best Prices Tours","article_publisher":"https:\/\/www.facebook.com\/Hurghadaloversegypt","article_modified_time":"2026-02-09T08:53:52+00:00","og_image":[{"width":1156,"height":867,"url":"https:\/\/hurghadalovers.com\/wp-content\/uploads\/2023\/08\/Private-Speedboat-Rental-to-Orange-bay-Paradise-Island-from-Hurghada.jpeg","type":"image\/jpeg"}],"twitter_card":"summary_large_image","twitter_misc":{"pre\u00e7o":"&euro;&nbsp;230","Disponibilidade":"Em stock"},"schema":{"@context":"https:\/\/schema.org","@graph":[{"@type":["WebPage","ItemPage"],"@id":"https:\/\/hurghadalovers.com\/pt-pt\/tours\/aluguer-de-lanchas-rapidas-para-a-ilha-de-orange-bay-paradise-island-from-hurghada\/","url":"https:\/\/hurghadalovers.com\/pt-pt\/tours\/aluguer-de-lanchas-rapidas-para-a-ilha-de-orange-bay-paradise-island-from-hurghada\/","name":"Aluguer privado de lancha r\u00e1pida para Orange Bay e Paradise Island","isPartOf":{"@id":"https:\/\/hurghadalovers.com\/pt-pt\/#website"},"primaryImageOfPage":{"@id":"https:\/\/hurghadalovers.com\/pt-pt\/tours\/aluguer-de-lanchas-rapidas-para-a-ilha-de-orange-bay-paradise-island-from-hurghada\/#primaryimage"},"image":{"@id":"https:\/\/hurghadalovers.com\/pt-pt\/tours\/aluguer-de-lanchas-rapidas-para-a-ilha-de-orange-bay-paradise-island-from-hurghada\/#primaryimage"},"thumbnailUrl":"https:\/\/hurghadalovers.com\/wp-content\/uploads\/2023\/08\/Private-Speedboat-Rental-to-Orange-bay-Paradise-Island-from-Hurghada.jpeg","datePublished":"2023-08-16T10:41:10+00:00","dateModified":"2026-02-09T08:53:52+00:00","description":"Aluguer privado de lancha r\u00e1pida para Orange Bay e Paradise Island a partir de Hurghada com bilhetes, snorkeling e transfer | belas praias na ilha de Giftun...","breadcrumb":{"@id":"https:\/\/hurghadalovers.com\/pt-pt\/tours\/aluguer-de-lanchas-rapidas-para-a-ilha-de-orange-bay-paradise-island-from-hurghada\/#breadcrumb"},"inLanguage":"pt-PT","potentialAction":[{"@type":"ReadAction","target":["https:\/\/hurghadalovers.com\/pt-pt\/tours\/aluguer-de-lanchas-rapidas-para-a-ilha-de-orange-bay-paradise-island-from-hurghada\/"]}]},{"@type":"ImageObject","inLanguage":"pt-PT","@id":"https:\/\/hurghadalovers.com\/pt-pt\/tours\/aluguer-de-lanchas-rapidas-para-a-ilha-de-orange-bay-paradise-island-from-hurghada\/#primaryimage","url":"https:\/\/hurghadalovers.com\/wp-content\/uploads\/2023\/08\/Private-Speedboat-Rental-to-Orange-bay-Paradise-Island-from-Hurghada.jpeg","contentUrl":"https:\/\/hurghadalovers.com\/wp-content\/uploads\/2023\/08\/Private-Speedboat-Rental-to-Orange-bay-Paradise-Island-from-Hurghada.jpeg","width":1156,"height":867,"caption":"Aluguer privado de lancha r\u00e1pida para Orange Bay e Paradise Island a partir de Hurghada"},{"@type":"BreadcrumbList","@id":"https:\/\/hurghadalovers.com\/pt-pt\/tours\/aluguer-de-lanchas-rapidas-para-a-ilha-de-orange-bay-paradise-island-from-hurghada\/#breadcrumb","itemListElement":[{"@type":"ListItem","position":1,"name":"Home","item":"https:\/\/hurghadalovers.com\/pt-pt\/"},{"@type":"ListItem","position":2,"name":"Shop","item":"https:\/\/hurghadalovers.com\/shop\/"},{"@type":"ListItem","position":3,"name":"Aluguer privado de lancha r\u00e1pida para Orange Bay e Paradise Island a partir de Hurghada"}]},{"@type":"WebSite","@id":"https:\/\/hurghadalovers.com\/pt-pt\/#website","url":"https:\/\/hurghadalovers.com\/pt-pt\/","name":"Hurghada Excursions & Day Trips | Booking Best Prices Tours","description":"Hurghada Lovers - Best Tour Operator - Excursions &amp; Things to do for Family Day Trips with kids and Couples Romantic. Unique .Hidden gems","publisher":{"@id":"https:\/\/hurghadalovers.com\/pt-pt\/#organization"},"alternateName":"Hurghada Excursions","potentialAction":[{"@type":"SearchAction","target":{"@type":"EntryPoint","urlTemplate":"https:\/\/hurghadalovers.com\/pt-pt\/?s={search_term_string}"},"query-input":{"@type":"PropertyValueSpecification","valueRequired":true,"valueName":"search_term_string"}}],"inLanguage":"pt-PT"},{"@type":["Organization","Place","TravelAgency"],"@id":"https:\/\/hurghadalovers.com\/pt-pt\/#organization","name":"Hurghada Excursions","url":"https:\/\/hurghadalovers.com\/pt-pt\/","logo":{"@id":"https:\/\/hurghadalovers.com\/pt-pt\/tours\/aluguer-de-lanchas-rapidas-para-a-ilha-de-orange-bay-paradise-island-from-hurghada\/#local-main-organization-logo"},"image":{"@id":"https:\/\/hurghadalovers.com\/pt-pt\/tours\/aluguer-de-lanchas-rapidas-para-a-ilha-de-orange-bay-paradise-island-from-hurghada\/#local-main-organization-logo"},"sameAs":["https:\/\/www.facebook.com\/Hurghadaloversegypt"],"address":{"@id":"https:\/\/hurghadalovers.com\/pt-pt\/tours\/aluguer-de-lanchas-rapidas-para-a-ilha-de-orange-bay-paradise-island-from-hurghada\/#local-main-place-address"},"telephone":["00201112596434"],"contactPoint":{"@type":"ContactPoint","telephone":"00201112596434","email":"weyouface@gmail.com"},"openingHoursSpecification":{"@type":"OpeningHoursSpecification","dayOfWeek":["Monday","Tuesday","Wednesday","Thursday","Friday","Saturday","Sunday"],"opens":"00:00","closes":"23:59"},"email":"weyouface@gmail.com","areaServed":"Luxor, Hurghada, El Gouna, Aswan, Sharm El Sheikh, Giza, Alexandria, Marsa Alam, Quseir, Soma Bay, Sahl Hasheesh, Red Sea, Makadi Bay, Cairo","priceRange":"$","currenciesAccepted":"euro","paymentAccepted":"cash on site"},{"@type":"PostalAddress","@id":"https:\/\/hurghadalovers.com\/pt-pt\/tours\/aluguer-de-lanchas-rapidas-para-a-ilha-de-orange-bay-paradise-island-from-hurghada\/#local-main-place-address","streetAddress":"17 Banks street, Alkawther area, top nbk bank","addressLocality":"hurghada","postalCode":"84511","addressRegion":"red sea","addressCountry":"EG"},{"@type":"ImageObject","inLanguage":"pt-PT","@id":"https:\/\/hurghadalovers.com\/pt-pt\/tours\/aluguer-de-lanchas-rapidas-para-a-ilha-de-orange-bay-paradise-island-from-hurghada\/#local-main-organization-logo","url":"https:\/\/hurghadalovers.com\/wp-content\/uploads\/2019\/10\/hurghada-excursions-logo.png","contentUrl":"https:\/\/hurghadalovers.com\/wp-content\/uploads\/2019\/10\/hurghada-excursions-logo.png","width":272,"height":90,"caption":"Hurghada Excursions"}]},"product_brand":"Excurs\u00f5es Hurghada","product_price_amount":"230","product_price_currency":"EUR","og_availability":"instock","product_availability":"instock","product_condition":"new","geo.placename":"hurghada","geo.region":"Egipto"},"_links":{"self":[{"href":"https:\/\/hurghadalovers.com\/pt-pt\/wp-json\/wp\/v2\/product\/380914","targetHints":{"allow":["GET"]}}],"collection":[{"href":"https:\/\/hurghadalovers.com\/pt-pt\/wp-json\/wp\/v2\/product"}],"about":[{"href":"https:\/\/hurghadalovers.com\/pt-pt\/wp-json\/wp\/v2\/types\/product"}],"wp:featuredmedia":[{"embeddable":true,"href":"https:\/\/hurghadalovers.com\/pt-pt\/wp-json\/wp\/v2\/media\/380866"}],"wp:attachment":[{"href":"https:\/\/hurghadalovers.com\/pt-pt\/wp-json\/wp\/v2\/media?parent=380914"}],"wp:term":[{"taxonomy":"product_brand","embeddable":true,"href":"https:\/\/hurghadalovers.com\/pt-pt\/wp-json\/wp\/v2\/product_brand?post=380914"},{"taxonomy":"product_cat","embeddable":true,"href":"https:\/\/hurghadalovers.com\/pt-pt\/wp-json\/wp\/v2\/product_cat?post=380914"},{"taxonomy":"product_tag","embeddable":true,"href":"https:\/\/hurghadalovers.com\/pt-pt\/wp-json\/wp\/v2\/product_tag?post=380914"}],"curies":[{"name":"wp","href":"https:\/\/api.w.org\/{rel}","templated":true}]}}