{"id":379419,"date":"2023-08-12T07:27:32","date_gmt":"2023-08-12T07:34:22","guid":{"rendered":"https:\/\/hurghadalovers.com\/shop\/sem categoria\/excursao-privada-ao-cairo-a-partir-de-hurghada\/"},"modified":"2026-02-08T20:38:50","modified_gmt":"2026-02-08T20:38:50","slug":"excursao-privada-ao-cairo-a-partir-de-hurghada","status":"publish","type":"product","link":"https:\/\/hurghadalovers.com\/pt-pt\/tours\/excursao-privada-ao-cairo-a-partir-de-hurghada\/","title":{"rendered":"Excurs\u00e3o privada ao Cairo a partir de Hurghada"},"content":{"rendered":"<p><strong>Excurs\u00e3o privada ao Cairo a partir de Hurghada<\/strong> para visitar as Pir\u00e2mides de Giz\u00e9, Esfinge, Saqqara e Dahshur com guia privado, bilhetes e almo\u00e7o.<\/p>\n<p>Descubra a hist\u00f3ria da antiga civiliza\u00e7\u00e3o eg\u00edpcia, os segredos dos fara\u00f3s da Quarta Dinastia e como as pir\u00e2mides foram constru\u00eddas atrav\u00e9s de uma excurs\u00e3o de um dia \u00fanica e agrad\u00e1vel e muito mais connosco.<\/p>\n<p>&nbsp;<\/p>\n<p><strong>Destaques:<\/strong><\/p>\n<ul>\n<li>Visitar as Pir\u00e2mides de Giz\u00e9.<\/li>\n<li>Visitar a Grande Esfinge.<\/li>\n<li>Visita a Saqqara.<\/li>\n<li>Visitar Dahshur.<\/li>\n<li>Almo\u00e7o no restaurante.<\/li>\n<\/ul>\n<p><strong>Detalhes:<\/strong><\/p>\n<ul>\n<li>Disponibilidade da excurs\u00e3o: Todos os dias.<\/li>\n<li>Tipo de passeio: Privado em carro ou minivan.<\/li>\n<li>Hora de recolha: A partir das 02:30 A.M.<\/li>\n<li>Pedir ao hotel que receba o seu saco de pequeno-almo\u00e7o de manh\u00e3.<\/li>\n<li>Hora de recolha: 22:30.<\/li>\n<li>Acess\u00edvel a cadeiras de rodas.<\/li>\n<li>Dura\u00e7\u00e3o: 22 horas<\/li>\n<\/ul>\n<p><strong>Reserve agora e pague depois:<\/strong><\/p>\n<ul>\n<li>Dinheiro no local para guiar.<\/li>\n<li>Pagamento em libras eg\u00edpcias, $, \u20ac ou \u00a3.<\/li>\n<\/ul>\n<p><strong>Pol\u00edtica de cancelamento:<\/strong><\/p>\n<ul>\n<li>Cancelamento at\u00e9 24 horas de anteced\u00eancia.<\/li>\n<li>Quando algu\u00e9m da sua fam\u00edlia cancela a manh\u00e3, paga 50% do custo.<\/li>\n<\/ul>\n<p><strong>O que est\u00e1 inclu\u00eddo na excurs\u00e3o privada ao Cairo a partir de Hurghada?<\/strong><\/p>\n<ul>\n<li>Transfer dos hot\u00e9is de Hurghada &#8220;Hotel pick up and drop off&#8221;.<\/li>\n<li>Todos os impostos, taxas de entrada e despesas de manuseamento.<\/li>\n<li>Guia tur\u00edstico.<\/li>\n<li>Almo\u00e7o no restaurante.<\/li>\n<\/ul>\n<p><strong>Exclus\u00f5es?<\/strong><\/p>\n<ul>\n<li>Gorjetas.<\/li>\n<li>Bebidas.<\/li>\n<li>Passeio de Felucca &#8220;Cruzeiro de barco&#8221; Durante 35 min= 10$.<\/li>\n<li>Carruagem de cavalos na zona das pir\u00e2mides.<\/li>\n<li>Bilhete para entrar na Grande Pir\u00e2mide de Khufu.<\/li>\n<li>Quaisquer extras n\u00e3o mencionados.<\/li>\n<\/ul>\n<p><strong>Excurs\u00e3o privada ao Cairo a partir de Hurghada Pre\u00e7os:<\/strong><\/p>\n<ul>\n<li><strong>Pre\u00e7o adulto = <\/strong><strong>150$<\/strong><strong> por pessoa<\/strong>.<\/li>\n<li>Pre\u00e7o para crian\u00e7as &#8220;5-12\u2033= 50%.<\/li>\n<li>para crian\u00e7as &#8220;0-5\u2033= Gr\u00e1tis.<\/li>\n<\/ul>\n<p><strong>Coment\u00e1rios:<\/strong><\/p>\n<p>verifique o nosso Google Map Reviews como Melhor <a href=\"https:\/\/g.page\/r\/CUeYvkngP3wkEBM\/review\">Operador Tur\u00edstico em Hurghada<\/a> online em <a href=\"https:\/\/hurghadalovers.com\/\">Hurghada<\/a> Egipto.<\/p>\n<p>&nbsp;<\/p>\n<p><strong>Nota:  <\/strong><\/p>\n<p>Fazemos tamb\u00e9m excurs\u00f5es com transfer do seu hotel em El Goua, Ba\u00eda de Soma, Ba\u00eda de Makadi, Sahl Hasheesh, Safaga com um custo extra de 10$ por pessoa.<\/p>\n<p>&nbsp;<\/p>\n","protected":false},"excerpt":{"rendered":"<p>Excurs\u00e3o privada ao Cairo a partir de Hurghada para visitar as Pir\u00e2mides de Giz\u00e9, a Esfinge, Saqqara e Dahshur com guia privado, bilhetes e almo\u00e7o. Descobrir a hist\u00f3ria da antiga civiliza\u00e7\u00e3o eg\u00edpcia<\/p>\n","protected":false},"featured_media":936855,"template":"","meta":{"_joinchat":[]},"product_brand":[],"product_cat":[49770],"product_tag":[],"class_list":{"0":"post-379419","1":"product","2":"type-product","3":"status-publish","4":"has-post-thumbnail","6":"product_cat-excursoes","7":"tour_category-hurghada-to-cairo-trips-pt-pt","8":"tour_category-hurghada-excursions-pt-pt","10":"first","11":"instock","12":"sale","13":"shipping-taxable","14":"purchasable","15":"product-type-tour"},"yoast_head":"<!-- This site is optimized with the Yoast SEO Premium plugin v26.9 (Yoast SEO v27.2) - https:\/\/yoast.com\/product\/yoast-seo-premium-wordpress\/ -->\n<title>Excurs\u00e3o privada ao Cairo com partida de Hurghada para visitar as Pir\u00e2mides de Giz\u00e9 e Saqqara<\/title>\n<meta name=\"description\" content=\"Excurs\u00e3o privada ao Cairo a partir de Hurghada para visitar as Pir\u00e2mides de Giz\u00e9, a Esfinge, Saqqara e Dahshur com guia privado, bilhetes e almo\u00e7o. Hist\u00f3ria do Egipto antigo\" \/>\n<meta name=\"robots\" content=\"index, follow, max-snippet:-1, max-image-preview:large, max-video-preview:-1\" \/>\n<link rel=\"canonical\" href=\"https:\/\/hurghadalovers.com\/pt-pt\/tours\/excursao-privada-ao-cairo-a-partir-de-hurghada\/\" \/>\n<meta property=\"og:locale\" content=\"pt_PT\" \/>\n<meta property=\"og:type\" content=\"article\" \/>\n<meta property=\"og:title\" content=\"Excurs\u00e3o privada ao Cairo a partir de Hurghada\" \/>\n<meta property=\"og:description\" content=\"Excurs\u00e3o privada ao Cairo a partir de Hurghada para visitar as Pir\u00e2mides de Giz\u00e9, a Esfinge, Saqqara e Dahshur com guia privado, bilhetes e almo\u00e7o. Hist\u00f3ria do Egipto antigo\" \/>\n<meta property=\"og:url\" content=\"https:\/\/hurghadalovers.com\/pt-pt\/tours\/excursao-privada-ao-cairo-a-partir-de-hurghada\/\" \/>\n<meta property=\"og:site_name\" content=\"Hurghada Excursions &amp; Day Trips | Booking Best Prices Tours\" \/>\n<meta property=\"article:publisher\" content=\"https:\/\/www.facebook.com\/Hurghadaloversegypt\" \/>\n<meta property=\"article:modified_time\" content=\"2026-02-08T20:38:50+00:00\" \/>\n<meta property=\"og:image\" content=\"https:\/\/hurghadalovers.com\/wp-content\/uploads\/2023\/08\/cairo-private-tours.jpg\" \/>\n\t<meta property=\"og:image:width\" content=\"900\" \/>\n\t<meta property=\"og:image:height\" content=\"1200\" \/>\n\t<meta property=\"og:image:type\" content=\"image\/jpeg\" \/>\n<meta name=\"twitter:card\" content=\"summary_large_image\" \/>\n<meta name=\"twitter:label1\" content=\"pre\u00e7o\" \/>\n\t<meta name=\"twitter:data1\" content=\"&euro;&nbsp;175\" \/>\n\t<meta name=\"twitter:label2\" content=\"Disponibilidade\" \/>\n\t<meta name=\"twitter:data2\" content=\"Em stock\" \/>\n<script type=\"application\/ld+json\" class=\"yoast-schema-graph\">{\"@context\":\"https:\/\/schema.org\",\"@graph\":[{\"@type\":[\"WebPage\",\"ItemPage\"],\"@id\":\"https:\/\/hurghadalovers.com\/pt-pt\/tours\/excursao-privada-ao-cairo-a-partir-de-hurghada\/\",\"url\":\"https:\/\/hurghadalovers.com\/pt-pt\/tours\/excursao-privada-ao-cairo-a-partir-de-hurghada\/\",\"name\":\"Excurs\u00e3o privada ao Cairo com partida de Hurghada para visitar as Pir\u00e2mides de Giz\u00e9 e Saqqara\",\"isPartOf\":{\"@id\":\"https:\/\/hurghadalovers.com\/pt-pt\/#website\"},\"primaryImageOfPage\":{\"@id\":\"https:\/\/hurghadalovers.com\/pt-pt\/tours\/excursao-privada-ao-cairo-a-partir-de-hurghada\/#primaryimage\"},\"image\":{\"@id\":\"https:\/\/hurghadalovers.com\/pt-pt\/tours\/excursao-privada-ao-cairo-a-partir-de-hurghada\/#primaryimage\"},\"thumbnailUrl\":\"https:\/\/hurghadalovers.com\/wp-content\/uploads\/2023\/08\/cairo-private-tours.jpg\",\"datePublished\":\"2023-08-12T07:34:22+00:00\",\"dateModified\":\"2026-02-08T20:38:50+00:00\",\"description\":\"Excurs\u00e3o privada ao Cairo a partir de Hurghada para visitar as Pir\u00e2mides de Giz\u00e9, a Esfinge, Saqqara e Dahshur com guia privado, bilhetes e almo\u00e7o. Hist\u00f3ria do Egipto antigo\",\"breadcrumb\":{\"@id\":\"https:\/\/hurghadalovers.com\/pt-pt\/tours\/excursao-privada-ao-cairo-a-partir-de-hurghada\/#breadcrumb\"},\"inLanguage\":\"pt-PT\",\"potentialAction\":[{\"@type\":\"ReadAction\",\"target\":[\"https:\/\/hurghadalovers.com\/pt-pt\/tours\/excursao-privada-ao-cairo-a-partir-de-hurghada\/\"]}]},{\"@type\":\"ImageObject\",\"inLanguage\":\"pt-PT\",\"@id\":\"https:\/\/hurghadalovers.com\/pt-pt\/tours\/excursao-privada-ao-cairo-a-partir-de-hurghada\/#primaryimage\",\"url\":\"https:\/\/hurghadalovers.com\/wp-content\/uploads\/2023\/08\/cairo-private-tours.jpg\",\"contentUrl\":\"https:\/\/hurghadalovers.com\/wp-content\/uploads\/2023\/08\/cairo-private-tours.jpg\",\"width\":900,\"height\":1200,\"caption\":\"cairo-private-tours\"},{\"@type\":\"BreadcrumbList\",\"@id\":\"https:\/\/hurghadalovers.com\/pt-pt\/tours\/excursao-privada-ao-cairo-a-partir-de-hurghada\/#breadcrumb\",\"itemListElement\":[{\"@type\":\"ListItem\",\"position\":1,\"name\":\"Home\",\"item\":\"https:\/\/hurghadalovers.com\/pt-pt\/\"},{\"@type\":\"ListItem\",\"position\":2,\"name\":\"Shop\",\"item\":\"https:\/\/hurghadalovers.com\/shop\/\"},{\"@type\":\"ListItem\",\"position\":3,\"name\":\"Excurs\u00e3o privada ao Cairo a partir de Hurghada\"}]},{\"@type\":\"WebSite\",\"@id\":\"https:\/\/hurghadalovers.com\/pt-pt\/#website\",\"url\":\"https:\/\/hurghadalovers.com\/pt-pt\/\",\"name\":\"Hurghada Excursions & Day Trips | Booking Best Prices Tours\",\"description\":\"Hurghada Lovers - Best Tour Operator - Excursions &amp; Things to do for Family Day Trips with kids and Couples Romantic. Unique .Hidden gems\",\"publisher\":{\"@id\":\"https:\/\/hurghadalovers.com\/pt-pt\/#organization\"},\"alternateName\":\"Hurghada Excursions\",\"potentialAction\":[{\"@type\":\"SearchAction\",\"target\":{\"@type\":\"EntryPoint\",\"urlTemplate\":\"https:\/\/hurghadalovers.com\/pt-pt\/?s={search_term_string}\"},\"query-input\":{\"@type\":\"PropertyValueSpecification\",\"valueRequired\":true,\"valueName\":\"search_term_string\"}}],\"inLanguage\":\"pt-PT\"},{\"@type\":[\"Organization\",\"Place\",\"TravelAgency\"],\"@id\":\"https:\/\/hurghadalovers.com\/pt-pt\/#organization\",\"name\":\"Hurghada Excursions\",\"url\":\"https:\/\/hurghadalovers.com\/pt-pt\/\",\"logo\":{\"@id\":\"https:\/\/hurghadalovers.com\/pt-pt\/tours\/excursao-privada-ao-cairo-a-partir-de-hurghada\/#local-main-organization-logo\"},\"image\":{\"@id\":\"https:\/\/hurghadalovers.com\/pt-pt\/tours\/excursao-privada-ao-cairo-a-partir-de-hurghada\/#local-main-organization-logo\"},\"sameAs\":[\"https:\/\/www.facebook.com\/Hurghadaloversegypt\"],\"address\":{\"@id\":\"https:\/\/hurghadalovers.com\/pt-pt\/tours\/excursao-privada-ao-cairo-a-partir-de-hurghada\/#local-main-place-address\"},\"telephone\":[\"00201112596434\"],\"contactPoint\":{\"@type\":\"ContactPoint\",\"telephone\":\"00201112596434\",\"email\":\"weyouface@gmail.com\"},\"openingHoursSpecification\":{\"@type\":\"OpeningHoursSpecification\",\"dayOfWeek\":[\"Monday\",\"Tuesday\",\"Wednesday\",\"Thursday\",\"Friday\",\"Saturday\",\"Sunday\"],\"opens\":\"00:00\",\"closes\":\"23:59\"},\"email\":\"weyouface@gmail.com\",\"areaServed\":\"Luxor, Hurghada, El Gouna, Aswan, Sharm El Sheikh, Giza, Alexandria, Marsa Alam, Quseir, Soma Bay, Sahl Hasheesh, Red Sea, Makadi Bay, Cairo\",\"priceRange\":\"$\",\"currenciesAccepted\":\"euro\",\"paymentAccepted\":\"cash on site\"},{\"@type\":\"PostalAddress\",\"@id\":\"https:\/\/hurghadalovers.com\/pt-pt\/tours\/excursao-privada-ao-cairo-a-partir-de-hurghada\/#local-main-place-address\",\"streetAddress\":\"17 Banks street, Alkawther area, top nbk bank\",\"addressLocality\":\"hurghada\",\"postalCode\":\"84511\",\"addressRegion\":\"red sea\",\"addressCountry\":\"EG\"},{\"@type\":\"ImageObject\",\"inLanguage\":\"pt-PT\",\"@id\":\"https:\/\/hurghadalovers.com\/pt-pt\/tours\/excursao-privada-ao-cairo-a-partir-de-hurghada\/#local-main-organization-logo\",\"url\":\"https:\/\/hurghadalovers.com\/wp-content\/uploads\/2019\/10\/hurghada-excursions-logo.png\",\"contentUrl\":\"https:\/\/hurghadalovers.com\/wp-content\/uploads\/2019\/10\/hurghada-excursions-logo.png\",\"width\":272,\"height\":90,\"caption\":\"Hurghada Excursions\"}]}<\/script>\n<meta property=\"product:brand\" content=\"Excurs\u00e3o \u00e0s Pir\u00e2mides De Hurghada\" \/>\n<meta property=\"product:price:amount\" content=\"175\" \/>\n<meta property=\"product:price:currency\" content=\"EUR\" \/>\n<meta property=\"og:availability\" content=\"instock\" \/>\n<meta property=\"product:availability\" content=\"instock\" \/>\n<meta property=\"product:retailer_item_id\" content=\"Private01022\" \/>\n<meta property=\"product:condition\" content=\"new\" \/>\n<meta name=\"geo.placename\" content=\"hurghada\" \/>\n<meta name=\"geo.region\" content=\"Egipto\" \/>\n<!-- \/ Yoast SEO Premium plugin. -->","yoast_head_json":{"title":"Excurs\u00e3o privada ao Cairo com partida de Hurghada para visitar as Pir\u00e2mides de Giz\u00e9 e Saqqara","description":"Excurs\u00e3o privada ao Cairo a partir de Hurghada para visitar as Pir\u00e2mides de Giz\u00e9, a Esfinge, Saqqara e Dahshur com guia privado, bilhetes e almo\u00e7o. Hist\u00f3ria do Egipto antigo","robots":{"index":"index","follow":"follow","max-snippet":"max-snippet:-1","max-image-preview":"max-image-preview:large","max-video-preview":"max-video-preview:-1"},"canonical":"https:\/\/hurghadalovers.com\/pt-pt\/tours\/excursao-privada-ao-cairo-a-partir-de-hurghada\/","og_locale":"pt_PT","og_type":"article","og_title":"Excurs\u00e3o privada ao Cairo a partir de Hurghada","og_description":"Excurs\u00e3o privada ao Cairo a partir de Hurghada para visitar as Pir\u00e2mides de Giz\u00e9, a Esfinge, Saqqara e Dahshur com guia privado, bilhetes e almo\u00e7o. Hist\u00f3ria do Egipto antigo","og_url":"https:\/\/hurghadalovers.com\/pt-pt\/tours\/excursao-privada-ao-cairo-a-partir-de-hurghada\/","og_site_name":"Hurghada Excursions &amp; Day Trips | Booking Best Prices Tours","article_publisher":"https:\/\/www.facebook.com\/Hurghadaloversegypt","article_modified_time":"2026-02-08T20:38:50+00:00","og_image":[{"width":900,"height":1200,"url":"https:\/\/hurghadalovers.com\/wp-content\/uploads\/2023\/08\/cairo-private-tours.jpg","type":"image\/jpeg"}],"twitter_card":"summary_large_image","twitter_misc":{"pre\u00e7o":"&euro;&nbsp;175","Disponibilidade":"Em stock"},"schema":{"@context":"https:\/\/schema.org","@graph":[{"@type":["WebPage","ItemPage"],"@id":"https:\/\/hurghadalovers.com\/pt-pt\/tours\/excursao-privada-ao-cairo-a-partir-de-hurghada\/","url":"https:\/\/hurghadalovers.com\/pt-pt\/tours\/excursao-privada-ao-cairo-a-partir-de-hurghada\/","name":"Excurs\u00e3o privada ao Cairo com partida de Hurghada para visitar as Pir\u00e2mides de Giz\u00e9 e Saqqara","isPartOf":{"@id":"https:\/\/hurghadalovers.com\/pt-pt\/#website"},"primaryImageOfPage":{"@id":"https:\/\/hurghadalovers.com\/pt-pt\/tours\/excursao-privada-ao-cairo-a-partir-de-hurghada\/#primaryimage"},"image":{"@id":"https:\/\/hurghadalovers.com\/pt-pt\/tours\/excursao-privada-ao-cairo-a-partir-de-hurghada\/#primaryimage"},"thumbnailUrl":"https:\/\/hurghadalovers.com\/wp-content\/uploads\/2023\/08\/cairo-private-tours.jpg","datePublished":"2023-08-12T07:34:22+00:00","dateModified":"2026-02-08T20:38:50+00:00","description":"Excurs\u00e3o privada ao Cairo a partir de Hurghada para visitar as Pir\u00e2mides de Giz\u00e9, a Esfinge, Saqqara e Dahshur com guia privado, bilhetes e almo\u00e7o. Hist\u00f3ria do Egipto antigo","breadcrumb":{"@id":"https:\/\/hurghadalovers.com\/pt-pt\/tours\/excursao-privada-ao-cairo-a-partir-de-hurghada\/#breadcrumb"},"inLanguage":"pt-PT","potentialAction":[{"@type":"ReadAction","target":["https:\/\/hurghadalovers.com\/pt-pt\/tours\/excursao-privada-ao-cairo-a-partir-de-hurghada\/"]}]},{"@type":"ImageObject","inLanguage":"pt-PT","@id":"https:\/\/hurghadalovers.com\/pt-pt\/tours\/excursao-privada-ao-cairo-a-partir-de-hurghada\/#primaryimage","url":"https:\/\/hurghadalovers.com\/wp-content\/uploads\/2023\/08\/cairo-private-tours.jpg","contentUrl":"https:\/\/hurghadalovers.com\/wp-content\/uploads\/2023\/08\/cairo-private-tours.jpg","width":900,"height":1200,"caption":"cairo-private-tours"},{"@type":"BreadcrumbList","@id":"https:\/\/hurghadalovers.com\/pt-pt\/tours\/excursao-privada-ao-cairo-a-partir-de-hurghada\/#breadcrumb","itemListElement":[{"@type":"ListItem","position":1,"name":"Home","item":"https:\/\/hurghadalovers.com\/pt-pt\/"},{"@type":"ListItem","position":2,"name":"Shop","item":"https:\/\/hurghadalovers.com\/shop\/"},{"@type":"ListItem","position":3,"name":"Excurs\u00e3o privada ao Cairo a partir de Hurghada"}]},{"@type":"WebSite","@id":"https:\/\/hurghadalovers.com\/pt-pt\/#website","url":"https:\/\/hurghadalovers.com\/pt-pt\/","name":"Hurghada Excursions & Day Trips | Booking Best Prices Tours","description":"Hurghada Lovers - Best Tour Operator - Excursions &amp; Things to do for Family Day Trips with kids and Couples Romantic. Unique .Hidden gems","publisher":{"@id":"https:\/\/hurghadalovers.com\/pt-pt\/#organization"},"alternateName":"Hurghada Excursions","potentialAction":[{"@type":"SearchAction","target":{"@type":"EntryPoint","urlTemplate":"https:\/\/hurghadalovers.com\/pt-pt\/?s={search_term_string}"},"query-input":{"@type":"PropertyValueSpecification","valueRequired":true,"valueName":"search_term_string"}}],"inLanguage":"pt-PT"},{"@type":["Organization","Place","TravelAgency"],"@id":"https:\/\/hurghadalovers.com\/pt-pt\/#organization","name":"Hurghada Excursions","url":"https:\/\/hurghadalovers.com\/pt-pt\/","logo":{"@id":"https:\/\/hurghadalovers.com\/pt-pt\/tours\/excursao-privada-ao-cairo-a-partir-de-hurghada\/#local-main-organization-logo"},"image":{"@id":"https:\/\/hurghadalovers.com\/pt-pt\/tours\/excursao-privada-ao-cairo-a-partir-de-hurghada\/#local-main-organization-logo"},"sameAs":["https:\/\/www.facebook.com\/Hurghadaloversegypt"],"address":{"@id":"https:\/\/hurghadalovers.com\/pt-pt\/tours\/excursao-privada-ao-cairo-a-partir-de-hurghada\/#local-main-place-address"},"telephone":["00201112596434"],"contactPoint":{"@type":"ContactPoint","telephone":"00201112596434","email":"weyouface@gmail.com"},"openingHoursSpecification":{"@type":"OpeningHoursSpecification","dayOfWeek":["Monday","Tuesday","Wednesday","Thursday","Friday","Saturday","Sunday"],"opens":"00:00","closes":"23:59"},"email":"weyouface@gmail.com","areaServed":"Luxor, Hurghada, El Gouna, Aswan, Sharm El Sheikh, Giza, Alexandria, Marsa Alam, Quseir, Soma Bay, Sahl Hasheesh, Red Sea, Makadi Bay, Cairo","priceRange":"$","currenciesAccepted":"euro","paymentAccepted":"cash on site"},{"@type":"PostalAddress","@id":"https:\/\/hurghadalovers.com\/pt-pt\/tours\/excursao-privada-ao-cairo-a-partir-de-hurghada\/#local-main-place-address","streetAddress":"17 Banks street, Alkawther area, top nbk bank","addressLocality":"hurghada","postalCode":"84511","addressRegion":"red sea","addressCountry":"EG"},{"@type":"ImageObject","inLanguage":"pt-PT","@id":"https:\/\/hurghadalovers.com\/pt-pt\/tours\/excursao-privada-ao-cairo-a-partir-de-hurghada\/#local-main-organization-logo","url":"https:\/\/hurghadalovers.com\/wp-content\/uploads\/2019\/10\/hurghada-excursions-logo.png","contentUrl":"https:\/\/hurghadalovers.com\/wp-content\/uploads\/2019\/10\/hurghada-excursions-logo.png","width":272,"height":90,"caption":"Hurghada Excursions"}]},"product_brand":"Excurs\u00e3o \u00e0s Pir\u00e2mides De Hurghada","product_price_amount":"175","product_price_currency":"EUR","og_availability":"instock","product_availability":"instock","product_retailer_item_id":"Private01022","product_condition":"new","geo.placename":"hurghada","geo.region":"Egipto"},"_links":{"self":[{"href":"https:\/\/hurghadalovers.com\/pt-pt\/wp-json\/wp\/v2\/product\/379419","targetHints":{"allow":["GET"]}}],"collection":[{"href":"https:\/\/hurghadalovers.com\/pt-pt\/wp-json\/wp\/v2\/product"}],"about":[{"href":"https:\/\/hurghadalovers.com\/pt-pt\/wp-json\/wp\/v2\/types\/product"}],"wp:featuredmedia":[{"embeddable":true,"href":"https:\/\/hurghadalovers.com\/pt-pt\/wp-json\/wp\/v2\/media\/936855"}],"wp:attachment":[{"href":"https:\/\/hurghadalovers.com\/pt-pt\/wp-json\/wp\/v2\/media?parent=379419"}],"wp:term":[{"taxonomy":"product_brand","embeddable":true,"href":"https:\/\/hurghadalovers.com\/pt-pt\/wp-json\/wp\/v2\/product_brand?post=379419"},{"taxonomy":"product_cat","embeddable":true,"href":"https:\/\/hurghadalovers.com\/pt-pt\/wp-json\/wp\/v2\/product_cat?post=379419"},{"taxonomy":"product_tag","embeddable":true,"href":"https:\/\/hurghadalovers.com\/pt-pt\/wp-json\/wp\/v2\/product_tag?post=379419"}],"curies":[{"name":"wp","href":"https:\/\/api.w.org\/{rel}","templated":true}]}}