{"id":336796,"date":"2023-07-15T17:26:38","date_gmt":"2023-07-16T07:38:42","guid":{"rendered":"https:\/\/hurghadalovers.com\/shop\/sem categoria\/lancha-privada-para-a-dolphin-house-a-partir-de-hurghada\/"},"modified":"2026-02-09T16:58:41","modified_gmt":"2026-02-09T16:58:41","slug":"lancha-rapida-privada-para-a-casa-dos-golfinhos-a-partir-de-hurghada","status":"publish","type":"product","link":"https:\/\/hurghadalovers.com\/pt-pt\/tours\/lancha-rapida-privada-para-a-casa-dos-golfinhos-a-partir-de-hurghada\/","title":{"rendered":"Lancha privada para a Dolphin House a partir de Hurghada"},"content":{"rendered":"<p><strong>Lancha privada para a Dolphin House a partir de Hurghada<\/strong><\/p>\n<p>Reserva de 4 horas de observa\u00e7\u00e3o de golfinhos e nata\u00e7\u00e3o com golfinhos + 2 pontos de snorkeling.<\/p>\n<h4><strong>Destaques:<\/strong><\/h4>\n<ul>\n<li>Lancha r\u00e1pida.<\/li>\n<li>Transfer privado.<\/li>\n<li>Equipamento de snorkeling.<\/li>\n<li>\u00c1gua, refrigerantes.<\/li>\n<li>Locais Snorkeling House Reef.<\/li>\n<li>Dolphin House &amp; Nadar com golfinhos.<\/li>\n<\/ul>\n<h4><strong>Detalhes:<\/strong><\/h4>\n<ul>\n<li>Disponibilidade: Todos os dias.<\/li>\n<li>Acess\u00edvel a cadeiras de rodas.<\/li>\n<li>Dura\u00e7\u00e3o: 04 horas<\/li>\n<li>Hora de recolha nos hot\u00e9is de Hurghada: a partir das 07:30 A.M. ou como preferir.<\/li>\n<li>Hora de partida para o hotel em Hurghada: 18:00 ou como preferir.<\/li>\n<\/ul>\n<h3><strong>Reserve agora e pague depois:<\/strong><\/h3>\n<p>Dinheiro no local para o Sr. Tamer&#8221; ou pode marcar uma hora de reuni\u00e3o no hotel&#8221;.<\/p>\n<p>Pagamento em libras eg\u00edpcias, d\u00f3lares, euros ou libras esterlinas.<\/p>\n<p>&nbsp;<\/p>\n<h3><strong>Pol\u00edtica de cancelamento:<\/strong><\/h3>\n<p>Cancelamento at\u00e9 24 horas de anteced\u00eancia.<\/p>\n<p>&nbsp;<\/p>\n<h4><strong>Inclus\u00f5es &#8211; O que est\u00e1 inclu\u00eddo na lancha r\u00e1pida privada para a Dolphin House?<\/strong><\/h4>\n<ol>\n<li>Transfer privado dos hot\u00e9is de Hurghada &#8220;Hotel pick up and drop off&#8221;.<\/li>\n<li>Guia de Snorkel.<\/li>\n<li>Todos os impostos, taxas de entrada e despesas de manuseamento.<\/li>\n<li>\u00c1gua mineral + Cola + Leite + Caf\u00e9\/Ta\u00e7a.<\/li>\n<li>  2 -3 Pontos de mergulho.<\/li>\n<li>Equipamento de snorkeling &#8220;M\u00e1scaras, coletes salva-vidas e barbatanas de nata\u00e7\u00e3o&#8221;.<\/li>\n<\/ol>\n<h4><strong>Exclus\u00f5es &#8211; Aluguer de lanchas r\u00e1pidas a partir de Hurghada inclu\u00eddo?<\/strong><\/h4>\n<ul>\n<li>Gorjeta &#8220;Gratuidade do guia&#8221;.<\/li>\n<li>Bebidas no restaurante The Paradise Island Island.<\/li>\n<li>Comida e almo\u00e7o &#8221; pode acrescentar extras a seu gosto&#8221;<\/li>\n<li>Fotografia para a viagem ou pode cancelar o homem da fotografia com a viagem.<\/li>\n<li>Oferecemos o aluguer de fatos de banho e fatos de banho para mulheres, homens e crian\u00e7as de todos os tamanhos&#8221; 5$ por um&#8221;.<\/li>\n<\/ul>\n<h3><strong>Lancha privada para a Dolphin House a partir de Hurghada Pre\u00e7os:<\/strong><\/h3>\n<p><strong>4 horas = 200$<\/strong><\/p>\n<p>&nbsp;<\/p>\n","protected":false},"excerpt":{"rendered":"<p>Lancha privada para a Dolphin House a partir de Hurghada | Reserva 4 horas de observa\u00e7\u00e3o de golfinhos e nata\u00e7\u00e3o com golfinhos + 2 pontos de snorkeling com transfer&#8230;<\/p>\n","protected":false},"featured_media":995802,"template":"","meta":{"_joinchat":[]},"product_brand":[],"product_cat":[49770],"product_tag":[],"class_list":{"0":"post-336796","1":"product","2":"type-product","3":"status-publish","4":"has-post-thumbnail","6":"product_cat-excursoes","7":"tour_category-hurghada-excursions-pt-pt","8":"tour_category-hurghada-snorkeling-trips-pt-pt","10":"first","11":"instock","12":"sale","13":"shipping-taxable","14":"purchasable","15":"product-type-tour"},"yoast_head":"<!-- This site is optimized with the Yoast SEO Premium plugin v26.9 (Yoast SEO v27.2) - https:\/\/yoast.com\/product\/yoast-seo-premium-wordpress\/ -->\n<title>Lancha privada para a Dolphin House a partir de Hurghada<\/title>\n<meta name=\"description\" content=\"Lancha privada para a Dolphin House a partir de Hurghada | Reserva 4 horas de observa\u00e7\u00e3o de golfinhos e nata\u00e7\u00e3o com golfinhos + 2 pontos de snorkeling com transfer...\" \/>\n<meta name=\"robots\" content=\"index, follow, max-snippet:-1, max-image-preview:large, max-video-preview:-1\" \/>\n<link rel=\"canonical\" href=\"https:\/\/hurghadalovers.com\/pt-pt\/tours\/lancha-rapida-privada-para-a-casa-dos-golfinhos-a-partir-de-hurghada\/\" \/>\n<meta property=\"og:locale\" content=\"pt_PT\" \/>\n<meta property=\"og:type\" content=\"article\" \/>\n<meta property=\"og:title\" content=\"Lancha privada para a Dolphin House a partir de Hurghada\" \/>\n<meta property=\"og:description\" content=\"Lancha privada para a Dolphin House a partir de Hurghada | Reserva 4 horas de observa\u00e7\u00e3o de golfinhos e nata\u00e7\u00e3o com golfinhos + 2 pontos de snorkeling com transfer...\" \/>\n<meta property=\"og:url\" content=\"https:\/\/hurghadalovers.com\/pt-pt\/tours\/lancha-rapida-privada-para-a-casa-dos-golfinhos-a-partir-de-hurghada\/\" \/>\n<meta property=\"og:site_name\" content=\"Hurghada Excursions &amp; Day Trips | Booking Best Prices Tours\" \/>\n<meta property=\"article:publisher\" content=\"https:\/\/www.facebook.com\/Hurghadaloversegypt\" \/>\n<meta property=\"article:modified_time\" content=\"2026-02-09T16:58:41+00:00\" \/>\n<meta property=\"og:image\" content=\"https:\/\/hurghadalovers.com\/wp-content\/uploads\/2023\/07\/Green-Turtles-Abu-Dabbab-Marsa-aLam.jpg\" \/>\n\t<meta property=\"og:image:width\" content=\"1111\" \/>\n\t<meta property=\"og:image:height\" content=\"940\" \/>\n\t<meta property=\"og:image:type\" content=\"image\/jpeg\" \/>\n<meta name=\"twitter:card\" content=\"summary_large_image\" \/>\n<meta name=\"twitter:label1\" content=\"pre\u00e7o\" \/>\n\t<meta name=\"twitter:data1\" content=\"&euro;&nbsp;80\" \/>\n\t<meta name=\"twitter:label2\" content=\"Disponibilidade\" \/>\n\t<meta name=\"twitter:data2\" content=\"Em stock\" \/>\n<script type=\"application\/ld+json\" class=\"yoast-schema-graph\">{\"@context\":\"https:\/\/schema.org\",\"@graph\":[{\"@type\":[\"WebPage\",\"ItemPage\"],\"@id\":\"https:\/\/hurghadalovers.com\/pt-pt\/tours\/lancha-rapida-privada-para-a-casa-dos-golfinhos-a-partir-de-hurghada\/\",\"url\":\"https:\/\/hurghadalovers.com\/pt-pt\/tours\/lancha-rapida-privada-para-a-casa-dos-golfinhos-a-partir-de-hurghada\/\",\"name\":\"Lancha privada para a Dolphin House a partir de Hurghada\",\"isPartOf\":{\"@id\":\"https:\/\/hurghadalovers.com\/pt-pt\/#website\"},\"primaryImageOfPage\":{\"@id\":\"https:\/\/hurghadalovers.com\/pt-pt\/tours\/lancha-rapida-privada-para-a-casa-dos-golfinhos-a-partir-de-hurghada\/#primaryimage\"},\"image\":{\"@id\":\"https:\/\/hurghadalovers.com\/pt-pt\/tours\/lancha-rapida-privada-para-a-casa-dos-golfinhos-a-partir-de-hurghada\/#primaryimage\"},\"thumbnailUrl\":\"https:\/\/hurghadalovers.com\/wp-content\/uploads\/2023\/07\/Green-Turtles-Abu-Dabbab-Marsa-aLam.jpg\",\"datePublished\":\"2023-07-16T07:38:42+00:00\",\"dateModified\":\"2026-02-09T16:58:41+00:00\",\"description\":\"Lancha privada para a Dolphin House a partir de Hurghada | Reserva 4 horas de observa\u00e7\u00e3o de golfinhos e nata\u00e7\u00e3o com golfinhos + 2 pontos de snorkeling com transfer...\",\"breadcrumb\":{\"@id\":\"https:\/\/hurghadalovers.com\/pt-pt\/tours\/lancha-rapida-privada-para-a-casa-dos-golfinhos-a-partir-de-hurghada\/#breadcrumb\"},\"inLanguage\":\"pt-PT\",\"potentialAction\":[{\"@type\":\"ReadAction\",\"target\":[\"https:\/\/hurghadalovers.com\/pt-pt\/tours\/lancha-rapida-privada-para-a-casa-dos-golfinhos-a-partir-de-hurghada\/\"]}]},{\"@type\":\"ImageObject\",\"inLanguage\":\"pt-PT\",\"@id\":\"https:\/\/hurghadalovers.com\/pt-pt\/tours\/lancha-rapida-privada-para-a-casa-dos-golfinhos-a-partir-de-hurghada\/#primaryimage\",\"url\":\"https:\/\/hurghadalovers.com\/wp-content\/uploads\/2023\/07\/Green-Turtles-Abu-Dabbab-Marsa-aLam.jpg\",\"contentUrl\":\"https:\/\/hurghadalovers.com\/wp-content\/uploads\/2023\/07\/Green-Turtles-Abu-Dabbab-Marsa-aLam.jpg\",\"width\":1111,\"height\":940,\"caption\":\"Green Turtles Abu Dabbab Marsa aLam\"},{\"@type\":\"BreadcrumbList\",\"@id\":\"https:\/\/hurghadalovers.com\/pt-pt\/tours\/lancha-rapida-privada-para-a-casa-dos-golfinhos-a-partir-de-hurghada\/#breadcrumb\",\"itemListElement\":[{\"@type\":\"ListItem\",\"position\":1,\"name\":\"Home\",\"item\":\"https:\/\/hurghadalovers.com\/pt-pt\/\"},{\"@type\":\"ListItem\",\"position\":2,\"name\":\"Shop\",\"item\":\"https:\/\/hurghadalovers.com\/shop\/\"},{\"@type\":\"ListItem\",\"position\":3,\"name\":\"Lancha privada para a Dolphin House a partir de Hurghada\"}]},{\"@type\":\"WebSite\",\"@id\":\"https:\/\/hurghadalovers.com\/pt-pt\/#website\",\"url\":\"https:\/\/hurghadalovers.com\/pt-pt\/\",\"name\":\"Hurghada Excursions & Day Trips | Booking Best Prices Tours\",\"description\":\"Hurghada Lovers - Best Tour Operator - Excursions &amp; Things to do for Family Day Trips with kids and Couples Romantic. Unique .Hidden gems\",\"publisher\":{\"@id\":\"https:\/\/hurghadalovers.com\/pt-pt\/#organization\"},\"alternateName\":\"Hurghada Excursions\",\"potentialAction\":[{\"@type\":\"SearchAction\",\"target\":{\"@type\":\"EntryPoint\",\"urlTemplate\":\"https:\/\/hurghadalovers.com\/pt-pt\/?s={search_term_string}\"},\"query-input\":{\"@type\":\"PropertyValueSpecification\",\"valueRequired\":true,\"valueName\":\"search_term_string\"}}],\"inLanguage\":\"pt-PT\"},{\"@type\":[\"Organization\",\"Place\",\"TravelAgency\"],\"@id\":\"https:\/\/hurghadalovers.com\/pt-pt\/#organization\",\"name\":\"Hurghada Excursions\",\"url\":\"https:\/\/hurghadalovers.com\/pt-pt\/\",\"logo\":{\"@id\":\"https:\/\/hurghadalovers.com\/pt-pt\/tours\/lancha-rapida-privada-para-a-casa-dos-golfinhos-a-partir-de-hurghada\/#local-main-organization-logo\"},\"image\":{\"@id\":\"https:\/\/hurghadalovers.com\/pt-pt\/tours\/lancha-rapida-privada-para-a-casa-dos-golfinhos-a-partir-de-hurghada\/#local-main-organization-logo\"},\"sameAs\":[\"https:\/\/www.facebook.com\/Hurghadaloversegypt\"],\"address\":{\"@id\":\"https:\/\/hurghadalovers.com\/pt-pt\/tours\/lancha-rapida-privada-para-a-casa-dos-golfinhos-a-partir-de-hurghada\/#local-main-place-address\"},\"telephone\":[\"00201112596434\"],\"contactPoint\":{\"@type\":\"ContactPoint\",\"telephone\":\"00201112596434\",\"email\":\"weyouface@gmail.com\"},\"openingHoursSpecification\":{\"@type\":\"OpeningHoursSpecification\",\"dayOfWeek\":[\"Monday\",\"Tuesday\",\"Wednesday\",\"Thursday\",\"Friday\",\"Saturday\",\"Sunday\"],\"opens\":\"00:00\",\"closes\":\"23:59\"},\"email\":\"weyouface@gmail.com\",\"areaServed\":\"Luxor, Hurghada, El Gouna, Aswan, Sharm El Sheikh, Giza, Alexandria, Marsa Alam, Quseir, Soma Bay, Sahl Hasheesh, Red Sea, Makadi Bay, Cairo\",\"priceRange\":\"$\",\"currenciesAccepted\":\"euro\",\"paymentAccepted\":\"cash on site\"},{\"@type\":\"PostalAddress\",\"@id\":\"https:\/\/hurghadalovers.com\/pt-pt\/tours\/lancha-rapida-privada-para-a-casa-dos-golfinhos-a-partir-de-hurghada\/#local-main-place-address\",\"streetAddress\":\"17 Banks street, Alkawther area, top nbk bank\",\"addressLocality\":\"hurghada\",\"postalCode\":\"84511\",\"addressRegion\":\"red sea\",\"addressCountry\":\"EG\"},{\"@type\":\"ImageObject\",\"inLanguage\":\"pt-PT\",\"@id\":\"https:\/\/hurghadalovers.com\/pt-pt\/tours\/lancha-rapida-privada-para-a-casa-dos-golfinhos-a-partir-de-hurghada\/#local-main-organization-logo\",\"url\":\"https:\/\/hurghadalovers.com\/wp-content\/uploads\/2019\/10\/hurghada-excursions-logo.png\",\"contentUrl\":\"https:\/\/hurghadalovers.com\/wp-content\/uploads\/2019\/10\/hurghada-excursions-logo.png\",\"width\":272,\"height\":90,\"caption\":\"Hurghada Excursions\"}]}<\/script>\n<meta property=\"product:brand\" content=\"Excurs\u00f5es Hurghada\" \/>\n<meta property=\"product:price:amount\" content=\"80\" \/>\n<meta property=\"product:price:currency\" content=\"EUR\" \/>\n<meta property=\"og:availability\" content=\"instock\" \/>\n<meta property=\"product:availability\" content=\"instock\" \/>\n<meta property=\"product:retailer_item_id\" content=\"SpeedBoat9494\" \/>\n<meta property=\"product:condition\" content=\"new\" \/>\n<meta name=\"geo.placename\" content=\"hurghada\" \/>\n<meta name=\"geo.region\" content=\"Egipto\" \/>\n<!-- \/ Yoast SEO Premium plugin. -->","yoast_head_json":{"title":"Lancha privada para a Dolphin House a partir de Hurghada","description":"Lancha privada para a Dolphin House a partir de Hurghada | Reserva 4 horas de observa\u00e7\u00e3o de golfinhos e nata\u00e7\u00e3o com golfinhos + 2 pontos de snorkeling com transfer...","robots":{"index":"index","follow":"follow","max-snippet":"max-snippet:-1","max-image-preview":"max-image-preview:large","max-video-preview":"max-video-preview:-1"},"canonical":"https:\/\/hurghadalovers.com\/pt-pt\/tours\/lancha-rapida-privada-para-a-casa-dos-golfinhos-a-partir-de-hurghada\/","og_locale":"pt_PT","og_type":"article","og_title":"Lancha privada para a Dolphin House a partir de Hurghada","og_description":"Lancha privada para a Dolphin House a partir de Hurghada | Reserva 4 horas de observa\u00e7\u00e3o de golfinhos e nata\u00e7\u00e3o com golfinhos + 2 pontos de snorkeling com transfer...","og_url":"https:\/\/hurghadalovers.com\/pt-pt\/tours\/lancha-rapida-privada-para-a-casa-dos-golfinhos-a-partir-de-hurghada\/","og_site_name":"Hurghada Excursions &amp; Day Trips | Booking Best Prices Tours","article_publisher":"https:\/\/www.facebook.com\/Hurghadaloversegypt","article_modified_time":"2026-02-09T16:58:41+00:00","og_image":[{"width":1111,"height":940,"url":"https:\/\/hurghadalovers.com\/wp-content\/uploads\/2023\/07\/Green-Turtles-Abu-Dabbab-Marsa-aLam.jpg","type":"image\/jpeg"}],"twitter_card":"summary_large_image","twitter_misc":{"pre\u00e7o":"&euro;&nbsp;80","Disponibilidade":"Em stock"},"schema":{"@context":"https:\/\/schema.org","@graph":[{"@type":["WebPage","ItemPage"],"@id":"https:\/\/hurghadalovers.com\/pt-pt\/tours\/lancha-rapida-privada-para-a-casa-dos-golfinhos-a-partir-de-hurghada\/","url":"https:\/\/hurghadalovers.com\/pt-pt\/tours\/lancha-rapida-privada-para-a-casa-dos-golfinhos-a-partir-de-hurghada\/","name":"Lancha privada para a Dolphin House a partir de Hurghada","isPartOf":{"@id":"https:\/\/hurghadalovers.com\/pt-pt\/#website"},"primaryImageOfPage":{"@id":"https:\/\/hurghadalovers.com\/pt-pt\/tours\/lancha-rapida-privada-para-a-casa-dos-golfinhos-a-partir-de-hurghada\/#primaryimage"},"image":{"@id":"https:\/\/hurghadalovers.com\/pt-pt\/tours\/lancha-rapida-privada-para-a-casa-dos-golfinhos-a-partir-de-hurghada\/#primaryimage"},"thumbnailUrl":"https:\/\/hurghadalovers.com\/wp-content\/uploads\/2023\/07\/Green-Turtles-Abu-Dabbab-Marsa-aLam.jpg","datePublished":"2023-07-16T07:38:42+00:00","dateModified":"2026-02-09T16:58:41+00:00","description":"Lancha privada para a Dolphin House a partir de Hurghada | Reserva 4 horas de observa\u00e7\u00e3o de golfinhos e nata\u00e7\u00e3o com golfinhos + 2 pontos de snorkeling com transfer...","breadcrumb":{"@id":"https:\/\/hurghadalovers.com\/pt-pt\/tours\/lancha-rapida-privada-para-a-casa-dos-golfinhos-a-partir-de-hurghada\/#breadcrumb"},"inLanguage":"pt-PT","potentialAction":[{"@type":"ReadAction","target":["https:\/\/hurghadalovers.com\/pt-pt\/tours\/lancha-rapida-privada-para-a-casa-dos-golfinhos-a-partir-de-hurghada\/"]}]},{"@type":"ImageObject","inLanguage":"pt-PT","@id":"https:\/\/hurghadalovers.com\/pt-pt\/tours\/lancha-rapida-privada-para-a-casa-dos-golfinhos-a-partir-de-hurghada\/#primaryimage","url":"https:\/\/hurghadalovers.com\/wp-content\/uploads\/2023\/07\/Green-Turtles-Abu-Dabbab-Marsa-aLam.jpg","contentUrl":"https:\/\/hurghadalovers.com\/wp-content\/uploads\/2023\/07\/Green-Turtles-Abu-Dabbab-Marsa-aLam.jpg","width":1111,"height":940,"caption":"Green Turtles Abu Dabbab Marsa aLam"},{"@type":"BreadcrumbList","@id":"https:\/\/hurghadalovers.com\/pt-pt\/tours\/lancha-rapida-privada-para-a-casa-dos-golfinhos-a-partir-de-hurghada\/#breadcrumb","itemListElement":[{"@type":"ListItem","position":1,"name":"Home","item":"https:\/\/hurghadalovers.com\/pt-pt\/"},{"@type":"ListItem","position":2,"name":"Shop","item":"https:\/\/hurghadalovers.com\/shop\/"},{"@type":"ListItem","position":3,"name":"Lancha privada para a Dolphin House a partir de Hurghada"}]},{"@type":"WebSite","@id":"https:\/\/hurghadalovers.com\/pt-pt\/#website","url":"https:\/\/hurghadalovers.com\/pt-pt\/","name":"Hurghada Excursions & Day Trips | Booking Best Prices Tours","description":"Hurghada Lovers - Best Tour Operator - Excursions &amp; Things to do for Family Day Trips with kids and Couples Romantic. Unique .Hidden gems","publisher":{"@id":"https:\/\/hurghadalovers.com\/pt-pt\/#organization"},"alternateName":"Hurghada Excursions","potentialAction":[{"@type":"SearchAction","target":{"@type":"EntryPoint","urlTemplate":"https:\/\/hurghadalovers.com\/pt-pt\/?s={search_term_string}"},"query-input":{"@type":"PropertyValueSpecification","valueRequired":true,"valueName":"search_term_string"}}],"inLanguage":"pt-PT"},{"@type":["Organization","Place","TravelAgency"],"@id":"https:\/\/hurghadalovers.com\/pt-pt\/#organization","name":"Hurghada Excursions","url":"https:\/\/hurghadalovers.com\/pt-pt\/","logo":{"@id":"https:\/\/hurghadalovers.com\/pt-pt\/tours\/lancha-rapida-privada-para-a-casa-dos-golfinhos-a-partir-de-hurghada\/#local-main-organization-logo"},"image":{"@id":"https:\/\/hurghadalovers.com\/pt-pt\/tours\/lancha-rapida-privada-para-a-casa-dos-golfinhos-a-partir-de-hurghada\/#local-main-organization-logo"},"sameAs":["https:\/\/www.facebook.com\/Hurghadaloversegypt"],"address":{"@id":"https:\/\/hurghadalovers.com\/pt-pt\/tours\/lancha-rapida-privada-para-a-casa-dos-golfinhos-a-partir-de-hurghada\/#local-main-place-address"},"telephone":["00201112596434"],"contactPoint":{"@type":"ContactPoint","telephone":"00201112596434","email":"weyouface@gmail.com"},"openingHoursSpecification":{"@type":"OpeningHoursSpecification","dayOfWeek":["Monday","Tuesday","Wednesday","Thursday","Friday","Saturday","Sunday"],"opens":"00:00","closes":"23:59"},"email":"weyouface@gmail.com","areaServed":"Luxor, Hurghada, El Gouna, Aswan, Sharm El Sheikh, Giza, Alexandria, Marsa Alam, Quseir, Soma Bay, Sahl Hasheesh, Red Sea, Makadi Bay, Cairo","priceRange":"$","currenciesAccepted":"euro","paymentAccepted":"cash on site"},{"@type":"PostalAddress","@id":"https:\/\/hurghadalovers.com\/pt-pt\/tours\/lancha-rapida-privada-para-a-casa-dos-golfinhos-a-partir-de-hurghada\/#local-main-place-address","streetAddress":"17 Banks street, Alkawther area, top nbk bank","addressLocality":"hurghada","postalCode":"84511","addressRegion":"red sea","addressCountry":"EG"},{"@type":"ImageObject","inLanguage":"pt-PT","@id":"https:\/\/hurghadalovers.com\/pt-pt\/tours\/lancha-rapida-privada-para-a-casa-dos-golfinhos-a-partir-de-hurghada\/#local-main-organization-logo","url":"https:\/\/hurghadalovers.com\/wp-content\/uploads\/2019\/10\/hurghada-excursions-logo.png","contentUrl":"https:\/\/hurghadalovers.com\/wp-content\/uploads\/2019\/10\/hurghada-excursions-logo.png","width":272,"height":90,"caption":"Hurghada Excursions"}]},"product_brand":"Excurs\u00f5es Hurghada","product_price_amount":"80","product_price_currency":"EUR","og_availability":"instock","product_availability":"instock","product_retailer_item_id":"SpeedBoat9494","product_condition":"new","geo.placename":"hurghada","geo.region":"Egipto"},"_links":{"self":[{"href":"https:\/\/hurghadalovers.com\/pt-pt\/wp-json\/wp\/v2\/product\/336796","targetHints":{"allow":["GET"]}}],"collection":[{"href":"https:\/\/hurghadalovers.com\/pt-pt\/wp-json\/wp\/v2\/product"}],"about":[{"href":"https:\/\/hurghadalovers.com\/pt-pt\/wp-json\/wp\/v2\/types\/product"}],"wp:featuredmedia":[{"embeddable":true,"href":"https:\/\/hurghadalovers.com\/pt-pt\/wp-json\/wp\/v2\/media\/995802"}],"wp:attachment":[{"href":"https:\/\/hurghadalovers.com\/pt-pt\/wp-json\/wp\/v2\/media?parent=336796"}],"wp:term":[{"taxonomy":"product_brand","embeddable":true,"href":"https:\/\/hurghadalovers.com\/pt-pt\/wp-json\/wp\/v2\/product_brand?post=336796"},{"taxonomy":"product_cat","embeddable":true,"href":"https:\/\/hurghadalovers.com\/pt-pt\/wp-json\/wp\/v2\/product_cat?post=336796"},{"taxonomy":"product_tag","embeddable":true,"href":"https:\/\/hurghadalovers.com\/pt-pt\/wp-json\/wp\/v2\/product_tag?post=336796"}],"curies":[{"name":"wp","href":"https:\/\/api.w.org\/{rel}","templated":true}]}}