{"id":482890,"date":"2024-11-26T21:32:19","date_gmt":"2024-11-26T22:08:15","guid":{"rendered":"https:\/\/hurghadalovers.com\/product\/dzialania-w-hurghadzie-2024-2025\/"},"modified":"2024-11-26T22:35:19","modified_gmt":"2024-11-26T22:35:19","slug":"dzialania-w-hurghadzie-2024-2025","status":"publish","type":"product","link":"https:\/\/hurghadalovers.com\/pl\/tours\/dzialania-w-hurghadzie-2024-2025\/","title":{"rendered":"Dzia\u0142ania w Hurghadzie 2024\/2025"},"content":{"rendered":"<p>Dzia\u0142ania w Hurghadzie 2024\/2025<\/p>\n","protected":false},"excerpt":{"rendered":"<p>Dzia\u0142ania w Hurghadzie 2024\/2025<\/p>\n","protected":false},"featured_media":0,"template":"","meta":{"_joinchat":[]},"product_brand":[],"product_cat":[36264],"product_tag":[60946,61028,61010,60990,60999,61011,61016,61024,59801,60960,59759,59752,61037,60936,60962,60964,61006,59813,61000,59777,60957,61013,59783,60993,59765,59726,59738,61004,61035,61015,61027,60970,61039,61021,61020,61007,60978,60976,60966,59789,60986,60984,61017,61002,61019,51236,51221,61003,61009,61022,59748,60940,61029,59771,61033,60944,59756,60942,59740,59825,59744,60955,60952,61008,61012,60980,61005,60982,60953,61001,60974,61014,60997,60989,60972,60968,59795,59729,59807,59733,60948,61025,60995,61018,61026,61023,61031,59819,60938,60950],"class_list":{"0":"post-482890","1":"product","2":"type-product","3":"status-publish","5":"product_cat-tours-pl","6":"product_tag-atrakcje-dla-calej-rodziny-w-hurghadzie","7":"product_tag-atrakcje-w-pomieszczeniach-zamknietych-z-hurghady","8":"product_tag-atv-hurghada-pl","9":"product_tag-autobus-z-hurghady-do-luksoru","10":"product_tag-balon-na-ogrzane-powietrze-hurghada","11":"product_tag-buggy-tour-hurghada-pl","12":"product_tag-czarter-lodzi-w-hurghadzie","13":"product_tag-dolphin-house-hurghada-pl","14":"product_tag-dzialania-w-hurghadzie","15":"product_tag-hurghada-atrakcje-dla-calej-rodziny-2","16":"product_tag-hurghada-atrakcje-dla-par","17":"product_tag-hurghada-ciekawe-miejsca-z-rodzina-do-odwiedzenia","18":"product_tag-hurghada-miejsca-warte-odwiedzenia","19":"product_tag-hurghada-romantyczne-wycieczki","20":"product_tag-hurghada-wycieczki-przyjazne-dzieciom","21":"product_tag-hurghada-zajecia-dla-dzieci","22":"product_tag-hurghada-buggy-safari-pl","23":"product_tag-hurghada-co-robic","24":"product_tag-hurghada-do-doliny-krolow","25":"product_tag-hurghada-do-piramid","26":"product_tag-hurghada-niedrogie-wycieczki-dla-rodzin","27":"product_tag-jazda-na-wielbladzie-hurghada","28":"product_tag-jednodniowa-wycieczka-do-kairu-z-hurghady","29":"product_tag-jednodniowa-wycieczka-do-luksoru-z-hurghady-pl","30":"product_tag-jednodniowa-wycieczka-z-hurghady-do-luksoru","31":"product_tag-jednodniowa-wycieczka-z-hurghady-do-piramid","32":"product_tag-jednodniowe-wycieczki-z-hurghady","33":"product_tag-jeep-safari-hurghada-pl","34":"product_tag-kryte-atrakcje-dla-par-w-hurghadzie","35":"product_tag-lodz-motorowa-hurghada","36":"product_tag-lodz-piracka-hurghada","37":"product_tag-lodz-podwodna-hurghada","38":"product_tag-lodz-ze-szklanym-dnem-hurghada","39":"product_tag-nurkowanie-hurghada","40":"product_tag-nurkowanie-z-rurka-w-hurghadzie","41":"product_tag-obserwowanie-gwiazd-w-hurghadzie","42":"product_tag-paralotniarstwo-hurghada","43":"product_tag-parasailing-hurghada-pl","44":"product_tag-park-wodny-w-hurghadzie","45":"product_tag-piramidy-z-hurghady","46":"product_tag-plywanie-z-delfinami-w-hurghadzie","47":"product_tag-pokaz-delfinow-w-hurghadzie","48":"product_tag-prywatna-lodz-hurghada","49":"product_tag-prywatna-wycieczka-do-luksoru-z-hurghady","50":"product_tag-prywatna-wycieczka-lodzia-po-hurghadzie","51":"product_tag-prywatne-wycieczki-po-kairze","52":"product_tag-prywatne-wycieczki-po-luksorze","53":"product_tag-pustynne-safari-hurghada","54":"product_tag-quad-biking-hurghada-pl","55":"product_tag-rajska-wyspa-hurghada","56":"product_tag-rodzinne-atrakcje-w-hurghadzie","57":"product_tag-rodzinne-atrakcje-w-hurghadzie-pl","58":"product_tag-rodzinne-miejsca-rozrywki-w-hurghadzie","59":"product_tag-rodzinne-wycieczki-z-hurghady","60":"product_tag-romantyczne-atrakcje-dla-par-w-hurghadzie","61":"product_tag-romantyczne-rzeczy-do-zrobienia-w-hurghadzie","62":"product_tag-romantyczne-rzeczy-do-zrobienia-z-hurghady","63":"product_tag-rzeczy-do-zobaczenia-w-miejscu-takim-jak-hurghada","64":"product_tag-rzeczy-do-zrobienia-w-hurghadzie","65":"product_tag-rzeczy-do-zrobienia-w-hurghadzie-dla-par","66":"product_tag-rzeczy-do-zrobienia-z-dziecmi-z-miejsca-takiego-jak-hurghada","67":"product_tag-rzeczy-do-zrobienia-z-niemowlakami-z-hurghady","68":"product_tag-rzeczy-do-zrobienia-z-rodzina-z-hurghady","69":"product_tag-safari-sahara-hurghada-pl","70":"product_tag-safari-tour-hurghada-pl","71":"product_tag-sporty-wodne-w-bobos-hurghada","72":"product_tag-super-safari-hurghada-pl","73":"product_tag-surfing-w-hurghadzie","74":"product_tag-tanie-rodzinne-wycieczki-z-hurghady","75":"product_tag-transfer-z-luksoru-do-hurghady","76":"product_tag-utopia-island-hurghada-pl","77":"product_tag-wioska-beduinow-hurghada","78":"product_tag-wycieczka-do-luksoru-z-hurghady-pl","79":"product_tag-wycieczka-do-luksoru-z-hurghady","80":"product_tag-wycieczka-lodzia-podwodna-hurghada","81":"product_tag-wycieczka-lodzia-podwodna-w-hurghadzie","82":"product_tag-wycieczka-z-hurghady-do-kairu","83":"product_tag-wycieczki-do-hurghady","84":"product_tag-wycieczki-jednodniowe-do-hurghady-pl","85":"product_tag-wycieczki-jednodniowe-do-hurghady","86":"product_tag-wycieczki-jednodniowe-z-hurghady","87":"product_tag-wycieczki-lodzia-po-hurghadzie","88":"product_tag-wycieczki-z-hurghady-do-luksoru","89":"product_tag-wynajem-lodzi-hurghada","90":"product_tag-wyspa-giftun-hurghada","91":"product_tag-wyspa-orange-bay-hurghada","92":"product_tag-zajecia-dla-dzieci-w-wieku-2-lat-z-hurghady","93":"product_tag-zajecia-dla-dzieci-z-hurghady","94":"product_tag-zajecia-dla-maluchow-w-hurghadzie","95":"product_tag-zajecia-dla-nastolatkow-z-hurghady","96":"tour_category-egypt-tours-pl","98":"first","99":"instock","100":"sale","101":"shipping-taxable","102":"purchasable","103":"product-type-tour"},"yoast_head":"<!-- This site is optimized with the Yoast SEO Premium plugin v26.9 (Yoast SEO v27.2) - https:\/\/yoast.com\/product\/yoast-seo-premium-wordpress\/ -->\n<title>Dzia\u0142ania w Hurghadzie 2024\/2025 - Hurghada Excursions &amp; Day Trips | Booking Best Prices Tours<\/title>\n<meta name=\"robots\" content=\"index, follow, max-snippet:-1, max-image-preview:large, max-video-preview:-1\" \/>\n<link rel=\"canonical\" href=\"https:\/\/hurghadalovers.com\/pl\/tours\/dzialania-w-hurghadzie-2024-2025\/\" \/>\n<meta property=\"og:locale\" content=\"pl_PL\" \/>\n<meta property=\"og:type\" content=\"article\" \/>\n<meta property=\"og:title\" content=\"Dzia\u0142ania w Hurghadzie 2024\/2025\" \/>\n<meta property=\"og:description\" content=\"Dzia\u0142ania w Hurghadzie 2024\/2025\" \/>\n<meta property=\"og:url\" content=\"https:\/\/hurghadalovers.com\/pl\/tours\/dzialania-w-hurghadzie-2024-2025\/\" \/>\n<meta property=\"og:site_name\" content=\"Hurghada Excursions &amp; Day Trips | Booking Best Prices Tours\" \/>\n<meta property=\"article:publisher\" content=\"https:\/\/www.facebook.com\/Hurghadaloversegypt\" \/>\n<meta property=\"article:modified_time\" content=\"2024-11-26T22:35:19+00:00\" \/>\n<meta property=\"og:image\" content=\"https:\/\/hurghadalovers.com\/wp-content\/uploads\/2025\/02\/Hurghada-Excursions-Day-Trips-Booking-Best-Prices-Tours.jpeg\" \/>\n\t<meta property=\"og:image:width\" content=\"1156\" \/>\n\t<meta property=\"og:image:height\" content=\"867\" \/>\n\t<meta property=\"og:image:type\" content=\"image\/jpeg\" \/>\n<meta name=\"twitter:card\" content=\"summary_large_image\" \/>\n<meta name=\"twitter:label1\" content=\"Cena\" \/>\n\t<meta name=\"twitter:data1\" content=\"&euro;&nbsp;10\" \/>\n\t<meta name=\"twitter:label2\" content=\"Dost\u0119pno\u015b\u0107\" \/>\n\t<meta name=\"twitter:data2\" content=\"Dost\u0119pny\" \/>\n<script type=\"application\/ld+json\" class=\"yoast-schema-graph\">{\"@context\":\"https:\/\/schema.org\",\"@graph\":[{\"@type\":[\"WebPage\",\"ItemPage\"],\"@id\":\"https:\/\/hurghadalovers.com\/pl\/tours\/dzialania-w-hurghadzie-2024-2025\/\",\"url\":\"https:\/\/hurghadalovers.com\/pl\/tours\/dzialania-w-hurghadzie-2024-2025\/\",\"name\":\"Dzia\u0142ania w Hurghadzie 2024\/2025 - Hurghada Excursions &amp; Day Trips | Booking Best Prices Tours\",\"isPartOf\":{\"@id\":\"https:\/\/hurghadalovers.com\/pl\/#website\"},\"datePublished\":\"2024-11-26T22:08:15+00:00\",\"dateModified\":\"2024-11-26T22:35:19+00:00\",\"breadcrumb\":{\"@id\":\"https:\/\/hurghadalovers.com\/pl\/tours\/dzialania-w-hurghadzie-2024-2025\/#breadcrumb\"},\"inLanguage\":\"pl-PL\",\"potentialAction\":[{\"@type\":\"ReadAction\",\"target\":[\"https:\/\/hurghadalovers.com\/pl\/tours\/dzialania-w-hurghadzie-2024-2025\/\"]}]},{\"@type\":\"BreadcrumbList\",\"@id\":\"https:\/\/hurghadalovers.com\/pl\/tours\/dzialania-w-hurghadzie-2024-2025\/#breadcrumb\",\"itemListElement\":[{\"@type\":\"ListItem\",\"position\":1,\"name\":\"Home\",\"item\":\"https:\/\/hurghadalovers.com\/pl\/\"},{\"@type\":\"ListItem\",\"position\":2,\"name\":\"Shop\",\"item\":\"https:\/\/hurghadalovers.com\/shop\/\"},{\"@type\":\"ListItem\",\"position\":3,\"name\":\"Dzia\u0142ania w Hurghadzie 2024\/2025\"}]},{\"@type\":\"WebSite\",\"@id\":\"https:\/\/hurghadalovers.com\/pl\/#website\",\"url\":\"https:\/\/hurghadalovers.com\/pl\/\",\"name\":\"Hurghada Excursions & Day Trips | Booking Best Prices Tours\",\"description\":\"Hurghada Lovers - Best Tour Operator - Excursions &amp; Things to do for Family Day Trips with kids and Couples Romantic. Unique .Hidden gems\",\"publisher\":{\"@id\":\"https:\/\/hurghadalovers.com\/pl\/#organization\"},\"alternateName\":\"Hurghada Excursions\",\"potentialAction\":[{\"@type\":\"SearchAction\",\"target\":{\"@type\":\"EntryPoint\",\"urlTemplate\":\"https:\/\/hurghadalovers.com\/pl\/?s={search_term_string}\"},\"query-input\":{\"@type\":\"PropertyValueSpecification\",\"valueRequired\":true,\"valueName\":\"search_term_string\"}}],\"inLanguage\":\"pl-PL\"},{\"@type\":[\"Organization\",\"Place\",\"TravelAgency\"],\"@id\":\"https:\/\/hurghadalovers.com\/pl\/#organization\",\"name\":\"Hurghada Excursions\",\"url\":\"https:\/\/hurghadalovers.com\/pl\/\",\"logo\":{\"@id\":\"https:\/\/hurghadalovers.com\/pl\/tours\/dzialania-w-hurghadzie-2024-2025\/#local-main-organization-logo\"},\"image\":{\"@id\":\"https:\/\/hurghadalovers.com\/pl\/tours\/dzialania-w-hurghadzie-2024-2025\/#local-main-organization-logo\"},\"sameAs\":[\"https:\/\/www.facebook.com\/Hurghadaloversegypt\"],\"address\":{\"@id\":\"https:\/\/hurghadalovers.com\/pl\/tours\/dzialania-w-hurghadzie-2024-2025\/#local-main-place-address\"},\"telephone\":[\"00201112596434\"],\"contactPoint\":{\"@type\":\"ContactPoint\",\"telephone\":\"00201112596434\",\"email\":\"weyouface@gmail.com\"},\"openingHoursSpecification\":{\"@type\":\"OpeningHoursSpecification\",\"dayOfWeek\":[\"Monday\",\"Tuesday\",\"Wednesday\",\"Thursday\",\"Friday\",\"Saturday\",\"Sunday\"],\"opens\":\"00:00\",\"closes\":\"23:59\"},\"email\":\"weyouface@gmail.com\",\"areaServed\":\"Luxor, Hurghada, El Gouna, Aswan, Sharm El Sheikh, Giza, Alexandria, Marsa Alam, Quseir, Soma Bay, Sahl Hasheesh, Red Sea, Makadi Bay, Cairo\",\"priceRange\":\"$\",\"currenciesAccepted\":\"euro\",\"paymentAccepted\":\"cash on site\"},{\"@type\":\"PostalAddress\",\"@id\":\"https:\/\/hurghadalovers.com\/pl\/tours\/dzialania-w-hurghadzie-2024-2025\/#local-main-place-address\",\"streetAddress\":\"17 Banks street, Alkawther area, top nbk bank\",\"addressLocality\":\"hurghada\",\"postalCode\":\"84511\",\"addressRegion\":\"red sea\",\"addressCountry\":\"EG\"},{\"@type\":\"ImageObject\",\"inLanguage\":\"pl-PL\",\"@id\":\"https:\/\/hurghadalovers.com\/pl\/tours\/dzialania-w-hurghadzie-2024-2025\/#local-main-organization-logo\",\"url\":\"https:\/\/hurghadalovers.com\/wp-content\/uploads\/2019\/10\/hurghada-excursions-logo.png\",\"contentUrl\":\"https:\/\/hurghadalovers.com\/wp-content\/uploads\/2019\/10\/hurghada-excursions-logo.png\",\"width\":272,\"height\":90,\"caption\":\"Hurghada Excursions\"}]}<\/script>\n<meta property=\"product:brand\" content=\"Wczasy Egipt\" \/>\n<meta property=\"product:price:amount\" content=\"10\" \/>\n<meta property=\"product:price:currency\" content=\"EUR\" \/>\n<meta property=\"og:availability\" content=\"instock\" \/>\n<meta property=\"product:availability\" content=\"instock\" \/>\n<meta property=\"product:retailer_item_id\" content=\"hurghada88343434\" \/>\n<meta property=\"product:condition\" content=\"new\" \/>\n<meta name=\"geo.placename\" content=\"hurghada\" \/>\n<meta name=\"geo.region\" content=\"Egipt\" \/>\n<!-- \/ Yoast SEO Premium plugin. -->","yoast_head_json":{"title":"Dzia\u0142ania w Hurghadzie 2024\/2025 - Hurghada Excursions &amp; Day Trips | Booking Best Prices Tours","robots":{"index":"index","follow":"follow","max-snippet":"max-snippet:-1","max-image-preview":"max-image-preview:large","max-video-preview":"max-video-preview:-1"},"canonical":"https:\/\/hurghadalovers.com\/pl\/tours\/dzialania-w-hurghadzie-2024-2025\/","og_locale":"pl_PL","og_type":"article","og_title":"Dzia\u0142ania w Hurghadzie 2024\/2025","og_description":"Dzia\u0142ania w Hurghadzie 2024\/2025","og_url":"https:\/\/hurghadalovers.com\/pl\/tours\/dzialania-w-hurghadzie-2024-2025\/","og_site_name":"Hurghada Excursions &amp; Day Trips | Booking Best Prices Tours","article_publisher":"https:\/\/www.facebook.com\/Hurghadaloversegypt","article_modified_time":"2024-11-26T22:35:19+00:00","og_image":[{"width":1156,"height":867,"url":"https:\/\/hurghadalovers.com\/wp-content\/uploads\/2025\/02\/Hurghada-Excursions-Day-Trips-Booking-Best-Prices-Tours.jpeg","type":"image\/jpeg"}],"twitter_card":"summary_large_image","twitter_misc":{"Cena":"&euro;&nbsp;10","Dost\u0119pno\u015b\u0107":"Dost\u0119pny"},"schema":{"@context":"https:\/\/schema.org","@graph":[{"@type":["WebPage","ItemPage"],"@id":"https:\/\/hurghadalovers.com\/pl\/tours\/dzialania-w-hurghadzie-2024-2025\/","url":"https:\/\/hurghadalovers.com\/pl\/tours\/dzialania-w-hurghadzie-2024-2025\/","name":"Dzia\u0142ania w Hurghadzie 2024\/2025 - Hurghada Excursions &amp; Day Trips | Booking Best Prices Tours","isPartOf":{"@id":"https:\/\/hurghadalovers.com\/pl\/#website"},"datePublished":"2024-11-26T22:08:15+00:00","dateModified":"2024-11-26T22:35:19+00:00","breadcrumb":{"@id":"https:\/\/hurghadalovers.com\/pl\/tours\/dzialania-w-hurghadzie-2024-2025\/#breadcrumb"},"inLanguage":"pl-PL","potentialAction":[{"@type":"ReadAction","target":["https:\/\/hurghadalovers.com\/pl\/tours\/dzialania-w-hurghadzie-2024-2025\/"]}]},{"@type":"BreadcrumbList","@id":"https:\/\/hurghadalovers.com\/pl\/tours\/dzialania-w-hurghadzie-2024-2025\/#breadcrumb","itemListElement":[{"@type":"ListItem","position":1,"name":"Home","item":"https:\/\/hurghadalovers.com\/pl\/"},{"@type":"ListItem","position":2,"name":"Shop","item":"https:\/\/hurghadalovers.com\/shop\/"},{"@type":"ListItem","position":3,"name":"Dzia\u0142ania w Hurghadzie 2024\/2025"}]},{"@type":"WebSite","@id":"https:\/\/hurghadalovers.com\/pl\/#website","url":"https:\/\/hurghadalovers.com\/pl\/","name":"Hurghada Excursions & Day Trips | Booking Best Prices Tours","description":"Hurghada Lovers - Best Tour Operator - Excursions &amp; Things to do for Family Day Trips with kids and Couples Romantic. Unique .Hidden gems","publisher":{"@id":"https:\/\/hurghadalovers.com\/pl\/#organization"},"alternateName":"Hurghada Excursions","potentialAction":[{"@type":"SearchAction","target":{"@type":"EntryPoint","urlTemplate":"https:\/\/hurghadalovers.com\/pl\/?s={search_term_string}"},"query-input":{"@type":"PropertyValueSpecification","valueRequired":true,"valueName":"search_term_string"}}],"inLanguage":"pl-PL"},{"@type":["Organization","Place","TravelAgency"],"@id":"https:\/\/hurghadalovers.com\/pl\/#organization","name":"Hurghada Excursions","url":"https:\/\/hurghadalovers.com\/pl\/","logo":{"@id":"https:\/\/hurghadalovers.com\/pl\/tours\/dzialania-w-hurghadzie-2024-2025\/#local-main-organization-logo"},"image":{"@id":"https:\/\/hurghadalovers.com\/pl\/tours\/dzialania-w-hurghadzie-2024-2025\/#local-main-organization-logo"},"sameAs":["https:\/\/www.facebook.com\/Hurghadaloversegypt"],"address":{"@id":"https:\/\/hurghadalovers.com\/pl\/tours\/dzialania-w-hurghadzie-2024-2025\/#local-main-place-address"},"telephone":["00201112596434"],"contactPoint":{"@type":"ContactPoint","telephone":"00201112596434","email":"weyouface@gmail.com"},"openingHoursSpecification":{"@type":"OpeningHoursSpecification","dayOfWeek":["Monday","Tuesday","Wednesday","Thursday","Friday","Saturday","Sunday"],"opens":"00:00","closes":"23:59"},"email":"weyouface@gmail.com","areaServed":"Luxor, Hurghada, El Gouna, Aswan, Sharm El Sheikh, Giza, Alexandria, Marsa Alam, Quseir, Soma Bay, Sahl Hasheesh, Red Sea, Makadi Bay, Cairo","priceRange":"$","currenciesAccepted":"euro","paymentAccepted":"cash on site"},{"@type":"PostalAddress","@id":"https:\/\/hurghadalovers.com\/pl\/tours\/dzialania-w-hurghadzie-2024-2025\/#local-main-place-address","streetAddress":"17 Banks street, Alkawther area, top nbk bank","addressLocality":"hurghada","postalCode":"84511","addressRegion":"red sea","addressCountry":"EG"},{"@type":"ImageObject","inLanguage":"pl-PL","@id":"https:\/\/hurghadalovers.com\/pl\/tours\/dzialania-w-hurghadzie-2024-2025\/#local-main-organization-logo","url":"https:\/\/hurghadalovers.com\/wp-content\/uploads\/2019\/10\/hurghada-excursions-logo.png","contentUrl":"https:\/\/hurghadalovers.com\/wp-content\/uploads\/2019\/10\/hurghada-excursions-logo.png","width":272,"height":90,"caption":"Hurghada Excursions"}]},"product_brand":"Wczasy Egipt","product_price_amount":"10","product_price_currency":"EUR","og_availability":"instock","product_availability":"instock","product_retailer_item_id":"hurghada88343434","product_condition":"new","geo.placename":"hurghada","geo.region":"Egipt"},"_links":{"self":[{"href":"https:\/\/hurghadalovers.com\/pl\/wp-json\/wp\/v2\/product\/482890","targetHints":{"allow":["GET"]}}],"collection":[{"href":"https:\/\/hurghadalovers.com\/pl\/wp-json\/wp\/v2\/product"}],"about":[{"href":"https:\/\/hurghadalovers.com\/pl\/wp-json\/wp\/v2\/types\/product"}],"wp:attachment":[{"href":"https:\/\/hurghadalovers.com\/pl\/wp-json\/wp\/v2\/media?parent=482890"}],"wp:term":[{"taxonomy":"product_brand","embeddable":true,"href":"https:\/\/hurghadalovers.com\/pl\/wp-json\/wp\/v2\/product_brand?post=482890"},{"taxonomy":"product_cat","embeddable":true,"href":"https:\/\/hurghadalovers.com\/pl\/wp-json\/wp\/v2\/product_cat?post=482890"},{"taxonomy":"product_tag","embeddable":true,"href":"https:\/\/hurghadalovers.com\/pl\/wp-json\/wp\/v2\/product_tag?post=482890"}],"curies":[{"name":"wp","href":"https:\/\/api.w.org\/{rel}","templated":true}]}}