{"id":482863,"date":"2024-11-26T21:23:40","date_gmt":"2024-11-26T21:43:56","guid":{"rendered":"https:\/\/hurghadalovers.com\/product\/dzialania-el-gouna-2024-2025\/"},"modified":"2024-11-26T21:48:48","modified_gmt":"2024-11-26T21:48:48","slug":"dzialania-el-gouna-2024-2025","status":"publish","type":"product","link":"https:\/\/hurghadalovers.com\/pl\/tours\/dzialania-el-gouna-2024-2025\/","title":{"rendered":"Dzia\u0142ania EL Gouna 2024\/2025"},"content":{"rendered":"<p>Dzia\u0142ania EL Gouna 2024\/2025<\/p>\n","protected":false},"excerpt":{"rendered":"<p>Dzia\u0142ania EL Gouna 2024\/2025<\/p>\n","protected":false},"featured_media":0,"template":"","meta":{"_joinchat":[]},"product_brand":[],"product_cat":[36264],"product_tag":[57537,57884,57929,57953,58022,57893,57766,57701,58086,57858,57488,57959,57979,57731,57830,57773,57738,57905,57985,57935,57917,58003,57509,57843,57552,57802,57795,58044,58058,57809,57516,57744,57864,58016,58010,58034,57991,57779,58009,57816,57971,51236,51221,57835,57878,57752,57671,57638,57621,57630,57560,57568,57479,58073,57502,57530,58080,57586,57677,57663,57870,57899,57851,58028,57685,57965,57911,57947,57923,58037,58051,57997,57577,57544,57495,57523,57710,57941,57823,57787,57759,58067,57646,57724,57603,57691,57717,57595,57612,57654],"class_list":{"0":"post-482863","1":"product","2":"type-product","3":"status-publish","5":"product_cat-tours-pl","6":"product_tag-aktywnosci-w-el-gouna","7":"product_tag-atv-el-gouna-pl","8":"product_tag-autobus-z-el-gouna-do-luksoru","9":"product_tag-balon-na-ogrzane-powietrze-el-gouna","10":"product_tag-bobos-el-gouna-watersports-pl","11":"product_tag-buggy-tour-el-gouna-pl","12":"product_tag-dolphin-house-el-gouna-pl","13":"product_tag-el-gouna-atrakcje-dla-calej-rodziny","14":"product_tag-el-gouna-atrakcje-dla-par","15":"product_tag-el-gouna-buggy-safari-pl","16":"product_tag-el-gouna-co-robic","17":"product_tag-el-gouna-do-doliny-krolow","18":"product_tag-el-gouna-do-piramid-pl","19":"product_tag-el-gouna-niedrogie-wycieczki-dla-rodzin","20":"product_tag-el-gouna-prywatna-wycieczka-lodzia","21":"product_tag-el-gouna-wycieczki-lodzia","22":"product_tag-el-gouna-wycieczki-z-rurka","23":"product_tag-jazda-na-wielbladzie-el-gouna","24":"product_tag-jednodniowa-wycieczka-do-kairu-z-el-gouna","25":"product_tag-jednodniowa-wycieczka-do-luksoru-z-el-gouna","26":"product_tag-jednodniowa-wycieczka-z-el-gouna-do-luksoru","27":"product_tag-jednodniowa-wycieczka-z-el-gouna-do-piramid","28":"product_tag-jednodniowe-wycieczki-z-el-gouna","29":"product_tag-jeep-safari-el-gouna-pl","30":"product_tag-kryte-atrakcje-dla-par-w-el-gouna","31":"product_tag-lodz-motorowa-el-gouna","32":"product_tag-lodz-piracka-el-gouna","33":"product_tag-lodz-podwodna-el-gouna","34":"product_tag-lodz-ze-szklanym-dnem-el-gouna","35":"product_tag-lodzie-czarterowe-w-el-gouna","36":"product_tag-miejsca-warte-odwiedzenia-w-el-gouna","37":"product_tag-nurkowanie-el-gouna","38":"product_tag-obserwacja-gwiazd-w-el-gouna","39":"product_tag-paralotniarstwo-el-gouna","40":"product_tag-parasailing-el-gouna-pl","41":"product_tag-park-wodny-el-gouna","42":"product_tag-piramidy-z-el-gouna","43":"product_tag-plywanie-z-delfinami-el-gouna","44":"product_tag-pokaz-delfinow-w-el-gouna","45":"product_tag-prywatna-lodz-el-gouna","46":"product_tag-prywatna-wycieczka-do-luksoru-z-el-gouna","47":"product_tag-prywatne-wycieczki-po-kairze","48":"product_tag-prywatne-wycieczki-po-luksorze","49":"product_tag-pustynne-safari-el-gouna","50":"product_tag-quad-biking-el-gouna-pl","51":"product_tag-rajska-wyspa-el-gouna","52":"product_tag-rodzinne-atrakcje-w-miejscu-takim-jak-el-gouna-pl","53":"product_tag-rodzinne-atrakcje-w-miejscu-takim-jak-el-gouna","54":"product_tag-rodzinne-atrakcje-w-miescie-el-gouna","55":"product_tag-rodzinne-wycieczki-z-el-gouna","56":"product_tag-romantyczne-atrakcje-dla-par-w-el-gouna","57":"product_tag-romantyczne-rzeczy-do-zrobienia-w-miejscu-takim-jak-el-gouna","58":"product_tag-romantyczne-rzeczy-do-zrobienia-z-el-gouna","59":"product_tag-romantyczne-wycieczki-do-el-gouna","60":"product_tag-rzeczy-do-zobaczenia-w-miescie-el-gouna","61":"product_tag-rzeczy-do-zrobienia-w-el-gouna","62":"product_tag-rzeczy-do-zrobienia-w-el-gouna-dla-par","63":"product_tag-rzeczy-do-zrobienia-z-dziecmi-z-miejsca-takiego-jak-el-gouna","64":"product_tag-rzeczy-do-zrobienia-z-niemowletami-z-el-gouna","65":"product_tag-rzeczy-do-zrobienia-z-rodzina-z-el-gouna","66":"product_tag-safari-sahara-el-gouna-pl","67":"product_tag-safari-tour-el-gouna-pl","68":"product_tag-super-safari-el-gouna-pl","69":"product_tag-surfing-w-el-gouna","70":"product_tag-tanie-rodzinne-wycieczki-z-el-gouna","71":"product_tag-transfer-z-luksoru-do-el-gouna","72":"product_tag-wioska-beduinow-el-gouna","73":"product_tag-wycieczka-do-luksoru-z-el-gouna-pl","74":"product_tag-wycieczka-do-luksoru-z-el-gouna","75":"product_tag-wycieczka-lodzia-podwodna-el-gouna","76":"product_tag-wycieczka-lodzia-podwodna-el-gouna-pl","77":"product_tag-wycieczka-z-el-gouna-do-kairu","78":"product_tag-wycieczki-el-gouna","79":"product_tag-wycieczki-jednodniowe-do-el-gouna","80":"product_tag-wycieczki-jednodniowe-el-gouna","81":"product_tag-wycieczki-jednodniowe-z-el-gouna","82":"product_tag-wycieczki-przyjazne-dzieciom-w-el-gouna","83":"product_tag-wycieczki-z-el-gouna-do-luksoru","84":"product_tag-wynajem-lodzi-el-gouna","85":"product_tag-wyspa-giftun-el-gouna","86":"product_tag-wyspa-orange-bay-el-gouna","87":"product_tag-wyspa-utopia-el-gouna","88":"product_tag-zabawne-atrakcje-dla-calej-rodziny-w-el-gouna","89":"product_tag-zabawne-miejsca-z-rodzina-w-el-gouna","90":"product_tag-zabawy-w-pomieszczeniach-zamknietych-w-el-gouna","91":"product_tag-zajecia-dla-2-latkow-z-el-gouna","92":"product_tag-zajecia-dla-dzieci-w-el-gouna","93":"product_tag-zajecia-dla-dzieci-w-miescie-el-gouna","94":"product_tag-zajecia-dla-maluchow-w-el-gouna","95":"product_tag-zajecia-dla-nastolatkow-z-el-gouna","96":"tour_category-egypt-tours-pl","98":"first","99":"instock","100":"sale","101":"shipping-taxable","102":"purchasable","103":"product-type-tour"},"yoast_head":"<!-- This site is optimized with the Yoast SEO Premium plugin v26.9 (Yoast SEO v27.2) - https:\/\/yoast.com\/product\/yoast-seo-premium-wordpress\/ -->\n<title>Dzia\u0142ania EL Gouna 2024\/2025 - Hurghada Excursions &amp; Day Trips | Booking Best Prices Tours<\/title>\n<meta name=\"robots\" content=\"index, follow, max-snippet:-1, max-image-preview:large, max-video-preview:-1\" \/>\n<link rel=\"canonical\" href=\"https:\/\/hurghadalovers.com\/pl\/tours\/dzialania-el-gouna-2024-2025\/\" \/>\n<meta property=\"og:locale\" content=\"pl_PL\" \/>\n<meta property=\"og:type\" content=\"article\" \/>\n<meta property=\"og:title\" content=\"Dzia\u0142ania EL Gouna 2024\/2025\" \/>\n<meta property=\"og:description\" content=\"Dzia\u0142ania EL Gouna 2024\/2025\" \/>\n<meta property=\"og:url\" content=\"https:\/\/hurghadalovers.com\/pl\/tours\/dzialania-el-gouna-2024-2025\/\" \/>\n<meta property=\"og:site_name\" content=\"Hurghada Excursions &amp; Day Trips | Booking Best Prices Tours\" \/>\n<meta property=\"article:publisher\" content=\"https:\/\/www.facebook.com\/Hurghadaloversegypt\" \/>\n<meta property=\"article:modified_time\" content=\"2024-11-26T21:48:48+00:00\" \/>\n<meta property=\"og:image\" content=\"https:\/\/hurghadalovers.com\/wp-content\/uploads\/2025\/02\/Hurghada-Excursions-Day-Trips-Booking-Best-Prices-Tours.jpeg\" \/>\n\t<meta property=\"og:image:width\" content=\"1156\" \/>\n\t<meta property=\"og:image:height\" content=\"867\" \/>\n\t<meta property=\"og:image:type\" content=\"image\/jpeg\" \/>\n<meta name=\"twitter:card\" content=\"summary_large_image\" \/>\n<meta name=\"twitter:label1\" content=\"Cena\" \/>\n\t<meta name=\"twitter:data1\" content=\"&euro;&nbsp;25\" \/>\n\t<meta name=\"twitter:label2\" content=\"Dost\u0119pno\u015b\u0107\" \/>\n\t<meta name=\"twitter:data2\" content=\"Dost\u0119pny\" \/>\n<script type=\"application\/ld+json\" class=\"yoast-schema-graph\">{\"@context\":\"https:\/\/schema.org\",\"@graph\":[{\"@type\":[\"WebPage\",\"ItemPage\"],\"@id\":\"https:\/\/hurghadalovers.com\/pl\/tours\/dzialania-el-gouna-2024-2025\/\",\"url\":\"https:\/\/hurghadalovers.com\/pl\/tours\/dzialania-el-gouna-2024-2025\/\",\"name\":\"Dzia\u0142ania EL Gouna 2024\/2025 - Hurghada Excursions &amp; Day Trips | Booking Best Prices Tours\",\"isPartOf\":{\"@id\":\"https:\/\/hurghadalovers.com\/pl\/#website\"},\"datePublished\":\"2024-11-26T21:43:56+00:00\",\"dateModified\":\"2024-11-26T21:48:48+00:00\",\"breadcrumb\":{\"@id\":\"https:\/\/hurghadalovers.com\/pl\/tours\/dzialania-el-gouna-2024-2025\/#breadcrumb\"},\"inLanguage\":\"pl-PL\",\"potentialAction\":[{\"@type\":\"ReadAction\",\"target\":[\"https:\/\/hurghadalovers.com\/pl\/tours\/dzialania-el-gouna-2024-2025\/\"]}]},{\"@type\":\"BreadcrumbList\",\"@id\":\"https:\/\/hurghadalovers.com\/pl\/tours\/dzialania-el-gouna-2024-2025\/#breadcrumb\",\"itemListElement\":[{\"@type\":\"ListItem\",\"position\":1,\"name\":\"Home\",\"item\":\"https:\/\/hurghadalovers.com\/pl\/\"},{\"@type\":\"ListItem\",\"position\":2,\"name\":\"Shop\",\"item\":\"https:\/\/hurghadalovers.com\/shop\/\"},{\"@type\":\"ListItem\",\"position\":3,\"name\":\"Dzia\u0142ania EL Gouna 2024\/2025\"}]},{\"@type\":\"WebSite\",\"@id\":\"https:\/\/hurghadalovers.com\/pl\/#website\",\"url\":\"https:\/\/hurghadalovers.com\/pl\/\",\"name\":\"Hurghada Excursions & Day Trips | Booking Best Prices Tours\",\"description\":\"Hurghada Lovers - Best Tour Operator - Excursions &amp; Things to do for Family Day Trips with kids and Couples Romantic. Unique .Hidden gems\",\"publisher\":{\"@id\":\"https:\/\/hurghadalovers.com\/pl\/#organization\"},\"alternateName\":\"Hurghada Excursions\",\"potentialAction\":[{\"@type\":\"SearchAction\",\"target\":{\"@type\":\"EntryPoint\",\"urlTemplate\":\"https:\/\/hurghadalovers.com\/pl\/?s={search_term_string}\"},\"query-input\":{\"@type\":\"PropertyValueSpecification\",\"valueRequired\":true,\"valueName\":\"search_term_string\"}}],\"inLanguage\":\"pl-PL\"},{\"@type\":[\"Organization\",\"Place\",\"TravelAgency\"],\"@id\":\"https:\/\/hurghadalovers.com\/pl\/#organization\",\"name\":\"Hurghada Excursions\",\"url\":\"https:\/\/hurghadalovers.com\/pl\/\",\"logo\":{\"@id\":\"https:\/\/hurghadalovers.com\/pl\/tours\/dzialania-el-gouna-2024-2025\/#local-main-organization-logo\"},\"image\":{\"@id\":\"https:\/\/hurghadalovers.com\/pl\/tours\/dzialania-el-gouna-2024-2025\/#local-main-organization-logo\"},\"sameAs\":[\"https:\/\/www.facebook.com\/Hurghadaloversegypt\"],\"address\":{\"@id\":\"https:\/\/hurghadalovers.com\/pl\/tours\/dzialania-el-gouna-2024-2025\/#local-main-place-address\"},\"telephone\":[\"00201112596434\"],\"contactPoint\":{\"@type\":\"ContactPoint\",\"telephone\":\"00201112596434\",\"email\":\"weyouface@gmail.com\"},\"openingHoursSpecification\":{\"@type\":\"OpeningHoursSpecification\",\"dayOfWeek\":[\"Monday\",\"Tuesday\",\"Wednesday\",\"Thursday\",\"Friday\",\"Saturday\",\"Sunday\"],\"opens\":\"00:00\",\"closes\":\"23:59\"},\"email\":\"weyouface@gmail.com\",\"areaServed\":\"Luxor, Hurghada, El Gouna, Aswan, Sharm El Sheikh, Giza, Alexandria, Marsa Alam, Quseir, Soma Bay, Sahl Hasheesh, Red Sea, Makadi Bay, Cairo\",\"priceRange\":\"$\",\"currenciesAccepted\":\"euro\",\"paymentAccepted\":\"cash on site\"},{\"@type\":\"PostalAddress\",\"@id\":\"https:\/\/hurghadalovers.com\/pl\/tours\/dzialania-el-gouna-2024-2025\/#local-main-place-address\",\"streetAddress\":\"17 Banks street, Alkawther area, top nbk bank\",\"addressLocality\":\"hurghada\",\"postalCode\":\"84511\",\"addressRegion\":\"red sea\",\"addressCountry\":\"EG\"},{\"@type\":\"ImageObject\",\"inLanguage\":\"pl-PL\",\"@id\":\"https:\/\/hurghadalovers.com\/pl\/tours\/dzialania-el-gouna-2024-2025\/#local-main-organization-logo\",\"url\":\"https:\/\/hurghadalovers.com\/wp-content\/uploads\/2019\/10\/hurghada-excursions-logo.png\",\"contentUrl\":\"https:\/\/hurghadalovers.com\/wp-content\/uploads\/2019\/10\/hurghada-excursions-logo.png\",\"width\":272,\"height\":90,\"caption\":\"Hurghada Excursions\"}]}<\/script>\n<meta property=\"product:brand\" content=\"Wczasy Egipt\" \/>\n<meta property=\"product:price:amount\" content=\"25\" \/>\n<meta property=\"product:price:currency\" content=\"EUR\" \/>\n<meta property=\"og:availability\" content=\"instock\" \/>\n<meta property=\"product:availability\" content=\"instock\" \/>\n<meta property=\"product:retailer_item_id\" content=\"gon3434344\" \/>\n<meta property=\"product:condition\" content=\"new\" \/>\n<meta name=\"geo.placename\" content=\"hurghada\" \/>\n<meta name=\"geo.region\" content=\"Egipt\" \/>\n<!-- \/ Yoast SEO Premium plugin. -->","yoast_head_json":{"title":"Dzia\u0142ania EL Gouna 2024\/2025 - Hurghada Excursions &amp; Day Trips | Booking Best Prices Tours","robots":{"index":"index","follow":"follow","max-snippet":"max-snippet:-1","max-image-preview":"max-image-preview:large","max-video-preview":"max-video-preview:-1"},"canonical":"https:\/\/hurghadalovers.com\/pl\/tours\/dzialania-el-gouna-2024-2025\/","og_locale":"pl_PL","og_type":"article","og_title":"Dzia\u0142ania EL Gouna 2024\/2025","og_description":"Dzia\u0142ania EL Gouna 2024\/2025","og_url":"https:\/\/hurghadalovers.com\/pl\/tours\/dzialania-el-gouna-2024-2025\/","og_site_name":"Hurghada Excursions &amp; Day Trips | Booking Best Prices Tours","article_publisher":"https:\/\/www.facebook.com\/Hurghadaloversegypt","article_modified_time":"2024-11-26T21:48:48+00:00","og_image":[{"width":1156,"height":867,"url":"https:\/\/hurghadalovers.com\/wp-content\/uploads\/2025\/02\/Hurghada-Excursions-Day-Trips-Booking-Best-Prices-Tours.jpeg","type":"image\/jpeg"}],"twitter_card":"summary_large_image","twitter_misc":{"Cena":"&euro;&nbsp;25","Dost\u0119pno\u015b\u0107":"Dost\u0119pny"},"schema":{"@context":"https:\/\/schema.org","@graph":[{"@type":["WebPage","ItemPage"],"@id":"https:\/\/hurghadalovers.com\/pl\/tours\/dzialania-el-gouna-2024-2025\/","url":"https:\/\/hurghadalovers.com\/pl\/tours\/dzialania-el-gouna-2024-2025\/","name":"Dzia\u0142ania EL Gouna 2024\/2025 - Hurghada Excursions &amp; Day Trips | Booking Best Prices Tours","isPartOf":{"@id":"https:\/\/hurghadalovers.com\/pl\/#website"},"datePublished":"2024-11-26T21:43:56+00:00","dateModified":"2024-11-26T21:48:48+00:00","breadcrumb":{"@id":"https:\/\/hurghadalovers.com\/pl\/tours\/dzialania-el-gouna-2024-2025\/#breadcrumb"},"inLanguage":"pl-PL","potentialAction":[{"@type":"ReadAction","target":["https:\/\/hurghadalovers.com\/pl\/tours\/dzialania-el-gouna-2024-2025\/"]}]},{"@type":"BreadcrumbList","@id":"https:\/\/hurghadalovers.com\/pl\/tours\/dzialania-el-gouna-2024-2025\/#breadcrumb","itemListElement":[{"@type":"ListItem","position":1,"name":"Home","item":"https:\/\/hurghadalovers.com\/pl\/"},{"@type":"ListItem","position":2,"name":"Shop","item":"https:\/\/hurghadalovers.com\/shop\/"},{"@type":"ListItem","position":3,"name":"Dzia\u0142ania EL Gouna 2024\/2025"}]},{"@type":"WebSite","@id":"https:\/\/hurghadalovers.com\/pl\/#website","url":"https:\/\/hurghadalovers.com\/pl\/","name":"Hurghada Excursions & Day Trips | Booking Best Prices Tours","description":"Hurghada Lovers - Best Tour Operator - Excursions &amp; Things to do for Family Day Trips with kids and Couples Romantic. Unique .Hidden gems","publisher":{"@id":"https:\/\/hurghadalovers.com\/pl\/#organization"},"alternateName":"Hurghada Excursions","potentialAction":[{"@type":"SearchAction","target":{"@type":"EntryPoint","urlTemplate":"https:\/\/hurghadalovers.com\/pl\/?s={search_term_string}"},"query-input":{"@type":"PropertyValueSpecification","valueRequired":true,"valueName":"search_term_string"}}],"inLanguage":"pl-PL"},{"@type":["Organization","Place","TravelAgency"],"@id":"https:\/\/hurghadalovers.com\/pl\/#organization","name":"Hurghada Excursions","url":"https:\/\/hurghadalovers.com\/pl\/","logo":{"@id":"https:\/\/hurghadalovers.com\/pl\/tours\/dzialania-el-gouna-2024-2025\/#local-main-organization-logo"},"image":{"@id":"https:\/\/hurghadalovers.com\/pl\/tours\/dzialania-el-gouna-2024-2025\/#local-main-organization-logo"},"sameAs":["https:\/\/www.facebook.com\/Hurghadaloversegypt"],"address":{"@id":"https:\/\/hurghadalovers.com\/pl\/tours\/dzialania-el-gouna-2024-2025\/#local-main-place-address"},"telephone":["00201112596434"],"contactPoint":{"@type":"ContactPoint","telephone":"00201112596434","email":"weyouface@gmail.com"},"openingHoursSpecification":{"@type":"OpeningHoursSpecification","dayOfWeek":["Monday","Tuesday","Wednesday","Thursday","Friday","Saturday","Sunday"],"opens":"00:00","closes":"23:59"},"email":"weyouface@gmail.com","areaServed":"Luxor, Hurghada, El Gouna, Aswan, Sharm El Sheikh, Giza, Alexandria, Marsa Alam, Quseir, Soma Bay, Sahl Hasheesh, Red Sea, Makadi Bay, Cairo","priceRange":"$","currenciesAccepted":"euro","paymentAccepted":"cash on site"},{"@type":"PostalAddress","@id":"https:\/\/hurghadalovers.com\/pl\/tours\/dzialania-el-gouna-2024-2025\/#local-main-place-address","streetAddress":"17 Banks street, Alkawther area, top nbk bank","addressLocality":"hurghada","postalCode":"84511","addressRegion":"red sea","addressCountry":"EG"},{"@type":"ImageObject","inLanguage":"pl-PL","@id":"https:\/\/hurghadalovers.com\/pl\/tours\/dzialania-el-gouna-2024-2025\/#local-main-organization-logo","url":"https:\/\/hurghadalovers.com\/wp-content\/uploads\/2019\/10\/hurghada-excursions-logo.png","contentUrl":"https:\/\/hurghadalovers.com\/wp-content\/uploads\/2019\/10\/hurghada-excursions-logo.png","width":272,"height":90,"caption":"Hurghada Excursions"}]},"product_brand":"Wczasy Egipt","product_price_amount":"25","product_price_currency":"EUR","og_availability":"instock","product_availability":"instock","product_retailer_item_id":"gon3434344","product_condition":"new","geo.placename":"hurghada","geo.region":"Egipt"},"_links":{"self":[{"href":"https:\/\/hurghadalovers.com\/pl\/wp-json\/wp\/v2\/product\/482863","targetHints":{"allow":["GET"]}}],"collection":[{"href":"https:\/\/hurghadalovers.com\/pl\/wp-json\/wp\/v2\/product"}],"about":[{"href":"https:\/\/hurghadalovers.com\/pl\/wp-json\/wp\/v2\/types\/product"}],"wp:attachment":[{"href":"https:\/\/hurghadalovers.com\/pl\/wp-json\/wp\/v2\/media?parent=482863"}],"wp:term":[{"taxonomy":"product_brand","embeddable":true,"href":"https:\/\/hurghadalovers.com\/pl\/wp-json\/wp\/v2\/product_brand?post=482863"},{"taxonomy":"product_cat","embeddable":true,"href":"https:\/\/hurghadalovers.com\/pl\/wp-json\/wp\/v2\/product_cat?post=482863"},{"taxonomy":"product_tag","embeddable":true,"href":"https:\/\/hurghadalovers.com\/pl\/wp-json\/wp\/v2\/product_tag?post=482863"}],"curies":[{"name":"wp","href":"https:\/\/api.w.org\/{rel}","templated":true}]}}