{"id":482838,"date":"2024-11-26T21:09:04","date_gmt":"2024-11-26T21:19:31","guid":{"rendered":"https:\/\/hurghadalovers.com\/product\/dzialania-w-zatoce-soma-2024-2025\/"},"modified":"2024-11-26T21:27:27","modified_gmt":"2024-11-26T21:27:27","slug":"dzialania-w-zatoce-soma-2024-2025","status":"publish","type":"product","link":"https:\/\/hurghadalovers.com\/pl\/tours\/dzialania-w-zatoce-soma-2024-2025\/","title":{"rendered":"Dzia\u0142ania w zatoce Soma 2024\/2025"},"content":{"rendered":"<p>Dzia\u0142ania w zatoce Soma 2024\/2025<\/p>\n","protected":false},"excerpt":{"rendered":"<p>Dzia\u0142ania w zatoce Soma 2024\/2025<\/p>\n","protected":false},"featured_media":0,"template":"","meta":{"_joinchat":[]},"product_brand":[],"product_cat":[36264],"product_tag":[55709,55675,55636,55395,55440,55505,55773,55562,55333,55355,55529,55649,55457,55402,55382,55782,55749,55594,55326,55803,55816,55731,55304,55618,55375,55497,55489,55793,55361,55465,55315,55788,55338,55435,55349,51236,51221,55602,55632,55368,55572,55717,55248,55724,55743,55586,55669,55753,55778,55662,55681,55688,55256,55240,55624,55643,55278,55579,55285,55610,55547,55297,55767,55513,55264,55429,55656,55415,55389,55481,55798,55809,55473,55539,55553,55738,55309,55521,55408,55344,55321,55822,55757,55699,55271,55291,55694,55762,55421,55449],"class_list":{"0":"post-482838","1":"product","2":"type-product","3":"status-publish","5":"product_cat-tours-pl","6":"product_tag-aktywnosci-dla-maluchow-od-soma-bay","7":"product_tag-atrakcje-w-zatoce-soma-dla-par","8":"product_tag-atv-soma-bay-pl","9":"product_tag-autobus-z-soma-bay-do-luksoru","10":"product_tag-balon-na-ogrzane-powietrze-soma-bay","11":"product_tag-bobos-soma-bay-watersports-pl","12":"product_tag-buggy-tour-soma-bay-pl","13":"product_tag-ciekawe-miejsca-z-soma-bay-do-ktorych-warto-wybrac-sie-z-rodzina","14":"product_tag-czartery-lodzi-w-zatoce-soma","15":"product_tag-dolphin-house-soma-bay-pl","16":"product_tag-dzialania-w-zatoce-soma","17":"product_tag-jazda-na-wielbladzie-soma-bay","18":"product_tag-jednodniowa-wycieczka-do-kairu-z-soma-bay","19":"product_tag-jednodniowa-wycieczka-do-luksoru-z-soma-bay","20":"product_tag-jednodniowa-wycieczka-z-soma-bay-do-luksoru","21":"product_tag-jednodniowe-wycieczki-z-soma-bay","22":"product_tag-jeep-safari-soma-bay-pl","23":"product_tag-kryte-atrakcje-dla-par-soma-bay","24":"product_tag-lodz-motorowa-soma-bay","25":"product_tag-lodz-podwodna-soma-bay","26":"product_tag-lodz-ze-szklanym-dnem-soma-bay","27":"product_tag-miejsca-warte-odwiedzenia-w-soma-bay","28":"product_tag-nurkowanie-soma-bay","29":"product_tag-obserwacja-gwiazd-w-zatoce-soma","30":"product_tag-orange-bay-island-soma-bay-pl","31":"product_tag-paralotniarstwo-soma-bay","32":"product_tag-parasailing-soma-bay-pl","33":"product_tag-park-wodny-soma-bay","34":"product_tag-piracka-lodz-soma-bay","35":"product_tag-piramidy-z-zatoki-soma","36":"product_tag-plywanie-z-delfinami-soma-bay","37":"product_tag-pokaz-delfinow-w-zatoce-soma","38":"product_tag-prywatna-lodz-soma-bay","39":"product_tag-prywatna-wycieczka-do-luksoru-z-soma-bay","40":"product_tag-prywatna-wycieczka-lodzia-po-zatoce-soma","41":"product_tag-prywatne-wycieczki-po-kairze","42":"product_tag-prywatne-wycieczki-po-luksorze","43":"product_tag-pustynne-safari-soma-bay","44":"product_tag-quad-biking-soma-bay-pl","45":"product_tag-rajska-wyspa-soma-bay","46":"product_tag-rodzinne-atrakcje-w-miejscu-takim-jak-soma-bay","47":"product_tag-rodzinne-atrakcje-z-soma-bay","48":"product_tag-rodzinne-miejsca-rozrywki-z-soma-bay","49":"product_tag-rodzinne-wycieczki-z-soma-bay","50":"product_tag-romantyczne-atrakcje-dla-par-w-soma-bay","51":"product_tag-romantyczne-rzeczy-do-zrobienia-w-miejscu-takim-jak-soma-bay","52":"product_tag-romantyczne-rzeczy-do-zrobienia-z-soma-bay","53":"product_tag-romantyczne-wycieczki-po-zatoce-soma","54":"product_tag-rzeczy-do-zobaczenia-w-miejscu-takim-jak-soma-bay","55":"product_tag-rzeczy-do-zrobienia-w-soma-bay","56":"product_tag-rzeczy-do-zrobienia-w-soma-bay-dla-par","57":"product_tag-rzeczy-do-zrobienia-z-dziecmi-z-soma-bay","58":"product_tag-rzeczy-do-zrobienia-z-niemowletami-z-soma-bay","59":"product_tag-rzeczy-do-zrobienia-z-rodzina-z-soma-bay","60":"product_tag-safari-sahara-soma-bay-pl","61":"product_tag-safari-tour-soma-bay-pl","62":"product_tag-soma-bay-atrakcje-dla-calej-rodziny","63":"product_tag-soma-bay-niedrogie-wycieczki-dla-rodzin","64":"product_tag-soma-bay-wycieczki-przyjazne-dzieciom","65":"product_tag-soma-bay-buggy-safari-pl","66":"product_tag-soma-bay-co-robic","67":"product_tag-soma-bay-snorkeling-trips-pl","68":"product_tag-super-safari-soma-bay-pl","69":"product_tag-surfing-w-zatoce-soma","70":"product_tag-tanie-rodzinne-wyjazdy-z-soma-bay","71":"product_tag-transfer-z-luksoru-do-soma-bay","72":"product_tag-wioska-beduinow-soma-bay","73":"product_tag-wycieczka-do-luksoru-z-soma-bay-pl","74":"product_tag-wycieczka-do-luksoru-z-soma-bay","75":"product_tag-wycieczka-jednodniowa-z-soma-bay-do-piramid","76":"product_tag-wycieczka-lodzia-podwodna-po-zatoce-soma","77":"product_tag-wycieczka-lodzia-podwodna-soma-bay","78":"product_tag-wycieczka-z-soma-bay-do-kairu","79":"product_tag-wycieczki-jednodniowe-do-zatoki-soma","80":"product_tag-wycieczki-jednodniowe-po-zatoce-soma","81":"product_tag-wycieczki-jednodniowe-z-soma-bay","82":"product_tag-wycieczki-lodzia-po-zatoce-soma","83":"product_tag-wycieczki-po-zatoce-soma","84":"product_tag-wycieczki-z-soma-bay-do-luksoru","85":"product_tag-wypozyczalnia-lodzi-soma-bay","86":"product_tag-wyspa-giftun-zatoka-soma","87":"product_tag-wyspa-utopia-zatoka-soma","88":"product_tag-zabawne-zajecia-rodzinne-z-soma-bay","89":"product_tag-zabawy-pod-dachem-od-soma-bay","90":"product_tag-zajecia-dla-2-latkow-z-soma-bay","91":"product_tag-zajecia-dla-dzieci-w-soma-bay","92":"product_tag-zajecia-dla-dzieci-z-soma-bay","93":"product_tag-zajecia-dla-nastolatkow-z-soma-bay","94":"product_tag-zatoka-soma-do-doliny-krolow","95":"product_tag-zatoka-soma-do-piramid","96":"tour_category-egypt-tours-pl","98":"first","99":"instock","100":"sale","101":"shipping-taxable","102":"purchasable","103":"product-type-tour"},"yoast_head":"<!-- This site is optimized with the Yoast SEO Premium plugin v26.9 (Yoast SEO v27.2) - https:\/\/yoast.com\/product\/yoast-seo-premium-wordpress\/ -->\n<title>Dzia\u0142ania w zatoce Soma 2024\/2025 - Hurghada Excursions &amp; Day Trips | Booking Best Prices Tours<\/title>\n<meta name=\"robots\" content=\"index, follow, max-snippet:-1, max-image-preview:large, max-video-preview:-1\" \/>\n<link rel=\"canonical\" href=\"https:\/\/hurghadalovers.com\/pl\/tours\/dzialania-w-zatoce-soma-2024-2025\/\" \/>\n<meta property=\"og:locale\" content=\"pl_PL\" \/>\n<meta property=\"og:type\" content=\"article\" \/>\n<meta property=\"og:title\" content=\"Dzia\u0142ania w zatoce Soma 2024\/2025\" \/>\n<meta property=\"og:description\" content=\"Dzia\u0142ania w zatoce Soma 2024\/2025\" \/>\n<meta property=\"og:url\" content=\"https:\/\/hurghadalovers.com\/pl\/tours\/dzialania-w-zatoce-soma-2024-2025\/\" \/>\n<meta property=\"og:site_name\" content=\"Hurghada Excursions &amp; Day Trips | Booking Best Prices Tours\" \/>\n<meta property=\"article:publisher\" content=\"https:\/\/www.facebook.com\/Hurghadaloversegypt\" \/>\n<meta property=\"article:modified_time\" content=\"2024-11-26T21:27:27+00:00\" \/>\n<meta property=\"og:image\" content=\"https:\/\/hurghadalovers.com\/wp-content\/uploads\/2025\/02\/Hurghada-Excursions-Day-Trips-Booking-Best-Prices-Tours.jpeg\" \/>\n\t<meta property=\"og:image:width\" content=\"1156\" \/>\n\t<meta property=\"og:image:height\" content=\"867\" \/>\n\t<meta property=\"og:image:type\" content=\"image\/jpeg\" \/>\n<meta name=\"twitter:card\" content=\"summary_large_image\" \/>\n<meta name=\"twitter:label1\" content=\"Cena\" \/>\n\t<meta name=\"twitter:data1\" content=\"&euro;&nbsp;23\" \/>\n\t<meta name=\"twitter:label2\" content=\"Dost\u0119pno\u015b\u0107\" \/>\n\t<meta name=\"twitter:data2\" content=\"Dost\u0119pny\" \/>\n<script type=\"application\/ld+json\" class=\"yoast-schema-graph\">{\"@context\":\"https:\/\/schema.org\",\"@graph\":[{\"@type\":[\"WebPage\",\"ItemPage\"],\"@id\":\"https:\/\/hurghadalovers.com\/pl\/tours\/dzialania-w-zatoce-soma-2024-2025\/\",\"url\":\"https:\/\/hurghadalovers.com\/pl\/tours\/dzialania-w-zatoce-soma-2024-2025\/\",\"name\":\"Dzia\u0142ania w zatoce Soma 2024\/2025 - Hurghada Excursions &amp; Day Trips | Booking Best Prices Tours\",\"isPartOf\":{\"@id\":\"https:\/\/hurghadalovers.com\/pl\/#website\"},\"datePublished\":\"2024-11-26T21:19:31+00:00\",\"dateModified\":\"2024-11-26T21:27:27+00:00\",\"breadcrumb\":{\"@id\":\"https:\/\/hurghadalovers.com\/pl\/tours\/dzialania-w-zatoce-soma-2024-2025\/#breadcrumb\"},\"inLanguage\":\"pl-PL\",\"potentialAction\":[{\"@type\":\"ReadAction\",\"target\":[\"https:\/\/hurghadalovers.com\/pl\/tours\/dzialania-w-zatoce-soma-2024-2025\/\"]}]},{\"@type\":\"BreadcrumbList\",\"@id\":\"https:\/\/hurghadalovers.com\/pl\/tours\/dzialania-w-zatoce-soma-2024-2025\/#breadcrumb\",\"itemListElement\":[{\"@type\":\"ListItem\",\"position\":1,\"name\":\"Home\",\"item\":\"https:\/\/hurghadalovers.com\/pl\/\"},{\"@type\":\"ListItem\",\"position\":2,\"name\":\"Shop\",\"item\":\"https:\/\/hurghadalovers.com\/shop\/\"},{\"@type\":\"ListItem\",\"position\":3,\"name\":\"Dzia\u0142ania w zatoce Soma 2024\/2025\"}]},{\"@type\":\"WebSite\",\"@id\":\"https:\/\/hurghadalovers.com\/pl\/#website\",\"url\":\"https:\/\/hurghadalovers.com\/pl\/\",\"name\":\"Hurghada Excursions & Day Trips | Booking Best Prices Tours\",\"description\":\"Hurghada Lovers - Best Tour Operator - Excursions &amp; Things to do for Family Day Trips with kids and Couples Romantic. Unique .Hidden gems\",\"publisher\":{\"@id\":\"https:\/\/hurghadalovers.com\/pl\/#organization\"},\"alternateName\":\"Hurghada Excursions\",\"potentialAction\":[{\"@type\":\"SearchAction\",\"target\":{\"@type\":\"EntryPoint\",\"urlTemplate\":\"https:\/\/hurghadalovers.com\/pl\/?s={search_term_string}\"},\"query-input\":{\"@type\":\"PropertyValueSpecification\",\"valueRequired\":true,\"valueName\":\"search_term_string\"}}],\"inLanguage\":\"pl-PL\"},{\"@type\":[\"Organization\",\"Place\",\"TravelAgency\"],\"@id\":\"https:\/\/hurghadalovers.com\/pl\/#organization\",\"name\":\"Hurghada Excursions\",\"url\":\"https:\/\/hurghadalovers.com\/pl\/\",\"logo\":{\"@id\":\"https:\/\/hurghadalovers.com\/pl\/tours\/dzialania-w-zatoce-soma-2024-2025\/#local-main-organization-logo\"},\"image\":{\"@id\":\"https:\/\/hurghadalovers.com\/pl\/tours\/dzialania-w-zatoce-soma-2024-2025\/#local-main-organization-logo\"},\"sameAs\":[\"https:\/\/www.facebook.com\/Hurghadaloversegypt\"],\"address\":{\"@id\":\"https:\/\/hurghadalovers.com\/pl\/tours\/dzialania-w-zatoce-soma-2024-2025\/#local-main-place-address\"},\"telephone\":[\"00201112596434\"],\"contactPoint\":{\"@type\":\"ContactPoint\",\"telephone\":\"00201112596434\",\"email\":\"weyouface@gmail.com\"},\"openingHoursSpecification\":{\"@type\":\"OpeningHoursSpecification\",\"dayOfWeek\":[\"Monday\",\"Tuesday\",\"Wednesday\",\"Thursday\",\"Friday\",\"Saturday\",\"Sunday\"],\"opens\":\"00:00\",\"closes\":\"23:59\"},\"email\":\"weyouface@gmail.com\",\"areaServed\":\"Luxor, Hurghada, El Gouna, Aswan, Sharm El Sheikh, Giza, Alexandria, Marsa Alam, Quseir, Soma Bay, Sahl Hasheesh, Red Sea, Makadi Bay, Cairo\",\"priceRange\":\"$\",\"currenciesAccepted\":\"euro\",\"paymentAccepted\":\"cash on site\"},{\"@type\":\"PostalAddress\",\"@id\":\"https:\/\/hurghadalovers.com\/pl\/tours\/dzialania-w-zatoce-soma-2024-2025\/#local-main-place-address\",\"streetAddress\":\"17 Banks street, Alkawther area, top nbk bank\",\"addressLocality\":\"hurghada\",\"postalCode\":\"84511\",\"addressRegion\":\"red sea\",\"addressCountry\":\"EG\"},{\"@type\":\"ImageObject\",\"inLanguage\":\"pl-PL\",\"@id\":\"https:\/\/hurghadalovers.com\/pl\/tours\/dzialania-w-zatoce-soma-2024-2025\/#local-main-organization-logo\",\"url\":\"https:\/\/hurghadalovers.com\/wp-content\/uploads\/2019\/10\/hurghada-excursions-logo.png\",\"contentUrl\":\"https:\/\/hurghadalovers.com\/wp-content\/uploads\/2019\/10\/hurghada-excursions-logo.png\",\"width\":272,\"height\":90,\"caption\":\"Hurghada Excursions\"}]}<\/script>\n<meta property=\"product:brand\" content=\"Wczasy Egipt\" \/>\n<meta property=\"product:price:amount\" content=\"23\" \/>\n<meta property=\"product:price:currency\" content=\"EUR\" \/>\n<meta property=\"og:availability\" content=\"instock\" \/>\n<meta property=\"product:availability\" content=\"instock\" \/>\n<meta property=\"product:retailer_item_id\" content=\"soma99343434\" \/>\n<meta property=\"product:condition\" content=\"new\" \/>\n<meta name=\"geo.placename\" content=\"hurghada\" \/>\n<meta name=\"geo.region\" content=\"Egipt\" \/>\n<!-- \/ Yoast SEO Premium plugin. -->","yoast_head_json":{"title":"Dzia\u0142ania w zatoce Soma 2024\/2025 - Hurghada Excursions &amp; Day Trips | Booking Best Prices Tours","robots":{"index":"index","follow":"follow","max-snippet":"max-snippet:-1","max-image-preview":"max-image-preview:large","max-video-preview":"max-video-preview:-1"},"canonical":"https:\/\/hurghadalovers.com\/pl\/tours\/dzialania-w-zatoce-soma-2024-2025\/","og_locale":"pl_PL","og_type":"article","og_title":"Dzia\u0142ania w zatoce Soma 2024\/2025","og_description":"Dzia\u0142ania w zatoce Soma 2024\/2025","og_url":"https:\/\/hurghadalovers.com\/pl\/tours\/dzialania-w-zatoce-soma-2024-2025\/","og_site_name":"Hurghada Excursions &amp; Day Trips | Booking Best Prices Tours","article_publisher":"https:\/\/www.facebook.com\/Hurghadaloversegypt","article_modified_time":"2024-11-26T21:27:27+00:00","og_image":[{"width":1156,"height":867,"url":"https:\/\/hurghadalovers.com\/wp-content\/uploads\/2025\/02\/Hurghada-Excursions-Day-Trips-Booking-Best-Prices-Tours.jpeg","type":"image\/jpeg"}],"twitter_card":"summary_large_image","twitter_misc":{"Cena":"&euro;&nbsp;23","Dost\u0119pno\u015b\u0107":"Dost\u0119pny"},"schema":{"@context":"https:\/\/schema.org","@graph":[{"@type":["WebPage","ItemPage"],"@id":"https:\/\/hurghadalovers.com\/pl\/tours\/dzialania-w-zatoce-soma-2024-2025\/","url":"https:\/\/hurghadalovers.com\/pl\/tours\/dzialania-w-zatoce-soma-2024-2025\/","name":"Dzia\u0142ania w zatoce Soma 2024\/2025 - Hurghada Excursions &amp; Day Trips | Booking Best Prices Tours","isPartOf":{"@id":"https:\/\/hurghadalovers.com\/pl\/#website"},"datePublished":"2024-11-26T21:19:31+00:00","dateModified":"2024-11-26T21:27:27+00:00","breadcrumb":{"@id":"https:\/\/hurghadalovers.com\/pl\/tours\/dzialania-w-zatoce-soma-2024-2025\/#breadcrumb"},"inLanguage":"pl-PL","potentialAction":[{"@type":"ReadAction","target":["https:\/\/hurghadalovers.com\/pl\/tours\/dzialania-w-zatoce-soma-2024-2025\/"]}]},{"@type":"BreadcrumbList","@id":"https:\/\/hurghadalovers.com\/pl\/tours\/dzialania-w-zatoce-soma-2024-2025\/#breadcrumb","itemListElement":[{"@type":"ListItem","position":1,"name":"Home","item":"https:\/\/hurghadalovers.com\/pl\/"},{"@type":"ListItem","position":2,"name":"Shop","item":"https:\/\/hurghadalovers.com\/shop\/"},{"@type":"ListItem","position":3,"name":"Dzia\u0142ania w zatoce Soma 2024\/2025"}]},{"@type":"WebSite","@id":"https:\/\/hurghadalovers.com\/pl\/#website","url":"https:\/\/hurghadalovers.com\/pl\/","name":"Hurghada Excursions & Day Trips | Booking Best Prices Tours","description":"Hurghada Lovers - Best Tour Operator - Excursions &amp; Things to do for Family Day Trips with kids and Couples Romantic. Unique .Hidden gems","publisher":{"@id":"https:\/\/hurghadalovers.com\/pl\/#organization"},"alternateName":"Hurghada Excursions","potentialAction":[{"@type":"SearchAction","target":{"@type":"EntryPoint","urlTemplate":"https:\/\/hurghadalovers.com\/pl\/?s={search_term_string}"},"query-input":{"@type":"PropertyValueSpecification","valueRequired":true,"valueName":"search_term_string"}}],"inLanguage":"pl-PL"},{"@type":["Organization","Place","TravelAgency"],"@id":"https:\/\/hurghadalovers.com\/pl\/#organization","name":"Hurghada Excursions","url":"https:\/\/hurghadalovers.com\/pl\/","logo":{"@id":"https:\/\/hurghadalovers.com\/pl\/tours\/dzialania-w-zatoce-soma-2024-2025\/#local-main-organization-logo"},"image":{"@id":"https:\/\/hurghadalovers.com\/pl\/tours\/dzialania-w-zatoce-soma-2024-2025\/#local-main-organization-logo"},"sameAs":["https:\/\/www.facebook.com\/Hurghadaloversegypt"],"address":{"@id":"https:\/\/hurghadalovers.com\/pl\/tours\/dzialania-w-zatoce-soma-2024-2025\/#local-main-place-address"},"telephone":["00201112596434"],"contactPoint":{"@type":"ContactPoint","telephone":"00201112596434","email":"weyouface@gmail.com"},"openingHoursSpecification":{"@type":"OpeningHoursSpecification","dayOfWeek":["Monday","Tuesday","Wednesday","Thursday","Friday","Saturday","Sunday"],"opens":"00:00","closes":"23:59"},"email":"weyouface@gmail.com","areaServed":"Luxor, Hurghada, El Gouna, Aswan, Sharm El Sheikh, Giza, Alexandria, Marsa Alam, Quseir, Soma Bay, Sahl Hasheesh, Red Sea, Makadi Bay, Cairo","priceRange":"$","currenciesAccepted":"euro","paymentAccepted":"cash on site"},{"@type":"PostalAddress","@id":"https:\/\/hurghadalovers.com\/pl\/tours\/dzialania-w-zatoce-soma-2024-2025\/#local-main-place-address","streetAddress":"17 Banks street, Alkawther area, top nbk bank","addressLocality":"hurghada","postalCode":"84511","addressRegion":"red sea","addressCountry":"EG"},{"@type":"ImageObject","inLanguage":"pl-PL","@id":"https:\/\/hurghadalovers.com\/pl\/tours\/dzialania-w-zatoce-soma-2024-2025\/#local-main-organization-logo","url":"https:\/\/hurghadalovers.com\/wp-content\/uploads\/2019\/10\/hurghada-excursions-logo.png","contentUrl":"https:\/\/hurghadalovers.com\/wp-content\/uploads\/2019\/10\/hurghada-excursions-logo.png","width":272,"height":90,"caption":"Hurghada Excursions"}]},"product_brand":"Wczasy Egipt","product_price_amount":"23","product_price_currency":"EUR","og_availability":"instock","product_availability":"instock","product_retailer_item_id":"soma99343434","product_condition":"new","geo.placename":"hurghada","geo.region":"Egipt"},"_links":{"self":[{"href":"https:\/\/hurghadalovers.com\/pl\/wp-json\/wp\/v2\/product\/482838","targetHints":{"allow":["GET"]}}],"collection":[{"href":"https:\/\/hurghadalovers.com\/pl\/wp-json\/wp\/v2\/product"}],"about":[{"href":"https:\/\/hurghadalovers.com\/pl\/wp-json\/wp\/v2\/types\/product"}],"wp:attachment":[{"href":"https:\/\/hurghadalovers.com\/pl\/wp-json\/wp\/v2\/media?parent=482838"}],"wp:term":[{"taxonomy":"product_brand","embeddable":true,"href":"https:\/\/hurghadalovers.com\/pl\/wp-json\/wp\/v2\/product_brand?post=482838"},{"taxonomy":"product_cat","embeddable":true,"href":"https:\/\/hurghadalovers.com\/pl\/wp-json\/wp\/v2\/product_cat?post=482838"},{"taxonomy":"product_tag","embeddable":true,"href":"https:\/\/hurghadalovers.com\/pl\/wp-json\/wp\/v2\/product_tag?post=482838"}],"curies":[{"name":"wp","href":"https:\/\/api.w.org\/{rel}","templated":true}]}}