{"id":482813,"date":"2024-11-26T20:55:26","date_gmt":"2024-11-26T21:06:10","guid":{"rendered":"https:\/\/hurghadalovers.com\/product\/dzialalnosc-sahl-hasheesh-2024-2025\/"},"modified":"2024-11-26T21:07:28","modified_gmt":"2024-11-26T21:07:28","slug":"dzialalnosc-sahl-hasheesh-2024-2025","status":"publish","type":"product","link":"https:\/\/hurghadalovers.com\/pl\/tours\/dzialalnosc-sahl-hasheesh-2024-2025\/","title":{"rendered":"Dzia\u0142alno\u015b\u0107 Sahl Hasheesh 2024\/2025"},"content":{"rendered":"<p>Dzia\u0142alno\u015b\u0107 Sahl Hasheesh 2024\/2025<\/p>\n","protected":false},"excerpt":{"rendered":"<p>Dzia\u0142alno\u015b\u0107 Sahl Hasheesh 2024\/2025<\/p>\n","protected":false},"featured_media":0,"template":"","meta":{"_joinchat":[]},"product_brand":[],"product_cat":[36264],"product_tag":[53695,53680,49907,53748,53771,49927,53803,53786,53671,49915,53626,53751,53743,53645,49861,53820,49870,53799,53621,53609,49863,53776,53783,53638,53634,53665,53798,53630,53792,53653,53807,53767,53816,51236,51221,49903,53779,53725,53619,53698,53649,49867,53715,53677,53711,53707,53668,53683,53686,53734,53723,49889,49899,49911,49881,53657,49884,49894,53701,53763,53624,53773,53828,49923,53824,53831,53738,53760,53612,49919,53757,53746,53606,53603,53641,53704,53674,49864,53789,53661,53754,53812,53795,53615,53717,53692,49876,53729,53689,53720],"class_list":{"0":"post-482813","1":"product","2":"type-product","3":"status-publish","5":"product_cat-tours-pl","6":"product_tag-aktywnosci-dla-maluchow-od-sahl-hasheesh","7":"product_tag-aktywnosci-w-sahl-hasheesh-dla-par","8":"product_tag-atv-sahl-hasheesh-pl","9":"product_tag-autobus-z-sahl-hasheesh-do-luksoru","10":"product_tag-balon-na-ogrzane-powietrze-sahl-hasheesh-pl","11":"product_tag-buggy-tour-sahl-hasheesh-pl","12":"product_tag-czarter-lodzi-w-sahl-hasheesh","13":"product_tag-dolphin-house-sahl-hasheesh-pl","14":"product_tag-dzialania-w-sahl-hasheesh","15":"product_tag-jazda-na-wielbladzie-sahl-hasheesh","16":"product_tag-jednodniowa-wycieczka-do-kairu-z-sahl-hasheesh","17":"product_tag-jednodniowa-wycieczka-do-luksoru-z-sahl-hasheesh","18":"product_tag-jednodniowa-wycieczka-z-sahl-hasheesh-do-luksoru","19":"product_tag-jednodniowa-wycieczka-z-sahl-hasheesh-do-piramid","20":"product_tag-jednodniowe-wycieczki-z-sahl-hasheesh","21":"product_tag-jeep-safari-sahl-hasheesh-pl","22":"product_tag-kryte-atrakcje-dla-par-w-sahl-hasheesh","23":"product_tag-lodz-motorowa-sahl-hasheesh","24":"product_tag-lodz-podwodna-sahl-hasheesh","25":"product_tag-lodz-ze-szklanym-dnem-sahl-hasheesh","26":"product_tag-miejsca-warte-odwiedzenia-w-sahl-hasheesh","27":"product_tag-nurkowanie-sahl-hasheesh","28":"product_tag-orange-bay-island-sahl-hasheesh-pl","29":"product_tag-paralotniarstwo-sahl-hasheesh","30":"product_tag-parasailing-sahl-hasheesh-pl","31":"product_tag-park-wodny-sahl-hasheesh","32":"product_tag-piracka-lodz-sahl-hasheesh","33":"product_tag-piramidy-z-sahl-hasheesh","34":"product_tag-plywanie-z-delfinami-sahl-hasheesh","35":"product_tag-pokaz-delfinow-w-sahl-hasheesh","36":"product_tag-prywatna-lodz-sahl-hasheesh","37":"product_tag-prywatna-wycieczka-do-luksoru-z-sahl-hasheesh","38":"product_tag-prywatna-wycieczka-lodzia-po-sahl-hasheesh","39":"product_tag-prywatne-wycieczki-po-kairze","40":"product_tag-prywatne-wycieczki-po-luksorze","41":"product_tag-quad-biking-sahl-hasheesh-pl","42":"product_tag-rajska-wyspa-sahl-hasheesh","43":"product_tag-rodzinne-atrakcje-w-miejscu-takim-jak-sahl-hasheesh-pl-2","44":"product_tag-rodzinne-atrakcje-w-miejscu-takim-jak-sahl-hasheesh-pl","45":"product_tag-rodzinne-atrakcje-w-sahl-hasheesh","46":"product_tag-rodzinne-wycieczki-z-sahl-hasheesh","47":"product_tag-romantyczne-atrakcje-dla-par-w-sahl-hasheesh","48":"product_tag-romantyczne-rzeczy-do-zrobienia-w-miejscu-takim-jak-sahl-hasheesh-pl","49":"product_tag-romantyczne-rzeczy-do-zrobienia-w-sahl-hasheesh","50":"product_tag-romantyczne-wycieczki-do-sahl-hasheesh","51":"product_tag-rzeczy-do-zobaczenia-w-miejscu-takim-jak-sahl-hasheesh","52":"product_tag-rzeczy-do-zrobienia-w-sahl-hasheesh","53":"product_tag-rzeczy-do-zrobienia-w-sahl-hasheesh-dla-par","54":"product_tag-rzeczy-do-zrobienia-z-dziecmi-z-sahl-hasheesh","55":"product_tag-rzeczy-do-zrobienia-z-niemowletami-z-sahl-hasheesh","56":"product_tag-rzeczy-do-zrobienia-z-rodzina-z-sahl-hasheesh","57":"product_tag-safari-na-pustyni-sahl-hasheesh","58":"product_tag-safari-sahara-sahl-hasheesh-pl","59":"product_tag-safari-tour-sahl-hasheesh-pl","60":"product_tag-sahl-hasheesh-atrakcje-dla-calej-rodziny","61":"product_tag-sahl-hasheesh-niedrogie-wycieczki-dla-rodzin","62":"product_tag-sahl-hasheesh-wycieczki-przyjazne-dzieciom","63":"product_tag-sahl-hasheesh-buggy-safari-pl","64":"product_tag-sahl-hasheesh-co-robic","65":"product_tag-sahl-hasheesh-do-doliny-krolow","66":"product_tag-sahl-hasheesh-do-piramid-pl","67":"product_tag-sahl-hasheesh-wycieczki-z-rurka","68":"product_tag-sporty-wodne-w-bobos-sahl-hasheesh","69":"product_tag-star-gazing-sahl-hasheesh-pl","70":"product_tag-super-safari-sahl-hasheesh-pl","71":"product_tag-surfing-w-sahl-hasheesh","72":"product_tag-tanie-rodzinne-wyjazdy-z-sahl-hasheesh","73":"product_tag-transfer-z-luksoru-do-sahl-hasheesh","74":"product_tag-utopia-island-sahl-hasheesh-pl","75":"product_tag-wioska-beduinow-sahl-hasheesh","76":"product_tag-wycieczka-do-luksoru-z-sahl-hasheesh-pl","77":"product_tag-wycieczka-do-luksoru-z-sahl-hasheesh","78":"product_tag-wycieczka-lodzia-podwodna-sahl-hasheesh-pl","79":"product_tag-wycieczka-lodzia-podwodna-sahl-hasheesh","80":"product_tag-wycieczka-z-sahl-hasheesh-do-kairu","81":"product_tag-wycieczki-jednodniowe-do-sahl-hasheesh-pl","82":"product_tag-wycieczki-jednodniowe-do-sahl-hasheesh","83":"product_tag-wycieczki-jednodniowe-z-sahl-hasheesh","84":"product_tag-wycieczki-lodzia-po-sahl-hasheesh","85":"product_tag-wycieczki-sahl-hasheesh","86":"product_tag-wycieczki-z-sahl-hasheesh-do-luksoru","87":"product_tag-wynajem-lodzi-sahl-hasheesh","88":"product_tag-wyspa-giftun-sahl-hasheesh","89":"product_tag-zabawne-miejsca-z-rodzina-od-sahl-hasheesh","90":"product_tag-zabawne-zajecia-rodzinne-w-sahl-hasheesh","91":"product_tag-zabawy-w-pomieszczeniach-od-sahl-hasheesh","92":"product_tag-zajecia-dla-2-latkow-z-sahl-hasheesh","93":"product_tag-zajecia-dla-dzieci-w-sahl-hasheesh","94":"product_tag-zajecia-dla-dzieci-z-sahl-hasheesh","95":"product_tag-zajecia-dla-nastolatkow-z-sahl-hasheesh","96":"tour_category-egypt-tours-pl","98":"first","99":"instock","100":"sale","101":"shipping-taxable","102":"purchasable","103":"product-type-tour"},"yoast_head":"<!-- This site is optimized with the Yoast SEO Premium plugin v26.9 (Yoast SEO v27.2) - https:\/\/yoast.com\/product\/yoast-seo-premium-wordpress\/ -->\n<title>Dzia\u0142alno\u015b\u0107 Sahl Hasheesh 2024\/2025 - Hurghada Excursions &amp; Day Trips | Booking Best Prices Tours<\/title>\n<meta name=\"robots\" content=\"index, follow, max-snippet:-1, max-image-preview:large, max-video-preview:-1\" \/>\n<link rel=\"canonical\" href=\"https:\/\/hurghadalovers.com\/pl\/tours\/dzialalnosc-sahl-hasheesh-2024-2025\/\" \/>\n<meta property=\"og:locale\" content=\"pl_PL\" \/>\n<meta property=\"og:type\" content=\"article\" \/>\n<meta property=\"og:title\" content=\"Dzia\u0142alno\u015b\u0107 Sahl Hasheesh 2024\/2025\" \/>\n<meta property=\"og:description\" content=\"Dzia\u0142alno\u015b\u0107 Sahl Hasheesh 2024\/2025\" \/>\n<meta property=\"og:url\" content=\"https:\/\/hurghadalovers.com\/pl\/tours\/dzialalnosc-sahl-hasheesh-2024-2025\/\" \/>\n<meta property=\"og:site_name\" content=\"Hurghada Excursions &amp; Day Trips | Booking Best Prices Tours\" \/>\n<meta property=\"article:publisher\" content=\"https:\/\/www.facebook.com\/Hurghadaloversegypt\" \/>\n<meta property=\"article:modified_time\" content=\"2024-11-26T21:07:28+00:00\" \/>\n<meta property=\"og:image\" content=\"https:\/\/hurghadalovers.com\/wp-content\/uploads\/2025\/02\/Hurghada-Excursions-Day-Trips-Booking-Best-Prices-Tours.jpeg\" \/>\n\t<meta property=\"og:image:width\" content=\"1156\" \/>\n\t<meta property=\"og:image:height\" content=\"867\" \/>\n\t<meta property=\"og:image:type\" content=\"image\/jpeg\" \/>\n<meta name=\"twitter:card\" content=\"summary_large_image\" \/>\n<meta name=\"twitter:label1\" content=\"Cena\" \/>\n\t<meta name=\"twitter:data1\" content=\"&euro;&nbsp;19\" \/>\n\t<meta name=\"twitter:label2\" content=\"Dost\u0119pno\u015b\u0107\" \/>\n\t<meta name=\"twitter:data2\" content=\"Dost\u0119pny\" \/>\n<script type=\"application\/ld+json\" class=\"yoast-schema-graph\">{\"@context\":\"https:\/\/schema.org\",\"@graph\":[{\"@type\":[\"WebPage\",\"ItemPage\"],\"@id\":\"https:\/\/hurghadalovers.com\/pl\/tours\/dzialalnosc-sahl-hasheesh-2024-2025\/\",\"url\":\"https:\/\/hurghadalovers.com\/pl\/tours\/dzialalnosc-sahl-hasheesh-2024-2025\/\",\"name\":\"Dzia\u0142alno\u015b\u0107 Sahl Hasheesh 2024\/2025 - Hurghada Excursions &amp; Day Trips | Booking Best Prices Tours\",\"isPartOf\":{\"@id\":\"https:\/\/hurghadalovers.com\/pl\/#website\"},\"datePublished\":\"2024-11-26T21:06:10+00:00\",\"dateModified\":\"2024-11-26T21:07:28+00:00\",\"breadcrumb\":{\"@id\":\"https:\/\/hurghadalovers.com\/pl\/tours\/dzialalnosc-sahl-hasheesh-2024-2025\/#breadcrumb\"},\"inLanguage\":\"pl-PL\",\"potentialAction\":[{\"@type\":\"ReadAction\",\"target\":[\"https:\/\/hurghadalovers.com\/pl\/tours\/dzialalnosc-sahl-hasheesh-2024-2025\/\"]}]},{\"@type\":\"BreadcrumbList\",\"@id\":\"https:\/\/hurghadalovers.com\/pl\/tours\/dzialalnosc-sahl-hasheesh-2024-2025\/#breadcrumb\",\"itemListElement\":[{\"@type\":\"ListItem\",\"position\":1,\"name\":\"Home\",\"item\":\"https:\/\/hurghadalovers.com\/pl\/\"},{\"@type\":\"ListItem\",\"position\":2,\"name\":\"Shop\",\"item\":\"https:\/\/hurghadalovers.com\/shop\/\"},{\"@type\":\"ListItem\",\"position\":3,\"name\":\"Dzia\u0142alno\u015b\u0107 Sahl Hasheesh 2024\/2025\"}]},{\"@type\":\"WebSite\",\"@id\":\"https:\/\/hurghadalovers.com\/pl\/#website\",\"url\":\"https:\/\/hurghadalovers.com\/pl\/\",\"name\":\"Hurghada Excursions & Day Trips | Booking Best Prices Tours\",\"description\":\"Hurghada Lovers - Best Tour Operator - Excursions &amp; Things to do for Family Day Trips with kids and Couples Romantic. Unique .Hidden gems\",\"publisher\":{\"@id\":\"https:\/\/hurghadalovers.com\/pl\/#organization\"},\"alternateName\":\"Hurghada Excursions\",\"potentialAction\":[{\"@type\":\"SearchAction\",\"target\":{\"@type\":\"EntryPoint\",\"urlTemplate\":\"https:\/\/hurghadalovers.com\/pl\/?s={search_term_string}\"},\"query-input\":{\"@type\":\"PropertyValueSpecification\",\"valueRequired\":true,\"valueName\":\"search_term_string\"}}],\"inLanguage\":\"pl-PL\"},{\"@type\":[\"Organization\",\"Place\",\"TravelAgency\"],\"@id\":\"https:\/\/hurghadalovers.com\/pl\/#organization\",\"name\":\"Hurghada Excursions\",\"url\":\"https:\/\/hurghadalovers.com\/pl\/\",\"logo\":{\"@id\":\"https:\/\/hurghadalovers.com\/pl\/tours\/dzialalnosc-sahl-hasheesh-2024-2025\/#local-main-organization-logo\"},\"image\":{\"@id\":\"https:\/\/hurghadalovers.com\/pl\/tours\/dzialalnosc-sahl-hasheesh-2024-2025\/#local-main-organization-logo\"},\"sameAs\":[\"https:\/\/www.facebook.com\/Hurghadaloversegypt\"],\"address\":{\"@id\":\"https:\/\/hurghadalovers.com\/pl\/tours\/dzialalnosc-sahl-hasheesh-2024-2025\/#local-main-place-address\"},\"telephone\":[\"00201112596434\"],\"contactPoint\":{\"@type\":\"ContactPoint\",\"telephone\":\"00201112596434\",\"email\":\"weyouface@gmail.com\"},\"openingHoursSpecification\":{\"@type\":\"OpeningHoursSpecification\",\"dayOfWeek\":[\"Monday\",\"Tuesday\",\"Wednesday\",\"Thursday\",\"Friday\",\"Saturday\",\"Sunday\"],\"opens\":\"00:00\",\"closes\":\"23:59\"},\"email\":\"weyouface@gmail.com\",\"areaServed\":\"Luxor, Hurghada, El Gouna, Aswan, Sharm El Sheikh, Giza, Alexandria, Marsa Alam, Quseir, Soma Bay, Sahl Hasheesh, Red Sea, Makadi Bay, Cairo\",\"priceRange\":\"$\",\"currenciesAccepted\":\"euro\",\"paymentAccepted\":\"cash on site\"},{\"@type\":\"PostalAddress\",\"@id\":\"https:\/\/hurghadalovers.com\/pl\/tours\/dzialalnosc-sahl-hasheesh-2024-2025\/#local-main-place-address\",\"streetAddress\":\"17 Banks street, Alkawther area, top nbk bank\",\"addressLocality\":\"hurghada\",\"postalCode\":\"84511\",\"addressRegion\":\"red sea\",\"addressCountry\":\"EG\"},{\"@type\":\"ImageObject\",\"inLanguage\":\"pl-PL\",\"@id\":\"https:\/\/hurghadalovers.com\/pl\/tours\/dzialalnosc-sahl-hasheesh-2024-2025\/#local-main-organization-logo\",\"url\":\"https:\/\/hurghadalovers.com\/wp-content\/uploads\/2019\/10\/hurghada-excursions-logo.png\",\"contentUrl\":\"https:\/\/hurghadalovers.com\/wp-content\/uploads\/2019\/10\/hurghada-excursions-logo.png\",\"width\":272,\"height\":90,\"caption\":\"Hurghada Excursions\"}]}<\/script>\n<meta property=\"product:brand\" content=\"Wczasy Egipt\" \/>\n<meta property=\"product:price:amount\" content=\"19\" \/>\n<meta property=\"product:price:currency\" content=\"EUR\" \/>\n<meta property=\"og:availability\" content=\"instock\" \/>\n<meta property=\"product:availability\" content=\"instock\" \/>\n<meta property=\"product:retailer_item_id\" content=\"Sahl3888834232\" \/>\n<meta property=\"product:condition\" content=\"new\" \/>\n<meta name=\"geo.placename\" content=\"hurghada\" \/>\n<meta name=\"geo.region\" content=\"Egipt\" \/>\n<!-- \/ Yoast SEO Premium plugin. -->","yoast_head_json":{"title":"Dzia\u0142alno\u015b\u0107 Sahl Hasheesh 2024\/2025 - Hurghada Excursions &amp; Day Trips | Booking Best Prices Tours","robots":{"index":"index","follow":"follow","max-snippet":"max-snippet:-1","max-image-preview":"max-image-preview:large","max-video-preview":"max-video-preview:-1"},"canonical":"https:\/\/hurghadalovers.com\/pl\/tours\/dzialalnosc-sahl-hasheesh-2024-2025\/","og_locale":"pl_PL","og_type":"article","og_title":"Dzia\u0142alno\u015b\u0107 Sahl Hasheesh 2024\/2025","og_description":"Dzia\u0142alno\u015b\u0107 Sahl Hasheesh 2024\/2025","og_url":"https:\/\/hurghadalovers.com\/pl\/tours\/dzialalnosc-sahl-hasheesh-2024-2025\/","og_site_name":"Hurghada Excursions &amp; Day Trips | Booking Best Prices Tours","article_publisher":"https:\/\/www.facebook.com\/Hurghadaloversegypt","article_modified_time":"2024-11-26T21:07:28+00:00","og_image":[{"width":1156,"height":867,"url":"https:\/\/hurghadalovers.com\/wp-content\/uploads\/2025\/02\/Hurghada-Excursions-Day-Trips-Booking-Best-Prices-Tours.jpeg","type":"image\/jpeg"}],"twitter_card":"summary_large_image","twitter_misc":{"Cena":"&euro;&nbsp;19","Dost\u0119pno\u015b\u0107":"Dost\u0119pny"},"schema":{"@context":"https:\/\/schema.org","@graph":[{"@type":["WebPage","ItemPage"],"@id":"https:\/\/hurghadalovers.com\/pl\/tours\/dzialalnosc-sahl-hasheesh-2024-2025\/","url":"https:\/\/hurghadalovers.com\/pl\/tours\/dzialalnosc-sahl-hasheesh-2024-2025\/","name":"Dzia\u0142alno\u015b\u0107 Sahl Hasheesh 2024\/2025 - Hurghada Excursions &amp; Day Trips | Booking Best Prices Tours","isPartOf":{"@id":"https:\/\/hurghadalovers.com\/pl\/#website"},"datePublished":"2024-11-26T21:06:10+00:00","dateModified":"2024-11-26T21:07:28+00:00","breadcrumb":{"@id":"https:\/\/hurghadalovers.com\/pl\/tours\/dzialalnosc-sahl-hasheesh-2024-2025\/#breadcrumb"},"inLanguage":"pl-PL","potentialAction":[{"@type":"ReadAction","target":["https:\/\/hurghadalovers.com\/pl\/tours\/dzialalnosc-sahl-hasheesh-2024-2025\/"]}]},{"@type":"BreadcrumbList","@id":"https:\/\/hurghadalovers.com\/pl\/tours\/dzialalnosc-sahl-hasheesh-2024-2025\/#breadcrumb","itemListElement":[{"@type":"ListItem","position":1,"name":"Home","item":"https:\/\/hurghadalovers.com\/pl\/"},{"@type":"ListItem","position":2,"name":"Shop","item":"https:\/\/hurghadalovers.com\/shop\/"},{"@type":"ListItem","position":3,"name":"Dzia\u0142alno\u015b\u0107 Sahl Hasheesh 2024\/2025"}]},{"@type":"WebSite","@id":"https:\/\/hurghadalovers.com\/pl\/#website","url":"https:\/\/hurghadalovers.com\/pl\/","name":"Hurghada Excursions & Day Trips | Booking Best Prices Tours","description":"Hurghada Lovers - Best Tour Operator - Excursions &amp; Things to do for Family Day Trips with kids and Couples Romantic. Unique .Hidden gems","publisher":{"@id":"https:\/\/hurghadalovers.com\/pl\/#organization"},"alternateName":"Hurghada Excursions","potentialAction":[{"@type":"SearchAction","target":{"@type":"EntryPoint","urlTemplate":"https:\/\/hurghadalovers.com\/pl\/?s={search_term_string}"},"query-input":{"@type":"PropertyValueSpecification","valueRequired":true,"valueName":"search_term_string"}}],"inLanguage":"pl-PL"},{"@type":["Organization","Place","TravelAgency"],"@id":"https:\/\/hurghadalovers.com\/pl\/#organization","name":"Hurghada Excursions","url":"https:\/\/hurghadalovers.com\/pl\/","logo":{"@id":"https:\/\/hurghadalovers.com\/pl\/tours\/dzialalnosc-sahl-hasheesh-2024-2025\/#local-main-organization-logo"},"image":{"@id":"https:\/\/hurghadalovers.com\/pl\/tours\/dzialalnosc-sahl-hasheesh-2024-2025\/#local-main-organization-logo"},"sameAs":["https:\/\/www.facebook.com\/Hurghadaloversegypt"],"address":{"@id":"https:\/\/hurghadalovers.com\/pl\/tours\/dzialalnosc-sahl-hasheesh-2024-2025\/#local-main-place-address"},"telephone":["00201112596434"],"contactPoint":{"@type":"ContactPoint","telephone":"00201112596434","email":"weyouface@gmail.com"},"openingHoursSpecification":{"@type":"OpeningHoursSpecification","dayOfWeek":["Monday","Tuesday","Wednesday","Thursday","Friday","Saturday","Sunday"],"opens":"00:00","closes":"23:59"},"email":"weyouface@gmail.com","areaServed":"Luxor, Hurghada, El Gouna, Aswan, Sharm El Sheikh, Giza, Alexandria, Marsa Alam, Quseir, Soma Bay, Sahl Hasheesh, Red Sea, Makadi Bay, Cairo","priceRange":"$","currenciesAccepted":"euro","paymentAccepted":"cash on site"},{"@type":"PostalAddress","@id":"https:\/\/hurghadalovers.com\/pl\/tours\/dzialalnosc-sahl-hasheesh-2024-2025\/#local-main-place-address","streetAddress":"17 Banks street, Alkawther area, top nbk bank","addressLocality":"hurghada","postalCode":"84511","addressRegion":"red sea","addressCountry":"EG"},{"@type":"ImageObject","inLanguage":"pl-PL","@id":"https:\/\/hurghadalovers.com\/pl\/tours\/dzialalnosc-sahl-hasheesh-2024-2025\/#local-main-organization-logo","url":"https:\/\/hurghadalovers.com\/wp-content\/uploads\/2019\/10\/hurghada-excursions-logo.png","contentUrl":"https:\/\/hurghadalovers.com\/wp-content\/uploads\/2019\/10\/hurghada-excursions-logo.png","width":272,"height":90,"caption":"Hurghada Excursions"}]},"product_brand":"Wczasy Egipt","product_price_amount":"19","product_price_currency":"EUR","og_availability":"instock","product_availability":"instock","product_retailer_item_id":"Sahl3888834232","product_condition":"new","geo.placename":"hurghada","geo.region":"Egipt"},"_links":{"self":[{"href":"https:\/\/hurghadalovers.com\/pl\/wp-json\/wp\/v2\/product\/482813","targetHints":{"allow":["GET"]}}],"collection":[{"href":"https:\/\/hurghadalovers.com\/pl\/wp-json\/wp\/v2\/product"}],"about":[{"href":"https:\/\/hurghadalovers.com\/pl\/wp-json\/wp\/v2\/types\/product"}],"wp:attachment":[{"href":"https:\/\/hurghadalovers.com\/pl\/wp-json\/wp\/v2\/media?parent=482813"}],"wp:term":[{"taxonomy":"product_brand","embeddable":true,"href":"https:\/\/hurghadalovers.com\/pl\/wp-json\/wp\/v2\/product_brand?post=482813"},{"taxonomy":"product_cat","embeddable":true,"href":"https:\/\/hurghadalovers.com\/pl\/wp-json\/wp\/v2\/product_cat?post=482813"},{"taxonomy":"product_tag","embeddable":true,"href":"https:\/\/hurghadalovers.com\/pl\/wp-json\/wp\/v2\/product_tag?post=482813"}],"curies":[{"name":"wp","href":"https:\/\/api.w.org\/{rel}","templated":true}]}}